{"id":1119,"date":"2014-11-25T16:06:06","date_gmt":"2014-11-25T15:06:06","guid":{"rendered":"https:\/\/atlantide-sauna.com\/sauna-hammam\/atlantis\/"},"modified":"2025-05-23T09:50:03","modified_gmt":"2025-05-23T07:50:03","slug":"atlantis","status":"publish","type":"page","link":"https:\/\/atlantide-sauna.com\/de\/sauna-hammam\/atlantis\/","title":{"rendered":"Atlantide Sauna Paris"},"content":{"rendered":"<p class=\"chapo\">Die Atlantide Sauna ist ein gemischtes Dampfbad und eine gemischte Sauna in Paris, eine Hochburg der Libertinage, in einem Geist der Toleranz und des Respekts f\u00fcr alle Sexualit\u00e4ten.<\/p>\n<p>Die Atlantide Sauna hat alles getan, um Ihre sexuellen Fantasien zu verwirklichen und um Begegnungen zwischen Libertins zu f\u00f6rdern, egal ob es sich um homosexuelle Begegnungen oder um Begegnungen zwischen heterosexuellen Paaren handelt. An der Bar oder in unseren TV-Lounges oder sogar im Dampfbad k\u00f6nnen Sie Kontakte mit den Menschen kn\u00fcpfen, die Sie interessieren. <!--more--><\/p>\n<h2>Atlantide Sauna: ein Ort f\u00fcr freiz\u00fcgige Begegnungen mit allen Trends<\/h2>\n<p>Die Atlantide Sauna in Paris hat ein neues Tool entwickelt, um Ihre Begegnungen zu f\u00f6rdern. Mehr als 6.000 Mitglieder, unter denen Sie sicherlich etwas finden werden, um Ihre Fantasien zu teilen. Au\u00dferdem haben Sie die M\u00f6glichkeit, diese in unserer Einrichtung in Paris in der N\u00e4he des Gare de Lyon, 13 rue Parrot im 12. Arrondissement, in einem idealen Ambiente f\u00fcr Ihre Swingertreffen auszuleben. Hier finden Sie eine elegante und warme Atmosph\u00e4re, die zu intimen Gespr\u00e4chen einl\u00e4dt. F\u00fcr Ihre Ann\u00e4herung und Ihr Liebesspiel k\u00f6nnen Sie zwischen dem entspannenden Dampfbad, der Sauna oder den gemeinsamen Videor\u00e4umen w\u00e4hlen. Loggen Sie sich in unseren Mitgliederbereich <a href=\"https:\/\/club.atlantide-sauna.com\/\" target=\"_blank\" rel=\"noopener\">CLUB Atlantide Sauna<\/a> ein.     <\/p>\n<p id=\"nl\">Weitere Suchen: Sauna hammam mixed paris, Club backroom glory holes sling croix de st andre paris<\/p>\n","protected":false},"excerpt":{"rendered":"<p>Die Atlantide Sauna ist ein gemischtes Dampfbad und eine gemischte Sauna in Paris, eine Hochburg der Libertinage, in einem Geist der Toleranz und des Respekts f\u00fcr alle Sexualit\u00e4ten. Die Atlantide Sauna hat alles getan, um Ihre sexuellen Fantasien zu verwirklichen und um Begegnungen zwischen Libertins zu f\u00f6rdern, egal ob es sich um homosexuelle Begegnungen oder [&hellip;]<\/p>\n","protected":false},"author":4,"featured_media":460,"parent":1100,"menu_order":48,"comment_status":"closed","ping_status":"closed","template":"","meta":{"footnotes":""},"class_list":["post-1119","page","type-page","status-publish","has-post-thumbnail","hentry"],"yoast_head":"<!-- This site is optimized with the Yoast SEO Premium plugin v27.5 (Yoast SEO v27.5) - https:\/\/yoast.com\/product\/yoast-seo-premium-wordpress\/ -->\n<title>Atlantide Sauna Paris - Atlantide Sauna<\/title>\n<meta name=\"description\" content=\"Dampfbad und gemischte Sauna in Paris, eine Hochburg der Libertinage, in einem Geist der Toleranz und des Respekts f\u00fcr alle Sexualit\u00e4ten.\" \/>\n<meta name=\"robots\" content=\"index, follow, max-snippet:-1, max-image-preview:large, max-video-preview:-1\" \/>\n<link rel=\"canonical\" href=\"https:\/\/atlantide-sauna.com\/de\/sauna-hammam\/atlantis\/\" \/>\n<meta property=\"og:locale\" content=\"de_DE\" \/>\n<meta property=\"og:type\" content=\"article\" \/>\n<meta property=\"og:title\" content=\"Atlantide Sauna Paris\" \/>\n<meta property=\"og:description\" content=\"Dampfbad und gemischte Sauna in Paris, eine Hochburg der Libertinage, in einem Geist der Toleranz und des Respekts f\u00fcr alle Sexualit\u00e4ten.\" \/>\n<meta property=\"og:url\" content=\"https:\/\/atlantide-sauna.com\/de\/sauna-hammam\/atlantis\/\" \/>\n<meta property=\"og:site_name\" content=\"Atlantide Sauna\" \/>\n<meta property=\"article:publisher\" content=\"https:\/\/www.facebook.com\/profile.php?id=100082829877238\" \/>\n<meta property=\"article:modified_time\" content=\"2025-05-23T07:50:03+00:00\" \/>\n<meta property=\"og:image\" content=\"https:\/\/atlantide-sauna.com\/wp-content\/uploads\/2025\/05\/ASH_IMG2023_03-e1748970792165.jpg\" \/>\n\t<meta property=\"og:image:width\" content=\"1440\" \/>\n\t<meta property=\"og:image:height\" content=\"810\" \/>\n\t<meta property=\"og:image:type\" content=\"image\/jpeg\" \/>\n<meta name=\"twitter:card\" content=\"summary_large_image\" \/>\n<meta name=\"twitter:site\" content=\"@atlantidesauna\" \/>\n<meta name=\"twitter:label1\" content=\"Gesch\u00e4tzte Lesezeit\" \/>\n\t<meta name=\"twitter:data1\" content=\"1\u00a0Minute\" \/>\n<script type=\"application\/ld+json\" class=\"yoast-schema-graph\">{\"@context\":\"https:\\\/\\\/schema.org\",\"@graph\":[{\"@type\":\"WebPage\",\"@id\":\"https:\\\/\\\/atlantide-sauna.com\\\/de\\\/sauna-hammam\\\/atlantis\\\/\",\"url\":\"https:\\\/\\\/atlantide-sauna.com\\\/de\\\/sauna-hammam\\\/atlantis\\\/\",\"name\":\"Atlantide Sauna Paris - Atlantide Sauna\",\"isPartOf\":{\"@id\":\"https:\\\/\\\/atlantide-sauna.com\\\/de\\\/#website\"},\"primaryImageOfPage\":{\"@id\":\"https:\\\/\\\/atlantide-sauna.com\\\/de\\\/sauna-hammam\\\/atlantis\\\/#primaryimage\"},\"image\":{\"@id\":\"https:\\\/\\\/atlantide-sauna.com\\\/de\\\/sauna-hammam\\\/atlantis\\\/#primaryimage\"},\"thumbnailUrl\":\"https:\\\/\\\/i0.wp.com\\\/atlantide-sauna.com\\\/wp-content\\\/uploads\\\/2025\\\/05\\\/ASH_IMG2023_03-e1748970792165.jpg?fit=1440%2C810&ssl=1\",\"datePublished\":\"2014-11-25T15:06:06+00:00\",\"dateModified\":\"2025-05-23T07:50:03+00:00\",\"description\":\"Dampfbad und gemischte Sauna in Paris, eine Hochburg der Libertinage, in einem Geist der Toleranz und des Respekts f\u00fcr alle Sexualit\u00e4ten.\",\"breadcrumb\":{\"@id\":\"https:\\\/\\\/atlantide-sauna.com\\\/de\\\/sauna-hammam\\\/atlantis\\\/#breadcrumb\"},\"inLanguage\":\"de\",\"potentialAction\":[{\"@type\":\"ReadAction\",\"target\":[\"https:\\\/\\\/atlantide-sauna.com\\\/de\\\/sauna-hammam\\\/atlantis\\\/\"]}]},{\"@type\":\"ImageObject\",\"inLanguage\":\"de\",\"@id\":\"https:\\\/\\\/atlantide-sauna.com\\\/de\\\/sauna-hammam\\\/atlantis\\\/#primaryimage\",\"url\":\"https:\\\/\\\/i0.wp.com\\\/atlantide-sauna.com\\\/wp-content\\\/uploads\\\/2025\\\/05\\\/ASH_IMG2023_03-e1748970792165.jpg?fit=1440%2C810&ssl=1\",\"contentUrl\":\"https:\\\/\\\/i0.wp.com\\\/atlantide-sauna.com\\\/wp-content\\\/uploads\\\/2025\\\/05\\\/ASH_IMG2023_03-e1748970792165.jpg?fit=1440%2C810&ssl=1\",\"width\":1440,\"height\":810,\"caption\":\"Atlantide Sauna Paris\"},{\"@type\":\"BreadcrumbList\",\"@id\":\"https:\\\/\\\/atlantide-sauna.com\\\/de\\\/sauna-hammam\\\/atlantis\\\/#breadcrumb\",\"itemListElement\":[{\"@type\":\"ListItem\",\"position\":1,\"name\":\"Accueil\",\"item\":\"https:\\\/\\\/atlantide-sauna.com\\\/de\\\/startseite\\\/\"},{\"@type\":\"ListItem\",\"position\":2,\"name\":\"Sauna Hammam\",\"item\":\"https:\\\/\\\/atlantide-sauna.com\\\/de\\\/sauna-hammam\\\/\"},{\"@type\":\"ListItem\",\"position\":3,\"name\":\"Atlantide Sauna Paris\"}]},{\"@type\":\"WebSite\",\"@id\":\"https:\\\/\\\/atlantide-sauna.com\\\/de\\\/#website\",\"url\":\"https:\\\/\\\/atlantide-sauna.com\\\/de\\\/\",\"name\":\"Atlantide Sauna\",\"description\":\"Sauna Toutes Tendances Gay Bi Tr**\",\"publisher\":{\"@id\":\"https:\\\/\\\/atlantide-sauna.com\\\/de\\\/#organization\"},\"alternateName\":\"Club libertin Atlantide Sauna Paris\",\"potentialAction\":[{\"@type\":\"SearchAction\",\"target\":{\"@type\":\"EntryPoint\",\"urlTemplate\":\"https:\\\/\\\/atlantide-sauna.com\\\/de\\\/?s={search_term_string}\"},\"query-input\":{\"@type\":\"PropertyValueSpecification\",\"valueRequired\":true,\"valueName\":\"search_term_string\"}}],\"inLanguage\":\"de\"},{\"@type\":\"Organization\",\"@id\":\"https:\\\/\\\/atlantide-sauna.com\\\/de\\\/#organization\",\"name\":\"ATLANTIDE SAUNA HAMMAM\",\"alternateName\":\"ATLANTIDE SAUNA HAMMAM\",\"url\":\"https:\\\/\\\/atlantide-sauna.com\\\/de\\\/\",\"logo\":{\"@type\":\"ImageObject\",\"inLanguage\":\"de\",\"@id\":\"https:\\\/\\\/atlantide-sauna.com\\\/de\\\/#\\\/schema\\\/logo\\\/image\\\/\",\"url\":\"https:\\\/\\\/atlantide-sauna.com\\\/wp-content\\\/uploads\\\/2025\\\/05\\\/ash_logo_2025_01.svg\",\"contentUrl\":\"https:\\\/\\\/atlantide-sauna.com\\\/wp-content\\\/uploads\\\/2025\\\/05\\\/ash_logo_2025_01.svg\",\"width\":1,\"height\":1,\"caption\":\"ATLANTIDE SAUNA HAMMAM\"},\"image\":{\"@id\":\"https:\\\/\\\/atlantide-sauna.com\\\/de\\\/#\\\/schema\\\/logo\\\/image\\\/\"},\"sameAs\":[\"https:\\\/\\\/www.facebook.com\\\/profile.php?id=100082829877238\",\"https:\\\/\\\/x.com\\\/atlantidesauna\"],\"description\":\"Sauna hammam toutes tendances. Un espace de libert\u00e9, de mixit\u00e9 et de tol\u00e9rance. Chez Atlantide Sauna vous trouverez les conditions id\u00e9ales pour vos rencontres libertines.\",\"email\":\"infos@atlantide-sauna.com\",\"telephone\":\"0143422243\",\"legalName\":\"ATLANTIDE SAUNA HAMMAM\",\"foundingDate\":\"1999-08-09\",\"vatID\":\"FR39423920370\",\"taxID\":\"42392037000016\",\"numberOfEmployees\":{\"@type\":\"QuantitativeValue\",\"minValue\":\"1\",\"maxValue\":\"10\"}}]}<\/script>\n<!-- \/ Yoast SEO Premium plugin. -->","yoast_head_json":{"title":"Atlantide Sauna Paris - Atlantide Sauna","description":"Dampfbad und gemischte Sauna in Paris, eine Hochburg der Libertinage, in einem Geist der Toleranz und des Respekts f\u00fcr alle Sexualit\u00e4ten.","robots":{"index":"index","follow":"follow","max-snippet":"max-snippet:-1","max-image-preview":"max-image-preview:large","max-video-preview":"max-video-preview:-1"},"canonical":"https:\/\/atlantide-sauna.com\/de\/sauna-hammam\/atlantis\/","og_locale":"de_DE","og_type":"article","og_title":"Atlantide Sauna Paris","og_description":"Dampfbad und gemischte Sauna in Paris, eine Hochburg der Libertinage, in einem Geist der Toleranz und des Respekts f\u00fcr alle Sexualit\u00e4ten.","og_url":"https:\/\/atlantide-sauna.com\/de\/sauna-hammam\/atlantis\/","og_site_name":"Atlantide Sauna","article_publisher":"https:\/\/www.facebook.com\/profile.php?id=100082829877238","article_modified_time":"2025-05-23T07:50:03+00:00","og_image":[{"width":1440,"height":810,"url":"https:\/\/atlantide-sauna.com\/wp-content\/uploads\/2025\/05\/ASH_IMG2023_03-e1748970792165.jpg","type":"image\/jpeg"}],"twitter_card":"summary_large_image","twitter_site":"@atlantidesauna","twitter_misc":{"Gesch\u00e4tzte Lesezeit":"1\u00a0Minute"},"schema":{"@context":"https:\/\/schema.org","@graph":[{"@type":"WebPage","@id":"https:\/\/atlantide-sauna.com\/de\/sauna-hammam\/atlantis\/","url":"https:\/\/atlantide-sauna.com\/de\/sauna-hammam\/atlantis\/","name":"Atlantide Sauna Paris - Atlantide Sauna","isPartOf":{"@id":"https:\/\/atlantide-sauna.com\/de\/#website"},"primaryImageOfPage":{"@id":"https:\/\/atlantide-sauna.com\/de\/sauna-hammam\/atlantis\/#primaryimage"},"image":{"@id":"https:\/\/atlantide-sauna.com\/de\/sauna-hammam\/atlantis\/#primaryimage"},"thumbnailUrl":"https:\/\/i0.wp.com\/atlantide-sauna.com\/wp-content\/uploads\/2025\/05\/ASH_IMG2023_03-e1748970792165.jpg?fit=1440%2C810&ssl=1","datePublished":"2014-11-25T15:06:06+00:00","dateModified":"2025-05-23T07:50:03+00:00","description":"Dampfbad und gemischte Sauna in Paris, eine Hochburg der Libertinage, in einem Geist der Toleranz und des Respekts f\u00fcr alle Sexualit\u00e4ten.","breadcrumb":{"@id":"https:\/\/atlantide-sauna.com\/de\/sauna-hammam\/atlantis\/#breadcrumb"},"inLanguage":"de","potentialAction":[{"@type":"ReadAction","target":["https:\/\/atlantide-sauna.com\/de\/sauna-hammam\/atlantis\/"]}]},{"@type":"ImageObject","inLanguage":"de","@id":"https:\/\/atlantide-sauna.com\/de\/sauna-hammam\/atlantis\/#primaryimage","url":"https:\/\/i0.wp.com\/atlantide-sauna.com\/wp-content\/uploads\/2025\/05\/ASH_IMG2023_03-e1748970792165.jpg?fit=1440%2C810&ssl=1","contentUrl":"https:\/\/i0.wp.com\/atlantide-sauna.com\/wp-content\/uploads\/2025\/05\/ASH_IMG2023_03-e1748970792165.jpg?fit=1440%2C810&ssl=1","width":1440,"height":810,"caption":"Atlantide Sauna Paris"},{"@type":"BreadcrumbList","@id":"https:\/\/atlantide-sauna.com\/de\/sauna-hammam\/atlantis\/#breadcrumb","itemListElement":[{"@type":"ListItem","position":1,"name":"Accueil","item":"https:\/\/atlantide-sauna.com\/de\/startseite\/"},{"@type":"ListItem","position":2,"name":"Sauna Hammam","item":"https:\/\/atlantide-sauna.com\/de\/sauna-hammam\/"},{"@type":"ListItem","position":3,"name":"Atlantide Sauna Paris"}]},{"@type":"WebSite","@id":"https:\/\/atlantide-sauna.com\/de\/#website","url":"https:\/\/atlantide-sauna.com\/de\/","name":"Atlantide Sauna","description":"Sauna Toutes Tendances Gay Bi Tr**","publisher":{"@id":"https:\/\/atlantide-sauna.com\/de\/#organization"},"alternateName":"Club libertin Atlantide Sauna Paris","potentialAction":[{"@type":"SearchAction","target":{"@type":"EntryPoint","urlTemplate":"https:\/\/atlantide-sauna.com\/de\/?s={search_term_string}"},"query-input":{"@type":"PropertyValueSpecification","valueRequired":true,"valueName":"search_term_string"}}],"inLanguage":"de"},{"@type":"Organization","@id":"https:\/\/atlantide-sauna.com\/de\/#organization","name":"ATLANTIDE SAUNA HAMMAM","alternateName":"ATLANTIDE SAUNA HAMMAM","url":"https:\/\/atlantide-sauna.com\/de\/","logo":{"@type":"ImageObject","inLanguage":"de","@id":"https:\/\/atlantide-sauna.com\/de\/#\/schema\/logo\/image\/","url":"https:\/\/atlantide-sauna.com\/wp-content\/uploads\/2025\/05\/ash_logo_2025_01.svg","contentUrl":"https:\/\/atlantide-sauna.com\/wp-content\/uploads\/2025\/05\/ash_logo_2025_01.svg","width":1,"height":1,"caption":"ATLANTIDE SAUNA HAMMAM"},"image":{"@id":"https:\/\/atlantide-sauna.com\/de\/#\/schema\/logo\/image\/"},"sameAs":["https:\/\/www.facebook.com\/profile.php?id=100082829877238","https:\/\/x.com\/atlantidesauna"],"description":"Sauna hammam toutes tendances. Un espace de libert\u00e9, de mixit\u00e9 et de tol\u00e9rance. Chez Atlantide Sauna vous trouverez les conditions id\u00e9ales pour vos rencontres libertines.","email":"infos@atlantide-sauna.com","telephone":"0143422243","legalName":"ATLANTIDE SAUNA HAMMAM","foundingDate":"1999-08-09","vatID":"FR39423920370","taxID":"42392037000016","numberOfEmployees":{"@type":"QuantitativeValue","minValue":"1","maxValue":"10"}}]}},"jetpack_sharing_enabled":true,"_links":{"self":[{"href":"https:\/\/atlantide-sauna.com\/de\/wp-json\/wp\/v2\/pages\/1119","targetHints":{"allow":["GET"]}}],"collection":[{"href":"https:\/\/atlantide-sauna.com\/de\/wp-json\/wp\/v2\/pages"}],"about":[{"href":"https:\/\/atlantide-sauna.com\/de\/wp-json\/wp\/v2\/types\/page"}],"author":[{"embeddable":true,"href":"https:\/\/atlantide-sauna.com\/de\/wp-json\/wp\/v2\/users\/4"}],"replies":[{"embeddable":true,"href":"https:\/\/atlantide-sauna.com\/de\/wp-json\/wp\/v2\/comments?post=1119"}],"version-history":[{"count":1,"href":"https:\/\/atlantide-sauna.com\/de\/wp-json\/wp\/v2\/pages\/1119\/revisions"}],"predecessor-version":[{"id":1138,"href":"https:\/\/atlantide-sauna.com\/de\/wp-json\/wp\/v2\/pages\/1119\/revisions\/1138"}],"up":[{"embeddable":true,"href":"https:\/\/atlantide-sauna.com\/de\/wp-json\/wp\/v2\/pages\/1100"}],"wp:featuredmedia":[{"embeddable":true,"href":"https:\/\/atlantide-sauna.com\/de\/wp-json\/wp\/v2\/media\/460"}],"wp:attachment":[{"href":"https:\/\/atlantide-sauna.com\/de\/wp-json\/wp\/v2\/media?parent=1119"}],"curies":[{"name":"wp","href":"https:\/\/api.w.org\/{rel}","templated":true}]}}