{"id":4783,"date":"2025-05-22T19:19:41","date_gmt":"2025-05-22T17:19:41","guid":{"rendered":"https:\/\/atlantide-sauna.com\/sauna-hammam\/club-backroom-glory-holes-sling-croix-de-st-andre-paris\/"},"modified":"2025-05-22T19:19:41","modified_gmt":"2025-05-22T17:19:41","slug":"club-backroom-glory-holes-sling-croix-de-st-andre-paris","status":"publish","type":"page","link":"https:\/\/atlantide-sauna.com\/de\/sauna-hammam\/club-backroom-glory-holes-sling-croix-de-st-andre-paris\/","title":{"rendered":"Club Backroom Glory Holes Sling Croix de st Andr\u00e9 Paris"},"content":{"rendered":"<h2>Club Libertin Backroom Glory Holes Sling Croix de St Andr\u00e9 in Paris 12<\/h2>\n<p class=\"chapo\">Die Atlantide Sauna zeichnet sich durch Toleranz und die Vielfalt der sexuellen Orientierungen aus. Hier k\u00f6nnen Sie in der N\u00e4he des Bahnhofs Gare de Lyon in aller Ruhe und in einem Klima des Savoir Vivre Ihr Sexleben organisieren und dabei Menschen kennen lernen, die Sie interessieren.<\/p>\n<h3 id=\"cta\">Club backroom glory holes sling croix de st andre paris &#8211; Kommen Sie vorbei!<\/h3>\n<p>Die Atlantide Sauna ist in erster Linie eine pansexuelle Sauna der Toleranz. Alle sexuellen Empfindlichkeiten finden sich in der warmen Atmosph\u00e4re unserer Entspannungsr\u00e4ume wieder. Wir sind eine libert\u00e4re Sauna, in der die Mischung, der Respekt und die Geselligkeit zwischen neugierigen Heteros, Bisexuellen, Schwulen, Shemales, Transen, Transvestiten und Transannies herrscht.  <\/p>\n<h3>Die Atlantide Sauna: eine komplette Ausstattung f\u00fcr alle Sexualit\u00e4ten.<\/h3>\n<p>Willkommen in der Atlantide Sauna, dem ersten gemischten Dampfbad in Paris, im Herzen des 12. Arrondissements, in der Rue Parrot! Wenn Sie einen Ort suchen, an dem Sie sich entspannen und gleichzeitig originelle Begegnungen in einer respektvollen Atmosph\u00e4re f\u00f6rdern k\u00f6nnen, dann ist dies der richtige Ort f\u00fcr Sie. <\/p>\n<p>Sobald Sie die T\u00fcren des Atlantis durchschreiten, werden Sie von einer warmen und einladenden Atmosph\u00e4re umgeben sein. Stellen Sie sich vor, Sie genie\u00dfen eine erstklassige Sauna, die Komfort mit modernem Design verbindet. In unseren Video-Gemeinschaftsr\u00e4umen k\u00f6nnen Sie sich entspannen und andere Besucher in einer freundlichen Atmosph\u00e4re kennenlernen.  <\/p>\n<p>Das geflieste und zart duftende Dampfbad ist zweifellos eines der Highlights unseres Hauses. Zwischen den warmen D\u00e4mpfen und den bet\u00f6renden D\u00fcften k\u00f6nnen Sie Ihre Sorgen vergessen und einen Moment des puren Wohlbefindens genie\u00dfen. Ob Sie sich hier entspannen oder gesellig sein wollen, jeder Winkel unserer Sauna wurde so gestaltet, dass er Ihren W\u00fcnschen entspricht.  <\/p>\n<p>Wir m\u00f6chten Sie jedoch daran erinnern, dass bei uns gute Manieren und H\u00f6flichkeit an erster Stelle stehen. Wir haben eine Reihe von Verhaltensregeln aufgestellt und unser Team ist da, um sicherzustellen, dass jeder in einer respektvollen und sicheren Umgebung lebt. Die Atmosph\u00e4re ist entspannt, aber es ist wichtig, dass alle Besucher diese Verpflichtung teilen, damit Ihre Erfahrung unvergesslich wird.  <\/p>\n<p>Sind Sie bereit, in die Welt der Atlantide Sauna einzutauchen? Z\u00f6gern Sie nicht l\u00e4nger und entdecken Sie eine neue Art der Entspannung und lernen Sie Gleichgesinnte kennen. Bis bald in unserem kleinen Paradies in Paris!  <\/p>\n<h3 id=\"nl\">Weitere Suchanfragen: <a href=\"https:\/\/atlantide-sauna.com\/de\/sauna-hammam\/freche-begegnungen-paris-12\/\">Dating coquines<\/a>, <a href=\"https:\/\/atlantide-sauna.com\/decouvrez-notre-sauna-hammam-a-paris\/rencontre-echangiste-et-candauliste-paris-12\/\">Dating echangiste et candauliste Paris 12<\/a>, <a href=\"https:\/\/atlantide-sauna.com\/decouvrez-notre-sauna-hammam-a-paris\/hammam-et-sauna-mixte-paris\/\">Hammam et sauna mixte paris<\/a>.<\/h3>\n","protected":false},"excerpt":{"rendered":"<p>Club Libertin Backroom Glory Holes Sling Croix de St Andr\u00e9 in Paris 12 Die Atlantide Sauna zeichnet sich durch Toleranz und die Vielfalt der sexuellen Orientierungen aus. Hier k\u00f6nnen Sie in der N\u00e4he des Bahnhofs Gare de Lyon in aller Ruhe und in einem Klima des Savoir Vivre Ihr Sexleben organisieren und dabei Menschen kennen [&hellip;]<\/p>\n","protected":false},"author":4,"featured_media":4359,"parent":1100,"menu_order":6,"comment_status":"closed","ping_status":"closed","template":"","meta":{"footnotes":""},"class_list":["post-4783","page","type-page","status-publish","has-post-thumbnail","hentry"],"yoast_head":"<!-- This site is optimized with the Yoast SEO Premium plugin v27.5 (Yoast SEO v27.5) - https:\/\/yoast.com\/product\/yoast-seo-premium-wordpress\/ -->\n<title>Club Backroom Glory Holes Sling Croix de st Andr\u00e9 Paris - Atlantide Sauna<\/title>\n<meta name=\"description\" content=\"Alle sexuellen Empfindlichkeiten in einer herzlichen Atmosph\u00e4re. Eine libert\u00e4re Sauna, in der die Mischung, der Respekt und die Geselligkeit herrschen.\" \/>\n<meta name=\"robots\" content=\"index, follow, max-snippet:-1, max-image-preview:large, max-video-preview:-1\" \/>\n<link rel=\"canonical\" href=\"https:\/\/atlantide-sauna.com\/de\/sauna-hammam\/club-backroom-glory-holes-sling-croix-de-st-andre-paris\/\" \/>\n<meta property=\"og:locale\" content=\"de_DE\" \/>\n<meta property=\"og:type\" content=\"article\" \/>\n<meta property=\"og:title\" content=\"Club Backroom Glory Holes Sling Croix de st Andr\u00e9 Paris\" \/>\n<meta property=\"og:description\" content=\"Alle sexuellen Empfindlichkeiten in einer herzlichen Atmosph\u00e4re. Eine libert\u00e4re Sauna, in der die Mischung, der Respekt und die Geselligkeit herrschen.\" \/>\n<meta property=\"og:url\" content=\"https:\/\/atlantide-sauna.com\/de\/sauna-hammam\/club-backroom-glory-holes-sling-croix-de-st-andre-paris\/\" \/>\n<meta property=\"og:site_name\" content=\"Atlantide Sauna\" \/>\n<meta property=\"article:publisher\" content=\"https:\/\/www.facebook.com\/profile.php?id=100082829877238\" \/>\n<meta property=\"og:image\" content=\"https:\/\/atlantide-sauna.com\/wp-content\/uploads\/2025\/06\/ASH_IMG2025_014-1.jpg\" \/>\n\t<meta property=\"og:image:width\" content=\"1440\" \/>\n\t<meta property=\"og:image:height\" content=\"810\" \/>\n\t<meta property=\"og:image:type\" content=\"image\/jpeg\" \/>\n<meta name=\"twitter:card\" content=\"summary_large_image\" \/>\n<meta name=\"twitter:site\" content=\"@atlantidesauna\" \/>\n<meta name=\"twitter:label1\" content=\"Gesch\u00e4tzte Lesezeit\" \/>\n\t<meta name=\"twitter:data1\" content=\"2\u00a0Minuten\" \/>\n<script type=\"application\/ld+json\" class=\"yoast-schema-graph\">{\"@context\":\"https:\\\/\\\/schema.org\",\"@graph\":[{\"@type\":\"WebPage\",\"@id\":\"https:\\\/\\\/atlantide-sauna.com\\\/de\\\/sauna-hammam\\\/club-backroom-glory-holes-sling-croix-de-st-andre-paris\\\/\",\"url\":\"https:\\\/\\\/atlantide-sauna.com\\\/de\\\/sauna-hammam\\\/club-backroom-glory-holes-sling-croix-de-st-andre-paris\\\/\",\"name\":\"Club Backroom Glory Holes Sling Croix de st Andr\u00e9 Paris - Atlantide Sauna\",\"isPartOf\":{\"@id\":\"https:\\\/\\\/atlantide-sauna.com\\\/de\\\/#website\"},\"primaryImageOfPage\":{\"@id\":\"https:\\\/\\\/atlantide-sauna.com\\\/de\\\/sauna-hammam\\\/club-backroom-glory-holes-sling-croix-de-st-andre-paris\\\/#primaryimage\"},\"image\":{\"@id\":\"https:\\\/\\\/atlantide-sauna.com\\\/de\\\/sauna-hammam\\\/club-backroom-glory-holes-sling-croix-de-st-andre-paris\\\/#primaryimage\"},\"thumbnailUrl\":\"https:\\\/\\\/i0.wp.com\\\/atlantide-sauna.com\\\/wp-content\\\/uploads\\\/2025\\\/06\\\/ASH_IMG2025_014-1.jpg?fit=1440%2C810&ssl=1\",\"datePublished\":\"2025-05-22T17:19:41+00:00\",\"description\":\"Alle sexuellen Empfindlichkeiten in einer herzlichen Atmosph\u00e4re. Eine libert\u00e4re Sauna, in der die Mischung, der Respekt und die Geselligkeit herrschen.\",\"breadcrumb\":{\"@id\":\"https:\\\/\\\/atlantide-sauna.com\\\/de\\\/sauna-hammam\\\/club-backroom-glory-holes-sling-croix-de-st-andre-paris\\\/#breadcrumb\"},\"inLanguage\":\"de\",\"potentialAction\":[{\"@type\":\"ReadAction\",\"target\":[\"https:\\\/\\\/atlantide-sauna.com\\\/de\\\/sauna-hammam\\\/club-backroom-glory-holes-sling-croix-de-st-andre-paris\\\/\"]}]},{\"@type\":\"ImageObject\",\"inLanguage\":\"de\",\"@id\":\"https:\\\/\\\/atlantide-sauna.com\\\/de\\\/sauna-hammam\\\/club-backroom-glory-holes-sling-croix-de-st-andre-paris\\\/#primaryimage\",\"url\":\"https:\\\/\\\/i0.wp.com\\\/atlantide-sauna.com\\\/wp-content\\\/uploads\\\/2025\\\/06\\\/ASH_IMG2025_014-1.jpg?fit=1440%2C810&ssl=1\",\"contentUrl\":\"https:\\\/\\\/i0.wp.com\\\/atlantide-sauna.com\\\/wp-content\\\/uploads\\\/2025\\\/06\\\/ASH_IMG2025_014-1.jpg?fit=1440%2C810&ssl=1\",\"width\":1440,\"height\":810,\"caption\":\"Sling Backroom Croix de St Andr\u00e9\"},{\"@type\":\"BreadcrumbList\",\"@id\":\"https:\\\/\\\/atlantide-sauna.com\\\/de\\\/sauna-hammam\\\/club-backroom-glory-holes-sling-croix-de-st-andre-paris\\\/#breadcrumb\",\"itemListElement\":[{\"@type\":\"ListItem\",\"position\":1,\"name\":\"Accueil\",\"item\":\"https:\\\/\\\/atlantide-sauna.com\\\/de\\\/startseite\\\/\"},{\"@type\":\"ListItem\",\"position\":2,\"name\":\"Sauna Hammam\",\"item\":\"https:\\\/\\\/atlantide-sauna.com\\\/de\\\/sauna-hammam\\\/\"},{\"@type\":\"ListItem\",\"position\":3,\"name\":\"Club Backroom Glory Holes Sling Croix de st Andr\u00e9 Paris\"}]},{\"@type\":\"WebSite\",\"@id\":\"https:\\\/\\\/atlantide-sauna.com\\\/de\\\/#website\",\"url\":\"https:\\\/\\\/atlantide-sauna.com\\\/de\\\/\",\"name\":\"Atlantide Sauna\",\"description\":\"Sauna Toutes Tendances Gay Bi Tr**\",\"publisher\":{\"@id\":\"https:\\\/\\\/atlantide-sauna.com\\\/de\\\/#organization\"},\"alternateName\":\"Club libertin Atlantide Sauna Paris\",\"potentialAction\":[{\"@type\":\"SearchAction\",\"target\":{\"@type\":\"EntryPoint\",\"urlTemplate\":\"https:\\\/\\\/atlantide-sauna.com\\\/de\\\/?s={search_term_string}\"},\"query-input\":{\"@type\":\"PropertyValueSpecification\",\"valueRequired\":true,\"valueName\":\"search_term_string\"}}],\"inLanguage\":\"de\"},{\"@type\":\"Organization\",\"@id\":\"https:\\\/\\\/atlantide-sauna.com\\\/de\\\/#organization\",\"name\":\"ATLANTIDE SAUNA HAMMAM\",\"alternateName\":\"ATLANTIDE SAUNA HAMMAM\",\"url\":\"https:\\\/\\\/atlantide-sauna.com\\\/de\\\/\",\"logo\":{\"@type\":\"ImageObject\",\"inLanguage\":\"de\",\"@id\":\"https:\\\/\\\/atlantide-sauna.com\\\/de\\\/#\\\/schema\\\/logo\\\/image\\\/\",\"url\":\"https:\\\/\\\/atlantide-sauna.com\\\/wp-content\\\/uploads\\\/2025\\\/05\\\/ash_logo_2025_01.svg\",\"contentUrl\":\"https:\\\/\\\/atlantide-sauna.com\\\/wp-content\\\/uploads\\\/2025\\\/05\\\/ash_logo_2025_01.svg\",\"width\":1,\"height\":1,\"caption\":\"ATLANTIDE SAUNA HAMMAM\"},\"image\":{\"@id\":\"https:\\\/\\\/atlantide-sauna.com\\\/de\\\/#\\\/schema\\\/logo\\\/image\\\/\"},\"sameAs\":[\"https:\\\/\\\/www.facebook.com\\\/profile.php?id=100082829877238\",\"https:\\\/\\\/x.com\\\/atlantidesauna\"],\"description\":\"Sauna hammam toutes tendances. Un espace de libert\u00e9, de mixit\u00e9 et de tol\u00e9rance. Chez Atlantide Sauna vous trouverez les conditions id\u00e9ales pour vos rencontres libertines.\",\"email\":\"infos@atlantide-sauna.com\",\"telephone\":\"0143422243\",\"legalName\":\"ATLANTIDE SAUNA HAMMAM\",\"foundingDate\":\"1999-08-09\",\"vatID\":\"FR39423920370\",\"taxID\":\"42392037000016\",\"numberOfEmployees\":{\"@type\":\"QuantitativeValue\",\"minValue\":\"1\",\"maxValue\":\"10\"}}]}<\/script>\n<!-- \/ Yoast SEO Premium plugin. -->","yoast_head_json":{"title":"Club Backroom Glory Holes Sling Croix de st Andr\u00e9 Paris - Atlantide Sauna","description":"Alle sexuellen Empfindlichkeiten in einer herzlichen Atmosph\u00e4re. Eine libert\u00e4re Sauna, in der die Mischung, der Respekt und die Geselligkeit herrschen.","robots":{"index":"index","follow":"follow","max-snippet":"max-snippet:-1","max-image-preview":"max-image-preview:large","max-video-preview":"max-video-preview:-1"},"canonical":"https:\/\/atlantide-sauna.com\/de\/sauna-hammam\/club-backroom-glory-holes-sling-croix-de-st-andre-paris\/","og_locale":"de_DE","og_type":"article","og_title":"Club Backroom Glory Holes Sling Croix de st Andr\u00e9 Paris","og_description":"Alle sexuellen Empfindlichkeiten in einer herzlichen Atmosph\u00e4re. Eine libert\u00e4re Sauna, in der die Mischung, der Respekt und die Geselligkeit herrschen.","og_url":"https:\/\/atlantide-sauna.com\/de\/sauna-hammam\/club-backroom-glory-holes-sling-croix-de-st-andre-paris\/","og_site_name":"Atlantide Sauna","article_publisher":"https:\/\/www.facebook.com\/profile.php?id=100082829877238","og_image":[{"width":1440,"height":810,"url":"https:\/\/atlantide-sauna.com\/wp-content\/uploads\/2025\/06\/ASH_IMG2025_014-1.jpg","type":"image\/jpeg"}],"twitter_card":"summary_large_image","twitter_site":"@atlantidesauna","twitter_misc":{"Gesch\u00e4tzte Lesezeit":"2\u00a0Minuten"},"schema":{"@context":"https:\/\/schema.org","@graph":[{"@type":"WebPage","@id":"https:\/\/atlantide-sauna.com\/de\/sauna-hammam\/club-backroom-glory-holes-sling-croix-de-st-andre-paris\/","url":"https:\/\/atlantide-sauna.com\/de\/sauna-hammam\/club-backroom-glory-holes-sling-croix-de-st-andre-paris\/","name":"Club Backroom Glory Holes Sling Croix de st Andr\u00e9 Paris - Atlantide Sauna","isPartOf":{"@id":"https:\/\/atlantide-sauna.com\/de\/#website"},"primaryImageOfPage":{"@id":"https:\/\/atlantide-sauna.com\/de\/sauna-hammam\/club-backroom-glory-holes-sling-croix-de-st-andre-paris\/#primaryimage"},"image":{"@id":"https:\/\/atlantide-sauna.com\/de\/sauna-hammam\/club-backroom-glory-holes-sling-croix-de-st-andre-paris\/#primaryimage"},"thumbnailUrl":"https:\/\/i0.wp.com\/atlantide-sauna.com\/wp-content\/uploads\/2025\/06\/ASH_IMG2025_014-1.jpg?fit=1440%2C810&ssl=1","datePublished":"2025-05-22T17:19:41+00:00","description":"Alle sexuellen Empfindlichkeiten in einer herzlichen Atmosph\u00e4re. Eine libert\u00e4re Sauna, in der die Mischung, der Respekt und die Geselligkeit herrschen.","breadcrumb":{"@id":"https:\/\/atlantide-sauna.com\/de\/sauna-hammam\/club-backroom-glory-holes-sling-croix-de-st-andre-paris\/#breadcrumb"},"inLanguage":"de","potentialAction":[{"@type":"ReadAction","target":["https:\/\/atlantide-sauna.com\/de\/sauna-hammam\/club-backroom-glory-holes-sling-croix-de-st-andre-paris\/"]}]},{"@type":"ImageObject","inLanguage":"de","@id":"https:\/\/atlantide-sauna.com\/de\/sauna-hammam\/club-backroom-glory-holes-sling-croix-de-st-andre-paris\/#primaryimage","url":"https:\/\/i0.wp.com\/atlantide-sauna.com\/wp-content\/uploads\/2025\/06\/ASH_IMG2025_014-1.jpg?fit=1440%2C810&ssl=1","contentUrl":"https:\/\/i0.wp.com\/atlantide-sauna.com\/wp-content\/uploads\/2025\/06\/ASH_IMG2025_014-1.jpg?fit=1440%2C810&ssl=1","width":1440,"height":810,"caption":"Sling Backroom Croix de St Andr\u00e9"},{"@type":"BreadcrumbList","@id":"https:\/\/atlantide-sauna.com\/de\/sauna-hammam\/club-backroom-glory-holes-sling-croix-de-st-andre-paris\/#breadcrumb","itemListElement":[{"@type":"ListItem","position":1,"name":"Accueil","item":"https:\/\/atlantide-sauna.com\/de\/startseite\/"},{"@type":"ListItem","position":2,"name":"Sauna Hammam","item":"https:\/\/atlantide-sauna.com\/de\/sauna-hammam\/"},{"@type":"ListItem","position":3,"name":"Club Backroom Glory Holes Sling Croix de st Andr\u00e9 Paris"}]},{"@type":"WebSite","@id":"https:\/\/atlantide-sauna.com\/de\/#website","url":"https:\/\/atlantide-sauna.com\/de\/","name":"Atlantide Sauna","description":"Sauna Toutes Tendances Gay Bi Tr**","publisher":{"@id":"https:\/\/atlantide-sauna.com\/de\/#organization"},"alternateName":"Club libertin Atlantide Sauna Paris","potentialAction":[{"@type":"SearchAction","target":{"@type":"EntryPoint","urlTemplate":"https:\/\/atlantide-sauna.com\/de\/?s={search_term_string}"},"query-input":{"@type":"PropertyValueSpecification","valueRequired":true,"valueName":"search_term_string"}}],"inLanguage":"de"},{"@type":"Organization","@id":"https:\/\/atlantide-sauna.com\/de\/#organization","name":"ATLANTIDE SAUNA HAMMAM","alternateName":"ATLANTIDE SAUNA HAMMAM","url":"https:\/\/atlantide-sauna.com\/de\/","logo":{"@type":"ImageObject","inLanguage":"de","@id":"https:\/\/atlantide-sauna.com\/de\/#\/schema\/logo\/image\/","url":"https:\/\/atlantide-sauna.com\/wp-content\/uploads\/2025\/05\/ash_logo_2025_01.svg","contentUrl":"https:\/\/atlantide-sauna.com\/wp-content\/uploads\/2025\/05\/ash_logo_2025_01.svg","width":1,"height":1,"caption":"ATLANTIDE SAUNA HAMMAM"},"image":{"@id":"https:\/\/atlantide-sauna.com\/de\/#\/schema\/logo\/image\/"},"sameAs":["https:\/\/www.facebook.com\/profile.php?id=100082829877238","https:\/\/x.com\/atlantidesauna"],"description":"Sauna hammam toutes tendances. Un espace de libert\u00e9, de mixit\u00e9 et de tol\u00e9rance. Chez Atlantide Sauna vous trouverez les conditions id\u00e9ales pour vos rencontres libertines.","email":"infos@atlantide-sauna.com","telephone":"0143422243","legalName":"ATLANTIDE SAUNA HAMMAM","foundingDate":"1999-08-09","vatID":"FR39423920370","taxID":"42392037000016","numberOfEmployees":{"@type":"QuantitativeValue","minValue":"1","maxValue":"10"}}]}},"jetpack_sharing_enabled":true,"_links":{"self":[{"href":"https:\/\/atlantide-sauna.com\/de\/wp-json\/wp\/v2\/pages\/4783","targetHints":{"allow":["GET"]}}],"collection":[{"href":"https:\/\/atlantide-sauna.com\/de\/wp-json\/wp\/v2\/pages"}],"about":[{"href":"https:\/\/atlantide-sauna.com\/de\/wp-json\/wp\/v2\/types\/page"}],"author":[{"embeddable":true,"href":"https:\/\/atlantide-sauna.com\/de\/wp-json\/wp\/v2\/users\/4"}],"replies":[{"embeddable":true,"href":"https:\/\/atlantide-sauna.com\/de\/wp-json\/wp\/v2\/comments?post=4783"}],"version-history":[{"count":0,"href":"https:\/\/atlantide-sauna.com\/de\/wp-json\/wp\/v2\/pages\/4783\/revisions"}],"up":[{"embeddable":true,"href":"https:\/\/atlantide-sauna.com\/de\/wp-json\/wp\/v2\/pages\/1100"}],"wp:featuredmedia":[{"embeddable":true,"href":"https:\/\/atlantide-sauna.com\/de\/wp-json\/wp\/v2\/media\/4359"}],"wp:attachment":[{"href":"https:\/\/atlantide-sauna.com\/de\/wp-json\/wp\/v2\/media?parent=4783"}],"curies":[{"name":"wp","href":"https:\/\/api.w.org\/{rel}","templated":true}]}}