{"id":4845,"date":"2025-05-22T19:19:46","date_gmt":"2025-05-22T17:19:46","guid":{"rendered":"https:\/\/atlantide-sauna.com\/sauna-hammam\/wuestentreffen-paris-gare-de-lyon\/"},"modified":"2025-05-22T19:19:46","modified_gmt":"2025-05-22T17:19:46","slug":"wuestentreffen-paris-gare-de-lyon","status":"publish","type":"page","link":"https:\/\/atlantide-sauna.com\/de\/sauna-hammam\/wuestentreffen-paris-gare-de-lyon\/","title":{"rendered":"W\u00fcstentreffen Paris Gare de Lyon"},"content":{"rendered":"<h1>Freie Begegnungen<\/h1>\n<p class=\"chapo\">In der Atlantide Sauna in der N\u00e4he des Bahnhofs Gare de Lyon wird alles getan, um Ihre libertinen und candaulistischen Begegnungen zu f\u00f6rdern. Private oder kollektive Entspannungsr\u00e4ume stehen Ihnen zur Verf\u00fcgung, nicht zu vergessen unsere hochwertige Sauna oder das geflieste und duftende Dampfbad. Um Ihre Begegnungen zu erleichtern, stehen Ihnen eine Bar, Kabinen und Videor\u00e4ume zur Verf\u00fcgung.  <\/p>\n<p id=\"cta\">Erfahren Sie mehr \u00fcber : <a href=\"http:\/\/www.atlantide-sauna.com\/\">Dating<\/a><\/p>\n<p>Wenn Sie die T\u00fcr der Atlantide Sauna durchschreiten, werden Sie feststellen, dass alles getan wurde, um sexuelle Begegnungen, Entspannung und die verschiedensten sexuellen Praktiken zu f\u00f6rdern. Von der Bar \u00fcber die Video-Lounges bis hin zum Dampfbad, das mit Fliesen ausgelegt ist und nach \u00e4therischen \u00d6len duftet. <\/p>\n<h2>Die Atlantide Sauna: eine komplette Ausstattung f\u00fcr alle Sexualit\u00e4ten.<\/h2>\n<p>Back rooms und Glory holes bieten anonyme und fleischliche Begegnungen mit Hetero- oder Homosexuellen. F\u00fcr mehr Privatsph\u00e4re und nach dem Dampfbad oder der Sauna entspannen Sie sich in den komfortablen Kabinen, die mit Spiegeln und Einweggl\u00e4sern ausgestattet sind und Voyeurismus und Exhibitionismus f\u00f6rdern. <\/p>\n<p id=\"nl\">Weitere Suchanfragen: Freche <a href=\"http:\/\/www.atlantide-sauna.com\/sauna-hammam\/rencontre-coquines\">Begegnungen<\/a>, <a href=\"http:\/\/www.atlantide-sauna.com\/sauna-hammam\/hammam-libertin-paris\">Hammam libertin paris<\/a>, <a href=\"http:\/\/www.atlantide-sauna.com\/sauna-hammam\/sauna-coquin-paris\">Sauna coquin paris<\/a>.<\/p>\n","protected":false},"excerpt":{"rendered":"<p>Freie Begegnungen In der Atlantide Sauna in der N\u00e4he des Bahnhofs Gare de Lyon wird alles getan, um Ihre libertinen und candaulistischen Begegnungen zu f\u00f6rdern. Private oder kollektive Entspannungsr\u00e4ume stehen Ihnen zur Verf\u00fcgung, nicht zu vergessen unsere hochwertige Sauna oder das geflieste und duftende Dampfbad. Um Ihre Begegnungen zu erleichtern, stehen Ihnen eine Bar, Kabinen [&hellip;]<\/p>\n","protected":false},"author":4,"featured_media":0,"parent":1100,"menu_order":29,"comment_status":"closed","ping_status":"closed","template":"","meta":{"footnotes":""},"class_list":["post-4845","page","type-page","status-publish","hentry"],"yoast_head":"<!-- This site is optimized with the Yoast SEO Premium plugin v27.5 (Yoast SEO v27.5) - https:\/\/yoast.com\/product\/yoast-seo-premium-wordpress\/ -->\n<title>W\u00fcstentreffen Paris Gare de Lyon - Atlantide Sauna<\/title>\n<meta name=\"robots\" content=\"index, follow, max-snippet:-1, max-image-preview:large, max-video-preview:-1\" \/>\n<link rel=\"canonical\" href=\"https:\/\/atlantide-sauna.com\/de\/sauna-hammam\/wuestentreffen-paris-gare-de-lyon\/\" \/>\n<meta property=\"og:locale\" content=\"de_DE\" \/>\n<meta property=\"og:type\" content=\"article\" \/>\n<meta property=\"og:title\" content=\"W\u00fcstentreffen Paris Gare de Lyon\" \/>\n<meta property=\"og:description\" content=\"Freie Begegnungen In der Atlantide Sauna in der N\u00e4he des Bahnhofs Gare de Lyon wird alles getan, um Ihre libertinen und candaulistischen Begegnungen zu f\u00f6rdern. Private oder kollektive Entspannungsr\u00e4ume stehen Ihnen zur Verf\u00fcgung, nicht zu vergessen unsere hochwertige Sauna oder das geflieste und duftende Dampfbad. Um Ihre Begegnungen zu erleichtern, stehen Ihnen eine Bar, Kabinen [&hellip;]\" \/>\n<meta property=\"og:url\" content=\"https:\/\/atlantide-sauna.com\/de\/sauna-hammam\/wuestentreffen-paris-gare-de-lyon\/\" \/>\n<meta property=\"og:site_name\" content=\"Atlantide Sauna\" \/>\n<meta property=\"article:publisher\" content=\"https:\/\/www.facebook.com\/profile.php?id=100082829877238\" \/>\n<meta property=\"og:image\" content=\"https:\/\/i0.wp.com\/atlantide-sauna.com\/wp-content\/uploads\/2025\/06\/ASH_IMG2025_000.jpg?fit=1440%2C810&ssl=1\" \/>\n\t<meta property=\"og:image:width\" content=\"1440\" \/>\n\t<meta property=\"og:image:height\" content=\"810\" \/>\n\t<meta property=\"og:image:type\" content=\"image\/jpeg\" \/>\n<meta name=\"twitter:card\" content=\"summary_large_image\" \/>\n<meta name=\"twitter:site\" content=\"@atlantidesauna\" \/>\n<meta name=\"twitter:label1\" content=\"Gesch\u00e4tzte Lesezeit\" \/>\n\t<meta name=\"twitter:data1\" content=\"1\u00a0Minute\" \/>\n<script type=\"application\/ld+json\" class=\"yoast-schema-graph\">{\"@context\":\"https:\\\/\\\/schema.org\",\"@graph\":[{\"@type\":\"WebPage\",\"@id\":\"https:\\\/\\\/atlantide-sauna.com\\\/de\\\/sauna-hammam\\\/wuestentreffen-paris-gare-de-lyon\\\/\",\"url\":\"https:\\\/\\\/atlantide-sauna.com\\\/de\\\/sauna-hammam\\\/wuestentreffen-paris-gare-de-lyon\\\/\",\"name\":\"W\u00fcstentreffen Paris Gare de Lyon - Atlantide Sauna\",\"isPartOf\":{\"@id\":\"https:\\\/\\\/atlantide-sauna.com\\\/de\\\/#website\"},\"datePublished\":\"2025-05-22T17:19:46+00:00\",\"breadcrumb\":{\"@id\":\"https:\\\/\\\/atlantide-sauna.com\\\/de\\\/sauna-hammam\\\/wuestentreffen-paris-gare-de-lyon\\\/#breadcrumb\"},\"inLanguage\":\"de\",\"potentialAction\":[{\"@type\":\"ReadAction\",\"target\":[\"https:\\\/\\\/atlantide-sauna.com\\\/de\\\/sauna-hammam\\\/wuestentreffen-paris-gare-de-lyon\\\/\"]}]},{\"@type\":\"BreadcrumbList\",\"@id\":\"https:\\\/\\\/atlantide-sauna.com\\\/de\\\/sauna-hammam\\\/wuestentreffen-paris-gare-de-lyon\\\/#breadcrumb\",\"itemListElement\":[{\"@type\":\"ListItem\",\"position\":1,\"name\":\"Accueil\",\"item\":\"https:\\\/\\\/atlantide-sauna.com\\\/de\\\/startseite\\\/\"},{\"@type\":\"ListItem\",\"position\":2,\"name\":\"Sauna Hammam\",\"item\":\"https:\\\/\\\/atlantide-sauna.com\\\/de\\\/sauna-hammam\\\/\"},{\"@type\":\"ListItem\",\"position\":3,\"name\":\"W\u00fcstentreffen Paris Gare de Lyon\"}]},{\"@type\":\"WebSite\",\"@id\":\"https:\\\/\\\/atlantide-sauna.com\\\/de\\\/#website\",\"url\":\"https:\\\/\\\/atlantide-sauna.com\\\/de\\\/\",\"name\":\"Atlantide Sauna\",\"description\":\"Sauna Toutes Tendances Gay Bi Tr**\",\"publisher\":{\"@id\":\"https:\\\/\\\/atlantide-sauna.com\\\/de\\\/#organization\"},\"alternateName\":\"Club libertin Atlantide Sauna Paris\",\"potentialAction\":[{\"@type\":\"SearchAction\",\"target\":{\"@type\":\"EntryPoint\",\"urlTemplate\":\"https:\\\/\\\/atlantide-sauna.com\\\/de\\\/?s={search_term_string}\"},\"query-input\":{\"@type\":\"PropertyValueSpecification\",\"valueRequired\":true,\"valueName\":\"search_term_string\"}}],\"inLanguage\":\"de\"},{\"@type\":\"Organization\",\"@id\":\"https:\\\/\\\/atlantide-sauna.com\\\/de\\\/#organization\",\"name\":\"ATLANTIDE SAUNA HAMMAM\",\"alternateName\":\"ATLANTIDE SAUNA HAMMAM\",\"url\":\"https:\\\/\\\/atlantide-sauna.com\\\/de\\\/\",\"logo\":{\"@type\":\"ImageObject\",\"inLanguage\":\"de\",\"@id\":\"https:\\\/\\\/atlantide-sauna.com\\\/de\\\/#\\\/schema\\\/logo\\\/image\\\/\",\"url\":\"https:\\\/\\\/atlantide-sauna.com\\\/wp-content\\\/uploads\\\/2025\\\/05\\\/ash_logo_2025_01.svg\",\"contentUrl\":\"https:\\\/\\\/atlantide-sauna.com\\\/wp-content\\\/uploads\\\/2025\\\/05\\\/ash_logo_2025_01.svg\",\"width\":1,\"height\":1,\"caption\":\"ATLANTIDE SAUNA HAMMAM\"},\"image\":{\"@id\":\"https:\\\/\\\/atlantide-sauna.com\\\/de\\\/#\\\/schema\\\/logo\\\/image\\\/\"},\"sameAs\":[\"https:\\\/\\\/www.facebook.com\\\/profile.php?id=100082829877238\",\"https:\\\/\\\/x.com\\\/atlantidesauna\"],\"description\":\"Sauna hammam toutes tendances. Un espace de libert\u00e9, de mixit\u00e9 et de tol\u00e9rance. Chez Atlantide Sauna vous trouverez les conditions id\u00e9ales pour vos rencontres libertines.\",\"email\":\"infos@atlantide-sauna.com\",\"telephone\":\"0143422243\",\"legalName\":\"ATLANTIDE SAUNA HAMMAM\",\"foundingDate\":\"1999-08-09\",\"vatID\":\"FR39423920370\",\"taxID\":\"42392037000016\",\"numberOfEmployees\":{\"@type\":\"QuantitativeValue\",\"minValue\":\"1\",\"maxValue\":\"10\"}}]}<\/script>\n<!-- \/ Yoast SEO Premium plugin. -->","yoast_head_json":{"title":"W\u00fcstentreffen Paris Gare de Lyon - Atlantide Sauna","robots":{"index":"index","follow":"follow","max-snippet":"max-snippet:-1","max-image-preview":"max-image-preview:large","max-video-preview":"max-video-preview:-1"},"canonical":"https:\/\/atlantide-sauna.com\/de\/sauna-hammam\/wuestentreffen-paris-gare-de-lyon\/","og_locale":"de_DE","og_type":"article","og_title":"W\u00fcstentreffen Paris Gare de Lyon","og_description":"Freie Begegnungen In der Atlantide Sauna in der N\u00e4he des Bahnhofs Gare de Lyon wird alles getan, um Ihre libertinen und candaulistischen Begegnungen zu f\u00f6rdern. Private oder kollektive Entspannungsr\u00e4ume stehen Ihnen zur Verf\u00fcgung, nicht zu vergessen unsere hochwertige Sauna oder das geflieste und duftende Dampfbad. Um Ihre Begegnungen zu erleichtern, stehen Ihnen eine Bar, Kabinen [&hellip;]","og_url":"https:\/\/atlantide-sauna.com\/de\/sauna-hammam\/wuestentreffen-paris-gare-de-lyon\/","og_site_name":"Atlantide Sauna","article_publisher":"https:\/\/www.facebook.com\/profile.php?id=100082829877238","og_image":[{"width":1440,"height":810,"url":"https:\/\/i0.wp.com\/atlantide-sauna.com\/wp-content\/uploads\/2025\/06\/ASH_IMG2025_000.jpg?fit=1440%2C810&ssl=1","type":"image\/jpeg"}],"twitter_card":"summary_large_image","twitter_site":"@atlantidesauna","twitter_misc":{"Gesch\u00e4tzte Lesezeit":"1\u00a0Minute"},"schema":{"@context":"https:\/\/schema.org","@graph":[{"@type":"WebPage","@id":"https:\/\/atlantide-sauna.com\/de\/sauna-hammam\/wuestentreffen-paris-gare-de-lyon\/","url":"https:\/\/atlantide-sauna.com\/de\/sauna-hammam\/wuestentreffen-paris-gare-de-lyon\/","name":"W\u00fcstentreffen Paris Gare de Lyon - Atlantide Sauna","isPartOf":{"@id":"https:\/\/atlantide-sauna.com\/de\/#website"},"datePublished":"2025-05-22T17:19:46+00:00","breadcrumb":{"@id":"https:\/\/atlantide-sauna.com\/de\/sauna-hammam\/wuestentreffen-paris-gare-de-lyon\/#breadcrumb"},"inLanguage":"de","potentialAction":[{"@type":"ReadAction","target":["https:\/\/atlantide-sauna.com\/de\/sauna-hammam\/wuestentreffen-paris-gare-de-lyon\/"]}]},{"@type":"BreadcrumbList","@id":"https:\/\/atlantide-sauna.com\/de\/sauna-hammam\/wuestentreffen-paris-gare-de-lyon\/#breadcrumb","itemListElement":[{"@type":"ListItem","position":1,"name":"Accueil","item":"https:\/\/atlantide-sauna.com\/de\/startseite\/"},{"@type":"ListItem","position":2,"name":"Sauna Hammam","item":"https:\/\/atlantide-sauna.com\/de\/sauna-hammam\/"},{"@type":"ListItem","position":3,"name":"W\u00fcstentreffen Paris Gare de Lyon"}]},{"@type":"WebSite","@id":"https:\/\/atlantide-sauna.com\/de\/#website","url":"https:\/\/atlantide-sauna.com\/de\/","name":"Atlantide Sauna","description":"Sauna Toutes Tendances Gay Bi Tr**","publisher":{"@id":"https:\/\/atlantide-sauna.com\/de\/#organization"},"alternateName":"Club libertin Atlantide Sauna Paris","potentialAction":[{"@type":"SearchAction","target":{"@type":"EntryPoint","urlTemplate":"https:\/\/atlantide-sauna.com\/de\/?s={search_term_string}"},"query-input":{"@type":"PropertyValueSpecification","valueRequired":true,"valueName":"search_term_string"}}],"inLanguage":"de"},{"@type":"Organization","@id":"https:\/\/atlantide-sauna.com\/de\/#organization","name":"ATLANTIDE SAUNA HAMMAM","alternateName":"ATLANTIDE SAUNA HAMMAM","url":"https:\/\/atlantide-sauna.com\/de\/","logo":{"@type":"ImageObject","inLanguage":"de","@id":"https:\/\/atlantide-sauna.com\/de\/#\/schema\/logo\/image\/","url":"https:\/\/atlantide-sauna.com\/wp-content\/uploads\/2025\/05\/ash_logo_2025_01.svg","contentUrl":"https:\/\/atlantide-sauna.com\/wp-content\/uploads\/2025\/05\/ash_logo_2025_01.svg","width":1,"height":1,"caption":"ATLANTIDE SAUNA HAMMAM"},"image":{"@id":"https:\/\/atlantide-sauna.com\/de\/#\/schema\/logo\/image\/"},"sameAs":["https:\/\/www.facebook.com\/profile.php?id=100082829877238","https:\/\/x.com\/atlantidesauna"],"description":"Sauna hammam toutes tendances. Un espace de libert\u00e9, de mixit\u00e9 et de tol\u00e9rance. Chez Atlantide Sauna vous trouverez les conditions id\u00e9ales pour vos rencontres libertines.","email":"infos@atlantide-sauna.com","telephone":"0143422243","legalName":"ATLANTIDE SAUNA HAMMAM","foundingDate":"1999-08-09","vatID":"FR39423920370","taxID":"42392037000016","numberOfEmployees":{"@type":"QuantitativeValue","minValue":"1","maxValue":"10"}}]}},"jetpack_sharing_enabled":true,"_links":{"self":[{"href":"https:\/\/atlantide-sauna.com\/de\/wp-json\/wp\/v2\/pages\/4845","targetHints":{"allow":["GET"]}}],"collection":[{"href":"https:\/\/atlantide-sauna.com\/de\/wp-json\/wp\/v2\/pages"}],"about":[{"href":"https:\/\/atlantide-sauna.com\/de\/wp-json\/wp\/v2\/types\/page"}],"author":[{"embeddable":true,"href":"https:\/\/atlantide-sauna.com\/de\/wp-json\/wp\/v2\/users\/4"}],"replies":[{"embeddable":true,"href":"https:\/\/atlantide-sauna.com\/de\/wp-json\/wp\/v2\/comments?post=4845"}],"version-history":[{"count":0,"href":"https:\/\/atlantide-sauna.com\/de\/wp-json\/wp\/v2\/pages\/4845\/revisions"}],"up":[{"embeddable":true,"href":"https:\/\/atlantide-sauna.com\/de\/wp-json\/wp\/v2\/pages\/1100"}],"wp:attachment":[{"href":"https:\/\/atlantide-sauna.com\/de\/wp-json\/wp\/v2\/media?parent=4845"}],"curies":[{"name":"wp","href":"https:\/\/api.w.org\/{rel}","templated":true}]}}