{"id":4856,"date":"2025-05-22T19:19:43","date_gmt":"2025-05-22T17:19:43","guid":{"rendered":"https:\/\/atlantide-sauna.com\/sauna-hammam\/clubberichte\/"},"modified":"2025-05-22T19:19:43","modified_gmt":"2025-05-22T17:19:43","slug":"clubberichte","status":"publish","type":"page","link":"https:\/\/atlantide-sauna.com\/de\/sauna-hammam\/clubberichte\/","title":{"rendered":"Clubberichte"},"content":{"rendered":"<p class=\"chapo\">In der Atlantide Sauna, 13 rue Parrot, in der N\u00e4he des Bahnhofs von Lyon, wird alles getan, um Ihre freiz\u00fcgigen Begegnungen und Sexualkontakte zu f\u00f6rdern. Private oder kollektive Entspannungsr\u00e4ume stehen Ihnen zur Verf\u00fcgung, nicht zu vergessen unsere hochwertige Sauna oder das geflieste und duftende Hammam. Um Ihre Treffen zu erleichtern, stehen Ihnen Bars, Videokabinen und Pansexuelle Salons zur Verf\u00fcgung.  <\/p>\n<p id=\"cta\">Lesen Sie mehr \u00fcber : <a href=\"http:\/\/www.atlantide-sauna.com\/\">Avis club libertin paris<\/a><\/p>\n<p>Unsere Philosophie in der Atlantide Sauna ist Toleranz, um alle Arten von Libertinage willkommen zu hei\u00dfen. Wir sind das erste gemischte FKK-Hammam in der Hauptstadt, wo die Geselligkeit alle libertinen Begegnungen und Sexpl\u00e4ne f\u00f6rdert. <\/p>\n<h2>L&#8217;Atlantide Sauna: Ein Club f\u00fcr Freigeister, Toleranz und gutes Benehmen.<\/h2>\n<p>Die Atlantide Sauna ist die erste gemischte und FKK-Sauna und Dampfbad in Paris. Wir haben uns bem\u00fcht, unsere Entspannungsr\u00e4ume sorgf\u00e4ltig zu dekorieren und zu gestalten, um Swinger- und Liberty-Treffen zu f\u00f6rdern. Unsere Teams sind geschult, um die Einhaltung der Regeln unserer Einrichtung zu gew\u00e4hrleisten: Respekt vor dem Anderen und Respekt vor allen Sexualit\u00e4ten und sexuellen Orientierungen. Die Sauna ist ideal f\u00fcr verheiratete M\u00e4nner oder Frauen.   <\/p>\n<p id=\"nl\">Weitere Suchen: <a href=\"http:\/\/www.atlantide-sauna.com\/sauna-hammam\/sauna-mixte-a-paris\">Gemischte Sauna in Paris<\/a>, <a href=\"http:\/\/www.atlantide-sauna.com\/sauna-hammam\/rencontre-echangiste\">Swingertreff<\/a>, <a href=\"http:\/\/www.atlantide-sauna.com\/sauna-hammam\/club-libertin-en-region-parisienne\">Club Libertine in Paris<\/a>.<\/p>\n","protected":false},"excerpt":{"rendered":"<p>In der Atlantide Sauna, 13 rue Parrot, in der N\u00e4he des Bahnhofs von Lyon, wird alles getan, um Ihre freiz\u00fcgigen Begegnungen und Sexualkontakte zu f\u00f6rdern. Private oder kollektive Entspannungsr\u00e4ume stehen Ihnen zur Verf\u00fcgung, nicht zu vergessen unsere hochwertige Sauna oder das geflieste und duftende Hammam. Um Ihre Treffen zu erleichtern, stehen Ihnen Bars, Videokabinen und [&hellip;]<\/p>\n","protected":false},"author":4,"featured_media":0,"parent":1100,"menu_order":1,"comment_status":"closed","ping_status":"closed","template":"","meta":{"footnotes":""},"class_list":["post-4856","page","type-page","status-publish","hentry"],"yoast_head":"<!-- This site is optimized with the Yoast SEO Premium plugin v27.5 (Yoast SEO v27.5) - https:\/\/yoast.com\/product\/yoast-seo-premium-wordpress\/ -->\n<title>Clubberichte - Atlantide Sauna<\/title>\n<meta name=\"description\" content=\"Unsere Philosophie ist Toleranz, um alle Freiheitsliebenden willkommen zu hei\u00dfen. Wir sind das erste gemischte FKK-Hammam in Paris.\" \/>\n<meta name=\"robots\" content=\"index, follow, max-snippet:-1, max-image-preview:large, max-video-preview:-1\" \/>\n<link rel=\"canonical\" href=\"https:\/\/atlantide-sauna.com\/de\/sauna-hammam\/clubberichte\/\" \/>\n<meta property=\"og:locale\" content=\"de_DE\" \/>\n<meta property=\"og:type\" content=\"article\" \/>\n<meta property=\"og:title\" content=\"Clubberichte\" \/>\n<meta property=\"og:description\" content=\"Unsere Philosophie ist Toleranz, um alle Freiheitsliebenden willkommen zu hei\u00dfen. Wir sind das erste gemischte FKK-Hammam in Paris.\" \/>\n<meta property=\"og:url\" content=\"https:\/\/atlantide-sauna.com\/de\/sauna-hammam\/clubberichte\/\" \/>\n<meta property=\"og:site_name\" content=\"Atlantide Sauna\" \/>\n<meta property=\"article:publisher\" content=\"https:\/\/www.facebook.com\/profile.php?id=100082829877238\" \/>\n<meta property=\"og:image\" content=\"https:\/\/i0.wp.com\/atlantide-sauna.com\/wp-content\/uploads\/2025\/06\/ASH_IMG2025_000.jpg?fit=1440%2C810&ssl=1\" \/>\n\t<meta property=\"og:image:width\" content=\"1440\" \/>\n\t<meta property=\"og:image:height\" content=\"810\" \/>\n\t<meta property=\"og:image:type\" content=\"image\/jpeg\" \/>\n<meta name=\"twitter:card\" content=\"summary_large_image\" \/>\n<meta name=\"twitter:site\" content=\"@atlantidesauna\" \/>\n<meta name=\"twitter:label1\" content=\"Gesch\u00e4tzte Lesezeit\" \/>\n\t<meta name=\"twitter:data1\" content=\"1\u00a0Minute\" \/>\n<script type=\"application\/ld+json\" class=\"yoast-schema-graph\">{\"@context\":\"https:\\\/\\\/schema.org\",\"@graph\":[{\"@type\":\"WebPage\",\"@id\":\"https:\\\/\\\/atlantide-sauna.com\\\/de\\\/sauna-hammam\\\/clubberichte\\\/\",\"url\":\"https:\\\/\\\/atlantide-sauna.com\\\/de\\\/sauna-hammam\\\/clubberichte\\\/\",\"name\":\"Clubberichte - Atlantide Sauna\",\"isPartOf\":{\"@id\":\"https:\\\/\\\/atlantide-sauna.com\\\/de\\\/#website\"},\"datePublished\":\"2025-05-22T17:19:43+00:00\",\"description\":\"Unsere Philosophie ist Toleranz, um alle Freiheitsliebenden willkommen zu hei\u00dfen. Wir sind das erste gemischte FKK-Hammam in Paris.\",\"breadcrumb\":{\"@id\":\"https:\\\/\\\/atlantide-sauna.com\\\/de\\\/sauna-hammam\\\/clubberichte\\\/#breadcrumb\"},\"inLanguage\":\"de\",\"potentialAction\":[{\"@type\":\"ReadAction\",\"target\":[\"https:\\\/\\\/atlantide-sauna.com\\\/de\\\/sauna-hammam\\\/clubberichte\\\/\"]}]},{\"@type\":\"BreadcrumbList\",\"@id\":\"https:\\\/\\\/atlantide-sauna.com\\\/de\\\/sauna-hammam\\\/clubberichte\\\/#breadcrumb\",\"itemListElement\":[{\"@type\":\"ListItem\",\"position\":1,\"name\":\"Accueil\",\"item\":\"https:\\\/\\\/atlantide-sauna.com\\\/de\\\/startseite\\\/\"},{\"@type\":\"ListItem\",\"position\":2,\"name\":\"Sauna Hammam\",\"item\":\"https:\\\/\\\/atlantide-sauna.com\\\/de\\\/sauna-hammam\\\/\"},{\"@type\":\"ListItem\",\"position\":3,\"name\":\"Clubberichte\"}]},{\"@type\":\"WebSite\",\"@id\":\"https:\\\/\\\/atlantide-sauna.com\\\/de\\\/#website\",\"url\":\"https:\\\/\\\/atlantide-sauna.com\\\/de\\\/\",\"name\":\"Atlantide Sauna\",\"description\":\"Sauna Toutes Tendances Gay Bi Tr**\",\"publisher\":{\"@id\":\"https:\\\/\\\/atlantide-sauna.com\\\/de\\\/#organization\"},\"alternateName\":\"Club libertin Atlantide Sauna Paris\",\"potentialAction\":[{\"@type\":\"SearchAction\",\"target\":{\"@type\":\"EntryPoint\",\"urlTemplate\":\"https:\\\/\\\/atlantide-sauna.com\\\/de\\\/?s={search_term_string}\"},\"query-input\":{\"@type\":\"PropertyValueSpecification\",\"valueRequired\":true,\"valueName\":\"search_term_string\"}}],\"inLanguage\":\"de\"},{\"@type\":\"Organization\",\"@id\":\"https:\\\/\\\/atlantide-sauna.com\\\/de\\\/#organization\",\"name\":\"ATLANTIDE SAUNA HAMMAM\",\"alternateName\":\"ATLANTIDE SAUNA HAMMAM\",\"url\":\"https:\\\/\\\/atlantide-sauna.com\\\/de\\\/\",\"logo\":{\"@type\":\"ImageObject\",\"inLanguage\":\"de\",\"@id\":\"https:\\\/\\\/atlantide-sauna.com\\\/de\\\/#\\\/schema\\\/logo\\\/image\\\/\",\"url\":\"https:\\\/\\\/atlantide-sauna.com\\\/wp-content\\\/uploads\\\/2025\\\/05\\\/ash_logo_2025_01.svg\",\"contentUrl\":\"https:\\\/\\\/atlantide-sauna.com\\\/wp-content\\\/uploads\\\/2025\\\/05\\\/ash_logo_2025_01.svg\",\"width\":1,\"height\":1,\"caption\":\"ATLANTIDE SAUNA HAMMAM\"},\"image\":{\"@id\":\"https:\\\/\\\/atlantide-sauna.com\\\/de\\\/#\\\/schema\\\/logo\\\/image\\\/\"},\"sameAs\":[\"https:\\\/\\\/www.facebook.com\\\/profile.php?id=100082829877238\",\"https:\\\/\\\/x.com\\\/atlantidesauna\"],\"description\":\"Sauna hammam toutes tendances. Un espace de libert\u00e9, de mixit\u00e9 et de tol\u00e9rance. Chez Atlantide Sauna vous trouverez les conditions id\u00e9ales pour vos rencontres libertines.\",\"email\":\"infos@atlantide-sauna.com\",\"telephone\":\"0143422243\",\"legalName\":\"ATLANTIDE SAUNA HAMMAM\",\"foundingDate\":\"1999-08-09\",\"vatID\":\"FR39423920370\",\"taxID\":\"42392037000016\",\"numberOfEmployees\":{\"@type\":\"QuantitativeValue\",\"minValue\":\"1\",\"maxValue\":\"10\"}}]}<\/script>\n<!-- \/ Yoast SEO Premium plugin. -->","yoast_head_json":{"title":"Clubberichte - Atlantide Sauna","description":"Unsere Philosophie ist Toleranz, um alle Freiheitsliebenden willkommen zu hei\u00dfen. Wir sind das erste gemischte FKK-Hammam in Paris.","robots":{"index":"index","follow":"follow","max-snippet":"max-snippet:-1","max-image-preview":"max-image-preview:large","max-video-preview":"max-video-preview:-1"},"canonical":"https:\/\/atlantide-sauna.com\/de\/sauna-hammam\/clubberichte\/","og_locale":"de_DE","og_type":"article","og_title":"Clubberichte","og_description":"Unsere Philosophie ist Toleranz, um alle Freiheitsliebenden willkommen zu hei\u00dfen. Wir sind das erste gemischte FKK-Hammam in Paris.","og_url":"https:\/\/atlantide-sauna.com\/de\/sauna-hammam\/clubberichte\/","og_site_name":"Atlantide Sauna","article_publisher":"https:\/\/www.facebook.com\/profile.php?id=100082829877238","og_image":[{"width":1440,"height":810,"url":"https:\/\/i0.wp.com\/atlantide-sauna.com\/wp-content\/uploads\/2025\/06\/ASH_IMG2025_000.jpg?fit=1440%2C810&ssl=1","type":"image\/jpeg"}],"twitter_card":"summary_large_image","twitter_site":"@atlantidesauna","twitter_misc":{"Gesch\u00e4tzte Lesezeit":"1\u00a0Minute"},"schema":{"@context":"https:\/\/schema.org","@graph":[{"@type":"WebPage","@id":"https:\/\/atlantide-sauna.com\/de\/sauna-hammam\/clubberichte\/","url":"https:\/\/atlantide-sauna.com\/de\/sauna-hammam\/clubberichte\/","name":"Clubberichte - Atlantide Sauna","isPartOf":{"@id":"https:\/\/atlantide-sauna.com\/de\/#website"},"datePublished":"2025-05-22T17:19:43+00:00","description":"Unsere Philosophie ist Toleranz, um alle Freiheitsliebenden willkommen zu hei\u00dfen. Wir sind das erste gemischte FKK-Hammam in Paris.","breadcrumb":{"@id":"https:\/\/atlantide-sauna.com\/de\/sauna-hammam\/clubberichte\/#breadcrumb"},"inLanguage":"de","potentialAction":[{"@type":"ReadAction","target":["https:\/\/atlantide-sauna.com\/de\/sauna-hammam\/clubberichte\/"]}]},{"@type":"BreadcrumbList","@id":"https:\/\/atlantide-sauna.com\/de\/sauna-hammam\/clubberichte\/#breadcrumb","itemListElement":[{"@type":"ListItem","position":1,"name":"Accueil","item":"https:\/\/atlantide-sauna.com\/de\/startseite\/"},{"@type":"ListItem","position":2,"name":"Sauna Hammam","item":"https:\/\/atlantide-sauna.com\/de\/sauna-hammam\/"},{"@type":"ListItem","position":3,"name":"Clubberichte"}]},{"@type":"WebSite","@id":"https:\/\/atlantide-sauna.com\/de\/#website","url":"https:\/\/atlantide-sauna.com\/de\/","name":"Atlantide Sauna","description":"Sauna Toutes Tendances Gay Bi Tr**","publisher":{"@id":"https:\/\/atlantide-sauna.com\/de\/#organization"},"alternateName":"Club libertin Atlantide Sauna Paris","potentialAction":[{"@type":"SearchAction","target":{"@type":"EntryPoint","urlTemplate":"https:\/\/atlantide-sauna.com\/de\/?s={search_term_string}"},"query-input":{"@type":"PropertyValueSpecification","valueRequired":true,"valueName":"search_term_string"}}],"inLanguage":"de"},{"@type":"Organization","@id":"https:\/\/atlantide-sauna.com\/de\/#organization","name":"ATLANTIDE SAUNA HAMMAM","alternateName":"ATLANTIDE SAUNA HAMMAM","url":"https:\/\/atlantide-sauna.com\/de\/","logo":{"@type":"ImageObject","inLanguage":"de","@id":"https:\/\/atlantide-sauna.com\/de\/#\/schema\/logo\/image\/","url":"https:\/\/atlantide-sauna.com\/wp-content\/uploads\/2025\/05\/ash_logo_2025_01.svg","contentUrl":"https:\/\/atlantide-sauna.com\/wp-content\/uploads\/2025\/05\/ash_logo_2025_01.svg","width":1,"height":1,"caption":"ATLANTIDE SAUNA HAMMAM"},"image":{"@id":"https:\/\/atlantide-sauna.com\/de\/#\/schema\/logo\/image\/"},"sameAs":["https:\/\/www.facebook.com\/profile.php?id=100082829877238","https:\/\/x.com\/atlantidesauna"],"description":"Sauna hammam toutes tendances. Un espace de libert\u00e9, de mixit\u00e9 et de tol\u00e9rance. Chez Atlantide Sauna vous trouverez les conditions id\u00e9ales pour vos rencontres libertines.","email":"infos@atlantide-sauna.com","telephone":"0143422243","legalName":"ATLANTIDE SAUNA HAMMAM","foundingDate":"1999-08-09","vatID":"FR39423920370","taxID":"42392037000016","numberOfEmployees":{"@type":"QuantitativeValue","minValue":"1","maxValue":"10"}}]}},"jetpack_sharing_enabled":true,"_links":{"self":[{"href":"https:\/\/atlantide-sauna.com\/de\/wp-json\/wp\/v2\/pages\/4856","targetHints":{"allow":["GET"]}}],"collection":[{"href":"https:\/\/atlantide-sauna.com\/de\/wp-json\/wp\/v2\/pages"}],"about":[{"href":"https:\/\/atlantide-sauna.com\/de\/wp-json\/wp\/v2\/types\/page"}],"author":[{"embeddable":true,"href":"https:\/\/atlantide-sauna.com\/de\/wp-json\/wp\/v2\/users\/4"}],"replies":[{"embeddable":true,"href":"https:\/\/atlantide-sauna.com\/de\/wp-json\/wp\/v2\/comments?post=4856"}],"version-history":[{"count":0,"href":"https:\/\/atlantide-sauna.com\/de\/wp-json\/wp\/v2\/pages\/4856\/revisions"}],"up":[{"embeddable":true,"href":"https:\/\/atlantide-sauna.com\/de\/wp-json\/wp\/v2\/pages\/1100"}],"wp:attachment":[{"href":"https:\/\/atlantide-sauna.com\/de\/wp-json\/wp\/v2\/media?parent=4856"}],"curies":[{"name":"wp","href":"https:\/\/api.w.org\/{rel}","templated":true}]}}