{"id":4860,"date":"2025-05-22T19:19:44","date_gmt":"2025-05-22T17:19:44","guid":{"rendered":"https:\/\/atlantide-sauna.com\/sauna-hammam\/freche-begegnungen-paris-12\/"},"modified":"2025-05-22T19:19:44","modified_gmt":"2025-05-22T17:19:44","slug":"freche-begegnungen-paris-12","status":"publish","type":"page","link":"https:\/\/atlantide-sauna.com\/de\/sauna-hammam\/freche-begegnungen-paris-12\/","title":{"rendered":"Freche Begegnungen Paris 12"},"content":{"rendered":"<h1>Freche Begegnungen Paris 12<\/h1>\n<p class=\"chapo\">Als Anh\u00e4nger des pansexuellen Libertinage und des Candaulismus haben Sie jetzt einen Ort, an dem Sie sich in Paris in der N\u00e4he des Gare de Lyon treffen k\u00f6nnen: die Atlantide Sauna. Wir sind eine gemischte Sauna und Dampfbad, in der H\u00f6flichkeit und Toleranz die Regel sind. In unserem libertinen Sexclub genie\u00dfen Sie eine ged\u00e4mpfte und duftende Atmosph\u00e4re.  <\/p>\n<p id=\"cta\">Erfahren Sie mehr \u00fcber : <a href=\"http:\/\/www.atlantide-sauna.com\/\">Freche Begegnungen<\/a><\/p>\n<p>Die Atlantide Sauna im Osten von Paris hei\u00dft alle willkommen, die Sexualit\u00e4t als Lebenskunst betrachten, unabh\u00e4ngig von der Ausrichtung oder den Praktiken. Toleranz ist unser Schl\u00fcsselwort, da sowohl neugierige Heterosexuelle als auch Homosexuelle und Transsexuelle willkommen sind. Unser privater Club ist auch von Feingef\u00fchl und Korrektheit gepr\u00e4gt.  <\/p>\n<h2>Die Atlantide Sauna: ein Ort der Libertinage, der Toleranz und des Savoir-vivre.<\/h2>\n<p>Die Atlantide Sauna in Paris ist der ideale Ort f\u00fcr Ihre pansexuellen und candaulistischen Swingertreffen. Hier finden Sie eine elegante und warme Atmosph\u00e4re, die zu intimen Gespr\u00e4chen einl\u00e4dt. Sie haben die Wahl zwischen einem entspannenden Dampfbad, einer Sauna oder einem Videoraum.  <\/p>\n<p id=\"nl\">Weitere Recherchen: <a href=\"http:\/\/www.atlantide-sauna.com\/sauna-hammam\/club-sauna-melangiste-paris\">Sauna Club m\u00e9langiste Paris<\/a>, <a href=\"http:\/\/www.atlantide-sauna.com\/sauna-hammam\/jacuzzi-libertin\">Jacuzzi libertin<\/a>, <a href=\"http:\/\/www.atlantide-sauna.com\/sauna-hammam\/sauna-region-parisienne\">Sauna R\u00e9gion Parisienne<\/a>.<\/p>\n","protected":false},"excerpt":{"rendered":"<p>Freche Begegnungen Paris 12 Als Anh\u00e4nger des pansexuellen Libertinage und des Candaulismus haben Sie jetzt einen Ort, an dem Sie sich in Paris in der N\u00e4he des Gare de Lyon treffen k\u00f6nnen: die Atlantide Sauna. Wir sind eine gemischte Sauna und Dampfbad, in der H\u00f6flichkeit und Toleranz die Regel sind. In unserem libertinen Sexclub genie\u00dfen [&hellip;]<\/p>\n","protected":false},"author":4,"featured_media":0,"parent":1100,"menu_order":26,"comment_status":"closed","ping_status":"closed","template":"","meta":{"footnotes":""},"class_list":["post-4860","page","type-page","status-publish","hentry"],"yoast_head":"<!-- This site is optimized with the Yoast SEO Premium plugin v27.5 (Yoast SEO v27.5) - https:\/\/yoast.com\/product\/yoast-seo-premium-wordpress\/ -->\n<title>Freche Begegnungen Paris 12 - Atlantide Sauna<\/title>\n<meta name=\"robots\" content=\"index, follow, max-snippet:-1, max-image-preview:large, max-video-preview:-1\" \/>\n<link rel=\"canonical\" href=\"https:\/\/atlantide-sauna.com\/de\/sauna-hammam\/freche-begegnungen-paris-12\/\" \/>\n<meta property=\"og:locale\" content=\"de_DE\" \/>\n<meta property=\"og:type\" content=\"article\" \/>\n<meta property=\"og:title\" content=\"Freche Begegnungen Paris 12\" \/>\n<meta property=\"og:description\" content=\"Freche Begegnungen Paris 12 Als Anh\u00e4nger des pansexuellen Libertinage und des Candaulismus haben Sie jetzt einen Ort, an dem Sie sich in Paris in der N\u00e4he des Gare de Lyon treffen k\u00f6nnen: die Atlantide Sauna. Wir sind eine gemischte Sauna und Dampfbad, in der H\u00f6flichkeit und Toleranz die Regel sind. In unserem libertinen Sexclub genie\u00dfen [&hellip;]\" \/>\n<meta property=\"og:url\" content=\"https:\/\/atlantide-sauna.com\/de\/sauna-hammam\/freche-begegnungen-paris-12\/\" \/>\n<meta property=\"og:site_name\" content=\"Atlantide Sauna\" \/>\n<meta property=\"article:publisher\" content=\"https:\/\/www.facebook.com\/profile.php?id=100082829877238\" \/>\n<meta property=\"og:image\" content=\"https:\/\/i0.wp.com\/atlantide-sauna.com\/wp-content\/uploads\/2025\/06\/ASH_IMG2025_000.jpg?fit=1440%2C810&ssl=1\" \/>\n\t<meta property=\"og:image:width\" content=\"1440\" \/>\n\t<meta property=\"og:image:height\" content=\"810\" \/>\n\t<meta property=\"og:image:type\" content=\"image\/jpeg\" \/>\n<meta name=\"twitter:card\" content=\"summary_large_image\" \/>\n<meta name=\"twitter:site\" content=\"@atlantidesauna\" \/>\n<meta name=\"twitter:label1\" content=\"Gesch\u00e4tzte Lesezeit\" \/>\n\t<meta name=\"twitter:data1\" content=\"1\u00a0Minute\" \/>\n<script type=\"application\/ld+json\" class=\"yoast-schema-graph\">{\"@context\":\"https:\\\/\\\/schema.org\",\"@graph\":[{\"@type\":\"WebPage\",\"@id\":\"https:\\\/\\\/atlantide-sauna.com\\\/de\\\/sauna-hammam\\\/freche-begegnungen-paris-12\\\/\",\"url\":\"https:\\\/\\\/atlantide-sauna.com\\\/de\\\/sauna-hammam\\\/freche-begegnungen-paris-12\\\/\",\"name\":\"Freche Begegnungen Paris 12 - Atlantide Sauna\",\"isPartOf\":{\"@id\":\"https:\\\/\\\/atlantide-sauna.com\\\/de\\\/#website\"},\"datePublished\":\"2025-05-22T17:19:44+00:00\",\"breadcrumb\":{\"@id\":\"https:\\\/\\\/atlantide-sauna.com\\\/de\\\/sauna-hammam\\\/freche-begegnungen-paris-12\\\/#breadcrumb\"},\"inLanguage\":\"de\",\"potentialAction\":[{\"@type\":\"ReadAction\",\"target\":[\"https:\\\/\\\/atlantide-sauna.com\\\/de\\\/sauna-hammam\\\/freche-begegnungen-paris-12\\\/\"]}]},{\"@type\":\"BreadcrumbList\",\"@id\":\"https:\\\/\\\/atlantide-sauna.com\\\/de\\\/sauna-hammam\\\/freche-begegnungen-paris-12\\\/#breadcrumb\",\"itemListElement\":[{\"@type\":\"ListItem\",\"position\":1,\"name\":\"Accueil\",\"item\":\"https:\\\/\\\/atlantide-sauna.com\\\/de\\\/startseite\\\/\"},{\"@type\":\"ListItem\",\"position\":2,\"name\":\"Sauna Hammam\",\"item\":\"https:\\\/\\\/atlantide-sauna.com\\\/de\\\/sauna-hammam\\\/\"},{\"@type\":\"ListItem\",\"position\":3,\"name\":\"Freche Begegnungen Paris 12\"}]},{\"@type\":\"WebSite\",\"@id\":\"https:\\\/\\\/atlantide-sauna.com\\\/de\\\/#website\",\"url\":\"https:\\\/\\\/atlantide-sauna.com\\\/de\\\/\",\"name\":\"Atlantide Sauna\",\"description\":\"Sauna Toutes Tendances Gay Bi Tr**\",\"publisher\":{\"@id\":\"https:\\\/\\\/atlantide-sauna.com\\\/de\\\/#organization\"},\"alternateName\":\"Club libertin Atlantide Sauna Paris\",\"potentialAction\":[{\"@type\":\"SearchAction\",\"target\":{\"@type\":\"EntryPoint\",\"urlTemplate\":\"https:\\\/\\\/atlantide-sauna.com\\\/de\\\/?s={search_term_string}\"},\"query-input\":{\"@type\":\"PropertyValueSpecification\",\"valueRequired\":true,\"valueName\":\"search_term_string\"}}],\"inLanguage\":\"de\"},{\"@type\":\"Organization\",\"@id\":\"https:\\\/\\\/atlantide-sauna.com\\\/de\\\/#organization\",\"name\":\"ATLANTIDE SAUNA HAMMAM\",\"alternateName\":\"ATLANTIDE SAUNA HAMMAM\",\"url\":\"https:\\\/\\\/atlantide-sauna.com\\\/de\\\/\",\"logo\":{\"@type\":\"ImageObject\",\"inLanguage\":\"de\",\"@id\":\"https:\\\/\\\/atlantide-sauna.com\\\/de\\\/#\\\/schema\\\/logo\\\/image\\\/\",\"url\":\"https:\\\/\\\/atlantide-sauna.com\\\/wp-content\\\/uploads\\\/2025\\\/05\\\/ash_logo_2025_01.svg\",\"contentUrl\":\"https:\\\/\\\/atlantide-sauna.com\\\/wp-content\\\/uploads\\\/2025\\\/05\\\/ash_logo_2025_01.svg\",\"width\":1,\"height\":1,\"caption\":\"ATLANTIDE SAUNA HAMMAM\"},\"image\":{\"@id\":\"https:\\\/\\\/atlantide-sauna.com\\\/de\\\/#\\\/schema\\\/logo\\\/image\\\/\"},\"sameAs\":[\"https:\\\/\\\/www.facebook.com\\\/profile.php?id=100082829877238\",\"https:\\\/\\\/x.com\\\/atlantidesauna\"],\"description\":\"Sauna hammam toutes tendances. Un espace de libert\u00e9, de mixit\u00e9 et de tol\u00e9rance. Chez Atlantide Sauna vous trouverez les conditions id\u00e9ales pour vos rencontres libertines.\",\"email\":\"infos@atlantide-sauna.com\",\"telephone\":\"0143422243\",\"legalName\":\"ATLANTIDE SAUNA HAMMAM\",\"foundingDate\":\"1999-08-09\",\"vatID\":\"FR39423920370\",\"taxID\":\"42392037000016\",\"numberOfEmployees\":{\"@type\":\"QuantitativeValue\",\"minValue\":\"1\",\"maxValue\":\"10\"}}]}<\/script>\n<!-- \/ Yoast SEO Premium plugin. -->","yoast_head_json":{"title":"Freche Begegnungen Paris 12 - Atlantide Sauna","robots":{"index":"index","follow":"follow","max-snippet":"max-snippet:-1","max-image-preview":"max-image-preview:large","max-video-preview":"max-video-preview:-1"},"canonical":"https:\/\/atlantide-sauna.com\/de\/sauna-hammam\/freche-begegnungen-paris-12\/","og_locale":"de_DE","og_type":"article","og_title":"Freche Begegnungen Paris 12","og_description":"Freche Begegnungen Paris 12 Als Anh\u00e4nger des pansexuellen Libertinage und des Candaulismus haben Sie jetzt einen Ort, an dem Sie sich in Paris in der N\u00e4he des Gare de Lyon treffen k\u00f6nnen: die Atlantide Sauna. Wir sind eine gemischte Sauna und Dampfbad, in der H\u00f6flichkeit und Toleranz die Regel sind. In unserem libertinen Sexclub genie\u00dfen [&hellip;]","og_url":"https:\/\/atlantide-sauna.com\/de\/sauna-hammam\/freche-begegnungen-paris-12\/","og_site_name":"Atlantide Sauna","article_publisher":"https:\/\/www.facebook.com\/profile.php?id=100082829877238","og_image":[{"width":1440,"height":810,"url":"https:\/\/i0.wp.com\/atlantide-sauna.com\/wp-content\/uploads\/2025\/06\/ASH_IMG2025_000.jpg?fit=1440%2C810&ssl=1","type":"image\/jpeg"}],"twitter_card":"summary_large_image","twitter_site":"@atlantidesauna","twitter_misc":{"Gesch\u00e4tzte Lesezeit":"1\u00a0Minute"},"schema":{"@context":"https:\/\/schema.org","@graph":[{"@type":"WebPage","@id":"https:\/\/atlantide-sauna.com\/de\/sauna-hammam\/freche-begegnungen-paris-12\/","url":"https:\/\/atlantide-sauna.com\/de\/sauna-hammam\/freche-begegnungen-paris-12\/","name":"Freche Begegnungen Paris 12 - Atlantide Sauna","isPartOf":{"@id":"https:\/\/atlantide-sauna.com\/de\/#website"},"datePublished":"2025-05-22T17:19:44+00:00","breadcrumb":{"@id":"https:\/\/atlantide-sauna.com\/de\/sauna-hammam\/freche-begegnungen-paris-12\/#breadcrumb"},"inLanguage":"de","potentialAction":[{"@type":"ReadAction","target":["https:\/\/atlantide-sauna.com\/de\/sauna-hammam\/freche-begegnungen-paris-12\/"]}]},{"@type":"BreadcrumbList","@id":"https:\/\/atlantide-sauna.com\/de\/sauna-hammam\/freche-begegnungen-paris-12\/#breadcrumb","itemListElement":[{"@type":"ListItem","position":1,"name":"Accueil","item":"https:\/\/atlantide-sauna.com\/de\/startseite\/"},{"@type":"ListItem","position":2,"name":"Sauna Hammam","item":"https:\/\/atlantide-sauna.com\/de\/sauna-hammam\/"},{"@type":"ListItem","position":3,"name":"Freche Begegnungen Paris 12"}]},{"@type":"WebSite","@id":"https:\/\/atlantide-sauna.com\/de\/#website","url":"https:\/\/atlantide-sauna.com\/de\/","name":"Atlantide Sauna","description":"Sauna Toutes Tendances Gay Bi Tr**","publisher":{"@id":"https:\/\/atlantide-sauna.com\/de\/#organization"},"alternateName":"Club libertin Atlantide Sauna Paris","potentialAction":[{"@type":"SearchAction","target":{"@type":"EntryPoint","urlTemplate":"https:\/\/atlantide-sauna.com\/de\/?s={search_term_string}"},"query-input":{"@type":"PropertyValueSpecification","valueRequired":true,"valueName":"search_term_string"}}],"inLanguage":"de"},{"@type":"Organization","@id":"https:\/\/atlantide-sauna.com\/de\/#organization","name":"ATLANTIDE SAUNA HAMMAM","alternateName":"ATLANTIDE SAUNA HAMMAM","url":"https:\/\/atlantide-sauna.com\/de\/","logo":{"@type":"ImageObject","inLanguage":"de","@id":"https:\/\/atlantide-sauna.com\/de\/#\/schema\/logo\/image\/","url":"https:\/\/atlantide-sauna.com\/wp-content\/uploads\/2025\/05\/ash_logo_2025_01.svg","contentUrl":"https:\/\/atlantide-sauna.com\/wp-content\/uploads\/2025\/05\/ash_logo_2025_01.svg","width":1,"height":1,"caption":"ATLANTIDE SAUNA HAMMAM"},"image":{"@id":"https:\/\/atlantide-sauna.com\/de\/#\/schema\/logo\/image\/"},"sameAs":["https:\/\/www.facebook.com\/profile.php?id=100082829877238","https:\/\/x.com\/atlantidesauna"],"description":"Sauna hammam toutes tendances. Un espace de libert\u00e9, de mixit\u00e9 et de tol\u00e9rance. Chez Atlantide Sauna vous trouverez les conditions id\u00e9ales pour vos rencontres libertines.","email":"infos@atlantide-sauna.com","telephone":"0143422243","legalName":"ATLANTIDE SAUNA HAMMAM","foundingDate":"1999-08-09","vatID":"FR39423920370","taxID":"42392037000016","numberOfEmployees":{"@type":"QuantitativeValue","minValue":"1","maxValue":"10"}}]}},"jetpack-related-posts":[{"id":4856,"url":"https:\/\/atlantide-sauna.com\/de\/sauna-hammam\/clubberichte\/","url_meta":{"origin":4860,"position":0},"title":"Clubberichte","author":"Atlantide Sauna","date":"22. Mai 2025","format":false,"excerpt":"In der Atlantide Sauna, 13 rue Parrot, in der N\u00e4he des Bahnhofs von Lyon, wird alles getan, um Ihre freiz\u00fcgigen Begegnungen und Sexualkontakte zu f\u00f6rdern. Private oder kollektive Entspannungsr\u00e4ume stehen Ihnen zur Verf\u00fcgung, nicht zu vergessen unsere hochwertige Sauna oder das geflieste und duftende Hammam. Um Ihre Treffen zu erleichtern,\u2026","rel":"","context":"In &quot;Sauna Hammam&quot;","block_context":{"text":"Sauna Hammam","link":"https:\/\/atlantide-sauna.com\/de\/category\/sauna-hammam-de\/"},"img":{"alt_text":"","src":"","width":0,"height":0},"classes":[]},{"id":725,"url":"https:\/\/atlantide-sauna.com\/de\/","url_meta":{"origin":4860,"position":1},"title":"Willkommen bei","author":"Atlantide Sauna","date":"11. Mai 2025","format":false,"excerpt":"Die Atlantide Sauna wurde 1999 gegr\u00fcndet, um einen Raum der Freiheit, der Mischung und der Toleranz zu schaffen. In diesem exklusiven CLUB k\u00f6nnen alle W\u00fcnsche und Fantasien in einem respektvollen und freundlichen Rahmen ausgedr\u00fcckt werden. Unabh\u00e4ngig von Ihrer Herkunft, Ihrer Kultur, Ihrem Alter oder Ihren W\u00fcnschen werden Sie von einem\u2026","rel":"","context":"\u00c4hnlicher Beitrag","block_context":{"text":"\u00c4hnlicher Beitrag","link":""},"img":{"alt_text":"Atlantide Sauna Paris - Club libertin all trends - Gare de Lyon","src":"https:\/\/i0.wp.com\/atlantide-sauna.com\/wp-content\/uploads\/2025\/06\/ASH_IMG2025_000.jpg?fit=1200%2C675&ssl=1&resize=350%2C200","width":350,"height":200,"srcset":"https:\/\/i0.wp.com\/atlantide-sauna.com\/wp-content\/uploads\/2025\/06\/ASH_IMG2025_000.jpg?fit=1200%2C675&ssl=1&resize=350%2C200 1x, https:\/\/i0.wp.com\/atlantide-sauna.com\/wp-content\/uploads\/2025\/06\/ASH_IMG2025_000.jpg?fit=1200%2C675&ssl=1&resize=525%2C300 1.5x, https:\/\/i0.wp.com\/atlantide-sauna.com\/wp-content\/uploads\/2025\/06\/ASH_IMG2025_000.jpg?fit=1200%2C675&ssl=1&resize=700%2C400 2x, https:\/\/i0.wp.com\/atlantide-sauna.com\/wp-content\/uploads\/2025\/06\/ASH_IMG2025_000.jpg?fit=1200%2C675&ssl=1&resize=1050%2C600 3x"},"classes":[]},{"id":4874,"url":"https:\/\/atlantide-sauna.com\/de\/sauna-hammam\/bisexueller-club-und-transvestitenclub-paris-in-der-naehe-des-gare-de-lyon\/","url_meta":{"origin":4860,"position":2},"title":"Bisexueller Club und Transvestitenclub Paris in der N\u00e4he des Gare de Lyon","author":"Atlantide Sauna","date":"22. Mai 2025","format":false,"excerpt":"Bisexueller Club und Transvestitenclub in Paris 12 Die Besonderheit der Atlantide Sauna ist, dass es sich um einen Hamam Libertin im Herzen von Paris handelt. Unsere Sauna in Paris Gare de Lyon ist f\u00fcr Paare, Transvestiten, Bisex, neugierige Heteros und Schwule gleicherma\u00dfen geeignet. Ein freundliches Personal und eine intime Atmosph\u00e4re\u2026","rel":"","context":"In &quot;Sauna Hammam&quot;","block_context":{"text":"Sauna Hammam","link":"https:\/\/atlantide-sauna.com\/de\/category\/sauna-hammam-de\/"},"img":{"alt_text":"","src":"","width":0,"height":0},"classes":[]},{"id":1119,"url":"https:\/\/atlantide-sauna.com\/de\/sauna-hammam\/atlantis\/","url_meta":{"origin":4860,"position":3},"title":"Atlantide Sauna Paris","author":"Atlantide Sauna","date":"25. November 2014","format":false,"excerpt":"Die Atlantide Sauna ist ein gemischtes Dampfbad und eine gemischte Sauna in Paris, eine Hochburg der Libertinage, in einem Geist der Toleranz und des Respekts f\u00fcr alle Sexualit\u00e4ten. Die Atlantide Sauna hat alles getan, um Ihre sexuellen Fantasien zu verwirklichen und um Begegnungen zwischen Libertins zu f\u00f6rdern, egal ob es\u2026","rel":"","context":"In &quot;Sauna Hammam&quot;","block_context":{"text":"Sauna Hammam","link":"https:\/\/atlantide-sauna.com\/de\/category\/sauna-hammam-de\/"},"img":{"alt_text":"Atlantide Sauna Paris","src":"https:\/\/i0.wp.com\/atlantide-sauna.com\/wp-content\/uploads\/2025\/05\/ASH_IMG2023_03-e1748970792165.jpg?fit=1200%2C675&ssl=1&resize=350%2C200","width":350,"height":200,"srcset":"https:\/\/i0.wp.com\/atlantide-sauna.com\/wp-content\/uploads\/2025\/05\/ASH_IMG2023_03-e1748970792165.jpg?fit=1200%2C675&ssl=1&resize=350%2C200 1x, https:\/\/i0.wp.com\/atlantide-sauna.com\/wp-content\/uploads\/2025\/05\/ASH_IMG2023_03-e1748970792165.jpg?fit=1200%2C675&ssl=1&resize=525%2C300 1.5x, https:\/\/i0.wp.com\/atlantide-sauna.com\/wp-content\/uploads\/2025\/05\/ASH_IMG2023_03-e1748970792165.jpg?fit=1200%2C675&ssl=1&resize=700%2C400 2x, https:\/\/i0.wp.com\/atlantide-sauna.com\/wp-content\/uploads\/2025\/05\/ASH_IMG2023_03-e1748970792165.jpg?fit=1200%2C675&ssl=1&resize=1050%2C600 3x"},"classes":[]},{"id":4783,"url":"https:\/\/atlantide-sauna.com\/de\/sauna-hammam\/club-backroom-glory-holes-sling-croix-de-st-andre-paris\/","url_meta":{"origin":4860,"position":4},"title":"Club Backroom Glory Holes Sling Croix de st Andr\u00e9 Paris","author":"Atlantide Sauna","date":"22. Mai 2025","format":false,"excerpt":"Club Libertin Backroom Glory Holes Sling Croix de St Andr\u00e9 in Paris 12 Die Atlantide Sauna zeichnet sich durch Toleranz und die Vielfalt der sexuellen Orientierungen aus. Hier k\u00f6nnen Sie in der N\u00e4he des Bahnhofs Gare de Lyon in aller Ruhe und in einem Klima des Savoir Vivre Ihr Sexleben\u2026","rel":"","context":"In &quot;Sauna Hammam&quot;","block_context":{"text":"Sauna Hammam","link":"https:\/\/atlantide-sauna.com\/de\/category\/sauna-hammam-de\/"},"img":{"alt_text":"Sling Backroom Croix de St  Andr\u00e9","src":"https:\/\/i0.wp.com\/atlantide-sauna.com\/wp-content\/uploads\/2025\/06\/ASH_IMG2025_014-1.jpg?fit=1200%2C675&ssl=1&resize=350%2C200","width":350,"height":200,"srcset":"https:\/\/i0.wp.com\/atlantide-sauna.com\/wp-content\/uploads\/2025\/06\/ASH_IMG2025_014-1.jpg?fit=1200%2C675&ssl=1&resize=350%2C200 1x, https:\/\/i0.wp.com\/atlantide-sauna.com\/wp-content\/uploads\/2025\/06\/ASH_IMG2025_014-1.jpg?fit=1200%2C675&ssl=1&resize=525%2C300 1.5x, https:\/\/i0.wp.com\/atlantide-sauna.com\/wp-content\/uploads\/2025\/06\/ASH_IMG2025_014-1.jpg?fit=1200%2C675&ssl=1&resize=700%2C400 2x, https:\/\/i0.wp.com\/atlantide-sauna.com\/wp-content\/uploads\/2025\/06\/ASH_IMG2025_014-1.jpg?fit=1200%2C675&ssl=1&resize=1050%2C600 3x"},"classes":[]},{"id":4797,"url":"https:\/\/atlantide-sauna.com\/de\/sauna-hammam\/toleranz-und-ethik-im-dienste-der-wuestlinge\/","url_meta":{"origin":4860,"position":5},"title":"Toleranz und Ethik im Dienste der W\u00fcstlinge","author":"Atlantide Sauna","date":"22. Mai 2025","format":false,"excerpt":"Die Atlantide Sauna: Toleranz und Ethik im Dienste der Libertins In der Atlantide Sauna Paris 12 finden Sie die idealen Bedingungen f\u00fcr ein freiz\u00fcgiges Treffen. In der Bar, dem Dampfbad oder der Sauna k\u00f6nnen Sie sich in einer freundlichen, pansexuellen Atmosph\u00e4re entspannen und relaxen. Die privaten oder gemeinschaftlichen Entspannungsr\u00e4ume stehen\u2026","rel":"","context":"In &quot;Sauna Hammam&quot;","block_context":{"text":"Sauna Hammam","link":"https:\/\/atlantide-sauna.com\/de\/category\/sauna-hammam-de\/"},"img":{"alt_text":"","src":"https:\/\/i0.wp.com\/atlantide-sauna.com\/wp-content\/uploads\/2021\/11\/ASH_IMG2023_09.jpg?fit=1200%2C675&ssl=1&resize=350%2C200","width":350,"height":200,"srcset":"https:\/\/i0.wp.com\/atlantide-sauna.com\/wp-content\/uploads\/2021\/11\/ASH_IMG2023_09.jpg?fit=1200%2C675&ssl=1&resize=350%2C200 1x, https:\/\/i0.wp.com\/atlantide-sauna.com\/wp-content\/uploads\/2021\/11\/ASH_IMG2023_09.jpg?fit=1200%2C675&ssl=1&resize=525%2C300 1.5x, https:\/\/i0.wp.com\/atlantide-sauna.com\/wp-content\/uploads\/2021\/11\/ASH_IMG2023_09.jpg?fit=1200%2C675&ssl=1&resize=700%2C400 2x, https:\/\/i0.wp.com\/atlantide-sauna.com\/wp-content\/uploads\/2021\/11\/ASH_IMG2023_09.jpg?fit=1200%2C675&ssl=1&resize=1050%2C600 3x"},"classes":[]}],"jetpack_sharing_enabled":true,"_links":{"self":[{"href":"https:\/\/atlantide-sauna.com\/de\/wp-json\/wp\/v2\/pages\/4860","targetHints":{"allow":["GET"]}}],"collection":[{"href":"https:\/\/atlantide-sauna.com\/de\/wp-json\/wp\/v2\/pages"}],"about":[{"href":"https:\/\/atlantide-sauna.com\/de\/wp-json\/wp\/v2\/types\/page"}],"author":[{"embeddable":true,"href":"https:\/\/atlantide-sauna.com\/de\/wp-json\/wp\/v2\/users\/4"}],"replies":[{"embeddable":true,"href":"https:\/\/atlantide-sauna.com\/de\/wp-json\/wp\/v2\/comments?post=4860"}],"version-history":[{"count":0,"href":"https:\/\/atlantide-sauna.com\/de\/wp-json\/wp\/v2\/pages\/4860\/revisions"}],"up":[{"embeddable":true,"href":"https:\/\/atlantide-sauna.com\/de\/wp-json\/wp\/v2\/pages\/1100"}],"wp:attachment":[{"href":"https:\/\/atlantide-sauna.com\/de\/wp-json\/wp\/v2\/media?parent=4860"}],"curies":[{"name":"wp","href":"https:\/\/api.w.org\/{rel}","templated":true}]}}