{"id":4874,"date":"2025-05-22T19:19:45","date_gmt":"2025-05-22T17:19:45","guid":{"rendered":"https:\/\/atlantide-sauna.com\/sauna-hammam\/bisexueller-club-und-transvestitenclub-paris-in-der-naehe-des-gare-de-lyon\/"},"modified":"2025-05-22T19:19:45","modified_gmt":"2025-05-22T17:19:45","slug":"bisexueller-club-und-transvestitenclub-paris-in-der-naehe-des-gare-de-lyon","status":"publish","type":"page","link":"https:\/\/atlantide-sauna.com\/de\/sauna-hammam\/bisexueller-club-und-transvestitenclub-paris-in-der-naehe-des-gare-de-lyon\/","title":{"rendered":"Bisexueller Club und Transvestitenclub Paris in der N\u00e4he des Gare de Lyon"},"content":{"rendered":"<h2>Bisexueller Club und Transvestitenclub in Paris 12<\/h2>\n<p class=\"chapo\">Die Besonderheit der Atlantide Sauna ist, dass es sich um einen Hamam Libertin im Herzen von Paris handelt. Unsere Sauna in Paris Gare de Lyon ist f\u00fcr Paare, Transvestiten, Bisex, neugierige Heteros und Schwule gleicherma\u00dfen geeignet. Ein freundliches Personal und eine intime Atmosph\u00e4re mit beruhigenden T\u00f6nen sind der Rahmen, den wir Ihnen bieten.  <\/p>\n<p id=\"cta\">Erfahren Sie mehr \u00fcber : <a href=\"http:\/\/www.atlantide-sauna.com\/\">Club f\u00fcr Bisexuelle und Transvestiten Paris 12<\/a><\/p>\n<p>Im Osten von Paris ist Atlantide Sauna 13 rue Parrot Paris 12 der Treffpunkt f\u00fcr Libertins aller Richtungen. Wir sind ein gem\u00fctlicher und geselliger Privatclub, in dem heterosexuelle Paare und Homosexuelle zusammenkommen k\u00f6nnen. Von einfachen Gespr\u00e4chen bis hin zu gewagter Sexualit\u00e4t ist im Atlantide Pansexual Club alles m\u00f6glich.  <\/p>\n<h2>Die Atlantide Sauna: ein Ort der Libertinage, der Toleranz und des Savoir-vivre.<\/h2>\n<p>Die Libertinage braucht einladende, offene und tabulose Orte, an denen sie sich ausdr\u00fccken und zu sinnlichen Begegnungen zwischen Heteros, Schwulen, Bi- und Pansexuellen allein oder in Paaren f\u00fchren kann. Die Atlantide Sauna ist einer dieser Orte, an denen Sie sich entfalten k\u00f6nnen und an denen Sie Ihre Freiheit auf vielf\u00e4ltige Weise ausleben k\u00f6nnen. Hier herrscht jedoch eine Ethik mit Regeln der H\u00f6flichkeit. Respekt vor dem Anderen und insbesondere vor alleinstehenden Frauen. Die Atlantide Sauna ist der ideale Ort f\u00fcr einen PlanQ zwischen 12 und 14 Uhr.    <\/p>\n<p id=\"nl\">Andere Suchanfragen: <a href=\"http:\/\/www.atlantide-sauna.com\/sauna-hammam\/jacuzzi-libertin\">Jacuzzi<\/a>, <a href=\"http:\/\/www.atlantide-sauna.com\/sauna-hammam\/rencontre-echangiste\">Swingertreff<\/a>, <a href=\"http:\/\/www.atlantide-sauna.com\/sauna-hammam\/club-rencontres-couples-libertins-paris\">Club rencontres couples libertins paris<\/a>.<\/p>\n","protected":false},"excerpt":{"rendered":"<p>Bisexueller Club und Transvestitenclub in Paris 12 Die Besonderheit der Atlantide Sauna ist, dass es sich um einen Hamam Libertin im Herzen von Paris handelt. Unsere Sauna in Paris Gare de Lyon ist f\u00fcr Paare, Transvestiten, Bisex, neugierige Heteros und Schwule gleicherma\u00dfen geeignet. Ein freundliches Personal und eine intime Atmosph\u00e4re mit beruhigenden T\u00f6nen sind der [&hellip;]<\/p>\n","protected":false},"author":4,"featured_media":0,"parent":1100,"menu_order":7,"comment_status":"closed","ping_status":"closed","template":"","meta":{"footnotes":""},"class_list":["post-4874","page","type-page","status-publish","hentry"],"yoast_head":"<!-- This site is optimized with the Yoast SEO Premium plugin v27.5 (Yoast SEO v27.5) - https:\/\/yoast.com\/product\/yoast-seo-premium-wordpress\/ -->\n<title>Libertinage, Toleranz und Lebensart in Atlantide - Atlantide Sauna%<\/title>\n<meta name=\"description\" content=\"Entdecken Sie die Werte der Libertinage, der Toleranz und des Savoir-vivre in der Atlantide Sauna, einem intimen Raum in Paris.\" \/>\n<meta name=\"robots\" content=\"index, follow, max-snippet:-1, max-image-preview:large, max-video-preview:-1\" \/>\n<link rel=\"canonical\" href=\"https:\/\/atlantide-sauna.com\/de\/sauna-hammam\/bisexueller-club-und-transvestitenclub-paris-in-der-naehe-des-gare-de-lyon\/\" \/>\n<meta property=\"og:locale\" content=\"de_DE\" \/>\n<meta property=\"og:type\" content=\"article\" \/>\n<meta property=\"og:title\" content=\"Bisexueller Club und Transvestitenclub Paris in der N\u00e4he des Gare de Lyon\" \/>\n<meta property=\"og:description\" content=\"Entdecken Sie die Werte der Libertinage, der Toleranz und des Savoir-vivre in der Atlantide Sauna, einem intimen Raum in Paris.\" \/>\n<meta property=\"og:url\" content=\"https:\/\/atlantide-sauna.com\/de\/sauna-hammam\/bisexueller-club-und-transvestitenclub-paris-in-der-naehe-des-gare-de-lyon\/\" \/>\n<meta property=\"og:site_name\" content=\"Atlantide Sauna\" \/>\n<meta property=\"article:publisher\" content=\"https:\/\/www.facebook.com\/profile.php?id=100082829877238\" \/>\n<meta property=\"og:image\" content=\"https:\/\/i0.wp.com\/atlantide-sauna.com\/wp-content\/uploads\/2025\/06\/ASH_IMG2025_000.jpg?fit=1440%2C810&ssl=1\" \/>\n\t<meta property=\"og:image:width\" content=\"1440\" \/>\n\t<meta property=\"og:image:height\" content=\"810\" \/>\n\t<meta property=\"og:image:type\" content=\"image\/jpeg\" \/>\n<meta name=\"twitter:card\" content=\"summary_large_image\" \/>\n<meta name=\"twitter:site\" content=\"@atlantidesauna\" \/>\n<meta name=\"twitter:label1\" content=\"Gesch\u00e4tzte Lesezeit\" \/>\n\t<meta name=\"twitter:data1\" content=\"1\u00a0Minute\" \/>\n<script type=\"application\/ld+json\" class=\"yoast-schema-graph\">{\"@context\":\"https:\\\/\\\/schema.org\",\"@graph\":[{\"@type\":\"WebPage\",\"@id\":\"https:\\\/\\\/atlantide-sauna.com\\\/de\\\/sauna-hammam\\\/bisexueller-club-und-transvestitenclub-paris-in-der-naehe-des-gare-de-lyon\\\/\",\"url\":\"https:\\\/\\\/atlantide-sauna.com\\\/de\\\/sauna-hammam\\\/bisexueller-club-und-transvestitenclub-paris-in-der-naehe-des-gare-de-lyon\\\/\",\"name\":\"Libertinage, Toleranz und Lebensart in Atlantide - Atlantide Sauna%\",\"isPartOf\":{\"@id\":\"https:\\\/\\\/atlantide-sauna.com\\\/de\\\/#website\"},\"datePublished\":\"2025-05-22T17:19:45+00:00\",\"description\":\"Entdecken Sie die Werte der Libertinage, der Toleranz und des Savoir-vivre in der Atlantide Sauna, einem intimen Raum in Paris.\",\"breadcrumb\":{\"@id\":\"https:\\\/\\\/atlantide-sauna.com\\\/de\\\/sauna-hammam\\\/bisexueller-club-und-transvestitenclub-paris-in-der-naehe-des-gare-de-lyon\\\/#breadcrumb\"},\"inLanguage\":\"de\",\"potentialAction\":[{\"@type\":\"ReadAction\",\"target\":[\"https:\\\/\\\/atlantide-sauna.com\\\/de\\\/sauna-hammam\\\/bisexueller-club-und-transvestitenclub-paris-in-der-naehe-des-gare-de-lyon\\\/\"]}]},{\"@type\":\"BreadcrumbList\",\"@id\":\"https:\\\/\\\/atlantide-sauna.com\\\/de\\\/sauna-hammam\\\/bisexueller-club-und-transvestitenclub-paris-in-der-naehe-des-gare-de-lyon\\\/#breadcrumb\",\"itemListElement\":[{\"@type\":\"ListItem\",\"position\":1,\"name\":\"Accueil\",\"item\":\"https:\\\/\\\/atlantide-sauna.com\\\/de\\\/startseite\\\/\"},{\"@type\":\"ListItem\",\"position\":2,\"name\":\"Sauna Hammam\",\"item\":\"https:\\\/\\\/atlantide-sauna.com\\\/de\\\/sauna-hammam\\\/\"},{\"@type\":\"ListItem\",\"position\":3,\"name\":\"Bisexueller Club und Transvestitenclub Paris in der N\u00e4he des Gare de Lyon\"}]},{\"@type\":\"WebSite\",\"@id\":\"https:\\\/\\\/atlantide-sauna.com\\\/de\\\/#website\",\"url\":\"https:\\\/\\\/atlantide-sauna.com\\\/de\\\/\",\"name\":\"Atlantide Sauna\",\"description\":\"Sauna Toutes Tendances Gay Bi Tr**\",\"publisher\":{\"@id\":\"https:\\\/\\\/atlantide-sauna.com\\\/de\\\/#organization\"},\"alternateName\":\"Club libertin Atlantide Sauna Paris\",\"potentialAction\":[{\"@type\":\"SearchAction\",\"target\":{\"@type\":\"EntryPoint\",\"urlTemplate\":\"https:\\\/\\\/atlantide-sauna.com\\\/de\\\/?s={search_term_string}\"},\"query-input\":{\"@type\":\"PropertyValueSpecification\",\"valueRequired\":true,\"valueName\":\"search_term_string\"}}],\"inLanguage\":\"de\"},{\"@type\":\"Organization\",\"@id\":\"https:\\\/\\\/atlantide-sauna.com\\\/de\\\/#organization\",\"name\":\"ATLANTIDE SAUNA HAMMAM\",\"alternateName\":\"ATLANTIDE SAUNA HAMMAM\",\"url\":\"https:\\\/\\\/atlantide-sauna.com\\\/de\\\/\",\"logo\":{\"@type\":\"ImageObject\",\"inLanguage\":\"de\",\"@id\":\"https:\\\/\\\/atlantide-sauna.com\\\/de\\\/#\\\/schema\\\/logo\\\/image\\\/\",\"url\":\"https:\\\/\\\/atlantide-sauna.com\\\/wp-content\\\/uploads\\\/2025\\\/05\\\/ash_logo_2025_01.svg\",\"contentUrl\":\"https:\\\/\\\/atlantide-sauna.com\\\/wp-content\\\/uploads\\\/2025\\\/05\\\/ash_logo_2025_01.svg\",\"width\":1,\"height\":1,\"caption\":\"ATLANTIDE SAUNA HAMMAM\"},\"image\":{\"@id\":\"https:\\\/\\\/atlantide-sauna.com\\\/de\\\/#\\\/schema\\\/logo\\\/image\\\/\"},\"sameAs\":[\"https:\\\/\\\/www.facebook.com\\\/profile.php?id=100082829877238\",\"https:\\\/\\\/x.com\\\/atlantidesauna\"],\"description\":\"Sauna hammam toutes tendances. Un espace de libert\u00e9, de mixit\u00e9 et de tol\u00e9rance. Chez Atlantide Sauna vous trouverez les conditions id\u00e9ales pour vos rencontres libertines.\",\"email\":\"infos@atlantide-sauna.com\",\"telephone\":\"0143422243\",\"legalName\":\"ATLANTIDE SAUNA HAMMAM\",\"foundingDate\":\"1999-08-09\",\"vatID\":\"FR39423920370\",\"taxID\":\"42392037000016\",\"numberOfEmployees\":{\"@type\":\"QuantitativeValue\",\"minValue\":\"1\",\"maxValue\":\"10\"}}]}<\/script>\n<!-- \/ Yoast SEO Premium plugin. -->","yoast_head_json":{"title":"Libertinage, Toleranz und Lebensart in Atlantide - Atlantide Sauna%","description":"Entdecken Sie die Werte der Libertinage, der Toleranz und des Savoir-vivre in der Atlantide Sauna, einem intimen Raum in Paris.","robots":{"index":"index","follow":"follow","max-snippet":"max-snippet:-1","max-image-preview":"max-image-preview:large","max-video-preview":"max-video-preview:-1"},"canonical":"https:\/\/atlantide-sauna.com\/de\/sauna-hammam\/bisexueller-club-und-transvestitenclub-paris-in-der-naehe-des-gare-de-lyon\/","og_locale":"de_DE","og_type":"article","og_title":"Bisexueller Club und Transvestitenclub Paris in der N\u00e4he des Gare de Lyon","og_description":"Entdecken Sie die Werte der Libertinage, der Toleranz und des Savoir-vivre in der Atlantide Sauna, einem intimen Raum in Paris.","og_url":"https:\/\/atlantide-sauna.com\/de\/sauna-hammam\/bisexueller-club-und-transvestitenclub-paris-in-der-naehe-des-gare-de-lyon\/","og_site_name":"Atlantide Sauna","article_publisher":"https:\/\/www.facebook.com\/profile.php?id=100082829877238","og_image":[{"width":1440,"height":810,"url":"https:\/\/i0.wp.com\/atlantide-sauna.com\/wp-content\/uploads\/2025\/06\/ASH_IMG2025_000.jpg?fit=1440%2C810&ssl=1","type":"image\/jpeg"}],"twitter_card":"summary_large_image","twitter_site":"@atlantidesauna","twitter_misc":{"Gesch\u00e4tzte Lesezeit":"1\u00a0Minute"},"schema":{"@context":"https:\/\/schema.org","@graph":[{"@type":"WebPage","@id":"https:\/\/atlantide-sauna.com\/de\/sauna-hammam\/bisexueller-club-und-transvestitenclub-paris-in-der-naehe-des-gare-de-lyon\/","url":"https:\/\/atlantide-sauna.com\/de\/sauna-hammam\/bisexueller-club-und-transvestitenclub-paris-in-der-naehe-des-gare-de-lyon\/","name":"Libertinage, Toleranz und Lebensart in Atlantide - Atlantide Sauna%","isPartOf":{"@id":"https:\/\/atlantide-sauna.com\/de\/#website"},"datePublished":"2025-05-22T17:19:45+00:00","description":"Entdecken Sie die Werte der Libertinage, der Toleranz und des Savoir-vivre in der Atlantide Sauna, einem intimen Raum in Paris.","breadcrumb":{"@id":"https:\/\/atlantide-sauna.com\/de\/sauna-hammam\/bisexueller-club-und-transvestitenclub-paris-in-der-naehe-des-gare-de-lyon\/#breadcrumb"},"inLanguage":"de","potentialAction":[{"@type":"ReadAction","target":["https:\/\/atlantide-sauna.com\/de\/sauna-hammam\/bisexueller-club-und-transvestitenclub-paris-in-der-naehe-des-gare-de-lyon\/"]}]},{"@type":"BreadcrumbList","@id":"https:\/\/atlantide-sauna.com\/de\/sauna-hammam\/bisexueller-club-und-transvestitenclub-paris-in-der-naehe-des-gare-de-lyon\/#breadcrumb","itemListElement":[{"@type":"ListItem","position":1,"name":"Accueil","item":"https:\/\/atlantide-sauna.com\/de\/startseite\/"},{"@type":"ListItem","position":2,"name":"Sauna Hammam","item":"https:\/\/atlantide-sauna.com\/de\/sauna-hammam\/"},{"@type":"ListItem","position":3,"name":"Bisexueller Club und Transvestitenclub Paris in der N\u00e4he des Gare de Lyon"}]},{"@type":"WebSite","@id":"https:\/\/atlantide-sauna.com\/de\/#website","url":"https:\/\/atlantide-sauna.com\/de\/","name":"Atlantide Sauna","description":"Sauna Toutes Tendances Gay Bi Tr**","publisher":{"@id":"https:\/\/atlantide-sauna.com\/de\/#organization"},"alternateName":"Club libertin Atlantide Sauna Paris","potentialAction":[{"@type":"SearchAction","target":{"@type":"EntryPoint","urlTemplate":"https:\/\/atlantide-sauna.com\/de\/?s={search_term_string}"},"query-input":{"@type":"PropertyValueSpecification","valueRequired":true,"valueName":"search_term_string"}}],"inLanguage":"de"},{"@type":"Organization","@id":"https:\/\/atlantide-sauna.com\/de\/#organization","name":"ATLANTIDE SAUNA HAMMAM","alternateName":"ATLANTIDE SAUNA HAMMAM","url":"https:\/\/atlantide-sauna.com\/de\/","logo":{"@type":"ImageObject","inLanguage":"de","@id":"https:\/\/atlantide-sauna.com\/de\/#\/schema\/logo\/image\/","url":"https:\/\/atlantide-sauna.com\/wp-content\/uploads\/2025\/05\/ash_logo_2025_01.svg","contentUrl":"https:\/\/atlantide-sauna.com\/wp-content\/uploads\/2025\/05\/ash_logo_2025_01.svg","width":1,"height":1,"caption":"ATLANTIDE SAUNA HAMMAM"},"image":{"@id":"https:\/\/atlantide-sauna.com\/de\/#\/schema\/logo\/image\/"},"sameAs":["https:\/\/www.facebook.com\/profile.php?id=100082829877238","https:\/\/x.com\/atlantidesauna"],"description":"Sauna hammam toutes tendances. Un espace de libert\u00e9, de mixit\u00e9 et de tol\u00e9rance. Chez Atlantide Sauna vous trouverez les conditions id\u00e9ales pour vos rencontres libertines.","email":"infos@atlantide-sauna.com","telephone":"0143422243","legalName":"ATLANTIDE SAUNA HAMMAM","foundingDate":"1999-08-09","vatID":"FR39423920370","taxID":"42392037000016","numberOfEmployees":{"@type":"QuantitativeValue","minValue":"1","maxValue":"10"}}]}},"jetpack-related-posts":[{"id":4863,"url":"https:\/\/atlantide-sauna.com\/de\/sauna-hammam\/hamam-paris-12\/","url_meta":{"origin":4874,"position":0},"title":"Hamam Paris 12","author":"Atlantide Sauna","date":"22. Mai 2025","format":false,"excerpt":"Hamam Paris 12 Die Besonderheit der Atlantide Sauna ist, dass es sich um einen Hamam im Herzen von Paris handelt. Unsere Sauna ist sowohl f\u00fcr Paare als auch f\u00fcr Schwule und Lesben geeignet. Ein freundliches Personal und eine intime Atmosph\u00e4re mit beruhigenden T\u00f6nen sind der Rahmen, den wir Ihnen bieten.\u2026","rel":"","context":"In &quot;Sauna Hammam&quot;","block_context":{"text":"Sauna Hammam","link":"https:\/\/atlantide-sauna.com\/de\/category\/sauna-hammam-de\/"},"img":{"alt_text":"","src":"","width":0,"height":0},"classes":[]},{"id":4860,"url":"https:\/\/atlantide-sauna.com\/de\/sauna-hammam\/freche-begegnungen-paris-12\/","url_meta":{"origin":4874,"position":1},"title":"Freche Begegnungen Paris 12","author":"Atlantide Sauna","date":"22. Mai 2025","format":false,"excerpt":"Freche Begegnungen Paris 12 Als Anh\u00e4nger des pansexuellen Libertinage und des Candaulismus haben Sie jetzt einen Ort, an dem Sie sich in Paris in der N\u00e4he des Gare de Lyon treffen k\u00f6nnen: die Atlantide Sauna. Wir sind eine gemischte Sauna und Dampfbad, in der H\u00f6flichkeit und Toleranz die Regel sind.\u2026","rel":"","context":"In &quot;Sauna Hammam&quot;","block_context":{"text":"Sauna Hammam","link":"https:\/\/atlantide-sauna.com\/de\/category\/sauna-hammam-de\/"},"img":{"alt_text":"","src":"","width":0,"height":0},"classes":[]},{"id":725,"url":"https:\/\/atlantide-sauna.com\/de\/","url_meta":{"origin":4874,"position":2},"title":"Willkommen bei","author":"Atlantide Sauna","date":"11. Mai 2025","format":false,"excerpt":"Die Atlantide Sauna wurde 1999 gegr\u00fcndet, um einen Raum der Freiheit, der Mischung und der Toleranz zu schaffen. In diesem exklusiven CLUB k\u00f6nnen alle W\u00fcnsche und Fantasien in einem respektvollen und freundlichen Rahmen ausgedr\u00fcckt werden. Unabh\u00e4ngig von Ihrer Herkunft, Ihrer Kultur, Ihrem Alter oder Ihren W\u00fcnschen werden Sie von einem\u2026","rel":"","context":"\u00c4hnlicher Beitrag","block_context":{"text":"\u00c4hnlicher Beitrag","link":""},"img":{"alt_text":"Atlantide Sauna Paris - Club libertin all trends - Gare de Lyon","src":"https:\/\/i0.wp.com\/atlantide-sauna.com\/wp-content\/uploads\/2025\/06\/ASH_IMG2025_000.jpg?fit=1200%2C675&ssl=1&resize=350%2C200","width":350,"height":200,"srcset":"https:\/\/i0.wp.com\/atlantide-sauna.com\/wp-content\/uploads\/2025\/06\/ASH_IMG2025_000.jpg?fit=1200%2C675&ssl=1&resize=350%2C200 1x, https:\/\/i0.wp.com\/atlantide-sauna.com\/wp-content\/uploads\/2025\/06\/ASH_IMG2025_000.jpg?fit=1200%2C675&ssl=1&resize=525%2C300 1.5x, https:\/\/i0.wp.com\/atlantide-sauna.com\/wp-content\/uploads\/2025\/06\/ASH_IMG2025_000.jpg?fit=1200%2C675&ssl=1&resize=700%2C400 2x, https:\/\/i0.wp.com\/atlantide-sauna.com\/wp-content\/uploads\/2025\/06\/ASH_IMG2025_000.jpg?fit=1200%2C675&ssl=1&resize=1050%2C600 3x"},"classes":[]},{"id":1145,"url":"https:\/\/atlantide-sauna.com\/de\/sauna-hammam\/meinungen-ueber-atlantide-sauna\/","url_meta":{"origin":4874,"position":3},"title":"Meinungen \u00fcber atlantide sauna","author":"Atlantide Sauna","date":"22. Mai 2025","format":false,"excerpt":"Die Atlantide Sauna verbindet die Freuden des Datings mit den luxuri\u00f6sen und entspannenden Einrichtungen in einer freundlichen Atmosph\u00e4re. Lesen Sie mehr \u00fcber : Atlantide Sauna Die Atlantide Sauna, nur wenige Schritte vom Bahnhof Gare de Lyon entfernt, ist der erste private Club in Paris, in dem sich libert\u00e4re Menschen aller\u2026","rel":"","context":"In &quot;Sauna Hammam&quot;","block_context":{"text":"Sauna Hammam","link":"https:\/\/atlantide-sauna.com\/de\/category\/sauna-hammam-de\/"},"img":{"alt_text":"","src":"","width":0,"height":0},"classes":[]},{"id":4783,"url":"https:\/\/atlantide-sauna.com\/de\/sauna-hammam\/club-backroom-glory-holes-sling-croix-de-st-andre-paris\/","url_meta":{"origin":4874,"position":4},"title":"Club Backroom Glory Holes Sling Croix de st Andr\u00e9 Paris","author":"Atlantide Sauna","date":"22. Mai 2025","format":false,"excerpt":"Club Libertin Backroom Glory Holes Sling Croix de St Andr\u00e9 in Paris 12 Die Atlantide Sauna zeichnet sich durch Toleranz und die Vielfalt der sexuellen Orientierungen aus. Hier k\u00f6nnen Sie in der N\u00e4he des Bahnhofs Gare de Lyon in aller Ruhe und in einem Klima des Savoir Vivre Ihr Sexleben\u2026","rel":"","context":"In &quot;Sauna Hammam&quot;","block_context":{"text":"Sauna Hammam","link":"https:\/\/atlantide-sauna.com\/de\/category\/sauna-hammam-de\/"},"img":{"alt_text":"Sling Backroom Croix de St  Andr\u00e9","src":"https:\/\/i0.wp.com\/atlantide-sauna.com\/wp-content\/uploads\/2025\/06\/ASH_IMG2025_014-1.jpg?fit=1200%2C675&ssl=1&resize=350%2C200","width":350,"height":200,"srcset":"https:\/\/i0.wp.com\/atlantide-sauna.com\/wp-content\/uploads\/2025\/06\/ASH_IMG2025_014-1.jpg?fit=1200%2C675&ssl=1&resize=350%2C200 1x, https:\/\/i0.wp.com\/atlantide-sauna.com\/wp-content\/uploads\/2025\/06\/ASH_IMG2025_014-1.jpg?fit=1200%2C675&ssl=1&resize=525%2C300 1.5x, https:\/\/i0.wp.com\/atlantide-sauna.com\/wp-content\/uploads\/2025\/06\/ASH_IMG2025_014-1.jpg?fit=1200%2C675&ssl=1&resize=700%2C400 2x, https:\/\/i0.wp.com\/atlantide-sauna.com\/wp-content\/uploads\/2025\/06\/ASH_IMG2025_014-1.jpg?fit=1200%2C675&ssl=1&resize=1050%2C600 3x"},"classes":[]},{"id":4797,"url":"https:\/\/atlantide-sauna.com\/de\/sauna-hammam\/toleranz-und-ethik-im-dienste-der-wuestlinge\/","url_meta":{"origin":4874,"position":5},"title":"Toleranz und Ethik im Dienste der W\u00fcstlinge","author":"Atlantide Sauna","date":"22. Mai 2025","format":false,"excerpt":"Die Atlantide Sauna: Toleranz und Ethik im Dienste der Libertins In der Atlantide Sauna Paris 12 finden Sie die idealen Bedingungen f\u00fcr ein freiz\u00fcgiges Treffen. In der Bar, dem Dampfbad oder der Sauna k\u00f6nnen Sie sich in einer freundlichen, pansexuellen Atmosph\u00e4re entspannen und relaxen. Die privaten oder gemeinschaftlichen Entspannungsr\u00e4ume stehen\u2026","rel":"","context":"In &quot;Sauna Hammam&quot;","block_context":{"text":"Sauna Hammam","link":"https:\/\/atlantide-sauna.com\/de\/category\/sauna-hammam-de\/"},"img":{"alt_text":"","src":"https:\/\/i0.wp.com\/atlantide-sauna.com\/wp-content\/uploads\/2021\/11\/ASH_IMG2023_09.jpg?fit=1200%2C675&ssl=1&resize=350%2C200","width":350,"height":200,"srcset":"https:\/\/i0.wp.com\/atlantide-sauna.com\/wp-content\/uploads\/2021\/11\/ASH_IMG2023_09.jpg?fit=1200%2C675&ssl=1&resize=350%2C200 1x, https:\/\/i0.wp.com\/atlantide-sauna.com\/wp-content\/uploads\/2021\/11\/ASH_IMG2023_09.jpg?fit=1200%2C675&ssl=1&resize=525%2C300 1.5x, https:\/\/i0.wp.com\/atlantide-sauna.com\/wp-content\/uploads\/2021\/11\/ASH_IMG2023_09.jpg?fit=1200%2C675&ssl=1&resize=700%2C400 2x, https:\/\/i0.wp.com\/atlantide-sauna.com\/wp-content\/uploads\/2021\/11\/ASH_IMG2023_09.jpg?fit=1200%2C675&ssl=1&resize=1050%2C600 3x"},"classes":[]}],"jetpack_sharing_enabled":true,"_links":{"self":[{"href":"https:\/\/atlantide-sauna.com\/de\/wp-json\/wp\/v2\/pages\/4874","targetHints":{"allow":["GET"]}}],"collection":[{"href":"https:\/\/atlantide-sauna.com\/de\/wp-json\/wp\/v2\/pages"}],"about":[{"href":"https:\/\/atlantide-sauna.com\/de\/wp-json\/wp\/v2\/types\/page"}],"author":[{"embeddable":true,"href":"https:\/\/atlantide-sauna.com\/de\/wp-json\/wp\/v2\/users\/4"}],"replies":[{"embeddable":true,"href":"https:\/\/atlantide-sauna.com\/de\/wp-json\/wp\/v2\/comments?post=4874"}],"version-history":[{"count":0,"href":"https:\/\/atlantide-sauna.com\/de\/wp-json\/wp\/v2\/pages\/4874\/revisions"}],"up":[{"embeddable":true,"href":"https:\/\/atlantide-sauna.com\/de\/wp-json\/wp\/v2\/pages\/1100"}],"wp:attachment":[{"href":"https:\/\/atlantide-sauna.com\/de\/wp-json\/wp\/v2\/media?parent=4874"}],"curies":[{"name":"wp","href":"https:\/\/api.w.org\/{rel}","templated":true}]}}