{"id":518,"date":"2022-07-16T17:25:33","date_gmt":"2022-07-16T15:25:33","guid":{"rendered":"https:\/\/dev.atlantide-sauna.com\/faq-praktische-informationen\/"},"modified":"2025-06-27T18:23:23","modified_gmt":"2025-06-27T16:23:23","slug":"faq-praktische-informationen","status":"publish","type":"page","link":"https:\/\/atlantide-sauna.com\/de\/faq-praktische-informationen\/","title":{"rendered":"Informationen"},"content":{"rendered":"<h5 class=\"uk-alert\" style=\"text-align: left\">WIE SIND DIE \u00d6FFNUNGSZEITEN DER ATLANTIDE SAUNA?<\/h5>\n<p class=\"uk-alert uk-alert-success\" style=\"padding-left: 40px;text-align: justify\">T\u00e4glich von 12.00 bis 22.00 Uhr, auch an Sonn- und Feiertagen. Bei besonderen Anl\u00e4ssen k\u00f6nnen wir auch andere \u00d6ffnungszeiten anbieten. <\/p>\n<h5 class=\"uk-alert\" style=\"text-align: left\">WANN IST DIE ATLANTIS-SAUNA AM BESTEN BESUCHT?<\/h5>\n<p class=\"uk-alert uk-alert-success\" style=\"padding-left: 40px;text-align: justify\">Eine Frage an Frau Irma und ihre Kristallkugel!!! In der Regel (aber es gibt viele Ausnahmen) sind die Besucherzahlen im Laufe des Tages h\u00f6her! Unsere Einrichtung f\u00fcllt sich und erreicht ihren H\u00f6hepunkt zwischen 15:00 und 19:00 Uhr!  <\/p>\n<h5 class=\"uk-alert\" style=\"text-align: left\">WER KANN IN DIE ATLANTIS-SAUNA KOMMEN?<\/h5>\n<p class=\"uk-alert uk-alert-success\" style=\"padding-left: 40px;text-align: justify\">Absolut jedermann. Dennoch k\u00f6nnen bestimmte Verhaltensweisen dazu f\u00fchren, dass wir aggressiven, unter Alkohol- oder Drogeneinfluss stehenden, nicht toleranten oder schmutzigen Personen den Zutritt verweigern. Unser Ziel ist es, f\u00fcr eine gute Atmosph\u00e4re in der Einrichtung zu sorgen und alle zu respektieren.  <\/p>\n<h5 class=\"uk-alert\" style=\"text-align: left\">KANN MAN ALLEIN KOMMEN?<\/h5>\n<p class=\"uk-alert uk-alert-success\" style=\"padding-left: 40px;text-align: justify\"><strong>JA!<\/strong>  Atlantide kann man auch alleine besuchen. Wenn Sie jedoch eine Freundin mitbringen, ist es noch besser. <\/p>\n<h5 class=\"uk-alert\" style=\"text-align: left\">GIBT ES EINEN DRESSCODE IN ATLANTIS?<\/h5>\n<p class=\"uk-alert uk-alert-warning\" style=\"padding-left: 40px;text-align: justify\"><strong>NEIN!<\/strong>  Kommen Sie so, wie es Ihnen gef\u00e4llt! Aber bitte sauber! Und mit einem L\u00e4cheln! <\/p>\n<h5 class=\"uk-alert\" style=\"text-align: left\">KANN ICH ALS MINDERJ\u00c4HRIGER EINREISEN?<\/h5>\n<p class=\"uk-alert uk-alert-danger\" style=\"padding-left: 40px;text-align: justify\"><strong>NEIN!<\/strong>  Wir verweigern Minderj\u00e4hrigen den Zugang zur Einrichtung!<\/p>\n<h5 class=\"uk-alert\" style=\"text-align: left\">KANN ICH ALS SCHWARZER, ARABER, T\u00dcRKE ODER BEHINDERTER EINREISEN?<\/h5>\n<p class=\"uk-alert uk-alert-success\" style=\"padding-left: 40px;text-align: justify\"><strong>JA!  <\/strong>Unsere Schule lehnt jede Form von physischer oder kultureller Diskriminierung ab. Es lebe die Vielfalt! <\/p>\n<h5 class=\"uk-alert\" style=\"text-align: left\">WAS VERSTEHEN WIR UNTER EINER FRAU IN DER ATLANTIS-SAUNA?<\/h5>\n<p class=\"uk-alert uk-alert-success\" style=\"padding-left: 40px;text-align: justify\">Angesichts der Vielfalt der F\u00e4lle und um unsere Arbeit zu erleichtern, haben wir beschlossen, alle Menschen, die sich als Frau vorstellen, als Frauen zu betrachten. Dies schlie\u00dft Transvestiten, Transsexuelle&#8230;<br \/>\nUm die Arbeit des Empfangspersonals zu erleichtern, haben wir beschlossen, den Frauentarif nur f\u00fcr Personen zu reservieren, die sich am Empfang als Frau vorstellen. <\/p>\n<h5 class=\"uk-alert\" style=\"text-align: left\">WER KANN DEN FRAUENTARIF IN ANSPRUCH NEHMEN?<\/h5>\n<p class=\"uk-alert uk-alert-success\" style=\"padding-left: 40px;text-align: justify\">Alle Personen, die sich am Empfang als Frau melden (Frauen, Transgender, Transvestiten). M\u00e4nner, die sich innerhalb der Einrichtung als Transvestit verkleiden und sich als Mann am Empfang melden, zahlen die Eintrittsgeb\u00fchr f\u00fcr M\u00e4nner (auch diejenigen, die in der Empfangsschleuse eine Per\u00fccke aufsetzen). Das ist logisch!  <\/p>\n<h5 class=\"uk-alert\" style=\"text-align: left\">WANN FINDET MAN DIE MEISTEN FRAUEN IN DER ATLANTIS-SAUNA?<\/h5>\n<p class=\"uk-alert uk-alert-success\" style=\"padding-left: 40px;text-align: justify\">Eine Frage, die ohne Kristallkugel schwer zu beantworten ist! Wir sehen jeden Tag Frauen, die aus freien St\u00fccken in die Sauna gehen und manchmal auch sexuelle Begegnungen haben. Einige suchen einen oder mehrere Partner, andere behalten sich ihren Partner vor, es gibt eigentlich alle m\u00f6glichen F\u00e4lle. Allen gemeinsam ist, dass sie keine Prostituierten sind und daher nicht im Dienst der anwesenden M\u00e4nner stehen. Sie entscheiden selbst, was sie wollen oder nicht wollen. Um die besten Chancen auf eine Aff\u00e4re mit einer von ihnen zu haben, brauchen Sie: Geduld, Gl\u00fcck, gute Manieren und Sie m\u00fcssen ihnen gefallen!     <\/p>\n<h5 class=\"uk-alert\" style=\"text-align: left\">WANN TRIFFT MAN DIE MEISTEN BI TRANS TRAVS?<\/h5>\n<p class=\"uk-alert uk-alert-success\" style=\"padding-left: 40px;text-align: justify\">Man kann Bi Trans Trav jeden Tag und zu jeder Zeit begegnen und nicht nur auf Partys, die sie ins Rampenlicht stellen! Aber um dies kategorisch zu beantworten, br\u00e4uchten wir eine Kristallkugel oder hellseherische F\u00e4higkeiten, die wir nicht haben. Im Ernst, alle unsere Kunden haben die schlechte Angewohnheit, uns nicht zu benachrichtigen, wenn sie kommen (abgesehen von einigen wenigen Ausnahmen). Wir m\u00fcssen uns also auf unser Gl\u00fcck verlassen und uns ein wenig Zeit nehmen, denn es vergeht kein Tag, an dem wir nicht von Bi Trans oder Trav Kunden besucht werden!   <\/p>\n<h5 class=\"uk-alert\" style=\"text-align: left\">KANN MAN JEDEN TAG ALS TRANSVESTIT KOMMEN?<\/h5>\n<p class=\"uk-alert uk-alert-success\" style=\"padding-left: 40px;text-align: justify\"><strong>JA!<\/strong>  Selbstverst\u00e4ndlich sind Transvestiten jeden Tag und zu jeder Zeit willkommen!<\/p>\n<h5 class=\"uk-alert\" style=\"text-align: left\">WANN SIND DIE BESTEN BEGEGNUNGEN?<\/h5>\n<p class=\"uk-alert uk-alert-success\" style=\"padding-left: 40px;text-align: justify\">Es ist keine Frage des Zeitpunkts, sondern des Gl\u00fccks und des gemeinsamen Wunsches mit einer anderen Person oder anderen Personen!<br \/>\nEs ist nicht immer so, dass man die besten Bekanntschaften macht, wenn mehr Leute da sind! Sie m\u00fcssen sich auf das Gl\u00fcck und den Wettbewerb verlassen! <\/p>\n<h5 class=\"uk-alert\" style=\"text-align: left\">WIE KANN MAN DIE CHANCE AUF EIN TREFFEN MAXIMIEREN?<\/h5>\n<p class=\"uk-alert uk-alert-success\" style=\"padding-left: 40px;text-align: justify\">Jeder, der solche Einrichtungen besucht, wei\u00df, dass es bei einem Treffen auf wenig ankommt, auf eine Anziehung, einen Moment der Erregung, eine Fantasie&#8230; Es wird etwas komplizierter, wenn der andere nicht die gleiche Anziehung oder Fantasie teilt&#8230; Man muss diese universelle Regel akzeptieren und offen f\u00fcr neue M\u00f6glichkeiten und tolerant gegen\u00fcber Ablehnungen bleiben. Dies ist die Einstellung, die jeder Kunde haben sollte, wenn er uns besucht. Aber Atlantide Sauna geht noch weiter und bietet Ihnen die M\u00f6glichkeit, mit anderen Kunden zu kommunizieren, um ein Treffen zu vereinbaren, noch bevor Sie uns besuchen. F\u00fcllen Sie Ihr Profil auf dieser Seite aus und hinterlassen Sie regelm\u00e4\u00dfig Nachrichten, um Ihre Chancen auf ein Treffen zu erh\u00f6hen!   <\/p>\n","protected":false},"excerpt":{"rendered":"<p>WIE SIND DIE \u00d6FFNUNGSZEITEN DER ATLANTIDE SAUNA? T\u00e4glich von 12.00 bis 22.00 Uhr, auch an Sonn- und Feiertagen. Bei besonderen Anl\u00e4ssen k\u00f6nnen wir auch andere \u00d6ffnungszeiten anbieten. WANN IST DIE ATLANTIS-SAUNA AM BESTEN BESUCHT? Eine Frage an Frau Irma und ihre Kristallkugel!!! In der Regel (aber es gibt viele Ausnahmen) sind die Besucherzahlen im Laufe [&hellip;]<\/p>\n","protected":false},"author":4,"featured_media":215,"parent":0,"menu_order":7,"comment_status":"closed","ping_status":"closed","template":"","meta":{"footnotes":""},"class_list":["post-518","page","type-page","status-publish","has-post-thumbnail","hentry"],"yoast_head":"<!-- This site is optimized with the Yoast SEO Premium plugin v27.2 (Yoast SEO v27.2) - https:\/\/yoast.com\/product\/yoast-seo-premium-wordpress\/ -->\n<title>Praktische Informationen zu Ihrer Sauna: \u00d6ffnungszeiten - Atlantide Sauna<\/title>\n<meta name=\"description\" content=\"Lesen Sie die praktischen Informationen \u00fcber Ihre Sauna, einschlie\u00dflich der \u00d6ffnungszeiten und Zugangsregeln.\" \/>\n<meta name=\"robots\" content=\"index, follow, max-snippet:-1, max-image-preview:large, max-video-preview:-1\" \/>\n<link rel=\"canonical\" href=\"https:\/\/atlantide-sauna.com\/de\/faq-praktische-informationen\/\" \/>\n<meta property=\"og:locale\" content=\"de_DE\" \/>\n<meta property=\"og:type\" content=\"article\" \/>\n<meta property=\"og:title\" content=\"Informationen\" \/>\n<meta property=\"og:description\" content=\"Lesen Sie die praktischen Informationen \u00fcber Ihre Sauna, einschlie\u00dflich der \u00d6ffnungszeiten und Zugangsregeln.\" \/>\n<meta property=\"og:url\" content=\"https:\/\/atlantide-sauna.com\/de\/faq-praktische-informationen\/\" \/>\n<meta property=\"og:site_name\" content=\"Atlantide Sauna\" \/>\n<meta property=\"article:publisher\" content=\"https:\/\/www.facebook.com\/profile.php?id=100082829877238\" \/>\n<meta property=\"article:modified_time\" content=\"2025-06-27T16:23:23+00:00\" \/>\n<meta property=\"og:image\" content=\"https:\/\/atlantide-sauna.com\/wp-content\/uploads\/2014\/04\/ASH_IMG_0180_675_1200-e1748345108440.jpg\" \/>\n\t<meta property=\"og:image:width\" content=\"675\" \/>\n\t<meta property=\"og:image:height\" content=\"380\" \/>\n\t<meta property=\"og:image:type\" content=\"image\/jpeg\" \/>\n<meta name=\"twitter:card\" content=\"summary_large_image\" \/>\n<meta name=\"twitter:site\" content=\"@atlantidesauna\" \/>\n<meta name=\"twitter:label1\" content=\"Gesch\u00e4tzte Lesezeit\" \/>\n\t<meta name=\"twitter:data1\" content=\"4\u00a0Minuten\" \/>\n<script type=\"application\/ld+json\" class=\"yoast-schema-graph\">{\"@context\":\"https:\/\/schema.org\",\"@graph\":[{\"@type\":\"WebPage\",\"@id\":\"https:\/\/atlantide-sauna.com\/de\/faq-praktische-informationen\/\",\"url\":\"https:\/\/atlantide-sauna.com\/de\/faq-praktische-informationen\/\",\"name\":\"Praktische Informationen zu Ihrer Sauna: \u00d6ffnungszeiten - Atlantide Sauna\",\"isPartOf\":{\"@id\":\"https:\/\/atlantide-sauna.com\/de\/#website\"},\"primaryImageOfPage\":{\"@id\":\"https:\/\/atlantide-sauna.com\/de\/faq-praktische-informationen\/#primaryimage\"},\"image\":{\"@id\":\"https:\/\/atlantide-sauna.com\/de\/faq-praktische-informationen\/#primaryimage\"},\"thumbnailUrl\":\"https:\/\/i0.wp.com\/atlantide-sauna.com\/wp-content\/uploads\/2014\/04\/ASH_IMG_0180_675_1200-e1748345108440.jpg?fit=675%2C380&ssl=1\",\"datePublished\":\"2022-07-16T15:25:33+00:00\",\"dateModified\":\"2025-06-27T16:23:23+00:00\",\"description\":\"Lesen Sie die praktischen Informationen \u00fcber Ihre Sauna, einschlie\u00dflich der \u00d6ffnungszeiten und Zugangsregeln.\",\"breadcrumb\":{\"@id\":\"https:\/\/atlantide-sauna.com\/de\/faq-praktische-informationen\/#breadcrumb\"},\"inLanguage\":\"de\",\"potentialAction\":[{\"@type\":\"ReadAction\",\"target\":[\"https:\/\/atlantide-sauna.com\/de\/faq-praktische-informationen\/\"]}]},{\"@type\":\"ImageObject\",\"inLanguage\":\"de\",\"@id\":\"https:\/\/atlantide-sauna.com\/de\/faq-praktische-informationen\/#primaryimage\",\"url\":\"https:\/\/i0.wp.com\/atlantide-sauna.com\/wp-content\/uploads\/2014\/04\/ASH_IMG_0180_675_1200-e1748345108440.jpg?fit=675%2C380&ssl=1\",\"contentUrl\":\"https:\/\/i0.wp.com\/atlantide-sauna.com\/wp-content\/uploads\/2014\/04\/ASH_IMG_0180_675_1200-e1748345108440.jpg?fit=675%2C380&ssl=1\",\"width\":675,\"height\":380,\"caption\":\"Atlantide Sauna Paris - Informations pratiques\"},{\"@type\":\"BreadcrumbList\",\"@id\":\"https:\/\/atlantide-sauna.com\/de\/faq-praktische-informationen\/#breadcrumb\",\"itemListElement\":[{\"@type\":\"ListItem\",\"position\":1,\"name\":\"Accueil\",\"item\":\"https:\/\/atlantide-sauna.com\/de\/startseite\/\"},{\"@type\":\"ListItem\",\"position\":2,\"name\":\"Informationen\"}]},{\"@type\":\"WebSite\",\"@id\":\"https:\/\/atlantide-sauna.com\/de\/#website\",\"url\":\"https:\/\/atlantide-sauna.com\/de\/\",\"name\":\"Atlantide Sauna\",\"description\":\"Sauna Toutes Tendances Gay Bi Tr**\",\"publisher\":{\"@id\":\"https:\/\/atlantide-sauna.com\/de\/#organization\"},\"alternateName\":\"Club libertin Atlantide Sauna Paris\",\"potentialAction\":[{\"@type\":\"SearchAction\",\"target\":{\"@type\":\"EntryPoint\",\"urlTemplate\":\"https:\/\/atlantide-sauna.com\/de\/?s={search_term_string}\"},\"query-input\":{\"@type\":\"PropertyValueSpecification\",\"valueRequired\":true,\"valueName\":\"search_term_string\"}}],\"inLanguage\":\"de\"},{\"@type\":\"Organization\",\"@id\":\"https:\/\/atlantide-sauna.com\/de\/#organization\",\"name\":\"ATLANTIDE SAUNA HAMMAM\",\"alternateName\":\"ATLANTIDE SAUNA HAMMAM\",\"url\":\"https:\/\/atlantide-sauna.com\/de\/\",\"logo\":{\"@type\":\"ImageObject\",\"inLanguage\":\"de\",\"@id\":\"https:\/\/atlantide-sauna.com\/de\/#\/schema\/logo\/image\/\",\"url\":\"https:\/\/atlantide-sauna.com\/wp-content\/uploads\/2025\/05\/ash_logo_2025_01.svg\",\"contentUrl\":\"https:\/\/atlantide-sauna.com\/wp-content\/uploads\/2025\/05\/ash_logo_2025_01.svg\",\"width\":1,\"height\":1,\"caption\":\"ATLANTIDE SAUNA HAMMAM\"},\"image\":{\"@id\":\"https:\/\/atlantide-sauna.com\/de\/#\/schema\/logo\/image\/\"},\"sameAs\":[\"https:\/\/www.facebook.com\/profile.php?id=100082829877238\",\"https:\/\/x.com\/atlantidesauna\"],\"description\":\"Sauna hammam toutes tendances. Un espace de libert\u00e9, de mixit\u00e9 et de tol\u00e9rance. Chez Atlantide Sauna vous trouverez les conditions id\u00e9ales pour vos rencontres libertines.\",\"email\":\"infos@atlantide-sauna.com\",\"telephone\":\"0143422243\",\"legalName\":\"ATLANTIDE SAUNA HAMMAM\",\"foundingDate\":\"1999-08-09\",\"vatID\":\"FR39423920370\",\"taxID\":\"42392037000016\",\"numberOfEmployees\":{\"@type\":\"QuantitativeValue\",\"minValue\":\"1\",\"maxValue\":\"10\"}}]}<\/script>\n<!-- \/ Yoast SEO Premium plugin. -->","yoast_head_json":{"title":"Praktische Informationen zu Ihrer Sauna: \u00d6ffnungszeiten - Atlantide Sauna","description":"Lesen Sie die praktischen Informationen \u00fcber Ihre Sauna, einschlie\u00dflich der \u00d6ffnungszeiten und Zugangsregeln.","robots":{"index":"index","follow":"follow","max-snippet":"max-snippet:-1","max-image-preview":"max-image-preview:large","max-video-preview":"max-video-preview:-1"},"canonical":"https:\/\/atlantide-sauna.com\/de\/faq-praktische-informationen\/","og_locale":"de_DE","og_type":"article","og_title":"Informationen","og_description":"Lesen Sie die praktischen Informationen \u00fcber Ihre Sauna, einschlie\u00dflich der \u00d6ffnungszeiten und Zugangsregeln.","og_url":"https:\/\/atlantide-sauna.com\/de\/faq-praktische-informationen\/","og_site_name":"Atlantide Sauna","article_publisher":"https:\/\/www.facebook.com\/profile.php?id=100082829877238","article_modified_time":"2025-06-27T16:23:23+00:00","og_image":[{"width":675,"height":380,"url":"https:\/\/atlantide-sauna.com\/wp-content\/uploads\/2014\/04\/ASH_IMG_0180_675_1200-e1748345108440.jpg","type":"image\/jpeg"}],"twitter_card":"summary_large_image","twitter_site":"@atlantidesauna","twitter_misc":{"Gesch\u00e4tzte Lesezeit":"4\u00a0Minuten"},"schema":{"@context":"https:\/\/schema.org","@graph":[{"@type":"WebPage","@id":"https:\/\/atlantide-sauna.com\/de\/faq-praktische-informationen\/","url":"https:\/\/atlantide-sauna.com\/de\/faq-praktische-informationen\/","name":"Praktische Informationen zu Ihrer Sauna: \u00d6ffnungszeiten - Atlantide Sauna","isPartOf":{"@id":"https:\/\/atlantide-sauna.com\/de\/#website"},"primaryImageOfPage":{"@id":"https:\/\/atlantide-sauna.com\/de\/faq-praktische-informationen\/#primaryimage"},"image":{"@id":"https:\/\/atlantide-sauna.com\/de\/faq-praktische-informationen\/#primaryimage"},"thumbnailUrl":"https:\/\/i0.wp.com\/atlantide-sauna.com\/wp-content\/uploads\/2014\/04\/ASH_IMG_0180_675_1200-e1748345108440.jpg?fit=675%2C380&ssl=1","datePublished":"2022-07-16T15:25:33+00:00","dateModified":"2025-06-27T16:23:23+00:00","description":"Lesen Sie die praktischen Informationen \u00fcber Ihre Sauna, einschlie\u00dflich der \u00d6ffnungszeiten und Zugangsregeln.","breadcrumb":{"@id":"https:\/\/atlantide-sauna.com\/de\/faq-praktische-informationen\/#breadcrumb"},"inLanguage":"de","potentialAction":[{"@type":"ReadAction","target":["https:\/\/atlantide-sauna.com\/de\/faq-praktische-informationen\/"]}]},{"@type":"ImageObject","inLanguage":"de","@id":"https:\/\/atlantide-sauna.com\/de\/faq-praktische-informationen\/#primaryimage","url":"https:\/\/i0.wp.com\/atlantide-sauna.com\/wp-content\/uploads\/2014\/04\/ASH_IMG_0180_675_1200-e1748345108440.jpg?fit=675%2C380&ssl=1","contentUrl":"https:\/\/i0.wp.com\/atlantide-sauna.com\/wp-content\/uploads\/2014\/04\/ASH_IMG_0180_675_1200-e1748345108440.jpg?fit=675%2C380&ssl=1","width":675,"height":380,"caption":"Atlantide Sauna Paris - Informations pratiques"},{"@type":"BreadcrumbList","@id":"https:\/\/atlantide-sauna.com\/de\/faq-praktische-informationen\/#breadcrumb","itemListElement":[{"@type":"ListItem","position":1,"name":"Accueil","item":"https:\/\/atlantide-sauna.com\/de\/startseite\/"},{"@type":"ListItem","position":2,"name":"Informationen"}]},{"@type":"WebSite","@id":"https:\/\/atlantide-sauna.com\/de\/#website","url":"https:\/\/atlantide-sauna.com\/de\/","name":"Atlantide Sauna","description":"Sauna Toutes Tendances Gay Bi Tr**","publisher":{"@id":"https:\/\/atlantide-sauna.com\/de\/#organization"},"alternateName":"Club libertin Atlantide Sauna Paris","potentialAction":[{"@type":"SearchAction","target":{"@type":"EntryPoint","urlTemplate":"https:\/\/atlantide-sauna.com\/de\/?s={search_term_string}"},"query-input":{"@type":"PropertyValueSpecification","valueRequired":true,"valueName":"search_term_string"}}],"inLanguage":"de"},{"@type":"Organization","@id":"https:\/\/atlantide-sauna.com\/de\/#organization","name":"ATLANTIDE SAUNA HAMMAM","alternateName":"ATLANTIDE SAUNA HAMMAM","url":"https:\/\/atlantide-sauna.com\/de\/","logo":{"@type":"ImageObject","inLanguage":"de","@id":"https:\/\/atlantide-sauna.com\/de\/#\/schema\/logo\/image\/","url":"https:\/\/atlantide-sauna.com\/wp-content\/uploads\/2025\/05\/ash_logo_2025_01.svg","contentUrl":"https:\/\/atlantide-sauna.com\/wp-content\/uploads\/2025\/05\/ash_logo_2025_01.svg","width":1,"height":1,"caption":"ATLANTIDE SAUNA HAMMAM"},"image":{"@id":"https:\/\/atlantide-sauna.com\/de\/#\/schema\/logo\/image\/"},"sameAs":["https:\/\/www.facebook.com\/profile.php?id=100082829877238","https:\/\/x.com\/atlantidesauna"],"description":"Sauna hammam toutes tendances. Un espace de libert\u00e9, de mixit\u00e9 et de tol\u00e9rance. Chez Atlantide Sauna vous trouverez les conditions id\u00e9ales pour vos rencontres libertines.","email":"infos@atlantide-sauna.com","telephone":"0143422243","legalName":"ATLANTIDE SAUNA HAMMAM","foundingDate":"1999-08-09","vatID":"FR39423920370","taxID":"42392037000016","numberOfEmployees":{"@type":"QuantitativeValue","minValue":"1","maxValue":"10"}}]}},"jetpack-related-posts":[{"id":725,"url":"https:\/\/atlantide-sauna.com\/de\/","url_meta":{"origin":518,"position":0},"title":"Willkommen bei","author":"Atlantide Sauna","date":"11. Mai 2025","format":false,"excerpt":"Die Atlantide Sauna wurde 1999 gegr\u00fcndet, um einen Raum der Freiheit, der Mischung und der Toleranz zu schaffen. In diesem exklusiven CLUB k\u00f6nnen alle W\u00fcnsche und Fantasien in einem respektvollen und freundlichen Rahmen ausgedr\u00fcckt werden. Unabh\u00e4ngig von Ihrer Herkunft, Ihrer Kultur, Ihrem Alter oder Ihren W\u00fcnschen werden Sie von einem\u2026","rel":"","context":"\u00c4hnlicher Beitrag","block_context":{"text":"\u00c4hnlicher Beitrag","link":""},"img":{"alt_text":"Atlantide Sauna Paris - Club libertin all trends - Gare de Lyon","src":"https:\/\/i0.wp.com\/atlantide-sauna.com\/wp-content\/uploads\/2025\/06\/ASH_IMG2025_000.jpg?fit=1200%2C675&ssl=1&resize=350%2C200","width":350,"height":200,"srcset":"https:\/\/i0.wp.com\/atlantide-sauna.com\/wp-content\/uploads\/2025\/06\/ASH_IMG2025_000.jpg?fit=1200%2C675&ssl=1&resize=350%2C200 1x, https:\/\/i0.wp.com\/atlantide-sauna.com\/wp-content\/uploads\/2025\/06\/ASH_IMG2025_000.jpg?fit=1200%2C675&ssl=1&resize=525%2C300 1.5x, https:\/\/i0.wp.com\/atlantide-sauna.com\/wp-content\/uploads\/2025\/06\/ASH_IMG2025_000.jpg?fit=1200%2C675&ssl=1&resize=700%2C400 2x, https:\/\/i0.wp.com\/atlantide-sauna.com\/wp-content\/uploads\/2025\/06\/ASH_IMG2025_000.jpg?fit=1200%2C675&ssl=1&resize=1050%2C600 3x"},"classes":[]},{"id":4874,"url":"https:\/\/atlantide-sauna.com\/de\/sauna-hammam\/bisexueller-club-und-transvestitenclub-paris-in-der-naehe-des-gare-de-lyon\/","url_meta":{"origin":518,"position":1},"title":"Bisexueller Club und Transvestitenclub Paris in der N\u00e4he des Gare de Lyon","author":"Atlantide Sauna","date":"22. Mai 2025","format":false,"excerpt":"Bisexueller Club und Transvestitenclub in Paris 12 Die Besonderheit der Atlantide Sauna ist, dass es sich um einen Hamam Libertin im Herzen von Paris handelt. Unsere Sauna in Paris Gare de Lyon ist f\u00fcr Paare, Transvestiten, Bisex, neugierige Heteros und Schwule gleicherma\u00dfen geeignet. Ein freundliches Personal und eine intime Atmosph\u00e4re\u2026","rel":"","context":"In &quot;Sauna Hammam&quot;","block_context":{"text":"Sauna Hammam","link":"https:\/\/atlantide-sauna.com\/de\/category\/sauna-hammam-de\/"},"img":{"alt_text":"","src":"","width":0,"height":0},"classes":[]},{"id":4860,"url":"https:\/\/atlantide-sauna.com\/de\/sauna-hammam\/freche-begegnungen-paris-12\/","url_meta":{"origin":518,"position":2},"title":"Freche Begegnungen Paris 12","author":"Atlantide Sauna","date":"22. Mai 2025","format":false,"excerpt":"Freche Begegnungen Paris 12 Als Anh\u00e4nger des pansexuellen Libertinage und des Candaulismus haben Sie jetzt einen Ort, an dem Sie sich in Paris in der N\u00e4he des Gare de Lyon treffen k\u00f6nnen: die Atlantide Sauna. Wir sind eine gemischte Sauna und Dampfbad, in der H\u00f6flichkeit und Toleranz die Regel sind.\u2026","rel":"","context":"In &quot;Sauna Hammam&quot;","block_context":{"text":"Sauna Hammam","link":"https:\/\/atlantide-sauna.com\/de\/category\/sauna-hammam-de\/"},"img":{"alt_text":"","src":"","width":0,"height":0},"classes":[]},{"id":4783,"url":"https:\/\/atlantide-sauna.com\/de\/sauna-hammam\/club-backroom-glory-holes-sling-croix-de-st-andre-paris\/","url_meta":{"origin":518,"position":3},"title":"Club Backroom Glory Holes Sling Croix de st Andr\u00e9 Paris","author":"Atlantide Sauna","date":"22. Mai 2025","format":false,"excerpt":"Club Libertin Backroom Glory Holes Sling Croix de St Andr\u00e9 in Paris 12 Die Atlantide Sauna zeichnet sich durch Toleranz und die Vielfalt der sexuellen Orientierungen aus. Hier k\u00f6nnen Sie in der N\u00e4he des Bahnhofs Gare de Lyon in aller Ruhe und in einem Klima des Savoir Vivre Ihr Sexleben\u2026","rel":"","context":"In &quot;Sauna Hammam&quot;","block_context":{"text":"Sauna Hammam","link":"https:\/\/atlantide-sauna.com\/de\/category\/sauna-hammam-de\/"},"img":{"alt_text":"Sling Backroom Croix de St  Andr\u00e9","src":"https:\/\/i0.wp.com\/atlantide-sauna.com\/wp-content\/uploads\/2025\/06\/ASH_IMG2025_014-1.jpg?fit=1200%2C675&ssl=1&resize=350%2C200","width":350,"height":200,"srcset":"https:\/\/i0.wp.com\/atlantide-sauna.com\/wp-content\/uploads\/2025\/06\/ASH_IMG2025_014-1.jpg?fit=1200%2C675&ssl=1&resize=350%2C200 1x, https:\/\/i0.wp.com\/atlantide-sauna.com\/wp-content\/uploads\/2025\/06\/ASH_IMG2025_014-1.jpg?fit=1200%2C675&ssl=1&resize=525%2C300 1.5x, https:\/\/i0.wp.com\/atlantide-sauna.com\/wp-content\/uploads\/2025\/06\/ASH_IMG2025_014-1.jpg?fit=1200%2C675&ssl=1&resize=700%2C400 2x, https:\/\/i0.wp.com\/atlantide-sauna.com\/wp-content\/uploads\/2025\/06\/ASH_IMG2025_014-1.jpg?fit=1200%2C675&ssl=1&resize=1050%2C600 3x"},"classes":[]},{"id":4797,"url":"https:\/\/atlantide-sauna.com\/de\/sauna-hammam\/toleranz-und-ethik-im-dienste-der-wuestlinge\/","url_meta":{"origin":518,"position":4},"title":"Toleranz und Ethik im Dienste der W\u00fcstlinge","author":"Atlantide Sauna","date":"22. Mai 2025","format":false,"excerpt":"Die Atlantide Sauna: Toleranz und Ethik im Dienste der Libertins In der Atlantide Sauna Paris 12 finden Sie die idealen Bedingungen f\u00fcr ein freiz\u00fcgiges Treffen. In der Bar, dem Dampfbad oder der Sauna k\u00f6nnen Sie sich in einer freundlichen, pansexuellen Atmosph\u00e4re entspannen und relaxen. Die privaten oder gemeinschaftlichen Entspannungsr\u00e4ume stehen\u2026","rel":"","context":"In &quot;Sauna Hammam&quot;","block_context":{"text":"Sauna Hammam","link":"https:\/\/atlantide-sauna.com\/de\/category\/sauna-hammam-de\/"},"img":{"alt_text":"","src":"https:\/\/i0.wp.com\/atlantide-sauna.com\/wp-content\/uploads\/2021\/11\/ASH_IMG2023_09.jpg?fit=1200%2C675&ssl=1&resize=350%2C200","width":350,"height":200,"srcset":"https:\/\/i0.wp.com\/atlantide-sauna.com\/wp-content\/uploads\/2021\/11\/ASH_IMG2023_09.jpg?fit=1200%2C675&ssl=1&resize=350%2C200 1x, https:\/\/i0.wp.com\/atlantide-sauna.com\/wp-content\/uploads\/2021\/11\/ASH_IMG2023_09.jpg?fit=1200%2C675&ssl=1&resize=525%2C300 1.5x, https:\/\/i0.wp.com\/atlantide-sauna.com\/wp-content\/uploads\/2021\/11\/ASH_IMG2023_09.jpg?fit=1200%2C675&ssl=1&resize=700%2C400 2x, https:\/\/i0.wp.com\/atlantide-sauna.com\/wp-content\/uploads\/2021\/11\/ASH_IMG2023_09.jpg?fit=1200%2C675&ssl=1&resize=1050%2C600 3x"},"classes":[]},{"id":666,"url":"https:\/\/atlantide-sauna.com\/de\/datenschutzrichtlinie\/","url_meta":{"origin":518,"position":5},"title":"Datenschutzrichtlinie","author":"Atlantide Sauna","date":"25. Mai 2018","format":false,"excerpt":"Datum des Inkrafttretens: 27. Mai 2025 Diese Datenschutzrichtlinie erl\u00e4utert die Richtlinien von ATLANTIDE SAUNA HAMMAM bez\u00fcglich der Sammlung und Nutzung von Informationen, die wir sammeln, wenn Sie auf https:\/\/atlantide-sauna.com (der \u201eDienst\u201c) zugreifen. Diese Datenschutzrichtlinie beschreibt Ihre Datenschutzrechte und die Art und Weise, wie Sie durch die Datenschutzgesetze gesch\u00fctzt sind. Durch\u2026","rel":"","context":"In &quot;Atlantide-Sauna&quot;","block_context":{"text":"Atlantide-Sauna","link":"https:\/\/atlantide-sauna.com\/de\/category\/atlantide-sauna-de\/"},"img":{"alt_text":"","src":"","width":0,"height":0},"classes":[]}],"jetpack_sharing_enabled":true,"_links":{"self":[{"href":"https:\/\/atlantide-sauna.com\/de\/wp-json\/wp\/v2\/pages\/518","targetHints":{"allow":["GET"]}}],"collection":[{"href":"https:\/\/atlantide-sauna.com\/de\/wp-json\/wp\/v2\/pages"}],"about":[{"href":"https:\/\/atlantide-sauna.com\/de\/wp-json\/wp\/v2\/types\/page"}],"author":[{"embeddable":true,"href":"https:\/\/atlantide-sauna.com\/de\/wp-json\/wp\/v2\/users\/4"}],"replies":[{"embeddable":true,"href":"https:\/\/atlantide-sauna.com\/de\/wp-json\/wp\/v2\/comments?post=518"}],"version-history":[{"count":4,"href":"https:\/\/atlantide-sauna.com\/de\/wp-json\/wp\/v2\/pages\/518\/revisions"}],"predecessor-version":[{"id":4617,"href":"https:\/\/atlantide-sauna.com\/de\/wp-json\/wp\/v2\/pages\/518\/revisions\/4617"}],"wp:featuredmedia":[{"embeddable":true,"href":"https:\/\/atlantide-sauna.com\/de\/wp-json\/wp\/v2\/media\/215"}],"wp:attachment":[{"href":"https:\/\/atlantide-sauna.com\/de\/wp-json\/wp\/v2\/media?parent=518"}],"curies":[{"name":"wp","href":"https:\/\/api.w.org\/{rel}","templated":true}]}}