{"id":666,"date":"2018-05-25T16:25:43","date_gmt":"2018-05-25T14:25:43","guid":{"rendered":"https:\/\/dev.atlantide-sauna.com\/datenschutzrichtlinie\/"},"modified":"2025-10-11T14:57:48","modified_gmt":"2025-10-11T12:57:48","slug":"datenschutzrichtlinie","status":"publish","type":"page","link":"https:\/\/atlantide-sauna.com\/de\/datenschutzrichtlinie\/","title":{"rendered":"Datenschutzrichtlinie"},"content":{"rendered":"<p>Datum des Inkrafttretens: 27. Mai 2025<\/p>\n<p>Diese Datenschutzrichtlinie erl\u00e4utert die Richtlinien von ATLANTIDE SAUNA HAMMAM<br \/>\nbez\u00fcglich der Sammlung und Nutzung von Informationen, die wir sammeln, wenn Sie auf https:\/\/atlantide-sauna.com (der \u201eDienst\u201c) zugreifen. Diese Datenschutzrichtlinie beschreibt Ihre Datenschutzrechte und die Art und Weise, wie<br \/>\nSie durch die Datenschutzgesetze gesch\u00fctzt sind. <\/p>\n<p>Durch die Nutzung unseres Dienstes erkl\u00e4ren Sie sich mit der Erfassung und Nutzung Ihrer<br \/>\nInformationen gem\u00e4\u00df dieser Datenschutzrichtlinie einverstanden. Bitte greifen Sie nicht auf unseren Dienst zu oder<x id=\"gid_1\"><\/x>nutzen Sie ihn, wenn Sie nicht mit der Erfassung und Nutzung Ihrer Informationen gem\u00e4\u00df dieser<x id=\"gid_2\"><\/x>Datenschutzrichtlinie einverstanden sind. Diese Datenschutzrichtlinie wurde mit Hilfe von<br \/>\ndes <a href=\"https:\/\/cookie-script.com\/privacy-policy-generator\" target=\"_blank\" rel=\"noopener\">CookieScript Privacy Policy Generators<\/a> erstellt.  <\/p>\n<p>ATLANTIDE SAUNA HAMMAM ist berechtigt, diese Datenschutzrichtlinie jederzeit<br \/>\nzu \u00e4ndern, auch ohne vorherige Ank\u00fcndigung.<\/p>\n<p>ATLANTIDE SAUNA HAMMAM wird die \u00fcberarbeitete Datenschutzrichtlinie auf der Website https:\/\/atlantide-sauna.com ver\u00f6ffentlichen.<\/p>\n<h3>Sammlung und Verwendung Ihrer pers\u00f6nlichen Informationen<\/h3>\n<h4>Informationen, die wir sammeln<\/h4>\n<p>Wenn Sie unseren Service nutzen, werden Sie aufgefordert, uns pers\u00f6nliche Informationen<br \/>\nzur Verf\u00fcgung zu stellen, die dazu verwendet werden, Sie zu kontaktieren oder zu identifizieren. https:\/\/atlantide-sauna.com sammelt die folgenden Informationen: <\/p>\n<ul>\n<li>Nutzungsdaten<\/li>\n<li>E-Mail<\/li>\n<li>Name<\/li>\n<\/ul>\n<p>Die Nutzungsdaten umfassen die folgenden Elemente:<\/p>\n<ul>\n<li>Die Internetprotokoll (IP)-Adresse der Computer, die auf die Website zugreifen<\/li>\n<li>Anfragen nach Webseiten<\/li>\n<li>Verweisende Webseiten<\/li>\n<li>Browser, der f\u00fcr den Zugriff auf die Website verwendet wurde<\/li>\n<li>Datum und Uhrzeit des Zugriffs<\/li>\n<\/ul>\n<h4>Wie wir Informationen sammeln<\/h4>\n<p>https:\/\/atlantide-sauna.com sammelt und erh\u00e4lt Informationen von Ihnen auf folgende Weise:<\/p>\n<ul>\n<li>Wenn Sie ein Anmeldeformular ausf\u00fcllen oder auf andere Weise Ihre pers\u00f6nlichen Informationen \u00fcbermitteln.<\/li>\n<li>Wenn Sie mit unserem Service interagieren.<\/li>\n<\/ul>\n<p>Ihre Informationen werden bis zu 30 Tag(e) nach<br \/>\n, nachdem Sie Ihr Konto gek\u00fcndigt haben, gespeichert. Ihre Informationen k\u00f6nnen f\u00fcr l\u00e4ngere Zeitr\u00e4ume aufbewahrt werden, um<x id=\"gid_1\"><\/x>Berichte zu erstellen oder Aufzeichnungen zu f\u00fchren, in \u00dcbereinstimmung mit den geltenden Gesetzen. Informationen, die Sie nicht pers\u00f6nlich identifizieren<br \/>\n, k\u00f6nnen auf unbestimmte Zeit aufbewahrt werden.  <\/p>\n<h4>Wie wir Ihre Informationen verwenden<\/h4>\n<p>https:\/\/atlantide-sauna.com kann Ihre Informationen f\u00fcr die folgenden Zwecke verwenden:<\/p>\n<ul>\n<li><b>Bereitstellung und Wartung unseres Dienstes<\/b> sowie \u00dcberwachung der Nutzung unseres Dienstes.<\/li>\n<li><b>Andere Zwecke.<\/b>  ATLANTIDE SAUNA HAMMAM wird Ihre Informationen zur Datenanalyse verwenden, um Nutzungstrends zu identifizieren oder die Effektivit\u00e4t unserer Marketingkampagnen zu bestimmen, sofern dies angemessen ist. Wir werden Ihre Informationen verwenden, um unseren Service, unsere Produkte, unsere Dienstleistungen und unsere Marketingbem\u00fchungen zu bewerten und zu verbessern. <\/li>\n<li><b>Sammlung von Erfahrungsberichten und Kommentaren von Kunden.<\/b>  Wenn Sie einen Erfahrungsbericht oder eine Meinung \u00fcber Ihre Erfahrungen bei der Nutzung unseres Dienstes mitteilen, wird dieser auf der Website weitergegeben oder auf andere Weise verwendet.<\/li>\n<li><b>Administrative Informationen.<\/b>  Ihre pers\u00f6nlichen Daten werden f\u00fcr die Nutzung der Verwaltungspraktiken unserer Website verwendet.<\/li>\n<li><b>Marketing- und Werbeinitiativen.<\/b>  ATLANTIDE SAUNA HAMMAM wird nicht-spezifische Informationen, die von Ihnen gesammelt werden, verwenden, um seine Marketingbem\u00fchungen zu verbessern.<\/li>\n<li><b>Sie<\/b> mit Nachrichten, allgemeinen Informationen, Sonderangeboten, neuen Dienstleistungen und Veranstaltungen auf dem Laufenden zu <b>halten<\/b>.<\/li>\n<\/ul>\n<h4>Wie wir Ihre Informationen weitergeben<\/h4>\n<p>ATLANTIDE SAUNA HAMMAM wird Ihre Informationen, falls zutreffend, in den folgenden Situationen weitergeben:<\/p>\n<ul>\n<li><b>Mit Ihrer Zustimmung.<\/b>  ATLANTIDE SAUNA HAMMAM wird Ihre Informationen f\u00fcr jeden Zweck mit Ihrer ausdr\u00fccklichen Zustimmung weitergeben.<\/li>\n<\/ul>\n<h4>Weitergabe an Dritte<\/h4>\n<p>Ihre Informationen k\u00f6nnen auch aus anderen Gr\u00fcnden offengelegt werden, einschlie\u00dflich:<\/p>\n<ul>\n<li>Einhaltung aller anwendbaren Gesetze, Verordnungen oder Gerichtsbeschl\u00fcsse.<\/li>\n<li>Beantwortung von Beschwerden, dass Ihre Nutzung unseres Dienstes die Rechte Dritter verletzt.<\/li>\n<li>Durchsetzung der Vereinbarungen, die Sie mit uns getroffen haben, einschlie\u00dflich dieser Datenschutzrichtlinie.<\/li>\n<\/ul>\n<h4>Cookies<\/h4>\n<p>Cookies sind kleine Textdateien, die<br \/>\nvon den Websites, die Sie besuchen, auf Ihrem Computer platziert werden. Die Websites verwenden Cookies, um den<x id=\"gid_1\"><\/x>Nutzern zu helfen, effizient zu navigieren und bestimmte Funktionen auszuf\u00fchren. Cookies, die f\u00fcr das ordnungsgem\u00e4\u00dfe Funktionieren der Website<br \/>\nerforderlich sind, k\u00f6nnen ohne Ihre Zustimmung installiert werden. Alle anderen Cookies m\u00fcssen von<br \/>\ngenehmigt werden, bevor sie im Browser installiert werden k\u00f6nnen.   <\/p>\n<ul>\n<li><b>Notwendige Cookies.<\/b>  Die unbedingt notwendigen Cookies erm\u00f6glichen grundlegende Funktionen der Website, wie das Einloggen von Benutzern und die Verwaltung von Konten. Ohne die unbedingt erforderlichen Cookies kann die Website nicht richtig genutzt werden. <\/li>\n<li><b>Leistungs-Cookies.<\/b>  Leistungs-Cookies werden verwendet, um zu sehen, wie die Besucher die Website nutzen, z.B. Analyse-Cookies. Diese Cookies k\u00f6nnen nicht verwendet werden, um einen bestimmten Besucher direkt zu identifizieren. <\/li>\n<\/ul>\n<div class=\"cookie-report-container\">\n<p data-cookiereport=\"true\">Sie k\u00f6nnen Ihre Zustimmung zur Verwendung von Cookies unten \u00e4ndern.<\/p>\n<\/div>\n<h4>Sicherheit<\/h4>\n<p>Die Sicherheit Ihrer Informationen liegt uns am Herzen. https:\/\/atlantide-sauna.com<x id=\"gid_0\"><\/x>verwendet eine Reihe von Sicherheitsma\u00dfnahmen, um Missbrauch, Verlust oder \u00c4nderung der Informationen<x id=\"gid_1\"><\/x>, die Sie uns zur Verf\u00fcgung gestellt haben, zu verhindern. Da wir jedoch die Sicherheit der Informationen, die Sie uns<br \/>\nzur Verf\u00fcgung stellen, nicht garantieren k\u00f6nnen, sollten Sie auf eigenes Risiko auf unseren Service zugreifen.  <\/p>\n<p>ATLANTIDE SAUNA HAMMAM ist nicht verantwortlich f\u00fcr die Leistung von<br \/>\nWebsites, die von Dritten betrieben werden, oder f\u00fcr Ihre Interaktionen mit diesen Websites. Wenn Sie diese Website verlassen, empfehlen wir Ihnen,<br \/>\ndie Datenschutzpraktiken der anderen Websites, mit denen Sie interagieren, zu \u00fcberpr\u00fcfen und<br \/>\nzu entscheiden, ob diese Praktiken angemessen sind. <\/p>\n<h4>Kontaktieren Sie uns<\/h4>\n<p>Wenn Sie Fragen haben, kontaktieren Sie uns bitte auf folgendem Wege:<\/p>\n<p>Name: ATLANTIDE SAUNA HAMMAM<br \/>\nAdresse: 13 RUE PARROT 75012 PARIS<br \/>\nE-mail: infos@atlantide-sauna.com<\/p>\n<p>Wenn Sie Fragen oder Bedenken bez\u00fcglich der Verarbeitung Ihrer Informationen haben, k\u00f6nnen Sie sich an unseren Datenschutzbeauftragten wenden: webmaster@atlantide-sauna.com oder dpo@atlantide-sauna.com<\/p>\n<p>Aktualisiert am: 2025-10-12<\/p>\n","protected":false},"excerpt":{"rendered":"<p>Datum des Inkrafttretens: 27. Mai 2025 Diese Datenschutzrichtlinie erl\u00e4utert die Richtlinien von ATLANTIDE SAUNA HAMMAM bez\u00fcglich der Sammlung und Nutzung von Informationen, die wir sammeln, wenn Sie auf https:\/\/atlantide-sauna.com (der \u201eDienst\u201c) zugreifen. Diese Datenschutzrichtlinie beschreibt Ihre Datenschutzrechte und die Art und Weise, wie Sie durch die Datenschutzgesetze gesch\u00fctzt sind. Durch die Nutzung unseres Dienstes erkl\u00e4ren [&hellip;]<\/p>\n","protected":false},"author":4,"featured_media":0,"parent":0,"menu_order":9,"comment_status":"closed","ping_status":"closed","template":"","meta":{"footnotes":""},"class_list":["post-666","page","type-page","status-publish","hentry"],"yoast_head":"<!-- This site is optimized with the Yoast SEO Premium plugin v27.5 (Yoast SEO v27.5) - https:\/\/yoast.com\/product\/yoast-seo-premium-wordpress\/ -->\n<title>Datenschutzrichtlinie - Atlantide Sauna<\/title>\n<meta name=\"robots\" content=\"index, follow, max-snippet:-1, max-image-preview:large, max-video-preview:-1\" \/>\n<link rel=\"canonical\" href=\"https:\/\/atlantide-sauna.com\/de\/datenschutzrichtlinie\/\" \/>\n<meta property=\"og:locale\" content=\"de_DE\" \/>\n<meta property=\"og:type\" content=\"article\" \/>\n<meta property=\"og:title\" content=\"Datenschutzrichtlinie\" \/>\n<meta property=\"og:description\" content=\"Datum des Inkrafttretens: 27. Mai 2025 Diese Datenschutzrichtlinie erl\u00e4utert die Richtlinien von ATLANTIDE SAUNA HAMMAM bez\u00fcglich der Sammlung und Nutzung von Informationen, die wir sammeln, wenn Sie auf https:\/\/atlantide-sauna.com (der \u201eDienst\u201c) zugreifen. Diese Datenschutzrichtlinie beschreibt Ihre Datenschutzrechte und die Art und Weise, wie Sie durch die Datenschutzgesetze gesch\u00fctzt sind. Durch die Nutzung unseres Dienstes erkl\u00e4ren [&hellip;]\" \/>\n<meta property=\"og:url\" content=\"https:\/\/atlantide-sauna.com\/de\/datenschutzrichtlinie\/\" \/>\n<meta property=\"og:site_name\" content=\"Atlantide Sauna\" \/>\n<meta property=\"article:publisher\" content=\"https:\/\/www.facebook.com\/profile.php?id=100082829877238\" \/>\n<meta property=\"article:modified_time\" content=\"2025-10-11T12:57:48+00:00\" \/>\n<meta property=\"og:image\" content=\"https:\/\/i0.wp.com\/atlantide-sauna.com\/wp-content\/uploads\/2025\/06\/ASH_IMG2025_000.jpg?fit=1440%2C810&ssl=1\" \/>\n\t<meta property=\"og:image:width\" content=\"1440\" \/>\n\t<meta property=\"og:image:height\" content=\"810\" \/>\n\t<meta property=\"og:image:type\" content=\"image\/jpeg\" \/>\n<meta name=\"twitter:card\" content=\"summary_large_image\" \/>\n<meta name=\"twitter:site\" content=\"@atlantidesauna\" \/>\n<meta name=\"twitter:label1\" content=\"Gesch\u00e4tzte Lesezeit\" \/>\n\t<meta name=\"twitter:data1\" content=\"4\u00a0Minuten\" \/>\n<script type=\"application\/ld+json\" class=\"yoast-schema-graph\">{\"@context\":\"https:\\\/\\\/schema.org\",\"@graph\":[{\"@type\":\"WebPage\",\"@id\":\"https:\\\/\\\/atlantide-sauna.com\\\/de\\\/datenschutzrichtlinie\\\/\",\"url\":\"https:\\\/\\\/atlantide-sauna.com\\\/de\\\/datenschutzrichtlinie\\\/\",\"name\":\"Datenschutzrichtlinie - Atlantide Sauna\",\"isPartOf\":{\"@id\":\"https:\\\/\\\/atlantide-sauna.com\\\/de\\\/#website\"},\"datePublished\":\"2018-05-25T14:25:43+00:00\",\"dateModified\":\"2025-10-11T12:57:48+00:00\",\"breadcrumb\":{\"@id\":\"https:\\\/\\\/atlantide-sauna.com\\\/de\\\/datenschutzrichtlinie\\\/#breadcrumb\"},\"inLanguage\":\"de\",\"potentialAction\":[{\"@type\":\"ReadAction\",\"target\":[\"https:\\\/\\\/atlantide-sauna.com\\\/de\\\/datenschutzrichtlinie\\\/\"]}]},{\"@type\":\"BreadcrumbList\",\"@id\":\"https:\\\/\\\/atlantide-sauna.com\\\/de\\\/datenschutzrichtlinie\\\/#breadcrumb\",\"itemListElement\":[{\"@type\":\"ListItem\",\"position\":1,\"name\":\"Accueil\",\"item\":\"https:\\\/\\\/atlantide-sauna.com\\\/de\\\/startseite\\\/\"},{\"@type\":\"ListItem\",\"position\":2,\"name\":\"Datenschutzrichtlinie\"}]},{\"@type\":\"WebSite\",\"@id\":\"https:\\\/\\\/atlantide-sauna.com\\\/de\\\/#website\",\"url\":\"https:\\\/\\\/atlantide-sauna.com\\\/de\\\/\",\"name\":\"Atlantide Sauna\",\"description\":\"Sauna Toutes Tendances Gay Bi Tr**\",\"publisher\":{\"@id\":\"https:\\\/\\\/atlantide-sauna.com\\\/de\\\/#organization\"},\"alternateName\":\"Club libertin Atlantide Sauna Paris\",\"potentialAction\":[{\"@type\":\"SearchAction\",\"target\":{\"@type\":\"EntryPoint\",\"urlTemplate\":\"https:\\\/\\\/atlantide-sauna.com\\\/de\\\/?s={search_term_string}\"},\"query-input\":{\"@type\":\"PropertyValueSpecification\",\"valueRequired\":true,\"valueName\":\"search_term_string\"}}],\"inLanguage\":\"de\"},{\"@type\":\"Organization\",\"@id\":\"https:\\\/\\\/atlantide-sauna.com\\\/de\\\/#organization\",\"name\":\"ATLANTIDE SAUNA HAMMAM\",\"alternateName\":\"ATLANTIDE SAUNA HAMMAM\",\"url\":\"https:\\\/\\\/atlantide-sauna.com\\\/de\\\/\",\"logo\":{\"@type\":\"ImageObject\",\"inLanguage\":\"de\",\"@id\":\"https:\\\/\\\/atlantide-sauna.com\\\/de\\\/#\\\/schema\\\/logo\\\/image\\\/\",\"url\":\"https:\\\/\\\/atlantide-sauna.com\\\/wp-content\\\/uploads\\\/2025\\\/05\\\/ash_logo_2025_01.svg\",\"contentUrl\":\"https:\\\/\\\/atlantide-sauna.com\\\/wp-content\\\/uploads\\\/2025\\\/05\\\/ash_logo_2025_01.svg\",\"width\":1,\"height\":1,\"caption\":\"ATLANTIDE SAUNA HAMMAM\"},\"image\":{\"@id\":\"https:\\\/\\\/atlantide-sauna.com\\\/de\\\/#\\\/schema\\\/logo\\\/image\\\/\"},\"sameAs\":[\"https:\\\/\\\/www.facebook.com\\\/profile.php?id=100082829877238\",\"https:\\\/\\\/x.com\\\/atlantidesauna\"],\"description\":\"Sauna hammam toutes tendances. Un espace de libert\u00e9, de mixit\u00e9 et de tol\u00e9rance. Chez Atlantide Sauna vous trouverez les conditions id\u00e9ales pour vos rencontres libertines.\",\"email\":\"infos@atlantide-sauna.com\",\"telephone\":\"0143422243\",\"legalName\":\"ATLANTIDE SAUNA HAMMAM\",\"foundingDate\":\"1999-08-09\",\"vatID\":\"FR39423920370\",\"taxID\":\"42392037000016\",\"numberOfEmployees\":{\"@type\":\"QuantitativeValue\",\"minValue\":\"1\",\"maxValue\":\"10\"}}]}<\/script>\n<!-- \/ Yoast SEO Premium plugin. -->","yoast_head_json":{"title":"Datenschutzrichtlinie - Atlantide Sauna","robots":{"index":"index","follow":"follow","max-snippet":"max-snippet:-1","max-image-preview":"max-image-preview:large","max-video-preview":"max-video-preview:-1"},"canonical":"https:\/\/atlantide-sauna.com\/de\/datenschutzrichtlinie\/","og_locale":"de_DE","og_type":"article","og_title":"Datenschutzrichtlinie","og_description":"Datum des Inkrafttretens: 27. Mai 2025 Diese Datenschutzrichtlinie erl\u00e4utert die Richtlinien von ATLANTIDE SAUNA HAMMAM bez\u00fcglich der Sammlung und Nutzung von Informationen, die wir sammeln, wenn Sie auf https:\/\/atlantide-sauna.com (der \u201eDienst\u201c) zugreifen. Diese Datenschutzrichtlinie beschreibt Ihre Datenschutzrechte und die Art und Weise, wie Sie durch die Datenschutzgesetze gesch\u00fctzt sind. Durch die Nutzung unseres Dienstes erkl\u00e4ren [&hellip;]","og_url":"https:\/\/atlantide-sauna.com\/de\/datenschutzrichtlinie\/","og_site_name":"Atlantide Sauna","article_publisher":"https:\/\/www.facebook.com\/profile.php?id=100082829877238","article_modified_time":"2025-10-11T12:57:48+00:00","og_image":[{"width":1440,"height":810,"url":"https:\/\/i0.wp.com\/atlantide-sauna.com\/wp-content\/uploads\/2025\/06\/ASH_IMG2025_000.jpg?fit=1440%2C810&ssl=1","type":"image\/jpeg"}],"twitter_card":"summary_large_image","twitter_site":"@atlantidesauna","twitter_misc":{"Gesch\u00e4tzte Lesezeit":"4\u00a0Minuten"},"schema":{"@context":"https:\/\/schema.org","@graph":[{"@type":"WebPage","@id":"https:\/\/atlantide-sauna.com\/de\/datenschutzrichtlinie\/","url":"https:\/\/atlantide-sauna.com\/de\/datenschutzrichtlinie\/","name":"Datenschutzrichtlinie - Atlantide Sauna","isPartOf":{"@id":"https:\/\/atlantide-sauna.com\/de\/#website"},"datePublished":"2018-05-25T14:25:43+00:00","dateModified":"2025-10-11T12:57:48+00:00","breadcrumb":{"@id":"https:\/\/atlantide-sauna.com\/de\/datenschutzrichtlinie\/#breadcrumb"},"inLanguage":"de","potentialAction":[{"@type":"ReadAction","target":["https:\/\/atlantide-sauna.com\/de\/datenschutzrichtlinie\/"]}]},{"@type":"BreadcrumbList","@id":"https:\/\/atlantide-sauna.com\/de\/datenschutzrichtlinie\/#breadcrumb","itemListElement":[{"@type":"ListItem","position":1,"name":"Accueil","item":"https:\/\/atlantide-sauna.com\/de\/startseite\/"},{"@type":"ListItem","position":2,"name":"Datenschutzrichtlinie"}]},{"@type":"WebSite","@id":"https:\/\/atlantide-sauna.com\/de\/#website","url":"https:\/\/atlantide-sauna.com\/de\/","name":"Atlantide Sauna","description":"Sauna Toutes Tendances Gay Bi Tr**","publisher":{"@id":"https:\/\/atlantide-sauna.com\/de\/#organization"},"alternateName":"Club libertin Atlantide Sauna Paris","potentialAction":[{"@type":"SearchAction","target":{"@type":"EntryPoint","urlTemplate":"https:\/\/atlantide-sauna.com\/de\/?s={search_term_string}"},"query-input":{"@type":"PropertyValueSpecification","valueRequired":true,"valueName":"search_term_string"}}],"inLanguage":"de"},{"@type":"Organization","@id":"https:\/\/atlantide-sauna.com\/de\/#organization","name":"ATLANTIDE SAUNA HAMMAM","alternateName":"ATLANTIDE SAUNA HAMMAM","url":"https:\/\/atlantide-sauna.com\/de\/","logo":{"@type":"ImageObject","inLanguage":"de","@id":"https:\/\/atlantide-sauna.com\/de\/#\/schema\/logo\/image\/","url":"https:\/\/atlantide-sauna.com\/wp-content\/uploads\/2025\/05\/ash_logo_2025_01.svg","contentUrl":"https:\/\/atlantide-sauna.com\/wp-content\/uploads\/2025\/05\/ash_logo_2025_01.svg","width":1,"height":1,"caption":"ATLANTIDE SAUNA HAMMAM"},"image":{"@id":"https:\/\/atlantide-sauna.com\/de\/#\/schema\/logo\/image\/"},"sameAs":["https:\/\/www.facebook.com\/profile.php?id=100082829877238","https:\/\/x.com\/atlantidesauna"],"description":"Sauna hammam toutes tendances. Un espace de libert\u00e9, de mixit\u00e9 et de tol\u00e9rance. Chez Atlantide Sauna vous trouverez les conditions id\u00e9ales pour vos rencontres libertines.","email":"infos@atlantide-sauna.com","telephone":"0143422243","legalName":"ATLANTIDE SAUNA HAMMAM","foundingDate":"1999-08-09","vatID":"FR39423920370","taxID":"42392037000016","numberOfEmployees":{"@type":"QuantitativeValue","minValue":"1","maxValue":"10"}}]}},"jetpack_sharing_enabled":true,"_links":{"self":[{"href":"https:\/\/atlantide-sauna.com\/de\/wp-json\/wp\/v2\/pages\/666","targetHints":{"allow":["GET"]}}],"collection":[{"href":"https:\/\/atlantide-sauna.com\/de\/wp-json\/wp\/v2\/pages"}],"about":[{"href":"https:\/\/atlantide-sauna.com\/de\/wp-json\/wp\/v2\/types\/page"}],"author":[{"embeddable":true,"href":"https:\/\/atlantide-sauna.com\/de\/wp-json\/wp\/v2\/users\/4"}],"replies":[{"embeddable":true,"href":"https:\/\/atlantide-sauna.com\/de\/wp-json\/wp\/v2\/comments?post=666"}],"version-history":[{"count":5,"href":"https:\/\/atlantide-sauna.com\/de\/wp-json\/wp\/v2\/pages\/666\/revisions"}],"predecessor-version":[{"id":5356,"href":"https:\/\/atlantide-sauna.com\/de\/wp-json\/wp\/v2\/pages\/666\/revisions\/5356"}],"wp:attachment":[{"href":"https:\/\/atlantide-sauna.com\/de\/wp-json\/wp\/v2\/media?parent=666"}],"curies":[{"name":"wp","href":"https:\/\/api.w.org\/{rel}","templated":true}]}}