{"id":725,"date":"2025-05-11T15:20:26","date_gmt":"2025-05-11T13:20:26","guid":{"rendered":"https:\/\/dev.atlantide-sauna.com\/startseite\/"},"modified":"2026-01-28T17:28:19","modified_gmt":"2026-01-28T16:28:19","slug":"startseite","status":"publish","type":"page","link":"https:\/\/atlantide-sauna.com\/de\/","title":{"rendered":"Willkommen bei"},"content":{"rendered":"<div style=\"text-align: justify;\">Die <strong>Atlantide Sauna wurde 1999 gegr\u00fcndet<\/strong>, um einen Raum der Freiheit, der Mischung und der Toleranz zu schaffen. In diesem exklusiven <strong>CLUB<\/strong> k\u00f6nnen alle W\u00fcnsche und Fantasien in einem respektvollen und freundlichen Rahmen ausgedr\u00fcckt werden. Unabh\u00e4ngig von Ihrer Herkunft, Ihrer Kultur, Ihrem Alter oder Ihren W\u00fcnschen werden Sie von einem l\u00e4chelnden, aufmerksamen und wohlwollenden Personal empfangen.  <\/div>\n<div style=\"text-align: justify;\"><\/div>\n<div style=\"text-align: justify;\">Wir achten auf die Einhaltung unserer Hygiene- und Sicherheitsregeln, auf respektvolles und tolerantes Verhalten, das f\u00fcr das reibungslose Funktionieren des CLUBs unerl\u00e4sslich ist.<\/div>\n<p><iframe loading=\"lazy\" title=\"YouTube-Video-Player\" src=\"https:\/\/www.youtube-nocookie.com\/embed\/UtM2Eaf40Zo?si=V1KmeYsQt9r-rs7O&amp;controls=0&amp;start=17\" width=\"370\" height=\"208\" frameborder=\"0\" allowfullscreen=\"allowfullscreen\"><\/iframe><\/p>\n<h6 style=\"text-align: left;\">Pariser Sauna f\u00fcr Schwule, Bi, Heteros, Transvestiten, Transen &#8230;<br \/>\nSauna Hammam f\u00fcr alle Trends &#8230;<br \/>\nWillkommen in der Atlantis Sauna!<\/h6>\n<p style=\"text-align: left;\">Ihr Raum der Freiheit, der Mischung und der Toleranz. Entdecken Sie unsere trendige Hammam-Sauna, die all Ihre W\u00fcnsche erf\u00fcllen wird. <\/p>\n<div>Besuchen Sie unsere <a href=\"https:\/\/atlantide-sauna.com\/de\/preise\/\" target=\"_blank\" rel=\"noopener\">Preisliste<\/a> und den <a href=\"https:\/\/atlantide-sauna.com\/de\/blog\/\" target=\"_blank\" rel=\"noopener\">Blog<\/a> mit Informationen \u00fcber die Hammam-Sauna. Das Sauna-Hamam ist ein Ort, an dem Sie sich mit unseren <a href=\"https:\/\/club.atlantide-sauna.com\/\" target=\"_blank\" rel=\"noopener\">CLUB-Mitgliedern<\/a> treffen k\u00f6nnen, ein Ort, an dem alle Trends im Vordergrund stehen. <\/div>\n<div class=\"uk-alert\" style=\"text-align: center;\"><strong>T\u00e4glich<\/strong> von 12.00 bis 22.00 Uhr <strong>ge\u00f6ffnet<\/strong><\/p>\n<p><strong> EINTRITT F\u00dcR M\u00c4NNER<\/strong> ab 18\u20ac<br \/>\n<a class=\"uk-button uk-button-small uk-button-secondary\" href=\"https:\/\/atlantide-sauna.com\/de\/preise\/\" target=\"_blank\" rel=\"noopener\">Weitere Informationen<\/a><\/div>\n<p style=\"text-align: left;\">In der Atlantide Sauna finden Sie die idealen Bedingungen f\u00fcr Ihr freiz\u00fcgiges Treffen.<br \/>\nAn der Bar, im Dampfbad oder in der Sauna k\u00f6nnen Sie sich in einer geselligen Atmosph\u00e4re entspannen.<br \/>\nPrivate oder kollektive Entspannungsr\u00e4ume stehen Ihnen zur Verf\u00fcgung, damit Sie Ihren Sinnen freien Lauf lassen k\u00f6nnen!<\/p>\n<div class=\"uk-alert\" style=\"text-align: center;\">\n<div style=\"text-align: center;\"><a href=\"https:\/\/atlantide-sauna.com\/billetterie\/\">Kaufen Sie Ihre Eintrittskarten<\/a> online.<br \/>\nPromotions, Sonderangebote, Veranstaltungen&#8230;<\/div>\n<p>&nbsp;<\/p>\n<div style=\"text-align: center;\"><a href=\"https:\/\/atlantide-sauna.com\/billetterie\/\"><img decoding=\"async\" class=\"aligncenter wp-image-5699\" src=\"https:\/\/atlantide-sauna.com\/wp-content\/uploads\/2025\/10\/ASH_TICKET_25-BILLETTERIE.svg\" alt=\"\" width=\"300\"><\/a><\/div>\n<p>&nbsp;<\/p>\n<div style=\"text-align: center;\">Jeden Monat gibt es Rabatte auf unsere verschiedenen Tarife.<\/div>\n<\/div>\n<p style=\"text-align: left;\">Die Atlantide Sauna, nur wenige Schritte vom <strong>Bahnhof Gare de Lyon<\/strong> entfernt, ist der erste private Club in Paris, in dem sich libert\u00e4re Menschen aller Richtungen treffen k\u00f6nnen. Ob Sie ein Mann, eine Frau, hetero, homo, transsexuell oder Transvestit sind, ob Sie allein oder als Paar kommen, Sie sind herzlich willkommen in einer Hammam-Sauna, die im Zeichen der Geselligkeit steht und ein komplizenhaftes Beisammensein erm\u00f6glicht, das sich besonders gut f\u00fcr z\u00fcgellose sexuelle Praktiken eignet. <\/p>\n<h2 style=\"text-align: left;\"><strong>Atlantide Sauna: Toleranz und Ethik im Dienste der Libertinage.<\/strong><\/h2>\n","protected":false},"excerpt":{"rendered":"<p>Die Atlantide Sauna wurde 1999 gegr\u00fcndet, um einen Raum der Freiheit, der Mischung und der Toleranz zu schaffen. In diesem exklusiven CLUB k\u00f6nnen alle W\u00fcnsche und Fantasien in einem respektvollen und freundlichen Rahmen ausgedr\u00fcckt werden. Unabh\u00e4ngig von Ihrer Herkunft, Ihrer Kultur, Ihrem Alter oder Ihren W\u00fcnschen werden Sie von einem l\u00e4chelnden, aufmerksamen und wohlwollenden Personal [&hellip;]<\/p>\n","protected":false},"author":4,"featured_media":4440,"parent":0,"menu_order":0,"comment_status":"closed","ping_status":"closed","template":"","meta":{"footnotes":""},"class_list":["post-725","page","type-page","status-publish","has-post-thumbnail","hentry"],"yoast_head":"<!-- This site is optimized with the Yoast SEO Premium plugin v27.2 (Yoast SEO v27.2) - https:\/\/yoast.com\/product\/yoast-seo-premium-wordpress\/ -->\n<title>Sauna und Dampfbad mit allen Trends f\u00fcr alle W\u00fcnsche - Atlantide Sauna<\/title>\n<meta name=\"description\" content=\"Atlantide Sauna Paris: Ein Ort der Freiheit, Mischung und Toleranz. Alle W\u00fcnsche und Fantasien in einem respektvollen und freundlichen Rahmen.\" \/>\n<meta name=\"robots\" content=\"index, follow, max-snippet:-1, max-image-preview:large, max-video-preview:-1\" \/>\n<link rel=\"canonical\" href=\"https:\/\/atlantide-sauna.com\/de\/\" \/>\n<meta property=\"og:locale\" content=\"de_DE\" \/>\n<meta property=\"og:type\" content=\"article\" \/>\n<meta property=\"og:title\" content=\"Willkommen bei\" \/>\n<meta property=\"og:description\" content=\"Atlantide Sauna Paris: Ein Ort der Freiheit, Mischung und Toleranz. Alle W\u00fcnsche und Fantasien in einem respektvollen und freundlichen Rahmen.\" \/>\n<meta property=\"og:url\" content=\"https:\/\/atlantide-sauna.com\/de\/\" \/>\n<meta property=\"og:site_name\" content=\"Atlantide Sauna\" \/>\n<meta property=\"article:publisher\" content=\"https:\/\/www.facebook.com\/profile.php?id=100082829877238\" \/>\n<meta property=\"article:modified_time\" content=\"2026-01-28T16:28:19+00:00\" \/>\n<meta property=\"og:image\" content=\"https:\/\/i0.wp.com\/atlantide-sauna.com\/wp-content\/uploads\/2025\/06\/ASH_IMG2025_000.jpg?fit=1440%2C810&ssl=1\" \/>\n\t<meta property=\"og:image:width\" content=\"1440\" \/>\n\t<meta property=\"og:image:height\" content=\"810\" \/>\n\t<meta property=\"og:image:type\" content=\"image\/jpeg\" \/>\n<meta name=\"twitter:card\" content=\"summary_large_image\" \/>\n<meta name=\"twitter:site\" content=\"@atlantidesauna\" \/>\n<meta name=\"twitter:label1\" content=\"Gesch\u00e4tzte Lesezeit\" \/>\n\t<meta name=\"twitter:data1\" content=\"2\u00a0Minuten\" \/>\n<script type=\"application\/ld+json\" class=\"yoast-schema-graph\">{\"@context\":\"https:\/\/schema.org\",\"@graph\":[{\"@type\":\"WebPage\",\"@id\":\"https:\/\/atlantide-sauna.com\/de\/\",\"url\":\"https:\/\/atlantide-sauna.com\/de\/\",\"name\":\"Sauna und Dampfbad mit allen Trends f\u00fcr alle W\u00fcnsche - Atlantide Sauna\",\"isPartOf\":{\"@id\":\"https:\/\/atlantide-sauna.com\/de\/#website\"},\"primaryImageOfPage\":{\"@id\":\"https:\/\/atlantide-sauna.com\/de\/#primaryimage\"},\"image\":{\"@id\":\"https:\/\/atlantide-sauna.com\/de\/#primaryimage\"},\"thumbnailUrl\":\"https:\/\/i0.wp.com\/atlantide-sauna.com\/wp-content\/uploads\/2025\/06\/ASH_IMG2025_000.jpg?fit=1440%2C810&ssl=1\",\"datePublished\":\"2025-05-11T13:20:26+00:00\",\"dateModified\":\"2026-01-28T16:28:19+00:00\",\"description\":\"Atlantide Sauna Paris: Ein Ort der Freiheit, Mischung und Toleranz. Alle W\u00fcnsche und Fantasien in einem respektvollen und freundlichen Rahmen.\",\"breadcrumb\":{\"@id\":\"https:\/\/atlantide-sauna.com\/de\/#breadcrumb\"},\"inLanguage\":\"de\",\"potentialAction\":[{\"@type\":\"ReadAction\",\"target\":[\"https:\/\/atlantide-sauna.com\/de\/\"]}]},{\"@type\":\"ImageObject\",\"inLanguage\":\"de\",\"@id\":\"https:\/\/atlantide-sauna.com\/de\/#primaryimage\",\"url\":\"https:\/\/i0.wp.com\/atlantide-sauna.com\/wp-content\/uploads\/2025\/06\/ASH_IMG2025_000.jpg?fit=1440%2C810&ssl=1\",\"contentUrl\":\"https:\/\/i0.wp.com\/atlantide-sauna.com\/wp-content\/uploads\/2025\/06\/ASH_IMG2025_000.jpg?fit=1440%2C810&ssl=1\",\"width\":1440,\"height\":810,\"caption\":\"Atlantide Sauna Paris - Club libertin all trends - Gare de Lyon\"},{\"@type\":\"BreadcrumbList\",\"@id\":\"https:\/\/atlantide-sauna.com\/de\/#breadcrumb\",\"itemListElement\":[{\"@type\":\"ListItem\",\"position\":1,\"name\":\"Accueil\",\"item\":\"https:\/\/atlantide-sauna.com\/de\/startseite\/\"},{\"@type\":\"ListItem\",\"position\":2,\"name\":\"Willkommen bei\"}]},{\"@type\":\"WebSite\",\"@id\":\"https:\/\/atlantide-sauna.com\/de\/#website\",\"url\":\"https:\/\/atlantide-sauna.com\/de\/\",\"name\":\"Atlantide Sauna\",\"description\":\"Sauna Toutes Tendances Gay Bi Tr**\",\"publisher\":{\"@id\":\"https:\/\/atlantide-sauna.com\/de\/#organization\"},\"alternateName\":\"Club libertin Atlantide Sauna Paris\",\"potentialAction\":[{\"@type\":\"SearchAction\",\"target\":{\"@type\":\"EntryPoint\",\"urlTemplate\":\"https:\/\/atlantide-sauna.com\/de\/?s={search_term_string}\"},\"query-input\":{\"@type\":\"PropertyValueSpecification\",\"valueRequired\":true,\"valueName\":\"search_term_string\"}}],\"inLanguage\":\"de\"},{\"@type\":\"Organization\",\"@id\":\"https:\/\/atlantide-sauna.com\/de\/#organization\",\"name\":\"ATLANTIDE SAUNA HAMMAM\",\"alternateName\":\"ATLANTIDE SAUNA HAMMAM\",\"url\":\"https:\/\/atlantide-sauna.com\/de\/\",\"logo\":{\"@type\":\"ImageObject\",\"inLanguage\":\"de\",\"@id\":\"https:\/\/atlantide-sauna.com\/de\/#\/schema\/logo\/image\/\",\"url\":\"https:\/\/atlantide-sauna.com\/wp-content\/uploads\/2025\/05\/ash_logo_2025_01.svg\",\"contentUrl\":\"https:\/\/atlantide-sauna.com\/wp-content\/uploads\/2025\/05\/ash_logo_2025_01.svg\",\"width\":1,\"height\":1,\"caption\":\"ATLANTIDE SAUNA HAMMAM\"},\"image\":{\"@id\":\"https:\/\/atlantide-sauna.com\/de\/#\/schema\/logo\/image\/\"},\"sameAs\":[\"https:\/\/www.facebook.com\/profile.php?id=100082829877238\",\"https:\/\/x.com\/atlantidesauna\"],\"description\":\"Sauna hammam toutes tendances. Un espace de libert\u00e9, de mixit\u00e9 et de tol\u00e9rance. Chez Atlantide Sauna vous trouverez les conditions id\u00e9ales pour vos rencontres libertines.\",\"email\":\"infos@atlantide-sauna.com\",\"telephone\":\"0143422243\",\"legalName\":\"ATLANTIDE SAUNA HAMMAM\",\"foundingDate\":\"1999-08-09\",\"vatID\":\"FR39423920370\",\"taxID\":\"42392037000016\",\"numberOfEmployees\":{\"@type\":\"QuantitativeValue\",\"minValue\":\"1\",\"maxValue\":\"10\"}}]}<\/script>\n<!-- \/ Yoast SEO Premium plugin. -->","yoast_head_json":{"title":"Sauna und Dampfbad mit allen Trends f\u00fcr alle W\u00fcnsche - Atlantide Sauna","description":"Atlantide Sauna Paris: Ein Ort der Freiheit, Mischung und Toleranz. Alle W\u00fcnsche und Fantasien in einem respektvollen und freundlichen Rahmen.","robots":{"index":"index","follow":"follow","max-snippet":"max-snippet:-1","max-image-preview":"max-image-preview:large","max-video-preview":"max-video-preview:-1"},"canonical":"https:\/\/atlantide-sauna.com\/de\/","og_locale":"de_DE","og_type":"article","og_title":"Willkommen bei","og_description":"Atlantide Sauna Paris: Ein Ort der Freiheit, Mischung und Toleranz. Alle W\u00fcnsche und Fantasien in einem respektvollen und freundlichen Rahmen.","og_url":"https:\/\/atlantide-sauna.com\/de\/","og_site_name":"Atlantide Sauna","article_publisher":"https:\/\/www.facebook.com\/profile.php?id=100082829877238","article_modified_time":"2026-01-28T16:28:19+00:00","og_image":[{"width":1440,"height":810,"url":"https:\/\/i0.wp.com\/atlantide-sauna.com\/wp-content\/uploads\/2025\/06\/ASH_IMG2025_000.jpg?fit=1440%2C810&ssl=1","type":"image\/jpeg"}],"twitter_card":"summary_large_image","twitter_site":"@atlantidesauna","twitter_misc":{"Gesch\u00e4tzte Lesezeit":"2\u00a0Minuten"},"schema":{"@context":"https:\/\/schema.org","@graph":[{"@type":"WebPage","@id":"https:\/\/atlantide-sauna.com\/de\/","url":"https:\/\/atlantide-sauna.com\/de\/","name":"Sauna und Dampfbad mit allen Trends f\u00fcr alle W\u00fcnsche - Atlantide Sauna","isPartOf":{"@id":"https:\/\/atlantide-sauna.com\/de\/#website"},"primaryImageOfPage":{"@id":"https:\/\/atlantide-sauna.com\/de\/#primaryimage"},"image":{"@id":"https:\/\/atlantide-sauna.com\/de\/#primaryimage"},"thumbnailUrl":"https:\/\/i0.wp.com\/atlantide-sauna.com\/wp-content\/uploads\/2025\/06\/ASH_IMG2025_000.jpg?fit=1440%2C810&ssl=1","datePublished":"2025-05-11T13:20:26+00:00","dateModified":"2026-01-28T16:28:19+00:00","description":"Atlantide Sauna Paris: Ein Ort der Freiheit, Mischung und Toleranz. Alle W\u00fcnsche und Fantasien in einem respektvollen und freundlichen Rahmen.","breadcrumb":{"@id":"https:\/\/atlantide-sauna.com\/de\/#breadcrumb"},"inLanguage":"de","potentialAction":[{"@type":"ReadAction","target":["https:\/\/atlantide-sauna.com\/de\/"]}]},{"@type":"ImageObject","inLanguage":"de","@id":"https:\/\/atlantide-sauna.com\/de\/#primaryimage","url":"https:\/\/i0.wp.com\/atlantide-sauna.com\/wp-content\/uploads\/2025\/06\/ASH_IMG2025_000.jpg?fit=1440%2C810&ssl=1","contentUrl":"https:\/\/i0.wp.com\/atlantide-sauna.com\/wp-content\/uploads\/2025\/06\/ASH_IMG2025_000.jpg?fit=1440%2C810&ssl=1","width":1440,"height":810,"caption":"Atlantide Sauna Paris - Club libertin all trends - Gare de Lyon"},{"@type":"BreadcrumbList","@id":"https:\/\/atlantide-sauna.com\/de\/#breadcrumb","itemListElement":[{"@type":"ListItem","position":1,"name":"Accueil","item":"https:\/\/atlantide-sauna.com\/de\/startseite\/"},{"@type":"ListItem","position":2,"name":"Willkommen bei"}]},{"@type":"WebSite","@id":"https:\/\/atlantide-sauna.com\/de\/#website","url":"https:\/\/atlantide-sauna.com\/de\/","name":"Atlantide Sauna","description":"Sauna Toutes Tendances Gay Bi Tr**","publisher":{"@id":"https:\/\/atlantide-sauna.com\/de\/#organization"},"alternateName":"Club libertin Atlantide Sauna Paris","potentialAction":[{"@type":"SearchAction","target":{"@type":"EntryPoint","urlTemplate":"https:\/\/atlantide-sauna.com\/de\/?s={search_term_string}"},"query-input":{"@type":"PropertyValueSpecification","valueRequired":true,"valueName":"search_term_string"}}],"inLanguage":"de"},{"@type":"Organization","@id":"https:\/\/atlantide-sauna.com\/de\/#organization","name":"ATLANTIDE SAUNA HAMMAM","alternateName":"ATLANTIDE SAUNA HAMMAM","url":"https:\/\/atlantide-sauna.com\/de\/","logo":{"@type":"ImageObject","inLanguage":"de","@id":"https:\/\/atlantide-sauna.com\/de\/#\/schema\/logo\/image\/","url":"https:\/\/atlantide-sauna.com\/wp-content\/uploads\/2025\/05\/ash_logo_2025_01.svg","contentUrl":"https:\/\/atlantide-sauna.com\/wp-content\/uploads\/2025\/05\/ash_logo_2025_01.svg","width":1,"height":1,"caption":"ATLANTIDE SAUNA HAMMAM"},"image":{"@id":"https:\/\/atlantide-sauna.com\/de\/#\/schema\/logo\/image\/"},"sameAs":["https:\/\/www.facebook.com\/profile.php?id=100082829877238","https:\/\/x.com\/atlantidesauna"],"description":"Sauna hammam toutes tendances. Un espace de libert\u00e9, de mixit\u00e9 et de tol\u00e9rance. Chez Atlantide Sauna vous trouverez les conditions id\u00e9ales pour vos rencontres libertines.","email":"infos@atlantide-sauna.com","telephone":"0143422243","legalName":"ATLANTIDE SAUNA HAMMAM","foundingDate":"1999-08-09","vatID":"FR39423920370","taxID":"42392037000016","numberOfEmployees":{"@type":"QuantitativeValue","minValue":"1","maxValue":"10"}}]}},"jetpack-related-posts":[{"id":663,"url":"https:\/\/atlantide-sauna.com\/de\/rechtliche-hinweise-und-dsgvo\/","url_meta":{"origin":725,"position":0},"title":"Rechtliche Hinweise und DSGVO","author":"Atlantide Sauna","date":"20. Mai 2020","format":false,"excerpt":"Definitionen Kunde: Jeder Gewerbetreibende oder jede nat\u00fcrliche Person, die im Sinne der Artikel 1123 ff. des B\u00fcrgerlichen Gesetzbuches gesch\u00e4ftsf\u00e4hig ist, oder jede juristische Person, die die Website besucht, die Gegenstand der vorliegenden Allgemeinen Gesch\u00e4ftsbedingungen ist. Leistungen und Dienste: ATLANTIDE SAUNA stellt den Kunden zur Verf\u00fcgung: Inhalt: Die Gesamtheit der Elemente,\u2026","rel":"","context":"In &quot;Atlantide-Sauna&quot;","block_context":{"text":"Atlantide-Sauna","link":"https:\/\/atlantide-sauna.com\/de\/category\/atlantide-sauna-de\/"},"img":{"alt_text":"","src":"","width":0,"height":0},"classes":[]},{"id":666,"url":"https:\/\/atlantide-sauna.com\/de\/datenschutzrichtlinie\/","url_meta":{"origin":725,"position":1},"title":"Datenschutzrichtlinie","author":"Atlantide Sauna","date":"25. Mai 2018","format":false,"excerpt":"Datum des Inkrafttretens: 27. Mai 2025 Diese Datenschutzrichtlinie erl\u00e4utert die Richtlinien von ATLANTIDE SAUNA HAMMAM bez\u00fcglich der Sammlung und Nutzung von Informationen, die wir sammeln, wenn Sie auf https:\/\/atlantide-sauna.com (der \u201eDienst\u201c) zugreifen. Diese Datenschutzrichtlinie beschreibt Ihre Datenschutzrechte und die Art und Weise, wie Sie durch die Datenschutzgesetze gesch\u00fctzt sind. Durch\u2026","rel":"","context":"In &quot;Atlantide-Sauna&quot;","block_context":{"text":"Atlantide-Sauna","link":"https:\/\/atlantide-sauna.com\/de\/category\/atlantide-sauna-de\/"},"img":{"alt_text":"","src":"","width":0,"height":0},"classes":[]},{"id":4863,"url":"https:\/\/atlantide-sauna.com\/de\/sauna-hammam\/hamam-paris-12\/","url_meta":{"origin":725,"position":2},"title":"Hamam Paris 12","author":"Atlantide Sauna","date":"22. Mai 2025","format":false,"excerpt":"Hamam Paris 12 Die Besonderheit der Atlantide Sauna ist, dass es sich um einen Hamam im Herzen von Paris handelt. Unsere Sauna ist sowohl f\u00fcr Paare als auch f\u00fcr Schwule und Lesben geeignet. Ein freundliches Personal und eine intime Atmosph\u00e4re mit beruhigenden T\u00f6nen sind der Rahmen, den wir Ihnen bieten.\u2026","rel":"","context":"In &quot;Sauna Hammam&quot;","block_context":{"text":"Sauna Hammam","link":"https:\/\/atlantide-sauna.com\/de\/category\/sauna-hammam-de\/"},"img":{"alt_text":"","src":"","width":0,"height":0},"classes":[]},{"id":5088,"url":"https:\/\/atlantide-sauna.com\/de\/sauna-hammam\/sauna-hammam-paar-paris\/","url_meta":{"origin":725,"position":3},"title":"Sauna hammam Paar paris","author":"Atlantide Sauna","date":"22. Mai 2025","format":false,"excerpt":"In der Atlantide Sauna finden Sie die idealen Bedingungen f\u00fcr ein freiz\u00fcgiges Treffen. In der Bar, dem Dampfbad oder der Sauna k\u00f6nnen Sie sich in einer freundlichen Atmosph\u00e4re entspannen und relaxen. Die privaten oder kollektiven Entspannungsr\u00e4ume stehen Ihnen zur Verf\u00fcgung, um Ihren Sinnen freien Lauf zu lassen!\" Lesen Sie mehr\u2026","rel":"","context":"In &quot;Sauna Hammam&quot;","block_context":{"text":"Sauna Hammam","link":"https:\/\/atlantide-sauna.com\/de\/category\/sauna-hammam-de\/"},"img":{"alt_text":"","src":"https:\/\/i0.wp.com\/atlantide-sauna.com\/wp-content\/uploads\/2025\/10\/ASH_IMG2025_014.jpg?fit=1200%2C675&ssl=1&resize=350%2C200","width":350,"height":200,"srcset":"https:\/\/i0.wp.com\/atlantide-sauna.com\/wp-content\/uploads\/2025\/10\/ASH_IMG2025_014.jpg?fit=1200%2C675&ssl=1&resize=350%2C200 1x, https:\/\/i0.wp.com\/atlantide-sauna.com\/wp-content\/uploads\/2025\/10\/ASH_IMG2025_014.jpg?fit=1200%2C675&ssl=1&resize=525%2C300 1.5x, https:\/\/i0.wp.com\/atlantide-sauna.com\/wp-content\/uploads\/2025\/10\/ASH_IMG2025_014.jpg?fit=1200%2C675&ssl=1&resize=700%2C400 2x, https:\/\/i0.wp.com\/atlantide-sauna.com\/wp-content\/uploads\/2025\/10\/ASH_IMG2025_014.jpg?fit=1200%2C675&ssl=1&resize=1050%2C600 3x"},"classes":[]},{"id":4874,"url":"https:\/\/atlantide-sauna.com\/de\/sauna-hammam\/bisexueller-club-und-transvestitenclub-paris-in-der-naehe-des-gare-de-lyon\/","url_meta":{"origin":725,"position":4},"title":"Bisexueller Club und Transvestitenclub Paris in der N\u00e4he des Gare de Lyon","author":"Atlantide Sauna","date":"22. Mai 2025","format":false,"excerpt":"Bisexueller Club und Transvestitenclub in Paris 12 Die Besonderheit der Atlantide Sauna ist, dass es sich um einen Hamam Libertin im Herzen von Paris handelt. Unsere Sauna in Paris Gare de Lyon ist f\u00fcr Paare, Transvestiten, Bisex, neugierige Heteros und Schwule gleicherma\u00dfen geeignet. Ein freundliches Personal und eine intime Atmosph\u00e4re\u2026","rel":"","context":"In &quot;Sauna Hammam&quot;","block_context":{"text":"Sauna Hammam","link":"https:\/\/atlantide-sauna.com\/de\/category\/sauna-hammam-de\/"},"img":{"alt_text":"","src":"","width":0,"height":0},"classes":[]},{"id":518,"url":"https:\/\/atlantide-sauna.com\/de\/faq-praktische-informationen\/","url_meta":{"origin":725,"position":5},"title":"Informationen","author":"Atlantide Sauna","date":"16. Juli 2022","format":false,"excerpt":"WIE SIND DIE \u00d6FFNUNGSZEITEN DER ATLANTIDE SAUNA? T\u00e4glich von 12.00 bis 22.00 Uhr, auch an Sonn- und Feiertagen. Bei besonderen Anl\u00e4ssen k\u00f6nnen wir auch andere \u00d6ffnungszeiten anbieten. WANN IST DIE ATLANTIS-SAUNA AM BESTEN BESUCHT? Eine Frage an Frau Irma und ihre Kristallkugel!!! In der Regel (aber es gibt viele Ausnahmen)\u2026","rel":"","context":"In &quot;Atlantide-Sauna&quot;","block_context":{"text":"Atlantide-Sauna","link":"https:\/\/atlantide-sauna.com\/de\/category\/atlantide-sauna-de\/"},"img":{"alt_text":"Atlantide Sauna Paris - Informations pratiques","src":"https:\/\/i0.wp.com\/atlantide-sauna.com\/wp-content\/uploads\/2014\/04\/ASH_IMG_0180_675_1200-e1748345108440.jpg?fit=675%2C380&ssl=1&resize=350%2C200","width":350,"height":200,"srcset":"https:\/\/i0.wp.com\/atlantide-sauna.com\/wp-content\/uploads\/2014\/04\/ASH_IMG_0180_675_1200-e1748345108440.jpg?fit=675%2C380&ssl=1&resize=350%2C200 1x, https:\/\/i0.wp.com\/atlantide-sauna.com\/wp-content\/uploads\/2014\/04\/ASH_IMG_0180_675_1200-e1748345108440.jpg?fit=675%2C380&ssl=1&resize=525%2C300 1.5x"},"classes":[]}],"jetpack_sharing_enabled":true,"_links":{"self":[{"href":"https:\/\/atlantide-sauna.com\/de\/wp-json\/wp\/v2\/pages\/725","targetHints":{"allow":["GET"]}}],"collection":[{"href":"https:\/\/atlantide-sauna.com\/de\/wp-json\/wp\/v2\/pages"}],"about":[{"href":"https:\/\/atlantide-sauna.com\/de\/wp-json\/wp\/v2\/types\/page"}],"author":[{"embeddable":true,"href":"https:\/\/atlantide-sauna.com\/de\/wp-json\/wp\/v2\/users\/4"}],"replies":[{"embeddable":true,"href":"https:\/\/atlantide-sauna.com\/de\/wp-json\/wp\/v2\/comments?post=725"}],"version-history":[{"count":5,"href":"https:\/\/atlantide-sauna.com\/de\/wp-json\/wp\/v2\/pages\/725\/revisions"}],"predecessor-version":[{"id":8021,"href":"https:\/\/atlantide-sauna.com\/de\/wp-json\/wp\/v2\/pages\/725\/revisions\/8021"}],"wp:featuredmedia":[{"embeddable":true,"href":"https:\/\/atlantide-sauna.com\/de\/wp-json\/wp\/v2\/media\/4440"}],"wp:attachment":[{"href":"https:\/\/atlantide-sauna.com\/de\/wp-json\/wp\/v2\/media?parent=725"}],"curies":[{"name":"wp","href":"https:\/\/api.w.org\/{rel}","templated":true}]}}