{"id":747,"date":"2022-07-16T17:26:02","date_gmt":"2022-07-16T15:26:02","guid":{"rendered":"https:\/\/dev.atlantide-sauna.com\/tarife-2025\/"},"modified":"2026-01-28T17:27:53","modified_gmt":"2026-01-28T16:27:53","slug":"preise","status":"publish","type":"page","link":"https:\/\/atlantide-sauna.com\/de\/preise\/","title":{"rendered":"Tarife 2026"},"content":{"rendered":"&#13;\n<h1 id=\"h-homme\" class=\"wp-block-heading\">MANN<\/h1>&#13;\n&#13;\n<figure class=\"wp-block-table uk-table uk-table-striped uk-table-small uk-table-middle\">&#13;\n<table class=\"has-fixed-layout\">&#13;\n<tbody>&#13;\n<tr>&#13;\n<td class=\"has-text-align-center\" data-align=\"center\"><strong>Woche<\/strong><br\/>Montag bis Freitag<\/td>&#13;\n<td class=\"has-text-align-right\" data-align=\"right\"><span class=\"uk-h3 uk-text-warning uk-text-right\">35\u20ac<\/span><\/td>&#13;\n<\/tr>&#13;\n<tr>&#13;\n<td class=\"has-text-align-center\" data-align=\"center\"><strong>Wochenende<\/strong><br\/>Samstag bis Sonntag<\/td>&#13;\n<td class=\"has-text-align-right\" data-align=\"right\"><span class=\"uk-h3 uk-text-warning uk-text-right\">45\u20ac<\/span><\/td>&#13;\n<\/tr>&#13;\n<\/tbody>&#13;\n<\/table>&#13;\n<\/figure>&#13;\n&#13;\n<p class=\"has-text-align-center\">Kaufen Sie Ihre <strong>Eintrittskarten<\/strong> online in unserem <a class=\"uk-button uk-button-small uk-button-danger\" href=\"https:\/\/atlantide-sauna.com\/billetterie\/\"><strong>TICKETTERIE<\/strong><\/a><\/p>&#13;\n\r\n<div class=\"uk-tile uk-tile-secondary uk-h3 uk-padding-small\">ERM\u00c4SSIGTE PREISE<br\/><span class=\"uk-h4 uk-text-warning\">NUR<br\/>von Montag bis Freitag<\/span><\/div>\r\n&#13;\n<figure class=\"wp-block-table uk-table uk-table-striped uk-table-small uk-table-middle\">&#13;\n<table class=\"has-fixed-layout\">&#13;\n<tbody>&#13;\n<tr>&#13;\n<td><span class=\"uk-h4\">Junger<\/span><\/td>&#13;\n<td>Unter 22 Jahren<br\/>oder Student<\/td>&#13;\n<td class=\"has-text-align-right\" data-align=\"right\"><span class=\"uk-h5 uk-text-warning uk-text-right\">18\u20ac<\/span><\/td>&#13;\n<\/tr>&#13;\n<tr>&#13;\n<td>\u00a0<\/td>&#13;\n<td>Unter 27 Jahren<br\/>Milit\u00e4r<br\/>Polizist<\/td>&#13;\n<td class=\"has-text-align-right\" data-align=\"right\"><span class=\"uk-h5 uk-text-warning uk-text-right\">28\u20ac<\/span><\/td>&#13;\n<\/tr>&#13;\n<tr>&#13;\n<td><span class=\"uk-h4\">Senior<\/span><\/td>&#13;\n<td>Ab 55 Jahren<\/td>&#13;\n<td class=\"has-text-align-right\" data-align=\"right\"><span class=\"uk-h5 uk-text-warning uk-text-right\">28\u20ac<\/span><\/td>&#13;\n<\/tr>&#13;\n<\/tbody>&#13;\n<\/table>&#13;\n<\/figure>&#13;\n<hr class=\"wp-block-separator has-alpha-channel-opacity\" \/>&#13;\n<figure class=\"wp-block-table uk-table uk-table-striped uk-table-small uk-table-middle\">&#13;\n<table class=\"has-fixed-layout\">&#13;\n<tbody>&#13;\n<tr>&#13;\n<td><span class=\"uk-h4\">Frau  <\/span><\/td>&#13;\n<td>Montag bis Freitag<\/td>&#13;\n<td class=\"has-text-align-right\" data-align=\"right\"><span class=\"uk-h5 uk-text-warning uk-text-right\">15\u20ac<\/span><\/td>&#13;\n<\/tr>&#13;\n<tr>&#13;\n<td><span class=\"uk-h4 uk-text-muted\">Frau<\/span><\/td>&#13;\n<td>Samstag und Sonntag<\/td>&#13;\n<td class=\"has-text-align-right\" data-align=\"right\"><span class=\"uk-h5 uk-text-warning uk-text-right\">GRATIS<\/span><\/td>&#13;\n<\/tr>&#13;\n<\/tbody>&#13;\n<\/table>&#13;\n<\/figure>&#13;\n<hr class=\"wp-block-separator has-alpha-channel-opacity\" \/>&#13;\n<figure class=\"wp-block-table uk-table uk-table-striped uk-table-small uk-table-middle\">&#13;\n<table class=\"has-fixed-layout\">&#13;\n<tbody>&#13;\n<tr>&#13;\n<td><span class=\"uk-h4\">Paar  <\/span><\/td>&#13;\n<td>Mann + Frau<\/td>&#13;\n<td class=\"has-text-align-right\" data-align=\"right\"><span class=\"uk-h4 uk-text-warning uk-text-right\">45\u20ac<\/span><\/td>&#13;\n<\/tr>&#13;\n<\/tbody>&#13;\n<\/table>&#13;\n<\/figure>&#13;\n<hr class=\"wp-block-separator has-alpha-channel-opacity\" \/>&#13;\n<figure class=\"wp-block-table uk-table uk-table-responsive uk-table-small uk-table-middle uk-light uk-background-primary\">&#13;\n<table class=\"has-fixed-layout\">&#13;\n<tbody>&#13;\n<tr>&#13;\n<td><span class=\"uk-h3\">Tagespass  <\/span><\/td>&#13;\n<td><span class=\"uk-h4\">unbegrenzte Ein- und Ausg\u00e4nge<\/span><\/td>&#13;\n<td class=\"has-text-align-right\" data-align=\"right\"><span class=\"uk-h4 uk-text-warning uk-text-right\">5 \u20ac<\/span><\/td>&#13;\n<\/tr>&#13;\n<\/tbody>&#13;\n<\/table>&#13;\n<\/figure>&#13;\n&#13;\n<h2 id=\"h-supplements\" class=\"wp-block-heading\">Erg\u00e4nzungen<\/h2>&#13;\n&#13;\n<figure class=\"wp-block-table uk-table uk-table-striped uk-table-hover uk-table-small uk-table-middle uk-table-responsive\">&#13;\n<table class=\"has-fixed-layout\">&#13;\n<tbody>&#13;\n<tr>&#13;\n<td>\n<div class=\"el-title uk-h4\">Sodas<\/div>\n<\/td>&#13;\n<td>\n<div class=\"el-meta uk-text-lead uk-text-primary\">2\u20ac<\/div>\n<\/td>&#13;\n<\/tr>&#13;\n<tr>&#13;\n<td>\n<div class=\"el-title uk-h4\">Eis<\/div>\n<\/td>&#13;\n<td>\n<div class=\"el-meta uk-text-lead uk-text-primary\">2\u20ac<\/div>\n<\/td>&#13;\n<\/tr>&#13;\n<tr>&#13;\n<td>\n<div class=\"el-title uk-h4\">Tee &#8211; Kaffee<\/div>\n<\/td>&#13;\n<td>\n<div class=\"el-meta uk-text-lead uk-text-primary\">1\u20ac<\/div>\n<\/td>&#13;\n<\/tr>&#13;\n<tr>&#13;\n<td>\n<div class=\"el-title uk-h4\">Poppers<\/div>\n<\/td>&#13;\n<td>\n<div class=\"el-meta uk-text-lead uk-text-primary\">10\u20ac<\/div>\n<\/td>&#13;\n<\/tr>&#13;\n<tr>&#13;\n<td>\n<div class=\"el-title uk-h4\">Sandalen zum Mieten<\/div>\n<\/td>&#13;\n<td>\n<div class=\"el-meta uk-text-lead uk-text-primary\">3\u20ac<\/div>\n<\/td>&#13;\n<\/tr>&#13;\n<tr>&#13;\n<td>\n<div class=\"el-title uk-h4\">Handt\u00fccher<\/div>\n<\/td>&#13;\n<td>\n<div class=\"el-meta uk-text-lead uk-text-primary\">Zur Verf\u00fcgung<\/div>\n<\/td>&#13;\n<\/tr>&#13;\n<tr>&#13;\n<td>\n<div class=\"el-title uk-h4\">Kondome<\/div>\n<\/td>&#13;\n<td>\n<div class=\"el-meta uk-text-lead uk-text-primary\">Angeboten<\/div>\n<\/td>&#13;\n<\/tr>&#13;\n<tr>&#13;\n<td>\n<div class=\"el-title uk-h4\">Gleitgel<\/div>\n<\/td>&#13;\n<td>\n<div class=\"el-meta uk-text-lead uk-text-primary\">Angeboten<\/div>\n<\/td>&#13;\n<\/tr>&#13;\n<\/tbody>&#13;\n<\/table>&#13;\n<\/figure>&#13;\n&#13;\n<p>\u00a0<\/p>&#13;\n","protected":false},"excerpt":{"rendered":"<p>&#13; MANN &#13; &#13; &#13; &#13; &#13; &#13; WocheMontag bis Freitag &#13; 35\u20ac &#13; &#13; &#13; WochenendeSamstag bis Sonntag &#13; 45\u20ac &#13; &#13; &#13; &#13; &#13; &#13; Kaufen Sie Ihre Eintrittskarten online in unserem TICKETTERIE &#13; ERM\u00c4SSIGTE PREISENURvon Montag bis Freitag &#13; &#13; &#13; &#13; &#13; Junger &#13; Unter 22 Jahrenoder Student &#13; 18\u20ac &#13; [&hellip;]<\/p>\n","protected":false},"author":4,"featured_media":0,"parent":0,"menu_order":6,"comment_status":"closed","ping_status":"closed","template":"","meta":{"footnotes":""},"class_list":["post-747","page","type-page","status-publish","hentry"],"yoast_head":"<!-- This site is optimized with the Yoast SEO Premium plugin v27.2 (Yoast SEO v27.2) - https:\/\/yoast.com\/product\/yoast-seo-premium-wordpress\/ -->\n<title>Eintrittspreise: M\u00e4nner, Jugendliche, Senioren und mehr - Atlantide Sauna%<\/title>\n<meta name=\"description\" content=\"Entdecken Sie unsere attraktiven Preise f\u00fcr M\u00e4nner, Frauen und Paare. Profitieren Sie von den Rabatten, die an Wochentagen verf\u00fcgbar sind.\" \/>\n<meta name=\"robots\" content=\"index, follow, max-snippet:-1, max-image-preview:large, max-video-preview:-1\" \/>\n<link rel=\"canonical\" href=\"https:\/\/atlantide-sauna.com\/de\/preise\/\" \/>\n<meta property=\"og:locale\" content=\"de_DE\" \/>\n<meta property=\"og:type\" content=\"article\" \/>\n<meta property=\"og:title\" content=\"Tarife 2026\" \/>\n<meta property=\"og:description\" content=\"Entdecken Sie unsere attraktiven Preise f\u00fcr M\u00e4nner, Frauen und Paare. Profitieren Sie von den Rabatten, die an Wochentagen verf\u00fcgbar sind.\" \/>\n<meta property=\"og:url\" content=\"https:\/\/atlantide-sauna.com\/de\/preise\/\" \/>\n<meta property=\"og:site_name\" content=\"Atlantide Sauna\" \/>\n<meta property=\"article:publisher\" content=\"https:\/\/www.facebook.com\/profile.php?id=100082829877238\" \/>\n<meta property=\"article:modified_time\" content=\"2026-01-28T16:27:53+00:00\" \/>\n<meta property=\"og:image\" content=\"https:\/\/i0.wp.com\/atlantide-sauna.com\/wp-content\/uploads\/2025\/06\/ASH_IMG2025_000.jpg?fit=1440%2C810&ssl=1\" \/>\n\t<meta property=\"og:image:width\" content=\"1440\" \/>\n\t<meta property=\"og:image:height\" content=\"810\" \/>\n\t<meta property=\"og:image:type\" content=\"image\/jpeg\" \/>\n<meta name=\"twitter:card\" content=\"summary_large_image\" \/>\n<meta name=\"twitter:site\" content=\"@atlantidesauna\" \/>\n<script type=\"application\/ld+json\" class=\"yoast-schema-graph\">{\"@context\":\"https:\/\/schema.org\",\"@graph\":[{\"@type\":\"WebPage\",\"@id\":\"https:\/\/atlantide-sauna.com\/de\/preise\/\",\"url\":\"https:\/\/atlantide-sauna.com\/de\/preise\/\",\"name\":\"Eintrittspreise: M\u00e4nner, Jugendliche, Senioren und mehr - Atlantide Sauna%\",\"isPartOf\":{\"@id\":\"https:\/\/atlantide-sauna.com\/de\/#website\"},\"datePublished\":\"2022-07-16T15:26:02+00:00\",\"dateModified\":\"2026-01-28T16:27:53+00:00\",\"description\":\"Entdecken Sie unsere attraktiven Preise f\u00fcr M\u00e4nner, Frauen und Paare. Profitieren Sie von den Rabatten, die an Wochentagen verf\u00fcgbar sind.\",\"breadcrumb\":{\"@id\":\"https:\/\/atlantide-sauna.com\/de\/preise\/#breadcrumb\"},\"inLanguage\":\"de\",\"potentialAction\":[{\"@type\":\"ReadAction\",\"target\":[\"https:\/\/atlantide-sauna.com\/de\/preise\/\"]}]},{\"@type\":\"BreadcrumbList\",\"@id\":\"https:\/\/atlantide-sauna.com\/de\/preise\/#breadcrumb\",\"itemListElement\":[{\"@type\":\"ListItem\",\"position\":1,\"name\":\"Accueil\",\"item\":\"https:\/\/atlantide-sauna.com\/de\/startseite\/\"},{\"@type\":\"ListItem\",\"position\":2,\"name\":\"Tarife 2026\"}]},{\"@type\":\"WebSite\",\"@id\":\"https:\/\/atlantide-sauna.com\/de\/#website\",\"url\":\"https:\/\/atlantide-sauna.com\/de\/\",\"name\":\"Atlantide Sauna\",\"description\":\"Sauna Toutes Tendances Gay Bi Tr**\",\"publisher\":{\"@id\":\"https:\/\/atlantide-sauna.com\/de\/#organization\"},\"alternateName\":\"Club libertin Atlantide Sauna Paris\",\"potentialAction\":[{\"@type\":\"SearchAction\",\"target\":{\"@type\":\"EntryPoint\",\"urlTemplate\":\"https:\/\/atlantide-sauna.com\/de\/?s={search_term_string}\"},\"query-input\":{\"@type\":\"PropertyValueSpecification\",\"valueRequired\":true,\"valueName\":\"search_term_string\"}}],\"inLanguage\":\"de\"},{\"@type\":\"Organization\",\"@id\":\"https:\/\/atlantide-sauna.com\/de\/#organization\",\"name\":\"ATLANTIDE SAUNA HAMMAM\",\"alternateName\":\"ATLANTIDE SAUNA HAMMAM\",\"url\":\"https:\/\/atlantide-sauna.com\/de\/\",\"logo\":{\"@type\":\"ImageObject\",\"inLanguage\":\"de\",\"@id\":\"https:\/\/atlantide-sauna.com\/de\/#\/schema\/logo\/image\/\",\"url\":\"https:\/\/atlantide-sauna.com\/wp-content\/uploads\/2025\/05\/ash_logo_2025_01.svg\",\"contentUrl\":\"https:\/\/atlantide-sauna.com\/wp-content\/uploads\/2025\/05\/ash_logo_2025_01.svg\",\"width\":1,\"height\":1,\"caption\":\"ATLANTIDE SAUNA HAMMAM\"},\"image\":{\"@id\":\"https:\/\/atlantide-sauna.com\/de\/#\/schema\/logo\/image\/\"},\"sameAs\":[\"https:\/\/www.facebook.com\/profile.php?id=100082829877238\",\"https:\/\/x.com\/atlantidesauna\"],\"description\":\"Sauna hammam toutes tendances. Un espace de libert\u00e9, de mixit\u00e9 et de tol\u00e9rance. Chez Atlantide Sauna vous trouverez les conditions id\u00e9ales pour vos rencontres libertines.\",\"email\":\"infos@atlantide-sauna.com\",\"telephone\":\"0143422243\",\"legalName\":\"ATLANTIDE SAUNA HAMMAM\",\"foundingDate\":\"1999-08-09\",\"vatID\":\"FR39423920370\",\"taxID\":\"42392037000016\",\"numberOfEmployees\":{\"@type\":\"QuantitativeValue\",\"minValue\":\"1\",\"maxValue\":\"10\"}}]}<\/script>\n<!-- \/ Yoast SEO Premium plugin. -->","yoast_head_json":{"title":"Eintrittspreise: M\u00e4nner, Jugendliche, Senioren und mehr - Atlantide Sauna%","description":"Entdecken Sie unsere attraktiven Preise f\u00fcr M\u00e4nner, Frauen und Paare. Profitieren Sie von den Rabatten, die an Wochentagen verf\u00fcgbar sind.","robots":{"index":"index","follow":"follow","max-snippet":"max-snippet:-1","max-image-preview":"max-image-preview:large","max-video-preview":"max-video-preview:-1"},"canonical":"https:\/\/atlantide-sauna.com\/de\/preise\/","og_locale":"de_DE","og_type":"article","og_title":"Tarife 2026","og_description":"Entdecken Sie unsere attraktiven Preise f\u00fcr M\u00e4nner, Frauen und Paare. Profitieren Sie von den Rabatten, die an Wochentagen verf\u00fcgbar sind.","og_url":"https:\/\/atlantide-sauna.com\/de\/preise\/","og_site_name":"Atlantide Sauna","article_publisher":"https:\/\/www.facebook.com\/profile.php?id=100082829877238","article_modified_time":"2026-01-28T16:27:53+00:00","og_image":[{"width":1440,"height":810,"url":"https:\/\/i0.wp.com\/atlantide-sauna.com\/wp-content\/uploads\/2025\/06\/ASH_IMG2025_000.jpg?fit=1440%2C810&ssl=1","type":"image\/jpeg"}],"twitter_card":"summary_large_image","twitter_site":"@atlantidesauna","schema":{"@context":"https:\/\/schema.org","@graph":[{"@type":"WebPage","@id":"https:\/\/atlantide-sauna.com\/de\/preise\/","url":"https:\/\/atlantide-sauna.com\/de\/preise\/","name":"Eintrittspreise: M\u00e4nner, Jugendliche, Senioren und mehr - Atlantide Sauna%","isPartOf":{"@id":"https:\/\/atlantide-sauna.com\/de\/#website"},"datePublished":"2022-07-16T15:26:02+00:00","dateModified":"2026-01-28T16:27:53+00:00","description":"Entdecken Sie unsere attraktiven Preise f\u00fcr M\u00e4nner, Frauen und Paare. Profitieren Sie von den Rabatten, die an Wochentagen verf\u00fcgbar sind.","breadcrumb":{"@id":"https:\/\/atlantide-sauna.com\/de\/preise\/#breadcrumb"},"inLanguage":"de","potentialAction":[{"@type":"ReadAction","target":["https:\/\/atlantide-sauna.com\/de\/preise\/"]}]},{"@type":"BreadcrumbList","@id":"https:\/\/atlantide-sauna.com\/de\/preise\/#breadcrumb","itemListElement":[{"@type":"ListItem","position":1,"name":"Accueil","item":"https:\/\/atlantide-sauna.com\/de\/startseite\/"},{"@type":"ListItem","position":2,"name":"Tarife 2026"}]},{"@type":"WebSite","@id":"https:\/\/atlantide-sauna.com\/de\/#website","url":"https:\/\/atlantide-sauna.com\/de\/","name":"Atlantide Sauna","description":"Sauna Toutes Tendances Gay Bi Tr**","publisher":{"@id":"https:\/\/atlantide-sauna.com\/de\/#organization"},"alternateName":"Club libertin Atlantide Sauna Paris","potentialAction":[{"@type":"SearchAction","target":{"@type":"EntryPoint","urlTemplate":"https:\/\/atlantide-sauna.com\/de\/?s={search_term_string}"},"query-input":{"@type":"PropertyValueSpecification","valueRequired":true,"valueName":"search_term_string"}}],"inLanguage":"de"},{"@type":"Organization","@id":"https:\/\/atlantide-sauna.com\/de\/#organization","name":"ATLANTIDE SAUNA HAMMAM","alternateName":"ATLANTIDE SAUNA HAMMAM","url":"https:\/\/atlantide-sauna.com\/de\/","logo":{"@type":"ImageObject","inLanguage":"de","@id":"https:\/\/atlantide-sauna.com\/de\/#\/schema\/logo\/image\/","url":"https:\/\/atlantide-sauna.com\/wp-content\/uploads\/2025\/05\/ash_logo_2025_01.svg","contentUrl":"https:\/\/atlantide-sauna.com\/wp-content\/uploads\/2025\/05\/ash_logo_2025_01.svg","width":1,"height":1,"caption":"ATLANTIDE SAUNA HAMMAM"},"image":{"@id":"https:\/\/atlantide-sauna.com\/de\/#\/schema\/logo\/image\/"},"sameAs":["https:\/\/www.facebook.com\/profile.php?id=100082829877238","https:\/\/x.com\/atlantidesauna"],"description":"Sauna hammam toutes tendances. Un espace de libert\u00e9, de mixit\u00e9 et de tol\u00e9rance. Chez Atlantide Sauna vous trouverez les conditions id\u00e9ales pour vos rencontres libertines.","email":"infos@atlantide-sauna.com","telephone":"0143422243","legalName":"ATLANTIDE SAUNA HAMMAM","foundingDate":"1999-08-09","vatID":"FR39423920370","taxID":"42392037000016","numberOfEmployees":{"@type":"QuantitativeValue","minValue":"1","maxValue":"10"}}]}},"jetpack-related-posts":[{"id":89,"url":"https:\/\/atlantide-sauna.com\/tarifs\/","url_meta":{"origin":747,"position":0},"title":"Tarifs 2026","author":"Atlantide Sauna","date":"16. Juli 2022","format":false,"excerpt":"HOMME SemaineLundi au Vendredi 35\u20ac Week-EndSamedi au Dimanche 45\u20ac Achetez vos tickets d'entr\u00e9e en ligne depuis notre BILLETTERIE TARIFS REDUITSUNIQUEMENTdu Lundi au Vendredi Jeune Moins de 22 ansou Etudiant 18\u20ac \u00a0 Moins de 27 ansMilitairePolicier 28\u20ac Senior A partir de 55 ans 28\u20ac Femme du Lundi au Vendredi 15\u20ac Femme\u2026","rel":"","context":"In &quot;Atlantide-Sauna&quot;","block_context":{"text":"Atlantide-Sauna","link":"https:\/\/atlantide-sauna.com\/category\/atlantide-sauna\/"},"img":{"alt_text":"","src":"","width":0,"height":0},"classes":[]},{"id":744,"url":"https:\/\/atlantide-sauna.com\/es\/tarifas-para-2025\/","url_meta":{"origin":747,"position":1},"title":"Tarifas para 2026","author":"Atlantide Sauna","date":"16. Juli 2022","format":false,"excerpt":"\r HOMBRE\r \r \r \r \r \r SemanaDe lunes a viernes\r 35\u20ac\r \r \r Fin de semanaDe s\u00e1bado a domingo\r 45\u20ac\r \r \r \r \r \r Compra tus entradas en l\u00ednea en nuestra TAQUILLA\r TARIFAS REDUCIDASSOLODe lunes a viernes \r \r \r \r \r Joven\r Menores de 22 a\u00f1oso Estudiante\r\u2026","rel":"","context":"In &quot;Atl\u00e1ntida-Sauna&quot;","block_context":{"text":"Atl\u00e1ntida-Sauna","link":"https:\/\/atlantide-sauna.com\/es\/category\/atlantida-sauna\/"},"img":{"alt_text":"","src":"","width":0,"height":0},"classes":[]},{"id":7780,"url":"https:\/\/atlantide-sauna.com\/de\/tarife-2026\/","url_meta":{"origin":747,"position":2},"title":"Tarife 2026","author":"Atlantide Sauna","date":"1. Januar 2026","format":false,"excerpt":"Tarife 2026","rel":"","context":"\u00c4hnlicher Beitrag","block_context":{"text":"\u00c4hnlicher Beitrag","link":""},"img":{"alt_text":"","src":"","width":0,"height":0},"classes":[]},{"id":7238,"url":"https:\/\/atlantide-sauna.com\/tarifs-2026\/","url_meta":{"origin":747,"position":3},"title":"Tarifs 2026","author":"Atlantide Sauna","date":"1. Januar 2026","format":false,"excerpt":"Tarifs 2026","rel":"","context":"\u00c4hnlicher Beitrag","block_context":{"text":"\u00c4hnlicher Beitrag","link":""},"img":{"alt_text":"","src":"","width":0,"height":0},"classes":[]},{"id":7784,"url":"https:\/\/atlantide-sauna.com\/es\/tarifas-para-2026\/","url_meta":{"origin":747,"position":4},"title":"Tarifas para 2026","author":"Atlantide Sauna","date":"1. Januar 2026","format":false,"excerpt":"Tarifas para 2026","rel":"","context":"\u00c4hnlicher Beitrag","block_context":{"text":"\u00c4hnlicher Beitrag","link":""},"img":{"alt_text":"","src":"","width":0,"height":0},"classes":[]},{"id":725,"url":"https:\/\/atlantide-sauna.com\/de\/","url_meta":{"origin":747,"position":5},"title":"Willkommen bei","author":"Atlantide Sauna","date":"11. Mai 2025","format":false,"excerpt":"Die Atlantide Sauna wurde 1999 gegr\u00fcndet, um einen Raum der Freiheit, der Mischung und der Toleranz zu schaffen. In diesem exklusiven CLUB k\u00f6nnen alle W\u00fcnsche und Fantasien in einem respektvollen und freundlichen Rahmen ausgedr\u00fcckt werden. Unabh\u00e4ngig von Ihrer Herkunft, Ihrer Kultur, Ihrem Alter oder Ihren W\u00fcnschen werden Sie von einem\u2026","rel":"","context":"\u00c4hnlicher Beitrag","block_context":{"text":"\u00c4hnlicher Beitrag","link":""},"img":{"alt_text":"Atlantide Sauna Paris - Club libertin all trends - Gare de Lyon","src":"https:\/\/i0.wp.com\/atlantide-sauna.com\/wp-content\/uploads\/2025\/06\/ASH_IMG2025_000.jpg?fit=1200%2C675&ssl=1&resize=350%2C200","width":350,"height":200,"srcset":"https:\/\/i0.wp.com\/atlantide-sauna.com\/wp-content\/uploads\/2025\/06\/ASH_IMG2025_000.jpg?fit=1200%2C675&ssl=1&resize=350%2C200 1x, https:\/\/i0.wp.com\/atlantide-sauna.com\/wp-content\/uploads\/2025\/06\/ASH_IMG2025_000.jpg?fit=1200%2C675&ssl=1&resize=525%2C300 1.5x, https:\/\/i0.wp.com\/atlantide-sauna.com\/wp-content\/uploads\/2025\/06\/ASH_IMG2025_000.jpg?fit=1200%2C675&ssl=1&resize=700%2C400 2x, https:\/\/i0.wp.com\/atlantide-sauna.com\/wp-content\/uploads\/2025\/06\/ASH_IMG2025_000.jpg?fit=1200%2C675&ssl=1&resize=1050%2C600 3x"},"classes":[]}],"jetpack_sharing_enabled":true,"_links":{"self":[{"href":"https:\/\/atlantide-sauna.com\/de\/wp-json\/wp\/v2\/pages\/747","targetHints":{"allow":["GET"]}}],"collection":[{"href":"https:\/\/atlantide-sauna.com\/de\/wp-json\/wp\/v2\/pages"}],"about":[{"href":"https:\/\/atlantide-sauna.com\/de\/wp-json\/wp\/v2\/types\/page"}],"author":[{"embeddable":true,"href":"https:\/\/atlantide-sauna.com\/de\/wp-json\/wp\/v2\/users\/4"}],"replies":[{"embeddable":true,"href":"https:\/\/atlantide-sauna.com\/de\/wp-json\/wp\/v2\/comments?post=747"}],"version-history":[{"count":5,"href":"https:\/\/atlantide-sauna.com\/de\/wp-json\/wp\/v2\/pages\/747\/revisions"}],"predecessor-version":[{"id":8016,"href":"https:\/\/atlantide-sauna.com\/de\/wp-json\/wp\/v2\/pages\/747\/revisions\/8016"}],"wp:attachment":[{"href":"https:\/\/atlantide-sauna.com\/de\/wp-json\/wp\/v2\/media?parent=747"}],"curies":[{"name":"wp","href":"https:\/\/api.w.org\/{rel}","templated":true}]}}