{"id":7780,"date":"2026-01-01T18:09:05","date_gmt":"2026-01-01T17:09:05","guid":{"rendered":"https:\/\/atlantide-sauna.com\/tarife-2026\/"},"modified":"2026-01-01T18:09:05","modified_gmt":"2026-01-01T17:09:05","slug":"tarife-2026","status":"publish","type":"page","link":"https:\/\/atlantide-sauna.com\/de\/tarife-2026\/","title":{"rendered":"Tarife 2026"},"content":{"rendered":"<h1>Tarife 2026<\/h1>\n<div>\n<\/div>\n<p><!--more--><br \/>\n<!-- {\"type\":\"layout\",\"children\":[{\"type\":\"section\",\"props\":{\"css\":\".el-section inverse-page\",\"image_position\":\"center-center\",\"style\":\"default\",\"title_breakpoint\":\"xl\",\"title_position\":\"top-left\",\"title_rotation\":\"left\",\"vertical_align\":\"middle\",\"width\":\"default\"},\"children\":[{\"type\":\"row\",\"children\":[{\"type\":\"column\",\"props\":{\"image_position\":\"center-center\",\"position_sticky_breakpoint\":\"m\"},\"children\":[{\"type\":\"headline\",\"props\":{\"content\":\"Tarifs 2026\",\"title_element\":\"h1\"}}]}]},{\"type\":\"row\",\"children\":[{\"type\":\"column\",\"props\":{\"image_position\":\"center-center\",\"position_sticky_breakpoint\":\"m\"},\"children\":[{\"type\":\"grid\",\"props\":{\"content_column_breakpoint\":\"m\",\"filter_align\":\"left\",\"filter_all\":true,\"filter_grid_breakpoint\":\"m\",\"filter_grid_width\":\"auto\",\"filter_position\":\"top\",\"filter_style\":\"tab\",\"grid_default\":\"2\",\"grid_medium\":\"4\",\"icon_width\":80,\"image_align\":\"between\",\"image_grid_breakpoint\":\"m\",\"image_grid_width\":\"1-2\",\"image_loading\":true,\"image_margin\":\"small\",\"image_svg_color\":\"emphasis\",\"image_transition_border\":false,\"item_animation\":true,\"lightbox_bg_close\":true,\"link_fullwidth\":true,\"link_size\":\"small\",\"link_style\":\"danger\",\"link_text\":\"Read more\",\"margin\":\"default\",\"meta_align\":\"below-title\",\"meta_element\":\"div\",\"meta_style\":\"text-meta\",\"panel_link\":true,\"panel_padding\":\"small\",\"panel_style\":\"tile-muted\",\"show_content\":true,\"show_hover_image\":true,\"show_hover_video\":true,\"show_image\":true,\"show_link\":true,\"show_meta\":true,\"show_title\":true,\"show_video\":true,\"title_align\":\"top\",\"title_element\":\"h3\",\"title_grid_breakpoint\":\"m\",\"title_grid_width\":\"1-2\",\"title_hover_style\":\"reset\",\"title_style\":\"text-lead\"},\"children\":[{\"type\":\"grid_item\",\"props\":{\"link_text\":\"Plus d'info\",\"yooessentials_access_conditions\":[],\"yooessentials_access_mode\":\"AND\"},\"source\":{\"query\":{\"name\":\"products.customProducts\",\"arguments\":{\"terms\":[],\"product_brand_operator\":\"IN\",\"product_cat_operator\":\"IN\",\"product_tag_operator\":\"IN\",\"product_visibility_operator\":\"IN\",\"users\":[],\"users_operator\":\"IN\",\"offset\":0,\"limit\":10,\"order\":\"date\",\"order_direction\":\"DESC\"}}},\"source_extended\":{\"props\":{\"title\":{\"query\":{\"name\":\"#node\"},\"name\":\"title\"},\"image\":{\"query\":{\"name\":\"#node\"},\"name\":\"featuredImage.url\"},\"link\":{\"query\":{\"name\":\"#node\"},\"name\":\"link\"},\"content\":{\"query\":{\"name\":\"#node\"},\"arguments\":{\"show_intro_text\":false},\"name\":\"content\",\"filters\":{\"limit\":65,\"preserve\":true}}}}}]}]}]}]}],\"version\":\"4.5.33\",\"yooessentialsVersion\":\"2.4.12\"} --><\/p>\n","protected":false},"excerpt":{"rendered":"<p>Tarife 2026<\/p>\n","protected":false},"author":4,"featured_media":0,"parent":0,"menu_order":0,"comment_status":"closed","ping_status":"closed","template":"elementor_theme","meta":{"footnotes":""},"class_list":["post-7780","page","type-page","status-publish","hentry"],"yoast_head":"<!-- This site is optimized with the Yoast SEO Premium plugin v27.2 (Yoast SEO v27.2) - https:\/\/yoast.com\/product\/yoast-seo-premium-wordpress\/ -->\n<title>Tarife 2026 - Atlantide Sauna<\/title>\n<meta name=\"robots\" content=\"index, follow, max-snippet:-1, max-image-preview:large, max-video-preview:-1\" \/>\n<link rel=\"canonical\" href=\"https:\/\/atlantide-sauna.com\/de\/tarife-2026\/\" \/>\n<meta property=\"og:locale\" content=\"de_DE\" \/>\n<meta property=\"og:type\" content=\"article\" \/>\n<meta property=\"og:title\" content=\"Tarife 2026\" \/>\n<meta property=\"og:description\" content=\"Tarife 2026\" \/>\n<meta property=\"og:url\" content=\"https:\/\/atlantide-sauna.com\/de\/tarife-2026\/\" \/>\n<meta property=\"og:site_name\" content=\"Atlantide Sauna\" \/>\n<meta property=\"article:publisher\" content=\"https:\/\/www.facebook.com\/profile.php?id=100082829877238\" \/>\n<meta property=\"og:image\" content=\"https:\/\/i0.wp.com\/atlantide-sauna.com\/wp-content\/uploads\/2025\/06\/ASH_IMG2025_000.jpg?fit=1440%2C810&ssl=1\" \/>\n\t<meta property=\"og:image:width\" content=\"1440\" \/>\n\t<meta property=\"og:image:height\" content=\"810\" \/>\n\t<meta property=\"og:image:type\" content=\"image\/jpeg\" \/>\n<meta name=\"twitter:card\" content=\"summary_large_image\" \/>\n<meta name=\"twitter:site\" content=\"@atlantidesauna\" \/>\n<script type=\"application\/ld+json\" class=\"yoast-schema-graph\">{\"@context\":\"https:\/\/schema.org\",\"@graph\":[{\"@type\":\"WebPage\",\"@id\":\"https:\/\/atlantide-sauna.com\/de\/tarife-2026\/\",\"url\":\"https:\/\/atlantide-sauna.com\/de\/tarife-2026\/\",\"name\":\"Tarife 2026 - Atlantide Sauna\",\"isPartOf\":{\"@id\":\"https:\/\/atlantide-sauna.com\/de\/#website\"},\"datePublished\":\"2026-01-01T17:09:05+00:00\",\"breadcrumb\":{\"@id\":\"https:\/\/atlantide-sauna.com\/de\/tarife-2026\/#breadcrumb\"},\"inLanguage\":\"de\",\"potentialAction\":[{\"@type\":\"ReadAction\",\"target\":[\"https:\/\/atlantide-sauna.com\/de\/tarife-2026\/\"]}]},{\"@type\":\"BreadcrumbList\",\"@id\":\"https:\/\/atlantide-sauna.com\/de\/tarife-2026\/#breadcrumb\",\"itemListElement\":[{\"@type\":\"ListItem\",\"position\":1,\"name\":\"Accueil\",\"item\":\"https:\/\/atlantide-sauna.com\/de\/startseite\/\"},{\"@type\":\"ListItem\",\"position\":2,\"name\":\"Tarife 2026\"}]},{\"@type\":\"WebSite\",\"@id\":\"https:\/\/atlantide-sauna.com\/de\/#website\",\"url\":\"https:\/\/atlantide-sauna.com\/de\/\",\"name\":\"Atlantide Sauna\",\"description\":\"Sauna Toutes Tendances Gay Bi Tr**\",\"publisher\":{\"@id\":\"https:\/\/atlantide-sauna.com\/de\/#organization\"},\"alternateName\":\"Club libertin Atlantide Sauna Paris\",\"potentialAction\":[{\"@type\":\"SearchAction\",\"target\":{\"@type\":\"EntryPoint\",\"urlTemplate\":\"https:\/\/atlantide-sauna.com\/de\/?s={search_term_string}\"},\"query-input\":{\"@type\":\"PropertyValueSpecification\",\"valueRequired\":true,\"valueName\":\"search_term_string\"}}],\"inLanguage\":\"de\"},{\"@type\":\"Organization\",\"@id\":\"https:\/\/atlantide-sauna.com\/de\/#organization\",\"name\":\"ATLANTIDE SAUNA HAMMAM\",\"alternateName\":\"ATLANTIDE SAUNA HAMMAM\",\"url\":\"https:\/\/atlantide-sauna.com\/de\/\",\"logo\":{\"@type\":\"ImageObject\",\"inLanguage\":\"de\",\"@id\":\"https:\/\/atlantide-sauna.com\/de\/#\/schema\/logo\/image\/\",\"url\":\"https:\/\/atlantide-sauna.com\/wp-content\/uploads\/2025\/05\/ash_logo_2025_01.svg\",\"contentUrl\":\"https:\/\/atlantide-sauna.com\/wp-content\/uploads\/2025\/05\/ash_logo_2025_01.svg\",\"width\":1,\"height\":1,\"caption\":\"ATLANTIDE SAUNA HAMMAM\"},\"image\":{\"@id\":\"https:\/\/atlantide-sauna.com\/de\/#\/schema\/logo\/image\/\"},\"sameAs\":[\"https:\/\/www.facebook.com\/profile.php?id=100082829877238\",\"https:\/\/x.com\/atlantidesauna\"],\"description\":\"Sauna hammam toutes tendances. Un espace de libert\u00e9, de mixit\u00e9 et de tol\u00e9rance. Chez Atlantide Sauna vous trouverez les conditions id\u00e9ales pour vos rencontres libertines.\",\"email\":\"infos@atlantide-sauna.com\",\"telephone\":\"0143422243\",\"legalName\":\"ATLANTIDE SAUNA HAMMAM\",\"foundingDate\":\"1999-08-09\",\"vatID\":\"FR39423920370\",\"taxID\":\"42392037000016\",\"numberOfEmployees\":{\"@type\":\"QuantitativeValue\",\"minValue\":\"1\",\"maxValue\":\"10\"}}]}<\/script>\n<!-- \/ Yoast SEO Premium plugin. -->","yoast_head_json":{"title":"Tarife 2026 - Atlantide Sauna","robots":{"index":"index","follow":"follow","max-snippet":"max-snippet:-1","max-image-preview":"max-image-preview:large","max-video-preview":"max-video-preview:-1"},"canonical":"https:\/\/atlantide-sauna.com\/de\/tarife-2026\/","og_locale":"de_DE","og_type":"article","og_title":"Tarife 2026","og_description":"Tarife 2026","og_url":"https:\/\/atlantide-sauna.com\/de\/tarife-2026\/","og_site_name":"Atlantide Sauna","article_publisher":"https:\/\/www.facebook.com\/profile.php?id=100082829877238","og_image":[{"width":1440,"height":810,"url":"https:\/\/i0.wp.com\/atlantide-sauna.com\/wp-content\/uploads\/2025\/06\/ASH_IMG2025_000.jpg?fit=1440%2C810&ssl=1","type":"image\/jpeg"}],"twitter_card":"summary_large_image","twitter_site":"@atlantidesauna","schema":{"@context":"https:\/\/schema.org","@graph":[{"@type":"WebPage","@id":"https:\/\/atlantide-sauna.com\/de\/tarife-2026\/","url":"https:\/\/atlantide-sauna.com\/de\/tarife-2026\/","name":"Tarife 2026 - Atlantide Sauna","isPartOf":{"@id":"https:\/\/atlantide-sauna.com\/de\/#website"},"datePublished":"2026-01-01T17:09:05+00:00","breadcrumb":{"@id":"https:\/\/atlantide-sauna.com\/de\/tarife-2026\/#breadcrumb"},"inLanguage":"de","potentialAction":[{"@type":"ReadAction","target":["https:\/\/atlantide-sauna.com\/de\/tarife-2026\/"]}]},{"@type":"BreadcrumbList","@id":"https:\/\/atlantide-sauna.com\/de\/tarife-2026\/#breadcrumb","itemListElement":[{"@type":"ListItem","position":1,"name":"Accueil","item":"https:\/\/atlantide-sauna.com\/de\/startseite\/"},{"@type":"ListItem","position":2,"name":"Tarife 2026"}]},{"@type":"WebSite","@id":"https:\/\/atlantide-sauna.com\/de\/#website","url":"https:\/\/atlantide-sauna.com\/de\/","name":"Atlantide Sauna","description":"Sauna Toutes Tendances Gay Bi Tr**","publisher":{"@id":"https:\/\/atlantide-sauna.com\/de\/#organization"},"alternateName":"Club libertin Atlantide Sauna Paris","potentialAction":[{"@type":"SearchAction","target":{"@type":"EntryPoint","urlTemplate":"https:\/\/atlantide-sauna.com\/de\/?s={search_term_string}"},"query-input":{"@type":"PropertyValueSpecification","valueRequired":true,"valueName":"search_term_string"}}],"inLanguage":"de"},{"@type":"Organization","@id":"https:\/\/atlantide-sauna.com\/de\/#organization","name":"ATLANTIDE SAUNA HAMMAM","alternateName":"ATLANTIDE SAUNA HAMMAM","url":"https:\/\/atlantide-sauna.com\/de\/","logo":{"@type":"ImageObject","inLanguage":"de","@id":"https:\/\/atlantide-sauna.com\/de\/#\/schema\/logo\/image\/","url":"https:\/\/atlantide-sauna.com\/wp-content\/uploads\/2025\/05\/ash_logo_2025_01.svg","contentUrl":"https:\/\/atlantide-sauna.com\/wp-content\/uploads\/2025\/05\/ash_logo_2025_01.svg","width":1,"height":1,"caption":"ATLANTIDE SAUNA HAMMAM"},"image":{"@id":"https:\/\/atlantide-sauna.com\/de\/#\/schema\/logo\/image\/"},"sameAs":["https:\/\/www.facebook.com\/profile.php?id=100082829877238","https:\/\/x.com\/atlantidesauna"],"description":"Sauna hammam toutes tendances. Un espace de libert\u00e9, de mixit\u00e9 et de tol\u00e9rance. Chez Atlantide Sauna vous trouverez les conditions id\u00e9ales pour vos rencontres libertines.","email":"infos@atlantide-sauna.com","telephone":"0143422243","legalName":"ATLANTIDE SAUNA HAMMAM","foundingDate":"1999-08-09","vatID":"FR39423920370","taxID":"42392037000016","numberOfEmployees":{"@type":"QuantitativeValue","minValue":"1","maxValue":"10"}}]}},"jetpack-related-posts":[{"id":7238,"url":"https:\/\/atlantide-sauna.com\/tarifs-2026\/","url_meta":{"origin":7780,"position":0},"title":"Tarifs 2026","author":"Atlantide Sauna","date":"1. Januar 2026","format":false,"excerpt":"Tarifs 2026","rel":"","context":"\u00c4hnlicher Beitrag","block_context":{"text":"\u00c4hnlicher Beitrag","link":""},"img":{"alt_text":"","src":"","width":0,"height":0},"classes":[]},{"id":7784,"url":"https:\/\/atlantide-sauna.com\/es\/tarifas-para-2026\/","url_meta":{"origin":7780,"position":1},"title":"Tarifas para 2026","author":"Atlantide Sauna","date":"1. Januar 2026","format":false,"excerpt":"Tarifas para 2026","rel":"","context":"\u00c4hnlicher Beitrag","block_context":{"text":"\u00c4hnlicher Beitrag","link":""},"img":{"alt_text":"","src":"","width":0,"height":0},"classes":[]},{"id":89,"url":"https:\/\/atlantide-sauna.com\/tarifs\/","url_meta":{"origin":7780,"position":2},"title":"Tarifs 2026","author":"Atlantide Sauna","date":"16. Juli 2022","format":false,"excerpt":"HOMME SemaineLundi au Vendredi 35\u20ac Week-EndSamedi au Dimanche 45\u20ac Achetez vos tickets d'entr\u00e9e en ligne depuis notre BILLETTERIE TARIFS REDUITSUNIQUEMENTdu Lundi au Vendredi Jeune Moins de 22 ansou Etudiant 18\u20ac \u00a0 Moins de 27 ansMilitairePolicier 28\u20ac Senior A partir de 55 ans 28\u20ac Femme du Lundi au Vendredi 15\u20ac Femme\u2026","rel":"","context":"In &quot;Atlantide-Sauna&quot;","block_context":{"text":"Atlantide-Sauna","link":"https:\/\/atlantide-sauna.com\/category\/atlantide-sauna\/"},"img":{"alt_text":"","src":"","width":0,"height":0},"classes":[]},{"id":744,"url":"https:\/\/atlantide-sauna.com\/es\/tarifas-para-2025\/","url_meta":{"origin":7780,"position":3},"title":"Tarifas para 2026","author":"Atlantide Sauna","date":"16. Juli 2022","format":false,"excerpt":"\r HOMBRE\r \r \r \r \r \r SemanaDe lunes a viernes\r 35\u20ac\r \r \r Fin de semanaDe s\u00e1bado a domingo\r 45\u20ac\r \r \r \r \r \r Compra tus entradas en l\u00ednea en nuestra TAQUILLA\r TARIFAS REDUCIDASSOLODe lunes a viernes \r \r \r \r \r Joven\r Menores de 22 a\u00f1oso Estudiante\r\u2026","rel":"","context":"In &quot;Atl\u00e1ntida-Sauna&quot;","block_context":{"text":"Atl\u00e1ntida-Sauna","link":"https:\/\/atlantide-sauna.com\/es\/category\/atlantida-sauna\/"},"img":{"alt_text":"","src":"","width":0,"height":0},"classes":[]},{"id":747,"url":"https:\/\/atlantide-sauna.com\/de\/preise\/","url_meta":{"origin":7780,"position":4},"title":"Tarife 2026","author":"Atlantide Sauna","date":"16. Juli 2022","format":false,"excerpt":"\r MANN\r \r \r \r \r \r WocheMontag bis Freitag\r 35\u20ac\r \r \r WochenendeSamstag bis Sonntag\r 45\u20ac\r \r \r \r \r \r Kaufen Sie Ihre Eintrittskarten online in unserem TICKETTERIE\r ERM\u00c4SSIGTE PREISENURvon Montag bis Freitag \r \r \r \r \r Junger\r Unter 22 Jahrenoder Student\r 18\u20ac\r \r \r \u00a0\r Unter\u2026","rel":"","context":"In &quot;Atlantide-Sauna&quot;","block_context":{"text":"Atlantide-Sauna","link":"https:\/\/atlantide-sauna.com\/de\/category\/atlantide-sauna-de\/"},"img":{"alt_text":"","src":"","width":0,"height":0},"classes":[]},{"id":7783,"url":"https:\/\/atlantide-sauna.com\/en\/2026-rates\/","url_meta":{"origin":7780,"position":5},"title":"2026 rates","author":"Atlantide Sauna","date":"1. Januar 2026","format":false,"excerpt":"2026 rates","rel":"","context":"\u00c4hnlicher Beitrag","block_context":{"text":"\u00c4hnlicher Beitrag","link":""},"img":{"alt_text":"","src":"","width":0,"height":0},"classes":[]}],"jetpack_sharing_enabled":true,"_links":{"self":[{"href":"https:\/\/atlantide-sauna.com\/de\/wp-json\/wp\/v2\/pages\/7780","targetHints":{"allow":["GET"]}}],"collection":[{"href":"https:\/\/atlantide-sauna.com\/de\/wp-json\/wp\/v2\/pages"}],"about":[{"href":"https:\/\/atlantide-sauna.com\/de\/wp-json\/wp\/v2\/types\/page"}],"author":[{"embeddable":true,"href":"https:\/\/atlantide-sauna.com\/de\/wp-json\/wp\/v2\/users\/4"}],"replies":[{"embeddable":true,"href":"https:\/\/atlantide-sauna.com\/de\/wp-json\/wp\/v2\/comments?post=7780"}],"version-history":[{"count":0,"href":"https:\/\/atlantide-sauna.com\/de\/wp-json\/wp\/v2\/pages\/7780\/revisions"}],"wp:attachment":[{"href":"https:\/\/atlantide-sauna.com\/de\/wp-json\/wp\/v2\/media?parent=7780"}],"curies":[{"name":"wp","href":"https:\/\/api.w.org\/{rel}","templated":true}]}}