{"id":8578,"date":"2025-10-25T16:05:24","date_gmt":"2025-10-25T14:05:24","guid":{"rendered":"https:\/\/atlantide-sauna.com\/billetterie\/frau-woche\/"},"modified":"2026-05-02T06:38:01","modified_gmt":"2026-05-02T04:38:01","slug":"frau-woche","status":"publish","type":"product","link":"https:\/\/atlantide-sauna.com\/de\/billetterie\/frau-woche\/","title":{"rendered":"Frau Woche"},"content":{"rendered":"<p>G\u00fcltig f\u00fcr eine Frau oder wenn <span style=\"text-decoration: underline;\">Sie bei Ihrer Ankunft als Frau gekleidet<\/span> sind. Der Tarif gilt von Montag bis Freitag.<\/p>\n<p><!--more--><\/p>\n<p class=\"whitespace-break-spaces\" dir=\"auto\"><strong>Ticket Elegante Entdeckung<\/strong> <em>F\u00fcr Frauen oder Personen in Frauenkleidern<\/em><\/p>\n<p class=\"whitespace-break-spaces\" dir=\"auto\"><span class=\"followup-block followup-block-hidden cursor-pointer outline-none static inline group-hover\/message:[--hover-opacity:1]\" tabindex=\"0\" data-question=\"Quels types d\u2019am\u00e9nagements ou d\u2019activit\u00e9s sp\u00e9cifiques sont propos\u00e9s pour favoriser la d\u00e9tente dans cet espace ?\" aria-haspopup=\"dialog\" aria-expanded=\"false\" aria-controls=\"radix-_r_8r_\" data-state=\"closed\">Entdecken Sie einen Raum der Entspannung und Geselligkeit<\/span>, der speziell auf Ihr Wohlbefinden ausgerichtet ist.<\/p>\n<p class=\"whitespace-break-spaces\" dir=\"auto\"><strong>Inbegriffen:<\/strong> \u2705 Unbegrenzter Zugang zur Sauna und zum Dampfbad \u2705 <span class=\"followup-block followup-block-hidden cursor-pointer outline-none static inline group-hover\/message:[--hover-opacity:1]\" tabindex=\"0\" data-question=\"Quels genres de vid\u00e9os ou th\u00e8mes sont diffus\u00e9s pour cr\u00e9er cette ambiance immersive ?\" aria-haspopup=\"dialog\" aria-expanded=\"false\" aria-controls=\"radix-_r_8s_\" data-state=\"closed\">Immersive Atmosph\u00e4re mit stimmungsvollen Videos,<\/span> die auf gro\u00dfen Bildschirmen gezeigt werden \u2705 <strong>1 kostenloses Hei\u00dfgetr\u00e4nk<\/strong> bei Ihrem ersten Besuch<\/p>\n<p class=\"whitespace-break-spaces\" dir=\"auto\"><strong>\u00d6ffnungszeiten:<\/strong> \ud83d\udcc5 <strong>Montag bis Freitag<\/strong> \u23f0 <strong>Von 12.00 bis 22.00 Uhr<\/strong><\/p>\n<p class=\"whitespace-break-spaces\" dir=\"auto\"><strong>G\u00fcltigkeit:<\/strong> \u23f3 <strong>3 Monate<\/strong> ab dem Kaufdatum<\/p>\n<hr>\n<p class=\"whitespace-break-spaces\" dir=\"auto\"><strong>Bedingungen:<\/strong><\/p>\n<ul>\n<li>Nur f\u00fcr Frauen oder Personen, die bei der Ankunft wie Frauen gekleidet sind.<\/li>\n<li>Nur an Wochentagen g\u00fcltig (au\u00dfer an Feiertagen).<\/li>\n<li>Essen ist nicht erlaubt (au\u00dfer K\u00e4ufe in der Bar).<\/li>\n<li><strong>Telefon im Flugzeugmodus<\/strong>, um die Privatsph\u00e4re aller zu sch\u00fctzen (au\u00dfer in der Bar f\u00fcr Zahlungen).<\/li>\n<\/ul>\n<hr>\n<p class=\"whitespace-break-spaces\" dir=\"auto\"><em><span class=\"followup-block followup-block-hidden cursor-pointer outline-none static inline group-hover\/message:[--hover-opacity:1]\" tabindex=\"0\" data-question=\"Comment l\u2019\u00e9l\u00e9gance est-elle int\u00e9gr\u00e9e dans l\u2019am\u00e9nagement ou le service de cet espace ?\" aria-haspopup=\"dialog\" aria-expanded=\"false\" aria-controls=\"radix-_r_8t_\" data-state=\"closed\">Ein Ort, an dem Respekt, Entspannung und Eleganz aufeinandertreffen<\/span>.<\/em><\/p>\n","protected":false},"excerpt":{"rendered":"<p>G\u00fcltig f\u00fcr eine Frau oder wenn Sie bei Ihrer Ankunft als Frau gekleidet sind. Der Tarif gilt von Montag bis Freitag.<\/p>\n","protected":false},"author":4,"featured_media":7593,"template":"","meta":{"jetpack_publicize_message":"","jetpack_publicize_feature_enabled":true,"jetpack_social_post_already_shared":true,"jetpack_social_options":{"image_generator_settings":{"template":"highway","default_image_id":0,"font":"","enabled":false},"version":2}},"product_brand":[],"product_cat":[310],"product_tag":[337,340],"class_list":{"0":"post-8578","1":"product","2":"type-product","3":"status-publish","4":"has-post-thumbnail","6":"product_cat-billets","7":"product_tag-femme","8":"product_tag-semaine","10":"first","11":"instock","12":"featured","13":"virtual","14":"taxable","15":"purchasable","16":"product-type-simple"},"yoast_head":"<!-- This site is optimized with the Yoast SEO Premium plugin v27.5 (Yoast SEO v27.5) - https:\/\/yoast.com\/product\/yoast-seo-premium-wordpress\/ -->\n<title>Eintrittskarte f\u00fcr Frauen - Praktisch und leicht zug\u00e4nglich -% Atlantide Sauna%<\/title>\n<meta name=\"description\" content=\"Reservieren Sie Ihre Eintrittskarte f\u00fcr Frauen und genie\u00dfen Sie den Tag. Dieser Sondertarif ist von Montag bis Donnerstag verf\u00fcgbar, warten Sie nicht l\u00e4nger!\" \/>\n<meta name=\"robots\" content=\"index, follow, max-snippet:-1, max-image-preview:large, max-video-preview:-1\" \/>\n<link rel=\"canonical\" href=\"https:\/\/atlantide-sauna.com\/de\/billetterie\/frau-woche\/\" \/>\n<meta property=\"og:locale\" content=\"de_DE\" \/>\n<meta property=\"og:type\" content=\"article\" \/>\n<meta property=\"og:title\" content=\"Frau Woche\" \/>\n<meta property=\"og:description\" content=\"Reservieren Sie Ihre Eintrittskarte f\u00fcr Frauen und genie\u00dfen Sie den Tag. Dieser Sondertarif ist von Montag bis Donnerstag verf\u00fcgbar, warten Sie nicht l\u00e4nger!\" \/>\n<meta property=\"og:url\" content=\"https:\/\/atlantide-sauna.com\/de\/billetterie\/frau-woche\/\" \/>\n<meta property=\"og:site_name\" content=\"Atlantide Sauna\" \/>\n<meta property=\"article:publisher\" content=\"https:\/\/www.facebook.com\/profile.php?id=100082829877238\" \/>\n<meta property=\"article:modified_time\" content=\"2026-05-02T04:38:01+00:00\" \/>\n<meta property=\"og:image\" content=\"https:\/\/i0.wp.com\/atlantide-sauna.com\/wp-content\/uploads\/2025\/06\/ASH_IMG2025_000.jpg?fit=1440%2C810&ssl=1\" \/>\n\t<meta property=\"og:image:width\" content=\"1440\" \/>\n\t<meta property=\"og:image:height\" content=\"810\" \/>\n\t<meta property=\"og:image:type\" content=\"image\/jpeg\" \/>\n<meta name=\"twitter:card\" content=\"summary_large_image\" \/>\n<meta name=\"twitter:site\" content=\"@atlantidesauna\" \/>\n<meta name=\"twitter:label1\" content=\"Gesch\u00e4tzte Lesezeit\" \/>\n\t<meta name=\"twitter:data1\" content=\"1\u00a0Minute\" \/>\n<script type=\"application\/ld+json\" class=\"yoast-schema-graph\">{\"@context\":\"https:\\\/\\\/schema.org\",\"@graph\":[{\"@type\":\"WebPage\",\"@id\":\"https:\\\/\\\/atlantide-sauna.com\\\/de\\\/billetterie\\\/frau-woche\\\/\",\"url\":\"https:\\\/\\\/atlantide-sauna.com\\\/de\\\/billetterie\\\/frau-woche\\\/\",\"name\":\"Eintrittskarte f\u00fcr Frauen - Praktisch und leicht zug\u00e4nglich -% Atlantide Sauna%\",\"isPartOf\":{\"@id\":\"https:\\\/\\\/atlantide-sauna.com\\\/de\\\/#website\"},\"primaryImageOfPage\":{\"@id\":\"https:\\\/\\\/atlantide-sauna.com\\\/de\\\/billetterie\\\/frau-woche\\\/#primaryimage\"},\"image\":{\"@id\":\"https:\\\/\\\/atlantide-sauna.com\\\/de\\\/billetterie\\\/frau-woche\\\/#primaryimage\"},\"thumbnailUrl\":\"https:\\\/\\\/atlantide-sauna.com\\\/wp-content\\\/uploads\\\/2026\\\/01\\\/ASH-TICKETS_2026_FEMME.svg\",\"datePublished\":\"2025-10-25T14:05:24+00:00\",\"dateModified\":\"2026-05-02T04:38:01+00:00\",\"description\":\"Reservieren Sie Ihre Eintrittskarte f\u00fcr Frauen und genie\u00dfen Sie den Tag. Dieser Sondertarif ist von Montag bis Donnerstag verf\u00fcgbar, warten Sie nicht l\u00e4nger!\",\"breadcrumb\":{\"@id\":\"https:\\\/\\\/atlantide-sauna.com\\\/de\\\/billetterie\\\/frau-woche\\\/#breadcrumb\"},\"inLanguage\":\"de\",\"potentialAction\":[{\"@type\":\"ReadAction\",\"target\":[\"https:\\\/\\\/atlantide-sauna.com\\\/de\\\/billetterie\\\/frau-woche\\\/\"]}]},{\"@type\":\"ImageObject\",\"inLanguage\":\"de\",\"@id\":\"https:\\\/\\\/atlantide-sauna.com\\\/de\\\/billetterie\\\/frau-woche\\\/#primaryimage\",\"url\":\"https:\\\/\\\/atlantide-sauna.com\\\/wp-content\\\/uploads\\\/2026\\\/01\\\/ASH-TICKETS_2026_FEMME.svg\",\"contentUrl\":\"https:\\\/\\\/atlantide-sauna.com\\\/wp-content\\\/uploads\\\/2026\\\/01\\\/ASH-TICKETS_2026_FEMME.svg\",\"width\":800,\"height\":800,\"caption\":\"Eintrittskarte FRAU allein - Atlantide Sauna Paris\"},{\"@type\":\"BreadcrumbList\",\"@id\":\"https:\\\/\\\/atlantide-sauna.com\\\/de\\\/billetterie\\\/frau-woche\\\/#breadcrumb\",\"itemListElement\":[{\"@type\":\"ListItem\",\"position\":1,\"name\":\"Accueil\",\"item\":\"https:\\\/\\\/atlantide-sauna.com\\\/de\\\/startseite\\\/\"},{\"@type\":\"ListItem\",\"position\":2,\"name\":\"Boutique\",\"item\":\"https:\\\/\\\/atlantide-sauna.com\\\/boutique\\\/\"},{\"@type\":\"ListItem\",\"position\":3,\"name\":\"Frau Woche\"}]},{\"@type\":\"WebSite\",\"@id\":\"https:\\\/\\\/atlantide-sauna.com\\\/de\\\/#website\",\"url\":\"https:\\\/\\\/atlantide-sauna.com\\\/de\\\/\",\"name\":\"Atlantide Sauna\",\"description\":\"Sauna Toutes Tendances Gay Bi Tr**\",\"publisher\":{\"@id\":\"https:\\\/\\\/atlantide-sauna.com\\\/de\\\/#organization\"},\"alternateName\":\"Club libertin Atlantide Sauna Paris\",\"potentialAction\":[{\"@type\":\"SearchAction\",\"target\":{\"@type\":\"EntryPoint\",\"urlTemplate\":\"https:\\\/\\\/atlantide-sauna.com\\\/de\\\/?s={search_term_string}\"},\"query-input\":{\"@type\":\"PropertyValueSpecification\",\"valueRequired\":true,\"valueName\":\"search_term_string\"}}],\"inLanguage\":\"de\"},{\"@type\":\"Organization\",\"@id\":\"https:\\\/\\\/atlantide-sauna.com\\\/de\\\/#organization\",\"name\":\"ATLANTIDE SAUNA HAMMAM\",\"alternateName\":\"ATLANTIDE SAUNA HAMMAM\",\"url\":\"https:\\\/\\\/atlantide-sauna.com\\\/de\\\/\",\"logo\":{\"@type\":\"ImageObject\",\"inLanguage\":\"de\",\"@id\":\"https:\\\/\\\/atlantide-sauna.com\\\/de\\\/#\\\/schema\\\/logo\\\/image\\\/\",\"url\":\"https:\\\/\\\/atlantide-sauna.com\\\/wp-content\\\/uploads\\\/2025\\\/05\\\/ash_logo_2025_01.svg\",\"contentUrl\":\"https:\\\/\\\/atlantide-sauna.com\\\/wp-content\\\/uploads\\\/2025\\\/05\\\/ash_logo_2025_01.svg\",\"width\":1,\"height\":1,\"caption\":\"ATLANTIDE SAUNA HAMMAM\"},\"image\":{\"@id\":\"https:\\\/\\\/atlantide-sauna.com\\\/de\\\/#\\\/schema\\\/logo\\\/image\\\/\"},\"sameAs\":[\"https:\\\/\\\/www.facebook.com\\\/profile.php?id=100082829877238\",\"https:\\\/\\\/x.com\\\/atlantidesauna\"],\"description\":\"Sauna hammam toutes tendances. Un espace de libert\u00e9, de mixit\u00e9 et de tol\u00e9rance. Chez Atlantide Sauna vous trouverez les conditions id\u00e9ales pour vos rencontres libertines.\",\"email\":\"infos@atlantide-sauna.com\",\"telephone\":\"0143422243\",\"legalName\":\"ATLANTIDE SAUNA HAMMAM\",\"foundingDate\":\"1999-08-09\",\"vatID\":\"FR39423920370\",\"taxID\":\"42392037000016\",\"numberOfEmployees\":{\"@type\":\"QuantitativeValue\",\"minValue\":\"1\",\"maxValue\":\"10\"}}]}<\/script>\n<!-- \/ Yoast SEO Premium plugin. -->","yoast_head_json":{"title":"Eintrittskarte f\u00fcr Frauen - Praktisch und leicht zug\u00e4nglich -% Atlantide Sauna%","description":"Reservieren Sie Ihre Eintrittskarte f\u00fcr Frauen und genie\u00dfen Sie den Tag. Dieser Sondertarif ist von Montag bis Donnerstag verf\u00fcgbar, warten Sie nicht l\u00e4nger!","robots":{"index":"index","follow":"follow","max-snippet":"max-snippet:-1","max-image-preview":"max-image-preview:large","max-video-preview":"max-video-preview:-1"},"canonical":"https:\/\/atlantide-sauna.com\/de\/billetterie\/frau-woche\/","og_locale":"de_DE","og_type":"article","og_title":"Frau Woche","og_description":"Reservieren Sie Ihre Eintrittskarte f\u00fcr Frauen und genie\u00dfen Sie den Tag. Dieser Sondertarif ist von Montag bis Donnerstag verf\u00fcgbar, warten Sie nicht l\u00e4nger!","og_url":"https:\/\/atlantide-sauna.com\/de\/billetterie\/frau-woche\/","og_site_name":"Atlantide Sauna","article_publisher":"https:\/\/www.facebook.com\/profile.php?id=100082829877238","article_modified_time":"2026-05-02T04:38:01+00:00","og_image":[{"width":1440,"height":810,"url":"https:\/\/i0.wp.com\/atlantide-sauna.com\/wp-content\/uploads\/2025\/06\/ASH_IMG2025_000.jpg?fit=1440%2C810&ssl=1","type":"image\/jpeg"}],"twitter_card":"summary_large_image","twitter_site":"@atlantidesauna","twitter_misc":{"Gesch\u00e4tzte Lesezeit":"1\u00a0Minute"},"schema":{"@context":"https:\/\/schema.org","@graph":[{"@type":"WebPage","@id":"https:\/\/atlantide-sauna.com\/de\/billetterie\/frau-woche\/","url":"https:\/\/atlantide-sauna.com\/de\/billetterie\/frau-woche\/","name":"Eintrittskarte f\u00fcr Frauen - Praktisch und leicht zug\u00e4nglich -% Atlantide Sauna%","isPartOf":{"@id":"https:\/\/atlantide-sauna.com\/de\/#website"},"primaryImageOfPage":{"@id":"https:\/\/atlantide-sauna.com\/de\/billetterie\/frau-woche\/#primaryimage"},"image":{"@id":"https:\/\/atlantide-sauna.com\/de\/billetterie\/frau-woche\/#primaryimage"},"thumbnailUrl":"https:\/\/atlantide-sauna.com\/wp-content\/uploads\/2026\/01\/ASH-TICKETS_2026_FEMME.svg","datePublished":"2025-10-25T14:05:24+00:00","dateModified":"2026-05-02T04:38:01+00:00","description":"Reservieren Sie Ihre Eintrittskarte f\u00fcr Frauen und genie\u00dfen Sie den Tag. Dieser Sondertarif ist von Montag bis Donnerstag verf\u00fcgbar, warten Sie nicht l\u00e4nger!","breadcrumb":{"@id":"https:\/\/atlantide-sauna.com\/de\/billetterie\/frau-woche\/#breadcrumb"},"inLanguage":"de","potentialAction":[{"@type":"ReadAction","target":["https:\/\/atlantide-sauna.com\/de\/billetterie\/frau-woche\/"]}]},{"@type":"ImageObject","inLanguage":"de","@id":"https:\/\/atlantide-sauna.com\/de\/billetterie\/frau-woche\/#primaryimage","url":"https:\/\/atlantide-sauna.com\/wp-content\/uploads\/2026\/01\/ASH-TICKETS_2026_FEMME.svg","contentUrl":"https:\/\/atlantide-sauna.com\/wp-content\/uploads\/2026\/01\/ASH-TICKETS_2026_FEMME.svg","width":800,"height":800,"caption":"Eintrittskarte FRAU allein - Atlantide Sauna Paris"},{"@type":"BreadcrumbList","@id":"https:\/\/atlantide-sauna.com\/de\/billetterie\/frau-woche\/#breadcrumb","itemListElement":[{"@type":"ListItem","position":1,"name":"Accueil","item":"https:\/\/atlantide-sauna.com\/de\/startseite\/"},{"@type":"ListItem","position":2,"name":"Boutique","item":"https:\/\/atlantide-sauna.com\/boutique\/"},{"@type":"ListItem","position":3,"name":"Frau Woche"}]},{"@type":"WebSite","@id":"https:\/\/atlantide-sauna.com\/de\/#website","url":"https:\/\/atlantide-sauna.com\/de\/","name":"Atlantide Sauna","description":"Sauna Toutes Tendances Gay Bi Tr**","publisher":{"@id":"https:\/\/atlantide-sauna.com\/de\/#organization"},"alternateName":"Club libertin Atlantide Sauna Paris","potentialAction":[{"@type":"SearchAction","target":{"@type":"EntryPoint","urlTemplate":"https:\/\/atlantide-sauna.com\/de\/?s={search_term_string}"},"query-input":{"@type":"PropertyValueSpecification","valueRequired":true,"valueName":"search_term_string"}}],"inLanguage":"de"},{"@type":"Organization","@id":"https:\/\/atlantide-sauna.com\/de\/#organization","name":"ATLANTIDE SAUNA HAMMAM","alternateName":"ATLANTIDE SAUNA HAMMAM","url":"https:\/\/atlantide-sauna.com\/de\/","logo":{"@type":"ImageObject","inLanguage":"de","@id":"https:\/\/atlantide-sauna.com\/de\/#\/schema\/logo\/image\/","url":"https:\/\/atlantide-sauna.com\/wp-content\/uploads\/2025\/05\/ash_logo_2025_01.svg","contentUrl":"https:\/\/atlantide-sauna.com\/wp-content\/uploads\/2025\/05\/ash_logo_2025_01.svg","width":1,"height":1,"caption":"ATLANTIDE SAUNA HAMMAM"},"image":{"@id":"https:\/\/atlantide-sauna.com\/de\/#\/schema\/logo\/image\/"},"sameAs":["https:\/\/www.facebook.com\/profile.php?id=100082829877238","https:\/\/x.com\/atlantidesauna"],"description":"Sauna hammam toutes tendances. Un espace de libert\u00e9, de mixit\u00e9 et de tol\u00e9rance. Chez Atlantide Sauna vous trouverez les conditions id\u00e9ales pour vos rencontres libertines.","email":"infos@atlantide-sauna.com","telephone":"0143422243","legalName":"ATLANTIDE SAUNA HAMMAM","foundingDate":"1999-08-09","vatID":"FR39423920370","taxID":"42392037000016","numberOfEmployees":{"@type":"QuantitativeValue","minValue":"1","maxValue":"10"}}]}},"jetpack_publicize_connections":[],"jetpack_sharing_enabled":true,"_links":{"self":[{"href":"https:\/\/atlantide-sauna.com\/de\/wp-json\/wp\/v2\/product\/8578","targetHints":{"allow":["GET"]}}],"collection":[{"href":"https:\/\/atlantide-sauna.com\/de\/wp-json\/wp\/v2\/product"}],"about":[{"href":"https:\/\/atlantide-sauna.com\/de\/wp-json\/wp\/v2\/types\/product"}],"author":[{"embeddable":true,"href":"https:\/\/atlantide-sauna.com\/de\/wp-json\/wp\/v2\/users\/4"}],"wp:featuredmedia":[{"embeddable":true,"href":"https:\/\/atlantide-sauna.com\/de\/wp-json\/wp\/v2\/media\/7593"}],"wp:attachment":[{"href":"https:\/\/atlantide-sauna.com\/de\/wp-json\/wp\/v2\/media?parent=8578"}],"wp:term":[{"taxonomy":"product_brand","embeddable":true,"href":"https:\/\/atlantide-sauna.com\/de\/wp-json\/wp\/v2\/product_brand?post=8578"},{"taxonomy":"product_cat","embeddable":true,"href":"https:\/\/atlantide-sauna.com\/de\/wp-json\/wp\/v2\/product_cat?post=8578"},{"taxonomy":"product_tag","embeddable":true,"href":"https:\/\/atlantide-sauna.com\/de\/wp-json\/wp\/v2\/product_tag?post=8578"}],"curies":[{"name":"wp","href":"https:\/\/api.w.org\/{rel}","templated":true}]}}