{"id":8585,"date":"2025-10-27T18:15:08","date_gmt":"2025-10-27T17:15:08","guid":{"rendered":"https:\/\/atlantide-sauna.com\/billetterie\/senioren-woche\/"},"modified":"2025-10-27T18:15:08","modified_gmt":"2025-10-27T17:15:08","slug":"senioren-woche","status":"publish","type":"product","link":"https:\/\/atlantide-sauna.com\/de\/billetterie\/senioren-woche\/","title":{"rendered":"Senioren Woche"},"content":{"rendered":"<p>Eintrittskarte f\u00fcr einen alleinstehenden Mann ab 55 Jahren. G\u00fcltig an Wochentagen von Montag bis Freitag.<br \/>\n<!--more--><br \/>\nGenie\u00dfen Sie das Dampfbad und die Sauna und lernen Sie jeden Tag ab 12 Uhr neue Leute kennen.<\/p>\n<p>Ticket f\u00fcr die Einreise, <span style=\"text-decoration: underline;\"><strong>nicht datiert<\/strong><\/span>Die <span style=\"text-decoration: underline;\">Eintrittskarte<\/span> ist an Wochentagen g\u00fcltig und <span style=\"text-decoration: underline;\"><strong>kann von MONTAG bis FREITAG genutzt<\/strong> werden.<\/span><\/p>\n<p class=\"whitespace-break-spaces\" dir=\"auto\"><strong>Senior Discovery Ticket<\/strong> <em>F\u00fcr M\u00e4nner ab 55 Jahren<\/em><\/p>\n<p class=\"whitespace-break-spaces\" dir=\"auto\">G\u00f6nnen Sie sich einen Moment der Entspannung und des Vergn\u00fcgens in unserem speziell f\u00fcr Ihren Komfort eingerichteten Libertin-Bereich.<\/p>\n<p class=\"whitespace-break-spaces\" dir=\"auto\"><strong>Enthalten:<\/strong><\/p>\n<ul>\n<li class=\"whitespace-break-spaces\" dir=\"auto\">\u2705 Unbegrenzter Zugang zur Sauna und zum Dampfbad<\/li>\n<li class=\"whitespace-break-spaces\" dir=\"auto\">\u2705 Immersive Atmosph\u00e4re mit stimmungsvollen Videos, die auf gro\u00dfen Bildschirmen gezeigt werden<\/li>\n<li class=\"whitespace-break-spaces\" dir=\"auto\">\u2705 <strong>1 kostenloses Hei\u00dfgetr\u00e4nk<\/strong> bei Ihrem ersten Besuch<\/li>\n<\/ul>\n<p class=\"whitespace-break-spaces\" dir=\"auto\"><strong>\u00d6ffnungszeiten:<\/strong> \ud83d\udcc5 <strong>Montag bis Freitag<\/strong> \u23f0 <strong>Von 12.00 bis 22.00 Uhr<\/strong><\/p>\n<p class=\"whitespace-break-spaces\" dir=\"auto\"><strong>G\u00fcltigkeit:<\/strong> \u23f3 <strong>3 Monate<\/strong> ab dem Kaufdatum<\/p>\n<hr>\n<p class=\"whitespace-break-spaces\" dir=\"auto\"><strong>Bedingungen:<\/strong><\/p>\n<ul>\n<li>Nur f\u00fcr M\u00e4nner ab 55 Jahren.<\/li>\n<li>Nur an Wochentagen g\u00fcltig (au\u00dfer an Feiertagen).<\/li>\n<li>Essen ist nicht erlaubt (au\u00dfer K\u00e4ufe in der Bar).<\/li>\n<li><strong>Telefon im Flugzeugmodus<\/strong>, um die Privatsph\u00e4re aller zu sch\u00fctzen (au\u00dfer in der Bar f\u00fcr Zahlungen).<\/li>\n<\/ul>\n<p class=\"whitespace-break-spaces\"><strong>Nutzungsbedingungen :<\/strong><\/p>\n<ul>\n<li>G\u00fcltig f\u00fcr einen einzigen Eintrag.<\/li>\n<li>Von <strong>Montag bis Freitag<\/strong>, wenn Sie am Wochenende kommen m\u00f6chten, kaufen Sie einen Week-End Man.<\/li>\n<li>Nicht umtauschbar, nicht erstattungsf\u00e4hig.<\/li>\n<\/ul>\n<p><strong>Ben\u00f6tigen Sie ein Ticket f\u00fcr ein Paar?<\/strong> Sehen Sie sich unsere anderen Preisoptionen an <a href=\"https:\/\/atlantide-sauna.com\/billetterie\/entree-duo\/\"><strong>Duo-Eintritt<\/strong><\/a>.<\/p>\n<div class=\"uk-alert uk-alert-warning\" style=\"text-align: justify;\"><strong>WICHTIG<\/strong><br \/>\nDie Eintrittskarten sind an allen \u00d6ffnungstagen der Einrichtung g\u00fcltig, <strong>au\u00dfer an EVENEMENTS- <\/strong>oder <strong>SPEZIALABEND-Tagen <\/strong> <strong>.<br \/>\n<\/strong>Bitte erkundigen Sie sich an der Rezeption der Einrichtung, besuchen Sie unsere sozialen Netzwerke <a href=\"https:\/\/www.instagram.com\/atlantide.sauna\/\" target=\"_blank\" rel=\"noopener\">Instagram<\/a>, <a href=\"https:\/\/www.facebook.com\/people\/Atlantide-Sauna\/100082829877238\/\" target=\"_blank\" rel=\"noopener\">Facebook<\/a> oder <a href=\"https:\/\/t.me\/+Ioz1OGyrdg01ZTlk\" target=\"_blank\" rel=\"noopener\">Telegram<\/a>. Sie k\u00f6nnen uns auch eine Nachricht \u00fcber unsere <a href=\"https:\/\/atlantide-sauna.com\/de\/kontakt\/\" target=\"_blank\" rel=\"noopener\">KONTAKT-Seite<\/a> schicken. <\/div>\n<div><\/div>\n<div class=\"uk-alert\">\n<div style=\"text-align: justify;\"><img data-recalc-dims=\"1\" loading=\"lazy\" decoding=\"async\" class=\"alignleft wp-image-6966\" src=\"https:\/\/i0.wp.com\/atlantide-sauna.com\/wp-content\/uploads\/2025\/10\/carte_fidelite.png?resize=145%2C90&#038;ssl=1\" alt=\"Treuekarte - Atlantide Sauna Paris\" width=\"145\" height=\"90\" srcset=\"https:\/\/i0.wp.com\/atlantide-sauna.com\/wp-content\/uploads\/2025\/10\/carte_fidelite.png?resize=300%2C186&amp;ssl=1 300w, https:\/\/i0.wp.com\/atlantide-sauna.com\/wp-content\/uploads\/2025\/10\/carte_fidelite.png?w=420&amp;ssl=1 420w\" sizes=\"(max-width: 145px) 100vw, 145px\" \/>Sammeln Sie Punkte f\u00fcr jeden bezahlten Eintritt und erhalten Sie 1 freien Eintritt ab 900 gesammelten Punkten! Zeigen Sie Ihre Treuekarte an der Rezeption vor. Sie sind nicht \u00fcbertragbar und nicht mit anderen Angeboten kombinierbar. Wir behalten uns das Recht vor, diese Bedingungen jederzeit zu \u00e4ndern.   <\/div>\n<\/div>\n<div>https:\/\/atlantide-sauna.com\/billetterie\/<\/div>\n","protected":false},"excerpt":{"rendered":"<p>Eintrittskarte f\u00fcr einen alleinstehenden Mann ab 55 Jahren. G\u00fcltig an Wochentagen von Montag bis Freitag.<\/p>\n","protected":false},"author":4,"featured_media":7641,"template":"","meta":{"jetpack_publicize_message":"","jetpack_publicize_feature_enabled":true,"jetpack_social_post_already_shared":true,"jetpack_social_options":{"image_generator_settings":{"template":"highway","default_image_id":0,"font":"","enabled":false},"version":2}},"product_brand":[],"product_cat":[310],"product_tag":[336,340],"class_list":{"0":"post-8585","1":"product","2":"type-product","3":"status-publish","4":"has-post-thumbnail","6":"product_cat-billets","7":"product_tag-homme","8":"product_tag-semaine","10":"first","11":"instock","12":"featured","13":"virtual","14":"taxable","15":"purchasable","16":"product-type-simple"},"yoast_head":"<!-- This site is optimized with the Yoast SEO Premium plugin v27.5 (Yoast SEO v27.5) - https:\/\/yoast.com\/product\/yoast-seo-premium-wordpress\/ -->\n<title>Senioren Eintrittskarte: Buchen Sie Ihre Erfahrung jetzt - Atlantide Sauna%<\/title>\n<meta name=\"description\" content=\"Das Senioren-Eintrittsticket erwartet Sie f\u00fcr ein unvergessliches Vergn\u00fcgen! Nutzen Sie die Vorteile, die Ihnen vorbehalten sind, und kaufen Sie Ihre eigene Eintrittskarte!\" \/>\n<meta name=\"robots\" content=\"index, follow, max-snippet:-1, max-image-preview:large, max-video-preview:-1\" \/>\n<link rel=\"canonical\" href=\"https:\/\/atlantide-sauna.com\/de\/billetterie\/senioren-woche\/\" \/>\n<meta property=\"og:locale\" content=\"de_DE\" \/>\n<meta property=\"og:type\" content=\"article\" \/>\n<meta property=\"og:title\" content=\"Senioren Woche\" \/>\n<meta property=\"og:description\" content=\"Das Senioren-Eintrittsticket erwartet Sie f\u00fcr ein unvergessliches Vergn\u00fcgen! Nutzen Sie die Vorteile, die Ihnen vorbehalten sind, und kaufen Sie Ihre eigene Eintrittskarte!\" \/>\n<meta property=\"og:url\" content=\"https:\/\/atlantide-sauna.com\/de\/billetterie\/senioren-woche\/\" \/>\n<meta property=\"og:site_name\" content=\"Atlantide Sauna\" \/>\n<meta property=\"article:publisher\" content=\"https:\/\/www.facebook.com\/profile.php?id=100082829877238\" \/>\n<meta property=\"og:image\" content=\"https:\/\/i0.wp.com\/atlantide-sauna.com\/wp-content\/uploads\/2025\/06\/ASH_IMG2025_000.jpg?fit=1440%2C810&ssl=1\" \/>\n\t<meta property=\"og:image:width\" content=\"1440\" \/>\n\t<meta property=\"og:image:height\" content=\"810\" \/>\n\t<meta property=\"og:image:type\" content=\"image\/jpeg\" \/>\n<meta name=\"twitter:card\" content=\"summary_large_image\" \/>\n<meta name=\"twitter:site\" content=\"@atlantidesauna\" \/>\n<meta name=\"twitter:label1\" content=\"Gesch\u00e4tzte Lesezeit\" \/>\n\t<meta name=\"twitter:data1\" content=\"2\u00a0Minuten\" \/>\n<script type=\"application\/ld+json\" class=\"yoast-schema-graph\">{\"@context\":\"https:\\\/\\\/schema.org\",\"@graph\":[{\"@type\":\"WebPage\",\"@id\":\"https:\\\/\\\/atlantide-sauna.com\\\/de\\\/billetterie\\\/senioren-woche\\\/\",\"url\":\"https:\\\/\\\/atlantide-sauna.com\\\/de\\\/billetterie\\\/senioren-woche\\\/\",\"name\":\"Senioren Eintrittskarte: Buchen Sie Ihre Erfahrung jetzt - Atlantide Sauna%\",\"isPartOf\":{\"@id\":\"https:\\\/\\\/atlantide-sauna.com\\\/de\\\/#website\"},\"primaryImageOfPage\":{\"@id\":\"https:\\\/\\\/atlantide-sauna.com\\\/de\\\/billetterie\\\/senioren-woche\\\/#primaryimage\"},\"image\":{\"@id\":\"https:\\\/\\\/atlantide-sauna.com\\\/de\\\/billetterie\\\/senioren-woche\\\/#primaryimage\"},\"thumbnailUrl\":\"https:\\\/\\\/atlantide-sauna.com\\\/wp-content\\\/uploads\\\/2026\\\/01\\\/ASH-TICKETS_2026_SENIOR.svg\",\"datePublished\":\"2025-10-27T17:15:08+00:00\",\"description\":\"Das Senioren-Eintrittsticket erwartet Sie f\u00fcr ein unvergessliches Vergn\u00fcgen! Nutzen Sie die Vorteile, die Ihnen vorbehalten sind, und kaufen Sie Ihre eigene Eintrittskarte!\",\"breadcrumb\":{\"@id\":\"https:\\\/\\\/atlantide-sauna.com\\\/de\\\/billetterie\\\/senioren-woche\\\/#breadcrumb\"},\"inLanguage\":\"de\",\"potentialAction\":[{\"@type\":\"ReadAction\",\"target\":[\"https:\\\/\\\/atlantide-sauna.com\\\/de\\\/billetterie\\\/senioren-woche\\\/\"]}]},{\"@type\":\"ImageObject\",\"inLanguage\":\"de\",\"@id\":\"https:\\\/\\\/atlantide-sauna.com\\\/de\\\/billetterie\\\/senioren-woche\\\/#primaryimage\",\"url\":\"https:\\\/\\\/atlantide-sauna.com\\\/wp-content\\\/uploads\\\/2026\\\/01\\\/ASH-TICKETS_2026_SENIOR.svg\",\"contentUrl\":\"https:\\\/\\\/atlantide-sauna.com\\\/wp-content\\\/uploads\\\/2026\\\/01\\\/ASH-TICKETS_2026_SENIOR.svg\",\"width\":800,\"height\":800,\"caption\":\"Eintrittskarte MANN allein \u00fcber 55 - Senioren - Atlantide Sauna Paris\"},{\"@type\":\"BreadcrumbList\",\"@id\":\"https:\\\/\\\/atlantide-sauna.com\\\/de\\\/billetterie\\\/senioren-woche\\\/#breadcrumb\",\"itemListElement\":[{\"@type\":\"ListItem\",\"position\":1,\"name\":\"Accueil\",\"item\":\"https:\\\/\\\/atlantide-sauna.com\\\/de\\\/startseite\\\/\"},{\"@type\":\"ListItem\",\"position\":2,\"name\":\"Boutique\",\"item\":\"https:\\\/\\\/atlantide-sauna.com\\\/boutique\\\/\"},{\"@type\":\"ListItem\",\"position\":3,\"name\":\"Senioren Woche\"}]},{\"@type\":\"WebSite\",\"@id\":\"https:\\\/\\\/atlantide-sauna.com\\\/de\\\/#website\",\"url\":\"https:\\\/\\\/atlantide-sauna.com\\\/de\\\/\",\"name\":\"Atlantide Sauna\",\"description\":\"Sauna Toutes Tendances Gay Bi Tr**\",\"publisher\":{\"@id\":\"https:\\\/\\\/atlantide-sauna.com\\\/de\\\/#organization\"},\"alternateName\":\"Club libertin Atlantide Sauna Paris\",\"potentialAction\":[{\"@type\":\"SearchAction\",\"target\":{\"@type\":\"EntryPoint\",\"urlTemplate\":\"https:\\\/\\\/atlantide-sauna.com\\\/de\\\/?s={search_term_string}\"},\"query-input\":{\"@type\":\"PropertyValueSpecification\",\"valueRequired\":true,\"valueName\":\"search_term_string\"}}],\"inLanguage\":\"de\"},{\"@type\":\"Organization\",\"@id\":\"https:\\\/\\\/atlantide-sauna.com\\\/de\\\/#organization\",\"name\":\"ATLANTIDE SAUNA HAMMAM\",\"alternateName\":\"ATLANTIDE SAUNA HAMMAM\",\"url\":\"https:\\\/\\\/atlantide-sauna.com\\\/de\\\/\",\"logo\":{\"@type\":\"ImageObject\",\"inLanguage\":\"de\",\"@id\":\"https:\\\/\\\/atlantide-sauna.com\\\/de\\\/#\\\/schema\\\/logo\\\/image\\\/\",\"url\":\"https:\\\/\\\/atlantide-sauna.com\\\/wp-content\\\/uploads\\\/2025\\\/05\\\/ash_logo_2025_01.svg\",\"contentUrl\":\"https:\\\/\\\/atlantide-sauna.com\\\/wp-content\\\/uploads\\\/2025\\\/05\\\/ash_logo_2025_01.svg\",\"width\":1,\"height\":1,\"caption\":\"ATLANTIDE SAUNA HAMMAM\"},\"image\":{\"@id\":\"https:\\\/\\\/atlantide-sauna.com\\\/de\\\/#\\\/schema\\\/logo\\\/image\\\/\"},\"sameAs\":[\"https:\\\/\\\/www.facebook.com\\\/profile.php?id=100082829877238\",\"https:\\\/\\\/x.com\\\/atlantidesauna\"],\"description\":\"Sauna hammam toutes tendances. Un espace de libert\u00e9, de mixit\u00e9 et de tol\u00e9rance. Chez Atlantide Sauna vous trouverez les conditions id\u00e9ales pour vos rencontres libertines.\",\"email\":\"infos@atlantide-sauna.com\",\"telephone\":\"0143422243\",\"legalName\":\"ATLANTIDE SAUNA HAMMAM\",\"foundingDate\":\"1999-08-09\",\"vatID\":\"FR39423920370\",\"taxID\":\"42392037000016\",\"numberOfEmployees\":{\"@type\":\"QuantitativeValue\",\"minValue\":\"1\",\"maxValue\":\"10\"}}]}<\/script>\n<!-- \/ Yoast SEO Premium plugin. -->","yoast_head_json":{"title":"Senioren Eintrittskarte: Buchen Sie Ihre Erfahrung jetzt - Atlantide Sauna%","description":"Das Senioren-Eintrittsticket erwartet Sie f\u00fcr ein unvergessliches Vergn\u00fcgen! Nutzen Sie die Vorteile, die Ihnen vorbehalten sind, und kaufen Sie Ihre eigene Eintrittskarte!","robots":{"index":"index","follow":"follow","max-snippet":"max-snippet:-1","max-image-preview":"max-image-preview:large","max-video-preview":"max-video-preview:-1"},"canonical":"https:\/\/atlantide-sauna.com\/de\/billetterie\/senioren-woche\/","og_locale":"de_DE","og_type":"article","og_title":"Senioren Woche","og_description":"Das Senioren-Eintrittsticket erwartet Sie f\u00fcr ein unvergessliches Vergn\u00fcgen! Nutzen Sie die Vorteile, die Ihnen vorbehalten sind, und kaufen Sie Ihre eigene Eintrittskarte!","og_url":"https:\/\/atlantide-sauna.com\/de\/billetterie\/senioren-woche\/","og_site_name":"Atlantide Sauna","article_publisher":"https:\/\/www.facebook.com\/profile.php?id=100082829877238","og_image":[{"width":1440,"height":810,"url":"https:\/\/i0.wp.com\/atlantide-sauna.com\/wp-content\/uploads\/2025\/06\/ASH_IMG2025_000.jpg?fit=1440%2C810&ssl=1","type":"image\/jpeg"}],"twitter_card":"summary_large_image","twitter_site":"@atlantidesauna","twitter_misc":{"Gesch\u00e4tzte Lesezeit":"2\u00a0Minuten"},"schema":{"@context":"https:\/\/schema.org","@graph":[{"@type":"WebPage","@id":"https:\/\/atlantide-sauna.com\/de\/billetterie\/senioren-woche\/","url":"https:\/\/atlantide-sauna.com\/de\/billetterie\/senioren-woche\/","name":"Senioren Eintrittskarte: Buchen Sie Ihre Erfahrung jetzt - Atlantide Sauna%","isPartOf":{"@id":"https:\/\/atlantide-sauna.com\/de\/#website"},"primaryImageOfPage":{"@id":"https:\/\/atlantide-sauna.com\/de\/billetterie\/senioren-woche\/#primaryimage"},"image":{"@id":"https:\/\/atlantide-sauna.com\/de\/billetterie\/senioren-woche\/#primaryimage"},"thumbnailUrl":"https:\/\/atlantide-sauna.com\/wp-content\/uploads\/2026\/01\/ASH-TICKETS_2026_SENIOR.svg","datePublished":"2025-10-27T17:15:08+00:00","description":"Das Senioren-Eintrittsticket erwartet Sie f\u00fcr ein unvergessliches Vergn\u00fcgen! Nutzen Sie die Vorteile, die Ihnen vorbehalten sind, und kaufen Sie Ihre eigene Eintrittskarte!","breadcrumb":{"@id":"https:\/\/atlantide-sauna.com\/de\/billetterie\/senioren-woche\/#breadcrumb"},"inLanguage":"de","potentialAction":[{"@type":"ReadAction","target":["https:\/\/atlantide-sauna.com\/de\/billetterie\/senioren-woche\/"]}]},{"@type":"ImageObject","inLanguage":"de","@id":"https:\/\/atlantide-sauna.com\/de\/billetterie\/senioren-woche\/#primaryimage","url":"https:\/\/atlantide-sauna.com\/wp-content\/uploads\/2026\/01\/ASH-TICKETS_2026_SENIOR.svg","contentUrl":"https:\/\/atlantide-sauna.com\/wp-content\/uploads\/2026\/01\/ASH-TICKETS_2026_SENIOR.svg","width":800,"height":800,"caption":"Eintrittskarte MANN allein \u00fcber 55 - Senioren - Atlantide Sauna Paris"},{"@type":"BreadcrumbList","@id":"https:\/\/atlantide-sauna.com\/de\/billetterie\/senioren-woche\/#breadcrumb","itemListElement":[{"@type":"ListItem","position":1,"name":"Accueil","item":"https:\/\/atlantide-sauna.com\/de\/startseite\/"},{"@type":"ListItem","position":2,"name":"Boutique","item":"https:\/\/atlantide-sauna.com\/boutique\/"},{"@type":"ListItem","position":3,"name":"Senioren Woche"}]},{"@type":"WebSite","@id":"https:\/\/atlantide-sauna.com\/de\/#website","url":"https:\/\/atlantide-sauna.com\/de\/","name":"Atlantide Sauna","description":"Sauna Toutes Tendances Gay Bi Tr**","publisher":{"@id":"https:\/\/atlantide-sauna.com\/de\/#organization"},"alternateName":"Club libertin Atlantide Sauna Paris","potentialAction":[{"@type":"SearchAction","target":{"@type":"EntryPoint","urlTemplate":"https:\/\/atlantide-sauna.com\/de\/?s={search_term_string}"},"query-input":{"@type":"PropertyValueSpecification","valueRequired":true,"valueName":"search_term_string"}}],"inLanguage":"de"},{"@type":"Organization","@id":"https:\/\/atlantide-sauna.com\/de\/#organization","name":"ATLANTIDE SAUNA HAMMAM","alternateName":"ATLANTIDE SAUNA HAMMAM","url":"https:\/\/atlantide-sauna.com\/de\/","logo":{"@type":"ImageObject","inLanguage":"de","@id":"https:\/\/atlantide-sauna.com\/de\/#\/schema\/logo\/image\/","url":"https:\/\/atlantide-sauna.com\/wp-content\/uploads\/2025\/05\/ash_logo_2025_01.svg","contentUrl":"https:\/\/atlantide-sauna.com\/wp-content\/uploads\/2025\/05\/ash_logo_2025_01.svg","width":1,"height":1,"caption":"ATLANTIDE SAUNA HAMMAM"},"image":{"@id":"https:\/\/atlantide-sauna.com\/de\/#\/schema\/logo\/image\/"},"sameAs":["https:\/\/www.facebook.com\/profile.php?id=100082829877238","https:\/\/x.com\/atlantidesauna"],"description":"Sauna hammam toutes tendances. Un espace de libert\u00e9, de mixit\u00e9 et de tol\u00e9rance. Chez Atlantide Sauna vous trouverez les conditions id\u00e9ales pour vos rencontres libertines.","email":"infos@atlantide-sauna.com","telephone":"0143422243","legalName":"ATLANTIDE SAUNA HAMMAM","foundingDate":"1999-08-09","vatID":"FR39423920370","taxID":"42392037000016","numberOfEmployees":{"@type":"QuantitativeValue","minValue":"1","maxValue":"10"}}]}},"jetpack_publicize_connections":[],"jetpack_sharing_enabled":true,"_links":{"self":[{"href":"https:\/\/atlantide-sauna.com\/de\/wp-json\/wp\/v2\/product\/8585","targetHints":{"allow":["GET"]}}],"collection":[{"href":"https:\/\/atlantide-sauna.com\/de\/wp-json\/wp\/v2\/product"}],"about":[{"href":"https:\/\/atlantide-sauna.com\/de\/wp-json\/wp\/v2\/types\/product"}],"author":[{"embeddable":true,"href":"https:\/\/atlantide-sauna.com\/de\/wp-json\/wp\/v2\/users\/4"}],"wp:featuredmedia":[{"embeddable":true,"href":"https:\/\/atlantide-sauna.com\/de\/wp-json\/wp\/v2\/media\/7641"}],"wp:attachment":[{"href":"https:\/\/atlantide-sauna.com\/de\/wp-json\/wp\/v2\/media?parent=8585"}],"wp:term":[{"taxonomy":"product_brand","embeddable":true,"href":"https:\/\/atlantide-sauna.com\/de\/wp-json\/wp\/v2\/product_brand?post=8585"},{"taxonomy":"product_cat","embeddable":true,"href":"https:\/\/atlantide-sauna.com\/de\/wp-json\/wp\/v2\/product_cat?post=8585"},{"taxonomy":"product_tag","embeddable":true,"href":"https:\/\/atlantide-sauna.com\/de\/wp-json\/wp\/v2\/product_tag?post=8585"}],"curies":[{"name":"wp","href":"https:\/\/api.w.org\/{rel}","templated":true}]}}