{"id":8588,"date":"2025-10-21T16:47:27","date_gmt":"2025-10-21T14:47:27","guid":{"rendered":"https:\/\/atlantide-sauna.com\/billetterie\/mann-woche\/"},"modified":"2025-10-21T16:47:27","modified_gmt":"2025-10-21T14:47:27","slug":"mann-woche","status":"publish","type":"product","link":"https:\/\/atlantide-sauna.com\/de\/billetterie\/mann-woche\/","title":{"rendered":"Mann Woche"},"content":{"rendered":"<p>Eintrittskarte f\u00fcr einen alleinstehenden Mann \u00fcber 18 Jahre.<br \/>\nWochentagstarif von Montag bis Freitag.<br \/>\n<!--more--><\/p>\n<h3 class=\"whitespace-break-spaces\" dir=\"auto\"><strong>Solo Discovery Ticket<\/strong> <em>F\u00fcr einen einzelnen Mann<\/em><\/h3>\n<p class=\"whitespace-break-spaces\" dir=\"auto\">Genie\u00dfen Sie einen Moment der Entspannung und des Vergn\u00fcgens unter der Woche in einer <span class=\"followup-block followup-block-hidden cursor-pointer outline-none static inline group-hover\/message:[--hover-opacity:1]\" tabindex=\"0\" data-question=\"Quels \u00e9l\u00e9ments sp\u00e9cifiques du cadre contribuent \u00e0 cr\u00e9er cette intimit\u00e9 et ce bien-\u00eatre ?\" aria-haspopup=\"dialog\" aria-expanded=\"false\" aria-controls=\"radix-_r_h1_\" data-state=\"closed\">Umgebung, die auf Ihr Wohlbefinden und Ihre Privatsph\u00e4re ausgerichtet ist<\/span>.<\/p>\n<p class=\"whitespace-break-spaces\" dir=\"auto\"><strong>Inbegriffen:<\/strong> \u2705 Unbegrenzter Zugang zu Sauna und Dampfbad \u2705 Immersive Atmosph\u00e4re mit stimmungsvollen Videos, die auf <strong>2 gro\u00dfen Bildschirmen<\/strong> gezeigt werden \u2705 <strong>1 kostenloses Hei\u00dfgetr\u00e4nk<\/strong> bei Ihrem ersten Besuch<\/p>\n<p class=\"whitespace-break-spaces\" dir=\"auto\"><strong>\u00d6ffnungszeiten:<\/strong> \ud83d\udcc5 <strong>Montag bis Freitag<\/strong> \u23f0 <strong>Von 12.00 bis 22.00 Uhr<\/strong><\/p>\n<p class=\"whitespace-break-spaces\" dir=\"auto\"><strong>G\u00fcltigkeit:<\/strong> \u23f3 <strong>3 Monate<\/strong> ab dem Kaufdatum<\/p>\n<hr>\n<h3 class=\"whitespace-break-spaces\" dir=\"auto\"><strong>Bedingungen:<\/strong><\/h3>\n<ul>\n<li>Nur f\u00fcr alleinstehende M\u00e4nner.<\/li>\n<li>Nur an Wochentagen g\u00fcltig (au\u00dfer an Feiertagen).<\/li>\n<li>Essen ist nicht erlaubt (au\u00dfer K\u00e4ufe in der Bar).<\/li>\n<li><strong>Telefon im Flugmodus<\/strong> (nur in der Bar f\u00fcr Zahlungen erlaubt).<\/li>\n<\/ul>\n<hr>\n<p class=\"whitespace-break-spaces\" dir=\"auto\"><em><span class=\"followup-block followup-block-hidden cursor-pointer outline-none static inline group-hover\/message:[--hover-opacity:1]\" tabindex=\"0\" data-question=\"Quelles mesures sont prises pour garantir ce respect et cette discr\u00e9tion ?\" aria-haspopup=\"dialog\" aria-expanded=\"false\" aria-controls=\"radix-_r_h2_\" data-state=\"closed\">Ein Ort, an dem Entspannung und Diskretion aufeinandertreffen und an dem jeder respektiert<\/span> wird.<\/em><\/p>\n<p>Genie\u00dfen Sie das Dampfbad und die Sauna und lernen Sie jeden Tag ab 12 Uhr neue Leute kennen.<\/p>\n<div class=\"uk-alert uk-alert-success\" style=\"text-align: justify;\">\n<p>Ticket f\u00fcr die Einreise, <span style=\"text-decoration: underline;\"><strong>nicht datiert<\/strong><\/span>Die Eintrittskarte ist an Wochentagen g\u00fcltig und <span style=\"text-decoration: underline;\"><strong>kann von MONTAG bis FREITAG genutzt<\/strong><\/span> werden.<\/p>\n<p>Die Eintrittskarte muss innerhalb von 3 Monaten genutzt werden. <strong><span style=\"text-decoration: underline;\">innerhalb von 3 MONATEN ab dem Kaufdatum.<\/span><\/strong>.<br \/>\nBeispiel: Wenn Sie eine Eintrittskarte am 30. Dezember kaufen, bleibt sie bis zum 30. M\u00e4rz nutzbar&#8230;\ud83d\ude09\ud83d\ude09.<\/p>\n<\/div>\n<h3 class=\"whitespace-break-spaces\"><strong>Nutzungsbedingungen :<\/strong><\/h3>\n<ul>\n<li>G\u00fcltig f\u00fcr einen einzigen Eintrag.<\/li>\n<li>Nicht umtauschbar, nicht erstattungsf\u00e4hig.<\/li>\n<li>Nur f\u00fcr vollj\u00e4hrige M\u00e4nner (18 Jahre und \u00e4lter).<\/li>\n<li>Vorlage bei der Einreise erforderlich (digitale oder gedruckte Version).<\/li>\n<\/ul>\n<p><strong>Ben\u00f6tigen Sie ein Ticket f\u00fcr ein Paar?<\/strong> Sehen Sie sich unsere anderen Preisoptionen an <a href=\"https:\/\/atlantide-sauna.com\/billetterie\/entree-duo\/\"><strong>Duo-Eintritt<\/strong><\/a>.<\/p>\n<p>Sie sind <strong>55 Jahre oder \u00e4lter!<\/strong> Nutzen Sie unser Angebot <a href=\"https:\/\/atlantide-sauna.com\/billetterie\/entree-senior\/\"><strong>Senioreneintritt<\/strong><\/a>.<\/p>\n<div class=\"uk-alert uk-alert-warning\" style=\"text-align: justify;\"><strong>WICHTIG<\/strong><br \/>\nDie Eintrittskarten sind an allen \u00d6ffnungstagen der Einrichtung g\u00fcltig, <strong>au\u00dfer an EVENEMENTS- <\/strong>oder <strong>SPEZIALABEND-Tagen <\/strong> <strong>.<br \/>\n<\/strong>Bitte erkundigen Sie sich an der Rezeption der Einrichtung, besuchen Sie unsere sozialen Netzwerke <a href=\"https:\/\/www.instagram.com\/atlantide.sauna\/\" target=\"_blank\" rel=\"noopener\">Instagram<\/a>, <a href=\"https:\/\/www.facebook.com\/people\/Atlantide-Sauna\/100082829877238\/\" target=\"_blank\" rel=\"noopener\">Facebook<\/a> oder <a href=\"https:\/\/t.me\/+Ioz1OGyrdg01ZTlk\" target=\"_blank\" rel=\"noopener\">Telegram<\/a>. Sie k\u00f6nnen uns auch eine Nachricht \u00fcber unsere <a href=\"https:\/\/atlantide-sauna.com\/de\/kontakt\/\" target=\"_blank\" rel=\"noopener\">KONTAKT-Seite<\/a> schicken. <\/div>\n<div><\/div>\n<div class=\"uk-alert\">\n<div style=\"text-align: justify;\"><img data-recalc-dims=\"1\" loading=\"lazy\" decoding=\"async\" class=\"alignleft wp-image-6966\" src=\"https:\/\/i0.wp.com\/atlantide-sauna.com\/wp-content\/uploads\/2025\/10\/carte_fidelite.png?resize=145%2C90&#038;ssl=1\" alt=\"Treuekarte - Atlantide Sauna Paris\" width=\"145\" height=\"90\" srcset=\"https:\/\/i0.wp.com\/atlantide-sauna.com\/wp-content\/uploads\/2025\/10\/carte_fidelite.png?resize=300%2C186&amp;ssl=1 300w, https:\/\/i0.wp.com\/atlantide-sauna.com\/wp-content\/uploads\/2025\/10\/carte_fidelite.png?w=420&amp;ssl=1 420w\" sizes=\"(max-width: 145px) 100vw, 145px\" \/>Sammeln Sie Punkte f\u00fcr jeden bezahlten Eintritt und erhalten Sie 1 freien Eintritt ab 900 gesammelten Punkten! Zeigen Sie Ihre Treuekarte an der Rezeption vor. Sie sind nicht \u00fcbertragbar und nicht mit anderen Angeboten kombinierbar. Wir behalten uns das Recht vor, diese Bedingungen jederzeit zu \u00e4ndern.   <\/div>\n<\/div>\n<div>https:\/\/atlantide-sauna.com\/billetterie\/<\/div>\n","protected":false},"excerpt":{"rendered":"<p>Eintrittskarte f\u00fcr einen alleinstehenden Mann \u00fcber 18 Jahre.<\/p>\n","protected":false},"author":4,"featured_media":7601,"template":"","meta":{"jetpack_publicize_message":"","jetpack_publicize_feature_enabled":true,"jetpack_social_post_already_shared":true,"jetpack_social_options":{"image_generator_settings":{"template":"highway","default_image_id":0,"font":"","enabled":false},"version":2}},"product_brand":[],"product_cat":[402],"product_tag":[346,347],"class_list":{"0":"post-8588","1":"product","2":"type-product","3":"status-publish","4":"has-post-thumbnail","6":"product_cat-tickets","7":"product_tag-mann","8":"product_tag-woche","10":"first","11":"instock","12":"featured","13":"virtual","14":"taxable","15":"purchasable","16":"product-type-simple"},"yoast_head":"<!-- This site is optimized with the Yoast SEO Premium plugin v27.5 (Yoast SEO v27.5) - https:\/\/yoast.com\/product\/yoast-seo-premium-wordpress\/ -->\n<title>Eintrittskarte nur f\u00fcr M\u00e4nner: Zulassung f\u00fcr 18+ - Atlantide Sauna%.<\/title>\n<meta name=\"description\" content=\"Entdecken Sie einen Moment der Entspannung mit unserem Eintrittsticket f\u00fcr Alleinreisende. Sorgen Sie f\u00fcr Ihr Wohlbefinden und lernen Sie schon mittags neue Leute kennen! \ud83c\udf1f\" \/>\n<meta name=\"robots\" content=\"index, follow, max-snippet:-1, max-image-preview:large, max-video-preview:-1\" \/>\n<link rel=\"canonical\" href=\"https:\/\/atlantide-sauna.com\/de\/billetterie\/mann-woche\/\" \/>\n<meta property=\"og:locale\" content=\"de_DE\" \/>\n<meta property=\"og:type\" content=\"article\" \/>\n<meta property=\"og:title\" content=\"Mann Woche\" \/>\n<meta property=\"og:description\" content=\"Entdecken Sie einen Moment der Entspannung mit unserem Eintrittsticket f\u00fcr Alleinreisende. Sorgen Sie f\u00fcr Ihr Wohlbefinden und lernen Sie schon mittags neue Leute kennen! \ud83c\udf1f\" \/>\n<meta property=\"og:url\" content=\"https:\/\/atlantide-sauna.com\/de\/billetterie\/mann-woche\/\" \/>\n<meta property=\"og:site_name\" content=\"Atlantide Sauna\" \/>\n<meta property=\"article:publisher\" content=\"https:\/\/www.facebook.com\/profile.php?id=100082829877238\" \/>\n<meta property=\"og:image\" content=\"https:\/\/i0.wp.com\/atlantide-sauna.com\/wp-content\/uploads\/2025\/06\/ASH_IMG2025_000.jpg?fit=1440%2C810&ssl=1\" \/>\n\t<meta property=\"og:image:width\" content=\"1440\" \/>\n\t<meta property=\"og:image:height\" content=\"810\" \/>\n\t<meta property=\"og:image:type\" content=\"image\/jpeg\" \/>\n<meta name=\"twitter:card\" content=\"summary_large_image\" \/>\n<meta name=\"twitter:site\" content=\"@atlantidesauna\" \/>\n<meta name=\"twitter:label1\" content=\"Gesch\u00e4tzte Lesezeit\" \/>\n\t<meta name=\"twitter:data1\" content=\"2\u00a0Minuten\" \/>\n<script type=\"application\/ld+json\" class=\"yoast-schema-graph\">{\"@context\":\"https:\\\/\\\/schema.org\",\"@graph\":[{\"@type\":\"WebPage\",\"@id\":\"https:\\\/\\\/atlantide-sauna.com\\\/de\\\/billetterie\\\/mann-woche\\\/\",\"url\":\"https:\\\/\\\/atlantide-sauna.com\\\/de\\\/billetterie\\\/mann-woche\\\/\",\"name\":\"Eintrittskarte nur f\u00fcr M\u00e4nner: Zulassung f\u00fcr 18+ - Atlantide Sauna%.\",\"isPartOf\":{\"@id\":\"https:\\\/\\\/atlantide-sauna.com\\\/de\\\/#website\"},\"primaryImageOfPage\":{\"@id\":\"https:\\\/\\\/atlantide-sauna.com\\\/de\\\/billetterie\\\/mann-woche\\\/#primaryimage\"},\"image\":{\"@id\":\"https:\\\/\\\/atlantide-sauna.com\\\/de\\\/billetterie\\\/mann-woche\\\/#primaryimage\"},\"thumbnailUrl\":\"https:\\\/\\\/atlantide-sauna.com\\\/wp-content\\\/uploads\\\/2026\\\/01\\\/ASH-TICKETS_2026_HOMME_SEMAINE.svg\",\"datePublished\":\"2025-10-21T14:47:27+00:00\",\"description\":\"Entdecken Sie einen Moment der Entspannung mit unserem Eintrittsticket f\u00fcr Alleinreisende. Sorgen Sie f\u00fcr Ihr Wohlbefinden und lernen Sie schon mittags neue Leute kennen! \ud83c\udf1f\",\"breadcrumb\":{\"@id\":\"https:\\\/\\\/atlantide-sauna.com\\\/de\\\/billetterie\\\/mann-woche\\\/#breadcrumb\"},\"inLanguage\":\"de\",\"potentialAction\":[{\"@type\":\"ReadAction\",\"target\":[\"https:\\\/\\\/atlantide-sauna.com\\\/de\\\/billetterie\\\/mann-woche\\\/\"]}]},{\"@type\":\"ImageObject\",\"inLanguage\":\"de\",\"@id\":\"https:\\\/\\\/atlantide-sauna.com\\\/de\\\/billetterie\\\/mann-woche\\\/#primaryimage\",\"url\":\"https:\\\/\\\/atlantide-sauna.com\\\/wp-content\\\/uploads\\\/2026\\\/01\\\/ASH-TICKETS_2026_HOMME_SEMAINE.svg\",\"contentUrl\":\"https:\\\/\\\/atlantide-sauna.com\\\/wp-content\\\/uploads\\\/2026\\\/01\\\/ASH-TICKETS_2026_HOMME_SEMAINE.svg\",\"width\":800,\"height\":800,\"caption\":\"Eintrittskarte nur f\u00fcr M\u00c4NNER - Atlantide Sauna Paris\"},{\"@type\":\"BreadcrumbList\",\"@id\":\"https:\\\/\\\/atlantide-sauna.com\\\/de\\\/billetterie\\\/mann-woche\\\/#breadcrumb\",\"itemListElement\":[{\"@type\":\"ListItem\",\"position\":1,\"name\":\"Accueil\",\"item\":\"https:\\\/\\\/atlantide-sauna.com\\\/de\\\/startseite\\\/\"},{\"@type\":\"ListItem\",\"position\":2,\"name\":\"Boutique\",\"item\":\"https:\\\/\\\/atlantide-sauna.com\\\/boutique\\\/\"},{\"@type\":\"ListItem\",\"position\":3,\"name\":\"Mann Woche\"}]},{\"@type\":\"WebSite\",\"@id\":\"https:\\\/\\\/atlantide-sauna.com\\\/de\\\/#website\",\"url\":\"https:\\\/\\\/atlantide-sauna.com\\\/de\\\/\",\"name\":\"Atlantide Sauna\",\"description\":\"Sauna Toutes Tendances Gay Bi Tr**\",\"publisher\":{\"@id\":\"https:\\\/\\\/atlantide-sauna.com\\\/de\\\/#organization\"},\"alternateName\":\"Club libertin Atlantide Sauna Paris\",\"potentialAction\":[{\"@type\":\"SearchAction\",\"target\":{\"@type\":\"EntryPoint\",\"urlTemplate\":\"https:\\\/\\\/atlantide-sauna.com\\\/de\\\/?s={search_term_string}\"},\"query-input\":{\"@type\":\"PropertyValueSpecification\",\"valueRequired\":true,\"valueName\":\"search_term_string\"}}],\"inLanguage\":\"de\"},{\"@type\":\"Organization\",\"@id\":\"https:\\\/\\\/atlantide-sauna.com\\\/de\\\/#organization\",\"name\":\"ATLANTIDE SAUNA HAMMAM\",\"alternateName\":\"ATLANTIDE SAUNA HAMMAM\",\"url\":\"https:\\\/\\\/atlantide-sauna.com\\\/de\\\/\",\"logo\":{\"@type\":\"ImageObject\",\"inLanguage\":\"de\",\"@id\":\"https:\\\/\\\/atlantide-sauna.com\\\/de\\\/#\\\/schema\\\/logo\\\/image\\\/\",\"url\":\"https:\\\/\\\/atlantide-sauna.com\\\/wp-content\\\/uploads\\\/2025\\\/05\\\/ash_logo_2025_01.svg\",\"contentUrl\":\"https:\\\/\\\/atlantide-sauna.com\\\/wp-content\\\/uploads\\\/2025\\\/05\\\/ash_logo_2025_01.svg\",\"width\":1,\"height\":1,\"caption\":\"ATLANTIDE SAUNA HAMMAM\"},\"image\":{\"@id\":\"https:\\\/\\\/atlantide-sauna.com\\\/de\\\/#\\\/schema\\\/logo\\\/image\\\/\"},\"sameAs\":[\"https:\\\/\\\/www.facebook.com\\\/profile.php?id=100082829877238\",\"https:\\\/\\\/x.com\\\/atlantidesauna\"],\"description\":\"Sauna hammam toutes tendances. Un espace de libert\u00e9, de mixit\u00e9 et de tol\u00e9rance. Chez Atlantide Sauna vous trouverez les conditions id\u00e9ales pour vos rencontres libertines.\",\"email\":\"infos@atlantide-sauna.com\",\"telephone\":\"0143422243\",\"legalName\":\"ATLANTIDE SAUNA HAMMAM\",\"foundingDate\":\"1999-08-09\",\"vatID\":\"FR39423920370\",\"taxID\":\"42392037000016\",\"numberOfEmployees\":{\"@type\":\"QuantitativeValue\",\"minValue\":\"1\",\"maxValue\":\"10\"}}]}<\/script>\n<!-- \/ Yoast SEO Premium plugin. -->","yoast_head_json":{"title":"Eintrittskarte nur f\u00fcr M\u00e4nner: Zulassung f\u00fcr 18+ - Atlantide Sauna%.","description":"Entdecken Sie einen Moment der Entspannung mit unserem Eintrittsticket f\u00fcr Alleinreisende. Sorgen Sie f\u00fcr Ihr Wohlbefinden und lernen Sie schon mittags neue Leute kennen! \ud83c\udf1f","robots":{"index":"index","follow":"follow","max-snippet":"max-snippet:-1","max-image-preview":"max-image-preview:large","max-video-preview":"max-video-preview:-1"},"canonical":"https:\/\/atlantide-sauna.com\/de\/billetterie\/mann-woche\/","og_locale":"de_DE","og_type":"article","og_title":"Mann Woche","og_description":"Entdecken Sie einen Moment der Entspannung mit unserem Eintrittsticket f\u00fcr Alleinreisende. Sorgen Sie f\u00fcr Ihr Wohlbefinden und lernen Sie schon mittags neue Leute kennen! \ud83c\udf1f","og_url":"https:\/\/atlantide-sauna.com\/de\/billetterie\/mann-woche\/","og_site_name":"Atlantide Sauna","article_publisher":"https:\/\/www.facebook.com\/profile.php?id=100082829877238","og_image":[{"width":1440,"height":810,"url":"https:\/\/i0.wp.com\/atlantide-sauna.com\/wp-content\/uploads\/2025\/06\/ASH_IMG2025_000.jpg?fit=1440%2C810&ssl=1","type":"image\/jpeg"}],"twitter_card":"summary_large_image","twitter_site":"@atlantidesauna","twitter_misc":{"Gesch\u00e4tzte Lesezeit":"2\u00a0Minuten"},"schema":{"@context":"https:\/\/schema.org","@graph":[{"@type":"WebPage","@id":"https:\/\/atlantide-sauna.com\/de\/billetterie\/mann-woche\/","url":"https:\/\/atlantide-sauna.com\/de\/billetterie\/mann-woche\/","name":"Eintrittskarte nur f\u00fcr M\u00e4nner: Zulassung f\u00fcr 18+ - Atlantide Sauna%.","isPartOf":{"@id":"https:\/\/atlantide-sauna.com\/de\/#website"},"primaryImageOfPage":{"@id":"https:\/\/atlantide-sauna.com\/de\/billetterie\/mann-woche\/#primaryimage"},"image":{"@id":"https:\/\/atlantide-sauna.com\/de\/billetterie\/mann-woche\/#primaryimage"},"thumbnailUrl":"https:\/\/atlantide-sauna.com\/wp-content\/uploads\/2026\/01\/ASH-TICKETS_2026_HOMME_SEMAINE.svg","datePublished":"2025-10-21T14:47:27+00:00","description":"Entdecken Sie einen Moment der Entspannung mit unserem Eintrittsticket f\u00fcr Alleinreisende. Sorgen Sie f\u00fcr Ihr Wohlbefinden und lernen Sie schon mittags neue Leute kennen! \ud83c\udf1f","breadcrumb":{"@id":"https:\/\/atlantide-sauna.com\/de\/billetterie\/mann-woche\/#breadcrumb"},"inLanguage":"de","potentialAction":[{"@type":"ReadAction","target":["https:\/\/atlantide-sauna.com\/de\/billetterie\/mann-woche\/"]}]},{"@type":"ImageObject","inLanguage":"de","@id":"https:\/\/atlantide-sauna.com\/de\/billetterie\/mann-woche\/#primaryimage","url":"https:\/\/atlantide-sauna.com\/wp-content\/uploads\/2026\/01\/ASH-TICKETS_2026_HOMME_SEMAINE.svg","contentUrl":"https:\/\/atlantide-sauna.com\/wp-content\/uploads\/2026\/01\/ASH-TICKETS_2026_HOMME_SEMAINE.svg","width":800,"height":800,"caption":"Eintrittskarte nur f\u00fcr M\u00c4NNER - Atlantide Sauna Paris"},{"@type":"BreadcrumbList","@id":"https:\/\/atlantide-sauna.com\/de\/billetterie\/mann-woche\/#breadcrumb","itemListElement":[{"@type":"ListItem","position":1,"name":"Accueil","item":"https:\/\/atlantide-sauna.com\/de\/startseite\/"},{"@type":"ListItem","position":2,"name":"Boutique","item":"https:\/\/atlantide-sauna.com\/boutique\/"},{"@type":"ListItem","position":3,"name":"Mann Woche"}]},{"@type":"WebSite","@id":"https:\/\/atlantide-sauna.com\/de\/#website","url":"https:\/\/atlantide-sauna.com\/de\/","name":"Atlantide Sauna","description":"Sauna Toutes Tendances Gay Bi Tr**","publisher":{"@id":"https:\/\/atlantide-sauna.com\/de\/#organization"},"alternateName":"Club libertin Atlantide Sauna Paris","potentialAction":[{"@type":"SearchAction","target":{"@type":"EntryPoint","urlTemplate":"https:\/\/atlantide-sauna.com\/de\/?s={search_term_string}"},"query-input":{"@type":"PropertyValueSpecification","valueRequired":true,"valueName":"search_term_string"}}],"inLanguage":"de"},{"@type":"Organization","@id":"https:\/\/atlantide-sauna.com\/de\/#organization","name":"ATLANTIDE SAUNA HAMMAM","alternateName":"ATLANTIDE SAUNA HAMMAM","url":"https:\/\/atlantide-sauna.com\/de\/","logo":{"@type":"ImageObject","inLanguage":"de","@id":"https:\/\/atlantide-sauna.com\/de\/#\/schema\/logo\/image\/","url":"https:\/\/atlantide-sauna.com\/wp-content\/uploads\/2025\/05\/ash_logo_2025_01.svg","contentUrl":"https:\/\/atlantide-sauna.com\/wp-content\/uploads\/2025\/05\/ash_logo_2025_01.svg","width":1,"height":1,"caption":"ATLANTIDE SAUNA HAMMAM"},"image":{"@id":"https:\/\/atlantide-sauna.com\/de\/#\/schema\/logo\/image\/"},"sameAs":["https:\/\/www.facebook.com\/profile.php?id=100082829877238","https:\/\/x.com\/atlantidesauna"],"description":"Sauna hammam toutes tendances. Un espace de libert\u00e9, de mixit\u00e9 et de tol\u00e9rance. Chez Atlantide Sauna vous trouverez les conditions id\u00e9ales pour vos rencontres libertines.","email":"infos@atlantide-sauna.com","telephone":"0143422243","legalName":"ATLANTIDE SAUNA HAMMAM","foundingDate":"1999-08-09","vatID":"FR39423920370","taxID":"42392037000016","numberOfEmployees":{"@type":"QuantitativeValue","minValue":"1","maxValue":"10"}}]}},"jetpack_publicize_connections":[],"jetpack_sharing_enabled":true,"_links":{"self":[{"href":"https:\/\/atlantide-sauna.com\/de\/wp-json\/wp\/v2\/product\/8588","targetHints":{"allow":["GET"]}}],"collection":[{"href":"https:\/\/atlantide-sauna.com\/de\/wp-json\/wp\/v2\/product"}],"about":[{"href":"https:\/\/atlantide-sauna.com\/de\/wp-json\/wp\/v2\/types\/product"}],"author":[{"embeddable":true,"href":"https:\/\/atlantide-sauna.com\/de\/wp-json\/wp\/v2\/users\/4"}],"wp:featuredmedia":[{"embeddable":true,"href":"https:\/\/atlantide-sauna.com\/de\/wp-json\/wp\/v2\/media\/7601"}],"wp:attachment":[{"href":"https:\/\/atlantide-sauna.com\/de\/wp-json\/wp\/v2\/media?parent=8588"}],"wp:term":[{"taxonomy":"product_brand","embeddable":true,"href":"https:\/\/atlantide-sauna.com\/de\/wp-json\/wp\/v2\/product_brand?post=8588"},{"taxonomy":"product_cat","embeddable":true,"href":"https:\/\/atlantide-sauna.com\/de\/wp-json\/wp\/v2\/product_cat?post=8588"},{"taxonomy":"product_tag","embeddable":true,"href":"https:\/\/atlantide-sauna.com\/de\/wp-json\/wp\/v2\/product_tag?post=8588"}],"curies":[{"name":"wp","href":"https:\/\/api.w.org\/{rel}","templated":true}]}}