{"id":8599,"date":"2026-05-01T09:55:23","date_gmt":"2026-05-01T07:55:23","guid":{"rendered":"https:\/\/atlantide-sauna.com\/billetterie\/militaerpolizei-feuerwehr-promo-50\/"},"modified":"2026-05-01T09:55:23","modified_gmt":"2026-05-01T07:55:23","slug":"militaerpolizei-feuerwehr-promo-50","status":"publish","type":"product","link":"https:\/\/atlantide-sauna.com\/de\/billetterie\/militaerpolizei-feuerwehr-promo-50\/","title":{"rendered":"Milit\u00e4rpolizei-Feuerwehr-Promo 50 %"},"content":{"rendered":"<p>Eintrittskarte f\u00fcr einen einzelnen Mann.<br \/>\n<span style=\"color: #ff0000;\"><strong>SONDERAKTION 1=2<br \/>\n<span style=\"text-decoration: underline;\">1 Ticket gekauft = 1 Freier Eintritt<\/span><br \/>\n<\/strong><\/span><strong>f\u00fcr Feuerwehrmann, Polizei oder Milit\u00e4r<br \/>\n<\/strong>Wochentagspreis von Montag bis Freitag<br \/>\n<!--more--><br \/>\nGenie\u00dfen Sie das Dampfbad und die Sauna und lernen Sie jeden Tag ab 12 Uhr neue Leute kennen.<br \/>\n<span style=\"text-align: justify;\">Die beiden Eintrittskarten sind <\/span><span style=\"text-align: justify;\">unter der Woche g\u00fcltig und <\/span><span style=\"text-decoration: underline;\"><strong>k\u00f6nnen von MONTAG bis FREITAG genutzt werden<\/strong>.<br \/>\n<\/span><strong><span style=\"text-align: justify;\">Die 2 Tickets sind <\/span><span style=\"text-align: justify; color: #ff0000;\"><span style=\"text-decoration: underline;\">innerhalb von 8 TAGEN ab dem Kaufdatum<\/span><\/span> zu verwenden.<\/strong><\/p>\n<p class=\"whitespace-break-spaces\"><strong>Nutzungsbedingungen :<\/strong><\/p>\n<ul>\n<li>\u00dcbertragbare Eintrittskarten.<\/li>\n<li>Nicht umtauschbar, nicht erstattungsf\u00e4hig.<\/li>\n<li>Reserviert f\u00fcr erwachsene M\u00e4nner, die Feuerwehrleute, Polizisten oder Soldaten sind.<\/li>\n<li>Vorlage bei der Einreise erforderlich (digitale oder gedruckte Version).<\/li>\n<\/ul>\n","protected":false},"excerpt":{"rendered":"<p>Eintrittskarte f\u00fcr einen alleinstehenden Mann \u00fcber 18 Jahre.<\/p>\n","protected":false},"author":4,"featured_media":7633,"template":"","meta":{"jetpack_publicize_message":"","jetpack_publicize_feature_enabled":true,"jetpack_social_post_already_shared":true,"jetpack_social_options":{"image_generator_settings":{"template":"highway","default_image_id":0,"font":"","enabled":false},"version":2}},"product_brand":[],"product_cat":[387],"product_tag":[336,388,340],"class_list":{"0":"post-8599","1":"product","2":"type-product","3":"status-publish","4":"has-post-thumbnail","6":"product_cat-promo-50","7":"product_tag-homme","8":"product_tag-promo","9":"product_tag-semaine","11":"first","12":"instock","13":"virtual","14":"taxable","15":"purchasable","16":"product-type-simple"},"yoast_head":"<!-- This site is optimized with the Yoast SEO Premium plugin v27.5 (Yoast SEO v27.5) - https:\/\/yoast.com\/product\/yoast-seo-premium-wordpress\/ -->\n<title>PROMO 1=2 \ud83c\udf9f\ufe0f Eintrittskarte f\u00fcr M\u00e4nner Feuerwehr Milit\u00e4rpolizei<\/title>\n<meta name=\"description\" content=\"Feuerwehrmann, Polizist oder Soldat \ud83c\udf46 Raum f\u00fcr Entspannung mit unserem Spezialticket. Entspannen Sie sich in unserer Sauna und unserem Dampfbad f\u00fcr Begegnungen\ud83d\udd25.\" \/>\n<meta name=\"robots\" content=\"index, follow, max-snippet:-1, max-image-preview:large, max-video-preview:-1\" \/>\n<link rel=\"canonical\" href=\"https:\/\/atlantide-sauna.com\/de\/billetterie\/militaerpolizei-feuerwehr-promo-50\/\" \/>\n<meta property=\"og:locale\" content=\"de_DE\" \/>\n<meta property=\"og:type\" content=\"article\" \/>\n<meta property=\"og:title\" content=\"Milit\u00e4rpolizei-Feuerwehr-Promo 50 %\" \/>\n<meta property=\"og:description\" content=\"Feuerwehrmann, Polizist oder Soldat \ud83c\udf46 Raum f\u00fcr Entspannung mit unserem Spezialticket. Entspannen Sie sich in unserer Sauna und unserem Dampfbad f\u00fcr Begegnungen\ud83d\udd25.\" \/>\n<meta property=\"og:url\" content=\"https:\/\/atlantide-sauna.com\/de\/billetterie\/militaerpolizei-feuerwehr-promo-50\/\" \/>\n<meta property=\"og:site_name\" content=\"Atlantide Sauna\" \/>\n<meta property=\"article:publisher\" content=\"https:\/\/www.facebook.com\/profile.php?id=100082829877238\" \/>\n<meta property=\"og:image\" content=\"https:\/\/i0.wp.com\/atlantide-sauna.com\/wp-content\/uploads\/2025\/06\/ASH_IMG2025_000.jpg?fit=1440%2C810&ssl=1\" \/>\n\t<meta property=\"og:image:width\" content=\"1440\" \/>\n\t<meta property=\"og:image:height\" content=\"810\" \/>\n\t<meta property=\"og:image:type\" content=\"image\/jpeg\" \/>\n<meta name=\"twitter:card\" content=\"summary_large_image\" \/>\n<meta name=\"twitter:site\" content=\"@atlantidesauna\" \/>\n<script type=\"application\/ld+json\" class=\"yoast-schema-graph\">{\"@context\":\"https:\\\/\\\/schema.org\",\"@graph\":[{\"@type\":\"WebPage\",\"@id\":\"https:\\\/\\\/atlantide-sauna.com\\\/de\\\/billetterie\\\/militaerpolizei-feuerwehr-promo-50\\\/\",\"url\":\"https:\\\/\\\/atlantide-sauna.com\\\/de\\\/billetterie\\\/militaerpolizei-feuerwehr-promo-50\\\/\",\"name\":\"PROMO 1=2 \ud83c\udf9f\ufe0f Eintrittskarte f\u00fcr M\u00e4nner Feuerwehr Milit\u00e4rpolizei\",\"isPartOf\":{\"@id\":\"https:\\\/\\\/atlantide-sauna.com\\\/de\\\/#website\"},\"primaryImageOfPage\":{\"@id\":\"https:\\\/\\\/atlantide-sauna.com\\\/de\\\/billetterie\\\/militaerpolizei-feuerwehr-promo-50\\\/#primaryimage\"},\"image\":{\"@id\":\"https:\\\/\\\/atlantide-sauna.com\\\/de\\\/billetterie\\\/militaerpolizei-feuerwehr-promo-50\\\/#primaryimage\"},\"thumbnailUrl\":\"https:\\\/\\\/atlantide-sauna.com\\\/wp-content\\\/uploads\\\/2026\\\/01\\\/ASH-TICKETS_2026_POMPIER_POLICIER.svg\",\"datePublished\":\"2026-05-01T07:55:23+00:00\",\"description\":\"Feuerwehrmann, Polizist oder Soldat \ud83c\udf46 Raum f\u00fcr Entspannung mit unserem Spezialticket. Entspannen Sie sich in unserer Sauna und unserem Dampfbad f\u00fcr Begegnungen\ud83d\udd25.\",\"breadcrumb\":{\"@id\":\"https:\\\/\\\/atlantide-sauna.com\\\/de\\\/billetterie\\\/militaerpolizei-feuerwehr-promo-50\\\/#breadcrumb\"},\"inLanguage\":\"de\",\"potentialAction\":[{\"@type\":\"ReadAction\",\"target\":[\"https:\\\/\\\/atlantide-sauna.com\\\/de\\\/billetterie\\\/militaerpolizei-feuerwehr-promo-50\\\/\"]}]},{\"@type\":\"ImageObject\",\"inLanguage\":\"de\",\"@id\":\"https:\\\/\\\/atlantide-sauna.com\\\/de\\\/billetterie\\\/militaerpolizei-feuerwehr-promo-50\\\/#primaryimage\",\"url\":\"https:\\\/\\\/atlantide-sauna.com\\\/wp-content\\\/uploads\\\/2026\\\/01\\\/ASH-TICKETS_2026_POMPIER_POLICIER.svg\",\"contentUrl\":\"https:\\\/\\\/atlantide-sauna.com\\\/wp-content\\\/uploads\\\/2026\\\/01\\\/ASH-TICKETS_2026_POMPIER_POLICIER.svg\",\"width\":800,\"height\":800,\"caption\":\"Eintrittskarte MANN allein Feuerwehrmann Polizist Milit\u00e4r - Atlantide Sauna Paris\"},{\"@type\":\"BreadcrumbList\",\"@id\":\"https:\\\/\\\/atlantide-sauna.com\\\/de\\\/billetterie\\\/militaerpolizei-feuerwehr-promo-50\\\/#breadcrumb\",\"itemListElement\":[{\"@type\":\"ListItem\",\"position\":1,\"name\":\"Accueil\",\"item\":\"https:\\\/\\\/atlantide-sauna.com\\\/de\\\/startseite\\\/\"},{\"@type\":\"ListItem\",\"position\":2,\"name\":\"Boutique\",\"item\":\"https:\\\/\\\/atlantide-sauna.com\\\/boutique\\\/\"},{\"@type\":\"ListItem\",\"position\":3,\"name\":\"Milit\u00e4rpolizei-Feuerwehr-Promo 50 %\"}]},{\"@type\":\"WebSite\",\"@id\":\"https:\\\/\\\/atlantide-sauna.com\\\/de\\\/#website\",\"url\":\"https:\\\/\\\/atlantide-sauna.com\\\/de\\\/\",\"name\":\"Atlantide Sauna\",\"description\":\"Sauna Toutes Tendances Gay Bi Tr**\",\"publisher\":{\"@id\":\"https:\\\/\\\/atlantide-sauna.com\\\/de\\\/#organization\"},\"alternateName\":\"Club libertin Atlantide Sauna Paris\",\"potentialAction\":[{\"@type\":\"SearchAction\",\"target\":{\"@type\":\"EntryPoint\",\"urlTemplate\":\"https:\\\/\\\/atlantide-sauna.com\\\/de\\\/?s={search_term_string}\"},\"query-input\":{\"@type\":\"PropertyValueSpecification\",\"valueRequired\":true,\"valueName\":\"search_term_string\"}}],\"inLanguage\":\"de\"},{\"@type\":\"Organization\",\"@id\":\"https:\\\/\\\/atlantide-sauna.com\\\/de\\\/#organization\",\"name\":\"ATLANTIDE SAUNA HAMMAM\",\"alternateName\":\"ATLANTIDE SAUNA HAMMAM\",\"url\":\"https:\\\/\\\/atlantide-sauna.com\\\/de\\\/\",\"logo\":{\"@type\":\"ImageObject\",\"inLanguage\":\"de\",\"@id\":\"https:\\\/\\\/atlantide-sauna.com\\\/de\\\/#\\\/schema\\\/logo\\\/image\\\/\",\"url\":\"https:\\\/\\\/atlantide-sauna.com\\\/wp-content\\\/uploads\\\/2025\\\/05\\\/ash_logo_2025_01.svg\",\"contentUrl\":\"https:\\\/\\\/atlantide-sauna.com\\\/wp-content\\\/uploads\\\/2025\\\/05\\\/ash_logo_2025_01.svg\",\"width\":1,\"height\":1,\"caption\":\"ATLANTIDE SAUNA HAMMAM\"},\"image\":{\"@id\":\"https:\\\/\\\/atlantide-sauna.com\\\/de\\\/#\\\/schema\\\/logo\\\/image\\\/\"},\"sameAs\":[\"https:\\\/\\\/www.facebook.com\\\/profile.php?id=100082829877238\",\"https:\\\/\\\/x.com\\\/atlantidesauna\"],\"description\":\"Sauna hammam toutes tendances. Un espace de libert\u00e9, de mixit\u00e9 et de tol\u00e9rance. Chez Atlantide Sauna vous trouverez les conditions id\u00e9ales pour vos rencontres libertines.\",\"email\":\"infos@atlantide-sauna.com\",\"telephone\":\"0143422243\",\"legalName\":\"ATLANTIDE SAUNA HAMMAM\",\"foundingDate\":\"1999-08-09\",\"vatID\":\"FR39423920370\",\"taxID\":\"42392037000016\",\"numberOfEmployees\":{\"@type\":\"QuantitativeValue\",\"minValue\":\"1\",\"maxValue\":\"10\"}}]}<\/script>\n<!-- \/ Yoast SEO Premium plugin. -->","yoast_head_json":{"title":"PROMO 1=2 \ud83c\udf9f\ufe0f Eintrittskarte f\u00fcr M\u00e4nner Feuerwehr Milit\u00e4rpolizei","description":"Feuerwehrmann, Polizist oder Soldat \ud83c\udf46 Raum f\u00fcr Entspannung mit unserem Spezialticket. Entspannen Sie sich in unserer Sauna und unserem Dampfbad f\u00fcr Begegnungen\ud83d\udd25.","robots":{"index":"index","follow":"follow","max-snippet":"max-snippet:-1","max-image-preview":"max-image-preview:large","max-video-preview":"max-video-preview:-1"},"canonical":"https:\/\/atlantide-sauna.com\/de\/billetterie\/militaerpolizei-feuerwehr-promo-50\/","og_locale":"de_DE","og_type":"article","og_title":"Milit\u00e4rpolizei-Feuerwehr-Promo 50 %","og_description":"Feuerwehrmann, Polizist oder Soldat \ud83c\udf46 Raum f\u00fcr Entspannung mit unserem Spezialticket. Entspannen Sie sich in unserer Sauna und unserem Dampfbad f\u00fcr Begegnungen\ud83d\udd25.","og_url":"https:\/\/atlantide-sauna.com\/de\/billetterie\/militaerpolizei-feuerwehr-promo-50\/","og_site_name":"Atlantide Sauna","article_publisher":"https:\/\/www.facebook.com\/profile.php?id=100082829877238","og_image":[{"width":1440,"height":810,"url":"https:\/\/i0.wp.com\/atlantide-sauna.com\/wp-content\/uploads\/2025\/06\/ASH_IMG2025_000.jpg?fit=1440%2C810&ssl=1","type":"image\/jpeg"}],"twitter_card":"summary_large_image","twitter_site":"@atlantidesauna","schema":{"@context":"https:\/\/schema.org","@graph":[{"@type":"WebPage","@id":"https:\/\/atlantide-sauna.com\/de\/billetterie\/militaerpolizei-feuerwehr-promo-50\/","url":"https:\/\/atlantide-sauna.com\/de\/billetterie\/militaerpolizei-feuerwehr-promo-50\/","name":"PROMO 1=2 \ud83c\udf9f\ufe0f Eintrittskarte f\u00fcr M\u00e4nner Feuerwehr Milit\u00e4rpolizei","isPartOf":{"@id":"https:\/\/atlantide-sauna.com\/de\/#website"},"primaryImageOfPage":{"@id":"https:\/\/atlantide-sauna.com\/de\/billetterie\/militaerpolizei-feuerwehr-promo-50\/#primaryimage"},"image":{"@id":"https:\/\/atlantide-sauna.com\/de\/billetterie\/militaerpolizei-feuerwehr-promo-50\/#primaryimage"},"thumbnailUrl":"https:\/\/atlantide-sauna.com\/wp-content\/uploads\/2026\/01\/ASH-TICKETS_2026_POMPIER_POLICIER.svg","datePublished":"2026-05-01T07:55:23+00:00","description":"Feuerwehrmann, Polizist oder Soldat \ud83c\udf46 Raum f\u00fcr Entspannung mit unserem Spezialticket. Entspannen Sie sich in unserer Sauna und unserem Dampfbad f\u00fcr Begegnungen\ud83d\udd25.","breadcrumb":{"@id":"https:\/\/atlantide-sauna.com\/de\/billetterie\/militaerpolizei-feuerwehr-promo-50\/#breadcrumb"},"inLanguage":"de","potentialAction":[{"@type":"ReadAction","target":["https:\/\/atlantide-sauna.com\/de\/billetterie\/militaerpolizei-feuerwehr-promo-50\/"]}]},{"@type":"ImageObject","inLanguage":"de","@id":"https:\/\/atlantide-sauna.com\/de\/billetterie\/militaerpolizei-feuerwehr-promo-50\/#primaryimage","url":"https:\/\/atlantide-sauna.com\/wp-content\/uploads\/2026\/01\/ASH-TICKETS_2026_POMPIER_POLICIER.svg","contentUrl":"https:\/\/atlantide-sauna.com\/wp-content\/uploads\/2026\/01\/ASH-TICKETS_2026_POMPIER_POLICIER.svg","width":800,"height":800,"caption":"Eintrittskarte MANN allein Feuerwehrmann Polizist Milit\u00e4r - Atlantide Sauna Paris"},{"@type":"BreadcrumbList","@id":"https:\/\/atlantide-sauna.com\/de\/billetterie\/militaerpolizei-feuerwehr-promo-50\/#breadcrumb","itemListElement":[{"@type":"ListItem","position":1,"name":"Accueil","item":"https:\/\/atlantide-sauna.com\/de\/startseite\/"},{"@type":"ListItem","position":2,"name":"Boutique","item":"https:\/\/atlantide-sauna.com\/boutique\/"},{"@type":"ListItem","position":3,"name":"Milit\u00e4rpolizei-Feuerwehr-Promo 50 %"}]},{"@type":"WebSite","@id":"https:\/\/atlantide-sauna.com\/de\/#website","url":"https:\/\/atlantide-sauna.com\/de\/","name":"Atlantide Sauna","description":"Sauna Toutes Tendances Gay Bi Tr**","publisher":{"@id":"https:\/\/atlantide-sauna.com\/de\/#organization"},"alternateName":"Club libertin Atlantide Sauna Paris","potentialAction":[{"@type":"SearchAction","target":{"@type":"EntryPoint","urlTemplate":"https:\/\/atlantide-sauna.com\/de\/?s={search_term_string}"},"query-input":{"@type":"PropertyValueSpecification","valueRequired":true,"valueName":"search_term_string"}}],"inLanguage":"de"},{"@type":"Organization","@id":"https:\/\/atlantide-sauna.com\/de\/#organization","name":"ATLANTIDE SAUNA HAMMAM","alternateName":"ATLANTIDE SAUNA HAMMAM","url":"https:\/\/atlantide-sauna.com\/de\/","logo":{"@type":"ImageObject","inLanguage":"de","@id":"https:\/\/atlantide-sauna.com\/de\/#\/schema\/logo\/image\/","url":"https:\/\/atlantide-sauna.com\/wp-content\/uploads\/2025\/05\/ash_logo_2025_01.svg","contentUrl":"https:\/\/atlantide-sauna.com\/wp-content\/uploads\/2025\/05\/ash_logo_2025_01.svg","width":1,"height":1,"caption":"ATLANTIDE SAUNA HAMMAM"},"image":{"@id":"https:\/\/atlantide-sauna.com\/de\/#\/schema\/logo\/image\/"},"sameAs":["https:\/\/www.facebook.com\/profile.php?id=100082829877238","https:\/\/x.com\/atlantidesauna"],"description":"Sauna hammam toutes tendances. Un espace de libert\u00e9, de mixit\u00e9 et de tol\u00e9rance. Chez Atlantide Sauna vous trouverez les conditions id\u00e9ales pour vos rencontres libertines.","email":"infos@atlantide-sauna.com","telephone":"0143422243","legalName":"ATLANTIDE SAUNA HAMMAM","foundingDate":"1999-08-09","vatID":"FR39423920370","taxID":"42392037000016","numberOfEmployees":{"@type":"QuantitativeValue","minValue":"1","maxValue":"10"}}]}},"jetpack_publicize_connections":[],"jetpack_sharing_enabled":true,"_links":{"self":[{"href":"https:\/\/atlantide-sauna.com\/de\/wp-json\/wp\/v2\/product\/8599","targetHints":{"allow":["GET"]}}],"collection":[{"href":"https:\/\/atlantide-sauna.com\/de\/wp-json\/wp\/v2\/product"}],"about":[{"href":"https:\/\/atlantide-sauna.com\/de\/wp-json\/wp\/v2\/types\/product"}],"author":[{"embeddable":true,"href":"https:\/\/atlantide-sauna.com\/de\/wp-json\/wp\/v2\/users\/4"}],"wp:featuredmedia":[{"embeddable":true,"href":"https:\/\/atlantide-sauna.com\/de\/wp-json\/wp\/v2\/media\/7633"}],"wp:attachment":[{"href":"https:\/\/atlantide-sauna.com\/de\/wp-json\/wp\/v2\/media?parent=8599"}],"wp:term":[{"taxonomy":"product_brand","embeddable":true,"href":"https:\/\/atlantide-sauna.com\/de\/wp-json\/wp\/v2\/product_brand?post=8599"},{"taxonomy":"product_cat","embeddable":true,"href":"https:\/\/atlantide-sauna.com\/de\/wp-json\/wp\/v2\/product_cat?post=8599"},{"taxonomy":"product_tag","embeddable":true,"href":"https:\/\/atlantide-sauna.com\/de\/wp-json\/wp\/v2\/product_tag?post=8599"}],"curies":[{"name":"wp","href":"https:\/\/api.w.org\/{rel}","templated":true}]}}