{"id":8604,"date":"2026-01-04T12:21:38","date_gmt":"2026-01-04T11:21:38","guid":{"rendered":"https:\/\/atlantide-sauna.com\/billetterie\/mann-27-jahre\/"},"modified":"2026-05-02T06:38:39","modified_gmt":"2026-05-02T04:38:39","slug":"mann-27-jahre","status":"publish","type":"product","link":"https:\/\/atlantide-sauna.com\/de\/billetterie\/mann-27-jahre\/","title":{"rendered":"Mann -27 Jahre"},"content":{"rendered":"<p>Eintrittskarte f\u00fcr einen alleinstehenden Mann <strong>unter 27 Jahren<\/strong><br \/>\n. Wochentagspreis von Montag bis Freitag<br \/>\n<strong><span style=\"text-decoration: underline;\">OFFIZIELLER Ausweis ist f\u00fcr<\/span> den Zutritt zum Geb\u00e4ude verpflichtend.<\/strong><br \/>\n<!--more--><br \/>\nGenie\u00dfen Sie das Dampfbad und die Sauna und lernen Sie jeden Tag ab 12 Uhr neue Leute kennen.<\/p>\n<div class=\"uk-alert uk-alert-success\" style=\"text-align: justify;\">\n<p>Diese Eintrittskarte ist <span style=\"text-decoration: underline;\"><strong>nicht datiert<\/strong><\/span> und ist an Wochentagen g\u00fcltig und <span style=\"text-decoration: underline;\"><strong>kann von MONTAG bis FREITAG genutzt<\/strong><\/span> werden.<\/p>\n<p>Ticket zu verwenden. <strong><span style=\"text-decoration: underline;\">innerhalb von 3 MONATEN ab dem Kaufdatum.<\/span><\/strong>.<\/p>\n<\/div>\n<p class=\"whitespace-break-spaces\"><strong>Nutzungsbedingungen :<\/strong><\/p>\n<ul>\n<li>G\u00fcltig f\u00fcr einen einzigen Eintrag.<\/li>\n<li>Nicht umtauschbar, nicht erstattungsf\u00e4hig.<\/li>\n<li>Nur f\u00fcr vollj\u00e4hrige M\u00e4nner (18 Jahre und j\u00fcnger als 27 Jahre).<\/li>\n<li>Vorlage bei der Einreise erforderlich (digitale oder gedruckte Version).<\/li>\n<li><span style=\"color: #ff0000;\"><strong>DU MUSST <span style=\"text-decoration: underline;\">einen offiziellen Ausweis haben.<br \/>\n<\/span><\/strong>Es ist <strong><span style=\"text-decoration: underline;\">verpflichtend<\/span> , das Geb\u00e4ude zu betreten.<\/strong><\/span><\/li>\n<\/ul>\n<p><strong>Ben\u00f6tigen Sie ein Ticket f\u00fcr ein Paar?<\/strong> Sehen Sie sich unsere anderen Preisoptionen an <a href=\"https:\/\/atlantide-sauna.com\/billetterie\/entree-duo\/\"><strong>Duo-Eintritt<\/strong><\/a>.<\/p>\n<p>Sie sind <strong>55 Jahre oder \u00e4lter!<\/strong> Nutzen Sie unser Angebot <a href=\"https:\/\/atlantide-sauna.com\/billetterie\/entree-senior\/\"><strong>Senioreneintritt<\/strong><\/a>.<\/p>\n<div class=\"uk-alert uk-alert-warning\" style=\"text-align: justify;\"><strong>WICHTIG<\/strong><br \/>\nDie Eintrittskarten sind an allen \u00d6ffnungstagen der Einrichtung g\u00fcltig, <strong>au\u00dfer an EVENEMENTS- <\/strong>oder <strong>SPEZIALABEND-Tagen <\/strong> <strong>.<br \/>\n<\/strong>Bitte erkundigen Sie sich an der Rezeption der Einrichtung, besuchen Sie unsere sozialen Netzwerke <a href=\"https:\/\/www.instagram.com\/atlantide.sauna\/\" target=\"_blank\" rel=\"noopener\">Instagram<\/a>, <a href=\"https:\/\/www.facebook.com\/people\/Atlantide-Sauna\/100082829877238\/\" target=\"_blank\" rel=\"noopener\">Facebook<\/a> oder <a href=\"https:\/\/t.me\/+Ioz1OGyrdg01ZTlk\" target=\"_blank\" rel=\"noopener\">Telegram<\/a>. Sie k\u00f6nnen uns auch eine Nachricht \u00fcber unsere <a href=\"https:\/\/atlantide-sauna.com\/de\/kontakt\/\" target=\"_blank\" rel=\"noopener\">KONTAKT-Seite<\/a> schicken. <\/div>\n<div><\/div>\n<div class=\"uk-alert\">\n<div style=\"text-align: justify;\"><img data-recalc-dims=\"1\" loading=\"lazy\" decoding=\"async\" class=\"alignleft wp-image-6966\" src=\"https:\/\/i0.wp.com\/atlantide-sauna.com\/wp-content\/uploads\/2025\/10\/carte_fidelite.png?resize=145%2C90&#038;ssl=1\" alt=\"Treuekarte - Atlantide Sauna Paris\" width=\"145\" height=\"90\" srcset=\"https:\/\/i0.wp.com\/atlantide-sauna.com\/wp-content\/uploads\/2025\/10\/carte_fidelite.png?resize=300%2C186&amp;ssl=1 300w, https:\/\/i0.wp.com\/atlantide-sauna.com\/wp-content\/uploads\/2025\/10\/carte_fidelite.png?w=420&amp;ssl=1 420w\" sizes=\"(max-width: 145px) 100vw, 145px\" \/>Sammeln Sie Punkte f\u00fcr jeden bezahlten Eintritt und erhalten Sie 1 freien Eintritt ab 900 gesammelten Punkten! Zeigen Sie Ihre Treuekarte an der Rezeption vor. Sie sind nicht \u00fcbertragbar und nicht mit anderen Angeboten kombinierbar. Wir behalten uns das Recht vor, diese Bedingungen jederzeit zu \u00e4ndern.   <\/div>\n<\/div>\n<div>https:\/\/atlantide-sauna.com\/billetterie\/<\/div>\n","protected":false},"excerpt":{"rendered":"<p>Eintrittskarte f\u00fcr einen alleinstehenden Mann \u00fcber 18 Jahre.<\/p>\n","protected":false},"author":4,"featured_media":7625,"template":"","meta":{"jetpack_publicize_message":"","jetpack_publicize_feature_enabled":true,"jetpack_social_post_already_shared":true,"jetpack_social_options":{"image_generator_settings":{"template":"highway","default_image_id":0,"font":"","enabled":false},"version":2}},"product_brand":[],"product_cat":[310],"product_tag":[336,340],"class_list":{"0":"post-8604","1":"product","2":"type-product","3":"status-publish","4":"has-post-thumbnail","6":"product_cat-billets","7":"product_tag-homme","8":"product_tag-semaine","10":"first","11":"instock","12":"featured","13":"virtual","14":"taxable","15":"purchasable","16":"product-type-simple"},"yoast_head":"<!-- This site is optimized with the Yoast SEO Premium plugin v27.5 (Yoast SEO v27.5) - https:\/\/yoast.com\/product\/yoast-seo-premium-wordpress\/ -->\n<title>Eintrittskarte Einzelperson - Erm\u00e4\u00dfigungen bis 27 Jahre<\/title>\n<meta name=\"description\" content=\"Junger Mann -27 Jahre \ud83c\udf46entdecken Sie einen Ort der Entspannung mit unserer Eintrittskarte f\u00fcr M\u00e4nner. Kommen Sie und genie\u00dfen Sie die Sauna und das Dampfbad f\u00fcr ganzt\u00e4gige Treffen \ud83d\udd25.\" \/>\n<meta name=\"robots\" content=\"index, follow, max-snippet:-1, max-image-preview:large, max-video-preview:-1\" \/>\n<link rel=\"canonical\" href=\"https:\/\/atlantide-sauna.com\/de\/billetterie\/mann-27-jahre\/\" \/>\n<meta property=\"og:locale\" content=\"de_DE\" \/>\n<meta property=\"og:type\" content=\"article\" \/>\n<meta property=\"og:title\" content=\"Mann -27 Jahre\" \/>\n<meta property=\"og:description\" content=\"Junger Mann -27 Jahre \ud83c\udf46entdecken Sie einen Ort der Entspannung mit unserer Eintrittskarte f\u00fcr M\u00e4nner. Kommen Sie und genie\u00dfen Sie die Sauna und das Dampfbad f\u00fcr ganzt\u00e4gige Treffen \ud83d\udd25.\" \/>\n<meta property=\"og:url\" content=\"https:\/\/atlantide-sauna.com\/de\/billetterie\/mann-27-jahre\/\" \/>\n<meta property=\"og:site_name\" content=\"Atlantide Sauna\" \/>\n<meta property=\"article:publisher\" content=\"https:\/\/www.facebook.com\/profile.php?id=100082829877238\" \/>\n<meta property=\"article:modified_time\" content=\"2026-05-02T04:38:39+00:00\" \/>\n<meta property=\"og:image\" content=\"https:\/\/i0.wp.com\/atlantide-sauna.com\/wp-content\/uploads\/2025\/06\/ASH_IMG2025_000.jpg?fit=1440%2C810&ssl=1\" \/>\n\t<meta property=\"og:image:width\" content=\"1440\" \/>\n\t<meta property=\"og:image:height\" content=\"810\" \/>\n\t<meta property=\"og:image:type\" content=\"image\/jpeg\" \/>\n<meta name=\"twitter:card\" content=\"summary_large_image\" \/>\n<meta name=\"twitter:site\" content=\"@atlantidesauna\" \/>\n<meta name=\"twitter:label1\" content=\"Gesch\u00e4tzte Lesezeit\" \/>\n\t<meta name=\"twitter:data1\" content=\"1\u00a0Minute\" \/>\n<script type=\"application\/ld+json\" class=\"yoast-schema-graph\">{\"@context\":\"https:\\\/\\\/schema.org\",\"@graph\":[{\"@type\":\"WebPage\",\"@id\":\"https:\\\/\\\/atlantide-sauna.com\\\/de\\\/billetterie\\\/mann-27-jahre\\\/\",\"url\":\"https:\\\/\\\/atlantide-sauna.com\\\/de\\\/billetterie\\\/mann-27-jahre\\\/\",\"name\":\"Eintrittskarte Einzelperson - Erm\u00e4\u00dfigungen bis 27 Jahre\",\"isPartOf\":{\"@id\":\"https:\\\/\\\/atlantide-sauna.com\\\/de\\\/#website\"},\"primaryImageOfPage\":{\"@id\":\"https:\\\/\\\/atlantide-sauna.com\\\/de\\\/billetterie\\\/mann-27-jahre\\\/#primaryimage\"},\"image\":{\"@id\":\"https:\\\/\\\/atlantide-sauna.com\\\/de\\\/billetterie\\\/mann-27-jahre\\\/#primaryimage\"},\"thumbnailUrl\":\"https:\\\/\\\/atlantide-sauna.com\\\/wp-content\\\/uploads\\\/2026\\\/01\\\/ASH-TICKETS_2026_M27.svg\",\"datePublished\":\"2026-01-04T11:21:38+00:00\",\"dateModified\":\"2026-05-02T04:38:39+00:00\",\"description\":\"Junger Mann -27 Jahre \ud83c\udf46entdecken Sie einen Ort der Entspannung mit unserer Eintrittskarte f\u00fcr M\u00e4nner. Kommen Sie und genie\u00dfen Sie die Sauna und das Dampfbad f\u00fcr ganzt\u00e4gige Treffen \ud83d\udd25.\",\"breadcrumb\":{\"@id\":\"https:\\\/\\\/atlantide-sauna.com\\\/de\\\/billetterie\\\/mann-27-jahre\\\/#breadcrumb\"},\"inLanguage\":\"de\",\"potentialAction\":[{\"@type\":\"ReadAction\",\"target\":[\"https:\\\/\\\/atlantide-sauna.com\\\/de\\\/billetterie\\\/mann-27-jahre\\\/\"]}]},{\"@type\":\"ImageObject\",\"inLanguage\":\"de\",\"@id\":\"https:\\\/\\\/atlantide-sauna.com\\\/de\\\/billetterie\\\/mann-27-jahre\\\/#primaryimage\",\"url\":\"https:\\\/\\\/atlantide-sauna.com\\\/wp-content\\\/uploads\\\/2026\\\/01\\\/ASH-TICKETS_2026_M27.svg\",\"contentUrl\":\"https:\\\/\\\/atlantide-sauna.com\\\/wp-content\\\/uploads\\\/2026\\\/01\\\/ASH-TICKETS_2026_M27.svg\",\"width\":800,\"height\":800,\"caption\":\"Eintrittskarte MANN allein unter 27 Jahren - Atlantide Sauna Paris\"},{\"@type\":\"BreadcrumbList\",\"@id\":\"https:\\\/\\\/atlantide-sauna.com\\\/de\\\/billetterie\\\/mann-27-jahre\\\/#breadcrumb\",\"itemListElement\":[{\"@type\":\"ListItem\",\"position\":1,\"name\":\"Accueil\",\"item\":\"https:\\\/\\\/atlantide-sauna.com\\\/de\\\/startseite\\\/\"},{\"@type\":\"ListItem\",\"position\":2,\"name\":\"Boutique\",\"item\":\"https:\\\/\\\/atlantide-sauna.com\\\/boutique\\\/\"},{\"@type\":\"ListItem\",\"position\":3,\"name\":\"Mann -27 Jahre\"}]},{\"@type\":\"WebSite\",\"@id\":\"https:\\\/\\\/atlantide-sauna.com\\\/de\\\/#website\",\"url\":\"https:\\\/\\\/atlantide-sauna.com\\\/de\\\/\",\"name\":\"Atlantide Sauna\",\"description\":\"Sauna Toutes Tendances Gay Bi Tr**\",\"publisher\":{\"@id\":\"https:\\\/\\\/atlantide-sauna.com\\\/de\\\/#organization\"},\"alternateName\":\"Club libertin Atlantide Sauna Paris\",\"potentialAction\":[{\"@type\":\"SearchAction\",\"target\":{\"@type\":\"EntryPoint\",\"urlTemplate\":\"https:\\\/\\\/atlantide-sauna.com\\\/de\\\/?s={search_term_string}\"},\"query-input\":{\"@type\":\"PropertyValueSpecification\",\"valueRequired\":true,\"valueName\":\"search_term_string\"}}],\"inLanguage\":\"de\"},{\"@type\":\"Organization\",\"@id\":\"https:\\\/\\\/atlantide-sauna.com\\\/de\\\/#organization\",\"name\":\"ATLANTIDE SAUNA HAMMAM\",\"alternateName\":\"ATLANTIDE SAUNA HAMMAM\",\"url\":\"https:\\\/\\\/atlantide-sauna.com\\\/de\\\/\",\"logo\":{\"@type\":\"ImageObject\",\"inLanguage\":\"de\",\"@id\":\"https:\\\/\\\/atlantide-sauna.com\\\/de\\\/#\\\/schema\\\/logo\\\/image\\\/\",\"url\":\"https:\\\/\\\/atlantide-sauna.com\\\/wp-content\\\/uploads\\\/2025\\\/05\\\/ash_logo_2025_01.svg\",\"contentUrl\":\"https:\\\/\\\/atlantide-sauna.com\\\/wp-content\\\/uploads\\\/2025\\\/05\\\/ash_logo_2025_01.svg\",\"width\":1,\"height\":1,\"caption\":\"ATLANTIDE SAUNA HAMMAM\"},\"image\":{\"@id\":\"https:\\\/\\\/atlantide-sauna.com\\\/de\\\/#\\\/schema\\\/logo\\\/image\\\/\"},\"sameAs\":[\"https:\\\/\\\/www.facebook.com\\\/profile.php?id=100082829877238\",\"https:\\\/\\\/x.com\\\/atlantidesauna\"],\"description\":\"Sauna hammam toutes tendances. Un espace de libert\u00e9, de mixit\u00e9 et de tol\u00e9rance. Chez Atlantide Sauna vous trouverez les conditions id\u00e9ales pour vos rencontres libertines.\",\"email\":\"infos@atlantide-sauna.com\",\"telephone\":\"0143422243\",\"legalName\":\"ATLANTIDE SAUNA HAMMAM\",\"foundingDate\":\"1999-08-09\",\"vatID\":\"FR39423920370\",\"taxID\":\"42392037000016\",\"numberOfEmployees\":{\"@type\":\"QuantitativeValue\",\"minValue\":\"1\",\"maxValue\":\"10\"}}]}<\/script>\n<!-- \/ Yoast SEO Premium plugin. -->","yoast_head_json":{"title":"Eintrittskarte Einzelperson - Erm\u00e4\u00dfigungen bis 27 Jahre","description":"Junger Mann -27 Jahre \ud83c\udf46entdecken Sie einen Ort der Entspannung mit unserer Eintrittskarte f\u00fcr M\u00e4nner. Kommen Sie und genie\u00dfen Sie die Sauna und das Dampfbad f\u00fcr ganzt\u00e4gige Treffen \ud83d\udd25.","robots":{"index":"index","follow":"follow","max-snippet":"max-snippet:-1","max-image-preview":"max-image-preview:large","max-video-preview":"max-video-preview:-1"},"canonical":"https:\/\/atlantide-sauna.com\/de\/billetterie\/mann-27-jahre\/","og_locale":"de_DE","og_type":"article","og_title":"Mann -27 Jahre","og_description":"Junger Mann -27 Jahre \ud83c\udf46entdecken Sie einen Ort der Entspannung mit unserer Eintrittskarte f\u00fcr M\u00e4nner. Kommen Sie und genie\u00dfen Sie die Sauna und das Dampfbad f\u00fcr ganzt\u00e4gige Treffen \ud83d\udd25.","og_url":"https:\/\/atlantide-sauna.com\/de\/billetterie\/mann-27-jahre\/","og_site_name":"Atlantide Sauna","article_publisher":"https:\/\/www.facebook.com\/profile.php?id=100082829877238","article_modified_time":"2026-05-02T04:38:39+00:00","og_image":[{"width":1440,"height":810,"url":"https:\/\/i0.wp.com\/atlantide-sauna.com\/wp-content\/uploads\/2025\/06\/ASH_IMG2025_000.jpg?fit=1440%2C810&ssl=1","type":"image\/jpeg"}],"twitter_card":"summary_large_image","twitter_site":"@atlantidesauna","twitter_misc":{"Gesch\u00e4tzte Lesezeit":"1\u00a0Minute"},"schema":{"@context":"https:\/\/schema.org","@graph":[{"@type":"WebPage","@id":"https:\/\/atlantide-sauna.com\/de\/billetterie\/mann-27-jahre\/","url":"https:\/\/atlantide-sauna.com\/de\/billetterie\/mann-27-jahre\/","name":"Eintrittskarte Einzelperson - Erm\u00e4\u00dfigungen bis 27 Jahre","isPartOf":{"@id":"https:\/\/atlantide-sauna.com\/de\/#website"},"primaryImageOfPage":{"@id":"https:\/\/atlantide-sauna.com\/de\/billetterie\/mann-27-jahre\/#primaryimage"},"image":{"@id":"https:\/\/atlantide-sauna.com\/de\/billetterie\/mann-27-jahre\/#primaryimage"},"thumbnailUrl":"https:\/\/atlantide-sauna.com\/wp-content\/uploads\/2026\/01\/ASH-TICKETS_2026_M27.svg","datePublished":"2026-01-04T11:21:38+00:00","dateModified":"2026-05-02T04:38:39+00:00","description":"Junger Mann -27 Jahre \ud83c\udf46entdecken Sie einen Ort der Entspannung mit unserer Eintrittskarte f\u00fcr M\u00e4nner. Kommen Sie und genie\u00dfen Sie die Sauna und das Dampfbad f\u00fcr ganzt\u00e4gige Treffen \ud83d\udd25.","breadcrumb":{"@id":"https:\/\/atlantide-sauna.com\/de\/billetterie\/mann-27-jahre\/#breadcrumb"},"inLanguage":"de","potentialAction":[{"@type":"ReadAction","target":["https:\/\/atlantide-sauna.com\/de\/billetterie\/mann-27-jahre\/"]}]},{"@type":"ImageObject","inLanguage":"de","@id":"https:\/\/atlantide-sauna.com\/de\/billetterie\/mann-27-jahre\/#primaryimage","url":"https:\/\/atlantide-sauna.com\/wp-content\/uploads\/2026\/01\/ASH-TICKETS_2026_M27.svg","contentUrl":"https:\/\/atlantide-sauna.com\/wp-content\/uploads\/2026\/01\/ASH-TICKETS_2026_M27.svg","width":800,"height":800,"caption":"Eintrittskarte MANN allein unter 27 Jahren - Atlantide Sauna Paris"},{"@type":"BreadcrumbList","@id":"https:\/\/atlantide-sauna.com\/de\/billetterie\/mann-27-jahre\/#breadcrumb","itemListElement":[{"@type":"ListItem","position":1,"name":"Accueil","item":"https:\/\/atlantide-sauna.com\/de\/startseite\/"},{"@type":"ListItem","position":2,"name":"Boutique","item":"https:\/\/atlantide-sauna.com\/boutique\/"},{"@type":"ListItem","position":3,"name":"Mann -27 Jahre"}]},{"@type":"WebSite","@id":"https:\/\/atlantide-sauna.com\/de\/#website","url":"https:\/\/atlantide-sauna.com\/de\/","name":"Atlantide Sauna","description":"Sauna Toutes Tendances Gay Bi Tr**","publisher":{"@id":"https:\/\/atlantide-sauna.com\/de\/#organization"},"alternateName":"Club libertin Atlantide Sauna Paris","potentialAction":[{"@type":"SearchAction","target":{"@type":"EntryPoint","urlTemplate":"https:\/\/atlantide-sauna.com\/de\/?s={search_term_string}"},"query-input":{"@type":"PropertyValueSpecification","valueRequired":true,"valueName":"search_term_string"}}],"inLanguage":"de"},{"@type":"Organization","@id":"https:\/\/atlantide-sauna.com\/de\/#organization","name":"ATLANTIDE SAUNA HAMMAM","alternateName":"ATLANTIDE SAUNA HAMMAM","url":"https:\/\/atlantide-sauna.com\/de\/","logo":{"@type":"ImageObject","inLanguage":"de","@id":"https:\/\/atlantide-sauna.com\/de\/#\/schema\/logo\/image\/","url":"https:\/\/atlantide-sauna.com\/wp-content\/uploads\/2025\/05\/ash_logo_2025_01.svg","contentUrl":"https:\/\/atlantide-sauna.com\/wp-content\/uploads\/2025\/05\/ash_logo_2025_01.svg","width":1,"height":1,"caption":"ATLANTIDE SAUNA HAMMAM"},"image":{"@id":"https:\/\/atlantide-sauna.com\/de\/#\/schema\/logo\/image\/"},"sameAs":["https:\/\/www.facebook.com\/profile.php?id=100082829877238","https:\/\/x.com\/atlantidesauna"],"description":"Sauna hammam toutes tendances. Un espace de libert\u00e9, de mixit\u00e9 et de tol\u00e9rance. Chez Atlantide Sauna vous trouverez les conditions id\u00e9ales pour vos rencontres libertines.","email":"infos@atlantide-sauna.com","telephone":"0143422243","legalName":"ATLANTIDE SAUNA HAMMAM","foundingDate":"1999-08-09","vatID":"FR39423920370","taxID":"42392037000016","numberOfEmployees":{"@type":"QuantitativeValue","minValue":"1","maxValue":"10"}}]}},"jetpack_publicize_connections":[],"jetpack_sharing_enabled":true,"_links":{"self":[{"href":"https:\/\/atlantide-sauna.com\/de\/wp-json\/wp\/v2\/product\/8604","targetHints":{"allow":["GET"]}}],"collection":[{"href":"https:\/\/atlantide-sauna.com\/de\/wp-json\/wp\/v2\/product"}],"about":[{"href":"https:\/\/atlantide-sauna.com\/de\/wp-json\/wp\/v2\/types\/product"}],"author":[{"embeddable":true,"href":"https:\/\/atlantide-sauna.com\/de\/wp-json\/wp\/v2\/users\/4"}],"wp:featuredmedia":[{"embeddable":true,"href":"https:\/\/atlantide-sauna.com\/de\/wp-json\/wp\/v2\/media\/7625"}],"wp:attachment":[{"href":"https:\/\/atlantide-sauna.com\/de\/wp-json\/wp\/v2\/media?parent=8604"}],"wp:term":[{"taxonomy":"product_brand","embeddable":true,"href":"https:\/\/atlantide-sauna.com\/de\/wp-json\/wp\/v2\/product_brand?post=8604"},{"taxonomy":"product_cat","embeddable":true,"href":"https:\/\/atlantide-sauna.com\/de\/wp-json\/wp\/v2\/product_cat?post=8604"},{"taxonomy":"product_tag","embeddable":true,"href":"https:\/\/atlantide-sauna.com\/de\/wp-json\/wp\/v2\/product_tag?post=8604"}],"curies":[{"name":"wp","href":"https:\/\/api.w.org\/{rel}","templated":true}]}}