{"id":1123,"date":"2014-11-25T16:06:06","date_gmt":"2014-11-25T15:06:06","guid":{"rendered":"https:\/\/atlantide-sauna.com\/sauna-hammam\/atlantis\/"},"modified":"2025-05-23T09:50:05","modified_gmt":"2025-05-23T07:50:05","slug":"atlantis","status":"publish","type":"page","link":"https:\/\/atlantide-sauna.com\/en\/sauna-hammam\/atlantis\/","title":{"rendered":"Atlantide Sauna Paris"},"content":{"rendered":"<p class=\"chapo\">L&#8217;Atlantide Sauna is a mixed hammam and sauna in Paris, a Mecca of libertinism, in a spirit of tolerance and respect for all sexualities.<\/p>\n<p>L&#8217;Atlantide Sauna has everything it takes to fulfill your most diverse sexual fantasies and to promote encounters between libertines, whether gay or straight couples. At the bar or in our TV lounges, or even in the Hammam, you can make contact with the people who interest you. <!--more--><\/p>\n<h2>Atlantide Sauna: a libertine meeting place for all trends<\/h2>\n<p>L&#8217;Atlantide Sauna in Paris has a new tool to help you meet new people. More than 6,000 members among whom you&#8217;re sure to find something to share your fantasies. What&#8217;s more, you&#8217;ll be able to realize your fantasies in our Parisian establishment located near the Gare de Lyon, 13 rue Parrot in the 12th arrondissement, in an ideal setting for your swinger encounters. Here you&#8217;ll find a warm, elegant atmosphere conducive to intimate exchanges. For your approach and your lovemaking, you can choose between the relaxing hammam, the sauna or the collective video lounges. Log in to our <a href=\"https:\/\/club.atlantide-sauna.com\/\" target=\"_blank\" rel=\"noopener\">CLUB Atlantide Sauna<\/a> member area     <\/p>\n<p id=\"nl\">Other searches: Sauna hammam mixte paris, Club backroom glory holes sling croix de st andre paris<\/p>\n","protected":false},"excerpt":{"rendered":"<p>L&#8217;Atlantide Sauna is a mixed hammam and sauna in Paris, a Mecca of libertinism, in a spirit of tolerance and respect for all sexualities. L&#8217;Atlantide Sauna has everything it takes to fulfill your most diverse sexual fantasies and to promote encounters between libertines, whether gay or straight couples. At the bar or in our TV [&hellip;]<\/p>\n","protected":false},"author":4,"featured_media":459,"parent":1099,"menu_order":48,"comment_status":"closed","ping_status":"closed","template":"","meta":{"footnotes":""},"class_list":["post-1123","page","type-page","status-publish","has-post-thumbnail","hentry"],"yoast_head":"<!-- This site is optimized with the Yoast SEO Premium plugin v27.5 (Yoast SEO v27.5) - https:\/\/yoast.com\/product\/yoast-seo-premium-wordpress\/ -->\n<title>Atlantide Sauna Paris - Atlantide Sauna<\/title>\n<meta name=\"description\" content=\"Mixed Hammam and sauna in Paris, the Mecca of libertinage, in a spirit of tolerance and respect for all sexualities.\" \/>\n<meta name=\"robots\" content=\"index, follow, max-snippet:-1, max-image-preview:large, max-video-preview:-1\" \/>\n<link rel=\"canonical\" href=\"https:\/\/atlantide-sauna.com\/en\/sauna-hammam\/atlantis\/\" \/>\n<meta property=\"og:locale\" content=\"en_US\" \/>\n<meta property=\"og:type\" content=\"article\" \/>\n<meta property=\"og:title\" content=\"Atlantide Sauna Paris\" \/>\n<meta property=\"og:description\" content=\"Mixed Hammam and sauna in Paris, the Mecca of libertinage, in a spirit of tolerance and respect for all sexualities.\" \/>\n<meta property=\"og:url\" content=\"https:\/\/atlantide-sauna.com\/en\/sauna-hammam\/atlantis\/\" \/>\n<meta property=\"og:site_name\" content=\"Atlantide Sauna\" \/>\n<meta property=\"article:publisher\" content=\"https:\/\/www.facebook.com\/profile.php?id=100082829877238\" \/>\n<meta property=\"article:modified_time\" content=\"2025-05-23T07:50:05+00:00\" \/>\n<meta property=\"og:image\" content=\"https:\/\/atlantide-sauna.com\/wp-content\/uploads\/2025\/05\/ASH_IMG2023_03-e1748970792165.jpg\" \/>\n\t<meta property=\"og:image:width\" content=\"1440\" \/>\n\t<meta property=\"og:image:height\" content=\"810\" \/>\n\t<meta property=\"og:image:type\" content=\"image\/jpeg\" \/>\n<meta name=\"twitter:card\" content=\"summary_large_image\" \/>\n<meta name=\"twitter:site\" content=\"@atlantidesauna\" \/>\n<meta name=\"twitter:label1\" content=\"Est. reading time\" \/>\n\t<meta name=\"twitter:data1\" content=\"1 minute\" \/>\n<script type=\"application\/ld+json\" class=\"yoast-schema-graph\">{\"@context\":\"https:\\\/\\\/schema.org\",\"@graph\":[{\"@type\":\"WebPage\",\"@id\":\"https:\\\/\\\/atlantide-sauna.com\\\/en\\\/sauna-hammam\\\/atlantis\\\/\",\"url\":\"https:\\\/\\\/atlantide-sauna.com\\\/en\\\/sauna-hammam\\\/atlantis\\\/\",\"name\":\"Atlantide Sauna Paris - Atlantide Sauna\",\"isPartOf\":{\"@id\":\"https:\\\/\\\/atlantide-sauna.com\\\/en\\\/#website\"},\"primaryImageOfPage\":{\"@id\":\"https:\\\/\\\/atlantide-sauna.com\\\/en\\\/sauna-hammam\\\/atlantis\\\/#primaryimage\"},\"image\":{\"@id\":\"https:\\\/\\\/atlantide-sauna.com\\\/en\\\/sauna-hammam\\\/atlantis\\\/#primaryimage\"},\"thumbnailUrl\":\"https:\\\/\\\/i0.wp.com\\\/atlantide-sauna.com\\\/wp-content\\\/uploads\\\/2025\\\/05\\\/ASH_IMG2023_03-e1748970792165.jpg?fit=1440%2C810&ssl=1\",\"datePublished\":\"2014-11-25T15:06:06+00:00\",\"dateModified\":\"2025-05-23T07:50:05+00:00\",\"description\":\"Mixed Hammam and sauna in Paris, the Mecca of libertinage, in a spirit of tolerance and respect for all sexualities.\",\"breadcrumb\":{\"@id\":\"https:\\\/\\\/atlantide-sauna.com\\\/en\\\/sauna-hammam\\\/atlantis\\\/#breadcrumb\"},\"inLanguage\":\"en-US\",\"potentialAction\":[{\"@type\":\"ReadAction\",\"target\":[\"https:\\\/\\\/atlantide-sauna.com\\\/en\\\/sauna-hammam\\\/atlantis\\\/\"]}]},{\"@type\":\"ImageObject\",\"inLanguage\":\"en-US\",\"@id\":\"https:\\\/\\\/atlantide-sauna.com\\\/en\\\/sauna-hammam\\\/atlantis\\\/#primaryimage\",\"url\":\"https:\\\/\\\/i0.wp.com\\\/atlantide-sauna.com\\\/wp-content\\\/uploads\\\/2025\\\/05\\\/ASH_IMG2023_03-e1748970792165.jpg?fit=1440%2C810&ssl=1\",\"contentUrl\":\"https:\\\/\\\/i0.wp.com\\\/atlantide-sauna.com\\\/wp-content\\\/uploads\\\/2025\\\/05\\\/ASH_IMG2023_03-e1748970792165.jpg?fit=1440%2C810&ssl=1\",\"width\":1440,\"height\":810,\"caption\":\"Atlantide Sauna Paris\"},{\"@type\":\"BreadcrumbList\",\"@id\":\"https:\\\/\\\/atlantide-sauna.com\\\/en\\\/sauna-hammam\\\/atlantis\\\/#breadcrumb\",\"itemListElement\":[{\"@type\":\"ListItem\",\"position\":1,\"name\":\"Accueil\",\"item\":\"https:\\\/\\\/atlantide-sauna.com\\\/en\\\/home\\\/\"},{\"@type\":\"ListItem\",\"position\":2,\"name\":\"Sauna Hammam\",\"item\":\"https:\\\/\\\/atlantide-sauna.com\\\/en\\\/decouvrez-notre-sauna-hammam-a-paris\\\/\"},{\"@type\":\"ListItem\",\"position\":3,\"name\":\"Atlantide Sauna Paris\"}]},{\"@type\":\"WebSite\",\"@id\":\"https:\\\/\\\/atlantide-sauna.com\\\/en\\\/#website\",\"url\":\"https:\\\/\\\/atlantide-sauna.com\\\/en\\\/\",\"name\":\"Atlantide Sauna\",\"description\":\"Sauna Toutes Tendances Gay Bi Tr**\",\"publisher\":{\"@id\":\"https:\\\/\\\/atlantide-sauna.com\\\/en\\\/#organization\"},\"alternateName\":\"Club libertin Atlantide Sauna Paris\",\"potentialAction\":[{\"@type\":\"SearchAction\",\"target\":{\"@type\":\"EntryPoint\",\"urlTemplate\":\"https:\\\/\\\/atlantide-sauna.com\\\/en\\\/?s={search_term_string}\"},\"query-input\":{\"@type\":\"PropertyValueSpecification\",\"valueRequired\":true,\"valueName\":\"search_term_string\"}}],\"inLanguage\":\"en-US\"},{\"@type\":\"Organization\",\"@id\":\"https:\\\/\\\/atlantide-sauna.com\\\/en\\\/#organization\",\"name\":\"ATLANTIDE SAUNA HAMMAM\",\"alternateName\":\"ATLANTIDE SAUNA HAMMAM\",\"url\":\"https:\\\/\\\/atlantide-sauna.com\\\/en\\\/\",\"logo\":{\"@type\":\"ImageObject\",\"inLanguage\":\"en-US\",\"@id\":\"https:\\\/\\\/atlantide-sauna.com\\\/en\\\/#\\\/schema\\\/logo\\\/image\\\/\",\"url\":\"https:\\\/\\\/atlantide-sauna.com\\\/wp-content\\\/uploads\\\/2025\\\/05\\\/ash_logo_2025_01.svg\",\"contentUrl\":\"https:\\\/\\\/atlantide-sauna.com\\\/wp-content\\\/uploads\\\/2025\\\/05\\\/ash_logo_2025_01.svg\",\"width\":1,\"height\":1,\"caption\":\"ATLANTIDE SAUNA HAMMAM\"},\"image\":{\"@id\":\"https:\\\/\\\/atlantide-sauna.com\\\/en\\\/#\\\/schema\\\/logo\\\/image\\\/\"},\"sameAs\":[\"https:\\\/\\\/www.facebook.com\\\/profile.php?id=100082829877238\",\"https:\\\/\\\/x.com\\\/atlantidesauna\"],\"description\":\"Sauna hammam toutes tendances. Un espace de libert\u00e9, de mixit\u00e9 et de tol\u00e9rance. Chez Atlantide Sauna vous trouverez les conditions id\u00e9ales pour vos rencontres libertines.\",\"email\":\"infos@atlantide-sauna.com\",\"telephone\":\"0143422243\",\"legalName\":\"ATLANTIDE SAUNA HAMMAM\",\"foundingDate\":\"1999-08-09\",\"vatID\":\"FR39423920370\",\"taxID\":\"42392037000016\",\"numberOfEmployees\":{\"@type\":\"QuantitativeValue\",\"minValue\":\"1\",\"maxValue\":\"10\"}}]}<\/script>\n<!-- \/ Yoast SEO Premium plugin. -->","yoast_head_json":{"title":"Atlantide Sauna Paris - Atlantide Sauna","description":"Mixed Hammam and sauna in Paris, the Mecca of libertinage, in a spirit of tolerance and respect for all sexualities.","robots":{"index":"index","follow":"follow","max-snippet":"max-snippet:-1","max-image-preview":"max-image-preview:large","max-video-preview":"max-video-preview:-1"},"canonical":"https:\/\/atlantide-sauna.com\/en\/sauna-hammam\/atlantis\/","og_locale":"en_US","og_type":"article","og_title":"Atlantide Sauna Paris","og_description":"Mixed Hammam and sauna in Paris, the Mecca of libertinage, in a spirit of tolerance and respect for all sexualities.","og_url":"https:\/\/atlantide-sauna.com\/en\/sauna-hammam\/atlantis\/","og_site_name":"Atlantide Sauna","article_publisher":"https:\/\/www.facebook.com\/profile.php?id=100082829877238","article_modified_time":"2025-05-23T07:50:05+00:00","og_image":[{"width":1440,"height":810,"url":"https:\/\/atlantide-sauna.com\/wp-content\/uploads\/2025\/05\/ASH_IMG2023_03-e1748970792165.jpg","type":"image\/jpeg"}],"twitter_card":"summary_large_image","twitter_site":"@atlantidesauna","twitter_misc":{"Est. reading time":"1 minute"},"schema":{"@context":"https:\/\/schema.org","@graph":[{"@type":"WebPage","@id":"https:\/\/atlantide-sauna.com\/en\/sauna-hammam\/atlantis\/","url":"https:\/\/atlantide-sauna.com\/en\/sauna-hammam\/atlantis\/","name":"Atlantide Sauna Paris - Atlantide Sauna","isPartOf":{"@id":"https:\/\/atlantide-sauna.com\/en\/#website"},"primaryImageOfPage":{"@id":"https:\/\/atlantide-sauna.com\/en\/sauna-hammam\/atlantis\/#primaryimage"},"image":{"@id":"https:\/\/atlantide-sauna.com\/en\/sauna-hammam\/atlantis\/#primaryimage"},"thumbnailUrl":"https:\/\/i0.wp.com\/atlantide-sauna.com\/wp-content\/uploads\/2025\/05\/ASH_IMG2023_03-e1748970792165.jpg?fit=1440%2C810&ssl=1","datePublished":"2014-11-25T15:06:06+00:00","dateModified":"2025-05-23T07:50:05+00:00","description":"Mixed Hammam and sauna in Paris, the Mecca of libertinage, in a spirit of tolerance and respect for all sexualities.","breadcrumb":{"@id":"https:\/\/atlantide-sauna.com\/en\/sauna-hammam\/atlantis\/#breadcrumb"},"inLanguage":"en-US","potentialAction":[{"@type":"ReadAction","target":["https:\/\/atlantide-sauna.com\/en\/sauna-hammam\/atlantis\/"]}]},{"@type":"ImageObject","inLanguage":"en-US","@id":"https:\/\/atlantide-sauna.com\/en\/sauna-hammam\/atlantis\/#primaryimage","url":"https:\/\/i0.wp.com\/atlantide-sauna.com\/wp-content\/uploads\/2025\/05\/ASH_IMG2023_03-e1748970792165.jpg?fit=1440%2C810&ssl=1","contentUrl":"https:\/\/i0.wp.com\/atlantide-sauna.com\/wp-content\/uploads\/2025\/05\/ASH_IMG2023_03-e1748970792165.jpg?fit=1440%2C810&ssl=1","width":1440,"height":810,"caption":"Atlantide Sauna Paris"},{"@type":"BreadcrumbList","@id":"https:\/\/atlantide-sauna.com\/en\/sauna-hammam\/atlantis\/#breadcrumb","itemListElement":[{"@type":"ListItem","position":1,"name":"Accueil","item":"https:\/\/atlantide-sauna.com\/en\/home\/"},{"@type":"ListItem","position":2,"name":"Sauna Hammam","item":"https:\/\/atlantide-sauna.com\/en\/decouvrez-notre-sauna-hammam-a-paris\/"},{"@type":"ListItem","position":3,"name":"Atlantide Sauna Paris"}]},{"@type":"WebSite","@id":"https:\/\/atlantide-sauna.com\/en\/#website","url":"https:\/\/atlantide-sauna.com\/en\/","name":"Atlantide Sauna","description":"Sauna Toutes Tendances Gay Bi Tr**","publisher":{"@id":"https:\/\/atlantide-sauna.com\/en\/#organization"},"alternateName":"Club libertin Atlantide Sauna Paris","potentialAction":[{"@type":"SearchAction","target":{"@type":"EntryPoint","urlTemplate":"https:\/\/atlantide-sauna.com\/en\/?s={search_term_string}"},"query-input":{"@type":"PropertyValueSpecification","valueRequired":true,"valueName":"search_term_string"}}],"inLanguage":"en-US"},{"@type":"Organization","@id":"https:\/\/atlantide-sauna.com\/en\/#organization","name":"ATLANTIDE SAUNA HAMMAM","alternateName":"ATLANTIDE SAUNA HAMMAM","url":"https:\/\/atlantide-sauna.com\/en\/","logo":{"@type":"ImageObject","inLanguage":"en-US","@id":"https:\/\/atlantide-sauna.com\/en\/#\/schema\/logo\/image\/","url":"https:\/\/atlantide-sauna.com\/wp-content\/uploads\/2025\/05\/ash_logo_2025_01.svg","contentUrl":"https:\/\/atlantide-sauna.com\/wp-content\/uploads\/2025\/05\/ash_logo_2025_01.svg","width":1,"height":1,"caption":"ATLANTIDE SAUNA HAMMAM"},"image":{"@id":"https:\/\/atlantide-sauna.com\/en\/#\/schema\/logo\/image\/"},"sameAs":["https:\/\/www.facebook.com\/profile.php?id=100082829877238","https:\/\/x.com\/atlantidesauna"],"description":"Sauna hammam toutes tendances. Un espace de libert\u00e9, de mixit\u00e9 et de tol\u00e9rance. Chez Atlantide Sauna vous trouverez les conditions id\u00e9ales pour vos rencontres libertines.","email":"infos@atlantide-sauna.com","telephone":"0143422243","legalName":"ATLANTIDE SAUNA HAMMAM","foundingDate":"1999-08-09","vatID":"FR39423920370","taxID":"42392037000016","numberOfEmployees":{"@type":"QuantitativeValue","minValue":"1","maxValue":"10"}}]}},"jetpack_sharing_enabled":true,"_links":{"self":[{"href":"https:\/\/atlantide-sauna.com\/en\/wp-json\/wp\/v2\/pages\/1123","targetHints":{"allow":["GET"]}}],"collection":[{"href":"https:\/\/atlantide-sauna.com\/en\/wp-json\/wp\/v2\/pages"}],"about":[{"href":"https:\/\/atlantide-sauna.com\/en\/wp-json\/wp\/v2\/types\/page"}],"author":[{"embeddable":true,"href":"https:\/\/atlantide-sauna.com\/en\/wp-json\/wp\/v2\/users\/4"}],"replies":[{"embeddable":true,"href":"https:\/\/atlantide-sauna.com\/en\/wp-json\/wp\/v2\/comments?post=1123"}],"version-history":[{"count":1,"href":"https:\/\/atlantide-sauna.com\/en\/wp-json\/wp\/v2\/pages\/1123\/revisions"}],"predecessor-version":[{"id":1139,"href":"https:\/\/atlantide-sauna.com\/en\/wp-json\/wp\/v2\/pages\/1123\/revisions\/1139"}],"up":[{"embeddable":true,"href":"https:\/\/atlantide-sauna.com\/en\/wp-json\/wp\/v2\/pages\/1099"}],"wp:featuredmedia":[{"embeddable":true,"href":"https:\/\/atlantide-sauna.com\/en\/wp-json\/wp\/v2\/media\/459"}],"wp:attachment":[{"href":"https:\/\/atlantide-sauna.com\/en\/wp-json\/wp\/v2\/media?parent=1123"}],"curies":[{"name":"wp","href":"https:\/\/api.w.org\/{rel}","templated":true}]}}