{"id":1151,"date":"2025-05-22T19:20:02","date_gmt":"2025-05-22T17:20:02","guid":{"rendered":"https:\/\/atlantide-sauna.com\/sauna-hammam\/avis-atlantide-sauna\/"},"modified":"2025-05-22T19:20:02","modified_gmt":"2025-05-22T17:20:02","slug":"avis-atlantide-sauna","status":"publish","type":"page","link":"https:\/\/atlantide-sauna.com\/en\/sauna-hammam\/avis-atlantide-sauna\/","title":{"rendered":"Avis atlantide sauna"},"content":{"rendered":"<p class=\"chapo\">L&#8217;Atlantide Sauna combines the pleasure of your naughty encounters with its luxurious, relaxing facilities, all in a friendly atmosphere.<\/p>\n<p id=\"cta\">Learn more about : <a href=\"https:\/\/www.atlantide-sauna.com\/\">Atlantide sauna<\/a><\/p>\n<p>L&#8217;Atlantide Sauna, just a stone&#8217;s throw from the Gare de Lyon, is the first private club for libertine encounters of all kinds in Paris. Whether you&#8217;re a man, a woman, straight, gay, transsexual or transvestite, and whether you come alone or as a couple, you&#8217;re welcome to join us in a hammam sauna that&#8217;s all about conviviality, allowing you to come together in a complicity that&#8217;s particularly conducive to the most unbridled sexual practices. <\/p>\n<h2>Sauna Atlantide Paris: all the activities you need to stimulate your sensuality.<\/h2>\n<p>L&#8217;Atlantide Sauna is the first mixed and naturist sauna hammam in Paris. We&#8217;ve focused all our efforts on carefully decorating and arranging our relaxation areas to encourage swingers and libertine encounters. Our teams are trained to apply the rules of our establishment: respect for others and respect for all sexualities and sexual orientations.  <\/p>\n<p id=\"nl\">Other searches: <a href=\"http:\/\/www.atlantide-sauna.com\/sauna-hammam\/club-rencontres-couples-libertins-paris\">Club rencontres couples libertins paris<\/a>, <a href=\"http:\/\/www.atlantide-sauna.com\/sauna-hammam\/avis-club-libertin\">Avis club libertin<\/a>, <a href=\"http:\/\/www.atlantide-sauna.com\/sauna-hammam\/sauna-transexuel\">Sauna transexuel<\/a>.<\/p>\n","protected":false},"excerpt":{"rendered":"<p>L&#8217;Atlantide Sauna combines the pleasure of your naughty encounters with its luxurious, relaxing facilities, all in a friendly atmosphere. Learn more about : Atlantide sauna L&#8217;Atlantide Sauna, just a stone&#8217;s throw from the Gare de Lyon, is the first private club for libertine encounters of all kinds in Paris. Whether you&#8217;re a man, a woman, [&hellip;]<\/p>\n","protected":false},"author":4,"featured_media":0,"parent":1099,"menu_order":46,"comment_status":"closed","ping_status":"closed","template":"","meta":{"footnotes":""},"class_list":["post-1151","page","type-page","status-publish","hentry"],"yoast_head":"<!-- This site is optimized with the Yoast SEO Premium plugin v27.5 (Yoast SEO v27.5) - https:\/\/yoast.com\/product\/yoast-seo-premium-wordpress\/ -->\n<title>Avis Atlantide Sauna : Un Lieu de Rencontres Libres - Atlantide Sauna<\/title>\n<meta name=\"description\" content=\"Atlantide Sauna: a mixed hammam sauna in Paris that promotes libertine encounters in a warm atmosphere.\" \/>\n<meta name=\"robots\" content=\"index, follow, max-snippet:-1, max-image-preview:large, max-video-preview:-1\" \/>\n<link rel=\"canonical\" href=\"https:\/\/atlantide-sauna.com\/en\/sauna-hammam\/avis-atlantide-sauna\/\" \/>\n<meta property=\"og:locale\" content=\"en_US\" \/>\n<meta property=\"og:type\" content=\"article\" \/>\n<meta property=\"og:title\" content=\"Avis atlantide sauna\" \/>\n<meta property=\"og:description\" content=\"Atlantide Sauna: a mixed hammam sauna in Paris that promotes libertine encounters in a warm atmosphere.\" \/>\n<meta property=\"og:url\" content=\"https:\/\/atlantide-sauna.com\/en\/sauna-hammam\/avis-atlantide-sauna\/\" \/>\n<meta property=\"og:site_name\" content=\"Atlantide Sauna\" \/>\n<meta property=\"article:publisher\" content=\"https:\/\/www.facebook.com\/profile.php?id=100082829877238\" \/>\n<meta property=\"og:image\" content=\"https:\/\/i0.wp.com\/atlantide-sauna.com\/wp-content\/uploads\/2025\/06\/ASH_IMG2025_000.jpg?fit=1440%2C810&ssl=1\" \/>\n\t<meta property=\"og:image:width\" content=\"1440\" \/>\n\t<meta property=\"og:image:height\" content=\"810\" \/>\n\t<meta property=\"og:image:type\" content=\"image\/jpeg\" \/>\n<meta name=\"twitter:card\" content=\"summary_large_image\" \/>\n<meta name=\"twitter:site\" content=\"@atlantidesauna\" \/>\n<meta name=\"twitter:label1\" content=\"Est. reading time\" \/>\n\t<meta name=\"twitter:data1\" content=\"1 minute\" \/>\n<script type=\"application\/ld+json\" class=\"yoast-schema-graph\">{\"@context\":\"https:\\\/\\\/schema.org\",\"@graph\":[{\"@type\":\"WebPage\",\"@id\":\"https:\\\/\\\/atlantide-sauna.com\\\/en\\\/sauna-hammam\\\/avis-atlantide-sauna\\\/\",\"url\":\"https:\\\/\\\/atlantide-sauna.com\\\/en\\\/sauna-hammam\\\/avis-atlantide-sauna\\\/\",\"name\":\"Avis Atlantide Sauna : Un Lieu de Rencontres Libres - Atlantide Sauna\",\"isPartOf\":{\"@id\":\"https:\\\/\\\/atlantide-sauna.com\\\/en\\\/#website\"},\"datePublished\":\"2025-05-22T17:20:02+00:00\",\"description\":\"Atlantide Sauna: a mixed hammam sauna in Paris that promotes libertine encounters in a warm atmosphere.\",\"breadcrumb\":{\"@id\":\"https:\\\/\\\/atlantide-sauna.com\\\/en\\\/sauna-hammam\\\/avis-atlantide-sauna\\\/#breadcrumb\"},\"inLanguage\":\"en-US\",\"potentialAction\":[{\"@type\":\"ReadAction\",\"target\":[\"https:\\\/\\\/atlantide-sauna.com\\\/en\\\/sauna-hammam\\\/avis-atlantide-sauna\\\/\"]}]},{\"@type\":\"BreadcrumbList\",\"@id\":\"https:\\\/\\\/atlantide-sauna.com\\\/en\\\/sauna-hammam\\\/avis-atlantide-sauna\\\/#breadcrumb\",\"itemListElement\":[{\"@type\":\"ListItem\",\"position\":1,\"name\":\"Accueil\",\"item\":\"https:\\\/\\\/atlantide-sauna.com\\\/en\\\/home\\\/\"},{\"@type\":\"ListItem\",\"position\":2,\"name\":\"Sauna Hammam\",\"item\":\"https:\\\/\\\/atlantide-sauna.com\\\/en\\\/decouvrez-notre-sauna-hammam-a-paris\\\/\"},{\"@type\":\"ListItem\",\"position\":3,\"name\":\"Avis atlantide sauna\"}]},{\"@type\":\"WebSite\",\"@id\":\"https:\\\/\\\/atlantide-sauna.com\\\/en\\\/#website\",\"url\":\"https:\\\/\\\/atlantide-sauna.com\\\/en\\\/\",\"name\":\"Atlantide Sauna\",\"description\":\"Sauna Toutes Tendances Gay Bi Tr**\",\"publisher\":{\"@id\":\"https:\\\/\\\/atlantide-sauna.com\\\/en\\\/#organization\"},\"alternateName\":\"Club libertin Atlantide Sauna Paris\",\"potentialAction\":[{\"@type\":\"SearchAction\",\"target\":{\"@type\":\"EntryPoint\",\"urlTemplate\":\"https:\\\/\\\/atlantide-sauna.com\\\/en\\\/?s={search_term_string}\"},\"query-input\":{\"@type\":\"PropertyValueSpecification\",\"valueRequired\":true,\"valueName\":\"search_term_string\"}}],\"inLanguage\":\"en-US\"},{\"@type\":\"Organization\",\"@id\":\"https:\\\/\\\/atlantide-sauna.com\\\/en\\\/#organization\",\"name\":\"ATLANTIDE SAUNA HAMMAM\",\"alternateName\":\"ATLANTIDE SAUNA HAMMAM\",\"url\":\"https:\\\/\\\/atlantide-sauna.com\\\/en\\\/\",\"logo\":{\"@type\":\"ImageObject\",\"inLanguage\":\"en-US\",\"@id\":\"https:\\\/\\\/atlantide-sauna.com\\\/en\\\/#\\\/schema\\\/logo\\\/image\\\/\",\"url\":\"https:\\\/\\\/atlantide-sauna.com\\\/wp-content\\\/uploads\\\/2025\\\/05\\\/ash_logo_2025_01.svg\",\"contentUrl\":\"https:\\\/\\\/atlantide-sauna.com\\\/wp-content\\\/uploads\\\/2025\\\/05\\\/ash_logo_2025_01.svg\",\"width\":1,\"height\":1,\"caption\":\"ATLANTIDE SAUNA HAMMAM\"},\"image\":{\"@id\":\"https:\\\/\\\/atlantide-sauna.com\\\/en\\\/#\\\/schema\\\/logo\\\/image\\\/\"},\"sameAs\":[\"https:\\\/\\\/www.facebook.com\\\/profile.php?id=100082829877238\",\"https:\\\/\\\/x.com\\\/atlantidesauna\"],\"description\":\"Sauna hammam toutes tendances. Un espace de libert\u00e9, de mixit\u00e9 et de tol\u00e9rance. Chez Atlantide Sauna vous trouverez les conditions id\u00e9ales pour vos rencontres libertines.\",\"email\":\"infos@atlantide-sauna.com\",\"telephone\":\"0143422243\",\"legalName\":\"ATLANTIDE SAUNA HAMMAM\",\"foundingDate\":\"1999-08-09\",\"vatID\":\"FR39423920370\",\"taxID\":\"42392037000016\",\"numberOfEmployees\":{\"@type\":\"QuantitativeValue\",\"minValue\":\"1\",\"maxValue\":\"10\"}}]}<\/script>\n<!-- \/ Yoast SEO Premium plugin. -->","yoast_head_json":{"title":"Avis Atlantide Sauna : Un Lieu de Rencontres Libres - Atlantide Sauna","description":"Atlantide Sauna: a mixed hammam sauna in Paris that promotes libertine encounters in a warm atmosphere.","robots":{"index":"index","follow":"follow","max-snippet":"max-snippet:-1","max-image-preview":"max-image-preview:large","max-video-preview":"max-video-preview:-1"},"canonical":"https:\/\/atlantide-sauna.com\/en\/sauna-hammam\/avis-atlantide-sauna\/","og_locale":"en_US","og_type":"article","og_title":"Avis atlantide sauna","og_description":"Atlantide Sauna: a mixed hammam sauna in Paris that promotes libertine encounters in a warm atmosphere.","og_url":"https:\/\/atlantide-sauna.com\/en\/sauna-hammam\/avis-atlantide-sauna\/","og_site_name":"Atlantide Sauna","article_publisher":"https:\/\/www.facebook.com\/profile.php?id=100082829877238","og_image":[{"width":1440,"height":810,"url":"https:\/\/i0.wp.com\/atlantide-sauna.com\/wp-content\/uploads\/2025\/06\/ASH_IMG2025_000.jpg?fit=1440%2C810&ssl=1","type":"image\/jpeg"}],"twitter_card":"summary_large_image","twitter_site":"@atlantidesauna","twitter_misc":{"Est. reading time":"1 minute"},"schema":{"@context":"https:\/\/schema.org","@graph":[{"@type":"WebPage","@id":"https:\/\/atlantide-sauna.com\/en\/sauna-hammam\/avis-atlantide-sauna\/","url":"https:\/\/atlantide-sauna.com\/en\/sauna-hammam\/avis-atlantide-sauna\/","name":"Avis Atlantide Sauna : Un Lieu de Rencontres Libres - Atlantide Sauna","isPartOf":{"@id":"https:\/\/atlantide-sauna.com\/en\/#website"},"datePublished":"2025-05-22T17:20:02+00:00","description":"Atlantide Sauna: a mixed hammam sauna in Paris that promotes libertine encounters in a warm atmosphere.","breadcrumb":{"@id":"https:\/\/atlantide-sauna.com\/en\/sauna-hammam\/avis-atlantide-sauna\/#breadcrumb"},"inLanguage":"en-US","potentialAction":[{"@type":"ReadAction","target":["https:\/\/atlantide-sauna.com\/en\/sauna-hammam\/avis-atlantide-sauna\/"]}]},{"@type":"BreadcrumbList","@id":"https:\/\/atlantide-sauna.com\/en\/sauna-hammam\/avis-atlantide-sauna\/#breadcrumb","itemListElement":[{"@type":"ListItem","position":1,"name":"Accueil","item":"https:\/\/atlantide-sauna.com\/en\/home\/"},{"@type":"ListItem","position":2,"name":"Sauna Hammam","item":"https:\/\/atlantide-sauna.com\/en\/decouvrez-notre-sauna-hammam-a-paris\/"},{"@type":"ListItem","position":3,"name":"Avis atlantide sauna"}]},{"@type":"WebSite","@id":"https:\/\/atlantide-sauna.com\/en\/#website","url":"https:\/\/atlantide-sauna.com\/en\/","name":"Atlantide Sauna","description":"Sauna Toutes Tendances Gay Bi Tr**","publisher":{"@id":"https:\/\/atlantide-sauna.com\/en\/#organization"},"alternateName":"Club libertin Atlantide Sauna Paris","potentialAction":[{"@type":"SearchAction","target":{"@type":"EntryPoint","urlTemplate":"https:\/\/atlantide-sauna.com\/en\/?s={search_term_string}"},"query-input":{"@type":"PropertyValueSpecification","valueRequired":true,"valueName":"search_term_string"}}],"inLanguage":"en-US"},{"@type":"Organization","@id":"https:\/\/atlantide-sauna.com\/en\/#organization","name":"ATLANTIDE SAUNA HAMMAM","alternateName":"ATLANTIDE SAUNA HAMMAM","url":"https:\/\/atlantide-sauna.com\/en\/","logo":{"@type":"ImageObject","inLanguage":"en-US","@id":"https:\/\/atlantide-sauna.com\/en\/#\/schema\/logo\/image\/","url":"https:\/\/atlantide-sauna.com\/wp-content\/uploads\/2025\/05\/ash_logo_2025_01.svg","contentUrl":"https:\/\/atlantide-sauna.com\/wp-content\/uploads\/2025\/05\/ash_logo_2025_01.svg","width":1,"height":1,"caption":"ATLANTIDE SAUNA HAMMAM"},"image":{"@id":"https:\/\/atlantide-sauna.com\/en\/#\/schema\/logo\/image\/"},"sameAs":["https:\/\/www.facebook.com\/profile.php?id=100082829877238","https:\/\/x.com\/atlantidesauna"],"description":"Sauna hammam toutes tendances. Un espace de libert\u00e9, de mixit\u00e9 et de tol\u00e9rance. Chez Atlantide Sauna vous trouverez les conditions id\u00e9ales pour vos rencontres libertines.","email":"infos@atlantide-sauna.com","telephone":"0143422243","legalName":"ATLANTIDE SAUNA HAMMAM","foundingDate":"1999-08-09","vatID":"FR39423920370","taxID":"42392037000016","numberOfEmployees":{"@type":"QuantitativeValue","minValue":"1","maxValue":"10"}}]}},"jetpack_sharing_enabled":true,"_links":{"self":[{"href":"https:\/\/atlantide-sauna.com\/en\/wp-json\/wp\/v2\/pages\/1151","targetHints":{"allow":["GET"]}}],"collection":[{"href":"https:\/\/atlantide-sauna.com\/en\/wp-json\/wp\/v2\/pages"}],"about":[{"href":"https:\/\/atlantide-sauna.com\/en\/wp-json\/wp\/v2\/types\/page"}],"author":[{"embeddable":true,"href":"https:\/\/atlantide-sauna.com\/en\/wp-json\/wp\/v2\/users\/4"}],"replies":[{"embeddable":true,"href":"https:\/\/atlantide-sauna.com\/en\/wp-json\/wp\/v2\/comments?post=1151"}],"version-history":[{"count":0,"href":"https:\/\/atlantide-sauna.com\/en\/wp-json\/wp\/v2\/pages\/1151\/revisions"}],"up":[{"embeddable":true,"href":"https:\/\/atlantide-sauna.com\/en\/wp-json\/wp\/v2\/pages\/1099"}],"wp:attachment":[{"href":"https:\/\/atlantide-sauna.com\/en\/wp-json\/wp\/v2\/media?parent=1151"}],"curies":[{"name":"wp","href":"https:\/\/api.w.org\/{rel}","templated":true}]}}