{"id":4786,"date":"2025-05-22T19:19:41","date_gmt":"2025-05-22T17:19:41","guid":{"rendered":"https:\/\/atlantide-sauna.com\/sauna-hammam\/club-backroom-glory-holes-sling-croix-de-st-andre-paris\/"},"modified":"2025-05-22T19:19:41","modified_gmt":"2025-05-22T17:19:41","slug":"club-backroom-glory-holes-sling-croix-de-st-andre-paris","status":"publish","type":"page","link":"https:\/\/atlantide-sauna.com\/en\/sauna-hammam\/club-backroom-glory-holes-sling-croix-de-st-andre-paris\/","title":{"rendered":"Club Backroom Glory Holes Sling Croix de st Andr\u00e9 Paris"},"content":{"rendered":"<h2>Club Libertin Backroom Glory Holes Sling Croix de St Andr\u00e9 in Paris 12<\/h2>\n<p class=\"chapo\">Tolerance and diversity of sexual orientations are the hallmarks of Atlantide Sauna, where you can organize your booty calls in a relaxed, relaxed atmosphere, close to Gare de Lyon, while meeting people who interest you.<\/p>\n<h3 id=\"cta\">Club backroom glory holes sling croix de st andre paris &#8211; Come on site<\/h3>\n<p>L&#8217;Atlantide Sauna is first and foremost the pansexual sauna of tolerance. All sexual sensibilities are catered for in the warm atmosphere of our relaxation areas. We&#8217;re a libertine sauna where mixity, respect and conviviality reign among curious heterosexuals, bisexuals, gays, shemales, transsexuals, trannies and transvestites.  <\/p>\n<h3>L&#8217;Atlantide Sauna: a complete facility for all sexualities.<\/h3>\n<p>Welcome to l&#8217;Atlantide Sauna, Paris&#8217;s first mixed hammam, located in the heart of the 12th arrondissement, on rue Parrot! If you&#8217;re looking for a place to relax and meet new people in a respectful atmosphere, this is the place for you. <\/p>\n<p>From the moment you step through the doors of l&#8217;Atlantide, you&#8217;ll be enveloped in a warm, welcoming atmosphere. Imagine enjoying a top-of-the-range sauna that combines comfort with contemporary design. Our collective video lounges also offer you a space where you can relax while getting to know other visitors in a convivial setting.  <\/p>\n<p>The tiled, delicately scented hammam is undoubtedly one of the centerpieces of our establishment. Between the hot vapors and intoxicating scents, let your worries melt away and enjoy a moment of pure well-being. Whether you&#8217;re here to relax or socialize, every corner of our sauna has been designed to meet your every need.  <\/p>\n<p>Nevertheless, we&#8217;d like to remind you that good manners and courtesy are of the utmost importance to us. We have set up a set of rules of good conduct, and our team is there to ensure that everyone evolves in a respectful and safe environment. The atmosphere is relaxed, but it&#8217;s essential that all visitors share this commitment to make your experience a memorable one.  <\/p>\n<p>So, are you ready to dive into the world of Atlantide Sauna? Come and discover a new way to relax and meet like-minded people. See you soon in our little corner of paradise in Paris!  <\/p>\n<h3 id=\"nl\">Other searches: <a href=\"https:\/\/atlantide-sauna.com\/en\/sauna-hammam\/rencontre-coquines-paris-12\/\">Rencontre coquines<\/a>, <a href=\"https:\/\/atlantide-sauna.com\/decouvrez-notre-sauna-hammam-a-paris\/rencontre-echangiste-et-candauliste-paris-12\/\">Rencontre echangiste et candauliste Paris 12<\/a>, <a href=\"https:\/\/atlantide-sauna.com\/decouvrez-notre-sauna-hammam-a-paris\/hammam-et-sauna-mixte-paris\/\">Hammam et sauna mixte paris<\/a>.<\/h3>\n","protected":false},"excerpt":{"rendered":"<p>Club Libertin Backroom Glory Holes Sling Croix de St Andr\u00e9 in Paris 12 Tolerance and diversity of sexual orientations are the hallmarks of Atlantide Sauna, where you can organize your booty calls in a relaxed, relaxed atmosphere, close to Gare de Lyon, while meeting people who interest you. Club backroom glory holes sling croix de [&hellip;]<\/p>\n","protected":false},"author":4,"featured_media":4358,"parent":1099,"menu_order":6,"comment_status":"closed","ping_status":"closed","template":"","meta":{"footnotes":""},"class_list":["post-4786","page","type-page","status-publish","has-post-thumbnail","hentry"],"yoast_head":"<!-- This site is optimized with the Yoast SEO Premium plugin v27.5 (Yoast SEO v27.5) - https:\/\/yoast.com\/product\/yoast-seo-premium-wordpress\/ -->\n<title>Club Backroom Glory Holes Sling Croix de st Andr\u00e9 Paris - Atlantide Sauna<\/title>\n<meta name=\"description\" content=\"All sexual sensibilities in a warm atmosphere. A libertine sauna where mixity, respect and conviviality reign.\" \/>\n<meta name=\"robots\" content=\"index, follow, max-snippet:-1, max-image-preview:large, max-video-preview:-1\" \/>\n<link rel=\"canonical\" href=\"https:\/\/atlantide-sauna.com\/en\/sauna-hammam\/club-backroom-glory-holes-sling-croix-de-st-andre-paris\/\" \/>\n<meta property=\"og:locale\" content=\"en_US\" \/>\n<meta property=\"og:type\" content=\"article\" \/>\n<meta property=\"og:title\" content=\"Club Backroom Glory Holes Sling Croix de st Andr\u00e9 Paris\" \/>\n<meta property=\"og:description\" content=\"All sexual sensibilities in a warm atmosphere. A libertine sauna where mixity, respect and conviviality reign.\" \/>\n<meta property=\"og:url\" content=\"https:\/\/atlantide-sauna.com\/en\/sauna-hammam\/club-backroom-glory-holes-sling-croix-de-st-andre-paris\/\" \/>\n<meta property=\"og:site_name\" content=\"Atlantide Sauna\" \/>\n<meta property=\"article:publisher\" content=\"https:\/\/www.facebook.com\/profile.php?id=100082829877238\" \/>\n<meta property=\"og:image\" content=\"https:\/\/atlantide-sauna.com\/wp-content\/uploads\/2025\/06\/ASH_IMG2025_014-1.jpg\" \/>\n\t<meta property=\"og:image:width\" content=\"1440\" \/>\n\t<meta property=\"og:image:height\" content=\"810\" \/>\n\t<meta property=\"og:image:type\" content=\"image\/jpeg\" \/>\n<meta name=\"twitter:card\" content=\"summary_large_image\" \/>\n<meta name=\"twitter:site\" content=\"@atlantidesauna\" \/>\n<meta name=\"twitter:label1\" content=\"Est. reading time\" \/>\n\t<meta name=\"twitter:data1\" content=\"2 minutes\" \/>\n<script type=\"application\/ld+json\" class=\"yoast-schema-graph\">{\"@context\":\"https:\\\/\\\/schema.org\",\"@graph\":[{\"@type\":\"WebPage\",\"@id\":\"https:\\\/\\\/atlantide-sauna.com\\\/en\\\/sauna-hammam\\\/club-backroom-glory-holes-sling-croix-de-st-andre-paris\\\/\",\"url\":\"https:\\\/\\\/atlantide-sauna.com\\\/en\\\/sauna-hammam\\\/club-backroom-glory-holes-sling-croix-de-st-andre-paris\\\/\",\"name\":\"Club Backroom Glory Holes Sling Croix de st Andr\u00e9 Paris - Atlantide Sauna\",\"isPartOf\":{\"@id\":\"https:\\\/\\\/atlantide-sauna.com\\\/en\\\/#website\"},\"primaryImageOfPage\":{\"@id\":\"https:\\\/\\\/atlantide-sauna.com\\\/en\\\/sauna-hammam\\\/club-backroom-glory-holes-sling-croix-de-st-andre-paris\\\/#primaryimage\"},\"image\":{\"@id\":\"https:\\\/\\\/atlantide-sauna.com\\\/en\\\/sauna-hammam\\\/club-backroom-glory-holes-sling-croix-de-st-andre-paris\\\/#primaryimage\"},\"thumbnailUrl\":\"https:\\\/\\\/i0.wp.com\\\/atlantide-sauna.com\\\/wp-content\\\/uploads\\\/2025\\\/06\\\/ASH_IMG2025_014-1.jpg?fit=1440%2C810&ssl=1\",\"datePublished\":\"2025-05-22T17:19:41+00:00\",\"description\":\"All sexual sensibilities in a warm atmosphere. A libertine sauna where mixity, respect and conviviality reign.\",\"breadcrumb\":{\"@id\":\"https:\\\/\\\/atlantide-sauna.com\\\/en\\\/sauna-hammam\\\/club-backroom-glory-holes-sling-croix-de-st-andre-paris\\\/#breadcrumb\"},\"inLanguage\":\"en-US\",\"potentialAction\":[{\"@type\":\"ReadAction\",\"target\":[\"https:\\\/\\\/atlantide-sauna.com\\\/en\\\/sauna-hammam\\\/club-backroom-glory-holes-sling-croix-de-st-andre-paris\\\/\"]}]},{\"@type\":\"ImageObject\",\"inLanguage\":\"en-US\",\"@id\":\"https:\\\/\\\/atlantide-sauna.com\\\/en\\\/sauna-hammam\\\/club-backroom-glory-holes-sling-croix-de-st-andre-paris\\\/#primaryimage\",\"url\":\"https:\\\/\\\/i0.wp.com\\\/atlantide-sauna.com\\\/wp-content\\\/uploads\\\/2025\\\/06\\\/ASH_IMG2025_014-1.jpg?fit=1440%2C810&ssl=1\",\"contentUrl\":\"https:\\\/\\\/i0.wp.com\\\/atlantide-sauna.com\\\/wp-content\\\/uploads\\\/2025\\\/06\\\/ASH_IMG2025_014-1.jpg?fit=1440%2C810&ssl=1\",\"width\":1440,\"height\":810,\"caption\":\"Sling Backroom Croix de St Andr\u00e9\"},{\"@type\":\"BreadcrumbList\",\"@id\":\"https:\\\/\\\/atlantide-sauna.com\\\/en\\\/sauna-hammam\\\/club-backroom-glory-holes-sling-croix-de-st-andre-paris\\\/#breadcrumb\",\"itemListElement\":[{\"@type\":\"ListItem\",\"position\":1,\"name\":\"Accueil\",\"item\":\"https:\\\/\\\/atlantide-sauna.com\\\/en\\\/home\\\/\"},{\"@type\":\"ListItem\",\"position\":2,\"name\":\"Sauna Hammam\",\"item\":\"https:\\\/\\\/atlantide-sauna.com\\\/en\\\/decouvrez-notre-sauna-hammam-a-paris\\\/\"},{\"@type\":\"ListItem\",\"position\":3,\"name\":\"Club Backroom Glory Holes Sling Croix de st Andr\u00e9 Paris\"}]},{\"@type\":\"WebSite\",\"@id\":\"https:\\\/\\\/atlantide-sauna.com\\\/en\\\/#website\",\"url\":\"https:\\\/\\\/atlantide-sauna.com\\\/en\\\/\",\"name\":\"Atlantide Sauna\",\"description\":\"Sauna Toutes Tendances Gay Bi Tr**\",\"publisher\":{\"@id\":\"https:\\\/\\\/atlantide-sauna.com\\\/en\\\/#organization\"},\"alternateName\":\"Club libertin Atlantide Sauna Paris\",\"potentialAction\":[{\"@type\":\"SearchAction\",\"target\":{\"@type\":\"EntryPoint\",\"urlTemplate\":\"https:\\\/\\\/atlantide-sauna.com\\\/en\\\/?s={search_term_string}\"},\"query-input\":{\"@type\":\"PropertyValueSpecification\",\"valueRequired\":true,\"valueName\":\"search_term_string\"}}],\"inLanguage\":\"en-US\"},{\"@type\":\"Organization\",\"@id\":\"https:\\\/\\\/atlantide-sauna.com\\\/en\\\/#organization\",\"name\":\"ATLANTIDE SAUNA HAMMAM\",\"alternateName\":\"ATLANTIDE SAUNA HAMMAM\",\"url\":\"https:\\\/\\\/atlantide-sauna.com\\\/en\\\/\",\"logo\":{\"@type\":\"ImageObject\",\"inLanguage\":\"en-US\",\"@id\":\"https:\\\/\\\/atlantide-sauna.com\\\/en\\\/#\\\/schema\\\/logo\\\/image\\\/\",\"url\":\"https:\\\/\\\/atlantide-sauna.com\\\/wp-content\\\/uploads\\\/2025\\\/05\\\/ash_logo_2025_01.svg\",\"contentUrl\":\"https:\\\/\\\/atlantide-sauna.com\\\/wp-content\\\/uploads\\\/2025\\\/05\\\/ash_logo_2025_01.svg\",\"width\":1,\"height\":1,\"caption\":\"ATLANTIDE SAUNA HAMMAM\"},\"image\":{\"@id\":\"https:\\\/\\\/atlantide-sauna.com\\\/en\\\/#\\\/schema\\\/logo\\\/image\\\/\"},\"sameAs\":[\"https:\\\/\\\/www.facebook.com\\\/profile.php?id=100082829877238\",\"https:\\\/\\\/x.com\\\/atlantidesauna\"],\"description\":\"Sauna hammam toutes tendances. Un espace de libert\u00e9, de mixit\u00e9 et de tol\u00e9rance. Chez Atlantide Sauna vous trouverez les conditions id\u00e9ales pour vos rencontres libertines.\",\"email\":\"infos@atlantide-sauna.com\",\"telephone\":\"0143422243\",\"legalName\":\"ATLANTIDE SAUNA HAMMAM\",\"foundingDate\":\"1999-08-09\",\"vatID\":\"FR39423920370\",\"taxID\":\"42392037000016\",\"numberOfEmployees\":{\"@type\":\"QuantitativeValue\",\"minValue\":\"1\",\"maxValue\":\"10\"}}]}<\/script>\n<!-- \/ Yoast SEO Premium plugin. -->","yoast_head_json":{"title":"Club Backroom Glory Holes Sling Croix de st Andr\u00e9 Paris - Atlantide Sauna","description":"All sexual sensibilities in a warm atmosphere. A libertine sauna where mixity, respect and conviviality reign.","robots":{"index":"index","follow":"follow","max-snippet":"max-snippet:-1","max-image-preview":"max-image-preview:large","max-video-preview":"max-video-preview:-1"},"canonical":"https:\/\/atlantide-sauna.com\/en\/sauna-hammam\/club-backroom-glory-holes-sling-croix-de-st-andre-paris\/","og_locale":"en_US","og_type":"article","og_title":"Club Backroom Glory Holes Sling Croix de st Andr\u00e9 Paris","og_description":"All sexual sensibilities in a warm atmosphere. A libertine sauna where mixity, respect and conviviality reign.","og_url":"https:\/\/atlantide-sauna.com\/en\/sauna-hammam\/club-backroom-glory-holes-sling-croix-de-st-andre-paris\/","og_site_name":"Atlantide Sauna","article_publisher":"https:\/\/www.facebook.com\/profile.php?id=100082829877238","og_image":[{"width":1440,"height":810,"url":"https:\/\/atlantide-sauna.com\/wp-content\/uploads\/2025\/06\/ASH_IMG2025_014-1.jpg","type":"image\/jpeg"}],"twitter_card":"summary_large_image","twitter_site":"@atlantidesauna","twitter_misc":{"Est. reading time":"2 minutes"},"schema":{"@context":"https:\/\/schema.org","@graph":[{"@type":"WebPage","@id":"https:\/\/atlantide-sauna.com\/en\/sauna-hammam\/club-backroom-glory-holes-sling-croix-de-st-andre-paris\/","url":"https:\/\/atlantide-sauna.com\/en\/sauna-hammam\/club-backroom-glory-holes-sling-croix-de-st-andre-paris\/","name":"Club Backroom Glory Holes Sling Croix de st Andr\u00e9 Paris - Atlantide Sauna","isPartOf":{"@id":"https:\/\/atlantide-sauna.com\/en\/#website"},"primaryImageOfPage":{"@id":"https:\/\/atlantide-sauna.com\/en\/sauna-hammam\/club-backroom-glory-holes-sling-croix-de-st-andre-paris\/#primaryimage"},"image":{"@id":"https:\/\/atlantide-sauna.com\/en\/sauna-hammam\/club-backroom-glory-holes-sling-croix-de-st-andre-paris\/#primaryimage"},"thumbnailUrl":"https:\/\/i0.wp.com\/atlantide-sauna.com\/wp-content\/uploads\/2025\/06\/ASH_IMG2025_014-1.jpg?fit=1440%2C810&ssl=1","datePublished":"2025-05-22T17:19:41+00:00","description":"All sexual sensibilities in a warm atmosphere. A libertine sauna where mixity, respect and conviviality reign.","breadcrumb":{"@id":"https:\/\/atlantide-sauna.com\/en\/sauna-hammam\/club-backroom-glory-holes-sling-croix-de-st-andre-paris\/#breadcrumb"},"inLanguage":"en-US","potentialAction":[{"@type":"ReadAction","target":["https:\/\/atlantide-sauna.com\/en\/sauna-hammam\/club-backroom-glory-holes-sling-croix-de-st-andre-paris\/"]}]},{"@type":"ImageObject","inLanguage":"en-US","@id":"https:\/\/atlantide-sauna.com\/en\/sauna-hammam\/club-backroom-glory-holes-sling-croix-de-st-andre-paris\/#primaryimage","url":"https:\/\/i0.wp.com\/atlantide-sauna.com\/wp-content\/uploads\/2025\/06\/ASH_IMG2025_014-1.jpg?fit=1440%2C810&ssl=1","contentUrl":"https:\/\/i0.wp.com\/atlantide-sauna.com\/wp-content\/uploads\/2025\/06\/ASH_IMG2025_014-1.jpg?fit=1440%2C810&ssl=1","width":1440,"height":810,"caption":"Sling Backroom Croix de St Andr\u00e9"},{"@type":"BreadcrumbList","@id":"https:\/\/atlantide-sauna.com\/en\/sauna-hammam\/club-backroom-glory-holes-sling-croix-de-st-andre-paris\/#breadcrumb","itemListElement":[{"@type":"ListItem","position":1,"name":"Accueil","item":"https:\/\/atlantide-sauna.com\/en\/home\/"},{"@type":"ListItem","position":2,"name":"Sauna Hammam","item":"https:\/\/atlantide-sauna.com\/en\/decouvrez-notre-sauna-hammam-a-paris\/"},{"@type":"ListItem","position":3,"name":"Club Backroom Glory Holes Sling Croix de st Andr\u00e9 Paris"}]},{"@type":"WebSite","@id":"https:\/\/atlantide-sauna.com\/en\/#website","url":"https:\/\/atlantide-sauna.com\/en\/","name":"Atlantide Sauna","description":"Sauna Toutes Tendances Gay Bi Tr**","publisher":{"@id":"https:\/\/atlantide-sauna.com\/en\/#organization"},"alternateName":"Club libertin Atlantide Sauna Paris","potentialAction":[{"@type":"SearchAction","target":{"@type":"EntryPoint","urlTemplate":"https:\/\/atlantide-sauna.com\/en\/?s={search_term_string}"},"query-input":{"@type":"PropertyValueSpecification","valueRequired":true,"valueName":"search_term_string"}}],"inLanguage":"en-US"},{"@type":"Organization","@id":"https:\/\/atlantide-sauna.com\/en\/#organization","name":"ATLANTIDE SAUNA HAMMAM","alternateName":"ATLANTIDE SAUNA HAMMAM","url":"https:\/\/atlantide-sauna.com\/en\/","logo":{"@type":"ImageObject","inLanguage":"en-US","@id":"https:\/\/atlantide-sauna.com\/en\/#\/schema\/logo\/image\/","url":"https:\/\/atlantide-sauna.com\/wp-content\/uploads\/2025\/05\/ash_logo_2025_01.svg","contentUrl":"https:\/\/atlantide-sauna.com\/wp-content\/uploads\/2025\/05\/ash_logo_2025_01.svg","width":1,"height":1,"caption":"ATLANTIDE SAUNA HAMMAM"},"image":{"@id":"https:\/\/atlantide-sauna.com\/en\/#\/schema\/logo\/image\/"},"sameAs":["https:\/\/www.facebook.com\/profile.php?id=100082829877238","https:\/\/x.com\/atlantidesauna"],"description":"Sauna hammam toutes tendances. Un espace de libert\u00e9, de mixit\u00e9 et de tol\u00e9rance. Chez Atlantide Sauna vous trouverez les conditions id\u00e9ales pour vos rencontres libertines.","email":"infos@atlantide-sauna.com","telephone":"0143422243","legalName":"ATLANTIDE SAUNA HAMMAM","foundingDate":"1999-08-09","vatID":"FR39423920370","taxID":"42392037000016","numberOfEmployees":{"@type":"QuantitativeValue","minValue":"1","maxValue":"10"}}]}},"jetpack_sharing_enabled":true,"_links":{"self":[{"href":"https:\/\/atlantide-sauna.com\/en\/wp-json\/wp\/v2\/pages\/4786","targetHints":{"allow":["GET"]}}],"collection":[{"href":"https:\/\/atlantide-sauna.com\/en\/wp-json\/wp\/v2\/pages"}],"about":[{"href":"https:\/\/atlantide-sauna.com\/en\/wp-json\/wp\/v2\/types\/page"}],"author":[{"embeddable":true,"href":"https:\/\/atlantide-sauna.com\/en\/wp-json\/wp\/v2\/users\/4"}],"replies":[{"embeddable":true,"href":"https:\/\/atlantide-sauna.com\/en\/wp-json\/wp\/v2\/comments?post=4786"}],"version-history":[{"count":0,"href":"https:\/\/atlantide-sauna.com\/en\/wp-json\/wp\/v2\/pages\/4786\/revisions"}],"up":[{"embeddable":true,"href":"https:\/\/atlantide-sauna.com\/en\/wp-json\/wp\/v2\/pages\/1099"}],"wp:featuredmedia":[{"embeddable":true,"href":"https:\/\/atlantide-sauna.com\/en\/wp-json\/wp\/v2\/media\/4358"}],"wp:attachment":[{"href":"https:\/\/atlantide-sauna.com\/en\/wp-json\/wp\/v2\/media?parent=4786"}],"curies":[{"name":"wp","href":"https:\/\/api.w.org\/{rel}","templated":true}]}}