{"id":4798,"date":"2025-05-22T19:19:38","date_gmt":"2025-05-22T17:19:38","guid":{"rendered":"https:\/\/atlantide-sauna.com\/sauna-hammam\/tolerance-and-ethics-for-libertines\/"},"modified":"2025-05-22T19:19:38","modified_gmt":"2025-05-22T17:19:38","slug":"tolerance-and-ethics-for-libertines","status":"publish","type":"page","link":"https:\/\/atlantide-sauna.com\/en\/sauna-hammam\/tolerance-and-ethics-for-libertines\/","title":{"rendered":"Tolerance and ethics for libertines"},"content":{"rendered":"<h3>L&#8217;Atlantide Sauna: tolerance and ethics for libertines<\/h3>\n<p class=\"chapo\">At Atlantide Sauna Paris 12, you&#8217;ll find the ideal conditions for your libertine encounters. Relax in the bar, steam room or sauna, in a friendly, pansexual atmosphere. Private or collective relaxation areas are at your disposal to give free rein to your senses!  <\/p>\n<p>L&#8217;Atlantide Sauna welcomes, exclusively in Paris, men and women, curious heteros, bisexes or homos for naughty encounters in the spirit and tradition of libertinage. Courtesy and tolerance are the dominant virtues of our club. <\/p>\n<h3>Discover our relaxation cabins: where pleasure meets boldness!<\/h3>\n<p>If you&#8217;re looking for a place to practice in a relaxed and stimulating atmosphere, look no further! Our relaxation cabins are there to welcome you in a unique setting that combines comfort and thrills. Whether you&#8217;re a novice or an expert, our facilities are sure to awaken your senses.  <\/p>\n<p>Imagine yourself in a cabin equipped with one-way mirrors. Yes, you heard me right! These mirrors provide a fascinating exhibitionist experience, where you can indulge your fantasies while remaining anonymous. The idea is to spice up your escapade while respecting everyone&#8217;s privacy. After all, who doesn&#8217;t like a little thrill?    <\/p>\n<p>For those in search of even more intense sensations, we&#8217;ve got equipment specially designed for bondage. You can explore the pleasures of leather with our handcuffs, St. Andrew&#8217;s crosses and leather slings. Everything is designed to arouse your desires while guaranteeing your safety. Leave your inhibitions behind and let yourself be carried away by the excitement!   <\/p>\n<p>Of course, we know that such an experience has to be carried out in the best possible conditions. That&#8217;s why hygiene is our fundamental principle. Each cabin is scrupulously cleaned and disinfected after each use, so you can enjoy your moment without a care in the world. Your comfort and safety are our top priorities!   <\/p>\n<p>So, are you ready to take the plunge? Whether you come alone or accompanied, our relaxation cabins promise you an unforgettable experience. Live out your fantasies, explore new possibilities and let yourself be carried away by the spirit of discovery. We look forward to seeing you!   <\/p>\n<h3 id=\"nl\">Other searches: <a href=\"https:\/\/atlantide-sauna.com\/index.php\/2014\/12\/03\/club-echangiste-gay-a-paris\/\">Club echangiste gay a paris<\/a>, <a href=\"https:\/\/atlantide-sauna.com\/index.php\/2014\/12\/03\/sauna-bisexuel-paris-12\/\">Sauna bisexual paris<\/a>, <a href=\"https:\/\/atlantide-sauna.com\/index.php\/2014\/12\/03\/plan-q-libertins-a-paris-12\/\">Jacuzzi libertin<\/a>.<\/h3>\n","protected":false},"excerpt":{"rendered":"<p>L&#8217;Atlantide Sauna: tolerance and ethics for libertines At Atlantide Sauna Paris 12, you&#8217;ll find the ideal conditions for your libertine encounters. Relax in the bar, steam room or sauna, in a friendly, pansexual atmosphere. Private or collective relaxation areas are at your disposal to give free rein to your senses! L&#8217;Atlantide Sauna welcomes, exclusively in [&hellip;]<\/p>\n","protected":false},"author":4,"featured_media":270,"parent":1099,"menu_order":0,"comment_status":"closed","ping_status":"closed","template":"","meta":{"footnotes":""},"class_list":["post-4798","page","type-page","status-publish","has-post-thumbnail","hentry"],"yoast_head":"<!-- This site is optimized with the Yoast SEO Premium plugin v27.5 (Yoast SEO v27.5) - https:\/\/yoast.com\/product\/yoast-seo-premium-wordpress\/ -->\n<title>Tolerance and ethics for libertines - Atlantide Sauna<\/title>\n<meta name=\"description\" content=\"Get down to business in our relaxation cabins, equipped with one-way mirrors for exhibitionism.\" \/>\n<meta name=\"robots\" content=\"index, follow, max-snippet:-1, max-image-preview:large, max-video-preview:-1\" \/>\n<link rel=\"canonical\" href=\"https:\/\/atlantide-sauna.com\/en\/sauna-hammam\/tolerance-and-ethics-for-libertines\/\" \/>\n<meta property=\"og:locale\" content=\"en_US\" \/>\n<meta property=\"og:type\" content=\"article\" \/>\n<meta property=\"og:title\" content=\"Tolerance and ethics for libertines\" \/>\n<meta property=\"og:description\" content=\"Get down to business in our relaxation cabins, equipped with one-way mirrors for exhibitionism.\" \/>\n<meta property=\"og:url\" content=\"https:\/\/atlantide-sauna.com\/en\/sauna-hammam\/tolerance-and-ethics-for-libertines\/\" \/>\n<meta property=\"og:site_name\" content=\"Atlantide Sauna\" \/>\n<meta property=\"article:publisher\" content=\"https:\/\/www.facebook.com\/profile.php?id=100082829877238\" \/>\n<meta property=\"og:image\" content=\"https:\/\/atlantide-sauna.com\/wp-content\/uploads\/2021\/11\/ASH_IMG2023_09.jpg\" \/>\n\t<meta property=\"og:image:width\" content=\"1920\" \/>\n\t<meta property=\"og:image:height\" content=\"1080\" \/>\n\t<meta property=\"og:image:type\" content=\"image\/jpeg\" \/>\n<meta name=\"twitter:card\" content=\"summary_large_image\" \/>\n<meta name=\"twitter:site\" content=\"@atlantidesauna\" \/>\n<meta name=\"twitter:label1\" content=\"Est. reading time\" \/>\n\t<meta name=\"twitter:data1\" content=\"2 minutes\" \/>\n<script type=\"application\/ld+json\" class=\"yoast-schema-graph\">{\"@context\":\"https:\\\/\\\/schema.org\",\"@graph\":[{\"@type\":\"WebPage\",\"@id\":\"https:\\\/\\\/atlantide-sauna.com\\\/en\\\/sauna-hammam\\\/tolerance-and-ethics-for-libertines\\\/\",\"url\":\"https:\\\/\\\/atlantide-sauna.com\\\/en\\\/sauna-hammam\\\/tolerance-and-ethics-for-libertines\\\/\",\"name\":\"Tolerance and ethics for libertines - Atlantide Sauna\",\"isPartOf\":{\"@id\":\"https:\\\/\\\/atlantide-sauna.com\\\/en\\\/#website\"},\"primaryImageOfPage\":{\"@id\":\"https:\\\/\\\/atlantide-sauna.com\\\/en\\\/sauna-hammam\\\/tolerance-and-ethics-for-libertines\\\/#primaryimage\"},\"image\":{\"@id\":\"https:\\\/\\\/atlantide-sauna.com\\\/en\\\/sauna-hammam\\\/tolerance-and-ethics-for-libertines\\\/#primaryimage\"},\"thumbnailUrl\":\"https:\\\/\\\/i0.wp.com\\\/atlantide-sauna.com\\\/wp-content\\\/uploads\\\/2021\\\/11\\\/ASH_IMG2023_09.jpg?fit=1920%2C1080&ssl=1\",\"datePublished\":\"2025-05-22T17:19:38+00:00\",\"description\":\"Get down to business in our relaxation cabins, equipped with one-way mirrors for exhibitionism.\",\"breadcrumb\":{\"@id\":\"https:\\\/\\\/atlantide-sauna.com\\\/en\\\/sauna-hammam\\\/tolerance-and-ethics-for-libertines\\\/#breadcrumb\"},\"inLanguage\":\"en-US\",\"potentialAction\":[{\"@type\":\"ReadAction\",\"target\":[\"https:\\\/\\\/atlantide-sauna.com\\\/en\\\/sauna-hammam\\\/tolerance-and-ethics-for-libertines\\\/\"]}]},{\"@type\":\"ImageObject\",\"inLanguage\":\"en-US\",\"@id\":\"https:\\\/\\\/atlantide-sauna.com\\\/en\\\/sauna-hammam\\\/tolerance-and-ethics-for-libertines\\\/#primaryimage\",\"url\":\"https:\\\/\\\/i0.wp.com\\\/atlantide-sauna.com\\\/wp-content\\\/uploads\\\/2021\\\/11\\\/ASH_IMG2023_09.jpg?fit=1920%2C1080&ssl=1\",\"contentUrl\":\"https:\\\/\\\/i0.wp.com\\\/atlantide-sauna.com\\\/wp-content\\\/uploads\\\/2021\\\/11\\\/ASH_IMG2023_09.jpg?fit=1920%2C1080&ssl=1\",\"width\":1920,\"height\":1080},{\"@type\":\"BreadcrumbList\",\"@id\":\"https:\\\/\\\/atlantide-sauna.com\\\/en\\\/sauna-hammam\\\/tolerance-and-ethics-for-libertines\\\/#breadcrumb\",\"itemListElement\":[{\"@type\":\"ListItem\",\"position\":1,\"name\":\"Accueil\",\"item\":\"https:\\\/\\\/atlantide-sauna.com\\\/en\\\/home\\\/\"},{\"@type\":\"ListItem\",\"position\":2,\"name\":\"Sauna Hammam\",\"item\":\"https:\\\/\\\/atlantide-sauna.com\\\/en\\\/decouvrez-notre-sauna-hammam-a-paris\\\/\"},{\"@type\":\"ListItem\",\"position\":3,\"name\":\"Tolerance and ethics for libertines\"}]},{\"@type\":\"WebSite\",\"@id\":\"https:\\\/\\\/atlantide-sauna.com\\\/en\\\/#website\",\"url\":\"https:\\\/\\\/atlantide-sauna.com\\\/en\\\/\",\"name\":\"Atlantide Sauna\",\"description\":\"Sauna Toutes Tendances Gay Bi Tr**\",\"publisher\":{\"@id\":\"https:\\\/\\\/atlantide-sauna.com\\\/en\\\/#organization\"},\"alternateName\":\"Club libertin Atlantide Sauna Paris\",\"potentialAction\":[{\"@type\":\"SearchAction\",\"target\":{\"@type\":\"EntryPoint\",\"urlTemplate\":\"https:\\\/\\\/atlantide-sauna.com\\\/en\\\/?s={search_term_string}\"},\"query-input\":{\"@type\":\"PropertyValueSpecification\",\"valueRequired\":true,\"valueName\":\"search_term_string\"}}],\"inLanguage\":\"en-US\"},{\"@type\":\"Organization\",\"@id\":\"https:\\\/\\\/atlantide-sauna.com\\\/en\\\/#organization\",\"name\":\"ATLANTIDE SAUNA HAMMAM\",\"alternateName\":\"ATLANTIDE SAUNA HAMMAM\",\"url\":\"https:\\\/\\\/atlantide-sauna.com\\\/en\\\/\",\"logo\":{\"@type\":\"ImageObject\",\"inLanguage\":\"en-US\",\"@id\":\"https:\\\/\\\/atlantide-sauna.com\\\/en\\\/#\\\/schema\\\/logo\\\/image\\\/\",\"url\":\"https:\\\/\\\/atlantide-sauna.com\\\/wp-content\\\/uploads\\\/2025\\\/05\\\/ash_logo_2025_01.svg\",\"contentUrl\":\"https:\\\/\\\/atlantide-sauna.com\\\/wp-content\\\/uploads\\\/2025\\\/05\\\/ash_logo_2025_01.svg\",\"width\":1,\"height\":1,\"caption\":\"ATLANTIDE SAUNA HAMMAM\"},\"image\":{\"@id\":\"https:\\\/\\\/atlantide-sauna.com\\\/en\\\/#\\\/schema\\\/logo\\\/image\\\/\"},\"sameAs\":[\"https:\\\/\\\/www.facebook.com\\\/profile.php?id=100082829877238\",\"https:\\\/\\\/x.com\\\/atlantidesauna\"],\"description\":\"Sauna hammam toutes tendances. Un espace de libert\u00e9, de mixit\u00e9 et de tol\u00e9rance. Chez Atlantide Sauna vous trouverez les conditions id\u00e9ales pour vos rencontres libertines.\",\"email\":\"infos@atlantide-sauna.com\",\"telephone\":\"0143422243\",\"legalName\":\"ATLANTIDE SAUNA HAMMAM\",\"foundingDate\":\"1999-08-09\",\"vatID\":\"FR39423920370\",\"taxID\":\"42392037000016\",\"numberOfEmployees\":{\"@type\":\"QuantitativeValue\",\"minValue\":\"1\",\"maxValue\":\"10\"}}]}<\/script>\n<!-- \/ Yoast SEO Premium plugin. -->","yoast_head_json":{"title":"Tolerance and ethics for libertines - Atlantide Sauna","description":"Get down to business in our relaxation cabins, equipped with one-way mirrors for exhibitionism.","robots":{"index":"index","follow":"follow","max-snippet":"max-snippet:-1","max-image-preview":"max-image-preview:large","max-video-preview":"max-video-preview:-1"},"canonical":"https:\/\/atlantide-sauna.com\/en\/sauna-hammam\/tolerance-and-ethics-for-libertines\/","og_locale":"en_US","og_type":"article","og_title":"Tolerance and ethics for libertines","og_description":"Get down to business in our relaxation cabins, equipped with one-way mirrors for exhibitionism.","og_url":"https:\/\/atlantide-sauna.com\/en\/sauna-hammam\/tolerance-and-ethics-for-libertines\/","og_site_name":"Atlantide Sauna","article_publisher":"https:\/\/www.facebook.com\/profile.php?id=100082829877238","og_image":[{"width":1920,"height":1080,"url":"https:\/\/atlantide-sauna.com\/wp-content\/uploads\/2021\/11\/ASH_IMG2023_09.jpg","type":"image\/jpeg"}],"twitter_card":"summary_large_image","twitter_site":"@atlantidesauna","twitter_misc":{"Est. reading time":"2 minutes"},"schema":{"@context":"https:\/\/schema.org","@graph":[{"@type":"WebPage","@id":"https:\/\/atlantide-sauna.com\/en\/sauna-hammam\/tolerance-and-ethics-for-libertines\/","url":"https:\/\/atlantide-sauna.com\/en\/sauna-hammam\/tolerance-and-ethics-for-libertines\/","name":"Tolerance and ethics for libertines - Atlantide Sauna","isPartOf":{"@id":"https:\/\/atlantide-sauna.com\/en\/#website"},"primaryImageOfPage":{"@id":"https:\/\/atlantide-sauna.com\/en\/sauna-hammam\/tolerance-and-ethics-for-libertines\/#primaryimage"},"image":{"@id":"https:\/\/atlantide-sauna.com\/en\/sauna-hammam\/tolerance-and-ethics-for-libertines\/#primaryimage"},"thumbnailUrl":"https:\/\/i0.wp.com\/atlantide-sauna.com\/wp-content\/uploads\/2021\/11\/ASH_IMG2023_09.jpg?fit=1920%2C1080&ssl=1","datePublished":"2025-05-22T17:19:38+00:00","description":"Get down to business in our relaxation cabins, equipped with one-way mirrors for exhibitionism.","breadcrumb":{"@id":"https:\/\/atlantide-sauna.com\/en\/sauna-hammam\/tolerance-and-ethics-for-libertines\/#breadcrumb"},"inLanguage":"en-US","potentialAction":[{"@type":"ReadAction","target":["https:\/\/atlantide-sauna.com\/en\/sauna-hammam\/tolerance-and-ethics-for-libertines\/"]}]},{"@type":"ImageObject","inLanguage":"en-US","@id":"https:\/\/atlantide-sauna.com\/en\/sauna-hammam\/tolerance-and-ethics-for-libertines\/#primaryimage","url":"https:\/\/i0.wp.com\/atlantide-sauna.com\/wp-content\/uploads\/2021\/11\/ASH_IMG2023_09.jpg?fit=1920%2C1080&ssl=1","contentUrl":"https:\/\/i0.wp.com\/atlantide-sauna.com\/wp-content\/uploads\/2021\/11\/ASH_IMG2023_09.jpg?fit=1920%2C1080&ssl=1","width":1920,"height":1080},{"@type":"BreadcrumbList","@id":"https:\/\/atlantide-sauna.com\/en\/sauna-hammam\/tolerance-and-ethics-for-libertines\/#breadcrumb","itemListElement":[{"@type":"ListItem","position":1,"name":"Accueil","item":"https:\/\/atlantide-sauna.com\/en\/home\/"},{"@type":"ListItem","position":2,"name":"Sauna Hammam","item":"https:\/\/atlantide-sauna.com\/en\/decouvrez-notre-sauna-hammam-a-paris\/"},{"@type":"ListItem","position":3,"name":"Tolerance and ethics for libertines"}]},{"@type":"WebSite","@id":"https:\/\/atlantide-sauna.com\/en\/#website","url":"https:\/\/atlantide-sauna.com\/en\/","name":"Atlantide Sauna","description":"Sauna Toutes Tendances Gay Bi Tr**","publisher":{"@id":"https:\/\/atlantide-sauna.com\/en\/#organization"},"alternateName":"Club libertin Atlantide Sauna Paris","potentialAction":[{"@type":"SearchAction","target":{"@type":"EntryPoint","urlTemplate":"https:\/\/atlantide-sauna.com\/en\/?s={search_term_string}"},"query-input":{"@type":"PropertyValueSpecification","valueRequired":true,"valueName":"search_term_string"}}],"inLanguage":"en-US"},{"@type":"Organization","@id":"https:\/\/atlantide-sauna.com\/en\/#organization","name":"ATLANTIDE SAUNA HAMMAM","alternateName":"ATLANTIDE SAUNA HAMMAM","url":"https:\/\/atlantide-sauna.com\/en\/","logo":{"@type":"ImageObject","inLanguage":"en-US","@id":"https:\/\/atlantide-sauna.com\/en\/#\/schema\/logo\/image\/","url":"https:\/\/atlantide-sauna.com\/wp-content\/uploads\/2025\/05\/ash_logo_2025_01.svg","contentUrl":"https:\/\/atlantide-sauna.com\/wp-content\/uploads\/2025\/05\/ash_logo_2025_01.svg","width":1,"height":1,"caption":"ATLANTIDE SAUNA HAMMAM"},"image":{"@id":"https:\/\/atlantide-sauna.com\/en\/#\/schema\/logo\/image\/"},"sameAs":["https:\/\/www.facebook.com\/profile.php?id=100082829877238","https:\/\/x.com\/atlantidesauna"],"description":"Sauna hammam toutes tendances. Un espace de libert\u00e9, de mixit\u00e9 et de tol\u00e9rance. Chez Atlantide Sauna vous trouverez les conditions id\u00e9ales pour vos rencontres libertines.","email":"infos@atlantide-sauna.com","telephone":"0143422243","legalName":"ATLANTIDE SAUNA HAMMAM","foundingDate":"1999-08-09","vatID":"FR39423920370","taxID":"42392037000016","numberOfEmployees":{"@type":"QuantitativeValue","minValue":"1","maxValue":"10"}}]}},"jetpack_sharing_enabled":true,"_links":{"self":[{"href":"https:\/\/atlantide-sauna.com\/en\/wp-json\/wp\/v2\/pages\/4798","targetHints":{"allow":["GET"]}}],"collection":[{"href":"https:\/\/atlantide-sauna.com\/en\/wp-json\/wp\/v2\/pages"}],"about":[{"href":"https:\/\/atlantide-sauna.com\/en\/wp-json\/wp\/v2\/types\/page"}],"author":[{"embeddable":true,"href":"https:\/\/atlantide-sauna.com\/en\/wp-json\/wp\/v2\/users\/4"}],"replies":[{"embeddable":true,"href":"https:\/\/atlantide-sauna.com\/en\/wp-json\/wp\/v2\/comments?post=4798"}],"version-history":[{"count":0,"href":"https:\/\/atlantide-sauna.com\/en\/wp-json\/wp\/v2\/pages\/4798\/revisions"}],"up":[{"embeddable":true,"href":"https:\/\/atlantide-sauna.com\/en\/wp-json\/wp\/v2\/pages\/1099"}],"wp:featuredmedia":[{"embeddable":true,"href":"https:\/\/atlantide-sauna.com\/en\/wp-json\/wp\/v2\/media\/270"}],"wp:attachment":[{"href":"https:\/\/atlantide-sauna.com\/en\/wp-json\/wp\/v2\/media?parent=4798"}],"curies":[{"name":"wp","href":"https:\/\/api.w.org\/{rel}","templated":true}]}}