{"id":4861,"date":"2025-05-22T19:19:44","date_gmt":"2025-05-22T17:19:44","guid":{"rendered":"https:\/\/atlantide-sauna.com\/sauna-hammam\/rencontre-coquines-paris-12\/"},"modified":"2025-05-22T19:19:44","modified_gmt":"2025-05-22T17:19:44","slug":"rencontre-coquines-paris-12","status":"publish","type":"page","link":"https:\/\/atlantide-sauna.com\/en\/sauna-hammam\/rencontre-coquines-paris-12\/","title":{"rendered":"Rencontre coquines Paris 12"},"content":{"rendered":"<h1>Rencontre coquines Paris 12<\/h1>\n<p class=\"chapo\">If you&#8217;re into pansexual libertinism and candaulism, you now have a place to meet in Paris near the Gare de Lyon: Atlantide Sauna. Open 7\/7, we are a mixed sauna hammam where courtesy and tolerance are the rule. In our libertine sex club, you&#8217;ll enjoy a hushed, perfumed atmosphere.  <\/p>\n<p id=\"cta\">Learn more about : <a href=\"http:\/\/www.atlantide-sauna.com\/\">Rencontre coquines<\/a><\/p>\n<p>L&#8217;Atlantide Sauna has the particularity of welcoming, in the East of Paris, all those who make sexuality an art of living, without distinction of orientation or practice. Tolerance is our watchword, as curious heterosexual encounters as well as gay or transsexual encounters are equally welcome. Our private club is also governed by delicacy and correctness.  <\/p>\n<h2>L&#8217;Atlantide Sauna: a place of libertinage, tolerance and savoir vivre.<\/h2>\n<p>L&#8217;Atlantide Sauna in Paris is the ideal setting for your pansexual and candaulist swinger encounters. You&#8217;ll find a warm, elegant atmosphere conducive to intimate exchanges. For your approach and your lovemaking, you can choose between the relaxing hammam, the sauna or the collective video lounges.  <\/p>\n<p id=\"nl\">Other searches: <a href=\"http:\/\/www.atlantide-sauna.com\/sauna-hammam\/club-sauna-melangiste-paris\">Club sauna m\u00e9langiste Paris<\/a>, <a href=\"http:\/\/www.atlantide-sauna.com\/sauna-hammam\/jacuzzi-libertin\">Jacuzzi libertin<\/a>, <a href=\"http:\/\/www.atlantide-sauna.com\/sauna-hammam\/sauna-region-parisienne\">Sauna Paris Region<\/a>.<\/p>\n","protected":false},"excerpt":{"rendered":"<p>Rencontre coquines Paris 12 If you&#8217;re into pansexual libertinism and candaulism, you now have a place to meet in Paris near the Gare de Lyon: Atlantide Sauna. Open 7\/7, we are a mixed sauna hammam where courtesy and tolerance are the rule. In our libertine sex club, you&#8217;ll enjoy a hushed, perfumed atmosphere. Learn more [&hellip;]<\/p>\n","protected":false},"author":4,"featured_media":0,"parent":1099,"menu_order":26,"comment_status":"closed","ping_status":"closed","template":"","meta":{"footnotes":""},"class_list":["post-4861","page","type-page","status-publish","hentry"],"yoast_head":"<!-- This site is optimized with the Yoast SEO Premium plugin v27.5 (Yoast SEO v27.5) - https:\/\/yoast.com\/product\/yoast-seo-premium-wordpress\/ -->\n<title>Rencontre coquines Paris 12 - Atlantide Sauna<\/title>\n<meta name=\"robots\" content=\"index, follow, max-snippet:-1, max-image-preview:large, max-video-preview:-1\" \/>\n<link rel=\"canonical\" href=\"https:\/\/atlantide-sauna.com\/en\/sauna-hammam\/rencontre-coquines-paris-12\/\" \/>\n<meta property=\"og:locale\" content=\"en_US\" \/>\n<meta property=\"og:type\" content=\"article\" \/>\n<meta property=\"og:title\" content=\"Rencontre coquines Paris 12\" \/>\n<meta property=\"og:description\" content=\"Rencontre coquines Paris 12 If you&#8217;re into pansexual libertinism and candaulism, you now have a place to meet in Paris near the Gare de Lyon: Atlantide Sauna. Open 7\/7, we are a mixed sauna hammam where courtesy and tolerance are the rule. In our libertine sex club, you&#8217;ll enjoy a hushed, perfumed atmosphere. Learn more [&hellip;]\" \/>\n<meta property=\"og:url\" content=\"https:\/\/atlantide-sauna.com\/en\/sauna-hammam\/rencontre-coquines-paris-12\/\" \/>\n<meta property=\"og:site_name\" content=\"Atlantide Sauna\" \/>\n<meta property=\"article:publisher\" content=\"https:\/\/www.facebook.com\/profile.php?id=100082829877238\" \/>\n<meta property=\"og:image\" content=\"https:\/\/i0.wp.com\/atlantide-sauna.com\/wp-content\/uploads\/2025\/06\/ASH_IMG2025_000.jpg?fit=1440%2C810&ssl=1\" \/>\n\t<meta property=\"og:image:width\" content=\"1440\" \/>\n\t<meta property=\"og:image:height\" content=\"810\" \/>\n\t<meta property=\"og:image:type\" content=\"image\/jpeg\" \/>\n<meta name=\"twitter:card\" content=\"summary_large_image\" \/>\n<meta name=\"twitter:site\" content=\"@atlantidesauna\" \/>\n<meta name=\"twitter:label1\" content=\"Est. reading time\" \/>\n\t<meta name=\"twitter:data1\" content=\"1 minute\" \/>\n<script type=\"application\/ld+json\" class=\"yoast-schema-graph\">{\"@context\":\"https:\\\/\\\/schema.org\",\"@graph\":[{\"@type\":\"WebPage\",\"@id\":\"https:\\\/\\\/atlantide-sauna.com\\\/en\\\/sauna-hammam\\\/rencontre-coquines-paris-12\\\/\",\"url\":\"https:\\\/\\\/atlantide-sauna.com\\\/en\\\/sauna-hammam\\\/rencontre-coquines-paris-12\\\/\",\"name\":\"Rencontre coquines Paris 12 - Atlantide Sauna\",\"isPartOf\":{\"@id\":\"https:\\\/\\\/atlantide-sauna.com\\\/en\\\/#website\"},\"datePublished\":\"2025-05-22T17:19:44+00:00\",\"breadcrumb\":{\"@id\":\"https:\\\/\\\/atlantide-sauna.com\\\/en\\\/sauna-hammam\\\/rencontre-coquines-paris-12\\\/#breadcrumb\"},\"inLanguage\":\"en-US\",\"potentialAction\":[{\"@type\":\"ReadAction\",\"target\":[\"https:\\\/\\\/atlantide-sauna.com\\\/en\\\/sauna-hammam\\\/rencontre-coquines-paris-12\\\/\"]}]},{\"@type\":\"BreadcrumbList\",\"@id\":\"https:\\\/\\\/atlantide-sauna.com\\\/en\\\/sauna-hammam\\\/rencontre-coquines-paris-12\\\/#breadcrumb\",\"itemListElement\":[{\"@type\":\"ListItem\",\"position\":1,\"name\":\"Accueil\",\"item\":\"https:\\\/\\\/atlantide-sauna.com\\\/en\\\/home\\\/\"},{\"@type\":\"ListItem\",\"position\":2,\"name\":\"Sauna Hammam\",\"item\":\"https:\\\/\\\/atlantide-sauna.com\\\/en\\\/decouvrez-notre-sauna-hammam-a-paris\\\/\"},{\"@type\":\"ListItem\",\"position\":3,\"name\":\"Rencontre coquines Paris 12\"}]},{\"@type\":\"WebSite\",\"@id\":\"https:\\\/\\\/atlantide-sauna.com\\\/en\\\/#website\",\"url\":\"https:\\\/\\\/atlantide-sauna.com\\\/en\\\/\",\"name\":\"Atlantide Sauna\",\"description\":\"Sauna Toutes Tendances Gay Bi Tr**\",\"publisher\":{\"@id\":\"https:\\\/\\\/atlantide-sauna.com\\\/en\\\/#organization\"},\"alternateName\":\"Club libertin Atlantide Sauna Paris\",\"potentialAction\":[{\"@type\":\"SearchAction\",\"target\":{\"@type\":\"EntryPoint\",\"urlTemplate\":\"https:\\\/\\\/atlantide-sauna.com\\\/en\\\/?s={search_term_string}\"},\"query-input\":{\"@type\":\"PropertyValueSpecification\",\"valueRequired\":true,\"valueName\":\"search_term_string\"}}],\"inLanguage\":\"en-US\"},{\"@type\":\"Organization\",\"@id\":\"https:\\\/\\\/atlantide-sauna.com\\\/en\\\/#organization\",\"name\":\"ATLANTIDE SAUNA HAMMAM\",\"alternateName\":\"ATLANTIDE SAUNA HAMMAM\",\"url\":\"https:\\\/\\\/atlantide-sauna.com\\\/en\\\/\",\"logo\":{\"@type\":\"ImageObject\",\"inLanguage\":\"en-US\",\"@id\":\"https:\\\/\\\/atlantide-sauna.com\\\/en\\\/#\\\/schema\\\/logo\\\/image\\\/\",\"url\":\"https:\\\/\\\/atlantide-sauna.com\\\/wp-content\\\/uploads\\\/2025\\\/05\\\/ash_logo_2025_01.svg\",\"contentUrl\":\"https:\\\/\\\/atlantide-sauna.com\\\/wp-content\\\/uploads\\\/2025\\\/05\\\/ash_logo_2025_01.svg\",\"width\":1,\"height\":1,\"caption\":\"ATLANTIDE SAUNA HAMMAM\"},\"image\":{\"@id\":\"https:\\\/\\\/atlantide-sauna.com\\\/en\\\/#\\\/schema\\\/logo\\\/image\\\/\"},\"sameAs\":[\"https:\\\/\\\/www.facebook.com\\\/profile.php?id=100082829877238\",\"https:\\\/\\\/x.com\\\/atlantidesauna\"],\"description\":\"Sauna hammam toutes tendances. Un espace de libert\u00e9, de mixit\u00e9 et de tol\u00e9rance. Chez Atlantide Sauna vous trouverez les conditions id\u00e9ales pour vos rencontres libertines.\",\"email\":\"infos@atlantide-sauna.com\",\"telephone\":\"0143422243\",\"legalName\":\"ATLANTIDE SAUNA HAMMAM\",\"foundingDate\":\"1999-08-09\",\"vatID\":\"FR39423920370\",\"taxID\":\"42392037000016\",\"numberOfEmployees\":{\"@type\":\"QuantitativeValue\",\"minValue\":\"1\",\"maxValue\":\"10\"}}]}<\/script>\n<!-- \/ Yoast SEO Premium plugin. -->","yoast_head_json":{"title":"Rencontre coquines Paris 12 - Atlantide Sauna","robots":{"index":"index","follow":"follow","max-snippet":"max-snippet:-1","max-image-preview":"max-image-preview:large","max-video-preview":"max-video-preview:-1"},"canonical":"https:\/\/atlantide-sauna.com\/en\/sauna-hammam\/rencontre-coquines-paris-12\/","og_locale":"en_US","og_type":"article","og_title":"Rencontre coquines Paris 12","og_description":"Rencontre coquines Paris 12 If you&#8217;re into pansexual libertinism and candaulism, you now have a place to meet in Paris near the Gare de Lyon: Atlantide Sauna. Open 7\/7, we are a mixed sauna hammam where courtesy and tolerance are the rule. In our libertine sex club, you&#8217;ll enjoy a hushed, perfumed atmosphere. Learn more [&hellip;]","og_url":"https:\/\/atlantide-sauna.com\/en\/sauna-hammam\/rencontre-coquines-paris-12\/","og_site_name":"Atlantide Sauna","article_publisher":"https:\/\/www.facebook.com\/profile.php?id=100082829877238","og_image":[{"width":1440,"height":810,"url":"https:\/\/i0.wp.com\/atlantide-sauna.com\/wp-content\/uploads\/2025\/06\/ASH_IMG2025_000.jpg?fit=1440%2C810&ssl=1","type":"image\/jpeg"}],"twitter_card":"summary_large_image","twitter_site":"@atlantidesauna","twitter_misc":{"Est. reading time":"1 minute"},"schema":{"@context":"https:\/\/schema.org","@graph":[{"@type":"WebPage","@id":"https:\/\/atlantide-sauna.com\/en\/sauna-hammam\/rencontre-coquines-paris-12\/","url":"https:\/\/atlantide-sauna.com\/en\/sauna-hammam\/rencontre-coquines-paris-12\/","name":"Rencontre coquines Paris 12 - Atlantide Sauna","isPartOf":{"@id":"https:\/\/atlantide-sauna.com\/en\/#website"},"datePublished":"2025-05-22T17:19:44+00:00","breadcrumb":{"@id":"https:\/\/atlantide-sauna.com\/en\/sauna-hammam\/rencontre-coquines-paris-12\/#breadcrumb"},"inLanguage":"en-US","potentialAction":[{"@type":"ReadAction","target":["https:\/\/atlantide-sauna.com\/en\/sauna-hammam\/rencontre-coquines-paris-12\/"]}]},{"@type":"BreadcrumbList","@id":"https:\/\/atlantide-sauna.com\/en\/sauna-hammam\/rencontre-coquines-paris-12\/#breadcrumb","itemListElement":[{"@type":"ListItem","position":1,"name":"Accueil","item":"https:\/\/atlantide-sauna.com\/en\/home\/"},{"@type":"ListItem","position":2,"name":"Sauna Hammam","item":"https:\/\/atlantide-sauna.com\/en\/decouvrez-notre-sauna-hammam-a-paris\/"},{"@type":"ListItem","position":3,"name":"Rencontre coquines Paris 12"}]},{"@type":"WebSite","@id":"https:\/\/atlantide-sauna.com\/en\/#website","url":"https:\/\/atlantide-sauna.com\/en\/","name":"Atlantide Sauna","description":"Sauna Toutes Tendances Gay Bi Tr**","publisher":{"@id":"https:\/\/atlantide-sauna.com\/en\/#organization"},"alternateName":"Club libertin Atlantide Sauna Paris","potentialAction":[{"@type":"SearchAction","target":{"@type":"EntryPoint","urlTemplate":"https:\/\/atlantide-sauna.com\/en\/?s={search_term_string}"},"query-input":{"@type":"PropertyValueSpecification","valueRequired":true,"valueName":"search_term_string"}}],"inLanguage":"en-US"},{"@type":"Organization","@id":"https:\/\/atlantide-sauna.com\/en\/#organization","name":"ATLANTIDE SAUNA HAMMAM","alternateName":"ATLANTIDE SAUNA HAMMAM","url":"https:\/\/atlantide-sauna.com\/en\/","logo":{"@type":"ImageObject","inLanguage":"en-US","@id":"https:\/\/atlantide-sauna.com\/en\/#\/schema\/logo\/image\/","url":"https:\/\/atlantide-sauna.com\/wp-content\/uploads\/2025\/05\/ash_logo_2025_01.svg","contentUrl":"https:\/\/atlantide-sauna.com\/wp-content\/uploads\/2025\/05\/ash_logo_2025_01.svg","width":1,"height":1,"caption":"ATLANTIDE SAUNA HAMMAM"},"image":{"@id":"https:\/\/atlantide-sauna.com\/en\/#\/schema\/logo\/image\/"},"sameAs":["https:\/\/www.facebook.com\/profile.php?id=100082829877238","https:\/\/x.com\/atlantidesauna"],"description":"Sauna hammam toutes tendances. Un espace de libert\u00e9, de mixit\u00e9 et de tol\u00e9rance. Chez Atlantide Sauna vous trouverez les conditions id\u00e9ales pour vos rencontres libertines.","email":"infos@atlantide-sauna.com","telephone":"0143422243","legalName":"ATLANTIDE SAUNA HAMMAM","foundingDate":"1999-08-09","vatID":"FR39423920370","taxID":"42392037000016","numberOfEmployees":{"@type":"QuantitativeValue","minValue":"1","maxValue":"10"}}]}},"jetpack-related-posts":[{"id":4857,"url":"https:\/\/atlantide-sauna.com\/en\/sauna-hammam\/libertine-club-reviews\/","url_meta":{"origin":4861,"position":0},"title":"Libertine club reviews","author":"Atlantide Sauna","date":"22\/05\/2025","format":false,"excerpt":"At l'Atlantide Sauna 13 rue Parrot near the Gare de Lyon, we do everything we can to promote your libertine encounters and booty calls. Private or group relaxation areas welcome you, not forgetting our top-of-the-range sauna or the tiled, scented hammam. To facilitate your encounters, bar, booths and pansexual video\u2026","rel":"","context":"In &quot;Sauna Hammam&quot;","block_context":{"text":"Sauna Hammam","link":"https:\/\/atlantide-sauna.com\/en\/category\/sauna-hammam-en\/"},"img":{"alt_text":"","src":"","width":0,"height":0},"classes":[]},{"id":4868,"url":"https:\/\/atlantide-sauna.com\/en\/sauna-hammam\/bisexual-and-transvestite-club-paris-near-gare-de-lyon\/","url_meta":{"origin":4861,"position":1},"title":"Bisexual and transvestite club Paris near Gare de Lyon","author":"Atlantide Sauna","date":"22\/05\/2025","format":false,"excerpt":"Bisexual and transvestite club in Paris 12 What makes Atlantide Sauna so special is that it's a libertine steam room in the heart of Paris. Our libertine sauna in Paris Gare de Lyon welcomes couples, transvestites, bisexuals, curious heterosexuals and gays. A welcoming staff and an intimate, soothing atmosphere -\u2026","rel":"","context":"In &quot;Sauna Hammam&quot;","block_context":{"text":"Sauna Hammam","link":"https:\/\/atlantide-sauna.com\/en\/category\/sauna-hammam-en\/"},"img":{"alt_text":"","src":"","width":0,"height":0},"classes":[]},{"id":4846,"url":"https:\/\/atlantide-sauna.com\/en\/sauna-hammam\/rencontres-libertines-paris-gare-de-lyon\/","url_meta":{"origin":4861,"position":2},"title":"Rencontres libertines Paris Gare de Lyon","author":"Atlantide Sauna","date":"22\/05\/2025","format":false,"excerpt":"Libertine encounters At L'Atlantide Sauna near Gare de Lyon, everything is done to promote your libertine and candaulist encounters. Private or group relaxation areas welcome you, not forgetting our top-of-the-range sauna or the tiled, scented hammam. To facilitate your encounters, bar, booths and video lounges are at your disposal. Learn\u2026","rel":"","context":"In &quot;Sauna Hammam&quot;","block_context":{"text":"Sauna Hammam","link":"https:\/\/atlantide-sauna.com\/en\/category\/sauna-hammam-en\/"},"img":{"alt_text":"","src":"","width":0,"height":0},"classes":[]},{"id":4786,"url":"https:\/\/atlantide-sauna.com\/en\/sauna-hammam\/club-backroom-glory-holes-sling-croix-de-st-andre-paris\/","url_meta":{"origin":4861,"position":3},"title":"Club Backroom Glory Holes Sling Croix de st Andr\u00e9 Paris","author":"Atlantide Sauna","date":"22\/05\/2025","format":false,"excerpt":"Club Libertin Backroom Glory Holes Sling Croix de St Andr\u00e9 in Paris 12 Tolerance and diversity of sexual orientations are the hallmarks of Atlantide Sauna, where you can organize your booty calls in a relaxed, relaxed atmosphere, close to Gare de Lyon, while meeting people who interest you. Club backroom\u2026","rel":"","context":"In &quot;Sauna Hammam&quot;","block_context":{"text":"Sauna Hammam","link":"https:\/\/atlantide-sauna.com\/en\/category\/sauna-hammam-en\/"},"img":{"alt_text":"Sling Backroom Croix de St  Andr\u00e9","src":"https:\/\/i0.wp.com\/atlantide-sauna.com\/wp-content\/uploads\/2025\/06\/ASH_IMG2025_014-1.jpg?fit=1200%2C675&ssl=1&resize=350%2C200","width":350,"height":200,"srcset":"https:\/\/i0.wp.com\/atlantide-sauna.com\/wp-content\/uploads\/2025\/06\/ASH_IMG2025_014-1.jpg?fit=1200%2C675&ssl=1&resize=350%2C200 1x, https:\/\/i0.wp.com\/atlantide-sauna.com\/wp-content\/uploads\/2025\/06\/ASH_IMG2025_014-1.jpg?fit=1200%2C675&ssl=1&resize=525%2C300 1.5x, https:\/\/i0.wp.com\/atlantide-sauna.com\/wp-content\/uploads\/2025\/06\/ASH_IMG2025_014-1.jpg?fit=1200%2C675&ssl=1&resize=700%2C400 2x, https:\/\/i0.wp.com\/atlantide-sauna.com\/wp-content\/uploads\/2025\/06\/ASH_IMG2025_014-1.jpg?fit=1200%2C675&ssl=1&resize=1050%2C600 3x"},"classes":[]},{"id":720,"url":"https:\/\/atlantide-sauna.com\/en\/","url_meta":{"origin":4861,"position":4},"title":"Welcome","author":"Atlantide Sauna","date":"11\/05\/2025","format":false,"excerpt":"Atlantide Sauna was founded in 1999 to create a space for freedom, diversity and tolerance. In this reserved CLUB, all desires and fantasies are expressed in a respectful and friendly environment. Whatever your origins, culture, age or desires, you'll be welcomed by smiling, attentive and caring staff. We make sure\u2026","rel":"","context":"Similar post","block_context":{"text":"Similar post","link":""},"img":{"alt_text":"Atlantide Sauna Paris - Club libertin toutes tendance - Gare de Lyon","src":"https:\/\/i0.wp.com\/atlantide-sauna.com\/wp-content\/uploads\/2025\/06\/ASH_IMG2025_000.jpg?fit=1200%2C675&ssl=1&resize=350%2C200","width":350,"height":200,"srcset":"https:\/\/i0.wp.com\/atlantide-sauna.com\/wp-content\/uploads\/2025\/06\/ASH_IMG2025_000.jpg?fit=1200%2C675&ssl=1&resize=350%2C200 1x, https:\/\/i0.wp.com\/atlantide-sauna.com\/wp-content\/uploads\/2025\/06\/ASH_IMG2025_000.jpg?fit=1200%2C675&ssl=1&resize=525%2C300 1.5x, https:\/\/i0.wp.com\/atlantide-sauna.com\/wp-content\/uploads\/2025\/06\/ASH_IMG2025_000.jpg?fit=1200%2C675&ssl=1&resize=700%2C400 2x, https:\/\/i0.wp.com\/atlantide-sauna.com\/wp-content\/uploads\/2025\/06\/ASH_IMG2025_000.jpg?fit=1200%2C675&ssl=1&resize=1050%2C600 3x"},"classes":[]},{"id":1151,"url":"https:\/\/atlantide-sauna.com\/en\/sauna-hammam\/avis-atlantide-sauna\/","url_meta":{"origin":4861,"position":5},"title":"Avis atlantide sauna","author":"Atlantide Sauna","date":"22\/05\/2025","format":false,"excerpt":"L'Atlantide Sauna combines the pleasure of your naughty encounters with its luxurious, relaxing facilities, all in a friendly atmosphere. Learn more about : Atlantide sauna L'Atlantide Sauna, just a stone's throw from the Gare de Lyon, is the first private club for libertine encounters of all kinds in Paris. Whether\u2026","rel":"","context":"In &quot;Sauna Hammam&quot;","block_context":{"text":"Sauna Hammam","link":"https:\/\/atlantide-sauna.com\/en\/category\/sauna-hammam-en\/"},"img":{"alt_text":"","src":"","width":0,"height":0},"classes":[]}],"jetpack_sharing_enabled":true,"_links":{"self":[{"href":"https:\/\/atlantide-sauna.com\/en\/wp-json\/wp\/v2\/pages\/4861","targetHints":{"allow":["GET"]}}],"collection":[{"href":"https:\/\/atlantide-sauna.com\/en\/wp-json\/wp\/v2\/pages"}],"about":[{"href":"https:\/\/atlantide-sauna.com\/en\/wp-json\/wp\/v2\/types\/page"}],"author":[{"embeddable":true,"href":"https:\/\/atlantide-sauna.com\/en\/wp-json\/wp\/v2\/users\/4"}],"replies":[{"embeddable":true,"href":"https:\/\/atlantide-sauna.com\/en\/wp-json\/wp\/v2\/comments?post=4861"}],"version-history":[{"count":0,"href":"https:\/\/atlantide-sauna.com\/en\/wp-json\/wp\/v2\/pages\/4861\/revisions"}],"up":[{"embeddable":true,"href":"https:\/\/atlantide-sauna.com\/en\/wp-json\/wp\/v2\/pages\/1099"}],"wp:attachment":[{"href":"https:\/\/atlantide-sauna.com\/en\/wp-json\/wp\/v2\/media?parent=4861"}],"curies":[{"name":"wp","href":"https:\/\/api.w.org\/{rel}","templated":true}]}}