{"id":4864,"date":"2025-05-22T19:19:44","date_gmt":"2025-05-22T17:19:44","guid":{"rendered":"https:\/\/atlantide-sauna.com\/sauna-hammam\/hammam-libertin-paris-12\/"},"modified":"2025-05-22T19:19:44","modified_gmt":"2025-05-22T17:19:44","slug":"hammam-libertin-paris-12","status":"publish","type":"page","link":"https:\/\/atlantide-sauna.com\/en\/sauna-hammam\/hammam-libertin-paris-12\/","title":{"rendered":"Hammam libertin Paris 12"},"content":{"rendered":"<h1>Hammam libertin Paris 12<\/h1>\n<p class=\"chapo\">What makes Atlantide Sauna so special is that it&#8217;s a libertine steam room in the heart of Paris. Our libertine sauna welcomes couples as well as bi or gay lovers. A welcoming staff and an intimate, soothing atmosphere &#8211; that&#8217;s what we offer.  <\/p>\n<p id=\"cta\">Find out more about : <a href=\"http:\/\/www.atlantide-sauna.com\/\">Libertine Hammam<\/a><\/p>\n<p>L&#8217;Atlantide Sauna has thought of all the variety and richness of libertine practices, always in search of new jouissive sensations to offer you complete facilities. Hammam, sauna and spa for relaxation and purification of skin and body, Saint Andr\u00e9 cross with handcuffs, leather sling for lovers of sado masochistic sensations and individual relaxation cabins for intimacy. <\/p>\n<h2>L&#8217;Atlantide Sauna: a must for your swingers meetings.<\/h2>\n<p>The Atlantide Sauna in Paris is the ideal setting for your swingers encounters. Here you&#8217;ll find a warm, elegant atmosphere conducive to intimate exchanges. For your approach and your lovemaking, you can choose between the relaxing hammam, the sauna or the collective video lounges.  <\/p>\n<p id=\"nl\">Other searches: <a href=\"http:\/\/www.atlantide-sauna.com\/sauna-hammam\/hammam-paris\">Hammam paris<\/a>, <a href=\"http:\/\/www.atlantide-sauna.com\/sauna-hammam\/hammam-sauna-mixte-paris\">Hammam sauna mixte paris<\/a>, <a href=\"http:\/\/www.atlantide-sauna.com\/sauna-hammam\/sauna-bisexuel-paris\">Sauna bisexual paris<\/a>.<\/p>\n","protected":false},"excerpt":{"rendered":"<p>Hammam libertin Paris 12 What makes Atlantide Sauna so special is that it&#8217;s a libertine steam room in the heart of Paris. Our libertine sauna welcomes couples as well as bi or gay lovers. A welcoming staff and an intimate, soothing atmosphere &#8211; that&#8217;s what we offer. Find out more about : Libertine Hammam L&#8217;Atlantide [&hellip;]<\/p>\n","protected":false},"author":4,"featured_media":0,"parent":1099,"menu_order":18,"comment_status":"closed","ping_status":"closed","template":"","meta":{"footnotes":""},"class_list":["post-4864","page","type-page","status-publish","hentry"],"yoast_head":"<!-- This site is optimized with the Yoast SEO Premium plugin v27.5 (Yoast SEO v27.5) - https:\/\/yoast.com\/product\/yoast-seo-premium-wordpress\/ -->\n<title>Hammam libertin Paris 12 - Atlantide Sauna<\/title>\n<meta name=\"robots\" content=\"index, follow, max-snippet:-1, max-image-preview:large, max-video-preview:-1\" \/>\n<link rel=\"canonical\" href=\"https:\/\/atlantide-sauna.com\/en\/sauna-hammam\/hammam-libertin-paris-12\/\" \/>\n<meta property=\"og:locale\" content=\"en_US\" \/>\n<meta property=\"og:type\" content=\"article\" \/>\n<meta property=\"og:title\" content=\"Hammam libertin Paris 12\" \/>\n<meta property=\"og:description\" content=\"Hammam libertin Paris 12 What makes Atlantide Sauna so special is that it&#8217;s a libertine steam room in the heart of Paris. Our libertine sauna welcomes couples as well as bi or gay lovers. A welcoming staff and an intimate, soothing atmosphere &#8211; that&#8217;s what we offer. Find out more about : Libertine Hammam L&#8217;Atlantide [&hellip;]\" \/>\n<meta property=\"og:url\" content=\"https:\/\/atlantide-sauna.com\/en\/sauna-hammam\/hammam-libertin-paris-12\/\" \/>\n<meta property=\"og:site_name\" content=\"Atlantide Sauna\" \/>\n<meta property=\"article:publisher\" content=\"https:\/\/www.facebook.com\/profile.php?id=100082829877238\" \/>\n<meta property=\"og:image\" content=\"https:\/\/i0.wp.com\/atlantide-sauna.com\/wp-content\/uploads\/2025\/06\/ASH_IMG2025_000.jpg?fit=1440%2C810&ssl=1\" \/>\n\t<meta property=\"og:image:width\" content=\"1440\" \/>\n\t<meta property=\"og:image:height\" content=\"810\" \/>\n\t<meta property=\"og:image:type\" content=\"image\/jpeg\" \/>\n<meta name=\"twitter:card\" content=\"summary_large_image\" \/>\n<meta name=\"twitter:site\" content=\"@atlantidesauna\" \/>\n<meta name=\"twitter:label1\" content=\"Est. reading time\" \/>\n\t<meta name=\"twitter:data1\" content=\"1 minute\" \/>\n<script type=\"application\/ld+json\" class=\"yoast-schema-graph\">{\"@context\":\"https:\\\/\\\/schema.org\",\"@graph\":[{\"@type\":\"WebPage\",\"@id\":\"https:\\\/\\\/atlantide-sauna.com\\\/en\\\/sauna-hammam\\\/hammam-libertin-paris-12\\\/\",\"url\":\"https:\\\/\\\/atlantide-sauna.com\\\/en\\\/sauna-hammam\\\/hammam-libertin-paris-12\\\/\",\"name\":\"Hammam libertin Paris 12 - Atlantide Sauna\",\"isPartOf\":{\"@id\":\"https:\\\/\\\/atlantide-sauna.com\\\/en\\\/#website\"},\"datePublished\":\"2025-05-22T17:19:44+00:00\",\"breadcrumb\":{\"@id\":\"https:\\\/\\\/atlantide-sauna.com\\\/en\\\/sauna-hammam\\\/hammam-libertin-paris-12\\\/#breadcrumb\"},\"inLanguage\":\"en-US\",\"potentialAction\":[{\"@type\":\"ReadAction\",\"target\":[\"https:\\\/\\\/atlantide-sauna.com\\\/en\\\/sauna-hammam\\\/hammam-libertin-paris-12\\\/\"]}]},{\"@type\":\"BreadcrumbList\",\"@id\":\"https:\\\/\\\/atlantide-sauna.com\\\/en\\\/sauna-hammam\\\/hammam-libertin-paris-12\\\/#breadcrumb\",\"itemListElement\":[{\"@type\":\"ListItem\",\"position\":1,\"name\":\"Accueil\",\"item\":\"https:\\\/\\\/atlantide-sauna.com\\\/en\\\/home\\\/\"},{\"@type\":\"ListItem\",\"position\":2,\"name\":\"Sauna Hammam\",\"item\":\"https:\\\/\\\/atlantide-sauna.com\\\/en\\\/decouvrez-notre-sauna-hammam-a-paris\\\/\"},{\"@type\":\"ListItem\",\"position\":3,\"name\":\"Hammam libertin Paris 12\"}]},{\"@type\":\"WebSite\",\"@id\":\"https:\\\/\\\/atlantide-sauna.com\\\/en\\\/#website\",\"url\":\"https:\\\/\\\/atlantide-sauna.com\\\/en\\\/\",\"name\":\"Atlantide Sauna\",\"description\":\"Sauna Toutes Tendances Gay Bi Tr**\",\"publisher\":{\"@id\":\"https:\\\/\\\/atlantide-sauna.com\\\/en\\\/#organization\"},\"alternateName\":\"Club libertin Atlantide Sauna Paris\",\"potentialAction\":[{\"@type\":\"SearchAction\",\"target\":{\"@type\":\"EntryPoint\",\"urlTemplate\":\"https:\\\/\\\/atlantide-sauna.com\\\/en\\\/?s={search_term_string}\"},\"query-input\":{\"@type\":\"PropertyValueSpecification\",\"valueRequired\":true,\"valueName\":\"search_term_string\"}}],\"inLanguage\":\"en-US\"},{\"@type\":\"Organization\",\"@id\":\"https:\\\/\\\/atlantide-sauna.com\\\/en\\\/#organization\",\"name\":\"ATLANTIDE SAUNA HAMMAM\",\"alternateName\":\"ATLANTIDE SAUNA HAMMAM\",\"url\":\"https:\\\/\\\/atlantide-sauna.com\\\/en\\\/\",\"logo\":{\"@type\":\"ImageObject\",\"inLanguage\":\"en-US\",\"@id\":\"https:\\\/\\\/atlantide-sauna.com\\\/en\\\/#\\\/schema\\\/logo\\\/image\\\/\",\"url\":\"https:\\\/\\\/atlantide-sauna.com\\\/wp-content\\\/uploads\\\/2025\\\/05\\\/ash_logo_2025_01.svg\",\"contentUrl\":\"https:\\\/\\\/atlantide-sauna.com\\\/wp-content\\\/uploads\\\/2025\\\/05\\\/ash_logo_2025_01.svg\",\"width\":1,\"height\":1,\"caption\":\"ATLANTIDE SAUNA HAMMAM\"},\"image\":{\"@id\":\"https:\\\/\\\/atlantide-sauna.com\\\/en\\\/#\\\/schema\\\/logo\\\/image\\\/\"},\"sameAs\":[\"https:\\\/\\\/www.facebook.com\\\/profile.php?id=100082829877238\",\"https:\\\/\\\/x.com\\\/atlantidesauna\"],\"description\":\"Sauna hammam toutes tendances. Un espace de libert\u00e9, de mixit\u00e9 et de tol\u00e9rance. Chez Atlantide Sauna vous trouverez les conditions id\u00e9ales pour vos rencontres libertines.\",\"email\":\"infos@atlantide-sauna.com\",\"telephone\":\"0143422243\",\"legalName\":\"ATLANTIDE SAUNA HAMMAM\",\"foundingDate\":\"1999-08-09\",\"vatID\":\"FR39423920370\",\"taxID\":\"42392037000016\",\"numberOfEmployees\":{\"@type\":\"QuantitativeValue\",\"minValue\":\"1\",\"maxValue\":\"10\"}}]}<\/script>\n<!-- \/ Yoast SEO Premium plugin. -->","yoast_head_json":{"title":"Hammam libertin Paris 12 - Atlantide Sauna","robots":{"index":"index","follow":"follow","max-snippet":"max-snippet:-1","max-image-preview":"max-image-preview:large","max-video-preview":"max-video-preview:-1"},"canonical":"https:\/\/atlantide-sauna.com\/en\/sauna-hammam\/hammam-libertin-paris-12\/","og_locale":"en_US","og_type":"article","og_title":"Hammam libertin Paris 12","og_description":"Hammam libertin Paris 12 What makes Atlantide Sauna so special is that it&#8217;s a libertine steam room in the heart of Paris. Our libertine sauna welcomes couples as well as bi or gay lovers. A welcoming staff and an intimate, soothing atmosphere &#8211; that&#8217;s what we offer. Find out more about : Libertine Hammam L&#8217;Atlantide [&hellip;]","og_url":"https:\/\/atlantide-sauna.com\/en\/sauna-hammam\/hammam-libertin-paris-12\/","og_site_name":"Atlantide Sauna","article_publisher":"https:\/\/www.facebook.com\/profile.php?id=100082829877238","og_image":[{"width":1440,"height":810,"url":"https:\/\/i0.wp.com\/atlantide-sauna.com\/wp-content\/uploads\/2025\/06\/ASH_IMG2025_000.jpg?fit=1440%2C810&ssl=1","type":"image\/jpeg"}],"twitter_card":"summary_large_image","twitter_site":"@atlantidesauna","twitter_misc":{"Est. reading time":"1 minute"},"schema":{"@context":"https:\/\/schema.org","@graph":[{"@type":"WebPage","@id":"https:\/\/atlantide-sauna.com\/en\/sauna-hammam\/hammam-libertin-paris-12\/","url":"https:\/\/atlantide-sauna.com\/en\/sauna-hammam\/hammam-libertin-paris-12\/","name":"Hammam libertin Paris 12 - Atlantide Sauna","isPartOf":{"@id":"https:\/\/atlantide-sauna.com\/en\/#website"},"datePublished":"2025-05-22T17:19:44+00:00","breadcrumb":{"@id":"https:\/\/atlantide-sauna.com\/en\/sauna-hammam\/hammam-libertin-paris-12\/#breadcrumb"},"inLanguage":"en-US","potentialAction":[{"@type":"ReadAction","target":["https:\/\/atlantide-sauna.com\/en\/sauna-hammam\/hammam-libertin-paris-12\/"]}]},{"@type":"BreadcrumbList","@id":"https:\/\/atlantide-sauna.com\/en\/sauna-hammam\/hammam-libertin-paris-12\/#breadcrumb","itemListElement":[{"@type":"ListItem","position":1,"name":"Accueil","item":"https:\/\/atlantide-sauna.com\/en\/home\/"},{"@type":"ListItem","position":2,"name":"Sauna Hammam","item":"https:\/\/atlantide-sauna.com\/en\/decouvrez-notre-sauna-hammam-a-paris\/"},{"@type":"ListItem","position":3,"name":"Hammam libertin Paris 12"}]},{"@type":"WebSite","@id":"https:\/\/atlantide-sauna.com\/en\/#website","url":"https:\/\/atlantide-sauna.com\/en\/","name":"Atlantide Sauna","description":"Sauna Toutes Tendances Gay Bi Tr**","publisher":{"@id":"https:\/\/atlantide-sauna.com\/en\/#organization"},"alternateName":"Club libertin Atlantide Sauna Paris","potentialAction":[{"@type":"SearchAction","target":{"@type":"EntryPoint","urlTemplate":"https:\/\/atlantide-sauna.com\/en\/?s={search_term_string}"},"query-input":{"@type":"PropertyValueSpecification","valueRequired":true,"valueName":"search_term_string"}}],"inLanguage":"en-US"},{"@type":"Organization","@id":"https:\/\/atlantide-sauna.com\/en\/#organization","name":"ATLANTIDE SAUNA HAMMAM","alternateName":"ATLANTIDE SAUNA HAMMAM","url":"https:\/\/atlantide-sauna.com\/en\/","logo":{"@type":"ImageObject","inLanguage":"en-US","@id":"https:\/\/atlantide-sauna.com\/en\/#\/schema\/logo\/image\/","url":"https:\/\/atlantide-sauna.com\/wp-content\/uploads\/2025\/05\/ash_logo_2025_01.svg","contentUrl":"https:\/\/atlantide-sauna.com\/wp-content\/uploads\/2025\/05\/ash_logo_2025_01.svg","width":1,"height":1,"caption":"ATLANTIDE SAUNA HAMMAM"},"image":{"@id":"https:\/\/atlantide-sauna.com\/en\/#\/schema\/logo\/image\/"},"sameAs":["https:\/\/www.facebook.com\/profile.php?id=100082829877238","https:\/\/x.com\/atlantidesauna"],"description":"Sauna hammam toutes tendances. Un espace de libert\u00e9, de mixit\u00e9 et de tol\u00e9rance. Chez Atlantide Sauna vous trouverez les conditions id\u00e9ales pour vos rencontres libertines.","email":"infos@atlantide-sauna.com","telephone":"0143422243","legalName":"ATLANTIDE SAUNA HAMMAM","foundingDate":"1999-08-09","vatID":"FR39423920370","taxID":"42392037000016","numberOfEmployees":{"@type":"QuantitativeValue","minValue":"1","maxValue":"10"}}]}},"jetpack-related-posts":[{"id":1151,"url":"https:\/\/atlantide-sauna.com\/en\/sauna-hammam\/avis-atlantide-sauna\/","url_meta":{"origin":4864,"position":0},"title":"Avis atlantide sauna","author":"Atlantide Sauna","date":"22\/05\/2025","format":false,"excerpt":"L'Atlantide Sauna combines the pleasure of your naughty encounters with its luxurious, relaxing facilities, all in a friendly atmosphere. Learn more about : Atlantide sauna L'Atlantide Sauna, just a stone's throw from the Gare de Lyon, is the first private club for libertine encounters of all kinds in Paris. Whether\u2026","rel":"","context":"In &quot;Sauna Hammam&quot;","block_context":{"text":"Sauna Hammam","link":"https:\/\/atlantide-sauna.com\/en\/category\/sauna-hammam-en\/"},"img":{"alt_text":"","src":"","width":0,"height":0},"classes":[]},{"id":4857,"url":"https:\/\/atlantide-sauna.com\/en\/sauna-hammam\/libertine-club-reviews\/","url_meta":{"origin":4864,"position":1},"title":"Libertine club reviews","author":"Atlantide Sauna","date":"22\/05\/2025","format":false,"excerpt":"At l'Atlantide Sauna 13 rue Parrot near the Gare de Lyon, we do everything we can to promote your libertine encounters and booty calls. Private or group relaxation areas welcome you, not forgetting our top-of-the-range sauna or the tiled, scented hammam. To facilitate your encounters, bar, booths and pansexual video\u2026","rel":"","context":"In &quot;Sauna Hammam&quot;","block_context":{"text":"Sauna Hammam","link":"https:\/\/atlantide-sauna.com\/en\/category\/sauna-hammam-en\/"},"img":{"alt_text":"","src":"","width":0,"height":0},"classes":[]},{"id":4846,"url":"https:\/\/atlantide-sauna.com\/en\/sauna-hammam\/rencontres-libertines-paris-gare-de-lyon\/","url_meta":{"origin":4864,"position":2},"title":"Rencontres libertines Paris Gare de Lyon","author":"Atlantide Sauna","date":"22\/05\/2025","format":false,"excerpt":"Libertine encounters At L'Atlantide Sauna near Gare de Lyon, everything is done to promote your libertine and candaulist encounters. Private or group relaxation areas welcome you, not forgetting our top-of-the-range sauna or the tiled, scented hammam. To facilitate your encounters, bar, booths and video lounges are at your disposal. Learn\u2026","rel":"","context":"In &quot;Sauna Hammam&quot;","block_context":{"text":"Sauna Hammam","link":"https:\/\/atlantide-sauna.com\/en\/category\/sauna-hammam-en\/"},"img":{"alt_text":"","src":"","width":0,"height":0},"classes":[]},{"id":5082,"url":"https:\/\/atlantide-sauna.com\/en\/sauna-hammam\/sauna-hammam-couple-paris\/","url_meta":{"origin":4864,"position":3},"title":"Sauna hammam couple paris","author":"Atlantide Sauna","date":"22\/05\/2025","format":false,"excerpt":"At Atlantide Sauna you'll find the ideal conditions for your libertine encounters. In the bar, the hammam or the sauna, enjoy relaxation in a friendly atmosphere. Private or collective relaxation areas are at your disposal to give free rein to your senses!\" Find out more about : Sauna hammam couple\u2026","rel":"","context":"In &quot;Sauna Hammam&quot;","block_context":{"text":"Sauna Hammam","link":"https:\/\/atlantide-sauna.com\/en\/category\/sauna-hammam-en\/"},"img":{"alt_text":"","src":"https:\/\/i0.wp.com\/atlantide-sauna.com\/wp-content\/uploads\/2025\/10\/ASH_IMG2025_014.jpg?fit=1200%2C675&ssl=1&resize=350%2C200","width":350,"height":200,"srcset":"https:\/\/i0.wp.com\/atlantide-sauna.com\/wp-content\/uploads\/2025\/10\/ASH_IMG2025_014.jpg?fit=1200%2C675&ssl=1&resize=350%2C200 1x, https:\/\/i0.wp.com\/atlantide-sauna.com\/wp-content\/uploads\/2025\/10\/ASH_IMG2025_014.jpg?fit=1200%2C675&ssl=1&resize=525%2C300 1.5x, https:\/\/i0.wp.com\/atlantide-sauna.com\/wp-content\/uploads\/2025\/10\/ASH_IMG2025_014.jpg?fit=1200%2C675&ssl=1&resize=700%2C400 2x, https:\/\/i0.wp.com\/atlantide-sauna.com\/wp-content\/uploads\/2025\/10\/ASH_IMG2025_014.jpg?fit=1200%2C675&ssl=1&resize=1050%2C600 3x"},"classes":[]},{"id":4868,"url":"https:\/\/atlantide-sauna.com\/en\/sauna-hammam\/bisexual-and-transvestite-club-paris-near-gare-de-lyon\/","url_meta":{"origin":4864,"position":4},"title":"Bisexual and transvestite club Paris near Gare de Lyon","author":"Atlantide Sauna","date":"22\/05\/2025","format":false,"excerpt":"Bisexual and transvestite club in Paris 12 What makes Atlantide Sauna so special is that it's a libertine steam room in the heart of Paris. Our libertine sauna in Paris Gare de Lyon welcomes couples, transvestites, bisexuals, curious heterosexuals and gays. A welcoming staff and an intimate, soothing atmosphere -\u2026","rel":"","context":"In &quot;Sauna Hammam&quot;","block_context":{"text":"Sauna Hammam","link":"https:\/\/atlantide-sauna.com\/en\/category\/sauna-hammam-en\/"},"img":{"alt_text":"","src":"","width":0,"height":0},"classes":[]},{"id":4861,"url":"https:\/\/atlantide-sauna.com\/en\/sauna-hammam\/rencontre-coquines-paris-12\/","url_meta":{"origin":4864,"position":5},"title":"Rencontre coquines Paris 12","author":"Atlantide Sauna","date":"22\/05\/2025","format":false,"excerpt":"Rencontre coquines Paris 12 If you're into pansexual libertinism and candaulism, you now have a place to meet in Paris near the Gare de Lyon: Atlantide Sauna. Open 7\/7, we are a mixed sauna hammam where courtesy and tolerance are the rule. In our libertine sex club, you'll enjoy a\u2026","rel":"","context":"In &quot;Sauna Hammam&quot;","block_context":{"text":"Sauna Hammam","link":"https:\/\/atlantide-sauna.com\/en\/category\/sauna-hammam-en\/"},"img":{"alt_text":"","src":"","width":0,"height":0},"classes":[]}],"jetpack_sharing_enabled":true,"_links":{"self":[{"href":"https:\/\/atlantide-sauna.com\/en\/wp-json\/wp\/v2\/pages\/4864","targetHints":{"allow":["GET"]}}],"collection":[{"href":"https:\/\/atlantide-sauna.com\/en\/wp-json\/wp\/v2\/pages"}],"about":[{"href":"https:\/\/atlantide-sauna.com\/en\/wp-json\/wp\/v2\/types\/page"}],"author":[{"embeddable":true,"href":"https:\/\/atlantide-sauna.com\/en\/wp-json\/wp\/v2\/users\/4"}],"replies":[{"embeddable":true,"href":"https:\/\/atlantide-sauna.com\/en\/wp-json\/wp\/v2\/comments?post=4864"}],"version-history":[{"count":0,"href":"https:\/\/atlantide-sauna.com\/en\/wp-json\/wp\/v2\/pages\/4864\/revisions"}],"up":[{"embeddable":true,"href":"https:\/\/atlantide-sauna.com\/en\/wp-json\/wp\/v2\/pages\/1099"}],"wp:attachment":[{"href":"https:\/\/atlantide-sauna.com\/en\/wp-json\/wp\/v2\/media?parent=4864"}],"curies":[{"name":"wp","href":"https:\/\/api.w.org\/{rel}","templated":true}]}}