{"id":4868,"date":"2025-05-22T19:19:45","date_gmt":"2025-05-22T17:19:45","guid":{"rendered":"https:\/\/atlantide-sauna.com\/sauna-hammam\/bisexual-and-transvestite-club-paris-near-gare-de-lyon\/"},"modified":"2025-05-22T19:19:45","modified_gmt":"2025-05-22T17:19:45","slug":"bisexual-and-transvestite-club-paris-near-gare-de-lyon","status":"publish","type":"page","link":"https:\/\/atlantide-sauna.com\/en\/sauna-hammam\/bisexual-and-transvestite-club-paris-near-gare-de-lyon\/","title":{"rendered":"Bisexual and transvestite club Paris near Gare de Lyon"},"content":{"rendered":"<h2>Bisexual and transvestite club in Paris 12<\/h2>\n<p class=\"chapo\">What makes Atlantide Sauna so special is that it&#8217;s a libertine steam room in the heart of Paris. Our libertine sauna in Paris Gare de Lyon welcomes couples, transvestites, bisexuals, curious heterosexuals and gays. A welcoming staff and an intimate, soothing atmosphere &#8211; that&#8217;s what we offer.  <\/p>\n<p id=\"cta\">Find out more about : <a href=\"http:\/\/www.atlantide-sauna.com\/\">Bisexual and transvestite club Paris 12<\/a><\/p>\n<p>In eastern Paris, Atlantide Sauna 13 rue Parrot Paris 12 is the meeting place for libertines of all stripes. We&#8217;re a friendly, private club for both straight and gay couples. From simple exchanges to the most daring sexuality, anything is possible at the Atlantide pansexual club.  <\/p>\n<h2>L&#8217;Atlantide Sauna: a place of libertinage, tolerance and savoir vivre.<\/h2>\n<p>Libertarianism needs welcoming, open and uninhibited places to express itself and lead to sensual encounters between heterosexuals, gays, bi-sexuals and pansexuals, alone or in couples. L&#8217;Atlantide Sauna is one of these spaces for self-fulfillment and multi-faceted libertine practices. But it&#8217;s a place where ethics reign, with rules of courtesy. Respect for others, especially for single women. Atlantide Sauna is the ideal place for a planQ between noon and two.    <\/p>\n<p id=\"nl\">Other searches: <a href=\"http:\/\/www.atlantide-sauna.com\/sauna-hammam\/jacuzzi-libertin\">Jacuzzi libertin<\/a>, <a href=\"http:\/\/www.atlantide-sauna.com\/sauna-hammam\/rencontre-echangiste\">Rencontre echangiste<\/a>, <a href=\"http:\/\/www.atlantide-sauna.com\/sauna-hammam\/club-rencontres-couples-libertins-paris\">Club rencontres couples libertins paris<\/a>.<\/p>\n","protected":false},"excerpt":{"rendered":"<p>Bisexual and transvestite club in Paris 12 What makes Atlantide Sauna so special is that it&#8217;s a libertine steam room in the heart of Paris. Our libertine sauna in Paris Gare de Lyon welcomes couples, transvestites, bisexuals, curious heterosexuals and gays. A welcoming staff and an intimate, soothing atmosphere &#8211; that&#8217;s what we offer. Find [&hellip;]<\/p>\n","protected":false},"author":4,"featured_media":0,"parent":1099,"menu_order":7,"comment_status":"closed","ping_status":"closed","template":"","meta":{"footnotes":""},"class_list":["post-4868","page","type-page","status-publish","hentry"],"yoast_head":"<!-- This site is optimized with the Yoast SEO Premium plugin v27.5 (Yoast SEO v27.5) - https:\/\/yoast.com\/product\/yoast-seo-premium-wordpress\/ -->\n<title>Libertinism, tolerance and savoir vivre at Atlantide - Atlantide Sauna<\/title>\n<meta name=\"description\" content=\"Come and explore the values of libertinism, tolerance and savoir vivre at Atlantide Sauna, an intimate space in Paris.\" \/>\n<meta name=\"robots\" content=\"index, follow, max-snippet:-1, max-image-preview:large, max-video-preview:-1\" \/>\n<link rel=\"canonical\" href=\"https:\/\/atlantide-sauna.com\/en\/sauna-hammam\/bisexual-and-transvestite-club-paris-near-gare-de-lyon\/\" \/>\n<meta property=\"og:locale\" content=\"en_US\" \/>\n<meta property=\"og:type\" content=\"article\" \/>\n<meta property=\"og:title\" content=\"Bisexual and transvestite club Paris near Gare de Lyon\" \/>\n<meta property=\"og:description\" content=\"Come and explore the values of libertinism, tolerance and savoir vivre at Atlantide Sauna, an intimate space in Paris.\" \/>\n<meta property=\"og:url\" content=\"https:\/\/atlantide-sauna.com\/en\/sauna-hammam\/bisexual-and-transvestite-club-paris-near-gare-de-lyon\/\" \/>\n<meta property=\"og:site_name\" content=\"Atlantide Sauna\" \/>\n<meta property=\"article:publisher\" content=\"https:\/\/www.facebook.com\/profile.php?id=100082829877238\" \/>\n<meta property=\"og:image\" content=\"https:\/\/i0.wp.com\/atlantide-sauna.com\/wp-content\/uploads\/2025\/06\/ASH_IMG2025_000.jpg?fit=1440%2C810&ssl=1\" \/>\n\t<meta property=\"og:image:width\" content=\"1440\" \/>\n\t<meta property=\"og:image:height\" content=\"810\" \/>\n\t<meta property=\"og:image:type\" content=\"image\/jpeg\" \/>\n<meta name=\"twitter:card\" content=\"summary_large_image\" \/>\n<meta name=\"twitter:site\" content=\"@atlantidesauna\" \/>\n<meta name=\"twitter:label1\" content=\"Est. reading time\" \/>\n\t<meta name=\"twitter:data1\" content=\"1 minute\" \/>\n<script type=\"application\/ld+json\" class=\"yoast-schema-graph\">{\"@context\":\"https:\\\/\\\/schema.org\",\"@graph\":[{\"@type\":\"WebPage\",\"@id\":\"https:\\\/\\\/atlantide-sauna.com\\\/en\\\/sauna-hammam\\\/bisexual-and-transvestite-club-paris-near-gare-de-lyon\\\/\",\"url\":\"https:\\\/\\\/atlantide-sauna.com\\\/en\\\/sauna-hammam\\\/bisexual-and-transvestite-club-paris-near-gare-de-lyon\\\/\",\"name\":\"Libertinism, tolerance and savoir vivre at Atlantide - Atlantide Sauna\",\"isPartOf\":{\"@id\":\"https:\\\/\\\/atlantide-sauna.com\\\/en\\\/#website\"},\"datePublished\":\"2025-05-22T17:19:45+00:00\",\"description\":\"Come and explore the values of libertinism, tolerance and savoir vivre at Atlantide Sauna, an intimate space in Paris.\",\"breadcrumb\":{\"@id\":\"https:\\\/\\\/atlantide-sauna.com\\\/en\\\/sauna-hammam\\\/bisexual-and-transvestite-club-paris-near-gare-de-lyon\\\/#breadcrumb\"},\"inLanguage\":\"en-US\",\"potentialAction\":[{\"@type\":\"ReadAction\",\"target\":[\"https:\\\/\\\/atlantide-sauna.com\\\/en\\\/sauna-hammam\\\/bisexual-and-transvestite-club-paris-near-gare-de-lyon\\\/\"]}]},{\"@type\":\"BreadcrumbList\",\"@id\":\"https:\\\/\\\/atlantide-sauna.com\\\/en\\\/sauna-hammam\\\/bisexual-and-transvestite-club-paris-near-gare-de-lyon\\\/#breadcrumb\",\"itemListElement\":[{\"@type\":\"ListItem\",\"position\":1,\"name\":\"Accueil\",\"item\":\"https:\\\/\\\/atlantide-sauna.com\\\/en\\\/home\\\/\"},{\"@type\":\"ListItem\",\"position\":2,\"name\":\"Sauna Hammam\",\"item\":\"https:\\\/\\\/atlantide-sauna.com\\\/en\\\/decouvrez-notre-sauna-hammam-a-paris\\\/\"},{\"@type\":\"ListItem\",\"position\":3,\"name\":\"Bisexual and transvestite club Paris near Gare de Lyon\"}]},{\"@type\":\"WebSite\",\"@id\":\"https:\\\/\\\/atlantide-sauna.com\\\/en\\\/#website\",\"url\":\"https:\\\/\\\/atlantide-sauna.com\\\/en\\\/\",\"name\":\"Atlantide Sauna\",\"description\":\"Sauna Toutes Tendances Gay Bi Tr**\",\"publisher\":{\"@id\":\"https:\\\/\\\/atlantide-sauna.com\\\/en\\\/#organization\"},\"alternateName\":\"Club libertin Atlantide Sauna Paris\",\"potentialAction\":[{\"@type\":\"SearchAction\",\"target\":{\"@type\":\"EntryPoint\",\"urlTemplate\":\"https:\\\/\\\/atlantide-sauna.com\\\/en\\\/?s={search_term_string}\"},\"query-input\":{\"@type\":\"PropertyValueSpecification\",\"valueRequired\":true,\"valueName\":\"search_term_string\"}}],\"inLanguage\":\"en-US\"},{\"@type\":\"Organization\",\"@id\":\"https:\\\/\\\/atlantide-sauna.com\\\/en\\\/#organization\",\"name\":\"ATLANTIDE SAUNA HAMMAM\",\"alternateName\":\"ATLANTIDE SAUNA HAMMAM\",\"url\":\"https:\\\/\\\/atlantide-sauna.com\\\/en\\\/\",\"logo\":{\"@type\":\"ImageObject\",\"inLanguage\":\"en-US\",\"@id\":\"https:\\\/\\\/atlantide-sauna.com\\\/en\\\/#\\\/schema\\\/logo\\\/image\\\/\",\"url\":\"https:\\\/\\\/atlantide-sauna.com\\\/wp-content\\\/uploads\\\/2025\\\/05\\\/ash_logo_2025_01.svg\",\"contentUrl\":\"https:\\\/\\\/atlantide-sauna.com\\\/wp-content\\\/uploads\\\/2025\\\/05\\\/ash_logo_2025_01.svg\",\"width\":1,\"height\":1,\"caption\":\"ATLANTIDE SAUNA HAMMAM\"},\"image\":{\"@id\":\"https:\\\/\\\/atlantide-sauna.com\\\/en\\\/#\\\/schema\\\/logo\\\/image\\\/\"},\"sameAs\":[\"https:\\\/\\\/www.facebook.com\\\/profile.php?id=100082829877238\",\"https:\\\/\\\/x.com\\\/atlantidesauna\"],\"description\":\"Sauna hammam toutes tendances. Un espace de libert\u00e9, de mixit\u00e9 et de tol\u00e9rance. Chez Atlantide Sauna vous trouverez les conditions id\u00e9ales pour vos rencontres libertines.\",\"email\":\"infos@atlantide-sauna.com\",\"telephone\":\"0143422243\",\"legalName\":\"ATLANTIDE SAUNA HAMMAM\",\"foundingDate\":\"1999-08-09\",\"vatID\":\"FR39423920370\",\"taxID\":\"42392037000016\",\"numberOfEmployees\":{\"@type\":\"QuantitativeValue\",\"minValue\":\"1\",\"maxValue\":\"10\"}}]}<\/script>\n<!-- \/ Yoast SEO Premium plugin. -->","yoast_head_json":{"title":"Libertinism, tolerance and savoir vivre at Atlantide - Atlantide Sauna","description":"Come and explore the values of libertinism, tolerance and savoir vivre at Atlantide Sauna, an intimate space in Paris.","robots":{"index":"index","follow":"follow","max-snippet":"max-snippet:-1","max-image-preview":"max-image-preview:large","max-video-preview":"max-video-preview:-1"},"canonical":"https:\/\/atlantide-sauna.com\/en\/sauna-hammam\/bisexual-and-transvestite-club-paris-near-gare-de-lyon\/","og_locale":"en_US","og_type":"article","og_title":"Bisexual and transvestite club Paris near Gare de Lyon","og_description":"Come and explore the values of libertinism, tolerance and savoir vivre at Atlantide Sauna, an intimate space in Paris.","og_url":"https:\/\/atlantide-sauna.com\/en\/sauna-hammam\/bisexual-and-transvestite-club-paris-near-gare-de-lyon\/","og_site_name":"Atlantide Sauna","article_publisher":"https:\/\/www.facebook.com\/profile.php?id=100082829877238","og_image":[{"width":1440,"height":810,"url":"https:\/\/i0.wp.com\/atlantide-sauna.com\/wp-content\/uploads\/2025\/06\/ASH_IMG2025_000.jpg?fit=1440%2C810&ssl=1","type":"image\/jpeg"}],"twitter_card":"summary_large_image","twitter_site":"@atlantidesauna","twitter_misc":{"Est. reading time":"1 minute"},"schema":{"@context":"https:\/\/schema.org","@graph":[{"@type":"WebPage","@id":"https:\/\/atlantide-sauna.com\/en\/sauna-hammam\/bisexual-and-transvestite-club-paris-near-gare-de-lyon\/","url":"https:\/\/atlantide-sauna.com\/en\/sauna-hammam\/bisexual-and-transvestite-club-paris-near-gare-de-lyon\/","name":"Libertinism, tolerance and savoir vivre at Atlantide - Atlantide Sauna","isPartOf":{"@id":"https:\/\/atlantide-sauna.com\/en\/#website"},"datePublished":"2025-05-22T17:19:45+00:00","description":"Come and explore the values of libertinism, tolerance and savoir vivre at Atlantide Sauna, an intimate space in Paris.","breadcrumb":{"@id":"https:\/\/atlantide-sauna.com\/en\/sauna-hammam\/bisexual-and-transvestite-club-paris-near-gare-de-lyon\/#breadcrumb"},"inLanguage":"en-US","potentialAction":[{"@type":"ReadAction","target":["https:\/\/atlantide-sauna.com\/en\/sauna-hammam\/bisexual-and-transvestite-club-paris-near-gare-de-lyon\/"]}]},{"@type":"BreadcrumbList","@id":"https:\/\/atlantide-sauna.com\/en\/sauna-hammam\/bisexual-and-transvestite-club-paris-near-gare-de-lyon\/#breadcrumb","itemListElement":[{"@type":"ListItem","position":1,"name":"Accueil","item":"https:\/\/atlantide-sauna.com\/en\/home\/"},{"@type":"ListItem","position":2,"name":"Sauna Hammam","item":"https:\/\/atlantide-sauna.com\/en\/decouvrez-notre-sauna-hammam-a-paris\/"},{"@type":"ListItem","position":3,"name":"Bisexual and transvestite club Paris near Gare de Lyon"}]},{"@type":"WebSite","@id":"https:\/\/atlantide-sauna.com\/en\/#website","url":"https:\/\/atlantide-sauna.com\/en\/","name":"Atlantide Sauna","description":"Sauna Toutes Tendances Gay Bi Tr**","publisher":{"@id":"https:\/\/atlantide-sauna.com\/en\/#organization"},"alternateName":"Club libertin Atlantide Sauna Paris","potentialAction":[{"@type":"SearchAction","target":{"@type":"EntryPoint","urlTemplate":"https:\/\/atlantide-sauna.com\/en\/?s={search_term_string}"},"query-input":{"@type":"PropertyValueSpecification","valueRequired":true,"valueName":"search_term_string"}}],"inLanguage":"en-US"},{"@type":"Organization","@id":"https:\/\/atlantide-sauna.com\/en\/#organization","name":"ATLANTIDE SAUNA HAMMAM","alternateName":"ATLANTIDE SAUNA HAMMAM","url":"https:\/\/atlantide-sauna.com\/en\/","logo":{"@type":"ImageObject","inLanguage":"en-US","@id":"https:\/\/atlantide-sauna.com\/en\/#\/schema\/logo\/image\/","url":"https:\/\/atlantide-sauna.com\/wp-content\/uploads\/2025\/05\/ash_logo_2025_01.svg","contentUrl":"https:\/\/atlantide-sauna.com\/wp-content\/uploads\/2025\/05\/ash_logo_2025_01.svg","width":1,"height":1,"caption":"ATLANTIDE SAUNA HAMMAM"},"image":{"@id":"https:\/\/atlantide-sauna.com\/en\/#\/schema\/logo\/image\/"},"sameAs":["https:\/\/www.facebook.com\/profile.php?id=100082829877238","https:\/\/x.com\/atlantidesauna"],"description":"Sauna hammam toutes tendances. Un espace de libert\u00e9, de mixit\u00e9 et de tol\u00e9rance. Chez Atlantide Sauna vous trouverez les conditions id\u00e9ales pour vos rencontres libertines.","email":"infos@atlantide-sauna.com","telephone":"0143422243","legalName":"ATLANTIDE SAUNA HAMMAM","foundingDate":"1999-08-09","vatID":"FR39423920370","taxID":"42392037000016","numberOfEmployees":{"@type":"QuantitativeValue","minValue":"1","maxValue":"10"}}]}},"jetpack-related-posts":[{"id":4871,"url":"https:\/\/atlantide-sauna.com\/es\/sauna-hammam\/club-bisexual-y-travesti-paris-cerca-de-la-gare-de-lyon\/","url_meta":{"origin":4868,"position":0},"title":"Club bisexual y travesti Par\u00eds cerca de la Gare de Lyon","author":"Atlantide Sauna","date":"22\/05\/2025","format":false,"excerpt":"Club de bisexuales y travestis en Par\u00eds 12 La Sauna Atl\u00e1ntida es \u00fanica por ser una sala de vapor libertina en pleno centro de Par\u00eds. Nuestra sauna libertina de Par\u00eds Gare de Lyon acoge tanto a parejas como a amantes de los encuentros con travestis y transexuales bisexuales, heterosexuales curiosos\u2026","rel":"","context":"In &quot;Sauna Hammam&quot;","block_context":{"text":"Sauna Hammam","link":"https:\/\/atlantide-sauna.com\/es\/category\/sauna-hammam-es\/"},"img":{"alt_text":"","src":"","width":0,"height":0},"classes":[]},{"id":1151,"url":"https:\/\/atlantide-sauna.com\/en\/sauna-hammam\/avis-atlantide-sauna\/","url_meta":{"origin":4868,"position":1},"title":"Avis atlantide sauna","author":"Atlantide Sauna","date":"22\/05\/2025","format":false,"excerpt":"L'Atlantide Sauna combines the pleasure of your naughty encounters with its luxurious, relaxing facilities, all in a friendly atmosphere. Learn more about : Atlantide sauna L'Atlantide Sauna, just a stone's throw from the Gare de Lyon, is the first private club for libertine encounters of all kinds in Paris. Whether\u2026","rel":"","context":"In &quot;Sauna Hammam&quot;","block_context":{"text":"Sauna Hammam","link":"https:\/\/atlantide-sauna.com\/en\/category\/sauna-hammam-en\/"},"img":{"alt_text":"","src":"","width":0,"height":0},"classes":[]},{"id":720,"url":"https:\/\/atlantide-sauna.com\/en\/","url_meta":{"origin":4868,"position":2},"title":"Welcome","author":"Atlantide Sauna","date":"11\/05\/2025","format":false,"excerpt":"Atlantide Sauna was founded in 1999 to create a space for freedom, diversity and tolerance. In this reserved CLUB, all desires and fantasies are expressed in a respectful and friendly environment. Whatever your origins, culture, age or desires, you'll be welcomed by smiling, attentive and caring staff. We make sure\u2026","rel":"","context":"Similar post","block_context":{"text":"Similar post","link":""},"img":{"alt_text":"Atlantide Sauna Paris - Club libertin toutes tendance - Gare de Lyon","src":"https:\/\/i0.wp.com\/atlantide-sauna.com\/wp-content\/uploads\/2025\/06\/ASH_IMG2025_000.jpg?fit=1200%2C675&ssl=1&resize=350%2C200","width":350,"height":200,"srcset":"https:\/\/i0.wp.com\/atlantide-sauna.com\/wp-content\/uploads\/2025\/06\/ASH_IMG2025_000.jpg?fit=1200%2C675&ssl=1&resize=350%2C200 1x, https:\/\/i0.wp.com\/atlantide-sauna.com\/wp-content\/uploads\/2025\/06\/ASH_IMG2025_000.jpg?fit=1200%2C675&ssl=1&resize=525%2C300 1.5x, https:\/\/i0.wp.com\/atlantide-sauna.com\/wp-content\/uploads\/2025\/06\/ASH_IMG2025_000.jpg?fit=1200%2C675&ssl=1&resize=700%2C400 2x, https:\/\/i0.wp.com\/atlantide-sauna.com\/wp-content\/uploads\/2025\/06\/ASH_IMG2025_000.jpg?fit=1200%2C675&ssl=1&resize=1050%2C600 3x"},"classes":[]},{"id":4786,"url":"https:\/\/atlantide-sauna.com\/en\/sauna-hammam\/club-backroom-glory-holes-sling-croix-de-st-andre-paris\/","url_meta":{"origin":4868,"position":3},"title":"Club Backroom Glory Holes Sling Croix de st Andr\u00e9 Paris","author":"Atlantide Sauna","date":"22\/05\/2025","format":false,"excerpt":"Club Libertin Backroom Glory Holes Sling Croix de St Andr\u00e9 in Paris 12 Tolerance and diversity of sexual orientations are the hallmarks of Atlantide Sauna, where you can organize your booty calls in a relaxed, relaxed atmosphere, close to Gare de Lyon, while meeting people who interest you. Club backroom\u2026","rel":"","context":"In &quot;Sauna Hammam&quot;","block_context":{"text":"Sauna Hammam","link":"https:\/\/atlantide-sauna.com\/en\/category\/sauna-hammam-en\/"},"img":{"alt_text":"Sling Backroom Croix de St  Andr\u00e9","src":"https:\/\/i0.wp.com\/atlantide-sauna.com\/wp-content\/uploads\/2025\/06\/ASH_IMG2025_014-1.jpg?fit=1200%2C675&ssl=1&resize=350%2C200","width":350,"height":200,"srcset":"https:\/\/i0.wp.com\/atlantide-sauna.com\/wp-content\/uploads\/2025\/06\/ASH_IMG2025_014-1.jpg?fit=1200%2C675&ssl=1&resize=350%2C200 1x, https:\/\/i0.wp.com\/atlantide-sauna.com\/wp-content\/uploads\/2025\/06\/ASH_IMG2025_014-1.jpg?fit=1200%2C675&ssl=1&resize=525%2C300 1.5x, https:\/\/i0.wp.com\/atlantide-sauna.com\/wp-content\/uploads\/2025\/06\/ASH_IMG2025_014-1.jpg?fit=1200%2C675&ssl=1&resize=700%2C400 2x, https:\/\/i0.wp.com\/atlantide-sauna.com\/wp-content\/uploads\/2025\/06\/ASH_IMG2025_014-1.jpg?fit=1200%2C675&ssl=1&resize=1050%2C600 3x"},"classes":[]},{"id":4864,"url":"https:\/\/atlantide-sauna.com\/en\/sauna-hammam\/hammam-libertin-paris-12\/","url_meta":{"origin":4868,"position":4},"title":"Hammam libertin Paris 12","author":"Atlantide Sauna","date":"22\/05\/2025","format":false,"excerpt":"Hammam libertin Paris 12 What makes Atlantide Sauna so special is that it's a libertine steam room in the heart of Paris. Our libertine sauna welcomes couples as well as bi or gay lovers. A welcoming staff and an intimate, soothing atmosphere - that's what we offer. Find out more\u2026","rel":"","context":"In &quot;Sauna Hammam&quot;","block_context":{"text":"Sauna Hammam","link":"https:\/\/atlantide-sauna.com\/en\/category\/sauna-hammam-en\/"},"img":{"alt_text":"","src":"","width":0,"height":0},"classes":[]},{"id":4861,"url":"https:\/\/atlantide-sauna.com\/en\/sauna-hammam\/rencontre-coquines-paris-12\/","url_meta":{"origin":4868,"position":5},"title":"Rencontre coquines Paris 12","author":"Atlantide Sauna","date":"22\/05\/2025","format":false,"excerpt":"Rencontre coquines Paris 12 If you're into pansexual libertinism and candaulism, you now have a place to meet in Paris near the Gare de Lyon: Atlantide Sauna. Open 7\/7, we are a mixed sauna hammam where courtesy and tolerance are the rule. In our libertine sex club, you'll enjoy a\u2026","rel":"","context":"In &quot;Sauna Hammam&quot;","block_context":{"text":"Sauna Hammam","link":"https:\/\/atlantide-sauna.com\/en\/category\/sauna-hammam-en\/"},"img":{"alt_text":"","src":"","width":0,"height":0},"classes":[]}],"jetpack_sharing_enabled":true,"_links":{"self":[{"href":"https:\/\/atlantide-sauna.com\/en\/wp-json\/wp\/v2\/pages\/4868","targetHints":{"allow":["GET"]}}],"collection":[{"href":"https:\/\/atlantide-sauna.com\/en\/wp-json\/wp\/v2\/pages"}],"about":[{"href":"https:\/\/atlantide-sauna.com\/en\/wp-json\/wp\/v2\/types\/page"}],"author":[{"embeddable":true,"href":"https:\/\/atlantide-sauna.com\/en\/wp-json\/wp\/v2\/users\/4"}],"replies":[{"embeddable":true,"href":"https:\/\/atlantide-sauna.com\/en\/wp-json\/wp\/v2\/comments?post=4868"}],"version-history":[{"count":0,"href":"https:\/\/atlantide-sauna.com\/en\/wp-json\/wp\/v2\/pages\/4868\/revisions"}],"up":[{"embeddable":true,"href":"https:\/\/atlantide-sauna.com\/en\/wp-json\/wp\/v2\/pages\/1099"}],"wp:attachment":[{"href":"https:\/\/atlantide-sauna.com\/en\/wp-json\/wp\/v2\/media?parent=4868"}],"curies":[{"name":"wp","href":"https:\/\/api.w.org\/{rel}","templated":true}]}}