{"id":5082,"date":"2025-05-22T19:20:03","date_gmt":"2025-05-22T17:20:03","guid":{"rendered":"https:\/\/atlantide-sauna.com\/sauna-hammam\/sauna-hammam-couple-paris\/"},"modified":"2025-05-22T19:20:03","modified_gmt":"2025-05-22T17:20:03","slug":"sauna-hammam-couple-paris","status":"publish","type":"page","link":"https:\/\/atlantide-sauna.com\/en\/sauna-hammam\/sauna-hammam-couple-paris\/","title":{"rendered":"Sauna hammam couple paris"},"content":{"rendered":"<p class=\"chapo\">At Atlantide Sauna you&#8217;ll find the ideal conditions for your libertine encounters. In the bar, the hammam or the sauna, enjoy relaxation in a friendly atmosphere. Private or collective relaxation areas are at your disposal to give free rein to your senses!&#8221;  <\/p>\n<p id=\"cta\">Find out more about : <a href=\"http:\/\/www.atlantide-sauna.com\/\">Sauna hammam couple paris<\/a><\/p>\n<p>As you step through the door of the Atlantide Sauna, you&#8217;ll find that everything is designed to help you meet new people, relax and enjoy a wide range of sexual activities. From the bar to the video lounges, you&#8217;ll move on to the hammam, tiled and scented with essential oils. <\/p>\n<h2>Special equipment for your relaxation and sexuality<\/h2>\n<p>The sauna and steam room are fully equipped to give free rein to your wildest fantasies. Bathrobes and sandals can be rented, and towels, lubricating gel and condoms are provided free of charge. Of course, at l&#8217;Atlantide, absolute hygiene is a must.  <\/p>\n<p id=\"nl\">Other searches: <a href=\"http:\/\/www.atlantide-sauna.com\/sauna-hammam\/sauna-mixte-couples\">Sauna mixed couples<\/a>, <a href=\"http:\/\/www.atlantide-sauna.com\/sauna-hammam\/hammam-sauna\">Hammam sauna<\/a>, <a href=\"http:\/\/www.atlantide-sauna.com\/sauna-hammam\/rencontres-libertines\">Rencontres libertines<\/a>.<\/p>\n","protected":false},"excerpt":{"rendered":"<p>At Atlantide Sauna you&#8217;ll find the ideal conditions for your libertine encounters. In the bar, the hammam or the sauna, enjoy relaxation in a friendly atmosphere. Private or collective relaxation areas are at your disposal to give free rein to your senses!&#8221; Find out more about : Sauna hammam couple paris As you step through [&hellip;]<\/p>\n","protected":false},"author":4,"featured_media":5075,"parent":1099,"menu_order":33,"comment_status":"closed","ping_status":"closed","template":"","meta":{"footnotes":""},"class_list":["post-5082","page","type-page","status-publish","has-post-thumbnail","hentry"],"yoast_head":"<!-- This site is optimized with the Yoast SEO Premium plugin v27.5 (Yoast SEO v27.5) - https:\/\/yoast.com\/product\/yoast-seo-premium-wordpress\/ -->\n<title>Special equipment for your sexuality - Atlantide Sauna<\/title>\n<meta name=\"description\" content=\"L&#039;Atlantide Sauna offers specific equipment for your relaxation and sexuality, promoting unique encounters.\" \/>\n<meta name=\"robots\" content=\"index, follow, max-snippet:-1, max-image-preview:large, max-video-preview:-1\" \/>\n<link rel=\"canonical\" href=\"https:\/\/atlantide-sauna.com\/en\/sauna-hammam\/sauna-hammam-couple-paris\/\" \/>\n<meta property=\"og:locale\" content=\"en_US\" \/>\n<meta property=\"og:type\" content=\"article\" \/>\n<meta property=\"og:title\" content=\"Sauna hammam couple paris\" \/>\n<meta property=\"og:description\" content=\"L&#039;Atlantide Sauna offers specific equipment for your relaxation and sexuality, promoting unique encounters.\" \/>\n<meta property=\"og:url\" content=\"https:\/\/atlantide-sauna.com\/en\/sauna-hammam\/sauna-hammam-couple-paris\/\" \/>\n<meta property=\"og:site_name\" content=\"Atlantide Sauna\" \/>\n<meta property=\"article:publisher\" content=\"https:\/\/www.facebook.com\/profile.php?id=100082829877238\" \/>\n<meta property=\"og:image\" content=\"https:\/\/atlantide-sauna.com\/wp-content\/uploads\/2025\/10\/ASH_IMG2025_014.jpg\" \/>\n\t<meta property=\"og:image:width\" content=\"1440\" \/>\n\t<meta property=\"og:image:height\" content=\"810\" \/>\n\t<meta property=\"og:image:type\" content=\"image\/jpeg\" \/>\n<meta name=\"twitter:card\" content=\"summary_large_image\" \/>\n<meta name=\"twitter:site\" content=\"@atlantidesauna\" \/>\n<meta name=\"twitter:label1\" content=\"Est. reading time\" \/>\n\t<meta name=\"twitter:data1\" content=\"1 minute\" \/>\n<script type=\"application\/ld+json\" class=\"yoast-schema-graph\">{\"@context\":\"https:\\\/\\\/schema.org\",\"@graph\":[{\"@type\":\"WebPage\",\"@id\":\"https:\\\/\\\/atlantide-sauna.com\\\/en\\\/sauna-hammam\\\/sauna-hammam-couple-paris\\\/\",\"url\":\"https:\\\/\\\/atlantide-sauna.com\\\/en\\\/sauna-hammam\\\/sauna-hammam-couple-paris\\\/\",\"name\":\"Special equipment for your sexuality - Atlantide Sauna\",\"isPartOf\":{\"@id\":\"https:\\\/\\\/atlantide-sauna.com\\\/en\\\/#website\"},\"primaryImageOfPage\":{\"@id\":\"https:\\\/\\\/atlantide-sauna.com\\\/en\\\/sauna-hammam\\\/sauna-hammam-couple-paris\\\/#primaryimage\"},\"image\":{\"@id\":\"https:\\\/\\\/atlantide-sauna.com\\\/en\\\/sauna-hammam\\\/sauna-hammam-couple-paris\\\/#primaryimage\"},\"thumbnailUrl\":\"https:\\\/\\\/i0.wp.com\\\/atlantide-sauna.com\\\/wp-content\\\/uploads\\\/2025\\\/10\\\/ASH_IMG2025_014.jpg?fit=1440%2C810&ssl=1\",\"datePublished\":\"2025-05-22T17:20:03+00:00\",\"description\":\"L'Atlantide Sauna offers specific equipment for your relaxation and sexuality, promoting unique encounters.\",\"breadcrumb\":{\"@id\":\"https:\\\/\\\/atlantide-sauna.com\\\/en\\\/sauna-hammam\\\/sauna-hammam-couple-paris\\\/#breadcrumb\"},\"inLanguage\":\"en-US\",\"potentialAction\":[{\"@type\":\"ReadAction\",\"target\":[\"https:\\\/\\\/atlantide-sauna.com\\\/en\\\/sauna-hammam\\\/sauna-hammam-couple-paris\\\/\"]}]},{\"@type\":\"ImageObject\",\"inLanguage\":\"en-US\",\"@id\":\"https:\\\/\\\/atlantide-sauna.com\\\/en\\\/sauna-hammam\\\/sauna-hammam-couple-paris\\\/#primaryimage\",\"url\":\"https:\\\/\\\/i0.wp.com\\\/atlantide-sauna.com\\\/wp-content\\\/uploads\\\/2025\\\/10\\\/ASH_IMG2025_014.jpg?fit=1440%2C810&ssl=1\",\"contentUrl\":\"https:\\\/\\\/i0.wp.com\\\/atlantide-sauna.com\\\/wp-content\\\/uploads\\\/2025\\\/10\\\/ASH_IMG2025_014.jpg?fit=1440%2C810&ssl=1\",\"width\":1440,\"height\":810},{\"@type\":\"BreadcrumbList\",\"@id\":\"https:\\\/\\\/atlantide-sauna.com\\\/en\\\/sauna-hammam\\\/sauna-hammam-couple-paris\\\/#breadcrumb\",\"itemListElement\":[{\"@type\":\"ListItem\",\"position\":1,\"name\":\"Accueil\",\"item\":\"https:\\\/\\\/atlantide-sauna.com\\\/en\\\/home\\\/\"},{\"@type\":\"ListItem\",\"position\":2,\"name\":\"Sauna Hammam\",\"item\":\"https:\\\/\\\/atlantide-sauna.com\\\/en\\\/decouvrez-notre-sauna-hammam-a-paris\\\/\"},{\"@type\":\"ListItem\",\"position\":3,\"name\":\"Sauna hammam couple paris\"}]},{\"@type\":\"WebSite\",\"@id\":\"https:\\\/\\\/atlantide-sauna.com\\\/en\\\/#website\",\"url\":\"https:\\\/\\\/atlantide-sauna.com\\\/en\\\/\",\"name\":\"Atlantide Sauna\",\"description\":\"Sauna Toutes Tendances Gay Bi Tr**\",\"publisher\":{\"@id\":\"https:\\\/\\\/atlantide-sauna.com\\\/en\\\/#organization\"},\"alternateName\":\"Club libertin Atlantide Sauna Paris\",\"potentialAction\":[{\"@type\":\"SearchAction\",\"target\":{\"@type\":\"EntryPoint\",\"urlTemplate\":\"https:\\\/\\\/atlantide-sauna.com\\\/en\\\/?s={search_term_string}\"},\"query-input\":{\"@type\":\"PropertyValueSpecification\",\"valueRequired\":true,\"valueName\":\"search_term_string\"}}],\"inLanguage\":\"en-US\"},{\"@type\":\"Organization\",\"@id\":\"https:\\\/\\\/atlantide-sauna.com\\\/en\\\/#organization\",\"name\":\"ATLANTIDE SAUNA HAMMAM\",\"alternateName\":\"ATLANTIDE SAUNA HAMMAM\",\"url\":\"https:\\\/\\\/atlantide-sauna.com\\\/en\\\/\",\"logo\":{\"@type\":\"ImageObject\",\"inLanguage\":\"en-US\",\"@id\":\"https:\\\/\\\/atlantide-sauna.com\\\/en\\\/#\\\/schema\\\/logo\\\/image\\\/\",\"url\":\"https:\\\/\\\/atlantide-sauna.com\\\/wp-content\\\/uploads\\\/2025\\\/05\\\/ash_logo_2025_01.svg\",\"contentUrl\":\"https:\\\/\\\/atlantide-sauna.com\\\/wp-content\\\/uploads\\\/2025\\\/05\\\/ash_logo_2025_01.svg\",\"width\":1,\"height\":1,\"caption\":\"ATLANTIDE SAUNA HAMMAM\"},\"image\":{\"@id\":\"https:\\\/\\\/atlantide-sauna.com\\\/en\\\/#\\\/schema\\\/logo\\\/image\\\/\"},\"sameAs\":[\"https:\\\/\\\/www.facebook.com\\\/profile.php?id=100082829877238\",\"https:\\\/\\\/x.com\\\/atlantidesauna\"],\"description\":\"Sauna hammam toutes tendances. Un espace de libert\u00e9, de mixit\u00e9 et de tol\u00e9rance. Chez Atlantide Sauna vous trouverez les conditions id\u00e9ales pour vos rencontres libertines.\",\"email\":\"infos@atlantide-sauna.com\",\"telephone\":\"0143422243\",\"legalName\":\"ATLANTIDE SAUNA HAMMAM\",\"foundingDate\":\"1999-08-09\",\"vatID\":\"FR39423920370\",\"taxID\":\"42392037000016\",\"numberOfEmployees\":{\"@type\":\"QuantitativeValue\",\"minValue\":\"1\",\"maxValue\":\"10\"}}]}<\/script>\n<!-- \/ Yoast SEO Premium plugin. -->","yoast_head_json":{"title":"Special equipment for your sexuality - Atlantide Sauna","description":"L'Atlantide Sauna offers specific equipment for your relaxation and sexuality, promoting unique encounters.","robots":{"index":"index","follow":"follow","max-snippet":"max-snippet:-1","max-image-preview":"max-image-preview:large","max-video-preview":"max-video-preview:-1"},"canonical":"https:\/\/atlantide-sauna.com\/en\/sauna-hammam\/sauna-hammam-couple-paris\/","og_locale":"en_US","og_type":"article","og_title":"Sauna hammam couple paris","og_description":"L'Atlantide Sauna offers specific equipment for your relaxation and sexuality, promoting unique encounters.","og_url":"https:\/\/atlantide-sauna.com\/en\/sauna-hammam\/sauna-hammam-couple-paris\/","og_site_name":"Atlantide Sauna","article_publisher":"https:\/\/www.facebook.com\/profile.php?id=100082829877238","og_image":[{"width":1440,"height":810,"url":"https:\/\/atlantide-sauna.com\/wp-content\/uploads\/2025\/10\/ASH_IMG2025_014.jpg","type":"image\/jpeg"}],"twitter_card":"summary_large_image","twitter_site":"@atlantidesauna","twitter_misc":{"Est. reading time":"1 minute"},"schema":{"@context":"https:\/\/schema.org","@graph":[{"@type":"WebPage","@id":"https:\/\/atlantide-sauna.com\/en\/sauna-hammam\/sauna-hammam-couple-paris\/","url":"https:\/\/atlantide-sauna.com\/en\/sauna-hammam\/sauna-hammam-couple-paris\/","name":"Special equipment for your sexuality - Atlantide Sauna","isPartOf":{"@id":"https:\/\/atlantide-sauna.com\/en\/#website"},"primaryImageOfPage":{"@id":"https:\/\/atlantide-sauna.com\/en\/sauna-hammam\/sauna-hammam-couple-paris\/#primaryimage"},"image":{"@id":"https:\/\/atlantide-sauna.com\/en\/sauna-hammam\/sauna-hammam-couple-paris\/#primaryimage"},"thumbnailUrl":"https:\/\/i0.wp.com\/atlantide-sauna.com\/wp-content\/uploads\/2025\/10\/ASH_IMG2025_014.jpg?fit=1440%2C810&ssl=1","datePublished":"2025-05-22T17:20:03+00:00","description":"L'Atlantide Sauna offers specific equipment for your relaxation and sexuality, promoting unique encounters.","breadcrumb":{"@id":"https:\/\/atlantide-sauna.com\/en\/sauna-hammam\/sauna-hammam-couple-paris\/#breadcrumb"},"inLanguage":"en-US","potentialAction":[{"@type":"ReadAction","target":["https:\/\/atlantide-sauna.com\/en\/sauna-hammam\/sauna-hammam-couple-paris\/"]}]},{"@type":"ImageObject","inLanguage":"en-US","@id":"https:\/\/atlantide-sauna.com\/en\/sauna-hammam\/sauna-hammam-couple-paris\/#primaryimage","url":"https:\/\/i0.wp.com\/atlantide-sauna.com\/wp-content\/uploads\/2025\/10\/ASH_IMG2025_014.jpg?fit=1440%2C810&ssl=1","contentUrl":"https:\/\/i0.wp.com\/atlantide-sauna.com\/wp-content\/uploads\/2025\/10\/ASH_IMG2025_014.jpg?fit=1440%2C810&ssl=1","width":1440,"height":810},{"@type":"BreadcrumbList","@id":"https:\/\/atlantide-sauna.com\/en\/sauna-hammam\/sauna-hammam-couple-paris\/#breadcrumb","itemListElement":[{"@type":"ListItem","position":1,"name":"Accueil","item":"https:\/\/atlantide-sauna.com\/en\/home\/"},{"@type":"ListItem","position":2,"name":"Sauna Hammam","item":"https:\/\/atlantide-sauna.com\/en\/decouvrez-notre-sauna-hammam-a-paris\/"},{"@type":"ListItem","position":3,"name":"Sauna hammam couple paris"}]},{"@type":"WebSite","@id":"https:\/\/atlantide-sauna.com\/en\/#website","url":"https:\/\/atlantide-sauna.com\/en\/","name":"Atlantide Sauna","description":"Sauna Toutes Tendances Gay Bi Tr**","publisher":{"@id":"https:\/\/atlantide-sauna.com\/en\/#organization"},"alternateName":"Club libertin Atlantide Sauna Paris","potentialAction":[{"@type":"SearchAction","target":{"@type":"EntryPoint","urlTemplate":"https:\/\/atlantide-sauna.com\/en\/?s={search_term_string}"},"query-input":{"@type":"PropertyValueSpecification","valueRequired":true,"valueName":"search_term_string"}}],"inLanguage":"en-US"},{"@type":"Organization","@id":"https:\/\/atlantide-sauna.com\/en\/#organization","name":"ATLANTIDE SAUNA HAMMAM","alternateName":"ATLANTIDE SAUNA HAMMAM","url":"https:\/\/atlantide-sauna.com\/en\/","logo":{"@type":"ImageObject","inLanguage":"en-US","@id":"https:\/\/atlantide-sauna.com\/en\/#\/schema\/logo\/image\/","url":"https:\/\/atlantide-sauna.com\/wp-content\/uploads\/2025\/05\/ash_logo_2025_01.svg","contentUrl":"https:\/\/atlantide-sauna.com\/wp-content\/uploads\/2025\/05\/ash_logo_2025_01.svg","width":1,"height":1,"caption":"ATLANTIDE SAUNA HAMMAM"},"image":{"@id":"https:\/\/atlantide-sauna.com\/en\/#\/schema\/logo\/image\/"},"sameAs":["https:\/\/www.facebook.com\/profile.php?id=100082829877238","https:\/\/x.com\/atlantidesauna"],"description":"Sauna hammam toutes tendances. Un espace de libert\u00e9, de mixit\u00e9 et de tol\u00e9rance. Chez Atlantide Sauna vous trouverez les conditions id\u00e9ales pour vos rencontres libertines.","email":"infos@atlantide-sauna.com","telephone":"0143422243","legalName":"ATLANTIDE SAUNA HAMMAM","foundingDate":"1999-08-09","vatID":"FR39423920370","taxID":"42392037000016","numberOfEmployees":{"@type":"QuantitativeValue","minValue":"1","maxValue":"10"}}]}},"jetpack_sharing_enabled":true,"_links":{"self":[{"href":"https:\/\/atlantide-sauna.com\/en\/wp-json\/wp\/v2\/pages\/5082","targetHints":{"allow":["GET"]}}],"collection":[{"href":"https:\/\/atlantide-sauna.com\/en\/wp-json\/wp\/v2\/pages"}],"about":[{"href":"https:\/\/atlantide-sauna.com\/en\/wp-json\/wp\/v2\/types\/page"}],"author":[{"embeddable":true,"href":"https:\/\/atlantide-sauna.com\/en\/wp-json\/wp\/v2\/users\/4"}],"replies":[{"embeddable":true,"href":"https:\/\/atlantide-sauna.com\/en\/wp-json\/wp\/v2\/comments?post=5082"}],"version-history":[{"count":0,"href":"https:\/\/atlantide-sauna.com\/en\/wp-json\/wp\/v2\/pages\/5082\/revisions"}],"up":[{"embeddable":true,"href":"https:\/\/atlantide-sauna.com\/en\/wp-json\/wp\/v2\/pages\/1099"}],"wp:featuredmedia":[{"embeddable":true,"href":"https:\/\/atlantide-sauna.com\/en\/wp-json\/wp\/v2\/media\/5075"}],"wp:attachment":[{"href":"https:\/\/atlantide-sauna.com\/en\/wp-json\/wp\/v2\/media?parent=5082"}],"curies":[{"name":"wp","href":"https:\/\/api.w.org\/{rel}","templated":true}]}}