{"id":510,"date":"2022-07-16T17:25:33","date_gmt":"2022-07-16T15:25:33","guid":{"rendered":"https:\/\/dev.atlantide-sauna.com\/faq-practical-information\/"},"modified":"2025-06-19T15:18:46","modified_gmt":"2025-06-19T13:18:46","slug":"faq-practical-information","status":"publish","type":"page","link":"https:\/\/atlantide-sauna.com\/en\/faq-practical-information\/","title":{"rendered":"Information"},"content":{"rendered":"<h5 class=\"uk-alert\" style=\"text-align: left\">WHAT ARE THE OPENING HOURS AT THE ATLANTIDE SAUNA?<\/h5>\n<p class=\"uk-alert uk-alert-success\" style=\"padding-left: 40px;text-align: justify\">Every day from noon to 10:00 pm, including Sundays and public holidays. Other opening times can be arranged for special events. <\/p>\n<h5 class=\"uk-alert\" style=\"text-align: left\">WHEN ARE THE MOST PEOPLE AT THE ATLANTIDE SAUNA?<\/h5>\n<p class=\"uk-alert uk-alert-success\" style=\"padding-left: 40px;text-align: justify\">A question for Madame Irma and her crystal ball! As a general rule (but there are plenty of exceptions), it&#8217;s busier during the day! Our establishment fills up to reach its peak between 3pm and 7pm! and then attendance drops off until closing time.  <\/p>\n<h5 class=\"uk-alert\" style=\"text-align: left\">WHO CAN COME TO THE ATLANTIDE SAUNA?<\/h5>\n<p class=\"uk-alert uk-alert-success\" style=\"padding-left: 40px;text-align: justify\">Absolutely everyone. However, certain attitudes may lead us to refuse entry to certain people who are aggressive, under the influence of alcohol or drugs, intolerant or dirty. Our aim is to ensure a good atmosphere and respect for all.  <\/p>\n<h5 class=\"uk-alert\" style=\"text-align: left\">CAN WE COME ALONE?<\/h5>\n<p class=\"uk-alert uk-alert-success\" style=\"padding-left: 40px;text-align: justify\"><strong>YES!<\/strong>  At l&#8217;Atlantide, you can come alone. However, if you come with a girlfriend, that&#8217;s even better. <\/p>\n<h5 class=\"uk-alert\" style=\"text-align: left\">IS THERE A DRESS CODE AT L&#8217;ATLANTIDE?<\/h5>\n<p class=\"uk-alert uk-alert-warning\" style=\"padding-left: 40px;text-align: justify\"><strong>NO!<\/strong>  Come as you like! But clean and with a smile! <\/p>\n<h5 class=\"uk-alert\" style=\"text-align: left\">CAN I ENTER IF I&#8217;M A MINOR?<\/h5>\n<p class=\"uk-alert uk-alert-danger\" style=\"padding-left: 40px;text-align: justify\"><strong>NO!<\/strong>  Absolutely not! We don&#8217;t allow minors on the premises!<\/p>\n<h5 class=\"uk-alert\" style=\"text-align: left\">CAN I GET IN IF I&#8217;M BLACK, ARAB, TURKISH, DISABLED?<\/h5>\n<p class=\"uk-alert uk-alert-success\" style=\"padding-left: 40px;text-align: justify\"><strong>YES!  <\/strong>Our establishment is opposed to any form of physical or cultural discrimination. Long live diversity! <\/p>\n<h5 class=\"uk-alert\" style=\"text-align: left\">WHAT DO WE MEAN BY A WOMAN AT ATLANTIDE SAUNA?<\/h5>\n<p class=\"uk-alert uk-alert-success\" style=\"padding-left: 40px;text-align: justify\">In view of the variety of cases and to facilitate our work, we have decided to consider as women all human beings who present themselves as women. This includes transvestites, transsexuals&#8230;<br \/>\nHowever, to facilitate the work of our reception staff, we have decided to reserve the women&#8217;s rate only for people who present themselves as women at reception. <\/p>\n<h5 class=\"uk-alert\" style=\"text-align: left\">WHO CAN BENEFIT FROM THE WOMEN&#8217;S RATE?<\/h5>\n<p class=\"uk-alert uk-alert-success\" style=\"padding-left: 40px;text-align: justify\">All persons who present themselves at reception in the guise of a woman (women, trans, trav). Men who cross-dress inside the establishment and present themselves at reception as men pay the entry fee reserved for men, (even those who don a wig in the reception area). How logical!  <\/p>\n<h5 class=\"uk-alert\" style=\"text-align: left\">WHEN ARE THERE THE MOST WOMEN AT THE ATLANTIDE SAUNA?<\/h5>\n<p class=\"uk-alert uk-alert-success\" style=\"padding-left: 40px;text-align: justify\">A difficult question to answer without a crystal ball! Every day, we see women who come freely to take a sauna, and sometimes for sexual encounters. Some of them are looking for one or more partners, while others are looking only for their partner. What they all have in common is that they are not prostitutes, and therefore not at the service of the men present. They are the ones who decide what they want or don&#8217;t want. To have the best chance of having an affair with one of them, you need: patience, luck, good manners and to please them!     <\/p>\n<h5 class=\"uk-alert\" style=\"text-align: left\">WHEN ARE THE MOST BI TRANS TRAVS TO BE FOUND?<\/h5>\n<p class=\"uk-alert uk-alert-success\" style=\"padding-left: 40px;text-align: justify\">We can meet Bi Trans Travs every day and at any time, not just at the parties that put them in the spotlight! But to answer categorically, we&#8217;d need a crystal ball or clairvoyant powers, which we don&#8217;t have. On a more serious note, all our customers have the annoying habit of not letting us know when they&#8217;re coming (apart from a few rare exceptions). So we have to rely a little on luck and give ourselves a little time, because it&#8217;s not a day that goes by when we don&#8217;t receive a visit from a Bi Trans or Trav customer!   <\/p>\n<h5 class=\"uk-alert\" style=\"text-align: left\">CAN YOU COME IN DRAG EVERY DAY?<\/h5>\n<p class=\"uk-alert uk-alert-success\" style=\"padding-left: 40px;text-align: justify\"><strong>YES!<\/strong>  Of course, transvestites are welcome every day and at any time!<\/p>\n<h5 class=\"uk-alert\" style=\"text-align: left\">WHEN ARE THE BEST ENCOUNTERS?<\/h5>\n<p class=\"uk-alert uk-alert-success\" style=\"padding-left: 40px;text-align: justify\">It&#8217;s not a question of timing, but of luck and desires shared with another person or persons!<br \/>\nThe best encounters don&#8217;t always happen when there are more people around! You have to rely on luck and competition! <\/p>\n<h5 class=\"uk-alert\" style=\"text-align: left\">HOW TO MAXIMISE YOUR CHANCES OF DATING?<\/h5>\n<p class=\"uk-alert uk-alert-success\" style=\"padding-left: 40px;text-align: justify\">Anybody who frequents this kind of establishment knows that an encounter is based on very few things: an attraction, a moment of excitement, a fantasy&#8230; It gets a little more complicated if the other person doesn&#8217;t share the same attraction or the same fantasy&#8230; You have to accept this universal rule and remain open to new possibilities and tolerant of refusals. That&#8217;s the mindset every customer should have when they visit us. But Atlantide Sauna goes one step further and offers you the possibility of communicating with other customers to arrange a meeting even before you visit us. So don&#8217;t hesitate to fill in your profile on this site and leave regular messages, and you&#8217;ll increase your chances of making new acquaintances!   <\/p>\n","protected":false},"excerpt":{"rendered":"<p>WHAT ARE THE OPENING HOURS AT THE ATLANTIDE SAUNA? Every day from noon to 10:00 pm, including Sundays and public holidays. Other opening times can be arranged for special events. WHEN ARE THE MOST PEOPLE AT THE ATLANTIDE SAUNA? A question for Madame Irma and her crystal ball! As a general rule (but there are [&hellip;]<\/p>\n","protected":false},"author":4,"featured_media":214,"parent":0,"menu_order":7,"comment_status":"closed","ping_status":"closed","template":"","meta":{"footnotes":""},"class_list":["post-510","page","type-page","status-publish","has-post-thumbnail","hentry"],"yoast_head":"<!-- This site is optimized with the Yoast SEO Premium plugin v27.2 (Yoast SEO v27.2) - https:\/\/yoast.com\/product\/yoast-seo-premium-wordpress\/ -->\n<title>Practical information about your sauna: opening hours - Atlantide Sauna<\/title>\n<meta name=\"description\" content=\"See practical information about your sauna, including opening hours and access rules.\" \/>\n<meta name=\"robots\" content=\"index, follow, max-snippet:-1, max-image-preview:large, max-video-preview:-1\" \/>\n<link rel=\"canonical\" href=\"https:\/\/atlantide-sauna.com\/en\/faq-practical-information\/\" \/>\n<meta property=\"og:locale\" content=\"en_US\" \/>\n<meta property=\"og:type\" content=\"article\" \/>\n<meta property=\"og:title\" content=\"Information\" \/>\n<meta property=\"og:description\" content=\"See practical information about your sauna, including opening hours and access rules.\" \/>\n<meta property=\"og:url\" content=\"https:\/\/atlantide-sauna.com\/en\/faq-practical-information\/\" \/>\n<meta property=\"og:site_name\" content=\"Atlantide Sauna\" \/>\n<meta property=\"article:publisher\" content=\"https:\/\/www.facebook.com\/profile.php?id=100082829877238\" \/>\n<meta property=\"article:modified_time\" content=\"2025-06-19T13:18:46+00:00\" \/>\n<meta property=\"og:image\" content=\"https:\/\/atlantide-sauna.com\/wp-content\/uploads\/2014\/04\/ASH_IMG_0180_675_1200-e1748345108440.jpg\" \/>\n\t<meta property=\"og:image:width\" content=\"675\" \/>\n\t<meta property=\"og:image:height\" content=\"380\" \/>\n\t<meta property=\"og:image:type\" content=\"image\/jpeg\" \/>\n<meta name=\"twitter:card\" content=\"summary_large_image\" \/>\n<meta name=\"twitter:site\" content=\"@atlantidesauna\" \/>\n<meta name=\"twitter:label1\" content=\"Est. reading time\" \/>\n\t<meta name=\"twitter:data1\" content=\"4 minutes\" \/>\n<script type=\"application\/ld+json\" class=\"yoast-schema-graph\">{\"@context\":\"https:\/\/schema.org\",\"@graph\":[{\"@type\":\"WebPage\",\"@id\":\"https:\/\/atlantide-sauna.com\/en\/faq-practical-information\/\",\"url\":\"https:\/\/atlantide-sauna.com\/en\/faq-practical-information\/\",\"name\":\"Practical information about your sauna: opening hours - Atlantide Sauna\",\"isPartOf\":{\"@id\":\"https:\/\/atlantide-sauna.com\/en\/#website\"},\"primaryImageOfPage\":{\"@id\":\"https:\/\/atlantide-sauna.com\/en\/faq-practical-information\/#primaryimage\"},\"image\":{\"@id\":\"https:\/\/atlantide-sauna.com\/en\/faq-practical-information\/#primaryimage\"},\"thumbnailUrl\":\"https:\/\/i0.wp.com\/atlantide-sauna.com\/wp-content\/uploads\/2014\/04\/ASH_IMG_0180_675_1200-e1748345108440.jpg?fit=675%2C380&ssl=1\",\"datePublished\":\"2022-07-16T15:25:33+00:00\",\"dateModified\":\"2025-06-19T13:18:46+00:00\",\"description\":\"See practical information about your sauna, including opening hours and access rules.\",\"breadcrumb\":{\"@id\":\"https:\/\/atlantide-sauna.com\/en\/faq-practical-information\/#breadcrumb\"},\"inLanguage\":\"en-US\",\"potentialAction\":[{\"@type\":\"ReadAction\",\"target\":[\"https:\/\/atlantide-sauna.com\/en\/faq-practical-information\/\"]}]},{\"@type\":\"ImageObject\",\"inLanguage\":\"en-US\",\"@id\":\"https:\/\/atlantide-sauna.com\/en\/faq-practical-information\/#primaryimage\",\"url\":\"https:\/\/i0.wp.com\/atlantide-sauna.com\/wp-content\/uploads\/2014\/04\/ASH_IMG_0180_675_1200-e1748345108440.jpg?fit=675%2C380&ssl=1\",\"contentUrl\":\"https:\/\/i0.wp.com\/atlantide-sauna.com\/wp-content\/uploads\/2014\/04\/ASH_IMG_0180_675_1200-e1748345108440.jpg?fit=675%2C380&ssl=1\",\"width\":675,\"height\":380,\"caption\":\"Atlantide Sauna Paris - Informations pratiques\"},{\"@type\":\"BreadcrumbList\",\"@id\":\"https:\/\/atlantide-sauna.com\/en\/faq-practical-information\/#breadcrumb\",\"itemListElement\":[{\"@type\":\"ListItem\",\"position\":1,\"name\":\"Accueil\",\"item\":\"https:\/\/atlantide-sauna.com\/en\/home\/\"},{\"@type\":\"ListItem\",\"position\":2,\"name\":\"Information\"}]},{\"@type\":\"WebSite\",\"@id\":\"https:\/\/atlantide-sauna.com\/en\/#website\",\"url\":\"https:\/\/atlantide-sauna.com\/en\/\",\"name\":\"Atlantide Sauna\",\"description\":\"Sauna Toutes Tendances Gay Bi Tr**\",\"publisher\":{\"@id\":\"https:\/\/atlantide-sauna.com\/en\/#organization\"},\"alternateName\":\"Club libertin Atlantide Sauna Paris\",\"potentialAction\":[{\"@type\":\"SearchAction\",\"target\":{\"@type\":\"EntryPoint\",\"urlTemplate\":\"https:\/\/atlantide-sauna.com\/en\/?s={search_term_string}\"},\"query-input\":{\"@type\":\"PropertyValueSpecification\",\"valueRequired\":true,\"valueName\":\"search_term_string\"}}],\"inLanguage\":\"en-US\"},{\"@type\":\"Organization\",\"@id\":\"https:\/\/atlantide-sauna.com\/en\/#organization\",\"name\":\"ATLANTIDE SAUNA HAMMAM\",\"alternateName\":\"ATLANTIDE SAUNA HAMMAM\",\"url\":\"https:\/\/atlantide-sauna.com\/en\/\",\"logo\":{\"@type\":\"ImageObject\",\"inLanguage\":\"en-US\",\"@id\":\"https:\/\/atlantide-sauna.com\/en\/#\/schema\/logo\/image\/\",\"url\":\"https:\/\/atlantide-sauna.com\/wp-content\/uploads\/2025\/05\/ash_logo_2025_01.svg\",\"contentUrl\":\"https:\/\/atlantide-sauna.com\/wp-content\/uploads\/2025\/05\/ash_logo_2025_01.svg\",\"width\":1,\"height\":1,\"caption\":\"ATLANTIDE SAUNA HAMMAM\"},\"image\":{\"@id\":\"https:\/\/atlantide-sauna.com\/en\/#\/schema\/logo\/image\/\"},\"sameAs\":[\"https:\/\/www.facebook.com\/profile.php?id=100082829877238\",\"https:\/\/x.com\/atlantidesauna\"],\"description\":\"Sauna hammam toutes tendances. Un espace de libert\u00e9, de mixit\u00e9 et de tol\u00e9rance. Chez Atlantide Sauna vous trouverez les conditions id\u00e9ales pour vos rencontres libertines.\",\"email\":\"infos@atlantide-sauna.com\",\"telephone\":\"0143422243\",\"legalName\":\"ATLANTIDE SAUNA HAMMAM\",\"foundingDate\":\"1999-08-09\",\"vatID\":\"FR39423920370\",\"taxID\":\"42392037000016\",\"numberOfEmployees\":{\"@type\":\"QuantitativeValue\",\"minValue\":\"1\",\"maxValue\":\"10\"}}]}<\/script>\n<!-- \/ Yoast SEO Premium plugin. -->","yoast_head_json":{"title":"Practical information about your sauna: opening hours - Atlantide Sauna","description":"See practical information about your sauna, including opening hours and access rules.","robots":{"index":"index","follow":"follow","max-snippet":"max-snippet:-1","max-image-preview":"max-image-preview:large","max-video-preview":"max-video-preview:-1"},"canonical":"https:\/\/atlantide-sauna.com\/en\/faq-practical-information\/","og_locale":"en_US","og_type":"article","og_title":"Information","og_description":"See practical information about your sauna, including opening hours and access rules.","og_url":"https:\/\/atlantide-sauna.com\/en\/faq-practical-information\/","og_site_name":"Atlantide Sauna","article_publisher":"https:\/\/www.facebook.com\/profile.php?id=100082829877238","article_modified_time":"2025-06-19T13:18:46+00:00","og_image":[{"width":675,"height":380,"url":"https:\/\/atlantide-sauna.com\/wp-content\/uploads\/2014\/04\/ASH_IMG_0180_675_1200-e1748345108440.jpg","type":"image\/jpeg"}],"twitter_card":"summary_large_image","twitter_site":"@atlantidesauna","twitter_misc":{"Est. reading time":"4 minutes"},"schema":{"@context":"https:\/\/schema.org","@graph":[{"@type":"WebPage","@id":"https:\/\/atlantide-sauna.com\/en\/faq-practical-information\/","url":"https:\/\/atlantide-sauna.com\/en\/faq-practical-information\/","name":"Practical information about your sauna: opening hours - Atlantide Sauna","isPartOf":{"@id":"https:\/\/atlantide-sauna.com\/en\/#website"},"primaryImageOfPage":{"@id":"https:\/\/atlantide-sauna.com\/en\/faq-practical-information\/#primaryimage"},"image":{"@id":"https:\/\/atlantide-sauna.com\/en\/faq-practical-information\/#primaryimage"},"thumbnailUrl":"https:\/\/i0.wp.com\/atlantide-sauna.com\/wp-content\/uploads\/2014\/04\/ASH_IMG_0180_675_1200-e1748345108440.jpg?fit=675%2C380&ssl=1","datePublished":"2022-07-16T15:25:33+00:00","dateModified":"2025-06-19T13:18:46+00:00","description":"See practical information about your sauna, including opening hours and access rules.","breadcrumb":{"@id":"https:\/\/atlantide-sauna.com\/en\/faq-practical-information\/#breadcrumb"},"inLanguage":"en-US","potentialAction":[{"@type":"ReadAction","target":["https:\/\/atlantide-sauna.com\/en\/faq-practical-information\/"]}]},{"@type":"ImageObject","inLanguage":"en-US","@id":"https:\/\/atlantide-sauna.com\/en\/faq-practical-information\/#primaryimage","url":"https:\/\/i0.wp.com\/atlantide-sauna.com\/wp-content\/uploads\/2014\/04\/ASH_IMG_0180_675_1200-e1748345108440.jpg?fit=675%2C380&ssl=1","contentUrl":"https:\/\/i0.wp.com\/atlantide-sauna.com\/wp-content\/uploads\/2014\/04\/ASH_IMG_0180_675_1200-e1748345108440.jpg?fit=675%2C380&ssl=1","width":675,"height":380,"caption":"Atlantide Sauna Paris - Informations pratiques"},{"@type":"BreadcrumbList","@id":"https:\/\/atlantide-sauna.com\/en\/faq-practical-information\/#breadcrumb","itemListElement":[{"@type":"ListItem","position":1,"name":"Accueil","item":"https:\/\/atlantide-sauna.com\/en\/home\/"},{"@type":"ListItem","position":2,"name":"Information"}]},{"@type":"WebSite","@id":"https:\/\/atlantide-sauna.com\/en\/#website","url":"https:\/\/atlantide-sauna.com\/en\/","name":"Atlantide Sauna","description":"Sauna Toutes Tendances Gay Bi Tr**","publisher":{"@id":"https:\/\/atlantide-sauna.com\/en\/#organization"},"alternateName":"Club libertin Atlantide Sauna Paris","potentialAction":[{"@type":"SearchAction","target":{"@type":"EntryPoint","urlTemplate":"https:\/\/atlantide-sauna.com\/en\/?s={search_term_string}"},"query-input":{"@type":"PropertyValueSpecification","valueRequired":true,"valueName":"search_term_string"}}],"inLanguage":"en-US"},{"@type":"Organization","@id":"https:\/\/atlantide-sauna.com\/en\/#organization","name":"ATLANTIDE SAUNA HAMMAM","alternateName":"ATLANTIDE SAUNA HAMMAM","url":"https:\/\/atlantide-sauna.com\/en\/","logo":{"@type":"ImageObject","inLanguage":"en-US","@id":"https:\/\/atlantide-sauna.com\/en\/#\/schema\/logo\/image\/","url":"https:\/\/atlantide-sauna.com\/wp-content\/uploads\/2025\/05\/ash_logo_2025_01.svg","contentUrl":"https:\/\/atlantide-sauna.com\/wp-content\/uploads\/2025\/05\/ash_logo_2025_01.svg","width":1,"height":1,"caption":"ATLANTIDE SAUNA HAMMAM"},"image":{"@id":"https:\/\/atlantide-sauna.com\/en\/#\/schema\/logo\/image\/"},"sameAs":["https:\/\/www.facebook.com\/profile.php?id=100082829877238","https:\/\/x.com\/atlantidesauna"],"description":"Sauna hammam toutes tendances. Un espace de libert\u00e9, de mixit\u00e9 et de tol\u00e9rance. Chez Atlantide Sauna vous trouverez les conditions id\u00e9ales pour vos rencontres libertines.","email":"infos@atlantide-sauna.com","telephone":"0143422243","legalName":"ATLANTIDE SAUNA HAMMAM","foundingDate":"1999-08-09","vatID":"FR39423920370","taxID":"42392037000016","numberOfEmployees":{"@type":"QuantitativeValue","minValue":"1","maxValue":"10"}}]}},"jetpack-related-posts":[{"id":5082,"url":"https:\/\/atlantide-sauna.com\/en\/sauna-hammam\/sauna-hammam-couple-paris\/","url_meta":{"origin":510,"position":0},"title":"Sauna hammam couple paris","author":"Atlantide Sauna","date":"22\/05\/2025","format":false,"excerpt":"At Atlantide Sauna you'll find the ideal conditions for your libertine encounters. In the bar, the hammam or the sauna, enjoy relaxation in a friendly atmosphere. Private or collective relaxation areas are at your disposal to give free rein to your senses!\" Find out more about : Sauna hammam couple\u2026","rel":"","context":"In &quot;Sauna Hammam&quot;","block_context":{"text":"Sauna Hammam","link":"https:\/\/atlantide-sauna.com\/en\/category\/sauna-hammam-en\/"},"img":{"alt_text":"","src":"https:\/\/i0.wp.com\/atlantide-sauna.com\/wp-content\/uploads\/2025\/10\/ASH_IMG2025_014.jpg?fit=1200%2C675&ssl=1&resize=350%2C200","width":350,"height":200,"srcset":"https:\/\/i0.wp.com\/atlantide-sauna.com\/wp-content\/uploads\/2025\/10\/ASH_IMG2025_014.jpg?fit=1200%2C675&ssl=1&resize=350%2C200 1x, https:\/\/i0.wp.com\/atlantide-sauna.com\/wp-content\/uploads\/2025\/10\/ASH_IMG2025_014.jpg?fit=1200%2C675&ssl=1&resize=525%2C300 1.5x, https:\/\/i0.wp.com\/atlantide-sauna.com\/wp-content\/uploads\/2025\/10\/ASH_IMG2025_014.jpg?fit=1200%2C675&ssl=1&resize=700%2C400 2x, https:\/\/i0.wp.com\/atlantide-sauna.com\/wp-content\/uploads\/2025\/10\/ASH_IMG2025_014.jpg?fit=1200%2C675&ssl=1&resize=1050%2C600 3x"},"classes":[]},{"id":1123,"url":"https:\/\/atlantide-sauna.com\/en\/sauna-hammam\/atlantis\/","url_meta":{"origin":510,"position":1},"title":"Atlantide Sauna Paris","author":"Atlantide Sauna","date":"25\/11\/2014","format":false,"excerpt":"L'Atlantide Sauna is a mixed hammam and sauna in Paris, a Mecca of libertinism, in a spirit of tolerance and respect for all sexualities. L'Atlantide Sauna has everything it takes to fulfill your most diverse sexual fantasies and to promote encounters between libertines, whether gay or straight couples. At the\u2026","rel":"","context":"In &quot;Sauna Hammam&quot;","block_context":{"text":"Sauna Hammam","link":"https:\/\/atlantide-sauna.com\/en\/category\/sauna-hammam-en\/"},"img":{"alt_text":"Atlantide Sauna Paris","src":"https:\/\/i0.wp.com\/atlantide-sauna.com\/wp-content\/uploads\/2025\/05\/ASH_IMG2023_03-e1748970792165.jpg?fit=1200%2C675&ssl=1&resize=350%2C200","width":350,"height":200,"srcset":"https:\/\/i0.wp.com\/atlantide-sauna.com\/wp-content\/uploads\/2025\/05\/ASH_IMG2023_03-e1748970792165.jpg?fit=1200%2C675&ssl=1&resize=350%2C200 1x, https:\/\/i0.wp.com\/atlantide-sauna.com\/wp-content\/uploads\/2025\/05\/ASH_IMG2023_03-e1748970792165.jpg?fit=1200%2C675&ssl=1&resize=525%2C300 1.5x, https:\/\/i0.wp.com\/atlantide-sauna.com\/wp-content\/uploads\/2025\/05\/ASH_IMG2023_03-e1748970792165.jpg?fit=1200%2C675&ssl=1&resize=700%2C400 2x, https:\/\/i0.wp.com\/atlantide-sauna.com\/wp-content\/uploads\/2025\/05\/ASH_IMG2023_03-e1748970792165.jpg?fit=1200%2C675&ssl=1&resize=1050%2C600 3x"},"classes":[]},{"id":4786,"url":"https:\/\/atlantide-sauna.com\/en\/sauna-hammam\/club-backroom-glory-holes-sling-croix-de-st-andre-paris\/","url_meta":{"origin":510,"position":2},"title":"Club Backroom Glory Holes Sling Croix de st Andr\u00e9 Paris","author":"Atlantide Sauna","date":"22\/05\/2025","format":false,"excerpt":"Club Libertin Backroom Glory Holes Sling Croix de St Andr\u00e9 in Paris 12 Tolerance and diversity of sexual orientations are the hallmarks of Atlantide Sauna, where you can organize your booty calls in a relaxed, relaxed atmosphere, close to Gare de Lyon, while meeting people who interest you. Club backroom\u2026","rel":"","context":"In &quot;Sauna Hammam&quot;","block_context":{"text":"Sauna Hammam","link":"https:\/\/atlantide-sauna.com\/en\/category\/sauna-hammam-en\/"},"img":{"alt_text":"Sling Backroom Croix de St  Andr\u00e9","src":"https:\/\/i0.wp.com\/atlantide-sauna.com\/wp-content\/uploads\/2025\/06\/ASH_IMG2025_014-1.jpg?fit=1200%2C675&ssl=1&resize=350%2C200","width":350,"height":200,"srcset":"https:\/\/i0.wp.com\/atlantide-sauna.com\/wp-content\/uploads\/2025\/06\/ASH_IMG2025_014-1.jpg?fit=1200%2C675&ssl=1&resize=350%2C200 1x, https:\/\/i0.wp.com\/atlantide-sauna.com\/wp-content\/uploads\/2025\/06\/ASH_IMG2025_014-1.jpg?fit=1200%2C675&ssl=1&resize=525%2C300 1.5x, https:\/\/i0.wp.com\/atlantide-sauna.com\/wp-content\/uploads\/2025\/06\/ASH_IMG2025_014-1.jpg?fit=1200%2C675&ssl=1&resize=700%2C400 2x, https:\/\/i0.wp.com\/atlantide-sauna.com\/wp-content\/uploads\/2025\/06\/ASH_IMG2025_014-1.jpg?fit=1200%2C675&ssl=1&resize=1050%2C600 3x"},"classes":[]},{"id":4857,"url":"https:\/\/atlantide-sauna.com\/en\/sauna-hammam\/libertine-club-reviews\/","url_meta":{"origin":510,"position":3},"title":"Libertine club reviews","author":"Atlantide Sauna","date":"22\/05\/2025","format":false,"excerpt":"At l'Atlantide Sauna 13 rue Parrot near the Gare de Lyon, we do everything we can to promote your libertine encounters and booty calls. Private or group relaxation areas welcome you, not forgetting our top-of-the-range sauna or the tiled, scented hammam. To facilitate your encounters, bar, booths and pansexual video\u2026","rel":"","context":"In &quot;Sauna Hammam&quot;","block_context":{"text":"Sauna Hammam","link":"https:\/\/atlantide-sauna.com\/en\/category\/sauna-hammam-en\/"},"img":{"alt_text":"","src":"","width":0,"height":0},"classes":[]},{"id":664,"url":"https:\/\/atlantide-sauna.com\/en\/legal-notice-and-rgpd\/","url_meta":{"origin":510,"position":4},"title":"Legal Notice and RGPD","author":"Atlantide Sauna","date":"20\/05\/2020","format":false,"excerpt":"Definitions Customer: Any professional or capable natural person within the meaning of articles 1123 et seq. of the French Civil Code, or legal entity, who visits the Site which is the subject of these general terms and conditions. Services: ATLANTIDE SAUNA provides customers with : Content: All elements constituting the\u2026","rel":"","context":"In &quot;Atlantide-Sauna&quot;","block_context":{"text":"Atlantide-Sauna","link":"https:\/\/atlantide-sauna.com\/en\/category\/atlantide-sauna-en\/"},"img":{"alt_text":"","src":"","width":0,"height":0},"classes":[]},{"id":4798,"url":"https:\/\/atlantide-sauna.com\/en\/sauna-hammam\/tolerance-and-ethics-for-libertines\/","url_meta":{"origin":510,"position":5},"title":"Tolerance and ethics for libertines","author":"Atlantide Sauna","date":"22\/05\/2025","format":false,"excerpt":"L'Atlantide Sauna: tolerance and ethics for libertines At Atlantide Sauna Paris 12, you'll find the ideal conditions for your libertine encounters. Relax in the bar, steam room or sauna, in a friendly, pansexual atmosphere. Private or collective relaxation areas are at your disposal to give free rein to your senses!\u2026","rel":"","context":"In &quot;Sauna Hammam&quot;","block_context":{"text":"Sauna Hammam","link":"https:\/\/atlantide-sauna.com\/en\/category\/sauna-hammam-en\/"},"img":{"alt_text":"","src":"https:\/\/i0.wp.com\/atlantide-sauna.com\/wp-content\/uploads\/2021\/11\/ASH_IMG2023_09.jpg?fit=1200%2C675&ssl=1&resize=350%2C200","width":350,"height":200,"srcset":"https:\/\/i0.wp.com\/atlantide-sauna.com\/wp-content\/uploads\/2021\/11\/ASH_IMG2023_09.jpg?fit=1200%2C675&ssl=1&resize=350%2C200 1x, https:\/\/i0.wp.com\/atlantide-sauna.com\/wp-content\/uploads\/2021\/11\/ASH_IMG2023_09.jpg?fit=1200%2C675&ssl=1&resize=525%2C300 1.5x, https:\/\/i0.wp.com\/atlantide-sauna.com\/wp-content\/uploads\/2021\/11\/ASH_IMG2023_09.jpg?fit=1200%2C675&ssl=1&resize=700%2C400 2x, https:\/\/i0.wp.com\/atlantide-sauna.com\/wp-content\/uploads\/2021\/11\/ASH_IMG2023_09.jpg?fit=1200%2C675&ssl=1&resize=1050%2C600 3x"},"classes":[]}],"jetpack_sharing_enabled":true,"_links":{"self":[{"href":"https:\/\/atlantide-sauna.com\/en\/wp-json\/wp\/v2\/pages\/510","targetHints":{"allow":["GET"]}}],"collection":[{"href":"https:\/\/atlantide-sauna.com\/en\/wp-json\/wp\/v2\/pages"}],"about":[{"href":"https:\/\/atlantide-sauna.com\/en\/wp-json\/wp\/v2\/types\/page"}],"author":[{"embeddable":true,"href":"https:\/\/atlantide-sauna.com\/en\/wp-json\/wp\/v2\/users\/4"}],"replies":[{"embeddable":true,"href":"https:\/\/atlantide-sauna.com\/en\/wp-json\/wp\/v2\/comments?post=510"}],"version-history":[{"count":6,"href":"https:\/\/atlantide-sauna.com\/en\/wp-json\/wp\/v2\/pages\/510\/revisions"}],"predecessor-version":[{"id":4624,"href":"https:\/\/atlantide-sauna.com\/en\/wp-json\/wp\/v2\/pages\/510\/revisions\/4624"}],"wp:featuredmedia":[{"embeddable":true,"href":"https:\/\/atlantide-sauna.com\/en\/wp-json\/wp\/v2\/media\/214"}],"wp:attachment":[{"href":"https:\/\/atlantide-sauna.com\/en\/wp-json\/wp\/v2\/media?parent=510"}],"curies":[{"name":"wp","href":"https:\/\/api.w.org\/{rel}","templated":true}]}}