{"id":5241,"date":"2025-10-02T18:51:40","date_gmt":"2025-10-02T16:51:40","guid":{"rendered":"https:\/\/atlantide-sauna.com\/contact\/"},"modified":"2026-01-28T17:13:47","modified_gmt":"2026-01-28T16:13:47","slug":"contact","status":"publish","type":"page","link":"https:\/\/atlantide-sauna.com\/en\/contact\/","title":{"rendered":"Contact"},"content":{"rendered":"<h1>Contact<\/h1>\n<div><a href=\"mailto:email@example.com\">infos@atlantide-sauna.com<\/a><\/div>\n<div>\n<p>13, rue Parrot 75012 Paris &#8211; France<\/p>\n<\/div>\n<p>\n        <a href=\"https:\/\/maps.app.goo.gl\/EBrhEct73LrhwHwGA\">Plan<\/a>\n    <\/p>\n<p><!--more--><br \/>\n<!-- {\"type\":\"layout\",\"children\":[{\"name\":\"Contact\",\"type\":\"section\",\"props\":{\"header_transparent\":true,\"header_transparent_noplaceholder\":false,\"header_transparent_text_color\":\"light\",\"height\":\"page\",\"image_position\":\"center-center\",\"padding\":\"xsmall\",\"padding_remove_bottom\":false,\"padding_remove_top\":false,\"style\":\"secondary\",\"title_breakpoint\":\"xl\",\"title_position\":\"top-left\",\"title_rotation\":\"left\",\"vertical_align\":\"\",\"width\":\"large\"},\"children\":[{\"type\":\"row\",\"props\":{\"column_gap\":\"large\",\"layout\":\"1-2,1-2\",\"margin\":\"default\",\"margin_remove_top\":true,\"row_gap\":\"small\"},\"children\":[{\"type\":\"column\",\"props\":{\"image_position\":\"center-center\",\"position_sticky_breakpoint\":\"m\",\"text_color\":\"light\",\"width_medium\":\"1-2\"},\"children\":[{\"type\":\"headline\",\"props\":{\"content\":\"Contact\",\"title_color\":\"emphasis\",\"title_element\":\"h1\",\"title_font_family\":\"primary\",\"title_style\":\"heading-xlarge\"}}]},{\"type\":\"column\",\"props\":{\"image_position\":\"center-center\",\"position_sticky_breakpoint\":\"m\",\"preserve_color\":true,\"width_medium\":\"1-2\"},\"children\":[{\"type\":\"fragment\",\"props\":{\"margin\":\"default\",\"yooessentials_form\":{\"state\":true,\"after_submit_actions\":[{\"type\":\"email\",\"id\":\"EDA91F\",\"props\":{\"html\":true,\"attachments\":[null],\"submitted_attachments\":[\"fichier\"],\"subject\":\"CONTACT WEBSITE\",\"recipients\":\"infos@atlantide-sauna.com,webmaster@atlantide-sauna.com\",\"body\":\"\n\n<p>Ci-dessous demande de contact, formulaire site web.<\\\/p>\\n\n\n<p>Nom : <strong>{nom}<\\\/strong>\\u00a0 -\\u00a0 Pr\\u00e9nom : <strong>{prenom}<br \\\/><\\\/strong>Soci\\u00e9t\\u00e9 : <strong>{societe}<\\\/strong><br \\\/>E-mail : <strong>{email}<\\\/strong><br \\\/>T\\u00e9l\\u00e9phone :\\u00a0<strong>{tel}<\\\/strong><\\\/p>\\n\n\n<p>Sujet : <strong>{Option}<\\\/strong><\\\/p>\\n\n\n<hr \\\/>\\n\n\n<p>Message :<br \\\/>{message}<\\\/p>\",\"from_name\":\"\",\"from\":\"\",\"name\":\"envoyer_message\",\"reply_tos\":\"{email}\"}},{\"type\":\"message\",\"id\":\"17002F\",\"props\":{\"content\":\"\n\n<p><strong>Merci pour votre message !<br \\\/><\\\/strong>Nous allons en prendre connaissance d\\u00e8s que possible et nous vous r\\u00e9pondrons dans les meilleurs d\\u00e9lais.<\\\/p>\\n\n\n<p>A tr\\u00e8s bient\\u00f4t !<\\\/p>\\n\n\n<p>L'\\u00e9quipe ATLANTIDE SAUNA<\\\/p>\",\"modal_center\":true,\"name\":\"merci\",\"yooessentials_access_conditions\":[],\"yooessentials_access_mode\":\"AND\"}},{\"type\":\"redirect\",\"id\":\"6FEAE2\",\"props\":{\"redirect\":\".\\\/\",\"yooessentials_access_conditions\":[],\"yooessentials_access_mode\":\"AND\",\"timeout\":\"2\"}},{\"type\":\"google-sheets-record-upsert\",\"id\":\"8B2044\",\"props\":{\"value_input\":\"INPUT_TYPE_USER_ENTERED\",\"content\":[{\"id\":\"Nom\",\"props\":{\"status\":\"\"},\"source_extended\":{\"props\":{\"value\":{\"query\":{\"name\":\"yooessentials_form_query\"},\"name\":\"nom\"}}}},{\"id\":\"Pr\\u00e9nom\",\"props\":{\"status\":\"\"},\"source_extended\":{\"props\":{\"value\":{\"query\":{\"name\":\"yooessentials_form_query\"},\"name\":\"prenom\"}}}},{\"id\":\"Email\",\"props\":{\"status\":\"\"},\"source_extended\":{\"props\":{\"value\":{\"query\":{\"name\":\"yooessentials_form_query\"},\"name\":\"email\"}}}},{\"id\":\"T\\u00e9l\\u00e9phone\",\"props\":{\"status\":\"\"},\"source_extended\":{\"props\":{\"value\":{\"query\":{\"name\":\"yooessentials_form_query\"},\"name\":\"tel\"}}}},{\"id\":\"Soci\\u00e9t\\u00e9\",\"props\":{\"status\":\"\"},\"source_extended\":{\"props\":{\"value\":{\"query\":{\"name\":\"yooessentials_form_query\"},\"name\":\"societe\"}}}},{\"id\":\"Message\",\"props\":{\"status\":\"\"},\"source_extended\":{\"props\":{\"value\":{\"query\":{\"name\":\"yooessentials_form_query\"},\"name\":\"message\"}}}},{\"id\":\"Type\",\"props\":{\"status\":\"\"},\"source_extended\":{\"props\":{\"value\":{\"query\":{\"name\":\"yooessentials_form_query\"},\"name\":\"option\"}}}},{\"id\":\"Fichiers joints\",\"props\":{\"status\":\"disabled\"}}],\"account\":\"104133647204872238688\",\"sheet_id\":\"1bXsZxKkSryJ6NlV81QSx8PRXtZPNmdamFbLkyoPC47w\",\"sheet_name\":\"Formulaire\",\"name\":\"Enregistrement_Google-Sheet\"}}],\"html5validation\":true,\"reset_after_submit\":true,\"override_action_url\":false,\"action_method\":\"POST\",\"errors_display_modal\":false,\"id\":\"contact_form\"}},\"children\":[{\"type\":\"row\",\"props\":{\"column_gap\":\"large\",\"margin\":\"small\"},\"children\":[{\"type\":\"column\",\"props\":{\"image_position\":\"center-center\",\"position_sticky_breakpoint\":\"m\",\"text_color\":\"dark\"},\"children\":[{\"type\":\"yooessentials_form_input\",\"props\":{\"control_icon\":\"pencil\",\"control_icon_align\":\"left\",\"control_size\":\"large\",\"fullwidth\":false,\"grid_column_gap\":\"small\",\"grid_columns_number\":\"1-2@m\",\"grid_row_gap\":\"small\",\"margin\":\"default\",\"show_icon\":true,\"show_label\":true},\"children\":[{\"type\":\"yooessentials_form_input_text\",\"props\":{\"control_id_inherit\":true,\"control_maxlength\":50,\"control_minlength\":3,\"control_name\":\"nom\",\"control_placeholder\":\"NOM\",\"control_required\":true}},{\"type\":\"yooessentials_form_input_text\",\"props\":{\"control_id_inherit\":true,\"control_maxlength\":50,\"control_minlength\":3,\"control_name\":\"prenom\",\"control_placeholder\":\"PRENOM\",\"control_required\":true}},{\"type\":\"yooessentials_form_input_email\",\"props\":{\"control_icon\":\"antdesign-outlined--mail\",\"control_id_inherit\":true,\"control_name\":\"email\",\"control_placeholder\":\"E-MAIL\"}},{\"type\":\"yooessentials_form_input_tel\",\"props\":{\"control_icon\":\"bootstrap--phone\",\"control_id_inherit\":false,\"control_name\":\"tel\",\"control_placeholder\":\"TELEPHONE\"}}],\"name\":\"nom et pr\\u00e9nom\"},{\"type\":\"yooessentials_form_input\",\"props\":{\"control_icon\":\"pencil\",\"control_icon_align\":\"left\",\"control_size\":\"large\",\"control_width\":\"large\",\"fullwidth\":true,\"grid_column_gap\":\"small\",\"grid_columns_number\":\"auto\",\"grid_row_gap\":\"small\",\"margin\":\"default\",\"show_icon\":true,\"show_label\":true},\"children\":[{\"type\":\"yooessentials_form_input_text\",\"props\":{\"control_icon\":\"boxicons-regular--building-house\",\"control_id_inherit\":true,\"control_maxlength\":50,\"control_minlength\":5,\"control_name\":\"societe\",\"control_required\":false}}],\"name\":\"soci\\u00e9t\\u00e9\"},{\"type\":\"yooessentials_form_textarea\",\"props\":{\"control_id_inherit\":true,\"control_maxlength\":500,\"control_minlength\":4,\"control_name\":\"message\",\"control_placeholder\":\"VOTRE MESSAGE\",\"control_required\":true,\"control_rows\":6,\"control_size\":\"large\",\"margin\":\"default\"}},{\"type\":\"yooessentials_form_radio\",\"props\":{\"control_id_inherit\":true,\"control_label\":\"Veuillez pr\\u00e9viser votre demande\",\"control_layout\":\"vertical\",\"control_name\":\"Option\",\"control_required\":true,\"control_value\":\"divers\",\"margin\":\"default\"},\"children\":[{\"type\":\"yooessentials_form_option\",\"props\":{\"disabled\":false,\"value\":\"Questions diverses\"}},{\"type\":\"yooessentials_form_option\",\"props\":{\"disabled\":false,\"value\":\"Achat en ligne Ticket d'entr\\u00e9e\"}}]},{\"type\":\"yooessentials_form_upload\",\"props\":{\"button_fullwidth\":false,\"button_icon\":\"tablericons-outline--cloud-upload\",\"button_icon_align\":\"left\",\"button_style\":\"default\",\"content\":\"Fichier(s) joint(s)\",\"control_error_message\":\"Fichier(s) non conforme(s). Formats accept\\u00e9s PDF, DOC, JPG, PNG\",\"control_extensions\":\"pdf,jpeg,jpg,png,doc,docx\",\"control_icon_align\":\"left\",\"control_id_inherit\":true,\"control_max_filesize\":\"20MB\",\"control_min_filesize\":\"50KB\",\"control_multiple\":true,\"control_name\":\"fichier\",\"control_required\":false,\"control_size\":\"large\",\"control_unique_filenames\":true,\"control_upload_path\":\"\\\/var\\\/www\\\/vhosts\\\/atlantide-sauna.com\\\/httpdocs\\\/wp-content\\\/uploads\\\/form\",\"control_width\":\"large\",\"layout\":\"default\",\"margin\":\"\",\"margin_remove_top\":false,\"status\":\"disabled\"}},{\"type\":\"yooessentials_form_hcaptcha\",\"props\":{\"control_compliance\":\"Protected by hCaptcha and its <a href=\\\"https:\\\/\\\/hcaptcha.com\\\/privacy\\\">Privacy Policy<\\\/a> and <a href=\\\"https:\\\/\\\/hcaptcha.com\\\/terms\\\">Terms of Service<\\\/a> apply.\",\"control_secret_key\":\"ES_9c7057f95c6d43379fe6a05c60afdb44\",\"control_site_key\":\"08e222d2-a080-4ee2-8638-e7b8c92608b4\",\"control_size\":\"normal\",\"control_theme\":\"light\",\"control_threshold\":\"0.5\",\"control_type\":\"checkbox\"},\"name\":\"hcap\"},{\"type\":\"yooessentials_form_button\",\"props\":{\"button_size\":\"large\",\"fullwidth\":true,\"grid_column_gap\":\"\",\"grid_row_gap\":\"\",\"margin\":\"default\",\"margin_remove_top\":false},\"children\":[{\"type\":\"yooessentials_form_button_item\",\"props\":{\"button_style\":\"primary\",\"content\":\"Envoyer\",\"icon\":\"tablericons-outline--send\",\"icon_align\":\"left\",\"yooessentials_access_conditions\":[],\"yooessentials_access_mode\":\"AND\"}}]}]}]}],\"formid\":\"d2282d6a\",\"name\":\"FORMULAIRE\"}]}]},{\"type\":\"row\",\"props\":{\"column_gap\":\"large\",\"layout\":\"1-2,1-2\",\"margin\":\"remove-vertical\",\"margin_remove_top\":true,\"row_gap\":\"small\"},\"children\":[{\"type\":\"column\",\"props\":{\"image_position\":\"center-center\",\"position_sticky_breakpoint\":\"m\",\"text_color\":\"light\",\"width_medium\":\"1-2\"}},{\"type\":\"column\",\"props\":{\"image_position\":\"center-center\",\"position_sticky_breakpoint\":\"m\",\"preserve_color\":true,\"width_medium\":\"1-2\"}}]}]},{\"type\":\"section\",\"props\":{\"image_position\":\"center-center\",\"style\":\"muted\",\"title_breakpoint\":\"xl\",\"title_position\":\"top-left\",\"title_rotation\":\"left\",\"vertical_align\":\"middle\",\"width\":\"default\"},\"children\":[{\"type\":\"row\",\"children\":[{\"type\":\"column\",\"props\":{\"image_position\":\"center-center\",\"position_sticky_breakpoint\":\"m\"},\"children\":[{\"type\":\"headline\",\"props\":{\"content\":\"infos@atlantide-sauna.com\",\"link\":\"mailto:email@example.com\",\"margin\":\"remove-vertical\",\"title_color\":\"emphasis\",\"title_element\":\"div\",\"title_style\":\"text-large\"}},{\"type\":\"text\",\"props\":{\"column_breakpoint\":\"m\",\"content\":\"\n\n<p>13, rue Parrot 75012 Paris - France<\\\/p>\",\"margin\":\"\",\"text_color\":\"emphasis\"}},{\"type\":\"button\",\"props\":{\"grid_column_gap\":\"small\",\"grid_row_gap\":\"small\",\"margin\":\"default\"},\"children\":[{\"type\":\"button_item\",\"props\":{\"button_style\":\"danger\",\"content\":\"Plan\",\"dialog_layout\":\"modal\",\"dialog_offcanvas_flip\":true,\"icon\":\"location\",\"icon_align\":\"left\",\"image_height\":\"600\",\"image_width\":\"800\",\"link\":\"https:\\\/\\\/maps.app.goo.gl\\\/EBrhEct73LrhwHwGA\",\"link_target\":\"blank\"}}]}]}]}]}],\"version\":\"4.5.33\",\"yooessentialsVersion\":\"2.4.12\"} --><\/p>\n","protected":false},"excerpt":{"rendered":"<p>Contact infos@atlantide-sauna.com 13, rue Parrot 75012 Paris &#8211; France Plan<\/p>\n","protected":false},"author":4,"featured_media":0,"parent":0,"menu_order":0,"comment_status":"closed","ping_status":"closed","template":"","meta":{"footnotes":""},"class_list":["post-5241","page","type-page","status-publish","hentry"],"yoast_head":"<!-- This site is optimized with the Yoast SEO Premium plugin v27.5 (Yoast SEO v27.5) - https:\/\/yoast.com\/product\/yoast-seo-premium-wordpress\/ -->\n<title>Contact - Atlantide Sauna<\/title>\n<meta name=\"robots\" content=\"index, follow, max-snippet:-1, max-image-preview:large, max-video-preview:-1\" \/>\n<link rel=\"canonical\" href=\"https:\/\/atlantide-sauna.com\/en\/contact\/\" \/>\n<meta property=\"og:locale\" content=\"en_US\" \/>\n<meta property=\"og:type\" content=\"article\" \/>\n<meta property=\"og:title\" content=\"Contact\" \/>\n<meta property=\"og:description\" content=\"Contact infos@atlantide-sauna.com 13, rue Parrot 75012 Paris &#8211; France Plan\" \/>\n<meta property=\"og:url\" content=\"https:\/\/atlantide-sauna.com\/en\/contact\/\" \/>\n<meta property=\"og:site_name\" content=\"Atlantide Sauna\" \/>\n<meta property=\"article:publisher\" content=\"https:\/\/www.facebook.com\/profile.php?id=100082829877238\" \/>\n<meta property=\"article:modified_time\" content=\"2026-01-28T16:13:47+00:00\" \/>\n<meta property=\"og:image\" content=\"https:\/\/i0.wp.com\/atlantide-sauna.com\/wp-content\/uploads\/2025\/06\/ASH_IMG2025_000.jpg?fit=1440%2C810&ssl=1\" \/>\n\t<meta property=\"og:image:width\" content=\"1440\" \/>\n\t<meta property=\"og:image:height\" content=\"810\" \/>\n\t<meta property=\"og:image:type\" content=\"image\/jpeg\" \/>\n<meta name=\"twitter:card\" content=\"summary_large_image\" \/>\n<meta name=\"twitter:site\" content=\"@atlantidesauna\" \/>\n<script type=\"application\/ld+json\" class=\"yoast-schema-graph\">{\"@context\":\"https:\\\/\\\/schema.org\",\"@graph\":[{\"@type\":\"WebPage\",\"@id\":\"https:\\\/\\\/atlantide-sauna.com\\\/en\\\/contact\\\/\",\"url\":\"https:\\\/\\\/atlantide-sauna.com\\\/en\\\/contact\\\/\",\"name\":\"Contact - Atlantide Sauna\",\"isPartOf\":{\"@id\":\"https:\\\/\\\/atlantide-sauna.com\\\/en\\\/#website\"},\"datePublished\":\"2025-10-02T16:51:40+00:00\",\"dateModified\":\"2026-01-28T16:13:47+00:00\",\"breadcrumb\":{\"@id\":\"https:\\\/\\\/atlantide-sauna.com\\\/en\\\/contact\\\/#breadcrumb\"},\"inLanguage\":\"en-US\",\"potentialAction\":[{\"@type\":\"ReadAction\",\"target\":[\"https:\\\/\\\/atlantide-sauna.com\\\/en\\\/contact\\\/\"]}]},{\"@type\":\"BreadcrumbList\",\"@id\":\"https:\\\/\\\/atlantide-sauna.com\\\/en\\\/contact\\\/#breadcrumb\",\"itemListElement\":[{\"@type\":\"ListItem\",\"position\":1,\"name\":\"Accueil\",\"item\":\"https:\\\/\\\/atlantide-sauna.com\\\/en\\\/home\\\/\"},{\"@type\":\"ListItem\",\"position\":2,\"name\":\"Contact\"}]},{\"@type\":\"WebSite\",\"@id\":\"https:\\\/\\\/atlantide-sauna.com\\\/en\\\/#website\",\"url\":\"https:\\\/\\\/atlantide-sauna.com\\\/en\\\/\",\"name\":\"Atlantide Sauna\",\"description\":\"Sauna Toutes Tendances Gay Bi Tr**\",\"publisher\":{\"@id\":\"https:\\\/\\\/atlantide-sauna.com\\\/en\\\/#organization\"},\"alternateName\":\"Club libertin Atlantide Sauna Paris\",\"potentialAction\":[{\"@type\":\"SearchAction\",\"target\":{\"@type\":\"EntryPoint\",\"urlTemplate\":\"https:\\\/\\\/atlantide-sauna.com\\\/en\\\/?s={search_term_string}\"},\"query-input\":{\"@type\":\"PropertyValueSpecification\",\"valueRequired\":true,\"valueName\":\"search_term_string\"}}],\"inLanguage\":\"en-US\"},{\"@type\":\"Organization\",\"@id\":\"https:\\\/\\\/atlantide-sauna.com\\\/en\\\/#organization\",\"name\":\"ATLANTIDE SAUNA HAMMAM\",\"alternateName\":\"ATLANTIDE SAUNA HAMMAM\",\"url\":\"https:\\\/\\\/atlantide-sauna.com\\\/en\\\/\",\"logo\":{\"@type\":\"ImageObject\",\"inLanguage\":\"en-US\",\"@id\":\"https:\\\/\\\/atlantide-sauna.com\\\/en\\\/#\\\/schema\\\/logo\\\/image\\\/\",\"url\":\"https:\\\/\\\/atlantide-sauna.com\\\/wp-content\\\/uploads\\\/2025\\\/05\\\/ash_logo_2025_01.svg\",\"contentUrl\":\"https:\\\/\\\/atlantide-sauna.com\\\/wp-content\\\/uploads\\\/2025\\\/05\\\/ash_logo_2025_01.svg\",\"width\":1,\"height\":1,\"caption\":\"ATLANTIDE SAUNA HAMMAM\"},\"image\":{\"@id\":\"https:\\\/\\\/atlantide-sauna.com\\\/en\\\/#\\\/schema\\\/logo\\\/image\\\/\"},\"sameAs\":[\"https:\\\/\\\/www.facebook.com\\\/profile.php?id=100082829877238\",\"https:\\\/\\\/x.com\\\/atlantidesauna\"],\"description\":\"Sauna hammam toutes tendances. Un espace de libert\u00e9, de mixit\u00e9 et de tol\u00e9rance. Chez Atlantide Sauna vous trouverez les conditions id\u00e9ales pour vos rencontres libertines.\",\"email\":\"infos@atlantide-sauna.com\",\"telephone\":\"0143422243\",\"legalName\":\"ATLANTIDE SAUNA HAMMAM\",\"foundingDate\":\"1999-08-09\",\"vatID\":\"FR39423920370\",\"taxID\":\"42392037000016\",\"numberOfEmployees\":{\"@type\":\"QuantitativeValue\",\"minValue\":\"1\",\"maxValue\":\"10\"}}]}<\/script>\n<!-- \/ Yoast SEO Premium plugin. -->","yoast_head_json":{"title":"Contact - Atlantide Sauna","robots":{"index":"index","follow":"follow","max-snippet":"max-snippet:-1","max-image-preview":"max-image-preview:large","max-video-preview":"max-video-preview:-1"},"canonical":"https:\/\/atlantide-sauna.com\/en\/contact\/","og_locale":"en_US","og_type":"article","og_title":"Contact","og_description":"Contact infos@atlantide-sauna.com 13, rue Parrot 75012 Paris &#8211; France Plan","og_url":"https:\/\/atlantide-sauna.com\/en\/contact\/","og_site_name":"Atlantide Sauna","article_publisher":"https:\/\/www.facebook.com\/profile.php?id=100082829877238","article_modified_time":"2026-01-28T16:13:47+00:00","og_image":[{"width":1440,"height":810,"url":"https:\/\/i0.wp.com\/atlantide-sauna.com\/wp-content\/uploads\/2025\/06\/ASH_IMG2025_000.jpg?fit=1440%2C810&ssl=1","type":"image\/jpeg"}],"twitter_card":"summary_large_image","twitter_site":"@atlantidesauna","schema":{"@context":"https:\/\/schema.org","@graph":[{"@type":"WebPage","@id":"https:\/\/atlantide-sauna.com\/en\/contact\/","url":"https:\/\/atlantide-sauna.com\/en\/contact\/","name":"Contact - Atlantide Sauna","isPartOf":{"@id":"https:\/\/atlantide-sauna.com\/en\/#website"},"datePublished":"2025-10-02T16:51:40+00:00","dateModified":"2026-01-28T16:13:47+00:00","breadcrumb":{"@id":"https:\/\/atlantide-sauna.com\/en\/contact\/#breadcrumb"},"inLanguage":"en-US","potentialAction":[{"@type":"ReadAction","target":["https:\/\/atlantide-sauna.com\/en\/contact\/"]}]},{"@type":"BreadcrumbList","@id":"https:\/\/atlantide-sauna.com\/en\/contact\/#breadcrumb","itemListElement":[{"@type":"ListItem","position":1,"name":"Accueil","item":"https:\/\/atlantide-sauna.com\/en\/home\/"},{"@type":"ListItem","position":2,"name":"Contact"}]},{"@type":"WebSite","@id":"https:\/\/atlantide-sauna.com\/en\/#website","url":"https:\/\/atlantide-sauna.com\/en\/","name":"Atlantide Sauna","description":"Sauna Toutes Tendances Gay Bi Tr**","publisher":{"@id":"https:\/\/atlantide-sauna.com\/en\/#organization"},"alternateName":"Club libertin Atlantide Sauna Paris","potentialAction":[{"@type":"SearchAction","target":{"@type":"EntryPoint","urlTemplate":"https:\/\/atlantide-sauna.com\/en\/?s={search_term_string}"},"query-input":{"@type":"PropertyValueSpecification","valueRequired":true,"valueName":"search_term_string"}}],"inLanguage":"en-US"},{"@type":"Organization","@id":"https:\/\/atlantide-sauna.com\/en\/#organization","name":"ATLANTIDE SAUNA HAMMAM","alternateName":"ATLANTIDE SAUNA HAMMAM","url":"https:\/\/atlantide-sauna.com\/en\/","logo":{"@type":"ImageObject","inLanguage":"en-US","@id":"https:\/\/atlantide-sauna.com\/en\/#\/schema\/logo\/image\/","url":"https:\/\/atlantide-sauna.com\/wp-content\/uploads\/2025\/05\/ash_logo_2025_01.svg","contentUrl":"https:\/\/atlantide-sauna.com\/wp-content\/uploads\/2025\/05\/ash_logo_2025_01.svg","width":1,"height":1,"caption":"ATLANTIDE SAUNA HAMMAM"},"image":{"@id":"https:\/\/atlantide-sauna.com\/en\/#\/schema\/logo\/image\/"},"sameAs":["https:\/\/www.facebook.com\/profile.php?id=100082829877238","https:\/\/x.com\/atlantidesauna"],"description":"Sauna hammam toutes tendances. Un espace de libert\u00e9, de mixit\u00e9 et de tol\u00e9rance. Chez Atlantide Sauna vous trouverez les conditions id\u00e9ales pour vos rencontres libertines.","email":"infos@atlantide-sauna.com","telephone":"0143422243","legalName":"ATLANTIDE SAUNA HAMMAM","foundingDate":"1999-08-09","vatID":"FR39423920370","taxID":"42392037000016","numberOfEmployees":{"@type":"QuantitativeValue","minValue":"1","maxValue":"10"}}]}},"jetpack-related-posts":[{"id":5095,"url":"https:\/\/atlantide-sauna.com\/contact\/","url_meta":{"origin":5241,"position":0},"title":"Contact","author":"Atlantide Sauna","date":"02\/10\/2025","format":false,"excerpt":"Contact infos@atlantide-sauna.com 13, rue Parrot 75012 Paris - France Plan","rel":"","context":"Similar post","block_context":{"text":"Similar post","link":""},"img":{"alt_text":"","src":"","width":0,"height":0},"classes":[]},{"id":6210,"url":"https:\/\/atlantide-sauna.com\/en\/contact-2\/","url_meta":{"origin":5241,"position":1},"title":"Contact","author":"Atlantide Sauna","date":"02\/10\/2025","format":false,"excerpt":"Contact infos@atlantide-sauna.com 13, rue Parrot 75012 Paris - France Plan","rel":"","context":"Similar post","block_context":{"text":"Similar post","link":""},"img":{"alt_text":"","src":"","width":0,"height":0},"classes":[]},{"id":5236,"url":"https:\/\/atlantide-sauna.com\/de\/kontakt\/","url_meta":{"origin":5241,"position":2},"title":"Kontakt","author":"Atlantide Sauna","date":"02\/10\/2025","format":false,"excerpt":"Kontakt infos@atlantide-sauna.com 13, rue Parrot 75012 Paris - Frankreich Plan","rel":"","context":"Similar post","block_context":{"text":"Similar post","link":""},"img":{"alt_text":"","src":"","width":0,"height":0},"classes":[]},{"id":6213,"url":"https:\/\/atlantide-sauna.com\/de\/kontakt-2\/","url_meta":{"origin":5241,"position":3},"title":"Kontakt","author":"Atlantide Sauna","date":"02\/10\/2025","format":false,"excerpt":"Kontakt infos@atlantide-sauna.com 13, rue Parrot 75012 Paris - Frankreich Plan","rel":"","context":"Similar post","block_context":{"text":"Similar post","link":""},"img":{"alt_text":"","src":"","width":0,"height":0},"classes":[]},{"id":5239,"url":"https:\/\/atlantide-sauna.com\/es\/ponte-en-contacto-con\/","url_meta":{"origin":5241,"position":4},"title":"Ponte en contacto con","author":"Atlantide Sauna","date":"02\/10\/2025","format":false,"excerpt":"Ponte en contacto con infos@atlantide-sauna.com 13, rue Parrot 75012 Par\u00eds - Francia Plan","rel":"","context":"Similar post","block_context":{"text":"Similar post","link":""},"img":{"alt_text":"","src":"","width":0,"height":0},"classes":[]},{"id":6217,"url":"https:\/\/atlantide-sauna.com\/es\/ponte-en-contacto-con-2\/","url_meta":{"origin":5241,"position":5},"title":"Ponte en contacto con","author":"Atlantide Sauna","date":"02\/10\/2025","format":false,"excerpt":"Ponte en contacto con infos@atlantide-sauna.com 13, rue Parrot 75012 Par\u00eds - Francia Plan","rel":"","context":"Similar post","block_context":{"text":"Similar post","link":""},"img":{"alt_text":"","src":"","width":0,"height":0},"classes":[]}],"jetpack_sharing_enabled":true,"_links":{"self":[{"href":"https:\/\/atlantide-sauna.com\/en\/wp-json\/wp\/v2\/pages\/5241","targetHints":{"allow":["GET"]}}],"collection":[{"href":"https:\/\/atlantide-sauna.com\/en\/wp-json\/wp\/v2\/pages"}],"about":[{"href":"https:\/\/atlantide-sauna.com\/en\/wp-json\/wp\/v2\/types\/page"}],"author":[{"embeddable":true,"href":"https:\/\/atlantide-sauna.com\/en\/wp-json\/wp\/v2\/users\/4"}],"replies":[{"embeddable":true,"href":"https:\/\/atlantide-sauna.com\/en\/wp-json\/wp\/v2\/comments?post=5241"}],"version-history":[{"count":3,"href":"https:\/\/atlantide-sauna.com\/en\/wp-json\/wp\/v2\/pages\/5241\/revisions"}],"predecessor-version":[{"id":8001,"href":"https:\/\/atlantide-sauna.com\/en\/wp-json\/wp\/v2\/pages\/5241\/revisions\/8001"}],"wp:attachment":[{"href":"https:\/\/atlantide-sauna.com\/en\/wp-json\/wp\/v2\/media?parent=5241"}],"curies":[{"name":"wp","href":"https:\/\/api.w.org\/{rel}","templated":true}]}}