{"id":5928,"date":"2025-10-21T16:39:45","date_gmt":"2025-10-21T14:39:45","guid":{"rendered":"https:\/\/atlantide-sauna.com\/my-account\/"},"modified":"2025-11-28T16:28:26","modified_gmt":"2025-11-28T15:28:26","slug":"my-account","status":"publish","type":"page","link":"https:\/\/atlantide-sauna.com\/en\/my-account\/","title":{"rendered":"My account"},"content":{"rendered":"<div class=\"woocommerce\"><\/div>\n","protected":false},"excerpt":{"rendered":"","protected":false},"author":1,"featured_media":0,"parent":0,"menu_order":0,"comment_status":"closed","ping_status":"closed","template":"","meta":{"footnotes":""},"class_list":["post-5928","page","type-page","status-publish","hentry"],"yoast_head":"<!-- This site is optimized with the Yoast SEO Premium plugin v27.2 (Yoast SEO v27.2) - https:\/\/yoast.com\/product\/yoast-seo-premium-wordpress\/ -->\n<title>My account - Atlantide Sauna<\/title>\n<meta name=\"robots\" content=\"index, follow, max-snippet:-1, max-image-preview:large, max-video-preview:-1\" \/>\n<link rel=\"canonical\" href=\"https:\/\/atlantide-sauna.com\/en\/my-account\/\" \/>\n<meta property=\"og:locale\" content=\"en_US\" \/>\n<meta property=\"og:type\" content=\"article\" \/>\n<meta property=\"og:title\" content=\"My account\" \/>\n<meta property=\"og:url\" content=\"https:\/\/atlantide-sauna.com\/en\/my-account\/\" \/>\n<meta property=\"og:site_name\" content=\"Atlantide Sauna\" \/>\n<meta property=\"article:publisher\" content=\"https:\/\/www.facebook.com\/profile.php?id=100082829877238\" \/>\n<meta property=\"article:modified_time\" content=\"2025-11-28T15:28:26+00:00\" \/>\n<meta property=\"og:image\" content=\"https:\/\/i0.wp.com\/atlantide-sauna.com\/wp-content\/uploads\/2025\/06\/ASH_IMG2025_000.jpg?fit=1440%2C810&ssl=1\" \/>\n\t<meta property=\"og:image:width\" content=\"1440\" \/>\n\t<meta property=\"og:image:height\" content=\"810\" \/>\n\t<meta property=\"og:image:type\" content=\"image\/jpeg\" \/>\n<meta name=\"twitter:card\" content=\"summary_large_image\" \/>\n<meta name=\"twitter:site\" content=\"@atlantidesauna\" \/>\n<script type=\"application\/ld+json\" class=\"yoast-schema-graph\">{\"@context\":\"https:\/\/schema.org\",\"@graph\":[{\"@type\":\"WebPage\",\"@id\":\"https:\/\/atlantide-sauna.com\/en\/my-account\/\",\"url\":\"https:\/\/atlantide-sauna.com\/en\/my-account\/\",\"name\":\"My account - Atlantide Sauna\",\"isPartOf\":{\"@id\":\"https:\/\/atlantide-sauna.com\/en\/#website\"},\"datePublished\":\"2025-10-21T14:39:45+00:00\",\"dateModified\":\"2025-11-28T15:28:26+00:00\",\"breadcrumb\":{\"@id\":\"https:\/\/atlantide-sauna.com\/en\/my-account\/#breadcrumb\"},\"inLanguage\":\"en-US\",\"potentialAction\":[{\"@type\":\"ReadAction\",\"target\":[\"https:\/\/atlantide-sauna.com\/en\/my-account\/\"]}]},{\"@type\":\"BreadcrumbList\",\"@id\":\"https:\/\/atlantide-sauna.com\/en\/my-account\/#breadcrumb\",\"itemListElement\":[{\"@type\":\"ListItem\",\"position\":1,\"name\":\"Accueil\",\"item\":\"https:\/\/atlantide-sauna.com\/en\/home\/\"},{\"@type\":\"ListItem\",\"position\":2,\"name\":\"My account\"}]},{\"@type\":\"WebSite\",\"@id\":\"https:\/\/atlantide-sauna.com\/en\/#website\",\"url\":\"https:\/\/atlantide-sauna.com\/en\/\",\"name\":\"Atlantide Sauna\",\"description\":\"Sauna Toutes Tendances Gay Bi Tr**\",\"publisher\":{\"@id\":\"https:\/\/atlantide-sauna.com\/en\/#organization\"},\"alternateName\":\"Club libertin Atlantide Sauna Paris\",\"potentialAction\":[{\"@type\":\"SearchAction\",\"target\":{\"@type\":\"EntryPoint\",\"urlTemplate\":\"https:\/\/atlantide-sauna.com\/en\/?s={search_term_string}\"},\"query-input\":{\"@type\":\"PropertyValueSpecification\",\"valueRequired\":true,\"valueName\":\"search_term_string\"}}],\"inLanguage\":\"en-US\"},{\"@type\":\"Organization\",\"@id\":\"https:\/\/atlantide-sauna.com\/en\/#organization\",\"name\":\"ATLANTIDE SAUNA HAMMAM\",\"alternateName\":\"ATLANTIDE SAUNA HAMMAM\",\"url\":\"https:\/\/atlantide-sauna.com\/en\/\",\"logo\":{\"@type\":\"ImageObject\",\"inLanguage\":\"en-US\",\"@id\":\"https:\/\/atlantide-sauna.com\/en\/#\/schema\/logo\/image\/\",\"url\":\"https:\/\/atlantide-sauna.com\/wp-content\/uploads\/2025\/05\/ash_logo_2025_01.svg\",\"contentUrl\":\"https:\/\/atlantide-sauna.com\/wp-content\/uploads\/2025\/05\/ash_logo_2025_01.svg\",\"width\":1,\"height\":1,\"caption\":\"ATLANTIDE SAUNA HAMMAM\"},\"image\":{\"@id\":\"https:\/\/atlantide-sauna.com\/en\/#\/schema\/logo\/image\/\"},\"sameAs\":[\"https:\/\/www.facebook.com\/profile.php?id=100082829877238\",\"https:\/\/x.com\/atlantidesauna\"],\"description\":\"Sauna hammam toutes tendances. Un espace de libert\u00e9, de mixit\u00e9 et de tol\u00e9rance. Chez Atlantide Sauna vous trouverez les conditions id\u00e9ales pour vos rencontres libertines.\",\"email\":\"infos@atlantide-sauna.com\",\"telephone\":\"0143422243\",\"legalName\":\"ATLANTIDE SAUNA HAMMAM\",\"foundingDate\":\"1999-08-09\",\"vatID\":\"FR39423920370\",\"taxID\":\"42392037000016\",\"numberOfEmployees\":{\"@type\":\"QuantitativeValue\",\"minValue\":\"1\",\"maxValue\":\"10\"}}]}<\/script>\n<!-- \/ Yoast SEO Premium plugin. -->","yoast_head_json":{"title":"My account - Atlantide Sauna","robots":{"index":"index","follow":"follow","max-snippet":"max-snippet:-1","max-image-preview":"max-image-preview:large","max-video-preview":"max-video-preview:-1"},"canonical":"https:\/\/atlantide-sauna.com\/en\/my-account\/","og_locale":"en_US","og_type":"article","og_title":"My account","og_url":"https:\/\/atlantide-sauna.com\/en\/my-account\/","og_site_name":"Atlantide Sauna","article_publisher":"https:\/\/www.facebook.com\/profile.php?id=100082829877238","article_modified_time":"2025-11-28T15:28:26+00:00","og_image":[{"width":1440,"height":810,"url":"https:\/\/i0.wp.com\/atlantide-sauna.com\/wp-content\/uploads\/2025\/06\/ASH_IMG2025_000.jpg?fit=1440%2C810&ssl=1","type":"image\/jpeg"}],"twitter_card":"summary_large_image","twitter_site":"@atlantidesauna","schema":{"@context":"https:\/\/schema.org","@graph":[{"@type":"WebPage","@id":"https:\/\/atlantide-sauna.com\/en\/my-account\/","url":"https:\/\/atlantide-sauna.com\/en\/my-account\/","name":"My account - Atlantide Sauna","isPartOf":{"@id":"https:\/\/atlantide-sauna.com\/en\/#website"},"datePublished":"2025-10-21T14:39:45+00:00","dateModified":"2025-11-28T15:28:26+00:00","breadcrumb":{"@id":"https:\/\/atlantide-sauna.com\/en\/my-account\/#breadcrumb"},"inLanguage":"en-US","potentialAction":[{"@type":"ReadAction","target":["https:\/\/atlantide-sauna.com\/en\/my-account\/"]}]},{"@type":"BreadcrumbList","@id":"https:\/\/atlantide-sauna.com\/en\/my-account\/#breadcrumb","itemListElement":[{"@type":"ListItem","position":1,"name":"Accueil","item":"https:\/\/atlantide-sauna.com\/en\/home\/"},{"@type":"ListItem","position":2,"name":"My account"}]},{"@type":"WebSite","@id":"https:\/\/atlantide-sauna.com\/en\/#website","url":"https:\/\/atlantide-sauna.com\/en\/","name":"Atlantide Sauna","description":"Sauna Toutes Tendances Gay Bi Tr**","publisher":{"@id":"https:\/\/atlantide-sauna.com\/en\/#organization"},"alternateName":"Club libertin Atlantide Sauna Paris","potentialAction":[{"@type":"SearchAction","target":{"@type":"EntryPoint","urlTemplate":"https:\/\/atlantide-sauna.com\/en\/?s={search_term_string}"},"query-input":{"@type":"PropertyValueSpecification","valueRequired":true,"valueName":"search_term_string"}}],"inLanguage":"en-US"},{"@type":"Organization","@id":"https:\/\/atlantide-sauna.com\/en\/#organization","name":"ATLANTIDE SAUNA HAMMAM","alternateName":"ATLANTIDE SAUNA HAMMAM","url":"https:\/\/atlantide-sauna.com\/en\/","logo":{"@type":"ImageObject","inLanguage":"en-US","@id":"https:\/\/atlantide-sauna.com\/en\/#\/schema\/logo\/image\/","url":"https:\/\/atlantide-sauna.com\/wp-content\/uploads\/2025\/05\/ash_logo_2025_01.svg","contentUrl":"https:\/\/atlantide-sauna.com\/wp-content\/uploads\/2025\/05\/ash_logo_2025_01.svg","width":1,"height":1,"caption":"ATLANTIDE SAUNA HAMMAM"},"image":{"@id":"https:\/\/atlantide-sauna.com\/en\/#\/schema\/logo\/image\/"},"sameAs":["https:\/\/www.facebook.com\/profile.php?id=100082829877238","https:\/\/x.com\/atlantidesauna"],"description":"Sauna hammam toutes tendances. Un espace de libert\u00e9, de mixit\u00e9 et de tol\u00e9rance. Chez Atlantide Sauna vous trouverez les conditions id\u00e9ales pour vos rencontres libertines.","email":"infos@atlantide-sauna.com","telephone":"0143422243","legalName":"ATLANTIDE SAUNA HAMMAM","foundingDate":"1999-08-09","vatID":"FR39423920370","taxID":"42392037000016","numberOfEmployees":{"@type":"QuantitativeValue","minValue":"1","maxValue":"10"}}]}},"jetpack-related-posts":[{"id":5938,"url":"https:\/\/atlantide-sauna.com\/it\/il-mio-account\/","url_meta":{"origin":5928,"position":0},"title":"Il mio account","author":"admin","date":"21\/10\/2025","format":false,"excerpt":"","rel":"","context":"Similar post","block_context":{"text":"Similar post","link":""},"img":{"alt_text":"","src":"","width":0,"height":0},"classes":[]},{"id":668,"url":"https:\/\/atlantide-sauna.com\/en\/privacy-policy\/","url_meta":{"origin":5928,"position":1},"title":"Privacy Policy","author":"Atlantide Sauna","date":"25\/05\/2018","format":false,"excerpt":"Effective date: May 27, 2025 This Privacy Policy explains ATLANTIDE SAUNA HAMMAM 's policies regarding the collection and use of information that we collect when you access https:\/\/atlantide-sauna.com (the \"Service\"). This Privacy Policy describes your privacy rights and how you are protected by privacy laws. By using our Service, you\u2026","rel":"","context":"In &quot;Atlantide-Sauna&quot;","block_context":{"text":"Atlantide-Sauna","link":"https:\/\/atlantide-sauna.com\/en\/category\/atlantide-sauna-en\/"},"img":{"alt_text":"","src":"","width":0,"height":0},"classes":[]},{"id":675,"url":"https:\/\/atlantide-sauna.com\/it\/informativa-sulla-privacy\/","url_meta":{"origin":5928,"position":2},"title":"Informativa sulla privacy","author":"Atlantide Sauna","date":"25\/05\/2018","format":false,"excerpt":"Data di entrata in vigore: 27 maggio 2025 La presente Informativa sulla privacy illustra le politiche di ATLANTIDE SAUNA HAMMAM relative alla raccolta e all'utilizzo delle informazioni che raccogliamo quando l'utente accede a o https:\/\/atlantide-sauna.com (il \"Servizio\"). La presente Informativa sulla privacy descrive i diritti dell'utente sulla privacy e le\u2026","rel":"","context":"In &quot;Atlantide-Sauna&quot;","block_context":{"text":"Atlantide-Sauna","link":"https:\/\/atlantide-sauna.com\/it\/category\/atlantide-sauna-it\/"},"img":{"alt_text":"","src":"","width":0,"height":0},"classes":[]},{"id":664,"url":"https:\/\/atlantide-sauna.com\/en\/legal-notice-and-rgpd\/","url_meta":{"origin":5928,"position":3},"title":"Legal Notice and RGPD","author":"Atlantide Sauna","date":"20\/05\/2020","format":false,"excerpt":"Definitions Customer: Any professional or capable natural person within the meaning of articles 1123 et seq. of the French Civil Code, or legal entity, who visits the Site which is the subject of these general terms and conditions. Services: ATLANTIDE SAUNA provides customers with : Content: All elements constituting the\u2026","rel":"","context":"In &quot;Atlantide-Sauna&quot;","block_context":{"text":"Atlantide-Sauna","link":"https:\/\/atlantide-sauna.com\/en\/category\/atlantide-sauna-en\/"},"img":{"alt_text":"","src":"","width":0,"height":0},"classes":[]},{"id":665,"url":"https:\/\/atlantide-sauna.com\/it\/informazioni-legali-e-rgpd\/","url_meta":{"origin":5928,"position":4},"title":"Informazioni legali e RGPD","author":"Atlantide Sauna","date":"20\/05\/2020","format":false,"excerpt":"Definizioni Cliente: qualsiasi professionista o persona fisica capace ai sensi degli articoli 1123 e seguenti del Codice Civile francese, o persona giuridica, che visita il Sito oggetto delle presenti Condizioni Generali. Servizi: ATLANTIDE SAUNA fornisce ai suoi clienti : Contenuto: tutti gli elementi che compongono le informazioni sul Sito, in\u2026","rel":"","context":"In &quot;Atlantide-Sauna&quot;","block_context":{"text":"Atlantide-Sauna","link":"https:\/\/atlantide-sauna.com\/it\/category\/atlantide-sauna-it\/"},"img":{"alt_text":"","src":"","width":0,"height":0},"classes":[]}],"jetpack_sharing_enabled":true,"_links":{"self":[{"href":"https:\/\/atlantide-sauna.com\/en\/wp-json\/wp\/v2\/pages\/5928","targetHints":{"allow":["GET"]}}],"collection":[{"href":"https:\/\/atlantide-sauna.com\/en\/wp-json\/wp\/v2\/pages"}],"about":[{"href":"https:\/\/atlantide-sauna.com\/en\/wp-json\/wp\/v2\/types\/page"}],"author":[{"embeddable":true,"href":"https:\/\/atlantide-sauna.com\/en\/wp-json\/wp\/v2\/users\/1"}],"replies":[{"embeddable":true,"href":"https:\/\/atlantide-sauna.com\/en\/wp-json\/wp\/v2\/comments?post=5928"}],"version-history":[{"count":2,"href":"https:\/\/atlantide-sauna.com\/en\/wp-json\/wp\/v2\/pages\/5928\/revisions"}],"predecessor-version":[{"id":6680,"href":"https:\/\/atlantide-sauna.com\/en\/wp-json\/wp\/v2\/pages\/5928\/revisions\/6680"}],"wp:attachment":[{"href":"https:\/\/atlantide-sauna.com\/en\/wp-json\/wp\/v2\/media?parent=5928"}],"curies":[{"name":"wp","href":"https:\/\/api.w.org\/{rel}","templated":true}]}}