{"id":668,"date":"2018-05-25T16:25:43","date_gmt":"2018-05-25T14:25:43","guid":{"rendered":"https:\/\/dev.atlantide-sauna.com\/privacy-policy\/"},"modified":"2025-10-11T14:57:46","modified_gmt":"2025-10-11T12:57:46","slug":"privacy-policy","status":"publish","type":"page","link":"https:\/\/atlantide-sauna.com\/en\/privacy-policy\/","title":{"rendered":"Privacy Policy"},"content":{"rendered":"<p>Effective date: May 27, 2025<\/p>\n<p>This Privacy Policy explains ATLANTIDE SAUNA HAMMAM<br \/>\n&#8216;s policies regarding the collection and use of information that we collect when you access https:\/\/atlantide-sauna.com (the &#8220;Service&#8221;). This Privacy Policy describes your privacy rights and how<br \/>\nyou are protected by privacy laws. <\/p>\n<p>By using our Service, you consent to the collection and use of your<br \/>\ninformation in accordance with this Privacy Policy. Please do not access or use our Service or<x id=\"gid_1\"><\/x>if you do not consent to the collection and use of your information as described in this<x id=\"gid_2\"><\/x>Privacy Policy. This Privacy Policy was created with the help<br \/>\nof <a href=\"https:\/\/cookie-script.com\/privacy-policy-generator\" target=\"_blank\" rel=\"noopener\">CookieScript&#8217;s Privacy Policy Generator<\/a>.  <\/p>\n<p>ATLANTIDE SAUNA HAMMAM may modify this Privacy Policy at any time<br \/>\n, including without notice.<\/p>\n<p>ATLANTIDE SAUNA HAMMAM will post the revised Privacy Policy on the https:\/\/atlantide-sauna.com website.<\/p>\n<h3>Collection and use of your personal information<\/h3>\n<h4>Information we collect<\/h4>\n<p>When you use our Service, you will be asked to provide us with<br \/>\npersonal information used to contact or identify you. https:\/\/atlantide-sauna.com collects the following information: <\/p>\n<ul>\n<li>Usage data<\/li>\n<li>E-mail<\/li>\n<li>Name<\/li>\n<\/ul>\n<p>Usage data includes the following elements:<\/p>\n<ul>\n<li>The Internet Protocol (IP) address of computers accessing the site<\/li>\n<li>Web page requests<\/li>\n<li>Web landing pages<\/li>\n<li>Browser used to access the site<\/li>\n<li>Access date and time<\/li>\n<\/ul>\n<h4>How we collect information<\/h4>\n<p>https:\/\/atlantide-sauna.com collects and receives information from you in the following ways:<\/p>\n<ul>\n<li>When you fill out a registration form or otherwise submit your personal information.<\/li>\n<li>When you interact with our Service.<\/li>\n<\/ul>\n<p>Your information will be stored for up to 30 day(s) after<br \/>\nyou terminate your account. Your information may be retained for longer periods for<x id=\"gid_1\"><\/x>reporting or record-keeping purposes, in accordance with applicable laws. Information that does not allow<br \/>\nyou to be personally identified may be retained indefinitely.  <\/p>\n<h4>How we use your information<\/h4>\n<p>https:\/\/atlantide-sauna.com may use your information for the following purposes:<\/p>\n<ul>\n<li><b>To provide and maintain our Service,<\/b> and to monitor the use of our Service.<\/li>\n<li><b>Other purposes.<\/b>  ATLANTIDE SAUNA HAMMAM will use your information for data analysis to identify usage trends or to determine the effectiveness of our marketing campaigns where reasonable. We will use your information to evaluate and improve our Service, products, services and marketing efforts. <\/li>\n<li><b>Gather customer testimonials and comments.<\/b>  If you share a testimonial or review about your experience using our Service, it will be shared or otherwise used on the Website.<\/li>\n<li><b>Administrative information.<\/b>  Your Personal Information will be used to operate our website administration practices.<\/li>\n<li><b>Marketing and promotional initiatives.<\/b>  ATLANTIDE SAUNA HAMMAM will use non-specific information collected from you to improve its marketing efforts.<\/li>\n<li><b>Keep you informed<\/b> with news, general information, special offers, new services and events.<\/li>\n<\/ul>\n<h4>How we share your information<\/h4>\n<p>ATLANTIDE SAUNA HAMMAM will share your information, where appropriate, in the following situations:<\/p>\n<ul>\n<li><b>With your consent.<\/b>  ATLANTIDE SAUNA HAMMAM will share your information for any purpose with your explicit consent.<\/li>\n<\/ul>\n<h4>Sharing with third parties<\/h4>\n<p>Your information may be disclosed for other reasons, including:<\/p>\n<ul>\n<li>Comply with applicable laws, regulations or court orders.<\/li>\n<li>Respond to claims that your use of our Service violates the rights of third parties.<\/li>\n<li>To enforce the agreements you have made with us, including this Privacy Policy.<\/li>\n<\/ul>\n<h4>Cookies<\/h4>\n<p>Cookies are small text files that<br \/>\nare placed on your computer by the websites you visit. Websites use cookies to help<x id=\"gid_1\"><\/x>users navigate efficiently and perform certain functions. Cookies that are necessary for the proper<x id=\"gid_2\"><\/x>operation of the website may be installed without your authorization. All other cookies must be approved by<br \/>\nbefore they can be installed in the browser.   <\/p>\n<ul>\n<li><b>Strictly necessary cookies.<\/b>  Strictly necessary cookies enable basic website functions such as user login and account management. The website cannot be used properly without strictly necessary cookies. <\/li>\n<li><b>Performance cookies.<\/b>  Performance cookies are used to see how visitors use the website, e.g. analytics cookies. These cookies cannot be used to directly identify a specific visitor. <\/li>\n<\/ul>\n<div class=\"cookie-report-container\">\n<p data-cookiereport=\"true\">You can change your consent to the use of cookies below.<\/p>\n<\/div>\n<h4>Security<\/h4>\n<p>The security of your information is important to us. https:\/\/atlantide-sauna.com<x id=\"gid_0\"><\/x>uses a variety of security measures to prevent the misuse, loss or alteration of the<x id=\"gid_1\"><\/x>information you have provided to us. However, as we cannot guarantee the security of the information you<br \/>\nprovide, you access our service at your own risk.  <\/p>\n<p>ATLANTIDE SAUNA HAMMAM is not responsible for the performance of<br \/>\nWeb sites operated by third parties or for your interactions with them. When you leave this Web site, we recommend that you<br \/>\nreview the privacy practices of other Web sites with which you interact and determine<br \/>\nwhether those practices are appropriate. <\/p>\n<h4>Contact us<\/h4>\n<p>If you have any questions, please contact us through the following channels:<\/p>\n<p>Name: ATLANTIDE SAUNA HAMMAM<br \/>\nAddress: 13 RUE PARROT 75012 PARIS<br \/>\nE-mail: infos@atlantide-sauna.com<\/p>\n<p>If you have any questions or concerns about the processing of your information, you can contact our Privacy Officer at webmaster@atlantide-sauna.com or dpo@atlantide-sauna.com.<\/p>\n<p>Last update: 2025-10-12<\/p>\n","protected":false},"excerpt":{"rendered":"<p>Effective date: May 27, 2025 This Privacy Policy explains ATLANTIDE SAUNA HAMMAM &#8216;s policies regarding the collection and use of information that we collect when you access https:\/\/atlantide-sauna.com (the &#8220;Service&#8221;). This Privacy Policy describes your privacy rights and how you are protected by privacy laws. By using our Service, you consent to the collection and [&hellip;]<\/p>\n","protected":false},"author":4,"featured_media":0,"parent":0,"menu_order":9,"comment_status":"closed","ping_status":"closed","template":"","meta":{"footnotes":""},"class_list":["post-668","page","type-page","status-publish","hentry"],"yoast_head":"<!-- This site is optimized with the Yoast SEO Premium plugin v27.5 (Yoast SEO v27.5) - https:\/\/yoast.com\/product\/yoast-seo-premium-wordpress\/ -->\n<title>Privacy Policy - Atlantide Sauna<\/title>\n<meta name=\"robots\" content=\"index, follow, max-snippet:-1, max-image-preview:large, max-video-preview:-1\" \/>\n<link rel=\"canonical\" href=\"https:\/\/atlantide-sauna.com\/en\/privacy-policy\/\" \/>\n<meta property=\"og:locale\" content=\"en_US\" \/>\n<meta property=\"og:type\" content=\"article\" \/>\n<meta property=\"og:title\" content=\"Privacy Policy\" \/>\n<meta property=\"og:description\" content=\"Effective date: May 27, 2025 This Privacy Policy explains ATLANTIDE SAUNA HAMMAM &#8216;s policies regarding the collection and use of information that we collect when you access https:\/\/atlantide-sauna.com (the &#8220;Service&#8221;). This Privacy Policy describes your privacy rights and how you are protected by privacy laws. By using our Service, you consent to the collection and [&hellip;]\" \/>\n<meta property=\"og:url\" content=\"https:\/\/atlantide-sauna.com\/en\/privacy-policy\/\" \/>\n<meta property=\"og:site_name\" content=\"Atlantide Sauna\" \/>\n<meta property=\"article:publisher\" content=\"https:\/\/www.facebook.com\/profile.php?id=100082829877238\" \/>\n<meta property=\"article:modified_time\" content=\"2025-10-11T12:57:46+00:00\" \/>\n<meta property=\"og:image\" content=\"https:\/\/i0.wp.com\/atlantide-sauna.com\/wp-content\/uploads\/2025\/06\/ASH_IMG2025_000.jpg?fit=1440%2C810&ssl=1\" \/>\n\t<meta property=\"og:image:width\" content=\"1440\" \/>\n\t<meta property=\"og:image:height\" content=\"810\" \/>\n\t<meta property=\"og:image:type\" content=\"image\/jpeg\" \/>\n<meta name=\"twitter:card\" content=\"summary_large_image\" \/>\n<meta name=\"twitter:site\" content=\"@atlantidesauna\" \/>\n<meta name=\"twitter:label1\" content=\"Est. reading time\" \/>\n\t<meta name=\"twitter:data1\" content=\"4 minutes\" \/>\n<script type=\"application\/ld+json\" class=\"yoast-schema-graph\">{\"@context\":\"https:\\\/\\\/schema.org\",\"@graph\":[{\"@type\":\"WebPage\",\"@id\":\"https:\\\/\\\/atlantide-sauna.com\\\/en\\\/privacy-policy\\\/\",\"url\":\"https:\\\/\\\/atlantide-sauna.com\\\/en\\\/privacy-policy\\\/\",\"name\":\"Privacy Policy - Atlantide Sauna\",\"isPartOf\":{\"@id\":\"https:\\\/\\\/atlantide-sauna.com\\\/en\\\/#website\"},\"datePublished\":\"2018-05-25T14:25:43+00:00\",\"dateModified\":\"2025-10-11T12:57:46+00:00\",\"breadcrumb\":{\"@id\":\"https:\\\/\\\/atlantide-sauna.com\\\/en\\\/privacy-policy\\\/#breadcrumb\"},\"inLanguage\":\"en-US\",\"potentialAction\":[{\"@type\":\"ReadAction\",\"target\":[\"https:\\\/\\\/atlantide-sauna.com\\\/en\\\/privacy-policy\\\/\"]}]},{\"@type\":\"BreadcrumbList\",\"@id\":\"https:\\\/\\\/atlantide-sauna.com\\\/en\\\/privacy-policy\\\/#breadcrumb\",\"itemListElement\":[{\"@type\":\"ListItem\",\"position\":1,\"name\":\"Accueil\",\"item\":\"https:\\\/\\\/atlantide-sauna.com\\\/en\\\/home\\\/\"},{\"@type\":\"ListItem\",\"position\":2,\"name\":\"Privacy Policy\"}]},{\"@type\":\"WebSite\",\"@id\":\"https:\\\/\\\/atlantide-sauna.com\\\/en\\\/#website\",\"url\":\"https:\\\/\\\/atlantide-sauna.com\\\/en\\\/\",\"name\":\"Atlantide Sauna\",\"description\":\"Sauna Toutes Tendances Gay Bi Tr**\",\"publisher\":{\"@id\":\"https:\\\/\\\/atlantide-sauna.com\\\/en\\\/#organization\"},\"alternateName\":\"Club libertin Atlantide Sauna Paris\",\"potentialAction\":[{\"@type\":\"SearchAction\",\"target\":{\"@type\":\"EntryPoint\",\"urlTemplate\":\"https:\\\/\\\/atlantide-sauna.com\\\/en\\\/?s={search_term_string}\"},\"query-input\":{\"@type\":\"PropertyValueSpecification\",\"valueRequired\":true,\"valueName\":\"search_term_string\"}}],\"inLanguage\":\"en-US\"},{\"@type\":\"Organization\",\"@id\":\"https:\\\/\\\/atlantide-sauna.com\\\/en\\\/#organization\",\"name\":\"ATLANTIDE SAUNA HAMMAM\",\"alternateName\":\"ATLANTIDE SAUNA HAMMAM\",\"url\":\"https:\\\/\\\/atlantide-sauna.com\\\/en\\\/\",\"logo\":{\"@type\":\"ImageObject\",\"inLanguage\":\"en-US\",\"@id\":\"https:\\\/\\\/atlantide-sauna.com\\\/en\\\/#\\\/schema\\\/logo\\\/image\\\/\",\"url\":\"https:\\\/\\\/atlantide-sauna.com\\\/wp-content\\\/uploads\\\/2025\\\/05\\\/ash_logo_2025_01.svg\",\"contentUrl\":\"https:\\\/\\\/atlantide-sauna.com\\\/wp-content\\\/uploads\\\/2025\\\/05\\\/ash_logo_2025_01.svg\",\"width\":1,\"height\":1,\"caption\":\"ATLANTIDE SAUNA HAMMAM\"},\"image\":{\"@id\":\"https:\\\/\\\/atlantide-sauna.com\\\/en\\\/#\\\/schema\\\/logo\\\/image\\\/\"},\"sameAs\":[\"https:\\\/\\\/www.facebook.com\\\/profile.php?id=100082829877238\",\"https:\\\/\\\/x.com\\\/atlantidesauna\"],\"description\":\"Sauna hammam toutes tendances. Un espace de libert\u00e9, de mixit\u00e9 et de tol\u00e9rance. Chez Atlantide Sauna vous trouverez les conditions id\u00e9ales pour vos rencontres libertines.\",\"email\":\"infos@atlantide-sauna.com\",\"telephone\":\"0143422243\",\"legalName\":\"ATLANTIDE SAUNA HAMMAM\",\"foundingDate\":\"1999-08-09\",\"vatID\":\"FR39423920370\",\"taxID\":\"42392037000016\",\"numberOfEmployees\":{\"@type\":\"QuantitativeValue\",\"minValue\":\"1\",\"maxValue\":\"10\"}}]}<\/script>\n<!-- \/ Yoast SEO Premium plugin. -->","yoast_head_json":{"title":"Privacy Policy - Atlantide Sauna","robots":{"index":"index","follow":"follow","max-snippet":"max-snippet:-1","max-image-preview":"max-image-preview:large","max-video-preview":"max-video-preview:-1"},"canonical":"https:\/\/atlantide-sauna.com\/en\/privacy-policy\/","og_locale":"en_US","og_type":"article","og_title":"Privacy Policy","og_description":"Effective date: May 27, 2025 This Privacy Policy explains ATLANTIDE SAUNA HAMMAM &#8216;s policies regarding the collection and use of information that we collect when you access https:\/\/atlantide-sauna.com (the &#8220;Service&#8221;). This Privacy Policy describes your privacy rights and how you are protected by privacy laws. By using our Service, you consent to the collection and [&hellip;]","og_url":"https:\/\/atlantide-sauna.com\/en\/privacy-policy\/","og_site_name":"Atlantide Sauna","article_publisher":"https:\/\/www.facebook.com\/profile.php?id=100082829877238","article_modified_time":"2025-10-11T12:57:46+00:00","og_image":[{"width":1440,"height":810,"url":"https:\/\/i0.wp.com\/atlantide-sauna.com\/wp-content\/uploads\/2025\/06\/ASH_IMG2025_000.jpg?fit=1440%2C810&ssl=1","type":"image\/jpeg"}],"twitter_card":"summary_large_image","twitter_site":"@atlantidesauna","twitter_misc":{"Est. reading time":"4 minutes"},"schema":{"@context":"https:\/\/schema.org","@graph":[{"@type":"WebPage","@id":"https:\/\/atlantide-sauna.com\/en\/privacy-policy\/","url":"https:\/\/atlantide-sauna.com\/en\/privacy-policy\/","name":"Privacy Policy - Atlantide Sauna","isPartOf":{"@id":"https:\/\/atlantide-sauna.com\/en\/#website"},"datePublished":"2018-05-25T14:25:43+00:00","dateModified":"2025-10-11T12:57:46+00:00","breadcrumb":{"@id":"https:\/\/atlantide-sauna.com\/en\/privacy-policy\/#breadcrumb"},"inLanguage":"en-US","potentialAction":[{"@type":"ReadAction","target":["https:\/\/atlantide-sauna.com\/en\/privacy-policy\/"]}]},{"@type":"BreadcrumbList","@id":"https:\/\/atlantide-sauna.com\/en\/privacy-policy\/#breadcrumb","itemListElement":[{"@type":"ListItem","position":1,"name":"Accueil","item":"https:\/\/atlantide-sauna.com\/en\/home\/"},{"@type":"ListItem","position":2,"name":"Privacy Policy"}]},{"@type":"WebSite","@id":"https:\/\/atlantide-sauna.com\/en\/#website","url":"https:\/\/atlantide-sauna.com\/en\/","name":"Atlantide Sauna","description":"Sauna Toutes Tendances Gay Bi Tr**","publisher":{"@id":"https:\/\/atlantide-sauna.com\/en\/#organization"},"alternateName":"Club libertin Atlantide Sauna Paris","potentialAction":[{"@type":"SearchAction","target":{"@type":"EntryPoint","urlTemplate":"https:\/\/atlantide-sauna.com\/en\/?s={search_term_string}"},"query-input":{"@type":"PropertyValueSpecification","valueRequired":true,"valueName":"search_term_string"}}],"inLanguage":"en-US"},{"@type":"Organization","@id":"https:\/\/atlantide-sauna.com\/en\/#organization","name":"ATLANTIDE SAUNA HAMMAM","alternateName":"ATLANTIDE SAUNA HAMMAM","url":"https:\/\/atlantide-sauna.com\/en\/","logo":{"@type":"ImageObject","inLanguage":"en-US","@id":"https:\/\/atlantide-sauna.com\/en\/#\/schema\/logo\/image\/","url":"https:\/\/atlantide-sauna.com\/wp-content\/uploads\/2025\/05\/ash_logo_2025_01.svg","contentUrl":"https:\/\/atlantide-sauna.com\/wp-content\/uploads\/2025\/05\/ash_logo_2025_01.svg","width":1,"height":1,"caption":"ATLANTIDE SAUNA HAMMAM"},"image":{"@id":"https:\/\/atlantide-sauna.com\/en\/#\/schema\/logo\/image\/"},"sameAs":["https:\/\/www.facebook.com\/profile.php?id=100082829877238","https:\/\/x.com\/atlantidesauna"],"description":"Sauna hammam toutes tendances. Un espace de libert\u00e9, de mixit\u00e9 et de tol\u00e9rance. Chez Atlantide Sauna vous trouverez les conditions id\u00e9ales pour vos rencontres libertines.","email":"infos@atlantide-sauna.com","telephone":"0143422243","legalName":"ATLANTIDE SAUNA HAMMAM","foundingDate":"1999-08-09","vatID":"FR39423920370","taxID":"42392037000016","numberOfEmployees":{"@type":"QuantitativeValue","minValue":"1","maxValue":"10"}}]}},"jetpack_sharing_enabled":true,"_links":{"self":[{"href":"https:\/\/atlantide-sauna.com\/en\/wp-json\/wp\/v2\/pages\/668","targetHints":{"allow":["GET"]}}],"collection":[{"href":"https:\/\/atlantide-sauna.com\/en\/wp-json\/wp\/v2\/pages"}],"about":[{"href":"https:\/\/atlantide-sauna.com\/en\/wp-json\/wp\/v2\/types\/page"}],"author":[{"embeddable":true,"href":"https:\/\/atlantide-sauna.com\/en\/wp-json\/wp\/v2\/users\/4"}],"replies":[{"embeddable":true,"href":"https:\/\/atlantide-sauna.com\/en\/wp-json\/wp\/v2\/comments?post=668"}],"version-history":[{"count":5,"href":"https:\/\/atlantide-sauna.com\/en\/wp-json\/wp\/v2\/pages\/668\/revisions"}],"predecessor-version":[{"id":5354,"href":"https:\/\/atlantide-sauna.com\/en\/wp-json\/wp\/v2\/pages\/668\/revisions\/5354"}],"wp:attachment":[{"href":"https:\/\/atlantide-sauna.com\/en\/wp-json\/wp\/v2\/media?parent=668"}],"curies":[{"name":"wp","href":"https:\/\/api.w.org\/{rel}","templated":true}]}}