{"id":720,"date":"2025-05-11T15:20:26","date_gmt":"2025-05-11T13:20:26","guid":{"rendered":"https:\/\/dev.atlantide-sauna.com\/home\/"},"modified":"2026-01-28T17:28:23","modified_gmt":"2026-01-28T16:28:23","slug":"home","status":"publish","type":"page","link":"https:\/\/atlantide-sauna.com\/en\/","title":{"rendered":"Welcome"},"content":{"rendered":"<div style=\"text-align: justify;\"><strong>Atlantide Sauna was founded in 1999<\/strong> to create a space for freedom, diversity and tolerance. In this <strong>reserved CLUB<\/strong>, all desires and fantasies are expressed in a respectful and friendly environment. Whatever your origins, culture, age or desires, you&#8217;ll be welcomed by smiling, attentive and caring staff. <\/div>\n<div style=\"text-align: justify;\"><\/div>\n<div style=\"text-align: justify;\">We make sure that our health and safety rules are respected, and that we behave in a respectful and tolerant manner, which is essential to the smooth running of the CLUB.<\/div>\n<p><iframe loading=\"lazy\" title=\"YouTube video player\" src=\"https:\/\/www.youtube-nocookie.com\/embed\/UtM2Eaf40Zo?si=V1KmeYsQt9r-rs7O&amp;controls=0&amp;start=17\" width=\"370\" height=\"208\" frameborder=\"0\" allowfullscreen=\"allowfullscreen\"><\/iframe><\/p>\n<h6 style=\"text-align: left;\">Sauna Parisien for gays, bi, straights, transvestites, trans &#8230;<br \/>\nSauna hammam all trends &#8230;<br \/>\nWelcome to Atlantide Sauna!<\/h6>\n<p style=\"text-align: left;\">Your space for freedom, diversity and tolerance. Discover our sauna hammam for all tastes in this sauna hammam. <\/p>\n<div>Check out our <a href=\"https:\/\/atlantide-sauna.com\/en\/rates\/\" target=\"_blank\" rel=\"noopener\">prices<\/a> and our <a href=\"https:\/\/atlantide-sauna.com\/en\/blog\/\" target=\"_blank\" rel=\"noopener\">Blog<\/a> with information on the steam sauna. The hammam sauna, inspired by all trends, is a place to meet our <a href=\"https:\/\/club.atlantide-sauna.com\/\" target=\"_blank\" rel=\"noopener\">CLUB<\/a> members, a place where all trends are in the spotlight. <\/div>\n<div class=\"uk-alert\" style=\"text-align: center;\"><strong>OPEN daily<\/strong> from 12am to 10pm<br \/>\n Come<br \/>\n<strong>ENTRY MEN<\/strong> from \u20ac18<br \/>\n<a class=\"uk-button uk-button-small uk-button-secondary\" href=\"https:\/\/atlantide-sauna.com\/en\/rates\/\" target=\"_blank\" rel=\"noopener\">More info<\/a><\/div>\n<p style=\"text-align: left;\">At Atlantide Sauna you will find the ideal conditions for your libertine encounters.<br \/>\nAt the bar, in the hammam or the sauna, enjoy relaxation in a friendly atmosphere.<br \/>\nPrivate or collective relaxation areas are at your disposal to give free rein to your senses!<\/p>\n<div class=\"uk-alert\" style=\"text-align: center;\">\n<div style=\"text-align: center;\"><a href=\"https:\/\/atlantide-sauna.com\/billetterie\/\">Buy your tickets<\/a> online.<br \/>\nPromotions, Special Offers, Events&#8230;<\/div>\n<p>&nbsp;<\/p>\n<div style=\"text-align: center;\"><a href=\"https:\/\/atlantide-sauna.com\/billetterie\/\"><img decoding=\"async\" class=\"aligncenter wp-image-5699\" src=\"https:\/\/atlantide-sauna.com\/wp-content\/uploads\/2025\/10\/ASH_TICKET_25-BILLETTERIE.svg\" alt=\"\" width=\"300\"><\/a><\/div>\n<p>&nbsp;<\/p>\n<div style=\"text-align: center;\">Every month, discounts are applied to our various rates.<\/div>\n<\/div>\n<p style=\"text-align: left;\">L&#8217;Atlantide Sauna, just a stone&#8217;s throw from the <strong>Gare de Lyon<\/strong>, is the first private club for libertine encounters of all kinds in Paris. Whether you&#8217;re a man, a woman, straight, gay, transsexual or transvestite, and whether you come alone or as a couple, you&#8217;re welcome to join us in a hammam sauna that&#8217;s all about conviviality, allowing you to come together in a complicity that&#8217;s particularly conducive to the most unbridled sexual practices. <\/p>\n<h2 style=\"text-align: left;\"><strong>Atlantide Sauna: Tolerance and ethics at the service of libertinism.<\/strong><\/h2>\n","protected":false},"excerpt":{"rendered":"<p>Atlantide Sauna was founded in 1999 to create a space for freedom, diversity and tolerance. In this reserved CLUB, all desires and fantasies are expressed in a respectful and friendly environment. Whatever your origins, culture, age or desires, you&#8217;ll be welcomed by smiling, attentive and caring staff. We make sure that our health and safety [&hellip;]<\/p>\n","protected":false},"author":4,"featured_media":4439,"parent":0,"menu_order":0,"comment_status":"closed","ping_status":"closed","template":"","meta":{"footnotes":""},"class_list":["post-720","page","type-page","status-publish","has-post-thumbnail","hentry"],"yoast_head":"<!-- This site is optimized with the Yoast SEO Premium plugin v27.2 (Yoast SEO v27.2) - https:\/\/yoast.com\/product\/yoast-seo-premium-wordpress\/ -->\n<title>Sauna hammam for every taste - Atlantide Sauna<\/title>\n<meta name=\"description\" content=\"Atlantide Sauna Paris: a space for freedom, diversity and tolerance. All desires and fantasies in a respectful, friendly setting.\" \/>\n<meta name=\"robots\" content=\"index, follow, max-snippet:-1, max-image-preview:large, max-video-preview:-1\" \/>\n<link rel=\"canonical\" href=\"https:\/\/atlantide-sauna.com\/en\/\" \/>\n<meta property=\"og:locale\" content=\"en_US\" \/>\n<meta property=\"og:type\" content=\"article\" \/>\n<meta property=\"og:title\" content=\"Welcome\" \/>\n<meta property=\"og:description\" content=\"Atlantide Sauna Paris: a space for freedom, diversity and tolerance. All desires and fantasies in a respectful, friendly setting.\" \/>\n<meta property=\"og:url\" content=\"https:\/\/atlantide-sauna.com\/en\/\" \/>\n<meta property=\"og:site_name\" content=\"Atlantide Sauna\" \/>\n<meta property=\"article:publisher\" content=\"https:\/\/www.facebook.com\/profile.php?id=100082829877238\" \/>\n<meta property=\"article:modified_time\" content=\"2026-01-28T16:28:23+00:00\" \/>\n<meta property=\"og:image\" content=\"https:\/\/i0.wp.com\/atlantide-sauna.com\/wp-content\/uploads\/2025\/06\/ASH_IMG2025_000.jpg?fit=1440%2C810&ssl=1\" \/>\n\t<meta property=\"og:image:width\" content=\"1440\" \/>\n\t<meta property=\"og:image:height\" content=\"810\" \/>\n\t<meta property=\"og:image:type\" content=\"image\/jpeg\" \/>\n<meta name=\"twitter:card\" content=\"summary_large_image\" \/>\n<meta name=\"twitter:site\" content=\"@atlantidesauna\" \/>\n<meta name=\"twitter:label1\" content=\"Est. reading time\" \/>\n\t<meta name=\"twitter:data1\" content=\"2 minutes\" \/>\n<script type=\"application\/ld+json\" class=\"yoast-schema-graph\">{\"@context\":\"https:\/\/schema.org\",\"@graph\":[{\"@type\":\"WebPage\",\"@id\":\"https:\/\/atlantide-sauna.com\/en\/\",\"url\":\"https:\/\/atlantide-sauna.com\/en\/\",\"name\":\"Sauna hammam for every taste - Atlantide Sauna\",\"isPartOf\":{\"@id\":\"https:\/\/atlantide-sauna.com\/en\/#website\"},\"primaryImageOfPage\":{\"@id\":\"https:\/\/atlantide-sauna.com\/en\/#primaryimage\"},\"image\":{\"@id\":\"https:\/\/atlantide-sauna.com\/en\/#primaryimage\"},\"thumbnailUrl\":\"https:\/\/i0.wp.com\/atlantide-sauna.com\/wp-content\/uploads\/2025\/06\/ASH_IMG2025_000.jpg?fit=1440%2C810&ssl=1\",\"datePublished\":\"2025-05-11T13:20:26+00:00\",\"dateModified\":\"2026-01-28T16:28:23+00:00\",\"description\":\"Atlantide Sauna Paris: a space for freedom, diversity and tolerance. All desires and fantasies in a respectful, friendly setting.\",\"breadcrumb\":{\"@id\":\"https:\/\/atlantide-sauna.com\/en\/#breadcrumb\"},\"inLanguage\":\"en-US\",\"potentialAction\":[{\"@type\":\"ReadAction\",\"target\":[\"https:\/\/atlantide-sauna.com\/en\/\"]}]},{\"@type\":\"ImageObject\",\"inLanguage\":\"en-US\",\"@id\":\"https:\/\/atlantide-sauna.com\/en\/#primaryimage\",\"url\":\"https:\/\/i0.wp.com\/atlantide-sauna.com\/wp-content\/uploads\/2025\/06\/ASH_IMG2025_000.jpg?fit=1440%2C810&ssl=1\",\"contentUrl\":\"https:\/\/i0.wp.com\/atlantide-sauna.com\/wp-content\/uploads\/2025\/06\/ASH_IMG2025_000.jpg?fit=1440%2C810&ssl=1\",\"width\":1440,\"height\":810,\"caption\":\"Atlantide Sauna Paris - Club libertin toutes tendance - Gare de Lyon\"},{\"@type\":\"BreadcrumbList\",\"@id\":\"https:\/\/atlantide-sauna.com\/en\/#breadcrumb\",\"itemListElement\":[{\"@type\":\"ListItem\",\"position\":1,\"name\":\"Accueil\",\"item\":\"https:\/\/atlantide-sauna.com\/en\/home\/\"},{\"@type\":\"ListItem\",\"position\":2,\"name\":\"Welcome\"}]},{\"@type\":\"WebSite\",\"@id\":\"https:\/\/atlantide-sauna.com\/en\/#website\",\"url\":\"https:\/\/atlantide-sauna.com\/en\/\",\"name\":\"Atlantide Sauna\",\"description\":\"Sauna Toutes Tendances Gay Bi Tr**\",\"publisher\":{\"@id\":\"https:\/\/atlantide-sauna.com\/en\/#organization\"},\"alternateName\":\"Club libertin Atlantide Sauna Paris\",\"potentialAction\":[{\"@type\":\"SearchAction\",\"target\":{\"@type\":\"EntryPoint\",\"urlTemplate\":\"https:\/\/atlantide-sauna.com\/en\/?s={search_term_string}\"},\"query-input\":{\"@type\":\"PropertyValueSpecification\",\"valueRequired\":true,\"valueName\":\"search_term_string\"}}],\"inLanguage\":\"en-US\"},{\"@type\":\"Organization\",\"@id\":\"https:\/\/atlantide-sauna.com\/en\/#organization\",\"name\":\"ATLANTIDE SAUNA HAMMAM\",\"alternateName\":\"ATLANTIDE SAUNA HAMMAM\",\"url\":\"https:\/\/atlantide-sauna.com\/en\/\",\"logo\":{\"@type\":\"ImageObject\",\"inLanguage\":\"en-US\",\"@id\":\"https:\/\/atlantide-sauna.com\/en\/#\/schema\/logo\/image\/\",\"url\":\"https:\/\/atlantide-sauna.com\/wp-content\/uploads\/2025\/05\/ash_logo_2025_01.svg\",\"contentUrl\":\"https:\/\/atlantide-sauna.com\/wp-content\/uploads\/2025\/05\/ash_logo_2025_01.svg\",\"width\":1,\"height\":1,\"caption\":\"ATLANTIDE SAUNA HAMMAM\"},\"image\":{\"@id\":\"https:\/\/atlantide-sauna.com\/en\/#\/schema\/logo\/image\/\"},\"sameAs\":[\"https:\/\/www.facebook.com\/profile.php?id=100082829877238\",\"https:\/\/x.com\/atlantidesauna\"],\"description\":\"Sauna hammam toutes tendances. Un espace de libert\u00e9, de mixit\u00e9 et de tol\u00e9rance. Chez Atlantide Sauna vous trouverez les conditions id\u00e9ales pour vos rencontres libertines.\",\"email\":\"infos@atlantide-sauna.com\",\"telephone\":\"0143422243\",\"legalName\":\"ATLANTIDE SAUNA HAMMAM\",\"foundingDate\":\"1999-08-09\",\"vatID\":\"FR39423920370\",\"taxID\":\"42392037000016\",\"numberOfEmployees\":{\"@type\":\"QuantitativeValue\",\"minValue\":\"1\",\"maxValue\":\"10\"}}]}<\/script>\n<!-- \/ Yoast SEO Premium plugin. -->","yoast_head_json":{"title":"Sauna hammam for every taste - Atlantide Sauna","description":"Atlantide Sauna Paris: a space for freedom, diversity and tolerance. All desires and fantasies in a respectful, friendly setting.","robots":{"index":"index","follow":"follow","max-snippet":"max-snippet:-1","max-image-preview":"max-image-preview:large","max-video-preview":"max-video-preview:-1"},"canonical":"https:\/\/atlantide-sauna.com\/en\/","og_locale":"en_US","og_type":"article","og_title":"Welcome","og_description":"Atlantide Sauna Paris: a space for freedom, diversity and tolerance. All desires and fantasies in a respectful, friendly setting.","og_url":"https:\/\/atlantide-sauna.com\/en\/","og_site_name":"Atlantide Sauna","article_publisher":"https:\/\/www.facebook.com\/profile.php?id=100082829877238","article_modified_time":"2026-01-28T16:28:23+00:00","og_image":[{"width":1440,"height":810,"url":"https:\/\/i0.wp.com\/atlantide-sauna.com\/wp-content\/uploads\/2025\/06\/ASH_IMG2025_000.jpg?fit=1440%2C810&ssl=1","type":"image\/jpeg"}],"twitter_card":"summary_large_image","twitter_site":"@atlantidesauna","twitter_misc":{"Est. reading time":"2 minutes"},"schema":{"@context":"https:\/\/schema.org","@graph":[{"@type":"WebPage","@id":"https:\/\/atlantide-sauna.com\/en\/","url":"https:\/\/atlantide-sauna.com\/en\/","name":"Sauna hammam for every taste - Atlantide Sauna","isPartOf":{"@id":"https:\/\/atlantide-sauna.com\/en\/#website"},"primaryImageOfPage":{"@id":"https:\/\/atlantide-sauna.com\/en\/#primaryimage"},"image":{"@id":"https:\/\/atlantide-sauna.com\/en\/#primaryimage"},"thumbnailUrl":"https:\/\/i0.wp.com\/atlantide-sauna.com\/wp-content\/uploads\/2025\/06\/ASH_IMG2025_000.jpg?fit=1440%2C810&ssl=1","datePublished":"2025-05-11T13:20:26+00:00","dateModified":"2026-01-28T16:28:23+00:00","description":"Atlantide Sauna Paris: a space for freedom, diversity and tolerance. All desires and fantasies in a respectful, friendly setting.","breadcrumb":{"@id":"https:\/\/atlantide-sauna.com\/en\/#breadcrumb"},"inLanguage":"en-US","potentialAction":[{"@type":"ReadAction","target":["https:\/\/atlantide-sauna.com\/en\/"]}]},{"@type":"ImageObject","inLanguage":"en-US","@id":"https:\/\/atlantide-sauna.com\/en\/#primaryimage","url":"https:\/\/i0.wp.com\/atlantide-sauna.com\/wp-content\/uploads\/2025\/06\/ASH_IMG2025_000.jpg?fit=1440%2C810&ssl=1","contentUrl":"https:\/\/i0.wp.com\/atlantide-sauna.com\/wp-content\/uploads\/2025\/06\/ASH_IMG2025_000.jpg?fit=1440%2C810&ssl=1","width":1440,"height":810,"caption":"Atlantide Sauna Paris - Club libertin toutes tendance - Gare de Lyon"},{"@type":"BreadcrumbList","@id":"https:\/\/atlantide-sauna.com\/en\/#breadcrumb","itemListElement":[{"@type":"ListItem","position":1,"name":"Accueil","item":"https:\/\/atlantide-sauna.com\/en\/home\/"},{"@type":"ListItem","position":2,"name":"Welcome"}]},{"@type":"WebSite","@id":"https:\/\/atlantide-sauna.com\/en\/#website","url":"https:\/\/atlantide-sauna.com\/en\/","name":"Atlantide Sauna","description":"Sauna Toutes Tendances Gay Bi Tr**","publisher":{"@id":"https:\/\/atlantide-sauna.com\/en\/#organization"},"alternateName":"Club libertin Atlantide Sauna Paris","potentialAction":[{"@type":"SearchAction","target":{"@type":"EntryPoint","urlTemplate":"https:\/\/atlantide-sauna.com\/en\/?s={search_term_string}"},"query-input":{"@type":"PropertyValueSpecification","valueRequired":true,"valueName":"search_term_string"}}],"inLanguage":"en-US"},{"@type":"Organization","@id":"https:\/\/atlantide-sauna.com\/en\/#organization","name":"ATLANTIDE SAUNA HAMMAM","alternateName":"ATLANTIDE SAUNA HAMMAM","url":"https:\/\/atlantide-sauna.com\/en\/","logo":{"@type":"ImageObject","inLanguage":"en-US","@id":"https:\/\/atlantide-sauna.com\/en\/#\/schema\/logo\/image\/","url":"https:\/\/atlantide-sauna.com\/wp-content\/uploads\/2025\/05\/ash_logo_2025_01.svg","contentUrl":"https:\/\/atlantide-sauna.com\/wp-content\/uploads\/2025\/05\/ash_logo_2025_01.svg","width":1,"height":1,"caption":"ATLANTIDE SAUNA HAMMAM"},"image":{"@id":"https:\/\/atlantide-sauna.com\/en\/#\/schema\/logo\/image\/"},"sameAs":["https:\/\/www.facebook.com\/profile.php?id=100082829877238","https:\/\/x.com\/atlantidesauna"],"description":"Sauna hammam toutes tendances. Un espace de libert\u00e9, de mixit\u00e9 et de tol\u00e9rance. Chez Atlantide Sauna vous trouverez les conditions id\u00e9ales pour vos rencontres libertines.","email":"infos@atlantide-sauna.com","telephone":"0143422243","legalName":"ATLANTIDE SAUNA HAMMAM","foundingDate":"1999-08-09","vatID":"FR39423920370","taxID":"42392037000016","numberOfEmployees":{"@type":"QuantitativeValue","minValue":"1","maxValue":"10"}}]}},"jetpack-related-posts":[{"id":4786,"url":"https:\/\/atlantide-sauna.com\/en\/sauna-hammam\/club-backroom-glory-holes-sling-croix-de-st-andre-paris\/","url_meta":{"origin":720,"position":0},"title":"Club Backroom Glory Holes Sling Croix de st Andr\u00e9 Paris","author":"Atlantide Sauna","date":"22\/05\/2025","format":false,"excerpt":"Club Libertin Backroom Glory Holes Sling Croix de St Andr\u00e9 in Paris 12 Tolerance and diversity of sexual orientations are the hallmarks of Atlantide Sauna, where you can organize your booty calls in a relaxed, relaxed atmosphere, close to Gare de Lyon, while meeting people who interest you. Club backroom\u2026","rel":"","context":"In &quot;Sauna Hammam&quot;","block_context":{"text":"Sauna Hammam","link":"https:\/\/atlantide-sauna.com\/en\/category\/sauna-hammam-en\/"},"img":{"alt_text":"Sling Backroom Croix de St  Andr\u00e9","src":"https:\/\/i0.wp.com\/atlantide-sauna.com\/wp-content\/uploads\/2025\/06\/ASH_IMG2025_014-1.jpg?fit=1200%2C675&ssl=1&resize=350%2C200","width":350,"height":200,"srcset":"https:\/\/i0.wp.com\/atlantide-sauna.com\/wp-content\/uploads\/2025\/06\/ASH_IMG2025_014-1.jpg?fit=1200%2C675&ssl=1&resize=350%2C200 1x, https:\/\/i0.wp.com\/atlantide-sauna.com\/wp-content\/uploads\/2025\/06\/ASH_IMG2025_014-1.jpg?fit=1200%2C675&ssl=1&resize=525%2C300 1.5x, https:\/\/i0.wp.com\/atlantide-sauna.com\/wp-content\/uploads\/2025\/06\/ASH_IMG2025_014-1.jpg?fit=1200%2C675&ssl=1&resize=700%2C400 2x, https:\/\/i0.wp.com\/atlantide-sauna.com\/wp-content\/uploads\/2025\/06\/ASH_IMG2025_014-1.jpg?fit=1200%2C675&ssl=1&resize=1050%2C600 3x"},"classes":[]},{"id":4798,"url":"https:\/\/atlantide-sauna.com\/en\/sauna-hammam\/tolerance-and-ethics-for-libertines\/","url_meta":{"origin":720,"position":1},"title":"Tolerance and ethics for libertines","author":"Atlantide Sauna","date":"22\/05\/2025","format":false,"excerpt":"L'Atlantide Sauna: tolerance and ethics for libertines At Atlantide Sauna Paris 12, you'll find the ideal conditions for your libertine encounters. Relax in the bar, steam room or sauna, in a friendly, pansexual atmosphere. Private or collective relaxation areas are at your disposal to give free rein to your senses!\u2026","rel":"","context":"In &quot;Sauna Hammam&quot;","block_context":{"text":"Sauna Hammam","link":"https:\/\/atlantide-sauna.com\/en\/category\/sauna-hammam-en\/"},"img":{"alt_text":"","src":"https:\/\/i0.wp.com\/atlantide-sauna.com\/wp-content\/uploads\/2021\/11\/ASH_IMG2023_09.jpg?fit=1200%2C675&ssl=1&resize=350%2C200","width":350,"height":200,"srcset":"https:\/\/i0.wp.com\/atlantide-sauna.com\/wp-content\/uploads\/2021\/11\/ASH_IMG2023_09.jpg?fit=1200%2C675&ssl=1&resize=350%2C200 1x, https:\/\/i0.wp.com\/atlantide-sauna.com\/wp-content\/uploads\/2021\/11\/ASH_IMG2023_09.jpg?fit=1200%2C675&ssl=1&resize=525%2C300 1.5x, https:\/\/i0.wp.com\/atlantide-sauna.com\/wp-content\/uploads\/2021\/11\/ASH_IMG2023_09.jpg?fit=1200%2C675&ssl=1&resize=700%2C400 2x, https:\/\/i0.wp.com\/atlantide-sauna.com\/wp-content\/uploads\/2021\/11\/ASH_IMG2023_09.jpg?fit=1200%2C675&ssl=1&resize=1050%2C600 3x"},"classes":[]},{"id":4857,"url":"https:\/\/atlantide-sauna.com\/en\/sauna-hammam\/libertine-club-reviews\/","url_meta":{"origin":720,"position":2},"title":"Libertine club reviews","author":"Atlantide Sauna","date":"22\/05\/2025","format":false,"excerpt":"At l'Atlantide Sauna 13 rue Parrot near the Gare de Lyon, we do everything we can to promote your libertine encounters and booty calls. Private or group relaxation areas welcome you, not forgetting our top-of-the-range sauna or the tiled, scented hammam. To facilitate your encounters, bar, booths and pansexual video\u2026","rel":"","context":"In &quot;Sauna Hammam&quot;","block_context":{"text":"Sauna Hammam","link":"https:\/\/atlantide-sauna.com\/en\/category\/sauna-hammam-en\/"},"img":{"alt_text":"","src":"","width":0,"height":0},"classes":[]},{"id":4861,"url":"https:\/\/atlantide-sauna.com\/en\/sauna-hammam\/rencontre-coquines-paris-12\/","url_meta":{"origin":720,"position":3},"title":"Rencontre coquines Paris 12","author":"Atlantide Sauna","date":"22\/05\/2025","format":false,"excerpt":"Rencontre coquines Paris 12 If you're into pansexual libertinism and candaulism, you now have a place to meet in Paris near the Gare de Lyon: Atlantide Sauna. Open 7\/7, we are a mixed sauna hammam where courtesy and tolerance are the rule. In our libertine sex club, you'll enjoy a\u2026","rel":"","context":"In &quot;Sauna Hammam&quot;","block_context":{"text":"Sauna Hammam","link":"https:\/\/atlantide-sauna.com\/en\/category\/sauna-hammam-en\/"},"img":{"alt_text":"","src":"","width":0,"height":0},"classes":[]},{"id":4868,"url":"https:\/\/atlantide-sauna.com\/en\/sauna-hammam\/bisexual-and-transvestite-club-paris-near-gare-de-lyon\/","url_meta":{"origin":720,"position":4},"title":"Bisexual and transvestite club Paris near Gare de Lyon","author":"Atlantide Sauna","date":"22\/05\/2025","format":false,"excerpt":"Bisexual and transvestite club in Paris 12 What makes Atlantide Sauna so special is that it's a libertine steam room in the heart of Paris. Our libertine sauna in Paris Gare de Lyon welcomes couples, transvestites, bisexuals, curious heterosexuals and gays. A welcoming staff and an intimate, soothing atmosphere -\u2026","rel":"","context":"In &quot;Sauna Hammam&quot;","block_context":{"text":"Sauna Hammam","link":"https:\/\/atlantide-sauna.com\/en\/category\/sauna-hammam-en\/"},"img":{"alt_text":"","src":"","width":0,"height":0},"classes":[]},{"id":1151,"url":"https:\/\/atlantide-sauna.com\/en\/sauna-hammam\/avis-atlantide-sauna\/","url_meta":{"origin":720,"position":5},"title":"Avis atlantide sauna","author":"Atlantide Sauna","date":"22\/05\/2025","format":false,"excerpt":"L'Atlantide Sauna combines the pleasure of your naughty encounters with its luxurious, relaxing facilities, all in a friendly atmosphere. Learn more about : Atlantide sauna L'Atlantide Sauna, just a stone's throw from the Gare de Lyon, is the first private club for libertine encounters of all kinds in Paris. Whether\u2026","rel":"","context":"In &quot;Sauna Hammam&quot;","block_context":{"text":"Sauna Hammam","link":"https:\/\/atlantide-sauna.com\/en\/category\/sauna-hammam-en\/"},"img":{"alt_text":"","src":"","width":0,"height":0},"classes":[]}],"jetpack_sharing_enabled":true,"_links":{"self":[{"href":"https:\/\/atlantide-sauna.com\/en\/wp-json\/wp\/v2\/pages\/720","targetHints":{"allow":["GET"]}}],"collection":[{"href":"https:\/\/atlantide-sauna.com\/en\/wp-json\/wp\/v2\/pages"}],"about":[{"href":"https:\/\/atlantide-sauna.com\/en\/wp-json\/wp\/v2\/types\/page"}],"author":[{"embeddable":true,"href":"https:\/\/atlantide-sauna.com\/en\/wp-json\/wp\/v2\/users\/4"}],"replies":[{"embeddable":true,"href":"https:\/\/atlantide-sauna.com\/en\/wp-json\/wp\/v2\/comments?post=720"}],"version-history":[{"count":5,"href":"https:\/\/atlantide-sauna.com\/en\/wp-json\/wp\/v2\/pages\/720\/revisions"}],"predecessor-version":[{"id":8025,"href":"https:\/\/atlantide-sauna.com\/en\/wp-json\/wp\/v2\/pages\/720\/revisions\/8025"}],"wp:featuredmedia":[{"embeddable":true,"href":"https:\/\/atlantide-sauna.com\/en\/wp-json\/wp\/v2\/media\/4439"}],"wp:attachment":[{"href":"https:\/\/atlantide-sauna.com\/en\/wp-json\/wp\/v2\/media?parent=720"}],"curies":[{"name":"wp","href":"https:\/\/api.w.org\/{rel}","templated":true}]}}