{"id":741,"date":"2022-07-16T17:26:02","date_gmt":"2022-07-16T15:26:02","guid":{"rendered":"https:\/\/dev.atlantide-sauna.com\/2025-rates\/"},"modified":"2026-01-28T17:27:53","modified_gmt":"2026-01-28T16:27:53","slug":"rates","status":"publish","type":"page","link":"https:\/\/atlantide-sauna.com\/en\/rates\/","title":{"rendered":"2026 rates"},"content":{"rendered":"&#13;\n<h1 id=\"h-homme\" class=\"wp-block-heading\">MEN<\/h1>&#13;\n&#13;\n<figure class=\"wp-block-table uk-table uk-table-striped uk-table-small uk-table-middle\">&#13;\n<table class=\"has-fixed-layout\">&#13;\n<tbody>&#13;\n<tr>&#13;\n<td class=\"has-text-align-center\" data-align=\"center\"><strong>Week<\/strong><br\/>Monday to Friday<\/td>&#13;\n<td class=\"has-text-align-right\" data-align=\"right\"><span class=\"uk-h3 uk-text-warning uk-text-right\">35\u20ac<\/span><\/td>&#13;\n<\/tr>&#13;\n<tr>&#13;\n<td class=\"has-text-align-center\" data-align=\"center\"><strong>Weekend<\/strong><br\/>Saturday to Sunday<\/td>&#13;\n<td class=\"has-text-align-right\" data-align=\"right\"><span class=\"uk-h3 uk-text-warning uk-text-right\">45\u20ac<\/span><\/td>&#13;\n<\/tr>&#13;\n<\/tbody>&#13;\n<\/table>&#13;\n<\/figure>&#13;\n&#13;\n<p class=\"has-text-align-center\">Buy your <strong>tickets online<\/strong> from our <a class=\"uk-button uk-button-small uk-button-danger\" href=\"https:\/\/atlantide-sauna.com\/billetterie\/\"><strong>TICKET BOX<\/strong><\/a><\/p>&#13;\n\r\n<div class=\"uk-tile uk-tile-secondary uk-h3 uk-padding-small\">REDUCED RATES<br\/><span class=\"uk-h4 uk-text-warning\">ONLY<br\/>Monday to Friday<\/span><\/div>\r\n&#13;\n<figure class=\"wp-block-table uk-table uk-table-striped uk-table-small uk-table-middle\">&#13;\n<table class=\"has-fixed-layout\">&#13;\n<tbody>&#13;\n<tr>&#13;\n<td><span class=\"uk-h4\">Young<\/span><\/td>&#13;\n<td>Under 22<br\/>or Student<\/td>&#13;\n<td class=\"has-text-align-right\" data-align=\"right\"><span class=\"uk-h5 uk-text-warning uk-text-right\">18\u20ac<\/span><\/td>&#13;\n<\/tr>&#13;\n<tr>&#13;\n<td>\u00a0<\/td>&#13;\n<td>Under 27<br\/>Military<br\/>Police officer<\/td>&#13;\n<td class=\"has-text-align-right\" data-align=\"right\"><span class=\"uk-h5 uk-text-warning uk-text-right\">28\u20ac<\/span><\/td>&#13;\n<\/tr>&#13;\n<tr>&#13;\n<td><span class=\"uk-h4\">Senior<\/span><\/td>&#13;\n<td>From age 55<\/td>&#13;\n<td class=\"has-text-align-right\" data-align=\"right\"><span class=\"uk-h5 uk-text-warning uk-text-right\">28\u20ac<\/span><\/td>&#13;\n<\/tr>&#13;\n<\/tbody>&#13;\n<\/table>&#13;\n<\/figure>&#13;\n<hr class=\"wp-block-separator has-alpha-channel-opacity\" \/>&#13;\n<figure class=\"wp-block-table uk-table uk-table-striped uk-table-small uk-table-middle\">&#13;\n<table class=\"has-fixed-layout\">&#13;\n<tbody>&#13;\n<tr>&#13;\n<td><span class=\"uk-h4\">Woman  <\/span><\/td>&#13;\n<td>Monday to Friday<\/td>&#13;\n<td class=\"has-text-align-right\" data-align=\"right\"><span class=\"uk-h5 uk-text-warning uk-text-right\">15\u20ac<\/span><\/td>&#13;\n<\/tr>&#13;\n<tr>&#13;\n<td><span class=\"uk-h4 uk-text-muted\">Woman<\/span><\/td>&#13;\n<td>Saturday and Sunday<\/td>&#13;\n<td class=\"has-text-align-right\" data-align=\"right\"><span class=\"uk-h5 uk-text-warning uk-text-right\">FREE<\/span><\/td>&#13;\n<\/tr>&#13;\n<\/tbody>&#13;\n<\/table>&#13;\n<\/figure>&#13;\n<hr class=\"wp-block-separator has-alpha-channel-opacity\" \/>&#13;\n<figure class=\"wp-block-table uk-table uk-table-striped uk-table-small uk-table-middle\">&#13;\n<table class=\"has-fixed-layout\">&#13;\n<tbody>&#13;\n<tr>&#13;\n<td><span class=\"uk-h4\">Couple  <\/span><\/td>&#13;\n<td>Men + Women<\/td>&#13;\n<td class=\"has-text-align-right\" data-align=\"right\"><span class=\"uk-h4 uk-text-warning uk-text-right\">45\u20ac<\/span><\/td>&#13;\n<\/tr>&#13;\n<\/tbody>&#13;\n<\/table>&#13;\n<\/figure>&#13;\n<hr class=\"wp-block-separator has-alpha-channel-opacity\" \/>&#13;\n<figure class=\"wp-block-table uk-table uk-table-responsive uk-table-small uk-table-middle uk-light uk-background-primary\">&#13;\n<table class=\"has-fixed-layout\">&#13;\n<tbody>&#13;\n<tr>&#13;\n<td><span class=\"uk-h3\">Day Pass  <\/span><\/td>&#13;\n<td><span class=\"uk-h4\">unlimited inputs\/outputs<\/span><\/td>&#13;\n<td class=\"has-text-align-right\" data-align=\"right\"><span class=\"uk-h4 uk-text-warning uk-text-right\">5 \u20ac<\/span><\/td>&#13;\n<\/tr>&#13;\n<\/tbody>&#13;\n<\/table>&#13;\n<\/figure>&#13;\n&#13;\n<h2 id=\"h-supplements\" class=\"wp-block-heading\">Supplements<\/h2>&#13;\n&#13;\n<figure class=\"wp-block-table uk-table uk-table-striped uk-table-hover uk-table-small uk-table-middle uk-table-responsive\">&#13;\n<table class=\"has-fixed-layout\">&#13;\n<tbody>&#13;\n<tr>&#13;\n<td>\n<div class=\"el-title uk-h4\">Sodas<\/div>\n<\/td>&#13;\n<td>\n<div class=\"el-meta uk-text-lead uk-text-primary\">2\u20ac<\/div>\n<\/td>&#13;\n<\/tr>&#13;\n<tr>&#13;\n<td>\n<div class=\"el-title uk-h4\">Ice cream<\/div>\n<\/td>&#13;\n<td>\n<div class=\"el-meta uk-text-lead uk-text-primary\">2\u20ac<\/div>\n<\/td>&#13;\n<\/tr>&#13;\n<tr>&#13;\n<td>\n<div class=\"el-title uk-h4\">Tea &#8211; Coffee<\/div>\n<\/td>&#13;\n<td>\n<div class=\"el-meta uk-text-lead uk-text-primary\">1\u20ac<\/div>\n<\/td>&#13;\n<\/tr>&#13;\n<tr>&#13;\n<td>\n<div class=\"el-title uk-h4\">Poppers<\/div>\n<\/td>&#13;\n<td>\n<div class=\"el-meta uk-text-lead uk-text-primary\">10\u20ac<\/div>\n<\/td>&#13;\n<\/tr>&#13;\n<tr>&#13;\n<td>\n<div class=\"el-title uk-h4\">Sandals for rent<\/div>\n<\/td>&#13;\n<td>\n<div class=\"el-meta uk-text-lead uk-text-primary\">3\u20ac<\/div>\n<\/td>&#13;\n<\/tr>&#13;\n<tr>&#13;\n<td>\n<div class=\"el-title uk-h4\">Towels<\/div>\n<\/td>&#13;\n<td>\n<div class=\"el-meta uk-text-lead uk-text-primary\">At your disposal<\/div>\n<\/td>&#13;\n<\/tr>&#13;\n<tr>&#13;\n<td>\n<div class=\"el-title uk-h4\">Condoms<\/div>\n<\/td>&#13;\n<td>\n<div class=\"el-meta uk-text-lead uk-text-primary\">Available<\/div>\n<\/td>&#13;\n<\/tr>&#13;\n<tr>&#13;\n<td>\n<div class=\"el-title uk-h4\">Lubricating gel<\/div>\n<\/td>&#13;\n<td>\n<div class=\"el-meta uk-text-lead uk-text-primary\">Free<\/div>\n<\/td>&#13;\n<\/tr>&#13;\n<\/tbody>&#13;\n<\/table>&#13;\n<\/figure>&#13;\n&#13;\n<p>\u00a0<\/p>&#13;\n","protected":false},"excerpt":{"rendered":"<p>&#13; MEN &#13; &#13; &#13; &#13; &#13; &#13; WeekMonday to Friday &#13; 35\u20ac &#13; &#13; &#13; WeekendSaturday to Sunday &#13; 45\u20ac &#13; &#13; &#13; &#13; &#13; &#13; Buy your tickets online from our TICKET BOX &#13; REDUCED RATESONLYMonday to Friday &#13; &#13; &#13; &#13; &#13; Young &#13; Under 22or Student &#13; 18\u20ac &#13; &#13; &#13; [&hellip;]<\/p>\n","protected":false},"author":4,"featured_media":0,"parent":0,"menu_order":6,"comment_status":"closed","ping_status":"closed","template":"","meta":{"footnotes":""},"class_list":["post-741","page","type-page","status-publish","hentry"],"yoast_head":"<!-- This site is optimized with the Yoast SEO Premium plugin v27.2 (Yoast SEO v27.2) - https:\/\/yoast.com\/product\/yoast-seo-premium-wordpress\/ -->\n<title>Entrance fees: Men, Youth, Seniors, and more - Atlantide Sauna<\/title>\n<meta name=\"description\" content=\"Discover our attractive rates for men, women and couples. Take advantage of our weekday discounts.\" \/>\n<meta name=\"robots\" content=\"index, follow, max-snippet:-1, max-image-preview:large, max-video-preview:-1\" \/>\n<link rel=\"canonical\" href=\"https:\/\/atlantide-sauna.com\/en\/rates\/\" \/>\n<meta property=\"og:locale\" content=\"en_US\" \/>\n<meta property=\"og:type\" content=\"article\" \/>\n<meta property=\"og:title\" content=\"2026 rates\" \/>\n<meta property=\"og:description\" content=\"Discover our attractive rates for men, women and couples. Take advantage of our weekday discounts.\" \/>\n<meta property=\"og:url\" content=\"https:\/\/atlantide-sauna.com\/en\/rates\/\" \/>\n<meta property=\"og:site_name\" content=\"Atlantide Sauna\" \/>\n<meta property=\"article:publisher\" content=\"https:\/\/www.facebook.com\/profile.php?id=100082829877238\" \/>\n<meta property=\"article:modified_time\" content=\"2026-01-28T16:27:53+00:00\" \/>\n<meta property=\"og:image\" content=\"https:\/\/i0.wp.com\/atlantide-sauna.com\/wp-content\/uploads\/2025\/06\/ASH_IMG2025_000.jpg?fit=1440%2C810&ssl=1\" \/>\n\t<meta property=\"og:image:width\" content=\"1440\" \/>\n\t<meta property=\"og:image:height\" content=\"810\" \/>\n\t<meta property=\"og:image:type\" content=\"image\/jpeg\" \/>\n<meta name=\"twitter:card\" content=\"summary_large_image\" \/>\n<meta name=\"twitter:site\" content=\"@atlantidesauna\" \/>\n<script type=\"application\/ld+json\" class=\"yoast-schema-graph\">{\"@context\":\"https:\/\/schema.org\",\"@graph\":[{\"@type\":\"WebPage\",\"@id\":\"https:\/\/atlantide-sauna.com\/en\/rates\/\",\"url\":\"https:\/\/atlantide-sauna.com\/en\/rates\/\",\"name\":\"Entrance fees: Men, Youth, Seniors, and more - Atlantide Sauna\",\"isPartOf\":{\"@id\":\"https:\/\/atlantide-sauna.com\/en\/#website\"},\"datePublished\":\"2022-07-16T15:26:02+00:00\",\"dateModified\":\"2026-01-28T16:27:53+00:00\",\"description\":\"Discover our attractive rates for men, women and couples. Take advantage of our weekday discounts.\",\"breadcrumb\":{\"@id\":\"https:\/\/atlantide-sauna.com\/en\/rates\/#breadcrumb\"},\"inLanguage\":\"en-US\",\"potentialAction\":[{\"@type\":\"ReadAction\",\"target\":[\"https:\/\/atlantide-sauna.com\/en\/rates\/\"]}]},{\"@type\":\"BreadcrumbList\",\"@id\":\"https:\/\/atlantide-sauna.com\/en\/rates\/#breadcrumb\",\"itemListElement\":[{\"@type\":\"ListItem\",\"position\":1,\"name\":\"Accueil\",\"item\":\"https:\/\/atlantide-sauna.com\/en\/home\/\"},{\"@type\":\"ListItem\",\"position\":2,\"name\":\"2026 rates\"}]},{\"@type\":\"WebSite\",\"@id\":\"https:\/\/atlantide-sauna.com\/en\/#website\",\"url\":\"https:\/\/atlantide-sauna.com\/en\/\",\"name\":\"Atlantide Sauna\",\"description\":\"Sauna Toutes Tendances Gay Bi Tr**\",\"publisher\":{\"@id\":\"https:\/\/atlantide-sauna.com\/en\/#organization\"},\"alternateName\":\"Club libertin Atlantide Sauna Paris\",\"potentialAction\":[{\"@type\":\"SearchAction\",\"target\":{\"@type\":\"EntryPoint\",\"urlTemplate\":\"https:\/\/atlantide-sauna.com\/en\/?s={search_term_string}\"},\"query-input\":{\"@type\":\"PropertyValueSpecification\",\"valueRequired\":true,\"valueName\":\"search_term_string\"}}],\"inLanguage\":\"en-US\"},{\"@type\":\"Organization\",\"@id\":\"https:\/\/atlantide-sauna.com\/en\/#organization\",\"name\":\"ATLANTIDE SAUNA HAMMAM\",\"alternateName\":\"ATLANTIDE SAUNA HAMMAM\",\"url\":\"https:\/\/atlantide-sauna.com\/en\/\",\"logo\":{\"@type\":\"ImageObject\",\"inLanguage\":\"en-US\",\"@id\":\"https:\/\/atlantide-sauna.com\/en\/#\/schema\/logo\/image\/\",\"url\":\"https:\/\/atlantide-sauna.com\/wp-content\/uploads\/2025\/05\/ash_logo_2025_01.svg\",\"contentUrl\":\"https:\/\/atlantide-sauna.com\/wp-content\/uploads\/2025\/05\/ash_logo_2025_01.svg\",\"width\":1,\"height\":1,\"caption\":\"ATLANTIDE SAUNA HAMMAM\"},\"image\":{\"@id\":\"https:\/\/atlantide-sauna.com\/en\/#\/schema\/logo\/image\/\"},\"sameAs\":[\"https:\/\/www.facebook.com\/profile.php?id=100082829877238\",\"https:\/\/x.com\/atlantidesauna\"],\"description\":\"Sauna hammam toutes tendances. Un espace de libert\u00e9, de mixit\u00e9 et de tol\u00e9rance. Chez Atlantide Sauna vous trouverez les conditions id\u00e9ales pour vos rencontres libertines.\",\"email\":\"infos@atlantide-sauna.com\",\"telephone\":\"0143422243\",\"legalName\":\"ATLANTIDE SAUNA HAMMAM\",\"foundingDate\":\"1999-08-09\",\"vatID\":\"FR39423920370\",\"taxID\":\"42392037000016\",\"numberOfEmployees\":{\"@type\":\"QuantitativeValue\",\"minValue\":\"1\",\"maxValue\":\"10\"}}]}<\/script>\n<!-- \/ Yoast SEO Premium plugin. -->","yoast_head_json":{"title":"Entrance fees: Men, Youth, Seniors, and more - Atlantide Sauna","description":"Discover our attractive rates for men, women and couples. Take advantage of our weekday discounts.","robots":{"index":"index","follow":"follow","max-snippet":"max-snippet:-1","max-image-preview":"max-image-preview:large","max-video-preview":"max-video-preview:-1"},"canonical":"https:\/\/atlantide-sauna.com\/en\/rates\/","og_locale":"en_US","og_type":"article","og_title":"2026 rates","og_description":"Discover our attractive rates for men, women and couples. Take advantage of our weekday discounts.","og_url":"https:\/\/atlantide-sauna.com\/en\/rates\/","og_site_name":"Atlantide Sauna","article_publisher":"https:\/\/www.facebook.com\/profile.php?id=100082829877238","article_modified_time":"2026-01-28T16:27:53+00:00","og_image":[{"width":1440,"height":810,"url":"https:\/\/i0.wp.com\/atlantide-sauna.com\/wp-content\/uploads\/2025\/06\/ASH_IMG2025_000.jpg?fit=1440%2C810&ssl=1","type":"image\/jpeg"}],"twitter_card":"summary_large_image","twitter_site":"@atlantidesauna","schema":{"@context":"https:\/\/schema.org","@graph":[{"@type":"WebPage","@id":"https:\/\/atlantide-sauna.com\/en\/rates\/","url":"https:\/\/atlantide-sauna.com\/en\/rates\/","name":"Entrance fees: Men, Youth, Seniors, and more - Atlantide Sauna","isPartOf":{"@id":"https:\/\/atlantide-sauna.com\/en\/#website"},"datePublished":"2022-07-16T15:26:02+00:00","dateModified":"2026-01-28T16:27:53+00:00","description":"Discover our attractive rates for men, women and couples. Take advantage of our weekday discounts.","breadcrumb":{"@id":"https:\/\/atlantide-sauna.com\/en\/rates\/#breadcrumb"},"inLanguage":"en-US","potentialAction":[{"@type":"ReadAction","target":["https:\/\/atlantide-sauna.com\/en\/rates\/"]}]},{"@type":"BreadcrumbList","@id":"https:\/\/atlantide-sauna.com\/en\/rates\/#breadcrumb","itemListElement":[{"@type":"ListItem","position":1,"name":"Accueil","item":"https:\/\/atlantide-sauna.com\/en\/home\/"},{"@type":"ListItem","position":2,"name":"2026 rates"}]},{"@type":"WebSite","@id":"https:\/\/atlantide-sauna.com\/en\/#website","url":"https:\/\/atlantide-sauna.com\/en\/","name":"Atlantide Sauna","description":"Sauna Toutes Tendances Gay Bi Tr**","publisher":{"@id":"https:\/\/atlantide-sauna.com\/en\/#organization"},"alternateName":"Club libertin Atlantide Sauna Paris","potentialAction":[{"@type":"SearchAction","target":{"@type":"EntryPoint","urlTemplate":"https:\/\/atlantide-sauna.com\/en\/?s={search_term_string}"},"query-input":{"@type":"PropertyValueSpecification","valueRequired":true,"valueName":"search_term_string"}}],"inLanguage":"en-US"},{"@type":"Organization","@id":"https:\/\/atlantide-sauna.com\/en\/#organization","name":"ATLANTIDE SAUNA HAMMAM","alternateName":"ATLANTIDE SAUNA HAMMAM","url":"https:\/\/atlantide-sauna.com\/en\/","logo":{"@type":"ImageObject","inLanguage":"en-US","@id":"https:\/\/atlantide-sauna.com\/en\/#\/schema\/logo\/image\/","url":"https:\/\/atlantide-sauna.com\/wp-content\/uploads\/2025\/05\/ash_logo_2025_01.svg","contentUrl":"https:\/\/atlantide-sauna.com\/wp-content\/uploads\/2025\/05\/ash_logo_2025_01.svg","width":1,"height":1,"caption":"ATLANTIDE SAUNA HAMMAM"},"image":{"@id":"https:\/\/atlantide-sauna.com\/en\/#\/schema\/logo\/image\/"},"sameAs":["https:\/\/www.facebook.com\/profile.php?id=100082829877238","https:\/\/x.com\/atlantidesauna"],"description":"Sauna hammam toutes tendances. Un espace de libert\u00e9, de mixit\u00e9 et de tol\u00e9rance. Chez Atlantide Sauna vous trouverez les conditions id\u00e9ales pour vos rencontres libertines.","email":"infos@atlantide-sauna.com","telephone":"0143422243","legalName":"ATLANTIDE SAUNA HAMMAM","foundingDate":"1999-08-09","vatID":"FR39423920370","taxID":"42392037000016","numberOfEmployees":{"@type":"QuantitativeValue","minValue":"1","maxValue":"10"}}]}},"jetpack-related-posts":[{"id":7783,"url":"https:\/\/atlantide-sauna.com\/en\/2026-rates\/","url_meta":{"origin":741,"position":0},"title":"2026 rates","author":"Atlantide Sauna","date":"01\/01\/2026","format":false,"excerpt":"2026 rates","rel":"","context":"Similar post","block_context":{"text":"Similar post","link":""},"img":{"alt_text":"","src":"","width":0,"height":0},"classes":[]},{"id":89,"url":"https:\/\/atlantide-sauna.com\/tarifs\/","url_meta":{"origin":741,"position":1},"title":"Tarifs 2026","author":"Atlantide Sauna","date":"16\/07\/2022","format":false,"excerpt":"HOMME SemaineLundi au Vendredi 35\u20ac Week-EndSamedi au Dimanche 45\u20ac Achetez vos tickets d'entr\u00e9e en ligne depuis notre BILLETTERIE TARIFS REDUITSUNIQUEMENTdu Lundi au Vendredi Jeune Moins de 22 ansou Etudiant 18\u20ac \u00a0 Moins de 27 ansMilitairePolicier 28\u20ac Senior A partir de 55 ans 28\u20ac Femme du Lundi au Vendredi 15\u20ac Femme\u2026","rel":"","context":"In &quot;Atlantide-Sauna&quot;","block_context":{"text":"Atlantide-Sauna","link":"https:\/\/atlantide-sauna.com\/category\/atlantide-sauna\/"},"img":{"alt_text":"","src":"","width":0,"height":0},"classes":[]},{"id":747,"url":"https:\/\/atlantide-sauna.com\/de\/preise\/","url_meta":{"origin":741,"position":2},"title":"Tarife 2026","author":"Atlantide Sauna","date":"16\/07\/2022","format":false,"excerpt":"\r MANN\r \r \r \r \r \r WocheMontag bis Freitag\r 35\u20ac\r \r \r WochenendeSamstag bis Sonntag\r 45\u20ac\r \r \r \r \r \r Kaufen Sie Ihre Eintrittskarten online in unserem TICKETTERIE\r ERM\u00c4SSIGTE PREISENURvon Montag bis Freitag \r \r \r \r \r Junger\r Unter 22 Jahrenoder Student\r 18\u20ac\r \r \r \u00a0\r Unter\u2026","rel":"","context":"In &quot;Atlantide-Sauna&quot;","block_context":{"text":"Atlantide-Sauna","link":"https:\/\/atlantide-sauna.com\/de\/category\/atlantide-sauna-de\/"},"img":{"alt_text":"","src":"","width":0,"height":0},"classes":[]},{"id":744,"url":"https:\/\/atlantide-sauna.com\/es\/tarifas-para-2025\/","url_meta":{"origin":741,"position":3},"title":"Tarifas para 2026","author":"Atlantide Sauna","date":"16\/07\/2022","format":false,"excerpt":"\r HOMBRE\r \r \r \r \r \r SemanaDe lunes a viernes\r 35\u20ac\r \r \r Fin de semanaDe s\u00e1bado a domingo\r 45\u20ac\r \r \r \r \r \r Compra tus entradas en l\u00ednea en nuestra TAQUILLA\r TARIFAS REDUCIDASSOLODe lunes a viernes \r \r \r \r \r Joven\r Menores de 22 a\u00f1oso Estudiante\r\u2026","rel":"","context":"In &quot;Atl\u00e1ntida-Sauna&quot;","block_context":{"text":"Atl\u00e1ntida-Sauna","link":"https:\/\/atlantide-sauna.com\/es\/category\/atlantida-sauna\/"},"img":{"alt_text":"","src":"","width":0,"height":0},"classes":[]},{"id":746,"url":"https:\/\/atlantide-sauna.com\/it\/tariffe\/","url_meta":{"origin":741,"position":4},"title":"Tariffe per il 2026","author":"Atlantide Sauna","date":"16\/07\/2022","format":false,"excerpt":"\r UOMINI\r \r \r \r \r \r SettimanaDa luned\u00ec a venerd\u00ec\r 35\u20ac\r \r \r WeekendDa sabato a domenica\r 45\u20ac\r \r \r \r \r \r Acquista i tuoi biglietti online dal nostro BOX BIGLIETTI\r TARIFFE RIDOTTESOLOdal luned\u00ec al venerd\u00ec \r \r \r \r \r Giovane\r Under 22o studente\r 18\u20ac\r \r \r\u2026","rel":"","context":"In &quot;Atlantide-Sauna&quot;","block_context":{"text":"Atlantide-Sauna","link":"https:\/\/atlantide-sauna.com\/it\/category\/atlantide-sauna-it\/"},"img":{"alt_text":"","src":"","width":0,"height":0},"classes":[]},{"id":510,"url":"https:\/\/atlantide-sauna.com\/en\/faq-practical-information\/","url_meta":{"origin":741,"position":5},"title":"Information","author":"Atlantide Sauna","date":"16\/07\/2022","format":false,"excerpt":"WHAT ARE THE OPENING HOURS AT THE ATLANTIDE SAUNA? Every day from noon to 10:00 pm, including Sundays and public holidays. Other opening times can be arranged for special events. WHEN ARE THE MOST PEOPLE AT THE ATLANTIDE SAUNA? A question for Madame Irma and her crystal ball! As a\u2026","rel":"","context":"In &quot;Atlantide-Sauna&quot;","block_context":{"text":"Atlantide-Sauna","link":"https:\/\/atlantide-sauna.com\/en\/category\/atlantide-sauna-en\/"},"img":{"alt_text":"Atlantide Sauna Paris - Informations pratiques","src":"https:\/\/i0.wp.com\/atlantide-sauna.com\/wp-content\/uploads\/2014\/04\/ASH_IMG_0180_675_1200-e1748345108440.jpg?fit=675%2C380&ssl=1&resize=350%2C200","width":350,"height":200,"srcset":"https:\/\/i0.wp.com\/atlantide-sauna.com\/wp-content\/uploads\/2014\/04\/ASH_IMG_0180_675_1200-e1748345108440.jpg?fit=675%2C380&ssl=1&resize=350%2C200 1x, https:\/\/i0.wp.com\/atlantide-sauna.com\/wp-content\/uploads\/2014\/04\/ASH_IMG_0180_675_1200-e1748345108440.jpg?fit=675%2C380&ssl=1&resize=525%2C300 1.5x"},"classes":[]}],"jetpack_sharing_enabled":true,"_links":{"self":[{"href":"https:\/\/atlantide-sauna.com\/en\/wp-json\/wp\/v2\/pages\/741","targetHints":{"allow":["GET"]}}],"collection":[{"href":"https:\/\/atlantide-sauna.com\/en\/wp-json\/wp\/v2\/pages"}],"about":[{"href":"https:\/\/atlantide-sauna.com\/en\/wp-json\/wp\/v2\/types\/page"}],"author":[{"embeddable":true,"href":"https:\/\/atlantide-sauna.com\/en\/wp-json\/wp\/v2\/users\/4"}],"replies":[{"embeddable":true,"href":"https:\/\/atlantide-sauna.com\/en\/wp-json\/wp\/v2\/comments?post=741"}],"version-history":[{"count":5,"href":"https:\/\/atlantide-sauna.com\/en\/wp-json\/wp\/v2\/pages\/741\/revisions"}],"predecessor-version":[{"id":8015,"href":"https:\/\/atlantide-sauna.com\/en\/wp-json\/wp\/v2\/pages\/741\/revisions\/8015"}],"wp:attachment":[{"href":"https:\/\/atlantide-sauna.com\/en\/wp-json\/wp\/v2\/media?parent=741"}],"curies":[{"name":"wp","href":"https:\/\/api.w.org\/{rel}","templated":true}]}}