{"id":7391,"date":"2026-01-01T23:47:42","date_gmt":"2026-01-01T22:47:42","guid":{"rendered":"https:\/\/atlantide-sauna.com\/?post_type=product&#038;p=7391"},"modified":"2026-02-06T17:17:58","modified_gmt":"2026-02-06T16:17:58","slug":"mens-input-copie","status":"publish","type":"product","link":"https:\/\/atlantide-sauna.com\/en\/billetterie\/mens-input-copie\/","title":{"rendered":"Men -22 years"},"content":{"rendered":"<p>Entry ticket for a single man <strong>under 22 years of age, or a student<\/strong>.<br \/>\nWeekday rates from Monday to Friday.<br \/>\n<strong><span style=\"text-decoration: underline;\">OFFICIAL<\/span> ID or <span style=\"text-decoration: underline;\">STUDENT CARD<\/span> required for entry into the establishment.<\/strong><br \/>\n<!--more--><br \/>\nCome and enjoy the steam room and sauna, and meet new people every day from midday.<\/p>\n<div class=\"uk-alert uk-alert-success\" style=\"text-align: justify;\">\n<p>Admission ticket, <span style=\"text-decoration: underline;\"><strong>undated<\/strong><\/span>valid on weekdays and <span style=\"text-decoration: underline;\"><strong>usable from MONDAY to FRIDAY<\/strong>.<\/span><\/p>\n<p>Ticket to be used within <strong><span style=\"text-decoration: underline;\">within 3 MONTHS from date of purchase<\/span><\/strong>.<\/p>\n<\/div>\n<p class=\"whitespace-break-spaces\"><strong>Terms of use :<\/strong><\/p>\n<ul>\n<li>Valid for one entry only.<\/li>\n<li>Non-exchangeable, non-refundable.<\/li>\n<li>Reserved for men of legal age (18 and under 22).<\/li>\n<li>Must be presented at the entrance (digital or printed version).<\/li>\n<li>Reserved for men over 18 who are <strong>students<\/strong> (original student card).<\/li>\n<li><span style=\"color: #ff0000;\"><strong>YOU MUST have an <span style=\"text-decoration: underline;\">OFFICIAL<\/span> ID or <span style=\"text-decoration: underline;\">a STUDENT<br \/>\nCARD<\/span><\/strong>It is <strong><span style=\"text-decoration: underline;\">mandatory<\/span> to enter the establishment.<\/strong><\/span><\/li>\n<\/ul>\n<p><strong>Need a ticket for a couple?<\/strong> See our other price options <a href=\"https:\/\/atlantide-sauna.com\/billetterie\/entree-duo\/\"><strong>Duo ticket<\/strong><\/a>.<\/p>\n<p>You&#8217;re <strong>55 or over!<\/strong> Take advantage of our offer <a href=\"https:\/\/atlantide-sauna.com\/billetterie\/entree-senior\/\"><strong>Senior admission<\/strong><\/a>.<\/p>\n<div class=\"uk-alert uk-alert-warning\" style=\"text-align: justify;\"><strong>IMPORTANT<\/strong><br \/>\nAdmission tickets are valid every day the establishment is open <strong>, except on EVENT <\/strong>or <strong>SPECIAL EVENING<\/strong> <strong>days <\/strong> <strong>.<br \/>\n<\/strong>Please ask at the establishment reception desk, check our social networks <a href=\"https:\/\/www.instagram.com\/atlantide.sauna\/\" target=\"_blank\" rel=\"noopener\">Instagram<\/a>, <a href=\"https:\/\/www.facebook.com\/people\/Atlantide-Sauna\/100082829877238\/\" target=\"_blank\" rel=\"noopener\">Facebook<\/a> or <a href=\"https:\/\/t.me\/+Ioz1OGyrdg01ZTlk\" target=\"_blank\" rel=\"noopener\">Telegram<\/a>. You can also send us a message via our <a href=\"https:\/\/atlantide-sauna.com\/en\/contact\/\" target=\"_blank\" rel=\"noopener\">CONTACT<\/a> page.<\/div>\n<div><\/div>\n<div class=\"uk-alert\">\n<div style=\"text-align: justify;\"><img data-recalc-dims=\"1\" loading=\"lazy\" decoding=\"async\" class=\"alignleft wp-image-6966\" src=\"https:\/\/i0.wp.com\/atlantide-sauna.com\/wp-content\/uploads\/2025\/10\/carte_fidelite.png?resize=145%2C90&#038;ssl=1\" alt=\"Loyalty card - Atlantide Sauna Paris\" width=\"145\" height=\"90\" srcset=\"https:\/\/i0.wp.com\/atlantide-sauna.com\/wp-content\/uploads\/2025\/10\/carte_fidelite.png?resize=300%2C186&amp;ssl=1 300w, https:\/\/i0.wp.com\/atlantide-sauna.com\/wp-content\/uploads\/2025\/10\/carte_fidelite.png?w=420&amp;ssl=1 420w\" sizes=\"(max-width: 145px) 100vw, 145px\" \/>Collect points for every paid admission, and get 1 free admission for every 900 points earned! Present your loyalty card at reception. They are non-transferable and cannot be combined with other offers. We reserve the right to modify these conditions at any time.   <\/div>\n<\/div>\n<div>https:\/\/atlantide-sauna.com\/billetterie\/<\/div>\n","protected":false},"excerpt":{"rendered":"<p>Admission for a single male over 18.<\/p>\n","protected":false},"author":4,"featured_media":7616,"template":"","meta":{"jetpack_publicize_message":"","jetpack_publicize_feature_enabled":true,"jetpack_social_post_already_shared":true,"jetpack_social_options":{"image_generator_settings":{"template":"highway","default_image_id":0,"font":"","enabled":false},"version":2}},"product_brand":[],"product_cat":[303],"product_tag":[344,345],"class_list":{"0":"post-7391","1":"product","2":"type-product","3":"status-publish","4":"has-post-thumbnail","6":"product_cat-tickets","7":"product_tag-man","8":"product_tag-week","10":"first","11":"instock","12":"virtual","13":"taxable","14":"purchasable","15":"product-type-simple"},"yoast_head":"<!-- This site is optimized with the Yoast SEO Premium plugin v27.2 (Yoast SEO v27.2) - https:\/\/yoast.com\/product\/yoast-seo-premium-wordpress\/ -->\n<title>Single male admission ticket: Admission for 18 years+ - Atlantide Sauna<\/title>\n<meta name=\"description\" content=\"Discover a moment of relaxation with our one-man ticket. Put your well-being first and start meeting new people at noon! \ud83c\udf1f\" \/>\n<meta name=\"robots\" content=\"index, follow, max-snippet:-1, max-image-preview:large, max-video-preview:-1\" \/>\n<link rel=\"canonical\" href=\"https:\/\/atlantide-sauna.com\/en\/billetterie\/mens-input-copie\/\" \/>\n<meta property=\"og:locale\" content=\"en_US\" \/>\n<meta property=\"og:type\" content=\"article\" \/>\n<meta property=\"og:title\" content=\"Men -22 years\" \/>\n<meta property=\"og:description\" content=\"Discover a moment of relaxation with our one-man ticket. Put your well-being first and start meeting new people at noon! \ud83c\udf1f\" \/>\n<meta property=\"og:url\" content=\"https:\/\/atlantide-sauna.com\/en\/billetterie\/mens-input-copie\/\" \/>\n<meta property=\"og:site_name\" content=\"Atlantide Sauna\" \/>\n<meta property=\"article:publisher\" content=\"https:\/\/www.facebook.com\/profile.php?id=100082829877238\" \/>\n<meta property=\"article:modified_time\" content=\"2026-02-06T16:17:58+00:00\" \/>\n<meta property=\"og:image\" content=\"https:\/\/i0.wp.com\/atlantide-sauna.com\/wp-content\/uploads\/2025\/06\/ASH_IMG2025_000.jpg?fit=1440%2C810&ssl=1\" \/>\n\t<meta property=\"og:image:width\" content=\"1440\" \/>\n\t<meta property=\"og:image:height\" content=\"810\" \/>\n\t<meta property=\"og:image:type\" content=\"image\/jpeg\" \/>\n<meta name=\"twitter:card\" content=\"summary_large_image\" \/>\n<meta name=\"twitter:site\" content=\"@atlantidesauna\" \/>\n<meta name=\"twitter:label1\" content=\"Est. reading time\" \/>\n\t<meta name=\"twitter:data1\" content=\"1 minute\" \/>\n<script type=\"application\/ld+json\" class=\"yoast-schema-graph\">{\"@context\":\"https:\/\/schema.org\",\"@graph\":[{\"@type\":\"WebPage\",\"@id\":\"https:\/\/atlantide-sauna.com\/en\/billetterie\/mens-input-copie\/\",\"url\":\"https:\/\/atlantide-sauna.com\/en\/billetterie\/mens-input-copie\/\",\"name\":\"Single male admission ticket: Admission for 18 years+ - Atlantide Sauna\",\"isPartOf\":{\"@id\":\"https:\/\/atlantide-sauna.com\/en\/#website\"},\"primaryImageOfPage\":{\"@id\":\"https:\/\/atlantide-sauna.com\/en\/billetterie\/mens-input-copie\/#primaryimage\"},\"image\":{\"@id\":\"https:\/\/atlantide-sauna.com\/en\/billetterie\/mens-input-copie\/#primaryimage\"},\"thumbnailUrl\":\"https:\/\/atlantide-sauna.com\/wp-content\/uploads\/2026\/01\/ASH-TICKETS_2026_M22.svg\",\"datePublished\":\"2026-01-01T22:47:42+00:00\",\"dateModified\":\"2026-02-06T16:17:58+00:00\",\"description\":\"Discover a moment of relaxation with our one-man ticket. Put your well-being first and start meeting new people at noon! \ud83c\udf1f\",\"breadcrumb\":{\"@id\":\"https:\/\/atlantide-sauna.com\/en\/billetterie\/mens-input-copie\/#breadcrumb\"},\"inLanguage\":\"en-US\",\"potentialAction\":[{\"@type\":\"ReadAction\",\"target\":[\"https:\/\/atlantide-sauna.com\/en\/billetterie\/mens-input-copie\/\"]}]},{\"@type\":\"ImageObject\",\"inLanguage\":\"en-US\",\"@id\":\"https:\/\/atlantide-sauna.com\/en\/billetterie\/mens-input-copie\/#primaryimage\",\"url\":\"https:\/\/atlantide-sauna.com\/wp-content\/uploads\/2026\/01\/ASH-TICKETS_2026_M22.svg\",\"contentUrl\":\"https:\/\/atlantide-sauna.com\/wp-content\/uploads\/2026\/01\/ASH-TICKETS_2026_M22.svg\",\"width\":800,\"height\":800,\"caption\":\"Entrance ticket for single MEN under 22 - Atlantide Sauna Paris\"},{\"@type\":\"BreadcrumbList\",\"@id\":\"https:\/\/atlantide-sauna.com\/en\/billetterie\/mens-input-copie\/#breadcrumb\",\"itemListElement\":[{\"@type\":\"ListItem\",\"position\":1,\"name\":\"Accueil\",\"item\":\"https:\/\/atlantide-sauna.com\/en\/home\/\"},{\"@type\":\"ListItem\",\"position\":2,\"name\":\"Tickets\",\"item\":\"https:\/\/atlantide-sauna.com\/en\/tickets\/\"},{\"@type\":\"ListItem\",\"position\":3,\"name\":\"Men -22 years\"}]},{\"@type\":\"WebSite\",\"@id\":\"https:\/\/atlantide-sauna.com\/en\/#website\",\"url\":\"https:\/\/atlantide-sauna.com\/en\/\",\"name\":\"Atlantide Sauna\",\"description\":\"Sauna Toutes Tendances Gay Bi Tr**\",\"publisher\":{\"@id\":\"https:\/\/atlantide-sauna.com\/en\/#organization\"},\"alternateName\":\"Club libertin Atlantide Sauna Paris\",\"potentialAction\":[{\"@type\":\"SearchAction\",\"target\":{\"@type\":\"EntryPoint\",\"urlTemplate\":\"https:\/\/atlantide-sauna.com\/en\/?s={search_term_string}\"},\"query-input\":{\"@type\":\"PropertyValueSpecification\",\"valueRequired\":true,\"valueName\":\"search_term_string\"}}],\"inLanguage\":\"en-US\"},{\"@type\":\"Organization\",\"@id\":\"https:\/\/atlantide-sauna.com\/en\/#organization\",\"name\":\"ATLANTIDE SAUNA HAMMAM\",\"alternateName\":\"ATLANTIDE SAUNA HAMMAM\",\"url\":\"https:\/\/atlantide-sauna.com\/en\/\",\"logo\":{\"@type\":\"ImageObject\",\"inLanguage\":\"en-US\",\"@id\":\"https:\/\/atlantide-sauna.com\/en\/#\/schema\/logo\/image\/\",\"url\":\"https:\/\/atlantide-sauna.com\/wp-content\/uploads\/2025\/05\/ash_logo_2025_01.svg\",\"contentUrl\":\"https:\/\/atlantide-sauna.com\/wp-content\/uploads\/2025\/05\/ash_logo_2025_01.svg\",\"width\":1,\"height\":1,\"caption\":\"ATLANTIDE SAUNA HAMMAM\"},\"image\":{\"@id\":\"https:\/\/atlantide-sauna.com\/en\/#\/schema\/logo\/image\/\"},\"sameAs\":[\"https:\/\/www.facebook.com\/profile.php?id=100082829877238\",\"https:\/\/x.com\/atlantidesauna\"],\"description\":\"Sauna hammam toutes tendances. Un espace de libert\u00e9, de mixit\u00e9 et de tol\u00e9rance. Chez Atlantide Sauna vous trouverez les conditions id\u00e9ales pour vos rencontres libertines.\",\"email\":\"infos@atlantide-sauna.com\",\"telephone\":\"0143422243\",\"legalName\":\"ATLANTIDE SAUNA HAMMAM\",\"foundingDate\":\"1999-08-09\",\"vatID\":\"FR39423920370\",\"taxID\":\"42392037000016\",\"numberOfEmployees\":{\"@type\":\"QuantitativeValue\",\"minValue\":\"1\",\"maxValue\":\"10\"}}]}<\/script>\n<!-- \/ Yoast SEO Premium plugin. -->","yoast_head_json":{"title":"Single male admission ticket: Admission for 18 years+ - Atlantide Sauna","description":"Discover a moment of relaxation with our one-man ticket. Put your well-being first and start meeting new people at noon! \ud83c\udf1f","robots":{"index":"index","follow":"follow","max-snippet":"max-snippet:-1","max-image-preview":"max-image-preview:large","max-video-preview":"max-video-preview:-1"},"canonical":"https:\/\/atlantide-sauna.com\/en\/billetterie\/mens-input-copie\/","og_locale":"en_US","og_type":"article","og_title":"Men -22 years","og_description":"Discover a moment of relaxation with our one-man ticket. Put your well-being first and start meeting new people at noon! \ud83c\udf1f","og_url":"https:\/\/atlantide-sauna.com\/en\/billetterie\/mens-input-copie\/","og_site_name":"Atlantide Sauna","article_publisher":"https:\/\/www.facebook.com\/profile.php?id=100082829877238","article_modified_time":"2026-02-06T16:17:58+00:00","og_image":[{"width":1440,"height":810,"url":"https:\/\/i0.wp.com\/atlantide-sauna.com\/wp-content\/uploads\/2025\/06\/ASH_IMG2025_000.jpg?fit=1440%2C810&ssl=1","type":"image\/jpeg"}],"twitter_card":"summary_large_image","twitter_site":"@atlantidesauna","twitter_misc":{"Est. reading time":"1 minute"},"schema":{"@context":"https:\/\/schema.org","@graph":[{"@type":"WebPage","@id":"https:\/\/atlantide-sauna.com\/en\/billetterie\/mens-input-copie\/","url":"https:\/\/atlantide-sauna.com\/en\/billetterie\/mens-input-copie\/","name":"Single male admission ticket: Admission for 18 years+ - Atlantide Sauna","isPartOf":{"@id":"https:\/\/atlantide-sauna.com\/en\/#website"},"primaryImageOfPage":{"@id":"https:\/\/atlantide-sauna.com\/en\/billetterie\/mens-input-copie\/#primaryimage"},"image":{"@id":"https:\/\/atlantide-sauna.com\/en\/billetterie\/mens-input-copie\/#primaryimage"},"thumbnailUrl":"https:\/\/atlantide-sauna.com\/wp-content\/uploads\/2026\/01\/ASH-TICKETS_2026_M22.svg","datePublished":"2026-01-01T22:47:42+00:00","dateModified":"2026-02-06T16:17:58+00:00","description":"Discover a moment of relaxation with our one-man ticket. Put your well-being first and start meeting new people at noon! \ud83c\udf1f","breadcrumb":{"@id":"https:\/\/atlantide-sauna.com\/en\/billetterie\/mens-input-copie\/#breadcrumb"},"inLanguage":"en-US","potentialAction":[{"@type":"ReadAction","target":["https:\/\/atlantide-sauna.com\/en\/billetterie\/mens-input-copie\/"]}]},{"@type":"ImageObject","inLanguage":"en-US","@id":"https:\/\/atlantide-sauna.com\/en\/billetterie\/mens-input-copie\/#primaryimage","url":"https:\/\/atlantide-sauna.com\/wp-content\/uploads\/2026\/01\/ASH-TICKETS_2026_M22.svg","contentUrl":"https:\/\/atlantide-sauna.com\/wp-content\/uploads\/2026\/01\/ASH-TICKETS_2026_M22.svg","width":800,"height":800,"caption":"Entrance ticket for single MEN under 22 - Atlantide Sauna Paris"},{"@type":"BreadcrumbList","@id":"https:\/\/atlantide-sauna.com\/en\/billetterie\/mens-input-copie\/#breadcrumb","itemListElement":[{"@type":"ListItem","position":1,"name":"Accueil","item":"https:\/\/atlantide-sauna.com\/en\/home\/"},{"@type":"ListItem","position":2,"name":"Tickets","item":"https:\/\/atlantide-sauna.com\/en\/tickets\/"},{"@type":"ListItem","position":3,"name":"Men -22 years"}]},{"@type":"WebSite","@id":"https:\/\/atlantide-sauna.com\/en\/#website","url":"https:\/\/atlantide-sauna.com\/en\/","name":"Atlantide Sauna","description":"Sauna Toutes Tendances Gay Bi Tr**","publisher":{"@id":"https:\/\/atlantide-sauna.com\/en\/#organization"},"alternateName":"Club libertin Atlantide Sauna Paris","potentialAction":[{"@type":"SearchAction","target":{"@type":"EntryPoint","urlTemplate":"https:\/\/atlantide-sauna.com\/en\/?s={search_term_string}"},"query-input":{"@type":"PropertyValueSpecification","valueRequired":true,"valueName":"search_term_string"}}],"inLanguage":"en-US"},{"@type":"Organization","@id":"https:\/\/atlantide-sauna.com\/en\/#organization","name":"ATLANTIDE SAUNA HAMMAM","alternateName":"ATLANTIDE SAUNA HAMMAM","url":"https:\/\/atlantide-sauna.com\/en\/","logo":{"@type":"ImageObject","inLanguage":"en-US","@id":"https:\/\/atlantide-sauna.com\/en\/#\/schema\/logo\/image\/","url":"https:\/\/atlantide-sauna.com\/wp-content\/uploads\/2025\/05\/ash_logo_2025_01.svg","contentUrl":"https:\/\/atlantide-sauna.com\/wp-content\/uploads\/2025\/05\/ash_logo_2025_01.svg","width":1,"height":1,"caption":"ATLANTIDE SAUNA HAMMAM"},"image":{"@id":"https:\/\/atlantide-sauna.com\/en\/#\/schema\/logo\/image\/"},"sameAs":["https:\/\/www.facebook.com\/profile.php?id=100082829877238","https:\/\/x.com\/atlantidesauna"],"description":"Sauna hammam toutes tendances. Un espace de libert\u00e9, de mixit\u00e9 et de tol\u00e9rance. Chez Atlantide Sauna vous trouverez les conditions id\u00e9ales pour vos rencontres libertines.","email":"infos@atlantide-sauna.com","telephone":"0143422243","legalName":"ATLANTIDE SAUNA HAMMAM","foundingDate":"1999-08-09","vatID":"FR39423920370","taxID":"42392037000016","numberOfEmployees":{"@type":"QuantitativeValue","minValue":"1","maxValue":"10"}}]}},"jetpack_publicize_connections":[],"jetpack-related-posts":[{"id":7479,"url":"https:\/\/atlantide-sauna.com\/en\/billetterie\/admission-for-men-under-22-copie-copie\/","url_meta":{"origin":7391,"position":0},"title":"Firefighter Police officer Military","author":"Atlantide Sauna","date":"04\/01\/2026","format":false,"excerpt":"Admission for a single male over 18.","rel":"","context":"Similar post","block_context":{"text":"Similar post","link":""},"img":{"alt_text":"Entrance ticket for single MEN Firefighter Policeman Military - Atlantide Sauna Paris","src":"https:\/\/atlantide-sauna.com\/wp-content\/uploads\/2026\/01\/ASH-TICKETS_2026_POMPIER_POLICIER.svg","width":350,"height":200,"srcset":"https:\/\/atlantide-sauna.com\/wp-content\/uploads\/2026\/01\/ASH-TICKETS_2026_POMPIER_POLICIER.svg 1x, https:\/\/atlantide-sauna.com\/wp-content\/uploads\/2026\/01\/ASH-TICKETS_2026_POMPIER_POLICIER.svg 1.5x, https:\/\/atlantide-sauna.com\/wp-content\/uploads\/2026\/01\/ASH-TICKETS_2026_POMPIER_POLICIER.svg 2x"},"classes":[]},{"id":7471,"url":"https:\/\/atlantide-sauna.com\/en\/billetterie\/admission-for-men-under-22-copie\/","url_meta":{"origin":7391,"position":1},"title":"Men -27","author":"Atlantide Sauna","date":"04\/01\/2026","format":false,"excerpt":"Admission for a single male over 18.","rel":"","context":"Similar post","block_context":{"text":"Similar post","link":""},"img":{"alt_text":"Entrance ticket for single MEN under 27 - Atlantide Sauna Paris","src":"https:\/\/atlantide-sauna.com\/wp-content\/uploads\/2026\/01\/ASH-TICKETS_2026_M27.svg","width":350,"height":200,"srcset":"https:\/\/atlantide-sauna.com\/wp-content\/uploads\/2026\/01\/ASH-TICKETS_2026_M27.svg 1x, https:\/\/atlantide-sauna.com\/wp-content\/uploads\/2026\/01\/ASH-TICKETS_2026_M27.svg 1.5x, https:\/\/atlantide-sauna.com\/wp-content\/uploads\/2026\/01\/ASH-TICKETS_2026_M27.svg 2x"},"classes":[]},{"id":6858,"url":"https:\/\/atlantide-sauna.com\/en\/billetterie\/mens-input\/","url_meta":{"origin":7391,"position":2},"title":"Men&#8217;s Week","author":"Atlantide Sauna","date":"21\/10\/2025","format":false,"excerpt":"Admission for a single male over 18.","rel":"","context":"Similar post","block_context":{"text":"Similar post","link":""},"img":{"alt_text":"Entrance ticket MEN only - Atlantide Sauna Paris","src":"https:\/\/atlantide-sauna.com\/wp-content\/uploads\/2026\/01\/ASH-TICKETS_2026_HOMME_SEMAINE.svg","width":350,"height":200,"srcset":"https:\/\/atlantide-sauna.com\/wp-content\/uploads\/2026\/01\/ASH-TICKETS_2026_HOMME_SEMAINE.svg 1x, https:\/\/atlantide-sauna.com\/wp-content\/uploads\/2026\/01\/ASH-TICKETS_2026_HOMME_SEMAINE.svg 1.5x, https:\/\/atlantide-sauna.com\/wp-content\/uploads\/2026\/01\/ASH-TICKETS_2026_HOMME_SEMAINE.svg 2x"},"classes":[]},{"id":7400,"url":"https:\/\/atlantide-sauna.com\/en\/billetterie\/mens-input-copie-2\/","url_meta":{"origin":7391,"position":3},"title":"Men&#8217;s Weekend","author":"Atlantide Sauna","date":"02\/01\/2026","format":false,"excerpt":"Admission for a single male over 18.","rel":"","context":"Similar post","block_context":{"text":"Similar post","link":""},"img":{"alt_text":"MEN only - WEEKEND ticket - Atlantide Sauna Paris","src":"https:\/\/atlantide-sauna.com\/wp-content\/uploads\/2026\/01\/ASH-TICKETS_2026_HOMME_WEEKEND.svg","width":350,"height":200,"srcset":"https:\/\/atlantide-sauna.com\/wp-content\/uploads\/2026\/01\/ASH-TICKETS_2026_HOMME_WEEKEND.svg 1x, https:\/\/atlantide-sauna.com\/wp-content\/uploads\/2026\/01\/ASH-TICKETS_2026_HOMME_WEEKEND.svg 1.5x, https:\/\/atlantide-sauna.com\/wp-content\/uploads\/2026\/01\/ASH-TICKETS_2026_HOMME_WEEKEND.svg 2x"},"classes":[]},{"id":7390,"url":"https:\/\/atlantide-sauna.com\/billetterie\/homme-22-ans\/","url_meta":{"origin":7391,"position":4},"title":"Homme -22 ans","author":"Atlantide Sauna","date":"01\/01\/2026","format":false,"excerpt":"Ticket d'entr\u00e9e pour un homme seul ayant plus de 18 ans.","rel":"","context":"Similar post","block_context":{"text":"Similar post","link":""},"img":{"alt_text":"Ticket d'entr\u00e9e HOMME seul moins de 22 ans - Atlantide Sauna Paris","src":"https:\/\/atlantide-sauna.com\/wp-content\/uploads\/2026\/01\/ASH-TICKETS_2026_M22.svg","width":350,"height":200,"srcset":"https:\/\/atlantide-sauna.com\/wp-content\/uploads\/2026\/01\/ASH-TICKETS_2026_M22.svg 1x, https:\/\/atlantide-sauna.com\/wp-content\/uploads\/2026\/01\/ASH-TICKETS_2026_M22.svg 1.5x, https:\/\/atlantide-sauna.com\/wp-content\/uploads\/2026\/01\/ASH-TICKETS_2026_M22.svg 2x"},"classes":[]},{"id":7478,"url":"https:\/\/atlantide-sauna.com\/billetterie\/pompier-policier-militaire\/","url_meta":{"origin":7391,"position":5},"title":"Pompier Policier Militaire","author":"Atlantide Sauna","date":"04\/01\/2026","format":false,"excerpt":"Ticket d'entr\u00e9e pour un homme seul ayant plus de 18 ans.","rel":"","context":"Similar post","block_context":{"text":"Similar post","link":""},"img":{"alt_text":"Ticket d'entr\u00e9e HOMME seul Pompier Policier Militaire - Atlantide Sauna Paris","src":"https:\/\/atlantide-sauna.com\/wp-content\/uploads\/2026\/01\/ASH-TICKETS_2026_POMPIER_POLICIER.svg","width":350,"height":200,"srcset":"https:\/\/atlantide-sauna.com\/wp-content\/uploads\/2026\/01\/ASH-TICKETS_2026_POMPIER_POLICIER.svg 1x, https:\/\/atlantide-sauna.com\/wp-content\/uploads\/2026\/01\/ASH-TICKETS_2026_POMPIER_POLICIER.svg 1.5x, https:\/\/atlantide-sauna.com\/wp-content\/uploads\/2026\/01\/ASH-TICKETS_2026_POMPIER_POLICIER.svg 2x"},"classes":[]}],"jetpack_sharing_enabled":true,"_links":{"self":[{"href":"https:\/\/atlantide-sauna.com\/en\/wp-json\/wp\/v2\/product\/7391","targetHints":{"allow":["GET"]}}],"collection":[{"href":"https:\/\/atlantide-sauna.com\/en\/wp-json\/wp\/v2\/product"}],"about":[{"href":"https:\/\/atlantide-sauna.com\/en\/wp-json\/wp\/v2\/types\/product"}],"author":[{"embeddable":true,"href":"https:\/\/atlantide-sauna.com\/en\/wp-json\/wp\/v2\/users\/4"}],"wp:featuredmedia":[{"embeddable":true,"href":"https:\/\/atlantide-sauna.com\/en\/wp-json\/wp\/v2\/media\/7616"}],"wp:attachment":[{"href":"https:\/\/atlantide-sauna.com\/en\/wp-json\/wp\/v2\/media?parent=7391"}],"wp:term":[{"taxonomy":"product_brand","embeddable":true,"href":"https:\/\/atlantide-sauna.com\/en\/wp-json\/wp\/v2\/product_brand?post=7391"},{"taxonomy":"product_cat","embeddable":true,"href":"https:\/\/atlantide-sauna.com\/en\/wp-json\/wp\/v2\/product_cat?post=7391"},{"taxonomy":"product_tag","embeddable":true,"href":"https:\/\/atlantide-sauna.com\/en\/wp-json\/wp\/v2\/product_tag?post=7391"}],"curies":[{"name":"wp","href":"https:\/\/api.w.org\/{rel}","templated":true}]}}