{"id":8545,"date":"2026-05-01T15:17:51","date_gmt":"2026-05-01T13:17:51","guid":{"rendered":"https:\/\/atlantide-sauna.com\/?post_type=product&#038;p=8545"},"modified":"2026-05-01T15:21:16","modified_gmt":"2026-05-01T13:21:16","slug":"firefighter-police-officer-military-copie-copie-copie-2","status":"publish","type":"product","link":"https:\/\/atlantide-sauna.com\/en\/billetterie\/firefighter-police-officer-military-copie-copie-copie-2\/","title":{"rendered":"Firefighter Police officer Military (Copie) (Copie) (Copie)"},"content":{"rendered":"<p>Single male admission.<br \/>\nFirefighter, Policeman or Military<br \/>\nWeekday rates Monday to Friday<br \/>\n<!--more--><br \/>\nCome and enjoy the steam room and sauna, and meet new people every day from midday.<\/p>\n<div class=\"uk-alert uk-alert-success\" style=\"text-align: justify;\">\n<p>Admission ticket, <span style=\"text-decoration: underline;\"><strong>undated<\/strong><\/span>valid on weekdays and <span style=\"text-decoration: underline;\"><strong>usable from MONDAY to FRIDAY<\/strong>.<\/span><\/p>\n<p>Ticket to be used within <strong><span style=\"text-decoration: underline;\">within 3 MONTHS from date of purchase<\/span><\/strong>.<\/p>\n<\/div>\n<p class=\"whitespace-break-spaces\"><strong>Terms of use :<\/strong><\/p>\n<ul>\n<li>Valid for one entry only.<\/li>\n<li>Non-exchangeable, non-refundable.<\/li>\n<li>Reserved for male firefighters, policemen and military personnel of legal age.<\/li>\n<li>Must be presented at the entrance (digital or printed version).<\/li>\n<\/ul>\n<p style=\"text-align: left;\"><strong>Need a youth ticket?<\/strong> Check out our other price options <a href=\"https:\/\/atlantide-sauna.com\/produit\/entree-homme-22-ans\/\"><strong>Entry for under-22s<\/strong><\/a> or <a href=\"https:\/\/atlantide-sauna.com\/produit\/entree-homme-27-ans\/\"><strong>Entrance -27 years<\/strong><\/a>.<\/p>\n<p>You are  <strong>as a couple!<\/strong>  Take advantage of our offer  <strong><a href=\"https:\/\/atlantide-sauna.com\/produit\/entree-duo\/\">Duo input<\/a><\/strong>.<\/p>\n<div class=\"uk-alert uk-alert-warning\" style=\"text-align: justify;\"><strong>IMPORTANT<\/strong><br \/>\nAdmission tickets are valid every day the establishment is open <strong>, except on EVENT <\/strong>or <strong>SPECIAL EVENING<\/strong> <strong>days <\/strong> <strong>.<br \/>\n<\/strong>Please ask at the establishment reception desk, check our social networks <a href=\"https:\/\/www.instagram.com\/atlantide.sauna\/\" target=\"_blank\" rel=\"noopener\">Instagram<\/a>, <a href=\"https:\/\/www.facebook.com\/people\/Atlantide-Sauna\/100082829877238\/\" target=\"_blank\" rel=\"noopener\">Facebook<\/a> or <a href=\"https:\/\/t.me\/+Ioz1OGyrdg01ZTlk\" target=\"_blank\" rel=\"noopener\">Telegram<\/a>. You can also send us a message via our <a href=\"https:\/\/atlantide-sauna.com\/en\/contact\/\" target=\"_blank\" rel=\"noopener\">CONTACT<\/a> page.<\/div>\n<div><\/div>\n<div class=\"uk-alert\">\n<div style=\"text-align: justify;\"><img data-recalc-dims=\"1\" loading=\"lazy\" decoding=\"async\" class=\"alignleft wp-image-6966\" src=\"https:\/\/i0.wp.com\/atlantide-sauna.com\/wp-content\/uploads\/2025\/10\/carte_fidelite.png?resize=145%2C90&#038;ssl=1\" alt=\"Loyalty card - Atlantide Sauna Paris\" width=\"145\" height=\"90\" srcset=\"https:\/\/i0.wp.com\/atlantide-sauna.com\/wp-content\/uploads\/2025\/10\/carte_fidelite.png?resize=300%2C186&amp;ssl=1 300w, https:\/\/i0.wp.com\/atlantide-sauna.com\/wp-content\/uploads\/2025\/10\/carte_fidelite.png?w=420&amp;ssl=1 420w\" sizes=\"(max-width: 145px) 100vw, 145px\" \/>Collect points for every paid admission, and get 1 free admission for every 900 points earned! Present your loyalty card at reception. They are non-transferable and cannot be combined with other offers. We reserve the right to modify these conditions at any time.   <\/div>\n<\/div>\n<div>https:\/\/atlantide-sauna.com\/billetterie\/<\/div>\n","protected":false},"excerpt":{"rendered":"<p>Admission for a single male over 18.<\/p>\n","protected":false},"author":4,"featured_media":7640,"template":"","meta":{"jetpack_publicize_message":"","jetpack_publicize_feature_enabled":true,"jetpack_social_post_already_shared":true,"jetpack_social_options":{"image_generator_settings":{"template":"highway","default_image_id":0,"font":"","enabled":false},"version":2}},"product_brand":[],"product_cat":[303],"product_tag":[344,345],"class_list":{"0":"post-8545","1":"product","2":"type-product","3":"status-publish","4":"has-post-thumbnail","6":"product_cat-tickets","7":"product_tag-man","8":"product_tag-week","10":"first","11":"instock","12":"virtual","13":"taxable","14":"purchasable","15":"product-type-simple"},"yoast_head":"<!-- This site is optimized with the Yoast SEO Premium plugin v27.5 (Yoast SEO v27.5) - https:\/\/yoast.com\/product\/yoast-seo-premium-wordpress\/ -->\n<title>Single man ticket - Firefighter Police Military benefits<\/title>\n<meta name=\"description\" content=\"Firefighter, Policeman or Military \ud83c\udf46 Relaxation area with our Special Ticket. Relax in our sauna and steam room for meetings\ud83d\udd25\" \/>\n<meta name=\"robots\" content=\"index, follow, max-snippet:-1, max-image-preview:large, max-video-preview:-1\" \/>\n<link rel=\"canonical\" href=\"https:\/\/atlantide-sauna.com\/en\/billetterie\/firefighter-police-officer-military-copie-copie-copie-2\/\" \/>\n<meta property=\"og:locale\" content=\"en_US\" \/>\n<meta property=\"og:type\" content=\"article\" \/>\n<meta property=\"og:title\" content=\"Firefighter Police officer Military (Copie) (Copie) (Copie)\" \/>\n<meta property=\"og:description\" content=\"Firefighter, Policeman or Military \ud83c\udf46 Relaxation area with our Special Ticket. Relax in our sauna and steam room for meetings\ud83d\udd25\" \/>\n<meta property=\"og:url\" content=\"https:\/\/atlantide-sauna.com\/en\/billetterie\/firefighter-police-officer-military-copie-copie-copie-2\/\" \/>\n<meta property=\"og:site_name\" content=\"Atlantide Sauna\" \/>\n<meta property=\"article:publisher\" content=\"https:\/\/www.facebook.com\/profile.php?id=100082829877238\" \/>\n<meta property=\"article:modified_time\" content=\"2026-05-01T13:21:16+00:00\" \/>\n<meta property=\"og:image\" content=\"https:\/\/i0.wp.com\/atlantide-sauna.com\/wp-content\/uploads\/2025\/06\/ASH_IMG2025_000.jpg?fit=1440%2C810&ssl=1\" \/>\n\t<meta property=\"og:image:width\" content=\"1440\" \/>\n\t<meta property=\"og:image:height\" content=\"810\" \/>\n\t<meta property=\"og:image:type\" content=\"image\/jpeg\" \/>\n<meta name=\"twitter:card\" content=\"summary_large_image\" \/>\n<meta name=\"twitter:site\" content=\"@atlantidesauna\" \/>\n<meta name=\"twitter:label1\" content=\"Est. reading time\" \/>\n\t<meta name=\"twitter:data1\" content=\"1 minute\" \/>\n<script type=\"application\/ld+json\" class=\"yoast-schema-graph\">{\"@context\":\"https:\\\/\\\/schema.org\",\"@graph\":[{\"@type\":\"WebPage\",\"@id\":\"https:\\\/\\\/atlantide-sauna.com\\\/en\\\/billetterie\\\/firefighter-police-officer-military-copie-copie-copie-2\\\/\",\"url\":\"https:\\\/\\\/atlantide-sauna.com\\\/en\\\/billetterie\\\/firefighter-police-officer-military-copie-copie-copie-2\\\/\",\"name\":\"Single man ticket - Firefighter Police Military benefits\",\"isPartOf\":{\"@id\":\"https:\\\/\\\/atlantide-sauna.com\\\/en\\\/#website\"},\"primaryImageOfPage\":{\"@id\":\"https:\\\/\\\/atlantide-sauna.com\\\/en\\\/billetterie\\\/firefighter-police-officer-military-copie-copie-copie-2\\\/#primaryimage\"},\"image\":{\"@id\":\"https:\\\/\\\/atlantide-sauna.com\\\/en\\\/billetterie\\\/firefighter-police-officer-military-copie-copie-copie-2\\\/#primaryimage\"},\"thumbnailUrl\":\"https:\\\/\\\/atlantide-sauna.com\\\/wp-content\\\/uploads\\\/2026\\\/01\\\/ASH-TICKETS_2026_SENIOR.svg\",\"datePublished\":\"2026-05-01T13:17:51+00:00\",\"dateModified\":\"2026-05-01T13:21:16+00:00\",\"description\":\"Firefighter, Policeman or Military \ud83c\udf46 Relaxation area with our Special Ticket. Relax in our sauna and steam room for meetings\ud83d\udd25\",\"breadcrumb\":{\"@id\":\"https:\\\/\\\/atlantide-sauna.com\\\/en\\\/billetterie\\\/firefighter-police-officer-military-copie-copie-copie-2\\\/#breadcrumb\"},\"inLanguage\":\"en-US\",\"potentialAction\":[{\"@type\":\"ReadAction\",\"target\":[\"https:\\\/\\\/atlantide-sauna.com\\\/en\\\/billetterie\\\/firefighter-police-officer-military-copie-copie-copie-2\\\/\"]}]},{\"@type\":\"ImageObject\",\"inLanguage\":\"en-US\",\"@id\":\"https:\\\/\\\/atlantide-sauna.com\\\/en\\\/billetterie\\\/firefighter-police-officer-military-copie-copie-copie-2\\\/#primaryimage\",\"url\":\"https:\\\/\\\/atlantide-sauna.com\\\/wp-content\\\/uploads\\\/2026\\\/01\\\/ASH-TICKETS_2026_SENIOR.svg\",\"contentUrl\":\"https:\\\/\\\/atlantide-sauna.com\\\/wp-content\\\/uploads\\\/2026\\\/01\\\/ASH-TICKETS_2026_SENIOR.svg\",\"width\":800,\"height\":800,\"caption\":\"Entrance ticket for single MEN over 55 - Seniors - Atlantide Sauna Paris\"},{\"@type\":\"BreadcrumbList\",\"@id\":\"https:\\\/\\\/atlantide-sauna.com\\\/en\\\/billetterie\\\/firefighter-police-officer-military-copie-copie-copie-2\\\/#breadcrumb\",\"itemListElement\":[{\"@type\":\"ListItem\",\"position\":1,\"name\":\"Accueil\",\"item\":\"https:\\\/\\\/atlantide-sauna.com\\\/en\\\/home\\\/\"},{\"@type\":\"ListItem\",\"position\":2,\"name\":\"Boutique\",\"item\":\"https:\\\/\\\/atlantide-sauna.com\\\/boutique\\\/\"},{\"@type\":\"ListItem\",\"position\":3,\"name\":\"Firefighter Police officer Military (Copie) (Copie) (Copie)\"}]},{\"@type\":\"WebSite\",\"@id\":\"https:\\\/\\\/atlantide-sauna.com\\\/en\\\/#website\",\"url\":\"https:\\\/\\\/atlantide-sauna.com\\\/en\\\/\",\"name\":\"Atlantide Sauna\",\"description\":\"Sauna Toutes Tendances Gay Bi Tr**\",\"publisher\":{\"@id\":\"https:\\\/\\\/atlantide-sauna.com\\\/en\\\/#organization\"},\"alternateName\":\"Club libertin Atlantide Sauna Paris\",\"potentialAction\":[{\"@type\":\"SearchAction\",\"target\":{\"@type\":\"EntryPoint\",\"urlTemplate\":\"https:\\\/\\\/atlantide-sauna.com\\\/en\\\/?s={search_term_string}\"},\"query-input\":{\"@type\":\"PropertyValueSpecification\",\"valueRequired\":true,\"valueName\":\"search_term_string\"}}],\"inLanguage\":\"en-US\"},{\"@type\":\"Organization\",\"@id\":\"https:\\\/\\\/atlantide-sauna.com\\\/en\\\/#organization\",\"name\":\"ATLANTIDE SAUNA HAMMAM\",\"alternateName\":\"ATLANTIDE SAUNA HAMMAM\",\"url\":\"https:\\\/\\\/atlantide-sauna.com\\\/en\\\/\",\"logo\":{\"@type\":\"ImageObject\",\"inLanguage\":\"en-US\",\"@id\":\"https:\\\/\\\/atlantide-sauna.com\\\/en\\\/#\\\/schema\\\/logo\\\/image\\\/\",\"url\":\"https:\\\/\\\/atlantide-sauna.com\\\/wp-content\\\/uploads\\\/2025\\\/05\\\/ash_logo_2025_01.svg\",\"contentUrl\":\"https:\\\/\\\/atlantide-sauna.com\\\/wp-content\\\/uploads\\\/2025\\\/05\\\/ash_logo_2025_01.svg\",\"width\":1,\"height\":1,\"caption\":\"ATLANTIDE SAUNA HAMMAM\"},\"image\":{\"@id\":\"https:\\\/\\\/atlantide-sauna.com\\\/en\\\/#\\\/schema\\\/logo\\\/image\\\/\"},\"sameAs\":[\"https:\\\/\\\/www.facebook.com\\\/profile.php?id=100082829877238\",\"https:\\\/\\\/x.com\\\/atlantidesauna\"],\"description\":\"Sauna hammam toutes tendances. Un espace de libert\u00e9, de mixit\u00e9 et de tol\u00e9rance. Chez Atlantide Sauna vous trouverez les conditions id\u00e9ales pour vos rencontres libertines.\",\"email\":\"infos@atlantide-sauna.com\",\"telephone\":\"0143422243\",\"legalName\":\"ATLANTIDE SAUNA HAMMAM\",\"foundingDate\":\"1999-08-09\",\"vatID\":\"FR39423920370\",\"taxID\":\"42392037000016\",\"numberOfEmployees\":{\"@type\":\"QuantitativeValue\",\"minValue\":\"1\",\"maxValue\":\"10\"}}]}<\/script>\n<!-- \/ Yoast SEO Premium plugin. -->","yoast_head_json":{"title":"Single man ticket - Firefighter Police Military benefits","description":"Firefighter, Policeman or Military \ud83c\udf46 Relaxation area with our Special Ticket. Relax in our sauna and steam room for meetings\ud83d\udd25","robots":{"index":"index","follow":"follow","max-snippet":"max-snippet:-1","max-image-preview":"max-image-preview:large","max-video-preview":"max-video-preview:-1"},"canonical":"https:\/\/atlantide-sauna.com\/en\/billetterie\/firefighter-police-officer-military-copie-copie-copie-2\/","og_locale":"en_US","og_type":"article","og_title":"Firefighter Police officer Military (Copie) (Copie) (Copie)","og_description":"Firefighter, Policeman or Military \ud83c\udf46 Relaxation area with our Special Ticket. Relax in our sauna and steam room for meetings\ud83d\udd25","og_url":"https:\/\/atlantide-sauna.com\/en\/billetterie\/firefighter-police-officer-military-copie-copie-copie-2\/","og_site_name":"Atlantide Sauna","article_publisher":"https:\/\/www.facebook.com\/profile.php?id=100082829877238","article_modified_time":"2026-05-01T13:21:16+00:00","og_image":[{"width":1440,"height":810,"url":"https:\/\/i0.wp.com\/atlantide-sauna.com\/wp-content\/uploads\/2025\/06\/ASH_IMG2025_000.jpg?fit=1440%2C810&ssl=1","type":"image\/jpeg"}],"twitter_card":"summary_large_image","twitter_site":"@atlantidesauna","twitter_misc":{"Est. reading time":"1 minute"},"schema":{"@context":"https:\/\/schema.org","@graph":[{"@type":"WebPage","@id":"https:\/\/atlantide-sauna.com\/en\/billetterie\/firefighter-police-officer-military-copie-copie-copie-2\/","url":"https:\/\/atlantide-sauna.com\/en\/billetterie\/firefighter-police-officer-military-copie-copie-copie-2\/","name":"Single man ticket - Firefighter Police Military benefits","isPartOf":{"@id":"https:\/\/atlantide-sauna.com\/en\/#website"},"primaryImageOfPage":{"@id":"https:\/\/atlantide-sauna.com\/en\/billetterie\/firefighter-police-officer-military-copie-copie-copie-2\/#primaryimage"},"image":{"@id":"https:\/\/atlantide-sauna.com\/en\/billetterie\/firefighter-police-officer-military-copie-copie-copie-2\/#primaryimage"},"thumbnailUrl":"https:\/\/atlantide-sauna.com\/wp-content\/uploads\/2026\/01\/ASH-TICKETS_2026_SENIOR.svg","datePublished":"2026-05-01T13:17:51+00:00","dateModified":"2026-05-01T13:21:16+00:00","description":"Firefighter, Policeman or Military \ud83c\udf46 Relaxation area with our Special Ticket. Relax in our sauna and steam room for meetings\ud83d\udd25","breadcrumb":{"@id":"https:\/\/atlantide-sauna.com\/en\/billetterie\/firefighter-police-officer-military-copie-copie-copie-2\/#breadcrumb"},"inLanguage":"en-US","potentialAction":[{"@type":"ReadAction","target":["https:\/\/atlantide-sauna.com\/en\/billetterie\/firefighter-police-officer-military-copie-copie-copie-2\/"]}]},{"@type":"ImageObject","inLanguage":"en-US","@id":"https:\/\/atlantide-sauna.com\/en\/billetterie\/firefighter-police-officer-military-copie-copie-copie-2\/#primaryimage","url":"https:\/\/atlantide-sauna.com\/wp-content\/uploads\/2026\/01\/ASH-TICKETS_2026_SENIOR.svg","contentUrl":"https:\/\/atlantide-sauna.com\/wp-content\/uploads\/2026\/01\/ASH-TICKETS_2026_SENIOR.svg","width":800,"height":800,"caption":"Entrance ticket for single MEN over 55 - Seniors - Atlantide Sauna Paris"},{"@type":"BreadcrumbList","@id":"https:\/\/atlantide-sauna.com\/en\/billetterie\/firefighter-police-officer-military-copie-copie-copie-2\/#breadcrumb","itemListElement":[{"@type":"ListItem","position":1,"name":"Accueil","item":"https:\/\/atlantide-sauna.com\/en\/home\/"},{"@type":"ListItem","position":2,"name":"Boutique","item":"https:\/\/atlantide-sauna.com\/boutique\/"},{"@type":"ListItem","position":3,"name":"Firefighter Police officer Military (Copie) (Copie) (Copie)"}]},{"@type":"WebSite","@id":"https:\/\/atlantide-sauna.com\/en\/#website","url":"https:\/\/atlantide-sauna.com\/en\/","name":"Atlantide Sauna","description":"Sauna Toutes Tendances Gay Bi Tr**","publisher":{"@id":"https:\/\/atlantide-sauna.com\/en\/#organization"},"alternateName":"Club libertin Atlantide Sauna Paris","potentialAction":[{"@type":"SearchAction","target":{"@type":"EntryPoint","urlTemplate":"https:\/\/atlantide-sauna.com\/en\/?s={search_term_string}"},"query-input":{"@type":"PropertyValueSpecification","valueRequired":true,"valueName":"search_term_string"}}],"inLanguage":"en-US"},{"@type":"Organization","@id":"https:\/\/atlantide-sauna.com\/en\/#organization","name":"ATLANTIDE SAUNA HAMMAM","alternateName":"ATLANTIDE SAUNA HAMMAM","url":"https:\/\/atlantide-sauna.com\/en\/","logo":{"@type":"ImageObject","inLanguage":"en-US","@id":"https:\/\/atlantide-sauna.com\/en\/#\/schema\/logo\/image\/","url":"https:\/\/atlantide-sauna.com\/wp-content\/uploads\/2025\/05\/ash_logo_2025_01.svg","contentUrl":"https:\/\/atlantide-sauna.com\/wp-content\/uploads\/2025\/05\/ash_logo_2025_01.svg","width":1,"height":1,"caption":"ATLANTIDE SAUNA HAMMAM"},"image":{"@id":"https:\/\/atlantide-sauna.com\/en\/#\/schema\/logo\/image\/"},"sameAs":["https:\/\/www.facebook.com\/profile.php?id=100082829877238","https:\/\/x.com\/atlantidesauna"],"description":"Sauna hammam toutes tendances. Un espace de libert\u00e9, de mixit\u00e9 et de tol\u00e9rance. Chez Atlantide Sauna vous trouverez les conditions id\u00e9ales pour vos rencontres libertines.","email":"infos@atlantide-sauna.com","telephone":"0143422243","legalName":"ATLANTIDE SAUNA HAMMAM","foundingDate":"1999-08-09","vatID":"FR39423920370","taxID":"42392037000016","numberOfEmployees":{"@type":"QuantitativeValue","minValue":"1","maxValue":"10"}}]}},"jetpack_publicize_connections":[],"jetpack_sharing_enabled":true,"_links":{"self":[{"href":"https:\/\/atlantide-sauna.com\/en\/wp-json\/wp\/v2\/product\/8545","targetHints":{"allow":["GET"]}}],"collection":[{"href":"https:\/\/atlantide-sauna.com\/en\/wp-json\/wp\/v2\/product"}],"about":[{"href":"https:\/\/atlantide-sauna.com\/en\/wp-json\/wp\/v2\/types\/product"}],"author":[{"embeddable":true,"href":"https:\/\/atlantide-sauna.com\/en\/wp-json\/wp\/v2\/users\/4"}],"wp:featuredmedia":[{"embeddable":true,"href":"https:\/\/atlantide-sauna.com\/en\/wp-json\/wp\/v2\/media\/7640"}],"wp:attachment":[{"href":"https:\/\/atlantide-sauna.com\/en\/wp-json\/wp\/v2\/media?parent=8545"}],"wp:term":[{"taxonomy":"product_brand","embeddable":true,"href":"https:\/\/atlantide-sauna.com\/en\/wp-json\/wp\/v2\/product_brand?post=8545"},{"taxonomy":"product_cat","embeddable":true,"href":"https:\/\/atlantide-sauna.com\/en\/wp-json\/wp\/v2\/product_cat?post=8545"},{"taxonomy":"product_tag","embeddable":true,"href":"https:\/\/atlantide-sauna.com\/en\/wp-json\/wp\/v2\/product_tag?post=8545"}],"curies":[{"name":"wp","href":"https:\/\/api.w.org\/{rel}","templated":true}]}}