{"id":8558,"date":"2026-05-02T06:30:08","date_gmt":"2026-05-02T04:30:08","guid":{"rendered":"https:\/\/atlantide-sauna.com\/?post_type=product&#038;p=8558"},"modified":"2026-05-02T06:37:36","modified_gmt":"2026-05-02T04:37:36","slug":"womens-week-copie","status":"publish","type":"product","link":"https:\/\/atlantide-sauna.com\/en\/billetterie\/womens-week-copie\/","title":{"rendered":"Women&#8217;s Week Sale 50%"},"content":{"rendered":"<p>Valid for a woman or <span style=\"text-decoration: underline;\">dressed as a woman on arrival<\/span>. Rates valid from Monday to Friday.<br \/>\n<strong>PROMO OFFER 1=2 until May 31, 2026<\/strong><\/p>\n<p><!--more--><\/p>\n<p class=\"whitespace-break-spaces\" dir=\"auto\"><strong>Elegant Ticket Promo 1=2<br \/>\n<\/strong><em>For women or people dressed as women<\/em><\/p>\n<p class=\"whitespace-break-spaces\" dir=\"auto\"><span class=\"followup-block followup-block-hidden cursor-pointer outline-none static inline group-hover\/message:[--hover-opacity:1]\" tabindex=\"0\" data-question=\"Quels types d\u2019am\u00e9nagements ou d\u2019activit\u00e9s sp\u00e9cifiques sont propos\u00e9s pour favoriser la d\u00e9tente dans cet espace ?\" aria-haspopup=\"dialog\" aria-expanded=\"false\" aria-controls=\"radix-_r_8r_\" data-state=\"closed\">Discover a space of relaxation and conviviality<\/span>, specially designed for your well-being.<\/p>\n<p class=\"whitespace-break-spaces\" dir=\"auto\"><strong>Included:<\/strong> \u2705 Unlimited access to the sauna and hammam \u2705 <span class=\"followup-block followup-block-hidden cursor-pointer outline-none static inline group-hover\/message:[--hover-opacity:1]\" tabindex=\"0\" data-question=\"Quels genres de vid\u00e9os ou th\u00e8mes sont diffus\u00e9s pour cr\u00e9er cette ambiance immersive ?\" aria-haspopup=\"dialog\" aria-expanded=\"false\" aria-controls=\"radix-_r_8s_\" data-state=\"closed\">Immersive atmosphere with ambient videos<\/span> shown on large screens<\/p>\n<p class=\"whitespace-break-spaces\" dir=\"auto\"><strong>Opening hours:<\/strong> \ud83d\udcc5 <strong>Monday to Friday<\/strong> \u23f0 <strong>12pm to 10pm<\/strong><\/p>\n<p class=\"whitespace-break-spaces\" dir=\"auto\"><strong>Validity:<\/strong> \u23f3 <span style=\"color: #ff0000;\"><strong>8 days from the date of purchase<\/strong><\/span><\/p>\n<hr>\n<p class=\"whitespace-break-spaces\" dir=\"auto\"><strong>Conditions:<\/strong><\/p>\n<ul>\n<li>Reserved for women or people dressed as women on arrival.<\/li>\n<li>Valid only on weekdays (excluding public holidays).<\/li>\n<li>No food allowed (except bar purchases).<\/li>\n<li><strong>Phone in airplane mode<\/strong> for everyone&#8217;s privacy (except at the bar for payments).<\/li>\n<\/ul>\n<hr>\n<p class=\"whitespace-break-spaces\" dir=\"auto\"><em><span class=\"followup-block followup-block-hidden cursor-pointer outline-none static inline group-hover\/message:[--hover-opacity:1]\" tabindex=\"0\" data-question=\"Comment l\u2019\u00e9l\u00e9gance est-elle int\u00e9gr\u00e9e dans l\u2019am\u00e9nagement ou le service de cet espace ?\" aria-haspopup=\"dialog\" aria-expanded=\"false\" aria-controls=\"radix-_r_8t_\" data-state=\"closed\">A place where respect, relaxation and elegance meet<\/span>.<\/em><\/p>\n","protected":false},"excerpt":{"rendered":"<p>Valid for a woman or dressed as a woman on arrival. Rates valid from Monday to Friday. PROMO OFFER 1=2 until May 31, 2026<\/p>\n","protected":false},"author":4,"featured_media":7592,"template":"","meta":{"jetpack_publicize_message":"","jetpack_publicize_feature_enabled":true,"jetpack_social_post_already_shared":true,"jetpack_social_options":{"image_generator_settings":{"template":"highway","default_image_id":0,"font":"","enabled":false},"version":2}},"product_brand":[],"product_cat":[387],"product_tag":[340,337],"class_list":{"0":"post-8558","1":"product","2":"type-product","3":"status-publish","4":"has-post-thumbnail","6":"product_cat-promo-50","7":"product_tag-semaine","8":"product_tag-femme","10":"first","11":"instock","12":"featured","13":"virtual","14":"taxable","15":"purchasable","16":"product-type-simple"},"yoast_head":"<!-- This site is optimized with the Yoast SEO Premium plugin v27.5 (Yoast SEO v27.5) - https:\/\/yoast.com\/product\/yoast-seo-premium-wordpress\/ -->\n<title>Ticket d&#039;entr\u00e9e femme - Practical and easily accessible - Atlantide Sauna<\/title>\n<meta name=\"description\" content=\"Book your women&#039;s ticket and come and have some fun. This special rate is available from Monday to Thursday, so don&#039;t wait any longer!\" \/>\n<meta name=\"robots\" content=\"index, follow, max-snippet:-1, max-image-preview:large, max-video-preview:-1\" \/>\n<link rel=\"canonical\" href=\"https:\/\/atlantide-sauna.com\/en\/billetterie\/womens-week-copie\/\" \/>\n<meta property=\"og:locale\" content=\"en_US\" \/>\n<meta property=\"og:type\" content=\"article\" \/>\n<meta property=\"og:title\" content=\"Women&#039;s Week Sale 50%\" \/>\n<meta property=\"og:description\" content=\"Book your women&#039;s ticket and come and have some fun. This special rate is available from Monday to Thursday, so don&#039;t wait any longer!\" \/>\n<meta property=\"og:url\" content=\"https:\/\/atlantide-sauna.com\/en\/billetterie\/womens-week-copie\/\" \/>\n<meta property=\"og:site_name\" content=\"Atlantide Sauna\" \/>\n<meta property=\"article:publisher\" content=\"https:\/\/www.facebook.com\/profile.php?id=100082829877238\" \/>\n<meta property=\"article:modified_time\" content=\"2026-05-02T04:37:36+00:00\" \/>\n<meta property=\"og:image\" content=\"https:\/\/i0.wp.com\/atlantide-sauna.com\/wp-content\/uploads\/2025\/06\/ASH_IMG2025_000.jpg?fit=1440%2C810&ssl=1\" \/>\n\t<meta property=\"og:image:width\" content=\"1440\" \/>\n\t<meta property=\"og:image:height\" content=\"810\" \/>\n\t<meta property=\"og:image:type\" content=\"image\/jpeg\" \/>\n<meta name=\"twitter:card\" content=\"summary_large_image\" \/>\n<meta name=\"twitter:site\" content=\"@atlantidesauna\" \/>\n<meta name=\"twitter:label1\" content=\"Est. reading time\" \/>\n\t<meta name=\"twitter:data1\" content=\"1 minute\" \/>\n<script type=\"application\/ld+json\" class=\"yoast-schema-graph\">{\"@context\":\"https:\\\/\\\/schema.org\",\"@graph\":[{\"@type\":\"WebPage\",\"@id\":\"https:\\\/\\\/atlantide-sauna.com\\\/en\\\/billetterie\\\/womens-week-copie\\\/\",\"url\":\"https:\\\/\\\/atlantide-sauna.com\\\/en\\\/billetterie\\\/womens-week-copie\\\/\",\"name\":\"Ticket d'entr\u00e9e femme - Practical and easily accessible - Atlantide Sauna\",\"isPartOf\":{\"@id\":\"https:\\\/\\\/atlantide-sauna.com\\\/en\\\/#website\"},\"primaryImageOfPage\":{\"@id\":\"https:\\\/\\\/atlantide-sauna.com\\\/en\\\/billetterie\\\/womens-week-copie\\\/#primaryimage\"},\"image\":{\"@id\":\"https:\\\/\\\/atlantide-sauna.com\\\/en\\\/billetterie\\\/womens-week-copie\\\/#primaryimage\"},\"thumbnailUrl\":\"https:\\\/\\\/atlantide-sauna.com\\\/wp-content\\\/uploads\\\/2026\\\/01\\\/ASH-TICKETS_2026_FEMME.svg\",\"datePublished\":\"2026-05-02T04:30:08+00:00\",\"dateModified\":\"2026-05-02T04:37:36+00:00\",\"description\":\"Book your women's ticket and come and have some fun. This special rate is available from Monday to Thursday, so don't wait any longer!\",\"breadcrumb\":{\"@id\":\"https:\\\/\\\/atlantide-sauna.com\\\/en\\\/billetterie\\\/womens-week-copie\\\/#breadcrumb\"},\"inLanguage\":\"en-US\",\"potentialAction\":[{\"@type\":\"ReadAction\",\"target\":[\"https:\\\/\\\/atlantide-sauna.com\\\/en\\\/billetterie\\\/womens-week-copie\\\/\"]}]},{\"@type\":\"ImageObject\",\"inLanguage\":\"en-US\",\"@id\":\"https:\\\/\\\/atlantide-sauna.com\\\/en\\\/billetterie\\\/womens-week-copie\\\/#primaryimage\",\"url\":\"https:\\\/\\\/atlantide-sauna.com\\\/wp-content\\\/uploads\\\/2026\\\/01\\\/ASH-TICKETS_2026_FEMME.svg\",\"contentUrl\":\"https:\\\/\\\/atlantide-sauna.com\\\/wp-content\\\/uploads\\\/2026\\\/01\\\/ASH-TICKETS_2026_FEMME.svg\",\"width\":800,\"height\":800,\"caption\":\"Women only - Atlantide Sauna Paris\"},{\"@type\":\"BreadcrumbList\",\"@id\":\"https:\\\/\\\/atlantide-sauna.com\\\/en\\\/billetterie\\\/womens-week-copie\\\/#breadcrumb\",\"itemListElement\":[{\"@type\":\"ListItem\",\"position\":1,\"name\":\"Accueil\",\"item\":\"https:\\\/\\\/atlantide-sauna.com\\\/en\\\/home\\\/\"},{\"@type\":\"ListItem\",\"position\":2,\"name\":\"Boutique\",\"item\":\"https:\\\/\\\/atlantide-sauna.com\\\/boutique\\\/\"},{\"@type\":\"ListItem\",\"position\":3,\"name\":\"Women&rsquo;s Week Sale 50%\"}]},{\"@type\":\"WebSite\",\"@id\":\"https:\\\/\\\/atlantide-sauna.com\\\/en\\\/#website\",\"url\":\"https:\\\/\\\/atlantide-sauna.com\\\/en\\\/\",\"name\":\"Atlantide Sauna\",\"description\":\"Sauna Toutes Tendances Gay Bi Tr**\",\"publisher\":{\"@id\":\"https:\\\/\\\/atlantide-sauna.com\\\/en\\\/#organization\"},\"alternateName\":\"Club libertin Atlantide Sauna Paris\",\"potentialAction\":[{\"@type\":\"SearchAction\",\"target\":{\"@type\":\"EntryPoint\",\"urlTemplate\":\"https:\\\/\\\/atlantide-sauna.com\\\/en\\\/?s={search_term_string}\"},\"query-input\":{\"@type\":\"PropertyValueSpecification\",\"valueRequired\":true,\"valueName\":\"search_term_string\"}}],\"inLanguage\":\"en-US\"},{\"@type\":\"Organization\",\"@id\":\"https:\\\/\\\/atlantide-sauna.com\\\/en\\\/#organization\",\"name\":\"ATLANTIDE SAUNA HAMMAM\",\"alternateName\":\"ATLANTIDE SAUNA HAMMAM\",\"url\":\"https:\\\/\\\/atlantide-sauna.com\\\/en\\\/\",\"logo\":{\"@type\":\"ImageObject\",\"inLanguage\":\"en-US\",\"@id\":\"https:\\\/\\\/atlantide-sauna.com\\\/en\\\/#\\\/schema\\\/logo\\\/image\\\/\",\"url\":\"https:\\\/\\\/atlantide-sauna.com\\\/wp-content\\\/uploads\\\/2025\\\/05\\\/ash_logo_2025_01.svg\",\"contentUrl\":\"https:\\\/\\\/atlantide-sauna.com\\\/wp-content\\\/uploads\\\/2025\\\/05\\\/ash_logo_2025_01.svg\",\"width\":1,\"height\":1,\"caption\":\"ATLANTIDE SAUNA HAMMAM\"},\"image\":{\"@id\":\"https:\\\/\\\/atlantide-sauna.com\\\/en\\\/#\\\/schema\\\/logo\\\/image\\\/\"},\"sameAs\":[\"https:\\\/\\\/www.facebook.com\\\/profile.php?id=100082829877238\",\"https:\\\/\\\/x.com\\\/atlantidesauna\"],\"description\":\"Sauna hammam toutes tendances. Un espace de libert\u00e9, de mixit\u00e9 et de tol\u00e9rance. Chez Atlantide Sauna vous trouverez les conditions id\u00e9ales pour vos rencontres libertines.\",\"email\":\"infos@atlantide-sauna.com\",\"telephone\":\"0143422243\",\"legalName\":\"ATLANTIDE SAUNA HAMMAM\",\"foundingDate\":\"1999-08-09\",\"vatID\":\"FR39423920370\",\"taxID\":\"42392037000016\",\"numberOfEmployees\":{\"@type\":\"QuantitativeValue\",\"minValue\":\"1\",\"maxValue\":\"10\"}}]}<\/script>\n<!-- \/ Yoast SEO Premium plugin. -->","yoast_head_json":{"title":"Ticket d'entr\u00e9e femme - Practical and easily accessible - Atlantide Sauna","description":"Book your women's ticket and come and have some fun. This special rate is available from Monday to Thursday, so don't wait any longer!","robots":{"index":"index","follow":"follow","max-snippet":"max-snippet:-1","max-image-preview":"max-image-preview:large","max-video-preview":"max-video-preview:-1"},"canonical":"https:\/\/atlantide-sauna.com\/en\/billetterie\/womens-week-copie\/","og_locale":"en_US","og_type":"article","og_title":"Women's Week Sale 50%","og_description":"Book your women's ticket and come and have some fun. This special rate is available from Monday to Thursday, so don't wait any longer!","og_url":"https:\/\/atlantide-sauna.com\/en\/billetterie\/womens-week-copie\/","og_site_name":"Atlantide Sauna","article_publisher":"https:\/\/www.facebook.com\/profile.php?id=100082829877238","article_modified_time":"2026-05-02T04:37:36+00:00","og_image":[{"width":1440,"height":810,"url":"https:\/\/i0.wp.com\/atlantide-sauna.com\/wp-content\/uploads\/2025\/06\/ASH_IMG2025_000.jpg?fit=1440%2C810&ssl=1","type":"image\/jpeg"}],"twitter_card":"summary_large_image","twitter_site":"@atlantidesauna","twitter_misc":{"Est. reading time":"1 minute"},"schema":{"@context":"https:\/\/schema.org","@graph":[{"@type":"WebPage","@id":"https:\/\/atlantide-sauna.com\/en\/billetterie\/womens-week-copie\/","url":"https:\/\/atlantide-sauna.com\/en\/billetterie\/womens-week-copie\/","name":"Ticket d'entr\u00e9e femme - Practical and easily accessible - Atlantide Sauna","isPartOf":{"@id":"https:\/\/atlantide-sauna.com\/en\/#website"},"primaryImageOfPage":{"@id":"https:\/\/atlantide-sauna.com\/en\/billetterie\/womens-week-copie\/#primaryimage"},"image":{"@id":"https:\/\/atlantide-sauna.com\/en\/billetterie\/womens-week-copie\/#primaryimage"},"thumbnailUrl":"https:\/\/atlantide-sauna.com\/wp-content\/uploads\/2026\/01\/ASH-TICKETS_2026_FEMME.svg","datePublished":"2026-05-02T04:30:08+00:00","dateModified":"2026-05-02T04:37:36+00:00","description":"Book your women's ticket and come and have some fun. This special rate is available from Monday to Thursday, so don't wait any longer!","breadcrumb":{"@id":"https:\/\/atlantide-sauna.com\/en\/billetterie\/womens-week-copie\/#breadcrumb"},"inLanguage":"en-US","potentialAction":[{"@type":"ReadAction","target":["https:\/\/atlantide-sauna.com\/en\/billetterie\/womens-week-copie\/"]}]},{"@type":"ImageObject","inLanguage":"en-US","@id":"https:\/\/atlantide-sauna.com\/en\/billetterie\/womens-week-copie\/#primaryimage","url":"https:\/\/atlantide-sauna.com\/wp-content\/uploads\/2026\/01\/ASH-TICKETS_2026_FEMME.svg","contentUrl":"https:\/\/atlantide-sauna.com\/wp-content\/uploads\/2026\/01\/ASH-TICKETS_2026_FEMME.svg","width":800,"height":800,"caption":"Women only - Atlantide Sauna Paris"},{"@type":"BreadcrumbList","@id":"https:\/\/atlantide-sauna.com\/en\/billetterie\/womens-week-copie\/#breadcrumb","itemListElement":[{"@type":"ListItem","position":1,"name":"Accueil","item":"https:\/\/atlantide-sauna.com\/en\/home\/"},{"@type":"ListItem","position":2,"name":"Boutique","item":"https:\/\/atlantide-sauna.com\/boutique\/"},{"@type":"ListItem","position":3,"name":"Women&rsquo;s Week Sale 50%"}]},{"@type":"WebSite","@id":"https:\/\/atlantide-sauna.com\/en\/#website","url":"https:\/\/atlantide-sauna.com\/en\/","name":"Atlantide Sauna","description":"Sauna Toutes Tendances Gay Bi Tr**","publisher":{"@id":"https:\/\/atlantide-sauna.com\/en\/#organization"},"alternateName":"Club libertin Atlantide Sauna Paris","potentialAction":[{"@type":"SearchAction","target":{"@type":"EntryPoint","urlTemplate":"https:\/\/atlantide-sauna.com\/en\/?s={search_term_string}"},"query-input":{"@type":"PropertyValueSpecification","valueRequired":true,"valueName":"search_term_string"}}],"inLanguage":"en-US"},{"@type":"Organization","@id":"https:\/\/atlantide-sauna.com\/en\/#organization","name":"ATLANTIDE SAUNA HAMMAM","alternateName":"ATLANTIDE SAUNA HAMMAM","url":"https:\/\/atlantide-sauna.com\/en\/","logo":{"@type":"ImageObject","inLanguage":"en-US","@id":"https:\/\/atlantide-sauna.com\/en\/#\/schema\/logo\/image\/","url":"https:\/\/atlantide-sauna.com\/wp-content\/uploads\/2025\/05\/ash_logo_2025_01.svg","contentUrl":"https:\/\/atlantide-sauna.com\/wp-content\/uploads\/2025\/05\/ash_logo_2025_01.svg","width":1,"height":1,"caption":"ATLANTIDE SAUNA HAMMAM"},"image":{"@id":"https:\/\/atlantide-sauna.com\/en\/#\/schema\/logo\/image\/"},"sameAs":["https:\/\/www.facebook.com\/profile.php?id=100082829877238","https:\/\/x.com\/atlantidesauna"],"description":"Sauna hammam toutes tendances. Un espace de libert\u00e9, de mixit\u00e9 et de tol\u00e9rance. Chez Atlantide Sauna vous trouverez les conditions id\u00e9ales pour vos rencontres libertines.","email":"infos@atlantide-sauna.com","telephone":"0143422243","legalName":"ATLANTIDE SAUNA HAMMAM","foundingDate":"1999-08-09","vatID":"FR39423920370","taxID":"42392037000016","numberOfEmployees":{"@type":"QuantitativeValue","minValue":"1","maxValue":"10"}}]}},"jetpack_publicize_connections":[],"jetpack_sharing_enabled":true,"_links":{"self":[{"href":"https:\/\/atlantide-sauna.com\/en\/wp-json\/wp\/v2\/product\/8558","targetHints":{"allow":["GET"]}}],"collection":[{"href":"https:\/\/atlantide-sauna.com\/en\/wp-json\/wp\/v2\/product"}],"about":[{"href":"https:\/\/atlantide-sauna.com\/en\/wp-json\/wp\/v2\/types\/product"}],"author":[{"embeddable":true,"href":"https:\/\/atlantide-sauna.com\/en\/wp-json\/wp\/v2\/users\/4"}],"wp:featuredmedia":[{"embeddable":true,"href":"https:\/\/atlantide-sauna.com\/en\/wp-json\/wp\/v2\/media\/7592"}],"wp:attachment":[{"href":"https:\/\/atlantide-sauna.com\/en\/wp-json\/wp\/v2\/media?parent=8558"}],"wp:term":[{"taxonomy":"product_brand","embeddable":true,"href":"https:\/\/atlantide-sauna.com\/en\/wp-json\/wp\/v2\/product_brand?post=8558"},{"taxonomy":"product_cat","embeddable":true,"href":"https:\/\/atlantide-sauna.com\/en\/wp-json\/wp\/v2\/product_cat?post=8558"},{"taxonomy":"product_tag","embeddable":true,"href":"https:\/\/atlantide-sauna.com\/en\/wp-json\/wp\/v2\/product_tag?post=8558"}],"curies":[{"name":"wp","href":"https:\/\/api.w.org\/{rel}","templated":true}]}}