{"id":1146,"date":"2025-05-22T19:20:02","date_gmt":"2025-05-22T17:20:02","guid":{"rendered":"https:\/\/atlantide-sauna.com\/sauna-hammam\/opinion-sauna-atlantide\/"},"modified":"2025-05-22T19:20:02","modified_gmt":"2025-05-22T17:20:02","slug":"opinion-sauna-atlantide","status":"publish","type":"page","link":"https:\/\/atlantide-sauna.com\/es\/sauna-hammam\/opinion-sauna-atlantide\/","title":{"rendered":"Opini\u00f3n sauna atlantide"},"content":{"rendered":"<p class=\"chapo\">La Sauna Atlantide combina el placer de tus encuentros traviesos con sus lujosas y relajantes instalaciones, todo ello en un ambiente acogedor.<\/p>\n<p id=\"cta\">M\u00e1s informaci\u00f3n sobre : <a href=\"https:\/\/www.atlantide-sauna.com\/\">Sauna Atlantide<\/a><\/p>\n<p>L&#8217;Atlantide Sauna, a tiro de piedra de la Gare de Lyon, es el primer club privado para encuentros libertinos de todo tipo en Par\u00eds. Seas hombre, mujer, heterosexual, gay, transexual o travesti, vengas solo o en pareja, ser\u00e1s bienvenido en una sauna hammam que apuesta por la convivencia, uni\u00e9ndote en una complicidad especialmente propicia para las pr\u00e1cticas sexuales m\u00e1s desenfrenadas. <\/p>\n<h2>La Sauna Atlantide Paris: todas las actividades que necesitas para estimular tu sensualidad.<\/h2>\n<p>L&#8217;Atlantide Sauna es el primer hammam sauna mixto y naturista de Par\u00eds. Todos nuestros esfuerzos se han centrado en la cuidada decoraci\u00f3n y disposici\u00f3n de nuestras zonas de relajaci\u00f3n para favorecer los encuentros swingers y libertinos. Nuestros equipos est\u00e1n formados para garantizar la aplicaci\u00f3n de las normas de nuestro establecimiento: respeto a los dem\u00e1s y respeto a todas las sexualidades y orientaciones sexuales.  <\/p>\n<p id=\"nl\">Otras b\u00fasquedas: <a href=\"http:\/\/www.atlantide-sauna.com\/sauna-hammam\/club-rencontres-couples-libertins-paris\">Club rencontres couples libertins paris<\/a>, <a href=\"http:\/\/www.atlantide-sauna.com\/sauna-hammam\/avis-club-libertin\">Avis club libertin<\/a>, <a href=\"http:\/\/www.atlantide-sauna.com\/sauna-hammam\/sauna-transexuel\">Sauna transexuel<\/a>.<\/p>\n","protected":false},"excerpt":{"rendered":"<p>La Sauna Atlantide combina el placer de tus encuentros traviesos con sus lujosas y relajantes instalaciones, todo ello en un ambiente acogedor. M\u00e1s informaci\u00f3n sobre : Sauna Atlantide L&#8217;Atlantide Sauna, a tiro de piedra de la Gare de Lyon, es el primer club privado para encuentros libertinos de todo tipo en Par\u00eds. Seas hombre, mujer, [&hellip;]<\/p>\n","protected":false},"author":4,"featured_media":0,"parent":1103,"menu_order":46,"comment_status":"closed","ping_status":"closed","template":"","meta":{"footnotes":""},"class_list":["post-1146","page","type-page","status-publish","hentry"],"yoast_head":"<!-- This site is optimized with the Yoast SEO Premium plugin v27.5 (Yoast SEO v27.5) - https:\/\/yoast.com\/product\/yoast-seo-premium-wordpress\/ -->\n<title>Cr\u00edtica de Atlantide Sauna: Un lugar para reunirse libremente - Atlantide Sauna<\/title>\n<meta name=\"description\" content=\"Sauna Atlantide: una sala mixta de vapor y sauna en Par\u00eds que favorece los encuentros libertinos en un ambiente c\u00e1lido.\" \/>\n<meta name=\"robots\" content=\"index, follow, max-snippet:-1, max-image-preview:large, max-video-preview:-1\" \/>\n<link rel=\"canonical\" href=\"https:\/\/atlantide-sauna.com\/es\/sauna-hammam\/opinion-sauna-atlantide\/\" \/>\n<meta property=\"og:locale\" content=\"es_ES\" \/>\n<meta property=\"og:type\" content=\"article\" \/>\n<meta property=\"og:title\" content=\"Opini\u00f3n sauna atlantide\" \/>\n<meta property=\"og:description\" content=\"Sauna Atlantide: una sala mixta de vapor y sauna en Par\u00eds que favorece los encuentros libertinos en un ambiente c\u00e1lido.\" \/>\n<meta property=\"og:url\" content=\"https:\/\/atlantide-sauna.com\/es\/sauna-hammam\/opinion-sauna-atlantide\/\" \/>\n<meta property=\"og:site_name\" content=\"Atlantide Sauna\" \/>\n<meta property=\"article:publisher\" content=\"https:\/\/www.facebook.com\/profile.php?id=100082829877238\" \/>\n<meta property=\"og:image\" content=\"https:\/\/i0.wp.com\/atlantide-sauna.com\/wp-content\/uploads\/2025\/06\/ASH_IMG2025_000.jpg?fit=1440%2C810&ssl=1\" \/>\n\t<meta property=\"og:image:width\" content=\"1440\" \/>\n\t<meta property=\"og:image:height\" content=\"810\" \/>\n\t<meta property=\"og:image:type\" content=\"image\/jpeg\" \/>\n<meta name=\"twitter:card\" content=\"summary_large_image\" \/>\n<meta name=\"twitter:site\" content=\"@atlantidesauna\" \/>\n<meta name=\"twitter:label1\" content=\"Tiempo de lectura\" \/>\n\t<meta name=\"twitter:data1\" content=\"1 minuto\" \/>\n<script type=\"application\/ld+json\" class=\"yoast-schema-graph\">{\"@context\":\"https:\\\/\\\/schema.org\",\"@graph\":[{\"@type\":\"WebPage\",\"@id\":\"https:\\\/\\\/atlantide-sauna.com\\\/es\\\/sauna-hammam\\\/opinion-sauna-atlantide\\\/\",\"url\":\"https:\\\/\\\/atlantide-sauna.com\\\/es\\\/sauna-hammam\\\/opinion-sauna-atlantide\\\/\",\"name\":\"Cr\u00edtica de Atlantide Sauna: Un lugar para reunirse libremente - Atlantide Sauna\",\"isPartOf\":{\"@id\":\"https:\\\/\\\/atlantide-sauna.com\\\/es\\\/#website\"},\"datePublished\":\"2025-05-22T17:20:02+00:00\",\"description\":\"Sauna Atlantide: una sala mixta de vapor y sauna en Par\u00eds que favorece los encuentros libertinos en un ambiente c\u00e1lido.\",\"breadcrumb\":{\"@id\":\"https:\\\/\\\/atlantide-sauna.com\\\/es\\\/sauna-hammam\\\/opinion-sauna-atlantide\\\/#breadcrumb\"},\"inLanguage\":\"es\",\"potentialAction\":[{\"@type\":\"ReadAction\",\"target\":[\"https:\\\/\\\/atlantide-sauna.com\\\/es\\\/sauna-hammam\\\/opinion-sauna-atlantide\\\/\"]}]},{\"@type\":\"BreadcrumbList\",\"@id\":\"https:\\\/\\\/atlantide-sauna.com\\\/es\\\/sauna-hammam\\\/opinion-sauna-atlantide\\\/#breadcrumb\",\"itemListElement\":[{\"@type\":\"ListItem\",\"position\":1,\"name\":\"Accueil\",\"item\":\"https:\\\/\\\/atlantide-sauna.com\\\/es\\\/inicio\\\/\"},{\"@type\":\"ListItem\",\"position\":2,\"name\":\"Sauna Hammam\",\"item\":\"https:\\\/\\\/atlantide-sauna.com\\\/es\\\/sauna-hammam\\\/\"},{\"@type\":\"ListItem\",\"position\":3,\"name\":\"Opini\u00f3n sauna atlantide\"}]},{\"@type\":\"WebSite\",\"@id\":\"https:\\\/\\\/atlantide-sauna.com\\\/es\\\/#website\",\"url\":\"https:\\\/\\\/atlantide-sauna.com\\\/es\\\/\",\"name\":\"Atlantide Sauna\",\"description\":\"Sauna Toutes Tendances Gay Bi Tr**\",\"publisher\":{\"@id\":\"https:\\\/\\\/atlantide-sauna.com\\\/es\\\/#organization\"},\"alternateName\":\"Club libertin Atlantide Sauna Paris\",\"potentialAction\":[{\"@type\":\"SearchAction\",\"target\":{\"@type\":\"EntryPoint\",\"urlTemplate\":\"https:\\\/\\\/atlantide-sauna.com\\\/es\\\/?s={search_term_string}\"},\"query-input\":{\"@type\":\"PropertyValueSpecification\",\"valueRequired\":true,\"valueName\":\"search_term_string\"}}],\"inLanguage\":\"es\"},{\"@type\":\"Organization\",\"@id\":\"https:\\\/\\\/atlantide-sauna.com\\\/es\\\/#organization\",\"name\":\"ATLANTIDE SAUNA HAMMAM\",\"alternateName\":\"ATLANTIDE SAUNA HAMMAM\",\"url\":\"https:\\\/\\\/atlantide-sauna.com\\\/es\\\/\",\"logo\":{\"@type\":\"ImageObject\",\"inLanguage\":\"es\",\"@id\":\"https:\\\/\\\/atlantide-sauna.com\\\/es\\\/#\\\/schema\\\/logo\\\/image\\\/\",\"url\":\"https:\\\/\\\/atlantide-sauna.com\\\/wp-content\\\/uploads\\\/2025\\\/05\\\/ash_logo_2025_01.svg\",\"contentUrl\":\"https:\\\/\\\/atlantide-sauna.com\\\/wp-content\\\/uploads\\\/2025\\\/05\\\/ash_logo_2025_01.svg\",\"width\":1,\"height\":1,\"caption\":\"ATLANTIDE SAUNA HAMMAM\"},\"image\":{\"@id\":\"https:\\\/\\\/atlantide-sauna.com\\\/es\\\/#\\\/schema\\\/logo\\\/image\\\/\"},\"sameAs\":[\"https:\\\/\\\/www.facebook.com\\\/profile.php?id=100082829877238\",\"https:\\\/\\\/x.com\\\/atlantidesauna\"],\"description\":\"Sauna hammam toutes tendances. Un espace de libert\u00e9, de mixit\u00e9 et de tol\u00e9rance. Chez Atlantide Sauna vous trouverez les conditions id\u00e9ales pour vos rencontres libertines.\",\"email\":\"infos@atlantide-sauna.com\",\"telephone\":\"0143422243\",\"legalName\":\"ATLANTIDE SAUNA HAMMAM\",\"foundingDate\":\"1999-08-09\",\"vatID\":\"FR39423920370\",\"taxID\":\"42392037000016\",\"numberOfEmployees\":{\"@type\":\"QuantitativeValue\",\"minValue\":\"1\",\"maxValue\":\"10\"}}]}<\/script>\n<!-- \/ Yoast SEO Premium plugin. -->","yoast_head_json":{"title":"Cr\u00edtica de Atlantide Sauna: Un lugar para reunirse libremente - Atlantide Sauna","description":"Sauna Atlantide: una sala mixta de vapor y sauna en Par\u00eds que favorece los encuentros libertinos en un ambiente c\u00e1lido.","robots":{"index":"index","follow":"follow","max-snippet":"max-snippet:-1","max-image-preview":"max-image-preview:large","max-video-preview":"max-video-preview:-1"},"canonical":"https:\/\/atlantide-sauna.com\/es\/sauna-hammam\/opinion-sauna-atlantide\/","og_locale":"es_ES","og_type":"article","og_title":"Opini\u00f3n sauna atlantide","og_description":"Sauna Atlantide: una sala mixta de vapor y sauna en Par\u00eds que favorece los encuentros libertinos en un ambiente c\u00e1lido.","og_url":"https:\/\/atlantide-sauna.com\/es\/sauna-hammam\/opinion-sauna-atlantide\/","og_site_name":"Atlantide Sauna","article_publisher":"https:\/\/www.facebook.com\/profile.php?id=100082829877238","og_image":[{"width":1440,"height":810,"url":"https:\/\/i0.wp.com\/atlantide-sauna.com\/wp-content\/uploads\/2025\/06\/ASH_IMG2025_000.jpg?fit=1440%2C810&ssl=1","type":"image\/jpeg"}],"twitter_card":"summary_large_image","twitter_site":"@atlantidesauna","twitter_misc":{"Tiempo de lectura":"1 minuto"},"schema":{"@context":"https:\/\/schema.org","@graph":[{"@type":"WebPage","@id":"https:\/\/atlantide-sauna.com\/es\/sauna-hammam\/opinion-sauna-atlantide\/","url":"https:\/\/atlantide-sauna.com\/es\/sauna-hammam\/opinion-sauna-atlantide\/","name":"Cr\u00edtica de Atlantide Sauna: Un lugar para reunirse libremente - Atlantide Sauna","isPartOf":{"@id":"https:\/\/atlantide-sauna.com\/es\/#website"},"datePublished":"2025-05-22T17:20:02+00:00","description":"Sauna Atlantide: una sala mixta de vapor y sauna en Par\u00eds que favorece los encuentros libertinos en un ambiente c\u00e1lido.","breadcrumb":{"@id":"https:\/\/atlantide-sauna.com\/es\/sauna-hammam\/opinion-sauna-atlantide\/#breadcrumb"},"inLanguage":"es","potentialAction":[{"@type":"ReadAction","target":["https:\/\/atlantide-sauna.com\/es\/sauna-hammam\/opinion-sauna-atlantide\/"]}]},{"@type":"BreadcrumbList","@id":"https:\/\/atlantide-sauna.com\/es\/sauna-hammam\/opinion-sauna-atlantide\/#breadcrumb","itemListElement":[{"@type":"ListItem","position":1,"name":"Accueil","item":"https:\/\/atlantide-sauna.com\/es\/inicio\/"},{"@type":"ListItem","position":2,"name":"Sauna Hammam","item":"https:\/\/atlantide-sauna.com\/es\/sauna-hammam\/"},{"@type":"ListItem","position":3,"name":"Opini\u00f3n sauna atlantide"}]},{"@type":"WebSite","@id":"https:\/\/atlantide-sauna.com\/es\/#website","url":"https:\/\/atlantide-sauna.com\/es\/","name":"Atlantide Sauna","description":"Sauna Toutes Tendances Gay Bi Tr**","publisher":{"@id":"https:\/\/atlantide-sauna.com\/es\/#organization"},"alternateName":"Club libertin Atlantide Sauna Paris","potentialAction":[{"@type":"SearchAction","target":{"@type":"EntryPoint","urlTemplate":"https:\/\/atlantide-sauna.com\/es\/?s={search_term_string}"},"query-input":{"@type":"PropertyValueSpecification","valueRequired":true,"valueName":"search_term_string"}}],"inLanguage":"es"},{"@type":"Organization","@id":"https:\/\/atlantide-sauna.com\/es\/#organization","name":"ATLANTIDE SAUNA HAMMAM","alternateName":"ATLANTIDE SAUNA HAMMAM","url":"https:\/\/atlantide-sauna.com\/es\/","logo":{"@type":"ImageObject","inLanguage":"es","@id":"https:\/\/atlantide-sauna.com\/es\/#\/schema\/logo\/image\/","url":"https:\/\/atlantide-sauna.com\/wp-content\/uploads\/2025\/05\/ash_logo_2025_01.svg","contentUrl":"https:\/\/atlantide-sauna.com\/wp-content\/uploads\/2025\/05\/ash_logo_2025_01.svg","width":1,"height":1,"caption":"ATLANTIDE SAUNA HAMMAM"},"image":{"@id":"https:\/\/atlantide-sauna.com\/es\/#\/schema\/logo\/image\/"},"sameAs":["https:\/\/www.facebook.com\/profile.php?id=100082829877238","https:\/\/x.com\/atlantidesauna"],"description":"Sauna hammam toutes tendances. Un espace de libert\u00e9, de mixit\u00e9 et de tol\u00e9rance. Chez Atlantide Sauna vous trouverez les conditions id\u00e9ales pour vos rencontres libertines.","email":"infos@atlantide-sauna.com","telephone":"0143422243","legalName":"ATLANTIDE SAUNA HAMMAM","foundingDate":"1999-08-09","vatID":"FR39423920370","taxID":"42392037000016","numberOfEmployees":{"@type":"QuantitativeValue","minValue":"1","maxValue":"10"}}]}},"jetpack_sharing_enabled":true,"_links":{"self":[{"href":"https:\/\/atlantide-sauna.com\/es\/wp-json\/wp\/v2\/pages\/1146","targetHints":{"allow":["GET"]}}],"collection":[{"href":"https:\/\/atlantide-sauna.com\/es\/wp-json\/wp\/v2\/pages"}],"about":[{"href":"https:\/\/atlantide-sauna.com\/es\/wp-json\/wp\/v2\/types\/page"}],"author":[{"embeddable":true,"href":"https:\/\/atlantide-sauna.com\/es\/wp-json\/wp\/v2\/users\/4"}],"replies":[{"embeddable":true,"href":"https:\/\/atlantide-sauna.com\/es\/wp-json\/wp\/v2\/comments?post=1146"}],"version-history":[{"count":0,"href":"https:\/\/atlantide-sauna.com\/es\/wp-json\/wp\/v2\/pages\/1146\/revisions"}],"up":[{"embeddable":true,"href":"https:\/\/atlantide-sauna.com\/es\/wp-json\/wp\/v2\/pages\/1103"}],"wp:attachment":[{"href":"https:\/\/atlantide-sauna.com\/es\/wp-json\/wp\/v2\/media?parent=1146"}],"curies":[{"name":"wp","href":"https:\/\/api.w.org\/{rel}","templated":true}]}}