{"id":4787,"date":"2025-05-22T19:19:41","date_gmt":"2025-05-22T17:19:41","guid":{"rendered":"https:\/\/atlantide-sauna.com\/sauna-hammam\/club-backroom-glory-holes-sling-croix-de-st-andre-paris\/"},"modified":"2025-05-22T19:19:41","modified_gmt":"2025-05-22T17:19:41","slug":"club-backroom-glory-holes-sling-croix-de-st-andre-paris","status":"publish","type":"page","link":"https:\/\/atlantide-sauna.com\/es\/sauna-hammam\/club-backroom-glory-holes-sling-croix-de-st-andre-paris\/","title":{"rendered":"Club Backroom Glory Holes Sling Croix de st Andr\u00e9 Par\u00eds"},"content":{"rendered":"<h2>Club Libertin Trastienda Glory Holes Sling Croix de St Andr\u00e9 en Par\u00eds 12<\/h2>\n<p class=\"chapo\">La tolerancia y la diversidad de orientaciones sexuales son las se\u00f1as de identidad de Atlantide Sauna, donde puedes organizar tus citas sexuales en un ambiente relajado, cerca de la Gare de Lyon, mientras conoces a gente que te interesa.<\/p>\n<h3 id=\"cta\">Club trastienda glory holes sling croix de st andre paris &#8211; Ven in situ<\/h3>\n<p>L&#8217;Atlantide Sauna es ante todo la sauna pansexual de la tolerancia. Todas las sensibilidades sexuales son atendidas en el c\u00e1lido ambiente de nuestras zonas de relajaci\u00f3n. Somos una sauna libertina donde reina la mezcla, el respeto y la convivencia entre curiosos heterosexuales, bisexuales, gays, shemales, transexuales, travestis y transexuales.  <\/p>\n<h3>Sauna L&#8217;Atlantide: una completa gama de instalaciones para todo tipo de sexualidad.<\/h3>\n<p>Bienvenido a la Sauna Atlantide, el primer hammam mixto de Par\u00eds, situado en el coraz\u00f3n del distrito 12, en la calle Parrot. Si buscas un lugar donde relajarte y conocer gente nueva en un ambiente respetuoso, \u00e9ste es tu sitio. <\/p>\n<p>En cuanto atravieses las puertas de l&#8217;Atlantide, te envolver\u00e1 un ambiente c\u00e1lido y acogedor. Imagina disfrutar de una sauna de alta gama que combina confort y dise\u00f1o contempor\u00e1neo. Nuestros salones colectivos tambi\u00e9n te ofrecen un espacio donde relajarte mientras conoces a otros visitantes en un ambiente cordial.  <\/p>\n<p>El hammam, de azulejos y delicadamente perfumado, es sin duda una de las piezas centrales de nuestro establecimiento. Entre los vapores calientes y los aromas embriagadores, deja que tus preocupaciones se desvanezcan y disfruta de un momento de puro bienestar. Tanto si vienes a relajarte como a socializar, cada rinc\u00f3n de nuestra sauna ha sido dise\u00f1ado para satisfacer todas tus necesidades.  <\/p>\n<p>Sin embargo, nos gustar\u00eda recordarte que aqu\u00ed los buenos modales y la cortes\u00eda son de la m\u00e1xima importancia. Hemos establecido una serie de normas de buena conducta, y nuestro equipo est\u00e1 ah\u00ed para garantizar que todo el mundo act\u00fae en un entorno respetuoso y seguro. El ambiente es relajado, pero es esencial que todos los visitantes compartan este compromiso para que tu experiencia sea memorable.  <\/p>\n<p>\u00bfEst\u00e1s preparado para sumergirte en el mundo de la Sauna Atlantide? Ven y descubre una nueva forma de relajarte y de conocer gente af\u00edn. \u00a1Nos vemos pronto en nuestro peque\u00f1o rinc\u00f3n del para\u00edso en Par\u00eds!  <\/p>\n<h3 id=\"nl\">Otras b\u00fasquedas : <a href=\"https:\/\/atlantide-sauna.com\/es\/sauna-hammam\/rencontre-coquines-paris-12\/\">Rencontre coquines<\/a>, <a href=\"https:\/\/atlantide-sauna.com\/decouvrez-notre-sauna-hammam-a-paris\/rencontre-echangiste-et-candauliste-paris-12\/\">Rencontre echangiste et candauliste Paris 12<\/a>, <a href=\"https:\/\/atlantide-sauna.com\/decouvrez-notre-sauna-hammam-a-paris\/hammam-et-sauna-mixte-paris\/\">Hammam et sauna mixte paris<\/a>.<\/h3>\n","protected":false},"excerpt":{"rendered":"<p>Club Libertin Trastienda Glory Holes Sling Croix de St Andr\u00e9 en Par\u00eds 12 La tolerancia y la diversidad de orientaciones sexuales son las se\u00f1as de identidad de Atlantide Sauna, donde puedes organizar tus citas sexuales en un ambiente relajado, cerca de la Gare de Lyon, mientras conoces a gente que te interesa. Club trastienda glory [&hellip;]<\/p>\n","protected":false},"author":4,"featured_media":4362,"parent":1103,"menu_order":6,"comment_status":"closed","ping_status":"closed","template":"","meta":{"footnotes":""},"class_list":["post-4787","page","type-page","status-publish","has-post-thumbnail","hentry"],"yoast_head":"<!-- This site is optimized with the Yoast SEO Premium plugin v27.5 (Yoast SEO v27.5) - https:\/\/yoast.com\/product\/yoast-seo-premium-wordpress\/ -->\n<title>Club Backroom Glory Holes Sling Croix de st Andr\u00e9 Par\u00eds - Atlantide Sauna<\/title>\n<meta name=\"description\" content=\"Todas las sensibilidades sexuales en un ambiente c\u00e1lido. Una sauna libertina donde reinan la mixtura, el respeto y la convivencia.\" \/>\n<meta name=\"robots\" content=\"index, follow, max-snippet:-1, max-image-preview:large, max-video-preview:-1\" \/>\n<link rel=\"canonical\" href=\"https:\/\/atlantide-sauna.com\/es\/sauna-hammam\/club-backroom-glory-holes-sling-croix-de-st-andre-paris\/\" \/>\n<meta property=\"og:locale\" content=\"es_ES\" \/>\n<meta property=\"og:type\" content=\"article\" \/>\n<meta property=\"og:title\" content=\"Club Backroom Glory Holes Sling Croix de st Andr\u00e9 Par\u00eds\" \/>\n<meta property=\"og:description\" content=\"Todas las sensibilidades sexuales en un ambiente c\u00e1lido. Una sauna libertina donde reinan la mixtura, el respeto y la convivencia.\" \/>\n<meta property=\"og:url\" content=\"https:\/\/atlantide-sauna.com\/es\/sauna-hammam\/club-backroom-glory-holes-sling-croix-de-st-andre-paris\/\" \/>\n<meta property=\"og:site_name\" content=\"Atlantide Sauna\" \/>\n<meta property=\"article:publisher\" content=\"https:\/\/www.facebook.com\/profile.php?id=100082829877238\" \/>\n<meta property=\"og:image\" content=\"https:\/\/atlantide-sauna.com\/wp-content\/uploads\/2025\/06\/ASH_IMG2025_014-1.jpg\" \/>\n\t<meta property=\"og:image:width\" content=\"1440\" \/>\n\t<meta property=\"og:image:height\" content=\"810\" \/>\n\t<meta property=\"og:image:type\" content=\"image\/jpeg\" \/>\n<meta name=\"twitter:card\" content=\"summary_large_image\" \/>\n<meta name=\"twitter:site\" content=\"@atlantidesauna\" \/>\n<meta name=\"twitter:label1\" content=\"Tiempo de lectura\" \/>\n\t<meta name=\"twitter:data1\" content=\"2 minutos\" \/>\n<script type=\"application\/ld+json\" class=\"yoast-schema-graph\">{\"@context\":\"https:\\\/\\\/schema.org\",\"@graph\":[{\"@type\":\"WebPage\",\"@id\":\"https:\\\/\\\/atlantide-sauna.com\\\/es\\\/sauna-hammam\\\/club-backroom-glory-holes-sling-croix-de-st-andre-paris\\\/\",\"url\":\"https:\\\/\\\/atlantide-sauna.com\\\/es\\\/sauna-hammam\\\/club-backroom-glory-holes-sling-croix-de-st-andre-paris\\\/\",\"name\":\"Club Backroom Glory Holes Sling Croix de st Andr\u00e9 Par\u00eds - Atlantide Sauna\",\"isPartOf\":{\"@id\":\"https:\\\/\\\/atlantide-sauna.com\\\/es\\\/#website\"},\"primaryImageOfPage\":{\"@id\":\"https:\\\/\\\/atlantide-sauna.com\\\/es\\\/sauna-hammam\\\/club-backroom-glory-holes-sling-croix-de-st-andre-paris\\\/#primaryimage\"},\"image\":{\"@id\":\"https:\\\/\\\/atlantide-sauna.com\\\/es\\\/sauna-hammam\\\/club-backroom-glory-holes-sling-croix-de-st-andre-paris\\\/#primaryimage\"},\"thumbnailUrl\":\"https:\\\/\\\/i0.wp.com\\\/atlantide-sauna.com\\\/wp-content\\\/uploads\\\/2025\\\/06\\\/ASH_IMG2025_014-1.jpg?fit=1440%2C810&ssl=1\",\"datePublished\":\"2025-05-22T17:19:41+00:00\",\"description\":\"Todas las sensibilidades sexuales en un ambiente c\u00e1lido. Una sauna libertina donde reinan la mixtura, el respeto y la convivencia.\",\"breadcrumb\":{\"@id\":\"https:\\\/\\\/atlantide-sauna.com\\\/es\\\/sauna-hammam\\\/club-backroom-glory-holes-sling-croix-de-st-andre-paris\\\/#breadcrumb\"},\"inLanguage\":\"es\",\"potentialAction\":[{\"@type\":\"ReadAction\",\"target\":[\"https:\\\/\\\/atlantide-sauna.com\\\/es\\\/sauna-hammam\\\/club-backroom-glory-holes-sling-croix-de-st-andre-paris\\\/\"]}]},{\"@type\":\"ImageObject\",\"inLanguage\":\"es\",\"@id\":\"https:\\\/\\\/atlantide-sauna.com\\\/es\\\/sauna-hammam\\\/club-backroom-glory-holes-sling-croix-de-st-andre-paris\\\/#primaryimage\",\"url\":\"https:\\\/\\\/i0.wp.com\\\/atlantide-sauna.com\\\/wp-content\\\/uploads\\\/2025\\\/06\\\/ASH_IMG2025_014-1.jpg?fit=1440%2C810&ssl=1\",\"contentUrl\":\"https:\\\/\\\/i0.wp.com\\\/atlantide-sauna.com\\\/wp-content\\\/uploads\\\/2025\\\/06\\\/ASH_IMG2025_014-1.jpg?fit=1440%2C810&ssl=1\",\"width\":1440,\"height\":810,\"caption\":\"Sling Backroom Croix de St Andr\u00e9\"},{\"@type\":\"BreadcrumbList\",\"@id\":\"https:\\\/\\\/atlantide-sauna.com\\\/es\\\/sauna-hammam\\\/club-backroom-glory-holes-sling-croix-de-st-andre-paris\\\/#breadcrumb\",\"itemListElement\":[{\"@type\":\"ListItem\",\"position\":1,\"name\":\"Accueil\",\"item\":\"https:\\\/\\\/atlantide-sauna.com\\\/es\\\/inicio\\\/\"},{\"@type\":\"ListItem\",\"position\":2,\"name\":\"Sauna Hammam\",\"item\":\"https:\\\/\\\/atlantide-sauna.com\\\/es\\\/sauna-hammam\\\/\"},{\"@type\":\"ListItem\",\"position\":3,\"name\":\"Club Backroom Glory Holes Sling Croix de st Andr\u00e9 Par\u00eds\"}]},{\"@type\":\"WebSite\",\"@id\":\"https:\\\/\\\/atlantide-sauna.com\\\/es\\\/#website\",\"url\":\"https:\\\/\\\/atlantide-sauna.com\\\/es\\\/\",\"name\":\"Atlantide Sauna\",\"description\":\"Sauna Toutes Tendances Gay Bi Tr**\",\"publisher\":{\"@id\":\"https:\\\/\\\/atlantide-sauna.com\\\/es\\\/#organization\"},\"alternateName\":\"Club libertin Atlantide Sauna Paris\",\"potentialAction\":[{\"@type\":\"SearchAction\",\"target\":{\"@type\":\"EntryPoint\",\"urlTemplate\":\"https:\\\/\\\/atlantide-sauna.com\\\/es\\\/?s={search_term_string}\"},\"query-input\":{\"@type\":\"PropertyValueSpecification\",\"valueRequired\":true,\"valueName\":\"search_term_string\"}}],\"inLanguage\":\"es\"},{\"@type\":\"Organization\",\"@id\":\"https:\\\/\\\/atlantide-sauna.com\\\/es\\\/#organization\",\"name\":\"ATLANTIDE SAUNA HAMMAM\",\"alternateName\":\"ATLANTIDE SAUNA HAMMAM\",\"url\":\"https:\\\/\\\/atlantide-sauna.com\\\/es\\\/\",\"logo\":{\"@type\":\"ImageObject\",\"inLanguage\":\"es\",\"@id\":\"https:\\\/\\\/atlantide-sauna.com\\\/es\\\/#\\\/schema\\\/logo\\\/image\\\/\",\"url\":\"https:\\\/\\\/atlantide-sauna.com\\\/wp-content\\\/uploads\\\/2025\\\/05\\\/ash_logo_2025_01.svg\",\"contentUrl\":\"https:\\\/\\\/atlantide-sauna.com\\\/wp-content\\\/uploads\\\/2025\\\/05\\\/ash_logo_2025_01.svg\",\"width\":1,\"height\":1,\"caption\":\"ATLANTIDE SAUNA HAMMAM\"},\"image\":{\"@id\":\"https:\\\/\\\/atlantide-sauna.com\\\/es\\\/#\\\/schema\\\/logo\\\/image\\\/\"},\"sameAs\":[\"https:\\\/\\\/www.facebook.com\\\/profile.php?id=100082829877238\",\"https:\\\/\\\/x.com\\\/atlantidesauna\"],\"description\":\"Sauna hammam toutes tendances. Un espace de libert\u00e9, de mixit\u00e9 et de tol\u00e9rance. Chez Atlantide Sauna vous trouverez les conditions id\u00e9ales pour vos rencontres libertines.\",\"email\":\"infos@atlantide-sauna.com\",\"telephone\":\"0143422243\",\"legalName\":\"ATLANTIDE SAUNA HAMMAM\",\"foundingDate\":\"1999-08-09\",\"vatID\":\"FR39423920370\",\"taxID\":\"42392037000016\",\"numberOfEmployees\":{\"@type\":\"QuantitativeValue\",\"minValue\":\"1\",\"maxValue\":\"10\"}}]}<\/script>\n<!-- \/ Yoast SEO Premium plugin. -->","yoast_head_json":{"title":"Club Backroom Glory Holes Sling Croix de st Andr\u00e9 Par\u00eds - Atlantide Sauna","description":"Todas las sensibilidades sexuales en un ambiente c\u00e1lido. Una sauna libertina donde reinan la mixtura, el respeto y la convivencia.","robots":{"index":"index","follow":"follow","max-snippet":"max-snippet:-1","max-image-preview":"max-image-preview:large","max-video-preview":"max-video-preview:-1"},"canonical":"https:\/\/atlantide-sauna.com\/es\/sauna-hammam\/club-backroom-glory-holes-sling-croix-de-st-andre-paris\/","og_locale":"es_ES","og_type":"article","og_title":"Club Backroom Glory Holes Sling Croix de st Andr\u00e9 Par\u00eds","og_description":"Todas las sensibilidades sexuales en un ambiente c\u00e1lido. Una sauna libertina donde reinan la mixtura, el respeto y la convivencia.","og_url":"https:\/\/atlantide-sauna.com\/es\/sauna-hammam\/club-backroom-glory-holes-sling-croix-de-st-andre-paris\/","og_site_name":"Atlantide Sauna","article_publisher":"https:\/\/www.facebook.com\/profile.php?id=100082829877238","og_image":[{"width":1440,"height":810,"url":"https:\/\/atlantide-sauna.com\/wp-content\/uploads\/2025\/06\/ASH_IMG2025_014-1.jpg","type":"image\/jpeg"}],"twitter_card":"summary_large_image","twitter_site":"@atlantidesauna","twitter_misc":{"Tiempo de lectura":"2 minutos"},"schema":{"@context":"https:\/\/schema.org","@graph":[{"@type":"WebPage","@id":"https:\/\/atlantide-sauna.com\/es\/sauna-hammam\/club-backroom-glory-holes-sling-croix-de-st-andre-paris\/","url":"https:\/\/atlantide-sauna.com\/es\/sauna-hammam\/club-backroom-glory-holes-sling-croix-de-st-andre-paris\/","name":"Club Backroom Glory Holes Sling Croix de st Andr\u00e9 Par\u00eds - Atlantide Sauna","isPartOf":{"@id":"https:\/\/atlantide-sauna.com\/es\/#website"},"primaryImageOfPage":{"@id":"https:\/\/atlantide-sauna.com\/es\/sauna-hammam\/club-backroom-glory-holes-sling-croix-de-st-andre-paris\/#primaryimage"},"image":{"@id":"https:\/\/atlantide-sauna.com\/es\/sauna-hammam\/club-backroom-glory-holes-sling-croix-de-st-andre-paris\/#primaryimage"},"thumbnailUrl":"https:\/\/i0.wp.com\/atlantide-sauna.com\/wp-content\/uploads\/2025\/06\/ASH_IMG2025_014-1.jpg?fit=1440%2C810&ssl=1","datePublished":"2025-05-22T17:19:41+00:00","description":"Todas las sensibilidades sexuales en un ambiente c\u00e1lido. Una sauna libertina donde reinan la mixtura, el respeto y la convivencia.","breadcrumb":{"@id":"https:\/\/atlantide-sauna.com\/es\/sauna-hammam\/club-backroom-glory-holes-sling-croix-de-st-andre-paris\/#breadcrumb"},"inLanguage":"es","potentialAction":[{"@type":"ReadAction","target":["https:\/\/atlantide-sauna.com\/es\/sauna-hammam\/club-backroom-glory-holes-sling-croix-de-st-andre-paris\/"]}]},{"@type":"ImageObject","inLanguage":"es","@id":"https:\/\/atlantide-sauna.com\/es\/sauna-hammam\/club-backroom-glory-holes-sling-croix-de-st-andre-paris\/#primaryimage","url":"https:\/\/i0.wp.com\/atlantide-sauna.com\/wp-content\/uploads\/2025\/06\/ASH_IMG2025_014-1.jpg?fit=1440%2C810&ssl=1","contentUrl":"https:\/\/i0.wp.com\/atlantide-sauna.com\/wp-content\/uploads\/2025\/06\/ASH_IMG2025_014-1.jpg?fit=1440%2C810&ssl=1","width":1440,"height":810,"caption":"Sling Backroom Croix de St Andr\u00e9"},{"@type":"BreadcrumbList","@id":"https:\/\/atlantide-sauna.com\/es\/sauna-hammam\/club-backroom-glory-holes-sling-croix-de-st-andre-paris\/#breadcrumb","itemListElement":[{"@type":"ListItem","position":1,"name":"Accueil","item":"https:\/\/atlantide-sauna.com\/es\/inicio\/"},{"@type":"ListItem","position":2,"name":"Sauna Hammam","item":"https:\/\/atlantide-sauna.com\/es\/sauna-hammam\/"},{"@type":"ListItem","position":3,"name":"Club Backroom Glory Holes Sling Croix de st Andr\u00e9 Par\u00eds"}]},{"@type":"WebSite","@id":"https:\/\/atlantide-sauna.com\/es\/#website","url":"https:\/\/atlantide-sauna.com\/es\/","name":"Atlantide Sauna","description":"Sauna Toutes Tendances Gay Bi Tr**","publisher":{"@id":"https:\/\/atlantide-sauna.com\/es\/#organization"},"alternateName":"Club libertin Atlantide Sauna Paris","potentialAction":[{"@type":"SearchAction","target":{"@type":"EntryPoint","urlTemplate":"https:\/\/atlantide-sauna.com\/es\/?s={search_term_string}"},"query-input":{"@type":"PropertyValueSpecification","valueRequired":true,"valueName":"search_term_string"}}],"inLanguage":"es"},{"@type":"Organization","@id":"https:\/\/atlantide-sauna.com\/es\/#organization","name":"ATLANTIDE SAUNA HAMMAM","alternateName":"ATLANTIDE SAUNA HAMMAM","url":"https:\/\/atlantide-sauna.com\/es\/","logo":{"@type":"ImageObject","inLanguage":"es","@id":"https:\/\/atlantide-sauna.com\/es\/#\/schema\/logo\/image\/","url":"https:\/\/atlantide-sauna.com\/wp-content\/uploads\/2025\/05\/ash_logo_2025_01.svg","contentUrl":"https:\/\/atlantide-sauna.com\/wp-content\/uploads\/2025\/05\/ash_logo_2025_01.svg","width":1,"height":1,"caption":"ATLANTIDE SAUNA HAMMAM"},"image":{"@id":"https:\/\/atlantide-sauna.com\/es\/#\/schema\/logo\/image\/"},"sameAs":["https:\/\/www.facebook.com\/profile.php?id=100082829877238","https:\/\/x.com\/atlantidesauna"],"description":"Sauna hammam toutes tendances. Un espace de libert\u00e9, de mixit\u00e9 et de tol\u00e9rance. Chez Atlantide Sauna vous trouverez les conditions id\u00e9ales pour vos rencontres libertines.","email":"infos@atlantide-sauna.com","telephone":"0143422243","legalName":"ATLANTIDE SAUNA HAMMAM","foundingDate":"1999-08-09","vatID":"FR39423920370","taxID":"42392037000016","numberOfEmployees":{"@type":"QuantitativeValue","minValue":"1","maxValue":"10"}}]}},"jetpack_sharing_enabled":true,"_links":{"self":[{"href":"https:\/\/atlantide-sauna.com\/es\/wp-json\/wp\/v2\/pages\/4787","targetHints":{"allow":["GET"]}}],"collection":[{"href":"https:\/\/atlantide-sauna.com\/es\/wp-json\/wp\/v2\/pages"}],"about":[{"href":"https:\/\/atlantide-sauna.com\/es\/wp-json\/wp\/v2\/types\/page"}],"author":[{"embeddable":true,"href":"https:\/\/atlantide-sauna.com\/es\/wp-json\/wp\/v2\/users\/4"}],"replies":[{"embeddable":true,"href":"https:\/\/atlantide-sauna.com\/es\/wp-json\/wp\/v2\/comments?post=4787"}],"version-history":[{"count":0,"href":"https:\/\/atlantide-sauna.com\/es\/wp-json\/wp\/v2\/pages\/4787\/revisions"}],"up":[{"embeddable":true,"href":"https:\/\/atlantide-sauna.com\/es\/wp-json\/wp\/v2\/pages\/1103"}],"wp:featuredmedia":[{"embeddable":true,"href":"https:\/\/atlantide-sauna.com\/es\/wp-json\/wp\/v2\/media\/4362"}],"wp:attachment":[{"href":"https:\/\/atlantide-sauna.com\/es\/wp-json\/wp\/v2\/media?parent=4787"}],"curies":[{"name":"wp","href":"https:\/\/api.w.org\/{rel}","templated":true}]}}