{"id":4850,"date":"2025-05-22T19:19:44","date_gmt":"2025-05-22T17:19:44","guid":{"rendered":"https:\/\/atlantide-sauna.com\/sauna-hammam\/hammam-libertin-paris-12\/"},"modified":"2025-05-22T19:19:44","modified_gmt":"2025-05-22T17:19:44","slug":"hammam-libertin-paris-12","status":"publish","type":"page","link":"https:\/\/atlantide-sauna.com\/es\/sauna-hammam\/hammam-libertin-paris-12\/","title":{"rendered":"Hammam libertin Par\u00eds 12"},"content":{"rendered":"<h1>Hammam libertin Par\u00eds 12<\/h1>\n<p class=\"chapo\">La Sauna Atlantide es \u00fanica por ser una sala de vapor libertina en pleno centro de Par\u00eds. Nuestra sauna libertina acoge tanto a parejas como a amantes de los encuentros gay o bi. Ofrecemos un personal acogedor y un ambiente \u00edntimo y relajante.  <\/p>\n<p id=\"cta\">M\u00e1s informaci\u00f3n sobre : <a href=\"http:\/\/www.atlantide-sauna.com\/\">Hammam Libertino<\/a><\/p>\n<p>L&#8217;Atlantide Sauna ha pensado en toda la variedad y riqueza de las pr\u00e1cticas libertinas, siempre en busca de nuevas sensaciones juguetonas para ofrecerte unas instalaciones completas. Hammam, sauna y spa para la relajaci\u00f3n y purificaci\u00f3n de la piel y el cuerpo, cruz de San Andr\u00e9s con esposas, arn\u00e9s de cuero para los amantes de las sensaciones sado-masoquistas y cabinas individuales de relajaci\u00f3n para la intimidad. <\/p>\n<h2>Sauna L&#8217;Atlantide: imprescindible para tus reuniones de swingers.<\/h2>\n<p>La Sauna Atlantide de Par\u00eds es el marco ideal para tus encuentros swingers. Encontrar\u00e1s un ambiente c\u00e1lido y elegante, perfecto para intercambios \u00edntimos. Para tu acercamiento y para hacer el amor, puedes elegir entre el relajante hammam, la sauna o las salas de v\u00eddeo colectivas.  <\/p>\n<p id=\"nl\">Otras b\u00fasquedas: <a href=\"http:\/\/www.atlantide-sauna.com\/sauna-hammam\/hammam-paris\">Hammam paris<\/a>, <a href=\"http:\/\/www.atlantide-sauna.com\/sauna-hammam\/hammam-sauna-mixte-paris\">Hammam sauna mixte paris<\/a>, <a href=\"http:\/\/www.atlantide-sauna.com\/sauna-hammam\/sauna-bisexuel-paris\">Sauna bisexual paris<\/a>.<\/p>\n","protected":false},"excerpt":{"rendered":"<p>Hammam libertin Par\u00eds 12 La Sauna Atlantide es \u00fanica por ser una sala de vapor libertina en pleno centro de Par\u00eds. Nuestra sauna libertina acoge tanto a parejas como a amantes de los encuentros gay o bi. Ofrecemos un personal acogedor y un ambiente \u00edntimo y relajante. M\u00e1s informaci\u00f3n sobre : Hammam Libertino L&#8217;Atlantide Sauna [&hellip;]<\/p>\n","protected":false},"author":4,"featured_media":0,"parent":1103,"menu_order":18,"comment_status":"closed","ping_status":"closed","template":"","meta":{"footnotes":""},"class_list":["post-4850","page","type-page","status-publish","hentry"],"yoast_head":"<!-- This site is optimized with the Yoast SEO Premium plugin v27.5 (Yoast SEO v27.5) - https:\/\/yoast.com\/product\/yoast-seo-premium-wordpress\/ -->\n<title>Hammam libertin Par\u00eds 12 - Atlantide Sauna<\/title>\n<meta name=\"robots\" content=\"index, follow, max-snippet:-1, max-image-preview:large, max-video-preview:-1\" \/>\n<link rel=\"canonical\" href=\"https:\/\/atlantide-sauna.com\/es\/sauna-hammam\/hammam-libertin-paris-12\/\" \/>\n<meta property=\"og:locale\" content=\"es_ES\" \/>\n<meta property=\"og:type\" content=\"article\" \/>\n<meta property=\"og:title\" content=\"Hammam libertin Par\u00eds 12\" \/>\n<meta property=\"og:description\" content=\"Hammam libertin Par\u00eds 12 La Sauna Atlantide es \u00fanica por ser una sala de vapor libertina en pleno centro de Par\u00eds. Nuestra sauna libertina acoge tanto a parejas como a amantes de los encuentros gay o bi. Ofrecemos un personal acogedor y un ambiente \u00edntimo y relajante. M\u00e1s informaci\u00f3n sobre : Hammam Libertino L&#8217;Atlantide Sauna [&hellip;]\" \/>\n<meta property=\"og:url\" content=\"https:\/\/atlantide-sauna.com\/es\/sauna-hammam\/hammam-libertin-paris-12\/\" \/>\n<meta property=\"og:site_name\" content=\"Atlantide Sauna\" \/>\n<meta property=\"article:publisher\" content=\"https:\/\/www.facebook.com\/profile.php?id=100082829877238\" \/>\n<meta property=\"og:image\" content=\"https:\/\/i0.wp.com\/atlantide-sauna.com\/wp-content\/uploads\/2025\/06\/ASH_IMG2025_000.jpg?fit=1440%2C810&ssl=1\" \/>\n\t<meta property=\"og:image:width\" content=\"1440\" \/>\n\t<meta property=\"og:image:height\" content=\"810\" \/>\n\t<meta property=\"og:image:type\" content=\"image\/jpeg\" \/>\n<meta name=\"twitter:card\" content=\"summary_large_image\" \/>\n<meta name=\"twitter:site\" content=\"@atlantidesauna\" \/>\n<meta name=\"twitter:label1\" content=\"Tiempo de lectura\" \/>\n\t<meta name=\"twitter:data1\" content=\"1 minuto\" \/>\n<script type=\"application\/ld+json\" class=\"yoast-schema-graph\">{\"@context\":\"https:\\\/\\\/schema.org\",\"@graph\":[{\"@type\":\"WebPage\",\"@id\":\"https:\\\/\\\/atlantide-sauna.com\\\/es\\\/sauna-hammam\\\/hammam-libertin-paris-12\\\/\",\"url\":\"https:\\\/\\\/atlantide-sauna.com\\\/es\\\/sauna-hammam\\\/hammam-libertin-paris-12\\\/\",\"name\":\"Hammam libertin Par\u00eds 12 - Atlantide Sauna\",\"isPartOf\":{\"@id\":\"https:\\\/\\\/atlantide-sauna.com\\\/es\\\/#website\"},\"datePublished\":\"2025-05-22T17:19:44+00:00\",\"breadcrumb\":{\"@id\":\"https:\\\/\\\/atlantide-sauna.com\\\/es\\\/sauna-hammam\\\/hammam-libertin-paris-12\\\/#breadcrumb\"},\"inLanguage\":\"es\",\"potentialAction\":[{\"@type\":\"ReadAction\",\"target\":[\"https:\\\/\\\/atlantide-sauna.com\\\/es\\\/sauna-hammam\\\/hammam-libertin-paris-12\\\/\"]}]},{\"@type\":\"BreadcrumbList\",\"@id\":\"https:\\\/\\\/atlantide-sauna.com\\\/es\\\/sauna-hammam\\\/hammam-libertin-paris-12\\\/#breadcrumb\",\"itemListElement\":[{\"@type\":\"ListItem\",\"position\":1,\"name\":\"Accueil\",\"item\":\"https:\\\/\\\/atlantide-sauna.com\\\/es\\\/inicio\\\/\"},{\"@type\":\"ListItem\",\"position\":2,\"name\":\"Sauna Hammam\",\"item\":\"https:\\\/\\\/atlantide-sauna.com\\\/es\\\/sauna-hammam\\\/\"},{\"@type\":\"ListItem\",\"position\":3,\"name\":\"Hammam libertin Par\u00eds 12\"}]},{\"@type\":\"WebSite\",\"@id\":\"https:\\\/\\\/atlantide-sauna.com\\\/es\\\/#website\",\"url\":\"https:\\\/\\\/atlantide-sauna.com\\\/es\\\/\",\"name\":\"Atlantide Sauna\",\"description\":\"Sauna Toutes Tendances Gay Bi Tr**\",\"publisher\":{\"@id\":\"https:\\\/\\\/atlantide-sauna.com\\\/es\\\/#organization\"},\"alternateName\":\"Club libertin Atlantide Sauna Paris\",\"potentialAction\":[{\"@type\":\"SearchAction\",\"target\":{\"@type\":\"EntryPoint\",\"urlTemplate\":\"https:\\\/\\\/atlantide-sauna.com\\\/es\\\/?s={search_term_string}\"},\"query-input\":{\"@type\":\"PropertyValueSpecification\",\"valueRequired\":true,\"valueName\":\"search_term_string\"}}],\"inLanguage\":\"es\"},{\"@type\":\"Organization\",\"@id\":\"https:\\\/\\\/atlantide-sauna.com\\\/es\\\/#organization\",\"name\":\"ATLANTIDE SAUNA HAMMAM\",\"alternateName\":\"ATLANTIDE SAUNA HAMMAM\",\"url\":\"https:\\\/\\\/atlantide-sauna.com\\\/es\\\/\",\"logo\":{\"@type\":\"ImageObject\",\"inLanguage\":\"es\",\"@id\":\"https:\\\/\\\/atlantide-sauna.com\\\/es\\\/#\\\/schema\\\/logo\\\/image\\\/\",\"url\":\"https:\\\/\\\/atlantide-sauna.com\\\/wp-content\\\/uploads\\\/2025\\\/05\\\/ash_logo_2025_01.svg\",\"contentUrl\":\"https:\\\/\\\/atlantide-sauna.com\\\/wp-content\\\/uploads\\\/2025\\\/05\\\/ash_logo_2025_01.svg\",\"width\":1,\"height\":1,\"caption\":\"ATLANTIDE SAUNA HAMMAM\"},\"image\":{\"@id\":\"https:\\\/\\\/atlantide-sauna.com\\\/es\\\/#\\\/schema\\\/logo\\\/image\\\/\"},\"sameAs\":[\"https:\\\/\\\/www.facebook.com\\\/profile.php?id=100082829877238\",\"https:\\\/\\\/x.com\\\/atlantidesauna\"],\"description\":\"Sauna hammam toutes tendances. Un espace de libert\u00e9, de mixit\u00e9 et de tol\u00e9rance. Chez Atlantide Sauna vous trouverez les conditions id\u00e9ales pour vos rencontres libertines.\",\"email\":\"infos@atlantide-sauna.com\",\"telephone\":\"0143422243\",\"legalName\":\"ATLANTIDE SAUNA HAMMAM\",\"foundingDate\":\"1999-08-09\",\"vatID\":\"FR39423920370\",\"taxID\":\"42392037000016\",\"numberOfEmployees\":{\"@type\":\"QuantitativeValue\",\"minValue\":\"1\",\"maxValue\":\"10\"}}]}<\/script>\n<!-- \/ Yoast SEO Premium plugin. -->","yoast_head_json":{"title":"Hammam libertin Par\u00eds 12 - Atlantide Sauna","robots":{"index":"index","follow":"follow","max-snippet":"max-snippet:-1","max-image-preview":"max-image-preview:large","max-video-preview":"max-video-preview:-1"},"canonical":"https:\/\/atlantide-sauna.com\/es\/sauna-hammam\/hammam-libertin-paris-12\/","og_locale":"es_ES","og_type":"article","og_title":"Hammam libertin Par\u00eds 12","og_description":"Hammam libertin Par\u00eds 12 La Sauna Atlantide es \u00fanica por ser una sala de vapor libertina en pleno centro de Par\u00eds. Nuestra sauna libertina acoge tanto a parejas como a amantes de los encuentros gay o bi. Ofrecemos un personal acogedor y un ambiente \u00edntimo y relajante. M\u00e1s informaci\u00f3n sobre : Hammam Libertino L&#8217;Atlantide Sauna [&hellip;]","og_url":"https:\/\/atlantide-sauna.com\/es\/sauna-hammam\/hammam-libertin-paris-12\/","og_site_name":"Atlantide Sauna","article_publisher":"https:\/\/www.facebook.com\/profile.php?id=100082829877238","og_image":[{"width":1440,"height":810,"url":"https:\/\/i0.wp.com\/atlantide-sauna.com\/wp-content\/uploads\/2025\/06\/ASH_IMG2025_000.jpg?fit=1440%2C810&ssl=1","type":"image\/jpeg"}],"twitter_card":"summary_large_image","twitter_site":"@atlantidesauna","twitter_misc":{"Tiempo de lectura":"1 minuto"},"schema":{"@context":"https:\/\/schema.org","@graph":[{"@type":"WebPage","@id":"https:\/\/atlantide-sauna.com\/es\/sauna-hammam\/hammam-libertin-paris-12\/","url":"https:\/\/atlantide-sauna.com\/es\/sauna-hammam\/hammam-libertin-paris-12\/","name":"Hammam libertin Par\u00eds 12 - Atlantide Sauna","isPartOf":{"@id":"https:\/\/atlantide-sauna.com\/es\/#website"},"datePublished":"2025-05-22T17:19:44+00:00","breadcrumb":{"@id":"https:\/\/atlantide-sauna.com\/es\/sauna-hammam\/hammam-libertin-paris-12\/#breadcrumb"},"inLanguage":"es","potentialAction":[{"@type":"ReadAction","target":["https:\/\/atlantide-sauna.com\/es\/sauna-hammam\/hammam-libertin-paris-12\/"]}]},{"@type":"BreadcrumbList","@id":"https:\/\/atlantide-sauna.com\/es\/sauna-hammam\/hammam-libertin-paris-12\/#breadcrumb","itemListElement":[{"@type":"ListItem","position":1,"name":"Accueil","item":"https:\/\/atlantide-sauna.com\/es\/inicio\/"},{"@type":"ListItem","position":2,"name":"Sauna Hammam","item":"https:\/\/atlantide-sauna.com\/es\/sauna-hammam\/"},{"@type":"ListItem","position":3,"name":"Hammam libertin Par\u00eds 12"}]},{"@type":"WebSite","@id":"https:\/\/atlantide-sauna.com\/es\/#website","url":"https:\/\/atlantide-sauna.com\/es\/","name":"Atlantide Sauna","description":"Sauna Toutes Tendances Gay Bi Tr**","publisher":{"@id":"https:\/\/atlantide-sauna.com\/es\/#organization"},"alternateName":"Club libertin Atlantide Sauna Paris","potentialAction":[{"@type":"SearchAction","target":{"@type":"EntryPoint","urlTemplate":"https:\/\/atlantide-sauna.com\/es\/?s={search_term_string}"},"query-input":{"@type":"PropertyValueSpecification","valueRequired":true,"valueName":"search_term_string"}}],"inLanguage":"es"},{"@type":"Organization","@id":"https:\/\/atlantide-sauna.com\/es\/#organization","name":"ATLANTIDE SAUNA HAMMAM","alternateName":"ATLANTIDE SAUNA HAMMAM","url":"https:\/\/atlantide-sauna.com\/es\/","logo":{"@type":"ImageObject","inLanguage":"es","@id":"https:\/\/atlantide-sauna.com\/es\/#\/schema\/logo\/image\/","url":"https:\/\/atlantide-sauna.com\/wp-content\/uploads\/2025\/05\/ash_logo_2025_01.svg","contentUrl":"https:\/\/atlantide-sauna.com\/wp-content\/uploads\/2025\/05\/ash_logo_2025_01.svg","width":1,"height":1,"caption":"ATLANTIDE SAUNA HAMMAM"},"image":{"@id":"https:\/\/atlantide-sauna.com\/es\/#\/schema\/logo\/image\/"},"sameAs":["https:\/\/www.facebook.com\/profile.php?id=100082829877238","https:\/\/x.com\/atlantidesauna"],"description":"Sauna hammam toutes tendances. Un espace de libert\u00e9, de mixit\u00e9 et de tol\u00e9rance. Chez Atlantide Sauna vous trouverez les conditions id\u00e9ales pour vos rencontres libertines.","email":"infos@atlantide-sauna.com","telephone":"0143422243","legalName":"ATLANTIDE SAUNA HAMMAM","foundingDate":"1999-08-09","vatID":"FR39423920370","taxID":"42392037000016","numberOfEmployees":{"@type":"QuantitativeValue","minValue":"1","maxValue":"10"}}]}},"jetpack-related-posts":[{"id":4842,"url":"https:\/\/atlantide-sauna.com\/es\/sauna-hammam\/rencontres-libertines-paris-gare-de-lyon\/","url_meta":{"origin":4850,"position":0},"title":"Rencontres libertines Paris Gare de Lyon","author":"Atlantide Sauna","date":"22 de mayo de 2025","format":false,"excerpt":"Encuentros libertinos En la Sauna Atlantide, cerca de la Gare de Lyon, todo est\u00e1 hecho para favorecer tus encuentros libertinos y candaulistas. Disponemos de zonas de relajaci\u00f3n privadas o para grupos, sin olvidar nuestra sauna de alta gama o el hammam alicatado y perfumado. Para facilitar tus encuentros, tienes a\u2026","rel":"","context":"En \u00abSauna Hammam\u00bb","block_context":{"text":"Sauna Hammam","link":"https:\/\/atlantide-sauna.com\/es\/category\/sauna-hammam-es\/"},"img":{"alt_text":"","src":"","width":0,"height":0},"classes":[]},{"id":4876,"url":"https:\/\/atlantide-sauna.com\/es\/sauna-hammam\/resenas-del-club-libertine\/","url_meta":{"origin":4850,"position":1},"title":"Rese\u00f1as del club Libertine","author":"Atlantide Sauna","date":"22 de mayo de 2025","format":false,"excerpt":"En la Sauna Atlantide 13 rue Parrot, cerca de la Gare de Lyon, todo est\u00e1 hecho para favorecer tus encuentros libertinos y tus llamadas al bot\u00edn. Disponemos de zonas de relajaci\u00f3n privadas o para grupos, sin olvidar nuestra sauna de alta gama o la sala de vapor perfumada y alicatada.\u2026","rel":"","context":"En \u00abSauna Hammam\u00bb","block_context":{"text":"Sauna Hammam","link":"https:\/\/atlantide-sauna.com\/es\/category\/sauna-hammam-es\/"},"img":{"alt_text":"","src":"","width":0,"height":0},"classes":[]},{"id":1146,"url":"https:\/\/atlantide-sauna.com\/es\/sauna-hammam\/opinion-sauna-atlantide\/","url_meta":{"origin":4850,"position":2},"title":"Opini\u00f3n sauna atlantide","author":"Atlantide Sauna","date":"22 de mayo de 2025","format":false,"excerpt":"La Sauna Atlantide combina el placer de tus encuentros traviesos con sus lujosas y relajantes instalaciones, todo ello en un ambiente acogedor. M\u00e1s informaci\u00f3n sobre : Sauna Atlantide L'Atlantide Sauna, a tiro de piedra de la Gare de Lyon, es el primer club privado para encuentros libertinos de todo tipo\u2026","rel":"","context":"En \u00abSauna Hammam\u00bb","block_context":{"text":"Sauna Hammam","link":"https:\/\/atlantide-sauna.com\/es\/category\/sauna-hammam-es\/"},"img":{"alt_text":"","src":"","width":0,"height":0},"classes":[]},{"id":5085,"url":"https:\/\/atlantide-sauna.com\/es\/sauna-hammam\/sauna-hammam-pareja-paris\/","url_meta":{"origin":4850,"position":3},"title":"Sauna hammam pareja paris","author":"Atlantide Sauna","date":"22 de mayo de 2025","format":false,"excerpt":"En Atlantide Sauna encontrar\u00e1s las condiciones ideales para tus encuentros libertinos. En el bar, el hammam o la sauna, disfruta de la relajaci\u00f3n en un ambiente agradable. Las zonas de relajaci\u00f3n privadas o colectivas est\u00e1n a tu disposici\u00f3n para que des rienda suelta a tus sentidos. M\u00e1s informaci\u00f3n sobre :\u2026","rel":"","context":"En \u00abSauna Hammam\u00bb","block_context":{"text":"Sauna Hammam","link":"https:\/\/atlantide-sauna.com\/es\/category\/sauna-hammam-es\/"},"img":{"alt_text":"","src":"https:\/\/i0.wp.com\/atlantide-sauna.com\/wp-content\/uploads\/2025\/10\/ASH_IMG2025_014.jpg?fit=1200%2C675&ssl=1&resize=350%2C200","width":350,"height":200,"srcset":"https:\/\/i0.wp.com\/atlantide-sauna.com\/wp-content\/uploads\/2025\/10\/ASH_IMG2025_014.jpg?fit=1200%2C675&ssl=1&resize=350%2C200 1x, https:\/\/i0.wp.com\/atlantide-sauna.com\/wp-content\/uploads\/2025\/10\/ASH_IMG2025_014.jpg?fit=1200%2C675&ssl=1&resize=525%2C300 1.5x, https:\/\/i0.wp.com\/atlantide-sauna.com\/wp-content\/uploads\/2025\/10\/ASH_IMG2025_014.jpg?fit=1200%2C675&ssl=1&resize=700%2C400 2x, https:\/\/i0.wp.com\/atlantide-sauna.com\/wp-content\/uploads\/2025\/10\/ASH_IMG2025_014.jpg?fit=1200%2C675&ssl=1&resize=1050%2C600 3x"},"classes":[]},{"id":4794,"url":"https:\/\/atlantide-sauna.com\/es\/sauna-hammam\/tolerancia-y-etica-al-servicio-de-los-libertinos\/","url_meta":{"origin":4850,"position":4},"title":"Tolerancia y \u00e9tica al servicio de los libertinos","author":"Atlantide Sauna","date":"22 de mayo de 2025","format":false,"excerpt":"Sauna L'Atlantide: tolerancia y \u00e9tica al servicio de los libertinos En Atlantide Sauna Paris 12, encontrar\u00e1s las condiciones ideales para tus encuentros libertinos. En el bar, el hammam o la sauna, disfruta de la relajaci\u00f3n en un ambiente agradable y pansexual. Disponemos de zonas de relajaci\u00f3n privadas o colectivas para\u2026","rel":"","context":"En \u00abSauna Hammam\u00bb","block_context":{"text":"Sauna Hammam","link":"https:\/\/atlantide-sauna.com\/es\/category\/sauna-hammam-es\/"},"img":{"alt_text":"","src":"https:\/\/i0.wp.com\/atlantide-sauna.com\/wp-content\/uploads\/2021\/11\/ASH_IMG2023_09.jpg?fit=1200%2C675&ssl=1&resize=350%2C200","width":350,"height":200,"srcset":"https:\/\/i0.wp.com\/atlantide-sauna.com\/wp-content\/uploads\/2021\/11\/ASH_IMG2023_09.jpg?fit=1200%2C675&ssl=1&resize=350%2C200 1x, https:\/\/i0.wp.com\/atlantide-sauna.com\/wp-content\/uploads\/2021\/11\/ASH_IMG2023_09.jpg?fit=1200%2C675&ssl=1&resize=525%2C300 1.5x, https:\/\/i0.wp.com\/atlantide-sauna.com\/wp-content\/uploads\/2021\/11\/ASH_IMG2023_09.jpg?fit=1200%2C675&ssl=1&resize=700%2C400 2x, https:\/\/i0.wp.com\/atlantide-sauna.com\/wp-content\/uploads\/2021\/11\/ASH_IMG2023_09.jpg?fit=1200%2C675&ssl=1&resize=1050%2C600 3x"},"classes":[]},{"id":722,"url":"https:\/\/atlantide-sauna.com\/es\/","url_meta":{"origin":4850,"position":5},"title":"Bienvenido","author":"Atlantide Sauna","date":"11 de mayo de 2025","format":false,"excerpt":"Atlantide Sauna se fund\u00f3 en 1999 para crear un espacio de libertad, diversidad y tolerancia. En este reservado CLUB, todos tus deseos y fantas\u00edas pueden expresarse en un ambiente respetuoso y amistoso. Sean cuales sean tus or\u00edgenes, cultura, edad o deseos, ser\u00e1s recibido por un personal sonriente, atento y cari\u00f1oso.\u2026","rel":"","context":"Entrada similar","block_context":{"text":"Entrada similar","link":""},"img":{"alt_text":"Atlantide Sauna Paris - Club libertin toutes tendance - Gare de Lyon","src":"https:\/\/i0.wp.com\/atlantide-sauna.com\/wp-content\/uploads\/2025\/06\/ASH_IMG2025_000.jpg?fit=1200%2C675&ssl=1&resize=350%2C200","width":350,"height":200,"srcset":"https:\/\/i0.wp.com\/atlantide-sauna.com\/wp-content\/uploads\/2025\/06\/ASH_IMG2025_000.jpg?fit=1200%2C675&ssl=1&resize=350%2C200 1x, https:\/\/i0.wp.com\/atlantide-sauna.com\/wp-content\/uploads\/2025\/06\/ASH_IMG2025_000.jpg?fit=1200%2C675&ssl=1&resize=525%2C300 1.5x, https:\/\/i0.wp.com\/atlantide-sauna.com\/wp-content\/uploads\/2025\/06\/ASH_IMG2025_000.jpg?fit=1200%2C675&ssl=1&resize=700%2C400 2x, https:\/\/i0.wp.com\/atlantide-sauna.com\/wp-content\/uploads\/2025\/06\/ASH_IMG2025_000.jpg?fit=1200%2C675&ssl=1&resize=1050%2C600 3x"},"classes":[]}],"jetpack_sharing_enabled":true,"_links":{"self":[{"href":"https:\/\/atlantide-sauna.com\/es\/wp-json\/wp\/v2\/pages\/4850","targetHints":{"allow":["GET"]}}],"collection":[{"href":"https:\/\/atlantide-sauna.com\/es\/wp-json\/wp\/v2\/pages"}],"about":[{"href":"https:\/\/atlantide-sauna.com\/es\/wp-json\/wp\/v2\/types\/page"}],"author":[{"embeddable":true,"href":"https:\/\/atlantide-sauna.com\/es\/wp-json\/wp\/v2\/users\/4"}],"replies":[{"embeddable":true,"href":"https:\/\/atlantide-sauna.com\/es\/wp-json\/wp\/v2\/comments?post=4850"}],"version-history":[{"count":0,"href":"https:\/\/atlantide-sauna.com\/es\/wp-json\/wp\/v2\/pages\/4850\/revisions"}],"up":[{"embeddable":true,"href":"https:\/\/atlantide-sauna.com\/es\/wp-json\/wp\/v2\/pages\/1103"}],"wp:attachment":[{"href":"https:\/\/atlantide-sauna.com\/es\/wp-json\/wp\/v2\/media?parent=4850"}],"curies":[{"name":"wp","href":"https:\/\/api.w.org\/{rel}","templated":true}]}}