{"id":4867,"date":"2025-05-22T19:19:44","date_gmt":"2025-05-22T17:19:44","guid":{"rendered":"https:\/\/atlantide-sauna.com\/sauna-hammam\/rencontre-coquines-paris-12\/"},"modified":"2025-05-22T19:19:44","modified_gmt":"2025-05-22T17:19:44","slug":"rencontre-coquines-paris-12","status":"publish","type":"page","link":"https:\/\/atlantide-sauna.com\/es\/sauna-hammam\/rencontre-coquines-paris-12\/","title":{"rendered":"Rencontre coquines Par\u00eds 12"},"content":{"rendered":"<h1>Rencontre coquines Par\u00eds 12<\/h1>\n<p class=\"chapo\">Si te va el libertinaje pansexual y el candaulismo, ahora tienes un lugar donde reunirte en Par\u00eds, cerca de la Gare de Lyon: Atlantide Sauna. Abierta 7 d\u00edas a la semana, somos una sauna hammam mixta donde la cortes\u00eda y la tolerancia son la norma. En nuestro club de sexo libertino, disfrutar\u00e1s de un ambiente silencioso y perfumado.  <\/p>\n<p id=\"cta\">M\u00e1s informaci\u00f3n sobre : <a href=\"http:\/\/www.atlantide-sauna.com\/\">Citas traviesas<\/a><\/p>\n<p>L&#8217;Atlantide Sauna es \u00fanica en el este de Par\u00eds por acoger a todos aquellos que hacen de la sexualidad un arte de vivir, independientemente de su orientaci\u00f3n o pr\u00e1cticas sexuales. La tolerancia es nuestra consigna, ya que tanto los encuentros heterosexuales curiosos como los encuentros homosexuales o transexuales son igualmente bienvenidos. Nuestro club privado tambi\u00e9n se rige por la delicadeza y la correcci\u00f3n.  <\/p>\n<h2>La Sauna Atl\u00e1ntida: un lugar de libertinaje, tolerancia y saber vivir.<\/h2>\n<p>La Sauna Atlantide de Par\u00eds es el marco ideal para tus encuentros swinger pansexuales y candaulistas. Encontrar\u00e1s un ambiente c\u00e1lido y elegante, perfecto para intercambios \u00edntimos. Para tus acercamientos y para hacer el amor, puedes elegir entre el relajante hammam, la sauna o las salas de v\u00eddeo colectivas.  <\/p>\n<p id=\"nl\">Otras b\u00fasquedas : <a href=\"http:\/\/www.atlantide-sauna.com\/sauna-hammam\/club-sauna-melangiste-paris\">Club sauna m\u00e9langiste Paris<\/a>, <a href=\"http:\/\/www.atlantide-sauna.com\/sauna-hammam\/jacuzzi-libertin\">libertine Jacuzzi<\/a>, <a href=\"http:\/\/www.atlantide-sauna.com\/sauna-hammam\/sauna-region-parisienne\">Sauna Paris Area<\/a>.<\/p>\n","protected":false},"excerpt":{"rendered":"<p>Rencontre coquines Par\u00eds 12 Si te va el libertinaje pansexual y el candaulismo, ahora tienes un lugar donde reunirte en Par\u00eds, cerca de la Gare de Lyon: Atlantide Sauna. Abierta 7 d\u00edas a la semana, somos una sauna hammam mixta donde la cortes\u00eda y la tolerancia son la norma. En nuestro club de sexo libertino, [&hellip;]<\/p>\n","protected":false},"author":4,"featured_media":0,"parent":1103,"menu_order":26,"comment_status":"closed","ping_status":"closed","template":"","meta":{"footnotes":""},"class_list":["post-4867","page","type-page","status-publish","hentry"],"yoast_head":"<!-- This site is optimized with the Yoast SEO Premium plugin v27.5 (Yoast SEO v27.5) - https:\/\/yoast.com\/product\/yoast-seo-premium-wordpress\/ -->\n<title>Rencontre coquines Par\u00eds 12 - Atlantide Sauna<\/title>\n<meta name=\"robots\" content=\"index, follow, max-snippet:-1, max-image-preview:large, max-video-preview:-1\" \/>\n<link rel=\"canonical\" href=\"https:\/\/atlantide-sauna.com\/es\/sauna-hammam\/rencontre-coquines-paris-12\/\" \/>\n<meta property=\"og:locale\" content=\"es_ES\" \/>\n<meta property=\"og:type\" content=\"article\" \/>\n<meta property=\"og:title\" content=\"Rencontre coquines Par\u00eds 12\" \/>\n<meta property=\"og:description\" content=\"Rencontre coquines Par\u00eds 12 Si te va el libertinaje pansexual y el candaulismo, ahora tienes un lugar donde reunirte en Par\u00eds, cerca de la Gare de Lyon: Atlantide Sauna. Abierta 7 d\u00edas a la semana, somos una sauna hammam mixta donde la cortes\u00eda y la tolerancia son la norma. En nuestro club de sexo libertino, [&hellip;]\" \/>\n<meta property=\"og:url\" content=\"https:\/\/atlantide-sauna.com\/es\/sauna-hammam\/rencontre-coquines-paris-12\/\" \/>\n<meta property=\"og:site_name\" content=\"Atlantide Sauna\" \/>\n<meta property=\"article:publisher\" content=\"https:\/\/www.facebook.com\/profile.php?id=100082829877238\" \/>\n<meta property=\"og:image\" content=\"https:\/\/i0.wp.com\/atlantide-sauna.com\/wp-content\/uploads\/2025\/06\/ASH_IMG2025_000.jpg?fit=1440%2C810&ssl=1\" \/>\n\t<meta property=\"og:image:width\" content=\"1440\" \/>\n\t<meta property=\"og:image:height\" content=\"810\" \/>\n\t<meta property=\"og:image:type\" content=\"image\/jpeg\" \/>\n<meta name=\"twitter:card\" content=\"summary_large_image\" \/>\n<meta name=\"twitter:site\" content=\"@atlantidesauna\" \/>\n<meta name=\"twitter:label1\" content=\"Tiempo de lectura\" \/>\n\t<meta name=\"twitter:data1\" content=\"1 minuto\" \/>\n<script type=\"application\/ld+json\" class=\"yoast-schema-graph\">{\"@context\":\"https:\\\/\\\/schema.org\",\"@graph\":[{\"@type\":\"WebPage\",\"@id\":\"https:\\\/\\\/atlantide-sauna.com\\\/es\\\/sauna-hammam\\\/rencontre-coquines-paris-12\\\/\",\"url\":\"https:\\\/\\\/atlantide-sauna.com\\\/es\\\/sauna-hammam\\\/rencontre-coquines-paris-12\\\/\",\"name\":\"Rencontre coquines Par\u00eds 12 - Atlantide Sauna\",\"isPartOf\":{\"@id\":\"https:\\\/\\\/atlantide-sauna.com\\\/es\\\/#website\"},\"datePublished\":\"2025-05-22T17:19:44+00:00\",\"breadcrumb\":{\"@id\":\"https:\\\/\\\/atlantide-sauna.com\\\/es\\\/sauna-hammam\\\/rencontre-coquines-paris-12\\\/#breadcrumb\"},\"inLanguage\":\"es\",\"potentialAction\":[{\"@type\":\"ReadAction\",\"target\":[\"https:\\\/\\\/atlantide-sauna.com\\\/es\\\/sauna-hammam\\\/rencontre-coquines-paris-12\\\/\"]}]},{\"@type\":\"BreadcrumbList\",\"@id\":\"https:\\\/\\\/atlantide-sauna.com\\\/es\\\/sauna-hammam\\\/rencontre-coquines-paris-12\\\/#breadcrumb\",\"itemListElement\":[{\"@type\":\"ListItem\",\"position\":1,\"name\":\"Accueil\",\"item\":\"https:\\\/\\\/atlantide-sauna.com\\\/es\\\/inicio\\\/\"},{\"@type\":\"ListItem\",\"position\":2,\"name\":\"Sauna Hammam\",\"item\":\"https:\\\/\\\/atlantide-sauna.com\\\/es\\\/sauna-hammam\\\/\"},{\"@type\":\"ListItem\",\"position\":3,\"name\":\"Rencontre coquines Par\u00eds 12\"}]},{\"@type\":\"WebSite\",\"@id\":\"https:\\\/\\\/atlantide-sauna.com\\\/es\\\/#website\",\"url\":\"https:\\\/\\\/atlantide-sauna.com\\\/es\\\/\",\"name\":\"Atlantide Sauna\",\"description\":\"Sauna Toutes Tendances Gay Bi Tr**\",\"publisher\":{\"@id\":\"https:\\\/\\\/atlantide-sauna.com\\\/es\\\/#organization\"},\"alternateName\":\"Club libertin Atlantide Sauna Paris\",\"potentialAction\":[{\"@type\":\"SearchAction\",\"target\":{\"@type\":\"EntryPoint\",\"urlTemplate\":\"https:\\\/\\\/atlantide-sauna.com\\\/es\\\/?s={search_term_string}\"},\"query-input\":{\"@type\":\"PropertyValueSpecification\",\"valueRequired\":true,\"valueName\":\"search_term_string\"}}],\"inLanguage\":\"es\"},{\"@type\":\"Organization\",\"@id\":\"https:\\\/\\\/atlantide-sauna.com\\\/es\\\/#organization\",\"name\":\"ATLANTIDE SAUNA HAMMAM\",\"alternateName\":\"ATLANTIDE SAUNA HAMMAM\",\"url\":\"https:\\\/\\\/atlantide-sauna.com\\\/es\\\/\",\"logo\":{\"@type\":\"ImageObject\",\"inLanguage\":\"es\",\"@id\":\"https:\\\/\\\/atlantide-sauna.com\\\/es\\\/#\\\/schema\\\/logo\\\/image\\\/\",\"url\":\"https:\\\/\\\/atlantide-sauna.com\\\/wp-content\\\/uploads\\\/2025\\\/05\\\/ash_logo_2025_01.svg\",\"contentUrl\":\"https:\\\/\\\/atlantide-sauna.com\\\/wp-content\\\/uploads\\\/2025\\\/05\\\/ash_logo_2025_01.svg\",\"width\":1,\"height\":1,\"caption\":\"ATLANTIDE SAUNA HAMMAM\"},\"image\":{\"@id\":\"https:\\\/\\\/atlantide-sauna.com\\\/es\\\/#\\\/schema\\\/logo\\\/image\\\/\"},\"sameAs\":[\"https:\\\/\\\/www.facebook.com\\\/profile.php?id=100082829877238\",\"https:\\\/\\\/x.com\\\/atlantidesauna\"],\"description\":\"Sauna hammam toutes tendances. Un espace de libert\u00e9, de mixit\u00e9 et de tol\u00e9rance. Chez Atlantide Sauna vous trouverez les conditions id\u00e9ales pour vos rencontres libertines.\",\"email\":\"infos@atlantide-sauna.com\",\"telephone\":\"0143422243\",\"legalName\":\"ATLANTIDE SAUNA HAMMAM\",\"foundingDate\":\"1999-08-09\",\"vatID\":\"FR39423920370\",\"taxID\":\"42392037000016\",\"numberOfEmployees\":{\"@type\":\"QuantitativeValue\",\"minValue\":\"1\",\"maxValue\":\"10\"}}]}<\/script>\n<!-- \/ Yoast SEO Premium plugin. -->","yoast_head_json":{"title":"Rencontre coquines Par\u00eds 12 - Atlantide Sauna","robots":{"index":"index","follow":"follow","max-snippet":"max-snippet:-1","max-image-preview":"max-image-preview:large","max-video-preview":"max-video-preview:-1"},"canonical":"https:\/\/atlantide-sauna.com\/es\/sauna-hammam\/rencontre-coquines-paris-12\/","og_locale":"es_ES","og_type":"article","og_title":"Rencontre coquines Par\u00eds 12","og_description":"Rencontre coquines Par\u00eds 12 Si te va el libertinaje pansexual y el candaulismo, ahora tienes un lugar donde reunirte en Par\u00eds, cerca de la Gare de Lyon: Atlantide Sauna. Abierta 7 d\u00edas a la semana, somos una sauna hammam mixta donde la cortes\u00eda y la tolerancia son la norma. En nuestro club de sexo libertino, [&hellip;]","og_url":"https:\/\/atlantide-sauna.com\/es\/sauna-hammam\/rencontre-coquines-paris-12\/","og_site_name":"Atlantide Sauna","article_publisher":"https:\/\/www.facebook.com\/profile.php?id=100082829877238","og_image":[{"width":1440,"height":810,"url":"https:\/\/i0.wp.com\/atlantide-sauna.com\/wp-content\/uploads\/2025\/06\/ASH_IMG2025_000.jpg?fit=1440%2C810&ssl=1","type":"image\/jpeg"}],"twitter_card":"summary_large_image","twitter_site":"@atlantidesauna","twitter_misc":{"Tiempo de lectura":"1 minuto"},"schema":{"@context":"https:\/\/schema.org","@graph":[{"@type":"WebPage","@id":"https:\/\/atlantide-sauna.com\/es\/sauna-hammam\/rencontre-coquines-paris-12\/","url":"https:\/\/atlantide-sauna.com\/es\/sauna-hammam\/rencontre-coquines-paris-12\/","name":"Rencontre coquines Par\u00eds 12 - Atlantide Sauna","isPartOf":{"@id":"https:\/\/atlantide-sauna.com\/es\/#website"},"datePublished":"2025-05-22T17:19:44+00:00","breadcrumb":{"@id":"https:\/\/atlantide-sauna.com\/es\/sauna-hammam\/rencontre-coquines-paris-12\/#breadcrumb"},"inLanguage":"es","potentialAction":[{"@type":"ReadAction","target":["https:\/\/atlantide-sauna.com\/es\/sauna-hammam\/rencontre-coquines-paris-12\/"]}]},{"@type":"BreadcrumbList","@id":"https:\/\/atlantide-sauna.com\/es\/sauna-hammam\/rencontre-coquines-paris-12\/#breadcrumb","itemListElement":[{"@type":"ListItem","position":1,"name":"Accueil","item":"https:\/\/atlantide-sauna.com\/es\/inicio\/"},{"@type":"ListItem","position":2,"name":"Sauna Hammam","item":"https:\/\/atlantide-sauna.com\/es\/sauna-hammam\/"},{"@type":"ListItem","position":3,"name":"Rencontre coquines Par\u00eds 12"}]},{"@type":"WebSite","@id":"https:\/\/atlantide-sauna.com\/es\/#website","url":"https:\/\/atlantide-sauna.com\/es\/","name":"Atlantide Sauna","description":"Sauna Toutes Tendances Gay Bi Tr**","publisher":{"@id":"https:\/\/atlantide-sauna.com\/es\/#organization"},"alternateName":"Club libertin Atlantide Sauna Paris","potentialAction":[{"@type":"SearchAction","target":{"@type":"EntryPoint","urlTemplate":"https:\/\/atlantide-sauna.com\/es\/?s={search_term_string}"},"query-input":{"@type":"PropertyValueSpecification","valueRequired":true,"valueName":"search_term_string"}}],"inLanguage":"es"},{"@type":"Organization","@id":"https:\/\/atlantide-sauna.com\/es\/#organization","name":"ATLANTIDE SAUNA HAMMAM","alternateName":"ATLANTIDE SAUNA HAMMAM","url":"https:\/\/atlantide-sauna.com\/es\/","logo":{"@type":"ImageObject","inLanguage":"es","@id":"https:\/\/atlantide-sauna.com\/es\/#\/schema\/logo\/image\/","url":"https:\/\/atlantide-sauna.com\/wp-content\/uploads\/2025\/05\/ash_logo_2025_01.svg","contentUrl":"https:\/\/atlantide-sauna.com\/wp-content\/uploads\/2025\/05\/ash_logo_2025_01.svg","width":1,"height":1,"caption":"ATLANTIDE SAUNA HAMMAM"},"image":{"@id":"https:\/\/atlantide-sauna.com\/es\/#\/schema\/logo\/image\/"},"sameAs":["https:\/\/www.facebook.com\/profile.php?id=100082829877238","https:\/\/x.com\/atlantidesauna"],"description":"Sauna hammam toutes tendances. Un espace de libert\u00e9, de mixit\u00e9 et de tol\u00e9rance. Chez Atlantide Sauna vous trouverez les conditions id\u00e9ales pour vos rencontres libertines.","email":"infos@atlantide-sauna.com","telephone":"0143422243","legalName":"ATLANTIDE SAUNA HAMMAM","foundingDate":"1999-08-09","vatID":"FR39423920370","taxID":"42392037000016","numberOfEmployees":{"@type":"QuantitativeValue","minValue":"1","maxValue":"10"}}]}},"jetpack-related-posts":[{"id":4871,"url":"https:\/\/atlantide-sauna.com\/es\/sauna-hammam\/club-bisexual-y-travesti-paris-cerca-de-la-gare-de-lyon\/","url_meta":{"origin":4867,"position":0},"title":"Club bisexual y travesti Par\u00eds cerca de la Gare de Lyon","author":"Atlantide Sauna","date":"22 de mayo de 2025","format":false,"excerpt":"Club de bisexuales y travestis en Par\u00eds 12 La Sauna Atl\u00e1ntida es \u00fanica por ser una sala de vapor libertina en pleno centro de Par\u00eds. Nuestra sauna libertina de Par\u00eds Gare de Lyon acoge tanto a parejas como a amantes de los encuentros con travestis y transexuales bisexuales, heterosexuales curiosos\u2026","rel":"","context":"En \u00abSauna Hammam\u00bb","block_context":{"text":"Sauna Hammam","link":"https:\/\/atlantide-sauna.com\/es\/category\/sauna-hammam-es\/"},"img":{"alt_text":"","src":"","width":0,"height":0},"classes":[]},{"id":4794,"url":"https:\/\/atlantide-sauna.com\/es\/sauna-hammam\/tolerancia-y-etica-al-servicio-de-los-libertinos\/","url_meta":{"origin":4867,"position":1},"title":"Tolerancia y \u00e9tica al servicio de los libertinos","author":"Atlantide Sauna","date":"22 de mayo de 2025","format":false,"excerpt":"Sauna L'Atlantide: tolerancia y \u00e9tica al servicio de los libertinos En Atlantide Sauna Paris 12, encontrar\u00e1s las condiciones ideales para tus encuentros libertinos. En el bar, el hammam o la sauna, disfruta de la relajaci\u00f3n en un ambiente agradable y pansexual. Disponemos de zonas de relajaci\u00f3n privadas o colectivas para\u2026","rel":"","context":"En \u00abSauna Hammam\u00bb","block_context":{"text":"Sauna Hammam","link":"https:\/\/atlantide-sauna.com\/es\/category\/sauna-hammam-es\/"},"img":{"alt_text":"","src":"https:\/\/i0.wp.com\/atlantide-sauna.com\/wp-content\/uploads\/2021\/11\/ASH_IMG2023_09.jpg?fit=1200%2C675&ssl=1&resize=350%2C200","width":350,"height":200,"srcset":"https:\/\/i0.wp.com\/atlantide-sauna.com\/wp-content\/uploads\/2021\/11\/ASH_IMG2023_09.jpg?fit=1200%2C675&ssl=1&resize=350%2C200 1x, https:\/\/i0.wp.com\/atlantide-sauna.com\/wp-content\/uploads\/2021\/11\/ASH_IMG2023_09.jpg?fit=1200%2C675&ssl=1&resize=525%2C300 1.5x, https:\/\/i0.wp.com\/atlantide-sauna.com\/wp-content\/uploads\/2021\/11\/ASH_IMG2023_09.jpg?fit=1200%2C675&ssl=1&resize=700%2C400 2x, https:\/\/i0.wp.com\/atlantide-sauna.com\/wp-content\/uploads\/2021\/11\/ASH_IMG2023_09.jpg?fit=1200%2C675&ssl=1&resize=1050%2C600 3x"},"classes":[]},{"id":722,"url":"https:\/\/atlantide-sauna.com\/es\/","url_meta":{"origin":4867,"position":2},"title":"Bienvenido","author":"Atlantide Sauna","date":"11 de mayo de 2025","format":false,"excerpt":"Atlantide Sauna se fund\u00f3 en 1999 para crear un espacio de libertad, diversidad y tolerancia. En este reservado CLUB, todos tus deseos y fantas\u00edas pueden expresarse en un ambiente respetuoso y amistoso. Sean cuales sean tus or\u00edgenes, cultura, edad o deseos, ser\u00e1s recibido por un personal sonriente, atento y cari\u00f1oso.\u2026","rel":"","context":"Entrada similar","block_context":{"text":"Entrada similar","link":""},"img":{"alt_text":"Atlantide Sauna Paris - Club libertin toutes tendance - Gare de Lyon","src":"https:\/\/i0.wp.com\/atlantide-sauna.com\/wp-content\/uploads\/2025\/06\/ASH_IMG2025_000.jpg?fit=1200%2C675&ssl=1&resize=350%2C200","width":350,"height":200,"srcset":"https:\/\/i0.wp.com\/atlantide-sauna.com\/wp-content\/uploads\/2025\/06\/ASH_IMG2025_000.jpg?fit=1200%2C675&ssl=1&resize=350%2C200 1x, https:\/\/i0.wp.com\/atlantide-sauna.com\/wp-content\/uploads\/2025\/06\/ASH_IMG2025_000.jpg?fit=1200%2C675&ssl=1&resize=525%2C300 1.5x, https:\/\/i0.wp.com\/atlantide-sauna.com\/wp-content\/uploads\/2025\/06\/ASH_IMG2025_000.jpg?fit=1200%2C675&ssl=1&resize=700%2C400 2x, https:\/\/i0.wp.com\/atlantide-sauna.com\/wp-content\/uploads\/2025\/06\/ASH_IMG2025_000.jpg?fit=1200%2C675&ssl=1&resize=1050%2C600 3x"},"classes":[]},{"id":4876,"url":"https:\/\/atlantide-sauna.com\/es\/sauna-hammam\/resenas-del-club-libertine\/","url_meta":{"origin":4867,"position":3},"title":"Rese\u00f1as del club Libertine","author":"Atlantide Sauna","date":"22 de mayo de 2025","format":false,"excerpt":"En la Sauna Atlantide 13 rue Parrot, cerca de la Gare de Lyon, todo est\u00e1 hecho para favorecer tus encuentros libertinos y tus llamadas al bot\u00edn. Disponemos de zonas de relajaci\u00f3n privadas o para grupos, sin olvidar nuestra sauna de alta gama o la sala de vapor perfumada y alicatada.\u2026","rel":"","context":"En \u00abSauna Hammam\u00bb","block_context":{"text":"Sauna Hammam","link":"https:\/\/atlantide-sauna.com\/es\/category\/sauna-hammam-es\/"},"img":{"alt_text":"","src":"","width":0,"height":0},"classes":[]},{"id":1121,"url":"https:\/\/atlantide-sauna.com\/es\/sauna-hammam\/atlantis\/","url_meta":{"origin":4867,"position":4},"title":"Atlantide Sauna Par\u00eds","author":"Atlantide Sauna","date":"25 de noviembre de 2014","format":false,"excerpt":"L'Atlantide Sauna es un hammam y sauna mixto de Par\u00eds, meca del libertinaje, en un esp\u00edritu de tolerancia y respeto a todas las sexualidades. L'Atlantide Sauna ha hecho todo lo posible para satisfacer tus fantas\u00edas sexuales m\u00e1s diversas y favorecer los encuentros entre libertinos, ya sean parejas homosexuales o heterosexuales.\u2026","rel":"","context":"En \u00abSauna Hammam\u00bb","block_context":{"text":"Sauna Hammam","link":"https:\/\/atlantide-sauna.com\/es\/category\/sauna-hammam-es\/"},"img":{"alt_text":"Atlantide Sauna Paris","src":"https:\/\/i0.wp.com\/atlantide-sauna.com\/wp-content\/uploads\/2025\/05\/ASH_IMG2023_03-e1748970792165.jpg?fit=1200%2C675&ssl=1&resize=350%2C200","width":350,"height":200,"srcset":"https:\/\/i0.wp.com\/atlantide-sauna.com\/wp-content\/uploads\/2025\/05\/ASH_IMG2023_03-e1748970792165.jpg?fit=1200%2C675&ssl=1&resize=350%2C200 1x, https:\/\/i0.wp.com\/atlantide-sauna.com\/wp-content\/uploads\/2025\/05\/ASH_IMG2023_03-e1748970792165.jpg?fit=1200%2C675&ssl=1&resize=525%2C300 1.5x, https:\/\/i0.wp.com\/atlantide-sauna.com\/wp-content\/uploads\/2025\/05\/ASH_IMG2023_03-e1748970792165.jpg?fit=1200%2C675&ssl=1&resize=700%2C400 2x, https:\/\/i0.wp.com\/atlantide-sauna.com\/wp-content\/uploads\/2025\/05\/ASH_IMG2023_03-e1748970792165.jpg?fit=1200%2C675&ssl=1&resize=1050%2C600 3x"},"classes":[]},{"id":4787,"url":"https:\/\/atlantide-sauna.com\/es\/sauna-hammam\/club-backroom-glory-holes-sling-croix-de-st-andre-paris\/","url_meta":{"origin":4867,"position":5},"title":"Club Backroom Glory Holes Sling Croix de st Andr\u00e9 Par\u00eds","author":"Atlantide Sauna","date":"22 de mayo de 2025","format":false,"excerpt":"Club Libertin Trastienda Glory Holes Sling Croix de St Andr\u00e9 en Par\u00eds 12 La tolerancia y la diversidad de orientaciones sexuales son las se\u00f1as de identidad de Atlantide Sauna, donde puedes organizar tus citas sexuales en un ambiente relajado, cerca de la Gare de Lyon, mientras conoces a gente que\u2026","rel":"","context":"En \u00abSauna Hammam\u00bb","block_context":{"text":"Sauna Hammam","link":"https:\/\/atlantide-sauna.com\/es\/category\/sauna-hammam-es\/"},"img":{"alt_text":"Sling Backroom Croix de St  Andr\u00e9","src":"https:\/\/i0.wp.com\/atlantide-sauna.com\/wp-content\/uploads\/2025\/06\/ASH_IMG2025_014-1.jpg?fit=1200%2C675&ssl=1&resize=350%2C200","width":350,"height":200,"srcset":"https:\/\/i0.wp.com\/atlantide-sauna.com\/wp-content\/uploads\/2025\/06\/ASH_IMG2025_014-1.jpg?fit=1200%2C675&ssl=1&resize=350%2C200 1x, https:\/\/i0.wp.com\/atlantide-sauna.com\/wp-content\/uploads\/2025\/06\/ASH_IMG2025_014-1.jpg?fit=1200%2C675&ssl=1&resize=525%2C300 1.5x, https:\/\/i0.wp.com\/atlantide-sauna.com\/wp-content\/uploads\/2025\/06\/ASH_IMG2025_014-1.jpg?fit=1200%2C675&ssl=1&resize=700%2C400 2x, https:\/\/i0.wp.com\/atlantide-sauna.com\/wp-content\/uploads\/2025\/06\/ASH_IMG2025_014-1.jpg?fit=1200%2C675&ssl=1&resize=1050%2C600 3x"},"classes":[]}],"jetpack_sharing_enabled":true,"_links":{"self":[{"href":"https:\/\/atlantide-sauna.com\/es\/wp-json\/wp\/v2\/pages\/4867","targetHints":{"allow":["GET"]}}],"collection":[{"href":"https:\/\/atlantide-sauna.com\/es\/wp-json\/wp\/v2\/pages"}],"about":[{"href":"https:\/\/atlantide-sauna.com\/es\/wp-json\/wp\/v2\/types\/page"}],"author":[{"embeddable":true,"href":"https:\/\/atlantide-sauna.com\/es\/wp-json\/wp\/v2\/users\/4"}],"replies":[{"embeddable":true,"href":"https:\/\/atlantide-sauna.com\/es\/wp-json\/wp\/v2\/comments?post=4867"}],"version-history":[{"count":0,"href":"https:\/\/atlantide-sauna.com\/es\/wp-json\/wp\/v2\/pages\/4867\/revisions"}],"up":[{"embeddable":true,"href":"https:\/\/atlantide-sauna.com\/es\/wp-json\/wp\/v2\/pages\/1103"}],"wp:attachment":[{"href":"https:\/\/atlantide-sauna.com\/es\/wp-json\/wp\/v2\/media?parent=4867"}],"curies":[{"name":"wp","href":"https:\/\/api.w.org\/{rel}","templated":true}]}}