{"id":4871,"date":"2025-05-22T19:19:45","date_gmt":"2025-05-22T17:19:45","guid":{"rendered":"https:\/\/atlantide-sauna.com\/sauna-hammam\/club-bisexual-y-travesti-paris-cerca-de-la-gare-de-lyon\/"},"modified":"2025-05-22T19:19:45","modified_gmt":"2025-05-22T17:19:45","slug":"club-bisexual-y-travesti-paris-cerca-de-la-gare-de-lyon","status":"publish","type":"page","link":"https:\/\/atlantide-sauna.com\/es\/sauna-hammam\/club-bisexual-y-travesti-paris-cerca-de-la-gare-de-lyon\/","title":{"rendered":"Club bisexual y travesti Par\u00eds cerca de la Gare de Lyon"},"content":{"rendered":"<h2>Club de bisexuales y travestis en Par\u00eds 12<\/h2>\n<p class=\"chapo\">La Sauna Atl\u00e1ntida es \u00fanica por ser una sala de vapor libertina en pleno centro de Par\u00eds. Nuestra sauna libertina de Par\u00eds Gare de Lyon acoge tanto a parejas como a amantes de los encuentros con travestis y transexuales bisexuales, heterosexuales curiosos u homosexuales. Ofrecemos un personal acogedor y un ambiente \u00edntimo y relajante.  <\/p>\n<p id=\"cta\">M\u00e1s informaci\u00f3n sobre : <a href=\"http:\/\/www.atlantide-sauna.com\/\">Club Bisexual y Travesti Par\u00eds 12<\/a><\/p>\n<p>En el este de Par\u00eds, Atlantide Sauna 13 rue Parrot Par\u00eds 12 es el punto de encuentro de libertinos de todas las tendencias. Somos un club amistoso y privado, tanto para parejas heterosexuales como para hombres homosexuales. Desde un simple intercambio hasta la sexualidad m\u00e1s atrevida, todo es posible en el club pansexual Atlantide.  <\/p>\n<h2>La Sauna Atl\u00e1ntida: un lugar de libertinaje, tolerancia y saber vivir.<\/h2>\n<p>El libertinaje necesita lugares acogedores, abiertos y libres de tab\u00faes para expresarse y propiciar encuentros sensuales entre heterosexuales, gays, bisexuales y pansexuales, solos o en pareja. L&#8217;Atlantide Sauna es uno de esos lugares, que ofrece una amplia gama de actividades libertinas. Sin embargo, es un lugar donde reina la \u00e9tica, con normas de cortes\u00eda. Respeto a los dem\u00e1s, y en particular a las mujeres solteras. La Sauna Atlantide es el lugar ideal para un planQ entre las doce y las dos.    <\/p>\n<p id=\"nl\">Otras b\u00fasquedas: <a href=\"http:\/\/www.atlantide-sauna.com\/sauna-hammam\/jacuzzi-libertin\">Jacuzzi libertin<\/a>, <a href=\"http:\/\/www.atlantide-sauna.com\/sauna-hammam\/rencontre-echangiste\">Swinger dating<\/a>, <a href=\"http:\/\/www.atlantide-sauna.com\/sauna-hammam\/club-rencontres-couples-libertins-paris\">Club rencontres couples libertins paris<\/a>.<\/p>\n","protected":false},"excerpt":{"rendered":"<p>Club de bisexuales y travestis en Par\u00eds 12 La Sauna Atl\u00e1ntida es \u00fanica por ser una sala de vapor libertina en pleno centro de Par\u00eds. Nuestra sauna libertina de Par\u00eds Gare de Lyon acoge tanto a parejas como a amantes de los encuentros con travestis y transexuales bisexuales, heterosexuales curiosos u homosexuales. Ofrecemos un personal [&hellip;]<\/p>\n","protected":false},"author":4,"featured_media":0,"parent":1103,"menu_order":7,"comment_status":"closed","ping_status":"closed","template":"","meta":{"footnotes":""},"class_list":["post-4871","page","type-page","status-publish","hentry"],"yoast_head":"<!-- This site is optimized with the Yoast SEO Premium plugin v27.5 (Yoast SEO v27.5) - https:\/\/yoast.com\/product\/yoast-seo-premium-wordpress\/ -->\n<title>Libertinaje, tolerancia y saber vivir en Atlantide - Atlantide Sauna<\/title>\n<meta name=\"description\" content=\"Ven a explorar los valores del libertinaje, la tolerancia y el savoir vivre en la Sauna Atl\u00e1ntida, un espacio \u00edntimo de Par\u00eds.\" \/>\n<meta name=\"robots\" content=\"index, follow, max-snippet:-1, max-image-preview:large, max-video-preview:-1\" \/>\n<link rel=\"canonical\" href=\"https:\/\/atlantide-sauna.com\/es\/sauna-hammam\/club-bisexual-y-travesti-paris-cerca-de-la-gare-de-lyon\/\" \/>\n<meta property=\"og:locale\" content=\"es_ES\" \/>\n<meta property=\"og:type\" content=\"article\" \/>\n<meta property=\"og:title\" content=\"Club bisexual y travesti Par\u00eds cerca de la Gare de Lyon\" \/>\n<meta property=\"og:description\" content=\"Ven a explorar los valores del libertinaje, la tolerancia y el savoir vivre en la Sauna Atl\u00e1ntida, un espacio \u00edntimo de Par\u00eds.\" \/>\n<meta property=\"og:url\" content=\"https:\/\/atlantide-sauna.com\/es\/sauna-hammam\/club-bisexual-y-travesti-paris-cerca-de-la-gare-de-lyon\/\" \/>\n<meta property=\"og:site_name\" content=\"Atlantide Sauna\" \/>\n<meta property=\"article:publisher\" content=\"https:\/\/www.facebook.com\/profile.php?id=100082829877238\" \/>\n<meta property=\"og:image\" content=\"https:\/\/i0.wp.com\/atlantide-sauna.com\/wp-content\/uploads\/2025\/06\/ASH_IMG2025_000.jpg?fit=1440%2C810&ssl=1\" \/>\n\t<meta property=\"og:image:width\" content=\"1440\" \/>\n\t<meta property=\"og:image:height\" content=\"810\" \/>\n\t<meta property=\"og:image:type\" content=\"image\/jpeg\" \/>\n<meta name=\"twitter:card\" content=\"summary_large_image\" \/>\n<meta name=\"twitter:site\" content=\"@atlantidesauna\" \/>\n<meta name=\"twitter:label1\" content=\"Tiempo de lectura\" \/>\n\t<meta name=\"twitter:data1\" content=\"1 minuto\" \/>\n<script type=\"application\/ld+json\" class=\"yoast-schema-graph\">{\"@context\":\"https:\\\/\\\/schema.org\",\"@graph\":[{\"@type\":\"WebPage\",\"@id\":\"https:\\\/\\\/atlantide-sauna.com\\\/es\\\/sauna-hammam\\\/club-bisexual-y-travesti-paris-cerca-de-la-gare-de-lyon\\\/\",\"url\":\"https:\\\/\\\/atlantide-sauna.com\\\/es\\\/sauna-hammam\\\/club-bisexual-y-travesti-paris-cerca-de-la-gare-de-lyon\\\/\",\"name\":\"Libertinaje, tolerancia y saber vivir en Atlantide - Atlantide Sauna\",\"isPartOf\":{\"@id\":\"https:\\\/\\\/atlantide-sauna.com\\\/es\\\/#website\"},\"datePublished\":\"2025-05-22T17:19:45+00:00\",\"description\":\"Ven a explorar los valores del libertinaje, la tolerancia y el savoir vivre en la Sauna Atl\u00e1ntida, un espacio \u00edntimo de Par\u00eds.\",\"breadcrumb\":{\"@id\":\"https:\\\/\\\/atlantide-sauna.com\\\/es\\\/sauna-hammam\\\/club-bisexual-y-travesti-paris-cerca-de-la-gare-de-lyon\\\/#breadcrumb\"},\"inLanguage\":\"es\",\"potentialAction\":[{\"@type\":\"ReadAction\",\"target\":[\"https:\\\/\\\/atlantide-sauna.com\\\/es\\\/sauna-hammam\\\/club-bisexual-y-travesti-paris-cerca-de-la-gare-de-lyon\\\/\"]}]},{\"@type\":\"BreadcrumbList\",\"@id\":\"https:\\\/\\\/atlantide-sauna.com\\\/es\\\/sauna-hammam\\\/club-bisexual-y-travesti-paris-cerca-de-la-gare-de-lyon\\\/#breadcrumb\",\"itemListElement\":[{\"@type\":\"ListItem\",\"position\":1,\"name\":\"Accueil\",\"item\":\"https:\\\/\\\/atlantide-sauna.com\\\/es\\\/inicio\\\/\"},{\"@type\":\"ListItem\",\"position\":2,\"name\":\"Sauna Hammam\",\"item\":\"https:\\\/\\\/atlantide-sauna.com\\\/es\\\/sauna-hammam\\\/\"},{\"@type\":\"ListItem\",\"position\":3,\"name\":\"Club bisexual y travesti Par\u00eds cerca de la Gare de Lyon\"}]},{\"@type\":\"WebSite\",\"@id\":\"https:\\\/\\\/atlantide-sauna.com\\\/es\\\/#website\",\"url\":\"https:\\\/\\\/atlantide-sauna.com\\\/es\\\/\",\"name\":\"Atlantide Sauna\",\"description\":\"Sauna Toutes Tendances Gay Bi Tr**\",\"publisher\":{\"@id\":\"https:\\\/\\\/atlantide-sauna.com\\\/es\\\/#organization\"},\"alternateName\":\"Club libertin Atlantide Sauna Paris\",\"potentialAction\":[{\"@type\":\"SearchAction\",\"target\":{\"@type\":\"EntryPoint\",\"urlTemplate\":\"https:\\\/\\\/atlantide-sauna.com\\\/es\\\/?s={search_term_string}\"},\"query-input\":{\"@type\":\"PropertyValueSpecification\",\"valueRequired\":true,\"valueName\":\"search_term_string\"}}],\"inLanguage\":\"es\"},{\"@type\":\"Organization\",\"@id\":\"https:\\\/\\\/atlantide-sauna.com\\\/es\\\/#organization\",\"name\":\"ATLANTIDE SAUNA HAMMAM\",\"alternateName\":\"ATLANTIDE SAUNA HAMMAM\",\"url\":\"https:\\\/\\\/atlantide-sauna.com\\\/es\\\/\",\"logo\":{\"@type\":\"ImageObject\",\"inLanguage\":\"es\",\"@id\":\"https:\\\/\\\/atlantide-sauna.com\\\/es\\\/#\\\/schema\\\/logo\\\/image\\\/\",\"url\":\"https:\\\/\\\/atlantide-sauna.com\\\/wp-content\\\/uploads\\\/2025\\\/05\\\/ash_logo_2025_01.svg\",\"contentUrl\":\"https:\\\/\\\/atlantide-sauna.com\\\/wp-content\\\/uploads\\\/2025\\\/05\\\/ash_logo_2025_01.svg\",\"width\":1,\"height\":1,\"caption\":\"ATLANTIDE SAUNA HAMMAM\"},\"image\":{\"@id\":\"https:\\\/\\\/atlantide-sauna.com\\\/es\\\/#\\\/schema\\\/logo\\\/image\\\/\"},\"sameAs\":[\"https:\\\/\\\/www.facebook.com\\\/profile.php?id=100082829877238\",\"https:\\\/\\\/x.com\\\/atlantidesauna\"],\"description\":\"Sauna hammam toutes tendances. Un espace de libert\u00e9, de mixit\u00e9 et de tol\u00e9rance. Chez Atlantide Sauna vous trouverez les conditions id\u00e9ales pour vos rencontres libertines.\",\"email\":\"infos@atlantide-sauna.com\",\"telephone\":\"0143422243\",\"legalName\":\"ATLANTIDE SAUNA HAMMAM\",\"foundingDate\":\"1999-08-09\",\"vatID\":\"FR39423920370\",\"taxID\":\"42392037000016\",\"numberOfEmployees\":{\"@type\":\"QuantitativeValue\",\"minValue\":\"1\",\"maxValue\":\"10\"}}]}<\/script>\n<!-- \/ Yoast SEO Premium plugin. -->","yoast_head_json":{"title":"Libertinaje, tolerancia y saber vivir en Atlantide - Atlantide Sauna","description":"Ven a explorar los valores del libertinaje, la tolerancia y el savoir vivre en la Sauna Atl\u00e1ntida, un espacio \u00edntimo de Par\u00eds.","robots":{"index":"index","follow":"follow","max-snippet":"max-snippet:-1","max-image-preview":"max-image-preview:large","max-video-preview":"max-video-preview:-1"},"canonical":"https:\/\/atlantide-sauna.com\/es\/sauna-hammam\/club-bisexual-y-travesti-paris-cerca-de-la-gare-de-lyon\/","og_locale":"es_ES","og_type":"article","og_title":"Club bisexual y travesti Par\u00eds cerca de la Gare de Lyon","og_description":"Ven a explorar los valores del libertinaje, la tolerancia y el savoir vivre en la Sauna Atl\u00e1ntida, un espacio \u00edntimo de Par\u00eds.","og_url":"https:\/\/atlantide-sauna.com\/es\/sauna-hammam\/club-bisexual-y-travesti-paris-cerca-de-la-gare-de-lyon\/","og_site_name":"Atlantide Sauna","article_publisher":"https:\/\/www.facebook.com\/profile.php?id=100082829877238","og_image":[{"width":1440,"height":810,"url":"https:\/\/i0.wp.com\/atlantide-sauna.com\/wp-content\/uploads\/2025\/06\/ASH_IMG2025_000.jpg?fit=1440%2C810&ssl=1","type":"image\/jpeg"}],"twitter_card":"summary_large_image","twitter_site":"@atlantidesauna","twitter_misc":{"Tiempo de lectura":"1 minuto"},"schema":{"@context":"https:\/\/schema.org","@graph":[{"@type":"WebPage","@id":"https:\/\/atlantide-sauna.com\/es\/sauna-hammam\/club-bisexual-y-travesti-paris-cerca-de-la-gare-de-lyon\/","url":"https:\/\/atlantide-sauna.com\/es\/sauna-hammam\/club-bisexual-y-travesti-paris-cerca-de-la-gare-de-lyon\/","name":"Libertinaje, tolerancia y saber vivir en Atlantide - Atlantide Sauna","isPartOf":{"@id":"https:\/\/atlantide-sauna.com\/es\/#website"},"datePublished":"2025-05-22T17:19:45+00:00","description":"Ven a explorar los valores del libertinaje, la tolerancia y el savoir vivre en la Sauna Atl\u00e1ntida, un espacio \u00edntimo de Par\u00eds.","breadcrumb":{"@id":"https:\/\/atlantide-sauna.com\/es\/sauna-hammam\/club-bisexual-y-travesti-paris-cerca-de-la-gare-de-lyon\/#breadcrumb"},"inLanguage":"es","potentialAction":[{"@type":"ReadAction","target":["https:\/\/atlantide-sauna.com\/es\/sauna-hammam\/club-bisexual-y-travesti-paris-cerca-de-la-gare-de-lyon\/"]}]},{"@type":"BreadcrumbList","@id":"https:\/\/atlantide-sauna.com\/es\/sauna-hammam\/club-bisexual-y-travesti-paris-cerca-de-la-gare-de-lyon\/#breadcrumb","itemListElement":[{"@type":"ListItem","position":1,"name":"Accueil","item":"https:\/\/atlantide-sauna.com\/es\/inicio\/"},{"@type":"ListItem","position":2,"name":"Sauna Hammam","item":"https:\/\/atlantide-sauna.com\/es\/sauna-hammam\/"},{"@type":"ListItem","position":3,"name":"Club bisexual y travesti Par\u00eds cerca de la Gare de Lyon"}]},{"@type":"WebSite","@id":"https:\/\/atlantide-sauna.com\/es\/#website","url":"https:\/\/atlantide-sauna.com\/es\/","name":"Atlantide Sauna","description":"Sauna Toutes Tendances Gay Bi Tr**","publisher":{"@id":"https:\/\/atlantide-sauna.com\/es\/#organization"},"alternateName":"Club libertin Atlantide Sauna Paris","potentialAction":[{"@type":"SearchAction","target":{"@type":"EntryPoint","urlTemplate":"https:\/\/atlantide-sauna.com\/es\/?s={search_term_string}"},"query-input":{"@type":"PropertyValueSpecification","valueRequired":true,"valueName":"search_term_string"}}],"inLanguage":"es"},{"@type":"Organization","@id":"https:\/\/atlantide-sauna.com\/es\/#organization","name":"ATLANTIDE SAUNA HAMMAM","alternateName":"ATLANTIDE SAUNA HAMMAM","url":"https:\/\/atlantide-sauna.com\/es\/","logo":{"@type":"ImageObject","inLanguage":"es","@id":"https:\/\/atlantide-sauna.com\/es\/#\/schema\/logo\/image\/","url":"https:\/\/atlantide-sauna.com\/wp-content\/uploads\/2025\/05\/ash_logo_2025_01.svg","contentUrl":"https:\/\/atlantide-sauna.com\/wp-content\/uploads\/2025\/05\/ash_logo_2025_01.svg","width":1,"height":1,"caption":"ATLANTIDE SAUNA HAMMAM"},"image":{"@id":"https:\/\/atlantide-sauna.com\/es\/#\/schema\/logo\/image\/"},"sameAs":["https:\/\/www.facebook.com\/profile.php?id=100082829877238","https:\/\/x.com\/atlantidesauna"],"description":"Sauna hammam toutes tendances. Un espace de libert\u00e9, de mixit\u00e9 et de tol\u00e9rance. Chez Atlantide Sauna vous trouverez les conditions id\u00e9ales pour vos rencontres libertines.","email":"infos@atlantide-sauna.com","telephone":"0143422243","legalName":"ATLANTIDE SAUNA HAMMAM","foundingDate":"1999-08-09","vatID":"FR39423920370","taxID":"42392037000016","numberOfEmployees":{"@type":"QuantitativeValue","minValue":"1","maxValue":"10"}}]}},"jetpack-related-posts":[{"id":722,"url":"https:\/\/atlantide-sauna.com\/es\/","url_meta":{"origin":4871,"position":0},"title":"Bienvenido","author":"Atlantide Sauna","date":"11 de mayo de 2025","format":false,"excerpt":"Atlantide Sauna se fund\u00f3 en 1999 para crear un espacio de libertad, diversidad y tolerancia. En este reservado CLUB, todos tus deseos y fantas\u00edas pueden expresarse en un ambiente respetuoso y amistoso. Sean cuales sean tus or\u00edgenes, cultura, edad o deseos, ser\u00e1s recibido por un personal sonriente, atento y cari\u00f1oso.\u2026","rel":"","context":"Entrada similar","block_context":{"text":"Entrada similar","link":""},"img":{"alt_text":"Atlantide Sauna Paris - Club libertin toutes tendance - Gare de Lyon","src":"https:\/\/i0.wp.com\/atlantide-sauna.com\/wp-content\/uploads\/2025\/06\/ASH_IMG2025_000.jpg?fit=1200%2C675&ssl=1&resize=350%2C200","width":350,"height":200,"srcset":"https:\/\/i0.wp.com\/atlantide-sauna.com\/wp-content\/uploads\/2025\/06\/ASH_IMG2025_000.jpg?fit=1200%2C675&ssl=1&resize=350%2C200 1x, https:\/\/i0.wp.com\/atlantide-sauna.com\/wp-content\/uploads\/2025\/06\/ASH_IMG2025_000.jpg?fit=1200%2C675&ssl=1&resize=525%2C300 1.5x, https:\/\/i0.wp.com\/atlantide-sauna.com\/wp-content\/uploads\/2025\/06\/ASH_IMG2025_000.jpg?fit=1200%2C675&ssl=1&resize=700%2C400 2x, https:\/\/i0.wp.com\/atlantide-sauna.com\/wp-content\/uploads\/2025\/06\/ASH_IMG2025_000.jpg?fit=1200%2C675&ssl=1&resize=1050%2C600 3x"},"classes":[]},{"id":1146,"url":"https:\/\/atlantide-sauna.com\/es\/sauna-hammam\/opinion-sauna-atlantide\/","url_meta":{"origin":4871,"position":1},"title":"Opini\u00f3n sauna atlantide","author":"Atlantide Sauna","date":"22 de mayo de 2025","format":false,"excerpt":"La Sauna Atlantide combina el placer de tus encuentros traviesos con sus lujosas y relajantes instalaciones, todo ello en un ambiente acogedor. M\u00e1s informaci\u00f3n sobre : Sauna Atlantide L'Atlantide Sauna, a tiro de piedra de la Gare de Lyon, es el primer club privado para encuentros libertinos de todo tipo\u2026","rel":"","context":"En \u00abSauna Hammam\u00bb","block_context":{"text":"Sauna Hammam","link":"https:\/\/atlantide-sauna.com\/es\/category\/sauna-hammam-es\/"},"img":{"alt_text":"","src":"","width":0,"height":0},"classes":[]},{"id":4868,"url":"https:\/\/atlantide-sauna.com\/en\/sauna-hammam\/bisexual-and-transvestite-club-paris-near-gare-de-lyon\/","url_meta":{"origin":4871,"position":2},"title":"Bisexual and transvestite club Paris near Gare de Lyon","author":"Atlantide Sauna","date":"22 de mayo de 2025","format":false,"excerpt":"Bisexual and transvestite club in Paris 12 What makes Atlantide Sauna so special is that it's a libertine steam room in the heart of Paris. Our libertine sauna in Paris Gare de Lyon welcomes couples, transvestites, bisexuals, curious heterosexuals and gays. A welcoming staff and an intimate, soothing atmosphere -\u2026","rel":"","context":"En \u00abSauna Hammam\u00bb","block_context":{"text":"Sauna Hammam","link":"https:\/\/atlantide-sauna.com\/en\/category\/sauna-hammam-en\/"},"img":{"alt_text":"","src":"","width":0,"height":0},"classes":[]},{"id":4787,"url":"https:\/\/atlantide-sauna.com\/es\/sauna-hammam\/club-backroom-glory-holes-sling-croix-de-st-andre-paris\/","url_meta":{"origin":4871,"position":3},"title":"Club Backroom Glory Holes Sling Croix de st Andr\u00e9 Par\u00eds","author":"Atlantide Sauna","date":"22 de mayo de 2025","format":false,"excerpt":"Club Libertin Trastienda Glory Holes Sling Croix de St Andr\u00e9 en Par\u00eds 12 La tolerancia y la diversidad de orientaciones sexuales son las se\u00f1as de identidad de Atlantide Sauna, donde puedes organizar tus citas sexuales en un ambiente relajado, cerca de la Gare de Lyon, mientras conoces a gente que\u2026","rel":"","context":"En \u00abSauna Hammam\u00bb","block_context":{"text":"Sauna Hammam","link":"https:\/\/atlantide-sauna.com\/es\/category\/sauna-hammam-es\/"},"img":{"alt_text":"Sling Backroom Croix de St  Andr\u00e9","src":"https:\/\/i0.wp.com\/atlantide-sauna.com\/wp-content\/uploads\/2025\/06\/ASH_IMG2025_014-1.jpg?fit=1200%2C675&ssl=1&resize=350%2C200","width":350,"height":200,"srcset":"https:\/\/i0.wp.com\/atlantide-sauna.com\/wp-content\/uploads\/2025\/06\/ASH_IMG2025_014-1.jpg?fit=1200%2C675&ssl=1&resize=350%2C200 1x, https:\/\/i0.wp.com\/atlantide-sauna.com\/wp-content\/uploads\/2025\/06\/ASH_IMG2025_014-1.jpg?fit=1200%2C675&ssl=1&resize=525%2C300 1.5x, https:\/\/i0.wp.com\/atlantide-sauna.com\/wp-content\/uploads\/2025\/06\/ASH_IMG2025_014-1.jpg?fit=1200%2C675&ssl=1&resize=700%2C400 2x, https:\/\/i0.wp.com\/atlantide-sauna.com\/wp-content\/uploads\/2025\/06\/ASH_IMG2025_014-1.jpg?fit=1200%2C675&ssl=1&resize=1050%2C600 3x"},"classes":[]},{"id":4867,"url":"https:\/\/atlantide-sauna.com\/es\/sauna-hammam\/rencontre-coquines-paris-12\/","url_meta":{"origin":4871,"position":4},"title":"Rencontre coquines Par\u00eds 12","author":"Atlantide Sauna","date":"22 de mayo de 2025","format":false,"excerpt":"Rencontre coquines Par\u00eds 12 Si te va el libertinaje pansexual y el candaulismo, ahora tienes un lugar donde reunirte en Par\u00eds, cerca de la Gare de Lyon: Atlantide Sauna. Abierta 7 d\u00edas a la semana, somos una sauna hammam mixta donde la cortes\u00eda y la tolerancia son la norma. En\u2026","rel":"","context":"En \u00abSauna Hammam\u00bb","block_context":{"text":"Sauna Hammam","link":"https:\/\/atlantide-sauna.com\/es\/category\/sauna-hammam-es\/"},"img":{"alt_text":"","src":"","width":0,"height":0},"classes":[]},{"id":60,"url":"https:\/\/atlantide-sauna.com\/decouvrez-notre-sauna-hammam-a-paris\/club-bisexuel-et-travesties-paris-proche-gare-de-lyon\/","url_meta":{"origin":4871,"position":5},"title":"Club bisexuel et travesties Paris proche Gare de Lyon","author":"Atlantide Sauna","date":"22 de mayo de 2025","format":false,"excerpt":"Club bisexuel et travesties \u00e0 Paris 12 La sp\u00e9cificit\u00e9 de l'Atlantide Sauna c'est d'\u00eatre un hammam libertin au coeur de Paris. Notre sauna libertin \u00e0 Paris Gare de Lyon accueille aussi bien les couples, que les amateurs de rencontres avec des travestis et Trans des bisex, h\u00e9t\u00e9ros curieux ou gay.\u2026","rel":"","context":"En \u00abSauna Hammam\u00bb","block_context":{"text":"Sauna Hammam","link":"https:\/\/atlantide-sauna.com\/category\/sauna-hammam\/"},"img":{"alt_text":"","src":"","width":0,"height":0},"classes":[]}],"jetpack_sharing_enabled":true,"_links":{"self":[{"href":"https:\/\/atlantide-sauna.com\/es\/wp-json\/wp\/v2\/pages\/4871","targetHints":{"allow":["GET"]}}],"collection":[{"href":"https:\/\/atlantide-sauna.com\/es\/wp-json\/wp\/v2\/pages"}],"about":[{"href":"https:\/\/atlantide-sauna.com\/es\/wp-json\/wp\/v2\/types\/page"}],"author":[{"embeddable":true,"href":"https:\/\/atlantide-sauna.com\/es\/wp-json\/wp\/v2\/users\/4"}],"replies":[{"embeddable":true,"href":"https:\/\/atlantide-sauna.com\/es\/wp-json\/wp\/v2\/comments?post=4871"}],"version-history":[{"count":0,"href":"https:\/\/atlantide-sauna.com\/es\/wp-json\/wp\/v2\/pages\/4871\/revisions"}],"up":[{"embeddable":true,"href":"https:\/\/atlantide-sauna.com\/es\/wp-json\/wp\/v2\/pages\/1103"}],"wp:attachment":[{"href":"https:\/\/atlantide-sauna.com\/es\/wp-json\/wp\/v2\/media?parent=4871"}],"curies":[{"name":"wp","href":"https:\/\/api.w.org\/{rel}","templated":true}]}}