{"id":508,"date":"2022-07-16T17:25:33","date_gmt":"2022-07-16T15:25:33","guid":{"rendered":"https:\/\/dev.atlantide-sauna.com\/faq-informacion-practica\/"},"modified":"2025-06-19T15:18:45","modified_gmt":"2025-06-19T13:18:45","slug":"faq-informacion-practica","status":"publish","type":"page","link":"https:\/\/atlantide-sauna.com\/es\/faq-informacion-practica\/","title":{"rendered":"Informaci\u00f3n"},"content":{"rendered":"<h5 class=\"uk-alert\" style=\"text-align: left\">\u00bfCU\u00c1L ES EL HORARIO DE APERTURA DE LA SAUNA ATLANTIDE?<\/h5>\n<p class=\"uk-alert uk-alert-success\" style=\"padding-left: 40px;text-align: justify\">Todos los d\u00edas de 12.00 a 22.00 h, incluidos domingos y festivos. Podemos ofrecer otros horarios de apertura para eventos especiales. <\/p>\n<h5 class=\"uk-alert\" style=\"text-align: left\">\u00bfCU\u00c1NDO HAY M\u00c1S GENTE EN LA SAUNA ATLANTIDE?<\/h5>\n<p class=\"uk-alert uk-alert-success\" style=\"padding-left: 40px;text-align: justify\">\u00a1Una pregunta para Madame Irma y su bola de cristal! Por regla general (aunque hay muchas excepciones), \u00a1hay m\u00e1s gente durante el d\u00eda! Nuestro establecimiento se llena hasta alcanzar su punto \u00e1lgido entre las 15.00 y las 19.00 h. Despu\u00e9s, la afluencia disminuye hasta la hora de cierre.  <\/p>\n<h5 class=\"uk-alert\" style=\"text-align: left\">\u00bfQUI\u00c9N PUEDE VENIR A LA SAUNA ATLANTIDE?<\/h5>\n<p class=\"uk-alert uk-alert-success\" style=\"padding-left: 40px;text-align: justify\">Absolutamente a todo el mundo. Sin embargo, determinadas actitudes pueden llevarnos a negar la entrada a ciertas personas agresivas, bajo los efectos del alcohol o las drogas, intolerantes o sucias. Nuestro objetivo es garantizar un buen ambiente en el establecimiento y el respeto de todos.  <\/p>\n<h5 class=\"uk-alert\" style=\"text-align: left\">\u00bfPUEDO VENIR SOLO?<\/h5>\n<p class=\"uk-alert uk-alert-success\" style=\"padding-left: 40px;text-align: justify\"><strong>\u00a1S\u00cd!<\/strong>  Puedes venir solo a l&#8217;Atlantide. Sin embargo, si vienes con una amiga, a\u00fan mejor. <\/p>\n<h5 class=\"uk-alert\" style=\"text-align: left\">\u00bfHAY UN C\u00d3DIGO DE VESTIMENTA EN L&#8217;ATLANTIDE?<\/h5>\n<p class=\"uk-alert uk-alert-warning\" style=\"padding-left: 40px;text-align: justify\"><strong>\u00a1NO!<\/strong>  \u00a1Ven como quieras! \u00a1Pero aseg\u00farate de que sea limpio y con una sonrisa en la cara! <\/p>\n<h5 class=\"uk-alert\" style=\"text-align: left\">\u00bfPUEDO ENTRAR SI SOY MENOR DE 18 A\u00d1OS?<\/h5>\n<p class=\"uk-alert uk-alert-danger\" style=\"padding-left: 40px;text-align: justify\"><strong>\u00a1NO!<\/strong>  \u00a1En absoluto! \u00a1Negamos el acceso al establecimiento a los menores!<\/p>\n<h5 class=\"uk-alert\" style=\"text-align: left\">\u00bfPUEDO ENTRAR SI SOY NEGRO, \u00c1RABE, TURCO O DISCAPACITADO?<\/h5>\n<p class=\"uk-alert uk-alert-success\" style=\"padding-left: 40px;text-align: justify\"><strong>\u00a1S\u00cd!  <\/strong>Nuestra escuela se opone a cualquier forma de discriminaci\u00f3n f\u00edsica o cultural. \u00a1Viva la diversidad! <\/p>\n<h5 class=\"uk-alert\" style=\"text-align: left\">\u00bfQU\u00c9 ENTENDEMOS POR MUJERES EN ATLANTIDE SAUNA?<\/h5>\n<p class=\"uk-alert uk-alert-success\" style=\"padding-left: 40px;text-align: justify\">Dada la variedad de casos y para facilitar nuestro trabajo, hemos decidido considerar mujer a todo ser humano que se presente como mujer. Esto incluye a travestis, transexuales, etc.<br \/>\nSin embargo, para facilitar el trabajo del personal de recepci\u00f3n, hemos decidido reservar la tarifa de mujer s\u00f3lo a las personas que se presenten como mujeres en la recepci\u00f3n. <\/p>\n<h5 class=\"uk-alert\" style=\"text-align: left\">\u00bfQUI\u00c9N PUEDE ACOGERSE A LA TARIFA EXCLUSIVA PARA MUJERES?<\/h5>\n<p class=\"uk-alert uk-alert-success\" style=\"padding-left: 40px;text-align: justify\">Todas las personas que se presenten en recepci\u00f3n con aspecto de mujer (mujeres, transexuales, transg\u00e9neros). Los hombres que se travisten dentro del establecimiento y se presentan en recepci\u00f3n como hombres pagan la entrada reservada a los hombres, (incluso los que se ponen una peluca en recepci\u00f3n). \u00a1Qu\u00e9 l\u00f3gico!  <\/p>\n<h5 class=\"uk-alert\" style=\"text-align: left\">\u00bfCU\u00c1NDO HAY M\u00c1S MUJERES EN LA SAUNA ATLANTIDE?<\/h5>\n<p class=\"uk-alert uk-alert-success\" style=\"padding-left: 40px;text-align: justify\">\u00a1Una pregunta dif\u00edcil de responder sin una bola de cristal! Todos los d\u00edas vemos a mujeres que acuden a nosotros para una sauna y, a veces, para encuentros sexuales. Algunas buscan una o varias parejas, otras s\u00f3lo buscan a su pareja. Lo que todas tienen en com\u00fan es que no son prostitutas y, por tanto, no est\u00e1n al servicio de los hombres presentes. Son ellas las que deciden lo que quieren o no quieren. Para tener la mejor oportunidad de tener una aventura con una de ellas, necesitas paciencia, suerte, buenos modales \u00a1y complacerlas!     <\/p>\n<h5 class=\"uk-alert\" style=\"text-align: left\">\u00bfCU\u00c1NDO SE ENCUENTRAN LOS TRAVS M\u00c1S BI TRANS?<\/h5>\n<p class=\"uk-alert uk-alert-success\" style=\"padding-left: 40px;text-align: justify\">Puedes encontrarte con Travestis Bi Trans todos los d\u00edas y a cualquier hora, \u00a1y no s\u00f3lo en las fiestas que las ponen en el candelero! Pero para responder categ\u00f3ricamente, necesitar\u00edamos una bola de cristal o poderes clarividentes, que no tenemos. Hablando m\u00e1s en serio, todos nuestros clientes tienen la molesta costumbre de no avisarnos cuando vienen (salvo raras excepciones). As\u00ed que tenemos que confiar un poco en la suerte y darnos un poco de tiempo, \u00a1porque no hay d\u00eda que no recibamos la visita de clientes Bi Trans o Trav!   <\/p>\n<h5 class=\"uk-alert\" style=\"text-align: left\">\u00bfPUEDES VENIR ARRASTRADA TODOS LOS D\u00cdAS?<\/h5>\n<p class=\"uk-alert uk-alert-success\" style=\"padding-left: 40px;text-align: justify\"><strong>\u00a1S\u00cd!<\/strong>  Por supuesto, \u00a1los travestis son bienvenidos todos los d\u00edas y a cualquier hora!<\/p>\n<h5 class=\"uk-alert\" style=\"text-align: left\">\u00bfCU\u00c1L ES EL MEJOR MOMENTO PARA CONOCER GENTE?<\/h5>\n<p class=\"uk-alert uk-alert-success\" style=\"padding-left: 40px;text-align: justify\">\u00a1No es cuesti\u00f3n de oportunidad, sino de suerte y de ganas de trabajar junto con otra persona o personas!<br \/>\n\u00a1No siempre que hay m\u00e1s gente se hacen los mejores contactos! \u00a1Tienes que confiar en la suerte y en la competencia! <\/p>\n<h5 class=\"uk-alert\" style=\"text-align: left\">\u00bfC\u00d3MO PUEDO MAXIMIZAR MIS POSIBILIDADES DE CONOCER A ALGUIEN?<\/h5>\n<p class=\"uk-alert uk-alert-success\" style=\"padding-left: 40px;text-align: justify\">Cualquiera que frecuente este tipo de establecimientos sabe que un encuentro se basa en muy poco: una atracci\u00f3n, un momento de excitaci\u00f3n, una fantas\u00eda&#8230; Se complica un poco m\u00e1s si la otra persona no comparte la misma atracci\u00f3n o la misma fantas\u00eda&#8230; Tienes que aceptar esta regla universal y permanecer abierto a nuevas posibilidades y tolerante con los rechazos. \u00c9ste es el estado de \u00e1nimo que todo cliente debe tener cuando nos visita. Pero Atlantide Sauna va m\u00e1s all\u00e1 y te ofrece la posibilidad de comunicarte con otros clientes para que puedas concertar una cita incluso antes de visitarnos. No dudes en rellenar tu perfil en este sitio y dejar mensajes regularmente, \u00a1aumentar\u00e1s tus posibilidades de conocer gente!   <\/p>\n","protected":false},"excerpt":{"rendered":"<p>\u00bfCU\u00c1L ES EL HORARIO DE APERTURA DE LA SAUNA ATLANTIDE? Todos los d\u00edas de 12.00 a 22.00 h, incluidos domingos y festivos. Podemos ofrecer otros horarios de apertura para eventos especiales. \u00bfCU\u00c1NDO HAY M\u00c1S GENTE EN LA SAUNA ATLANTIDE? \u00a1Una pregunta para Madame Irma y su bola de cristal! Por regla general (aunque hay muchas [&hellip;]<\/p>\n","protected":false},"author":4,"featured_media":218,"parent":0,"menu_order":7,"comment_status":"closed","ping_status":"closed","template":"","meta":{"footnotes":""},"class_list":["post-508","page","type-page","status-publish","has-post-thumbnail","hentry"],"yoast_head":"<!-- This site is optimized with the Yoast SEO Premium plugin v27.2 (Yoast SEO v27.2) - https:\/\/yoast.com\/product\/yoast-seo-premium-wordpress\/ -->\n<title>Informaci\u00f3n pr\u00e1ctica sobre tu sauna: horario de apertura - Atlantide Sauna<\/title>\n<meta name=\"description\" content=\"Consulta la informaci\u00f3n pr\u00e1ctica sobre tu sauna, incluidos los horarios de apertura y las normas de acceso.\" \/>\n<meta name=\"robots\" content=\"index, follow, max-snippet:-1, max-image-preview:large, max-video-preview:-1\" \/>\n<link rel=\"canonical\" href=\"https:\/\/atlantide-sauna.com\/es\/faq-informacion-practica\/\" \/>\n<meta property=\"og:locale\" content=\"es_ES\" \/>\n<meta property=\"og:type\" content=\"article\" \/>\n<meta property=\"og:title\" content=\"Informaci\u00f3n\" \/>\n<meta property=\"og:description\" content=\"Consulta la informaci\u00f3n pr\u00e1ctica sobre tu sauna, incluidos los horarios de apertura y las normas de acceso.\" \/>\n<meta property=\"og:url\" content=\"https:\/\/atlantide-sauna.com\/es\/faq-informacion-practica\/\" \/>\n<meta property=\"og:site_name\" content=\"Atlantide Sauna\" \/>\n<meta property=\"article:publisher\" content=\"https:\/\/www.facebook.com\/profile.php?id=100082829877238\" \/>\n<meta property=\"article:modified_time\" content=\"2025-06-19T13:18:45+00:00\" \/>\n<meta property=\"og:image\" content=\"https:\/\/atlantide-sauna.com\/wp-content\/uploads\/2014\/04\/ASH_IMG_0180_675_1200-e1748345108440.jpg\" \/>\n\t<meta property=\"og:image:width\" content=\"675\" \/>\n\t<meta property=\"og:image:height\" content=\"380\" \/>\n\t<meta property=\"og:image:type\" content=\"image\/jpeg\" \/>\n<meta name=\"twitter:card\" content=\"summary_large_image\" \/>\n<meta name=\"twitter:site\" content=\"@atlantidesauna\" \/>\n<meta name=\"twitter:label1\" content=\"Tiempo de lectura\" \/>\n\t<meta name=\"twitter:data1\" content=\"4 minutos\" \/>\n<script type=\"application\/ld+json\" class=\"yoast-schema-graph\">{\"@context\":\"https:\/\/schema.org\",\"@graph\":[{\"@type\":\"WebPage\",\"@id\":\"https:\/\/atlantide-sauna.com\/es\/faq-informacion-practica\/\",\"url\":\"https:\/\/atlantide-sauna.com\/es\/faq-informacion-practica\/\",\"name\":\"Informaci\u00f3n pr\u00e1ctica sobre tu sauna: horario de apertura - Atlantide Sauna\",\"isPartOf\":{\"@id\":\"https:\/\/atlantide-sauna.com\/es\/#website\"},\"primaryImageOfPage\":{\"@id\":\"https:\/\/atlantide-sauna.com\/es\/faq-informacion-practica\/#primaryimage\"},\"image\":{\"@id\":\"https:\/\/atlantide-sauna.com\/es\/faq-informacion-practica\/#primaryimage\"},\"thumbnailUrl\":\"https:\/\/i0.wp.com\/atlantide-sauna.com\/wp-content\/uploads\/2014\/04\/ASH_IMG_0180_675_1200-e1748345108440.jpg?fit=675%2C380&ssl=1\",\"datePublished\":\"2022-07-16T15:25:33+00:00\",\"dateModified\":\"2025-06-19T13:18:45+00:00\",\"description\":\"Consulta la informaci\u00f3n pr\u00e1ctica sobre tu sauna, incluidos los horarios de apertura y las normas de acceso.\",\"breadcrumb\":{\"@id\":\"https:\/\/atlantide-sauna.com\/es\/faq-informacion-practica\/#breadcrumb\"},\"inLanguage\":\"es\",\"potentialAction\":[{\"@type\":\"ReadAction\",\"target\":[\"https:\/\/atlantide-sauna.com\/es\/faq-informacion-practica\/\"]}]},{\"@type\":\"ImageObject\",\"inLanguage\":\"es\",\"@id\":\"https:\/\/atlantide-sauna.com\/es\/faq-informacion-practica\/#primaryimage\",\"url\":\"https:\/\/i0.wp.com\/atlantide-sauna.com\/wp-content\/uploads\/2014\/04\/ASH_IMG_0180_675_1200-e1748345108440.jpg?fit=675%2C380&ssl=1\",\"contentUrl\":\"https:\/\/i0.wp.com\/atlantide-sauna.com\/wp-content\/uploads\/2014\/04\/ASH_IMG_0180_675_1200-e1748345108440.jpg?fit=675%2C380&ssl=1\",\"width\":675,\"height\":380,\"caption\":\"Atlantide Sauna Paris - Informations pratiques\"},{\"@type\":\"BreadcrumbList\",\"@id\":\"https:\/\/atlantide-sauna.com\/es\/faq-informacion-practica\/#breadcrumb\",\"itemListElement\":[{\"@type\":\"ListItem\",\"position\":1,\"name\":\"Accueil\",\"item\":\"https:\/\/atlantide-sauna.com\/es\/inicio\/\"},{\"@type\":\"ListItem\",\"position\":2,\"name\":\"Informaci\u00f3n\"}]},{\"@type\":\"WebSite\",\"@id\":\"https:\/\/atlantide-sauna.com\/es\/#website\",\"url\":\"https:\/\/atlantide-sauna.com\/es\/\",\"name\":\"Atlantide Sauna\",\"description\":\"Sauna Toutes Tendances Gay Bi Tr**\",\"publisher\":{\"@id\":\"https:\/\/atlantide-sauna.com\/es\/#organization\"},\"alternateName\":\"Club libertin Atlantide Sauna Paris\",\"potentialAction\":[{\"@type\":\"SearchAction\",\"target\":{\"@type\":\"EntryPoint\",\"urlTemplate\":\"https:\/\/atlantide-sauna.com\/es\/?s={search_term_string}\"},\"query-input\":{\"@type\":\"PropertyValueSpecification\",\"valueRequired\":true,\"valueName\":\"search_term_string\"}}],\"inLanguage\":\"es\"},{\"@type\":\"Organization\",\"@id\":\"https:\/\/atlantide-sauna.com\/es\/#organization\",\"name\":\"ATLANTIDE SAUNA HAMMAM\",\"alternateName\":\"ATLANTIDE SAUNA HAMMAM\",\"url\":\"https:\/\/atlantide-sauna.com\/es\/\",\"logo\":{\"@type\":\"ImageObject\",\"inLanguage\":\"es\",\"@id\":\"https:\/\/atlantide-sauna.com\/es\/#\/schema\/logo\/image\/\",\"url\":\"https:\/\/atlantide-sauna.com\/wp-content\/uploads\/2025\/05\/ash_logo_2025_01.svg\",\"contentUrl\":\"https:\/\/atlantide-sauna.com\/wp-content\/uploads\/2025\/05\/ash_logo_2025_01.svg\",\"width\":1,\"height\":1,\"caption\":\"ATLANTIDE SAUNA HAMMAM\"},\"image\":{\"@id\":\"https:\/\/atlantide-sauna.com\/es\/#\/schema\/logo\/image\/\"},\"sameAs\":[\"https:\/\/www.facebook.com\/profile.php?id=100082829877238\",\"https:\/\/x.com\/atlantidesauna\"],\"description\":\"Sauna hammam toutes tendances. Un espace de libert\u00e9, de mixit\u00e9 et de tol\u00e9rance. Chez Atlantide Sauna vous trouverez les conditions id\u00e9ales pour vos rencontres libertines.\",\"email\":\"infos@atlantide-sauna.com\",\"telephone\":\"0143422243\",\"legalName\":\"ATLANTIDE SAUNA HAMMAM\",\"foundingDate\":\"1999-08-09\",\"vatID\":\"FR39423920370\",\"taxID\":\"42392037000016\",\"numberOfEmployees\":{\"@type\":\"QuantitativeValue\",\"minValue\":\"1\",\"maxValue\":\"10\"}}]}<\/script>\n<!-- \/ Yoast SEO Premium plugin. -->","yoast_head_json":{"title":"Informaci\u00f3n pr\u00e1ctica sobre tu sauna: horario de apertura - Atlantide Sauna","description":"Consulta la informaci\u00f3n pr\u00e1ctica sobre tu sauna, incluidos los horarios de apertura y las normas de acceso.","robots":{"index":"index","follow":"follow","max-snippet":"max-snippet:-1","max-image-preview":"max-image-preview:large","max-video-preview":"max-video-preview:-1"},"canonical":"https:\/\/atlantide-sauna.com\/es\/faq-informacion-practica\/","og_locale":"es_ES","og_type":"article","og_title":"Informaci\u00f3n","og_description":"Consulta la informaci\u00f3n pr\u00e1ctica sobre tu sauna, incluidos los horarios de apertura y las normas de acceso.","og_url":"https:\/\/atlantide-sauna.com\/es\/faq-informacion-practica\/","og_site_name":"Atlantide Sauna","article_publisher":"https:\/\/www.facebook.com\/profile.php?id=100082829877238","article_modified_time":"2025-06-19T13:18:45+00:00","og_image":[{"width":675,"height":380,"url":"https:\/\/atlantide-sauna.com\/wp-content\/uploads\/2014\/04\/ASH_IMG_0180_675_1200-e1748345108440.jpg","type":"image\/jpeg"}],"twitter_card":"summary_large_image","twitter_site":"@atlantidesauna","twitter_misc":{"Tiempo de lectura":"4 minutos"},"schema":{"@context":"https:\/\/schema.org","@graph":[{"@type":"WebPage","@id":"https:\/\/atlantide-sauna.com\/es\/faq-informacion-practica\/","url":"https:\/\/atlantide-sauna.com\/es\/faq-informacion-practica\/","name":"Informaci\u00f3n pr\u00e1ctica sobre tu sauna: horario de apertura - Atlantide Sauna","isPartOf":{"@id":"https:\/\/atlantide-sauna.com\/es\/#website"},"primaryImageOfPage":{"@id":"https:\/\/atlantide-sauna.com\/es\/faq-informacion-practica\/#primaryimage"},"image":{"@id":"https:\/\/atlantide-sauna.com\/es\/faq-informacion-practica\/#primaryimage"},"thumbnailUrl":"https:\/\/i0.wp.com\/atlantide-sauna.com\/wp-content\/uploads\/2014\/04\/ASH_IMG_0180_675_1200-e1748345108440.jpg?fit=675%2C380&ssl=1","datePublished":"2022-07-16T15:25:33+00:00","dateModified":"2025-06-19T13:18:45+00:00","description":"Consulta la informaci\u00f3n pr\u00e1ctica sobre tu sauna, incluidos los horarios de apertura y las normas de acceso.","breadcrumb":{"@id":"https:\/\/atlantide-sauna.com\/es\/faq-informacion-practica\/#breadcrumb"},"inLanguage":"es","potentialAction":[{"@type":"ReadAction","target":["https:\/\/atlantide-sauna.com\/es\/faq-informacion-practica\/"]}]},{"@type":"ImageObject","inLanguage":"es","@id":"https:\/\/atlantide-sauna.com\/es\/faq-informacion-practica\/#primaryimage","url":"https:\/\/i0.wp.com\/atlantide-sauna.com\/wp-content\/uploads\/2014\/04\/ASH_IMG_0180_675_1200-e1748345108440.jpg?fit=675%2C380&ssl=1","contentUrl":"https:\/\/i0.wp.com\/atlantide-sauna.com\/wp-content\/uploads\/2014\/04\/ASH_IMG_0180_675_1200-e1748345108440.jpg?fit=675%2C380&ssl=1","width":675,"height":380,"caption":"Atlantide Sauna Paris - Informations pratiques"},{"@type":"BreadcrumbList","@id":"https:\/\/atlantide-sauna.com\/es\/faq-informacion-practica\/#breadcrumb","itemListElement":[{"@type":"ListItem","position":1,"name":"Accueil","item":"https:\/\/atlantide-sauna.com\/es\/inicio\/"},{"@type":"ListItem","position":2,"name":"Informaci\u00f3n"}]},{"@type":"WebSite","@id":"https:\/\/atlantide-sauna.com\/es\/#website","url":"https:\/\/atlantide-sauna.com\/es\/","name":"Atlantide Sauna","description":"Sauna Toutes Tendances Gay Bi Tr**","publisher":{"@id":"https:\/\/atlantide-sauna.com\/es\/#organization"},"alternateName":"Club libertin Atlantide Sauna Paris","potentialAction":[{"@type":"SearchAction","target":{"@type":"EntryPoint","urlTemplate":"https:\/\/atlantide-sauna.com\/es\/?s={search_term_string}"},"query-input":{"@type":"PropertyValueSpecification","valueRequired":true,"valueName":"search_term_string"}}],"inLanguage":"es"},{"@type":"Organization","@id":"https:\/\/atlantide-sauna.com\/es\/#organization","name":"ATLANTIDE SAUNA HAMMAM","alternateName":"ATLANTIDE SAUNA HAMMAM","url":"https:\/\/atlantide-sauna.com\/es\/","logo":{"@type":"ImageObject","inLanguage":"es","@id":"https:\/\/atlantide-sauna.com\/es\/#\/schema\/logo\/image\/","url":"https:\/\/atlantide-sauna.com\/wp-content\/uploads\/2025\/05\/ash_logo_2025_01.svg","contentUrl":"https:\/\/atlantide-sauna.com\/wp-content\/uploads\/2025\/05\/ash_logo_2025_01.svg","width":1,"height":1,"caption":"ATLANTIDE SAUNA HAMMAM"},"image":{"@id":"https:\/\/atlantide-sauna.com\/es\/#\/schema\/logo\/image\/"},"sameAs":["https:\/\/www.facebook.com\/profile.php?id=100082829877238","https:\/\/x.com\/atlantidesauna"],"description":"Sauna hammam toutes tendances. Un espace de libert\u00e9, de mixit\u00e9 et de tol\u00e9rance. Chez Atlantide Sauna vous trouverez les conditions id\u00e9ales pour vos rencontres libertines.","email":"infos@atlantide-sauna.com","telephone":"0143422243","legalName":"ATLANTIDE SAUNA HAMMAM","foundingDate":"1999-08-09","vatID":"FR39423920370","taxID":"42392037000016","numberOfEmployees":{"@type":"QuantitativeValue","minValue":"1","maxValue":"10"}}]}},"jetpack-related-posts":[{"id":1121,"url":"https:\/\/atlantide-sauna.com\/es\/sauna-hammam\/atlantis\/","url_meta":{"origin":508,"position":0},"title":"Atlantide Sauna Par\u00eds","author":"Atlantide Sauna","date":"25 de noviembre de 2014","format":false,"excerpt":"L'Atlantide Sauna es un hammam y sauna mixto de Par\u00eds, meca del libertinaje, en un esp\u00edritu de tolerancia y respeto a todas las sexualidades. L'Atlantide Sauna ha hecho todo lo posible para satisfacer tus fantas\u00edas sexuales m\u00e1s diversas y favorecer los encuentros entre libertinos, ya sean parejas homosexuales o heterosexuales.\u2026","rel":"","context":"En \u00abSauna Hammam\u00bb","block_context":{"text":"Sauna Hammam","link":"https:\/\/atlantide-sauna.com\/es\/category\/sauna-hammam-es\/"},"img":{"alt_text":"Atlantide Sauna Paris","src":"https:\/\/i0.wp.com\/atlantide-sauna.com\/wp-content\/uploads\/2025\/05\/ASH_IMG2023_03-e1748970792165.jpg?fit=1200%2C675&ssl=1&resize=350%2C200","width":350,"height":200,"srcset":"https:\/\/i0.wp.com\/atlantide-sauna.com\/wp-content\/uploads\/2025\/05\/ASH_IMG2023_03-e1748970792165.jpg?fit=1200%2C675&ssl=1&resize=350%2C200 1x, https:\/\/i0.wp.com\/atlantide-sauna.com\/wp-content\/uploads\/2025\/05\/ASH_IMG2023_03-e1748970792165.jpg?fit=1200%2C675&ssl=1&resize=525%2C300 1.5x, https:\/\/i0.wp.com\/atlantide-sauna.com\/wp-content\/uploads\/2025\/05\/ASH_IMG2023_03-e1748970792165.jpg?fit=1200%2C675&ssl=1&resize=700%2C400 2x, https:\/\/i0.wp.com\/atlantide-sauna.com\/wp-content\/uploads\/2025\/05\/ASH_IMG2023_03-e1748970792165.jpg?fit=1200%2C675&ssl=1&resize=1050%2C600 3x"},"classes":[]},{"id":4871,"url":"https:\/\/atlantide-sauna.com\/es\/sauna-hammam\/club-bisexual-y-travesti-paris-cerca-de-la-gare-de-lyon\/","url_meta":{"origin":508,"position":1},"title":"Club bisexual y travesti Par\u00eds cerca de la Gare de Lyon","author":"Atlantide Sauna","date":"22 de mayo de 2025","format":false,"excerpt":"Club de bisexuales y travestis en Par\u00eds 12 La Sauna Atl\u00e1ntida es \u00fanica por ser una sala de vapor libertina en pleno centro de Par\u00eds. Nuestra sauna libertina de Par\u00eds Gare de Lyon acoge tanto a parejas como a amantes de los encuentros con travestis y transexuales bisexuales, heterosexuales curiosos\u2026","rel":"","context":"En \u00abSauna Hammam\u00bb","block_context":{"text":"Sauna Hammam","link":"https:\/\/atlantide-sauna.com\/es\/category\/sauna-hammam-es\/"},"img":{"alt_text":"","src":"","width":0,"height":0},"classes":[]},{"id":722,"url":"https:\/\/atlantide-sauna.com\/es\/","url_meta":{"origin":508,"position":2},"title":"Bienvenido","author":"Atlantide Sauna","date":"11 de mayo de 2025","format":false,"excerpt":"Atlantide Sauna se fund\u00f3 en 1999 para crear un espacio de libertad, diversidad y tolerancia. En este reservado CLUB, todos tus deseos y fantas\u00edas pueden expresarse en un ambiente respetuoso y amistoso. Sean cuales sean tus or\u00edgenes, cultura, edad o deseos, ser\u00e1s recibido por un personal sonriente, atento y cari\u00f1oso.\u2026","rel":"","context":"Entrada similar","block_context":{"text":"Entrada similar","link":""},"img":{"alt_text":"Atlantide Sauna Paris - Club libertin toutes tendance - Gare de Lyon","src":"https:\/\/i0.wp.com\/atlantide-sauna.com\/wp-content\/uploads\/2025\/06\/ASH_IMG2025_000.jpg?fit=1200%2C675&ssl=1&resize=350%2C200","width":350,"height":200,"srcset":"https:\/\/i0.wp.com\/atlantide-sauna.com\/wp-content\/uploads\/2025\/06\/ASH_IMG2025_000.jpg?fit=1200%2C675&ssl=1&resize=350%2C200 1x, https:\/\/i0.wp.com\/atlantide-sauna.com\/wp-content\/uploads\/2025\/06\/ASH_IMG2025_000.jpg?fit=1200%2C675&ssl=1&resize=525%2C300 1.5x, https:\/\/i0.wp.com\/atlantide-sauna.com\/wp-content\/uploads\/2025\/06\/ASH_IMG2025_000.jpg?fit=1200%2C675&ssl=1&resize=700%2C400 2x, https:\/\/i0.wp.com\/atlantide-sauna.com\/wp-content\/uploads\/2025\/06\/ASH_IMG2025_000.jpg?fit=1200%2C675&ssl=1&resize=1050%2C600 3x"},"classes":[]},{"id":4867,"url":"https:\/\/atlantide-sauna.com\/es\/sauna-hammam\/rencontre-coquines-paris-12\/","url_meta":{"origin":508,"position":3},"title":"Rencontre coquines Par\u00eds 12","author":"Atlantide Sauna","date":"22 de mayo de 2025","format":false,"excerpt":"Rencontre coquines Par\u00eds 12 Si te va el libertinaje pansexual y el candaulismo, ahora tienes un lugar donde reunirte en Par\u00eds, cerca de la Gare de Lyon: Atlantide Sauna. Abierta 7 d\u00edas a la semana, somos una sauna hammam mixta donde la cortes\u00eda y la tolerancia son la norma. En\u2026","rel":"","context":"En \u00abSauna Hammam\u00bb","block_context":{"text":"Sauna Hammam","link":"https:\/\/atlantide-sauna.com\/es\/category\/sauna-hammam-es\/"},"img":{"alt_text":"","src":"","width":0,"height":0},"classes":[]},{"id":1146,"url":"https:\/\/atlantide-sauna.com\/es\/sauna-hammam\/opinion-sauna-atlantide\/","url_meta":{"origin":508,"position":4},"title":"Opini\u00f3n sauna atlantide","author":"Atlantide Sauna","date":"22 de mayo de 2025","format":false,"excerpt":"La Sauna Atlantide combina el placer de tus encuentros traviesos con sus lujosas y relajantes instalaciones, todo ello en un ambiente acogedor. M\u00e1s informaci\u00f3n sobre : Sauna Atlantide L'Atlantide Sauna, a tiro de piedra de la Gare de Lyon, es el primer club privado para encuentros libertinos de todo tipo\u2026","rel":"","context":"En \u00abSauna Hammam\u00bb","block_context":{"text":"Sauna Hammam","link":"https:\/\/atlantide-sauna.com\/es\/category\/sauna-hammam-es\/"},"img":{"alt_text":"","src":"","width":0,"height":0},"classes":[]},{"id":670,"url":"https:\/\/atlantide-sauna.com\/es\/informacion-legal-y-rgpd\/","url_meta":{"origin":508,"position":5},"title":"Informaci\u00f3n legal y RGPD","author":"Atlantide Sauna","date":"20 de mayo de 2020","format":false,"excerpt":"Definiciones Cliente: Toda persona f\u00edsica profesional o capaz en el sentido de los art\u00edculos 1123 y siguientes del C\u00f3digo Civil franc\u00e9s, o persona jur\u00eddica, que visite el Sitio objeto de las presentes Condiciones Generales. Servicios: ATLANTIDE SAUNA proporciona a sus clientes : Contenido: Todos los elementos que componen la informaci\u00f3n\u2026","rel":"","context":"En \u00abAtl\u00e1ntida-Sauna\u00bb","block_context":{"text":"Atl\u00e1ntida-Sauna","link":"https:\/\/atlantide-sauna.com\/es\/category\/atlantida-sauna\/"},"img":{"alt_text":"","src":"","width":0,"height":0},"classes":[]}],"jetpack_sharing_enabled":true,"_links":{"self":[{"href":"https:\/\/atlantide-sauna.com\/es\/wp-json\/wp\/v2\/pages\/508","targetHints":{"allow":["GET"]}}],"collection":[{"href":"https:\/\/atlantide-sauna.com\/es\/wp-json\/wp\/v2\/pages"}],"about":[{"href":"https:\/\/atlantide-sauna.com\/es\/wp-json\/wp\/v2\/types\/page"}],"author":[{"embeddable":true,"href":"https:\/\/atlantide-sauna.com\/es\/wp-json\/wp\/v2\/users\/4"}],"replies":[{"embeddable":true,"href":"https:\/\/atlantide-sauna.com\/es\/wp-json\/wp\/v2\/comments?post=508"}],"version-history":[{"count":5,"href":"https:\/\/atlantide-sauna.com\/es\/wp-json\/wp\/v2\/pages\/508\/revisions"}],"predecessor-version":[{"id":4622,"href":"https:\/\/atlantide-sauna.com\/es\/wp-json\/wp\/v2\/pages\/508\/revisions\/4622"}],"wp:featuredmedia":[{"embeddable":true,"href":"https:\/\/atlantide-sauna.com\/es\/wp-json\/wp\/v2\/media\/218"}],"wp:attachment":[{"href":"https:\/\/atlantide-sauna.com\/es\/wp-json\/wp\/v2\/media?parent=508"}],"curies":[{"name":"wp","href":"https:\/\/api.w.org\/{rel}","templated":true}]}}