{"id":5085,"date":"2025-05-22T19:20:03","date_gmt":"2025-05-22T17:20:03","guid":{"rendered":"https:\/\/atlantide-sauna.com\/sauna-hammam\/sauna-hammam-pareja-paris\/"},"modified":"2025-05-22T19:20:03","modified_gmt":"2025-05-22T17:20:03","slug":"sauna-hammam-pareja-paris","status":"publish","type":"page","link":"https:\/\/atlantide-sauna.com\/es\/sauna-hammam\/sauna-hammam-pareja-paris\/","title":{"rendered":"Sauna hammam pareja paris"},"content":{"rendered":"<p class=\"chapo\">En Atlantide Sauna encontrar\u00e1s las condiciones ideales para tus encuentros libertinos. En el bar, el hammam o la sauna, disfruta de la relajaci\u00f3n en un ambiente agradable. Las zonas de relajaci\u00f3n privadas o colectivas est\u00e1n a tu disposici\u00f3n para que des rienda suelta a tus sentidos.  <\/p>\n<p id=\"cta\">M\u00e1s informaci\u00f3n sobre : <a href=\"http:\/\/www.atlantide-sauna.com\/\">Sauna hammam pareja paris<\/a><\/p>\n<p>Cuando cruces la puerta de la Sauna Atlantide, ver\u00e1s que todo est\u00e1 hecho para favorecer los encuentros, la relajaci\u00f3n y una amplia gama de actividades sexuales. Del bar a las salas de v\u00eddeo, pasar\u00e1s al hammam, alicatado y perfumado con aceites esenciales. <\/p>\n<h2>Instalaciones especiales para tu relajaci\u00f3n y sexualidad<\/h2>\n<p>La sauna y la sala de vapor disponen de todas las instalaciones necesarias para dar rienda suelta a tus fantas\u00edas m\u00e1s salvajes. Puedes alquilar albornoces y sandalias, y se ofrecen toallas, gel lubricante y preservativos. Por supuesto, en l&#8217;Atlantide la higiene absoluta es una obligaci\u00f3n.  <\/p>\n<p id=\"nl\">Otras b\u00fasquedas: <a href=\"http:\/\/www.atlantide-sauna.com\/sauna-hammam\/sauna-mixte-couples\">Sauna mixta para parejas<\/a>, <a href=\"http:\/\/www.atlantide-sauna.com\/sauna-hammam\/hammam-sauna\">Sauna hammam<\/a>, <a href=\"http:\/\/www.atlantide-sauna.com\/sauna-hammam\/rencontres-libertines\">Encuentros libertinos<\/a>.<\/p>\n","protected":false},"excerpt":{"rendered":"<p>En Atlantide Sauna encontrar\u00e1s las condiciones ideales para tus encuentros libertinos. En el bar, el hammam o la sauna, disfruta de la relajaci\u00f3n en un ambiente agradable. Las zonas de relajaci\u00f3n privadas o colectivas est\u00e1n a tu disposici\u00f3n para que des rienda suelta a tus sentidos. M\u00e1s informaci\u00f3n sobre : Sauna hammam pareja paris Cuando [&hellip;]<\/p>\n","protected":false},"author":4,"featured_media":5079,"parent":1103,"menu_order":33,"comment_status":"closed","ping_status":"closed","template":"","meta":{"footnotes":""},"class_list":["post-5085","page","type-page","status-publish","has-post-thumbnail","hentry"],"yoast_head":"<!-- This site is optimized with the Yoast SEO Premium plugin v27.5 (Yoast SEO v27.5) - https:\/\/yoast.com\/product\/yoast-seo-premium-wordpress\/ -->\n<title>Equipamiento especial para que florezca tu sexualidad %sepsitename%%<\/title>\n<meta name=\"description\" content=\"La Sauna L&#039;Atlantide ofrece instalaciones espec\u00edficas para la relajaci\u00f3n y la sexualidad, promoviendo encuentros \u00fanicos.\" \/>\n<meta name=\"robots\" content=\"index, follow, max-snippet:-1, max-image-preview:large, max-video-preview:-1\" \/>\n<link rel=\"canonical\" href=\"https:\/\/atlantide-sauna.com\/es\/sauna-hammam\/sauna-hammam-pareja-paris\/\" \/>\n<meta property=\"og:locale\" content=\"es_ES\" \/>\n<meta property=\"og:type\" content=\"article\" \/>\n<meta property=\"og:title\" content=\"Sauna hammam pareja paris\" \/>\n<meta property=\"og:description\" content=\"La Sauna L&#039;Atlantide ofrece instalaciones espec\u00edficas para la relajaci\u00f3n y la sexualidad, promoviendo encuentros \u00fanicos.\" \/>\n<meta property=\"og:url\" content=\"https:\/\/atlantide-sauna.com\/es\/sauna-hammam\/sauna-hammam-pareja-paris\/\" \/>\n<meta property=\"og:site_name\" content=\"Atlantide Sauna\" \/>\n<meta property=\"article:publisher\" content=\"https:\/\/www.facebook.com\/profile.php?id=100082829877238\" \/>\n<meta property=\"og:image\" content=\"https:\/\/atlantide-sauna.com\/wp-content\/uploads\/2025\/10\/ASH_IMG2025_014.jpg\" \/>\n\t<meta property=\"og:image:width\" content=\"1440\" \/>\n\t<meta property=\"og:image:height\" content=\"810\" \/>\n\t<meta property=\"og:image:type\" content=\"image\/jpeg\" \/>\n<meta name=\"twitter:card\" content=\"summary_large_image\" \/>\n<meta name=\"twitter:site\" content=\"@atlantidesauna\" \/>\n<meta name=\"twitter:label1\" content=\"Tiempo de lectura\" \/>\n\t<meta name=\"twitter:data1\" content=\"1 minuto\" \/>\n<script type=\"application\/ld+json\" class=\"yoast-schema-graph\">{\"@context\":\"https:\\\/\\\/schema.org\",\"@graph\":[{\"@type\":\"WebPage\",\"@id\":\"https:\\\/\\\/atlantide-sauna.com\\\/es\\\/sauna-hammam\\\/sauna-hammam-pareja-paris\\\/\",\"url\":\"https:\\\/\\\/atlantide-sauna.com\\\/es\\\/sauna-hammam\\\/sauna-hammam-pareja-paris\\\/\",\"name\":\"Equipamiento especial para que florezca tu sexualidad %sepsitename%%\",\"isPartOf\":{\"@id\":\"https:\\\/\\\/atlantide-sauna.com\\\/es\\\/#website\"},\"primaryImageOfPage\":{\"@id\":\"https:\\\/\\\/atlantide-sauna.com\\\/es\\\/sauna-hammam\\\/sauna-hammam-pareja-paris\\\/#primaryimage\"},\"image\":{\"@id\":\"https:\\\/\\\/atlantide-sauna.com\\\/es\\\/sauna-hammam\\\/sauna-hammam-pareja-paris\\\/#primaryimage\"},\"thumbnailUrl\":\"https:\\\/\\\/i0.wp.com\\\/atlantide-sauna.com\\\/wp-content\\\/uploads\\\/2025\\\/10\\\/ASH_IMG2025_014.jpg?fit=1440%2C810&ssl=1\",\"datePublished\":\"2025-05-22T17:20:03+00:00\",\"description\":\"La Sauna L'Atlantide ofrece instalaciones espec\u00edficas para la relajaci\u00f3n y la sexualidad, promoviendo encuentros \u00fanicos.\",\"breadcrumb\":{\"@id\":\"https:\\\/\\\/atlantide-sauna.com\\\/es\\\/sauna-hammam\\\/sauna-hammam-pareja-paris\\\/#breadcrumb\"},\"inLanguage\":\"es\",\"potentialAction\":[{\"@type\":\"ReadAction\",\"target\":[\"https:\\\/\\\/atlantide-sauna.com\\\/es\\\/sauna-hammam\\\/sauna-hammam-pareja-paris\\\/\"]}]},{\"@type\":\"ImageObject\",\"inLanguage\":\"es\",\"@id\":\"https:\\\/\\\/atlantide-sauna.com\\\/es\\\/sauna-hammam\\\/sauna-hammam-pareja-paris\\\/#primaryimage\",\"url\":\"https:\\\/\\\/i0.wp.com\\\/atlantide-sauna.com\\\/wp-content\\\/uploads\\\/2025\\\/10\\\/ASH_IMG2025_014.jpg?fit=1440%2C810&ssl=1\",\"contentUrl\":\"https:\\\/\\\/i0.wp.com\\\/atlantide-sauna.com\\\/wp-content\\\/uploads\\\/2025\\\/10\\\/ASH_IMG2025_014.jpg?fit=1440%2C810&ssl=1\",\"width\":1440,\"height\":810},{\"@type\":\"BreadcrumbList\",\"@id\":\"https:\\\/\\\/atlantide-sauna.com\\\/es\\\/sauna-hammam\\\/sauna-hammam-pareja-paris\\\/#breadcrumb\",\"itemListElement\":[{\"@type\":\"ListItem\",\"position\":1,\"name\":\"Accueil\",\"item\":\"https:\\\/\\\/atlantide-sauna.com\\\/es\\\/inicio\\\/\"},{\"@type\":\"ListItem\",\"position\":2,\"name\":\"Sauna Hammam\",\"item\":\"https:\\\/\\\/atlantide-sauna.com\\\/es\\\/sauna-hammam\\\/\"},{\"@type\":\"ListItem\",\"position\":3,\"name\":\"Sauna hammam pareja paris\"}]},{\"@type\":\"WebSite\",\"@id\":\"https:\\\/\\\/atlantide-sauna.com\\\/es\\\/#website\",\"url\":\"https:\\\/\\\/atlantide-sauna.com\\\/es\\\/\",\"name\":\"Atlantide Sauna\",\"description\":\"Sauna Toutes Tendances Gay Bi Tr**\",\"publisher\":{\"@id\":\"https:\\\/\\\/atlantide-sauna.com\\\/es\\\/#organization\"},\"alternateName\":\"Club libertin Atlantide Sauna Paris\",\"potentialAction\":[{\"@type\":\"SearchAction\",\"target\":{\"@type\":\"EntryPoint\",\"urlTemplate\":\"https:\\\/\\\/atlantide-sauna.com\\\/es\\\/?s={search_term_string}\"},\"query-input\":{\"@type\":\"PropertyValueSpecification\",\"valueRequired\":true,\"valueName\":\"search_term_string\"}}],\"inLanguage\":\"es\"},{\"@type\":\"Organization\",\"@id\":\"https:\\\/\\\/atlantide-sauna.com\\\/es\\\/#organization\",\"name\":\"ATLANTIDE SAUNA HAMMAM\",\"alternateName\":\"ATLANTIDE SAUNA HAMMAM\",\"url\":\"https:\\\/\\\/atlantide-sauna.com\\\/es\\\/\",\"logo\":{\"@type\":\"ImageObject\",\"inLanguage\":\"es\",\"@id\":\"https:\\\/\\\/atlantide-sauna.com\\\/es\\\/#\\\/schema\\\/logo\\\/image\\\/\",\"url\":\"https:\\\/\\\/atlantide-sauna.com\\\/wp-content\\\/uploads\\\/2025\\\/05\\\/ash_logo_2025_01.svg\",\"contentUrl\":\"https:\\\/\\\/atlantide-sauna.com\\\/wp-content\\\/uploads\\\/2025\\\/05\\\/ash_logo_2025_01.svg\",\"width\":1,\"height\":1,\"caption\":\"ATLANTIDE SAUNA HAMMAM\"},\"image\":{\"@id\":\"https:\\\/\\\/atlantide-sauna.com\\\/es\\\/#\\\/schema\\\/logo\\\/image\\\/\"},\"sameAs\":[\"https:\\\/\\\/www.facebook.com\\\/profile.php?id=100082829877238\",\"https:\\\/\\\/x.com\\\/atlantidesauna\"],\"description\":\"Sauna hammam toutes tendances. Un espace de libert\u00e9, de mixit\u00e9 et de tol\u00e9rance. Chez Atlantide Sauna vous trouverez les conditions id\u00e9ales pour vos rencontres libertines.\",\"email\":\"infos@atlantide-sauna.com\",\"telephone\":\"0143422243\",\"legalName\":\"ATLANTIDE SAUNA HAMMAM\",\"foundingDate\":\"1999-08-09\",\"vatID\":\"FR39423920370\",\"taxID\":\"42392037000016\",\"numberOfEmployees\":{\"@type\":\"QuantitativeValue\",\"minValue\":\"1\",\"maxValue\":\"10\"}}]}<\/script>\n<!-- \/ Yoast SEO Premium plugin. -->","yoast_head_json":{"title":"Equipamiento especial para que florezca tu sexualidad %sepsitename%%","description":"La Sauna L'Atlantide ofrece instalaciones espec\u00edficas para la relajaci\u00f3n y la sexualidad, promoviendo encuentros \u00fanicos.","robots":{"index":"index","follow":"follow","max-snippet":"max-snippet:-1","max-image-preview":"max-image-preview:large","max-video-preview":"max-video-preview:-1"},"canonical":"https:\/\/atlantide-sauna.com\/es\/sauna-hammam\/sauna-hammam-pareja-paris\/","og_locale":"es_ES","og_type":"article","og_title":"Sauna hammam pareja paris","og_description":"La Sauna L'Atlantide ofrece instalaciones espec\u00edficas para la relajaci\u00f3n y la sexualidad, promoviendo encuentros \u00fanicos.","og_url":"https:\/\/atlantide-sauna.com\/es\/sauna-hammam\/sauna-hammam-pareja-paris\/","og_site_name":"Atlantide Sauna","article_publisher":"https:\/\/www.facebook.com\/profile.php?id=100082829877238","og_image":[{"width":1440,"height":810,"url":"https:\/\/atlantide-sauna.com\/wp-content\/uploads\/2025\/10\/ASH_IMG2025_014.jpg","type":"image\/jpeg"}],"twitter_card":"summary_large_image","twitter_site":"@atlantidesauna","twitter_misc":{"Tiempo de lectura":"1 minuto"},"schema":{"@context":"https:\/\/schema.org","@graph":[{"@type":"WebPage","@id":"https:\/\/atlantide-sauna.com\/es\/sauna-hammam\/sauna-hammam-pareja-paris\/","url":"https:\/\/atlantide-sauna.com\/es\/sauna-hammam\/sauna-hammam-pareja-paris\/","name":"Equipamiento especial para que florezca tu sexualidad %sepsitename%%","isPartOf":{"@id":"https:\/\/atlantide-sauna.com\/es\/#website"},"primaryImageOfPage":{"@id":"https:\/\/atlantide-sauna.com\/es\/sauna-hammam\/sauna-hammam-pareja-paris\/#primaryimage"},"image":{"@id":"https:\/\/atlantide-sauna.com\/es\/sauna-hammam\/sauna-hammam-pareja-paris\/#primaryimage"},"thumbnailUrl":"https:\/\/i0.wp.com\/atlantide-sauna.com\/wp-content\/uploads\/2025\/10\/ASH_IMG2025_014.jpg?fit=1440%2C810&ssl=1","datePublished":"2025-05-22T17:20:03+00:00","description":"La Sauna L'Atlantide ofrece instalaciones espec\u00edficas para la relajaci\u00f3n y la sexualidad, promoviendo encuentros \u00fanicos.","breadcrumb":{"@id":"https:\/\/atlantide-sauna.com\/es\/sauna-hammam\/sauna-hammam-pareja-paris\/#breadcrumb"},"inLanguage":"es","potentialAction":[{"@type":"ReadAction","target":["https:\/\/atlantide-sauna.com\/es\/sauna-hammam\/sauna-hammam-pareja-paris\/"]}]},{"@type":"ImageObject","inLanguage":"es","@id":"https:\/\/atlantide-sauna.com\/es\/sauna-hammam\/sauna-hammam-pareja-paris\/#primaryimage","url":"https:\/\/i0.wp.com\/atlantide-sauna.com\/wp-content\/uploads\/2025\/10\/ASH_IMG2025_014.jpg?fit=1440%2C810&ssl=1","contentUrl":"https:\/\/i0.wp.com\/atlantide-sauna.com\/wp-content\/uploads\/2025\/10\/ASH_IMG2025_014.jpg?fit=1440%2C810&ssl=1","width":1440,"height":810},{"@type":"BreadcrumbList","@id":"https:\/\/atlantide-sauna.com\/es\/sauna-hammam\/sauna-hammam-pareja-paris\/#breadcrumb","itemListElement":[{"@type":"ListItem","position":1,"name":"Accueil","item":"https:\/\/atlantide-sauna.com\/es\/inicio\/"},{"@type":"ListItem","position":2,"name":"Sauna Hammam","item":"https:\/\/atlantide-sauna.com\/es\/sauna-hammam\/"},{"@type":"ListItem","position":3,"name":"Sauna hammam pareja paris"}]},{"@type":"WebSite","@id":"https:\/\/atlantide-sauna.com\/es\/#website","url":"https:\/\/atlantide-sauna.com\/es\/","name":"Atlantide Sauna","description":"Sauna Toutes Tendances Gay Bi Tr**","publisher":{"@id":"https:\/\/atlantide-sauna.com\/es\/#organization"},"alternateName":"Club libertin Atlantide Sauna Paris","potentialAction":[{"@type":"SearchAction","target":{"@type":"EntryPoint","urlTemplate":"https:\/\/atlantide-sauna.com\/es\/?s={search_term_string}"},"query-input":{"@type":"PropertyValueSpecification","valueRequired":true,"valueName":"search_term_string"}}],"inLanguage":"es"},{"@type":"Organization","@id":"https:\/\/atlantide-sauna.com\/es\/#organization","name":"ATLANTIDE SAUNA HAMMAM","alternateName":"ATLANTIDE SAUNA HAMMAM","url":"https:\/\/atlantide-sauna.com\/es\/","logo":{"@type":"ImageObject","inLanguage":"es","@id":"https:\/\/atlantide-sauna.com\/es\/#\/schema\/logo\/image\/","url":"https:\/\/atlantide-sauna.com\/wp-content\/uploads\/2025\/05\/ash_logo_2025_01.svg","contentUrl":"https:\/\/atlantide-sauna.com\/wp-content\/uploads\/2025\/05\/ash_logo_2025_01.svg","width":1,"height":1,"caption":"ATLANTIDE SAUNA HAMMAM"},"image":{"@id":"https:\/\/atlantide-sauna.com\/es\/#\/schema\/logo\/image\/"},"sameAs":["https:\/\/www.facebook.com\/profile.php?id=100082829877238","https:\/\/x.com\/atlantidesauna"],"description":"Sauna hammam toutes tendances. Un espace de libert\u00e9, de mixit\u00e9 et de tol\u00e9rance. Chez Atlantide Sauna vous trouverez les conditions id\u00e9ales pour vos rencontres libertines.","email":"infos@atlantide-sauna.com","telephone":"0143422243","legalName":"ATLANTIDE SAUNA HAMMAM","foundingDate":"1999-08-09","vatID":"FR39423920370","taxID":"42392037000016","numberOfEmployees":{"@type":"QuantitativeValue","minValue":"1","maxValue":"10"}}]}},"jetpack_sharing_enabled":true,"_links":{"self":[{"href":"https:\/\/atlantide-sauna.com\/es\/wp-json\/wp\/v2\/pages\/5085","targetHints":{"allow":["GET"]}}],"collection":[{"href":"https:\/\/atlantide-sauna.com\/es\/wp-json\/wp\/v2\/pages"}],"about":[{"href":"https:\/\/atlantide-sauna.com\/es\/wp-json\/wp\/v2\/types\/page"}],"author":[{"embeddable":true,"href":"https:\/\/atlantide-sauna.com\/es\/wp-json\/wp\/v2\/users\/4"}],"replies":[{"embeddable":true,"href":"https:\/\/atlantide-sauna.com\/es\/wp-json\/wp\/v2\/comments?post=5085"}],"version-history":[{"count":0,"href":"https:\/\/atlantide-sauna.com\/es\/wp-json\/wp\/v2\/pages\/5085\/revisions"}],"up":[{"embeddable":true,"href":"https:\/\/atlantide-sauna.com\/es\/wp-json\/wp\/v2\/pages\/1103"}],"wp:featuredmedia":[{"embeddable":true,"href":"https:\/\/atlantide-sauna.com\/es\/wp-json\/wp\/v2\/media\/5079"}],"wp:attachment":[{"href":"https:\/\/atlantide-sauna.com\/es\/wp-json\/wp\/v2\/media?parent=5085"}],"curies":[{"name":"wp","href":"https:\/\/api.w.org\/{rel}","templated":true}]}}