{"id":6128,"date":"2025-11-05T18:09:59","date_gmt":"2025-11-05T17:09:59","guid":{"rendered":"https:\/\/atlantide-sauna.com\/entradas-2\/"},"modified":"2025-11-28T16:34:46","modified_gmt":"2025-11-28T15:34:46","slug":"entradas-2","status":"publish","type":"page","link":"https:\/\/atlantide-sauna.com\/es\/entradas\/entradas-2\/","title":{"rendered":"Entradas"},"content":{"rendered":"<h1 class=\"uk-h2 uk-text-success uk-scrollspy-inview\">Pr\u00eat \u00e0 vivre une exp\u00e9rience ? Achetez vos billets maintenant et pr\u00e9parez-vous \u00e0 un moment inoubliable !<\/h1>\n<div class=\"uk-panel uk-text-lead uk-margin uk-scrollspy-inview\">\n<p>Achetez vos tickets d&#8217;entr\u00e9e \u00e0 l&#8217;avance. B\u00e9n\u00e9ficiez d&#8217;avantages exclusifs d\u00e8s votre arriv\u00e9e dans l&#8217;\u00e9tablissement.<br \/>Un processus rapide et fluide : En quelques clics, vos billets sont r\u00e9serv\u00e9s et pr\u00eats \u00e0 \u00eatre scann\u00e9s \u00e0 votre arriv\u00e9e.<\/p>\n<p>D\u00e9couvrez une <span class=\"followup-block followup-block-hidden cursor-pointer outline-none static inline group-hover\/message:[--hover-opacity:1]\" tabindex=\"0\" data-question=\"Quels types d'exp\u00e9riences uniques sont propos\u00e9es pour un visiteur seul ?\" aria-haspopup=\"dialog\" aria-expanded=\"false\" aria-controls=\"radix-_r_33_\" data-state=\"closed\">exp\u00e9rience unique<\/span>, \u00e0 votre rythme et sans attente. Que ce soit pour une premi\u00e8re <span class=\"followup-block followup-block-hidden cursor-pointer outline-none static inline group-hover\/message:[--hover-opacity:1]\" tabindex=\"0\" data-question=\"Pouvez-vous donner des exemples concrets d'aventures insolites ou de moments de d\u00e9tente inclus dans l'offre ?\" aria-haspopup=\"dialog\" aria-expanded=\"false\" aria-controls=\"radix-_r_34_\" data-state=\"closed\">visite, une aventure insolite ou un moment de d\u00e9tente<\/span>, nos tarifs r\u00e9duits vous permettent de profiter pleinement de l\u2019instant, sans vous ruiner.<\/p>\n<p>Consulter notre\u00a0<a href=\"https:\/\/atlantide-sauna.com\/remboursements_retours\/\" target=\"_blank\" rel=\"noopener\">Politique en mati\u00e8re de remboursements et de retours<\/a>\u00a0et notre\u00a0<a href=\"https:\/\/atlantide-sauna.com\/politique-de-confidentialite\/\" target=\"_blank\" rel=\"noopener\">Politique de confidentialit\u00e9<\/a>.<img data-recalc-dims=\"1\" loading=\"lazy\" decoding=\"async\" class=\"alignnone size-medium wp-image-5874\" src=\"https:\/\/i0.wp.com\/atlantide-sauna.com\/wp-content\/uploads\/2025\/10\/xlogo_payzen_cb-300x53.png.pagespeed.ic.h7XjdMumH2.webp?resize=300%2C53&#038;ssl=1\" alt=\"\" width=\"300\" height=\"53\" \/><br \/>Paiements s\u00e9curis\u00e9s avec\u00a0<a href=\"https:\/\/www.payzen.eu\/\" target=\"_blank\" rel=\"noopener\">PayZen<\/a> : Plateforme de paiement Made in France <a href=\"https:\/\/atlantide-sauna.com\/wp-content\/uploads\/2025\/11\/fr.svg\"><img decoding=\"async\" class=\"alignnone size-full wp-image-6117\" src=\"https:\/\/atlantide-sauna.com\/wp-content\/uploads\/2025\/11\/fr.svg\" alt=\"\" \/><\/a><\/p>\n<p>#billetterie-tickets #billetterie #tickets<\/p>\n<\/div>\n","protected":false},"excerpt":{"rendered":"<p>Pr\u00eat \u00e0 vivre une exp\u00e9rience ? Achetez vos billets maintenant et pr\u00e9parez-vous \u00e0 un moment inoubliable ! Achetez vos tickets d&#8217;entr\u00e9e \u00e0 l&#8217;avance. B\u00e9n\u00e9ficiez d&#8217;avantages exclusifs d\u00e8s votre arriv\u00e9e dans l&#8217;\u00e9tablissement.Un processus rapide et fluide : En quelques clics, vos billets sont r\u00e9serv\u00e9s et pr\u00eats \u00e0 \u00eatre scann\u00e9s \u00e0 votre arriv\u00e9e. D\u00e9couvrez une exp\u00e9rience unique, [&hellip;]<\/p>\n","protected":false},"author":4,"featured_media":6061,"parent":5909,"menu_order":0,"comment_status":"closed","ping_status":"closed","template":"","meta":{"footnotes":""},"class_list":["post-6128","page","type-page","status-publish","has-post-thumbnail","hentry"],"yoast_head":"<!-- This site is optimized with the Yoast SEO Premium plugin v27.2 (Yoast SEO v27.2) - https:\/\/yoast.com\/product\/yoast-seo-premium-wordpress\/ -->\n<title>\u00a1Compra tus entradas para divertirte - Atlantide Sauna!<\/title>\n<meta name=\"description\" content=\"Disfruta de una experiencia \u00fanica por tu cuenta o con otras personas comprando tus entradas por adelantado para tener acceso inmediato a los placeres compartidos.\" \/>\n<meta name=\"robots\" content=\"index, follow, max-snippet:-1, max-image-preview:large, max-video-preview:-1\" \/>\n<link rel=\"canonical\" href=\"https:\/\/atlantide-sauna.com\/es\/entradas\/entradas-2\/\" \/>\n<meta property=\"og:locale\" content=\"es_ES\" \/>\n<meta property=\"og:type\" content=\"article\" \/>\n<meta property=\"og:title\" content=\"Entradas\" \/>\n<meta property=\"og:description\" content=\"Disfruta de una experiencia \u00fanica por tu cuenta o con otras personas comprando tus entradas por adelantado para tener acceso inmediato a los placeres compartidos.\" \/>\n<meta property=\"og:url\" content=\"https:\/\/atlantide-sauna.com\/es\/entradas\/entradas-2\/\" \/>\n<meta property=\"og:site_name\" content=\"Atlantide Sauna\" \/>\n<meta property=\"article:publisher\" content=\"https:\/\/www.facebook.com\/profile.php?id=100082829877238\" \/>\n<meta property=\"article:modified_time\" content=\"2025-11-28T15:34:46+00:00\" \/>\n<meta property=\"og:image\" content=\"https:\/\/atlantide-sauna.com\/wp-content\/uploads\/2025\/11\/ash_billetterie_2025-11_2.jpg\" \/>\n\t<meta property=\"og:image:width\" content=\"600\" \/>\n\t<meta property=\"og:image:height\" content=\"300\" \/>\n\t<meta property=\"og:image:type\" content=\"image\/jpeg\" \/>\n<meta name=\"twitter:card\" content=\"summary_large_image\" \/>\n<meta name=\"twitter:site\" content=\"@atlantidesauna\" \/>\n<meta name=\"twitter:label1\" content=\"Tiempo de lectura\" \/>\n\t<meta name=\"twitter:data1\" content=\"1 minuto\" \/>\n<script type=\"application\/ld+json\" class=\"yoast-schema-graph\">{\"@context\":\"https:\/\/schema.org\",\"@graph\":[{\"@type\":\"WebPage\",\"@id\":\"https:\/\/atlantide-sauna.com\/es\/entradas\/entradas-2\/\",\"url\":\"https:\/\/atlantide-sauna.com\/es\/entradas\/entradas-2\/\",\"name\":\"\u00a1Compra tus entradas para divertirte - Atlantide Sauna!\",\"isPartOf\":{\"@id\":\"https:\/\/atlantide-sauna.com\/es\/#website\"},\"primaryImageOfPage\":{\"@id\":\"https:\/\/atlantide-sauna.com\/es\/entradas\/entradas-2\/#primaryimage\"},\"image\":{\"@id\":\"https:\/\/atlantide-sauna.com\/es\/entradas\/entradas-2\/#primaryimage\"},\"thumbnailUrl\":\"https:\/\/i0.wp.com\/atlantide-sauna.com\/wp-content\/uploads\/2025\/11\/ash_billetterie_2025-11_2.jpg?fit=600%2C300&ssl=1\",\"datePublished\":\"2025-11-05T17:09:59+00:00\",\"dateModified\":\"2025-11-28T15:34:46+00:00\",\"description\":\"Disfruta de una experiencia \u00fanica por tu cuenta o con otras personas comprando tus entradas por adelantado para tener acceso inmediato a los placeres compartidos.\",\"breadcrumb\":{\"@id\":\"https:\/\/atlantide-sauna.com\/es\/entradas\/entradas-2\/#breadcrumb\"},\"inLanguage\":\"es\",\"potentialAction\":[{\"@type\":\"ReadAction\",\"target\":[\"https:\/\/atlantide-sauna.com\/es\/entradas\/entradas-2\/\"]}]},{\"@type\":\"ImageObject\",\"inLanguage\":\"es\",\"@id\":\"https:\/\/atlantide-sauna.com\/es\/entradas\/entradas-2\/#primaryimage\",\"url\":\"https:\/\/i0.wp.com\/atlantide-sauna.com\/wp-content\/uploads\/2025\/11\/ash_billetterie_2025-11_2.jpg?fit=600%2C300&ssl=1\",\"contentUrl\":\"https:\/\/i0.wp.com\/atlantide-sauna.com\/wp-content\/uploads\/2025\/11\/ash_billetterie_2025-11_2.jpg?fit=600%2C300&ssl=1\",\"width\":600,\"height\":300,\"caption\":\"Atlantide Sauna - Venta de entradas en l\u00ednea - Paris Gare de Lyon\"},{\"@type\":\"BreadcrumbList\",\"@id\":\"https:\/\/atlantide-sauna.com\/es\/entradas\/entradas-2\/#breadcrumb\",\"itemListElement\":[{\"@type\":\"ListItem\",\"position\":1,\"name\":\"Accueil\",\"item\":\"https:\/\/atlantide-sauna.com\/es\/inicio\/\"},{\"@type\":\"ListItem\",\"position\":2,\"name\":\"Entradas\",\"item\":\"https:\/\/atlantide-sauna.com\/es\/entradas\/\"},{\"@type\":\"ListItem\",\"position\":3,\"name\":\"Entradas\"}]},{\"@type\":\"WebSite\",\"@id\":\"https:\/\/atlantide-sauna.com\/es\/#website\",\"url\":\"https:\/\/atlantide-sauna.com\/es\/\",\"name\":\"Atlantide Sauna\",\"description\":\"Sauna Toutes Tendances Gay Bi Tr**\",\"publisher\":{\"@id\":\"https:\/\/atlantide-sauna.com\/es\/#organization\"},\"alternateName\":\"Club libertin Atlantide Sauna Paris\",\"potentialAction\":[{\"@type\":\"SearchAction\",\"target\":{\"@type\":\"EntryPoint\",\"urlTemplate\":\"https:\/\/atlantide-sauna.com\/es\/?s={search_term_string}\"},\"query-input\":{\"@type\":\"PropertyValueSpecification\",\"valueRequired\":true,\"valueName\":\"search_term_string\"}}],\"inLanguage\":\"es\"},{\"@type\":\"Organization\",\"@id\":\"https:\/\/atlantide-sauna.com\/es\/#organization\",\"name\":\"ATLANTIDE SAUNA HAMMAM\",\"alternateName\":\"ATLANTIDE SAUNA HAMMAM\",\"url\":\"https:\/\/atlantide-sauna.com\/es\/\",\"logo\":{\"@type\":\"ImageObject\",\"inLanguage\":\"es\",\"@id\":\"https:\/\/atlantide-sauna.com\/es\/#\/schema\/logo\/image\/\",\"url\":\"https:\/\/atlantide-sauna.com\/wp-content\/uploads\/2025\/05\/ash_logo_2025_01.svg\",\"contentUrl\":\"https:\/\/atlantide-sauna.com\/wp-content\/uploads\/2025\/05\/ash_logo_2025_01.svg\",\"width\":1,\"height\":1,\"caption\":\"ATLANTIDE SAUNA HAMMAM\"},\"image\":{\"@id\":\"https:\/\/atlantide-sauna.com\/es\/#\/schema\/logo\/image\/\"},\"sameAs\":[\"https:\/\/www.facebook.com\/profile.php?id=100082829877238\",\"https:\/\/x.com\/atlantidesauna\"],\"description\":\"Sauna hammam toutes tendances. Un espace de libert\u00e9, de mixit\u00e9 et de tol\u00e9rance. Chez Atlantide Sauna vous trouverez les conditions id\u00e9ales pour vos rencontres libertines.\",\"email\":\"infos@atlantide-sauna.com\",\"telephone\":\"0143422243\",\"legalName\":\"ATLANTIDE SAUNA HAMMAM\",\"foundingDate\":\"1999-08-09\",\"vatID\":\"FR39423920370\",\"taxID\":\"42392037000016\",\"numberOfEmployees\":{\"@type\":\"QuantitativeValue\",\"minValue\":\"1\",\"maxValue\":\"10\"}}]}<\/script>\n<!-- \/ Yoast SEO Premium plugin. -->","yoast_head_json":{"title":"\u00a1Compra tus entradas para divertirte - Atlantide Sauna!","description":"Disfruta de una experiencia \u00fanica por tu cuenta o con otras personas comprando tus entradas por adelantado para tener acceso inmediato a los placeres compartidos.","robots":{"index":"index","follow":"follow","max-snippet":"max-snippet:-1","max-image-preview":"max-image-preview:large","max-video-preview":"max-video-preview:-1"},"canonical":"https:\/\/atlantide-sauna.com\/es\/entradas\/entradas-2\/","og_locale":"es_ES","og_type":"article","og_title":"Entradas","og_description":"Disfruta de una experiencia \u00fanica por tu cuenta o con otras personas comprando tus entradas por adelantado para tener acceso inmediato a los placeres compartidos.","og_url":"https:\/\/atlantide-sauna.com\/es\/entradas\/entradas-2\/","og_site_name":"Atlantide Sauna","article_publisher":"https:\/\/www.facebook.com\/profile.php?id=100082829877238","article_modified_time":"2025-11-28T15:34:46+00:00","og_image":[{"width":600,"height":300,"url":"https:\/\/atlantide-sauna.com\/wp-content\/uploads\/2025\/11\/ash_billetterie_2025-11_2.jpg","type":"image\/jpeg"}],"twitter_card":"summary_large_image","twitter_site":"@atlantidesauna","twitter_misc":{"Tiempo de lectura":"1 minuto"},"schema":{"@context":"https:\/\/schema.org","@graph":[{"@type":"WebPage","@id":"https:\/\/atlantide-sauna.com\/es\/entradas\/entradas-2\/","url":"https:\/\/atlantide-sauna.com\/es\/entradas\/entradas-2\/","name":"\u00a1Compra tus entradas para divertirte - Atlantide Sauna!","isPartOf":{"@id":"https:\/\/atlantide-sauna.com\/es\/#website"},"primaryImageOfPage":{"@id":"https:\/\/atlantide-sauna.com\/es\/entradas\/entradas-2\/#primaryimage"},"image":{"@id":"https:\/\/atlantide-sauna.com\/es\/entradas\/entradas-2\/#primaryimage"},"thumbnailUrl":"https:\/\/i0.wp.com\/atlantide-sauna.com\/wp-content\/uploads\/2025\/11\/ash_billetterie_2025-11_2.jpg?fit=600%2C300&ssl=1","datePublished":"2025-11-05T17:09:59+00:00","dateModified":"2025-11-28T15:34:46+00:00","description":"Disfruta de una experiencia \u00fanica por tu cuenta o con otras personas comprando tus entradas por adelantado para tener acceso inmediato a los placeres compartidos.","breadcrumb":{"@id":"https:\/\/atlantide-sauna.com\/es\/entradas\/entradas-2\/#breadcrumb"},"inLanguage":"es","potentialAction":[{"@type":"ReadAction","target":["https:\/\/atlantide-sauna.com\/es\/entradas\/entradas-2\/"]}]},{"@type":"ImageObject","inLanguage":"es","@id":"https:\/\/atlantide-sauna.com\/es\/entradas\/entradas-2\/#primaryimage","url":"https:\/\/i0.wp.com\/atlantide-sauna.com\/wp-content\/uploads\/2025\/11\/ash_billetterie_2025-11_2.jpg?fit=600%2C300&ssl=1","contentUrl":"https:\/\/i0.wp.com\/atlantide-sauna.com\/wp-content\/uploads\/2025\/11\/ash_billetterie_2025-11_2.jpg?fit=600%2C300&ssl=1","width":600,"height":300,"caption":"Atlantide Sauna - Venta de entradas en l\u00ednea - Paris Gare de Lyon"},{"@type":"BreadcrumbList","@id":"https:\/\/atlantide-sauna.com\/es\/entradas\/entradas-2\/#breadcrumb","itemListElement":[{"@type":"ListItem","position":1,"name":"Accueil","item":"https:\/\/atlantide-sauna.com\/es\/inicio\/"},{"@type":"ListItem","position":2,"name":"Entradas","item":"https:\/\/atlantide-sauna.com\/es\/entradas\/"},{"@type":"ListItem","position":3,"name":"Entradas"}]},{"@type":"WebSite","@id":"https:\/\/atlantide-sauna.com\/es\/#website","url":"https:\/\/atlantide-sauna.com\/es\/","name":"Atlantide Sauna","description":"Sauna Toutes Tendances Gay Bi Tr**","publisher":{"@id":"https:\/\/atlantide-sauna.com\/es\/#organization"},"alternateName":"Club libertin Atlantide Sauna Paris","potentialAction":[{"@type":"SearchAction","target":{"@type":"EntryPoint","urlTemplate":"https:\/\/atlantide-sauna.com\/es\/?s={search_term_string}"},"query-input":{"@type":"PropertyValueSpecification","valueRequired":true,"valueName":"search_term_string"}}],"inLanguage":"es"},{"@type":"Organization","@id":"https:\/\/atlantide-sauna.com\/es\/#organization","name":"ATLANTIDE SAUNA HAMMAM","alternateName":"ATLANTIDE SAUNA HAMMAM","url":"https:\/\/atlantide-sauna.com\/es\/","logo":{"@type":"ImageObject","inLanguage":"es","@id":"https:\/\/atlantide-sauna.com\/es\/#\/schema\/logo\/image\/","url":"https:\/\/atlantide-sauna.com\/wp-content\/uploads\/2025\/05\/ash_logo_2025_01.svg","contentUrl":"https:\/\/atlantide-sauna.com\/wp-content\/uploads\/2025\/05\/ash_logo_2025_01.svg","width":1,"height":1,"caption":"ATLANTIDE SAUNA HAMMAM"},"image":{"@id":"https:\/\/atlantide-sauna.com\/es\/#\/schema\/logo\/image\/"},"sameAs":["https:\/\/www.facebook.com\/profile.php?id=100082829877238","https:\/\/x.com\/atlantidesauna"],"description":"Sauna hammam toutes tendances. Un espace de libert\u00e9, de mixit\u00e9 et de tol\u00e9rance. Chez Atlantide Sauna vous trouverez les conditions id\u00e9ales pour vos rencontres libertines.","email":"infos@atlantide-sauna.com","telephone":"0143422243","legalName":"ATLANTIDE SAUNA HAMMAM","foundingDate":"1999-08-09","vatID":"FR39423920370","taxID":"42392037000016","numberOfEmployees":{"@type":"QuantitativeValue","minValue":"1","maxValue":"10"}}]}},"jetpack-related-posts":[{"id":5532,"url":"https:\/\/atlantide-sauna.com\/billetterie\/","url_meta":{"origin":6128,"position":0},"title":"Billetterie","author":"Atlantide Sauna","date":"21 de octubre de 2025","format":false,"excerpt":"IMPORTANT Les billets d'entr\u00e9e ont une validit\u00e9 de 3 mois \u00e0 partir de la date d'achat. Pr\u00eat \u00e0 vivre une exp\u00e9rience ? Achetez vos billets maintenant et pr\u00e9parez-vous \u00e0 un moment inoubliable ! Acheter vos entr\u00e9es \u00e0 l'avance. B\u00e9n\u00e9ficiez d'avantages exclusifs d\u00e8s votre arriv\u00e9e dans l'\u00e9tablissement.Un processus rapide et fluide\u2026","rel":"","context":"Entrada similar","block_context":{"text":"Entrada similar","link":""},"img":{"alt_text":"","src":"https:\/\/i0.wp.com\/atlantide-sauna.com\/wp-content\/uploads\/2025\/10\/logo_payzen_cb-300x53.png?resize=350%2C200&ssl=1","width":350,"height":200},"classes":[]},{"id":5948,"url":"https:\/\/atlantide-sauna.com\/it\/biglietti\/","url_meta":{"origin":6128,"position":1},"title":"Biglietti","author":"Atlantide Sauna","date":"21 de octubre de 2025","format":false,"excerpt":"IMPORTANT Les billets d'entr\u00e9e ont une validit\u00e9 de 3 mois \u00e0 partir de la date d'achat. Pr\u00eat \u00e0 vivre une exp\u00e9rience ? Achetez vos billets maintenant et pr\u00e9parez-vous \u00e0 un moment inoubliable ! Acheter vos entr\u00e9es \u00e0 l'avance. B\u00e9n\u00e9ficiez d'avantages exclusifs d\u00e8s votre arriv\u00e9e dans l'\u00e9tablissement.Un processus rapide et fluide\u2026","rel":"","context":"Entrada similar","block_context":{"text":"Entrada similar","link":""},"img":{"alt_text":"","src":"https:\/\/i0.wp.com\/atlantide-sauna.com\/wp-content\/uploads\/2025\/10\/logo_payzen_cb-300x53.png?resize=350%2C200&ssl=1","width":350,"height":200},"classes":[]},{"id":5897,"url":"https:\/\/atlantide-sauna.com\/de\/ticketverkauf\/","url_meta":{"origin":6128,"position":2},"title":"Ticketverkauf","author":"Atlantide Sauna","date":"21 de octubre de 2025","format":false,"excerpt":"IMPORTANT Les billets d'entr\u00e9e ont une validit\u00e9 de 3 mois \u00e0 partir de la date d'achat. Pr\u00eat \u00e0 vivre une exp\u00e9rience ? Achetez vos billets maintenant et pr\u00e9parez-vous \u00e0 un moment inoubliable ! Acheter vos entr\u00e9es \u00e0 l'avance. B\u00e9n\u00e9ficiez d'avantages exclusifs d\u00e8s votre arriv\u00e9e dans l'\u00e9tablissement.Un processus rapide et fluide\u2026","rel":"","context":"Entrada similar","block_context":{"text":"Entrada similar","link":""},"img":{"alt_text":"","src":"https:\/\/i0.wp.com\/atlantide-sauna.com\/wp-content\/uploads\/2025\/10\/logo_payzen_cb-300x53.png?resize=350%2C200&ssl=1","width":350,"height":200},"classes":[]},{"id":5909,"url":"https:\/\/atlantide-sauna.com\/es\/entradas\/","url_meta":{"origin":6128,"position":3},"title":"Entradas","author":"Atlantide Sauna","date":"21 de octubre de 2025","format":false,"excerpt":"IMPORTANT Les billets d'entr\u00e9e ont une validit\u00e9 de 3 mois \u00e0 partir de la date d'achat. Pr\u00eat \u00e0 vivre une exp\u00e9rience ? Achetez vos billets maintenant et pr\u00e9parez-vous \u00e0 un moment inoubliable ! Acheter vos entr\u00e9es \u00e0 l'avance. B\u00e9n\u00e9ficiez d'avantages exclusifs d\u00e8s votre arriv\u00e9e dans l'\u00e9tablissement.Un processus rapide et fluide\u2026","rel":"","context":"Entrada similar","block_context":{"text":"Entrada similar","link":""},"img":{"alt_text":"","src":"https:\/\/i0.wp.com\/atlantide-sauna.com\/wp-content\/uploads\/2025\/10\/logo_payzen_cb-300x53.png?resize=350%2C200&ssl=1","width":350,"height":200},"classes":[]},{"id":5914,"url":"https:\/\/atlantide-sauna.com\/en\/tickets\/","url_meta":{"origin":6128,"position":4},"title":"Tickets","author":"Atlantide Sauna","date":"21 de octubre de 2025","format":false,"excerpt":"IMPORTANT Les billets d'entr\u00e9e ont une validit\u00e9 de 3 mois \u00e0 partir de la date d'achat. Pr\u00eat \u00e0 vivre une exp\u00e9rience ? Achetez vos billets maintenant et pr\u00e9parez-vous \u00e0 un moment inoubliable ! Acheter vos entr\u00e9es \u00e0 l'avance. B\u00e9n\u00e9ficiez d'avantages exclusifs d\u00e8s votre arriv\u00e9e dans l'\u00e9tablissement.Un processus rapide et fluide\u2026","rel":"","context":"Entrada similar","block_context":{"text":"Entrada similar","link":""},"img":{"alt_text":"","src":"https:\/\/i0.wp.com\/atlantide-sauna.com\/wp-content\/uploads\/2025\/10\/logo_payzen_cb-300x53.png?resize=350%2C200&ssl=1","width":350,"height":200},"classes":[]}],"jetpack_sharing_enabled":true,"_links":{"self":[{"href":"https:\/\/atlantide-sauna.com\/es\/wp-json\/wp\/v2\/pages\/6128","targetHints":{"allow":["GET"]}}],"collection":[{"href":"https:\/\/atlantide-sauna.com\/es\/wp-json\/wp\/v2\/pages"}],"about":[{"href":"https:\/\/atlantide-sauna.com\/es\/wp-json\/wp\/v2\/types\/page"}],"author":[{"embeddable":true,"href":"https:\/\/atlantide-sauna.com\/es\/wp-json\/wp\/v2\/users\/4"}],"replies":[{"embeddable":true,"href":"https:\/\/atlantide-sauna.com\/es\/wp-json\/wp\/v2\/comments?post=6128"}],"version-history":[{"count":7,"href":"https:\/\/atlantide-sauna.com\/es\/wp-json\/wp\/v2\/pages\/6128\/revisions"}],"predecessor-version":[{"id":6312,"href":"https:\/\/atlantide-sauna.com\/es\/wp-json\/wp\/v2\/pages\/6128\/revisions\/6312"}],"up":[{"embeddable":true,"href":"https:\/\/atlantide-sauna.com\/es\/wp-json\/wp\/v2\/pages\/5909"}],"wp:featuredmedia":[{"embeddable":true,"href":"https:\/\/atlantide-sauna.com\/es\/wp-json\/wp\/v2\/media\/6061"}],"wp:attachment":[{"href":"https:\/\/atlantide-sauna.com\/es\/wp-json\/wp\/v2\/media?parent=6128"}],"curies":[{"name":"wp","href":"https:\/\/api.w.org\/{rel}","templated":true}]}}