{"id":673,"date":"2018-05-25T16:25:43","date_gmt":"2018-05-25T14:25:43","guid":{"rendered":"https:\/\/dev.atlantide-sauna.com\/politica-de-privacidad\/"},"modified":"2025-10-11T14:57:50","modified_gmt":"2025-10-11T12:57:50","slug":"politica-de-privacidad","status":"publish","type":"page","link":"https:\/\/atlantide-sauna.com\/es\/politica-de-privacidad\/","title":{"rendered":"Pol\u00edtica de privacidad"},"content":{"rendered":"<p>Fecha de entrada en vigor: 27 de mayo de 2025<\/p>\n<p>Esta Pol\u00edtica de Privacidad explica las pol\u00edticas de ATLANTIDE SAUNA HAMMAM<br \/>\nrelativas a la recogida y uso de la informaci\u00f3n que recopilamos cuando accedes a<br \/>\no https:\/\/atlantide-sauna.com (el \u201cServicio\u201d). Esta Pol\u00edtica de Privacidad describe tus derechos de privacidad y c\u00f3mo<br \/>\nest\u00e1s protegido por las leyes de privacidad. <\/p>\n<p>Al utilizar nuestro Servicio, das tu consentimiento a la recogida y uso de tu informaci\u00f3n<br \/>\nde acuerdo con esta Pol\u00edtica de Privacidad. Por favor, no accedas o utilices nuestro Servicio o<br \/>\nsi no consientes la recogida y uso de tu informaci\u00f3n tal y como se describe en esta Pol\u00edtica de Privacidad de<br \/>\n. Esta Pol\u00edtica de Privacidad ha sido creada con la ayuda <a href=\"https:\/\/cookie-script.com\/privacy-policy-generator\" target=\"_blank\" rel=\"noopener\">del Generador de Pol\u00edticas de Privacidad de CookieScript de<\/a><br \/>\n.  <\/p>\n<p>ATLANTIDE SAUNA HAMMAM puede modificar esta Pol\u00edtica de Privacidad en cualquier momento<br \/>\n, incluso sin previo aviso.<\/p>\n<p>ATLANTIDE SAUNA HAMMAM publicar\u00e1 la Pol\u00edtica de Privacidad revisada en el sitio web https:\/\/atlantide-sauna.com.<\/p>\n<h3>Recogida y uso de tus datos personales<\/h3>\n<h4>Informaci\u00f3n que recogemos<\/h4>\n<p>Cuando utilices nuestro Servicio, se te pedir\u00e1 que nos proporciones informaci\u00f3n personal<br \/>\nutilizada para contactar contigo o identificarte. https:\/\/atlantide-sauna.com recopila la siguiente informaci\u00f3n: <\/p>\n<ul>\n<li>Datos de uso<\/li>\n<li>Correo electr\u00f3nico<\/li>\n<li>Nombre<\/li>\n<\/ul>\n<p>Los datos de uso incluyen los siguientes elementos<\/p>\n<ul>\n<li>La direcci\u00f3n del Protocolo de Internet (IP) de los ordenadores que acceden al sitio web<\/li>\n<li>Peticiones de p\u00e1ginas web<\/li>\n<li>P\u00e1ginas web de aterrizaje<\/li>\n<li>Navegador utilizado para acceder al sitio<\/li>\n<li>Fecha y hora de acceso<\/li>\n<\/ul>\n<h4>C\u00f3mo recogemos la informaci\u00f3n<\/h4>\n<p>https:\/\/atlantide-sauna.com recoge y recibe informaci\u00f3n de ti de las siguientes maneras:<\/p>\n<ul>\n<li>Cuando rellenas un formulario de inscripci\u00f3n o env\u00edas de otro modo tu informaci\u00f3n personal.<\/li>\n<li>Cuando interact\u00faas con nuestro Servicio.<\/li>\n<\/ul>\n<p>Tu informaci\u00f3n se almacenar\u00e1 hasta 30 d\u00eda(s) despu\u00e9s de que<br \/>\ncancele su cuenta. Tu informaci\u00f3n puede conservarse durante periodos m\u00e1s largos a efectos de elaboraci\u00f3n de informes o mantenimiento de registros en<br \/>\n, de conformidad con la legislaci\u00f3n aplicable. La informaci\u00f3n que no permita identificarte personalmente en<br \/>\npodr\u00e1 conservarse indefinidamente.  <\/p>\n<h4>C\u00f3mo utilizamos tu informaci\u00f3n<\/h4>\n<p>https:\/\/atlantide-sauna.com puede utilizar tu informaci\u00f3n para los siguientes fines:<\/p>\n<ul>\n<li><b>Para proporcionar y mantener nuestro<\/b> Servicio, y para supervisar el uso de nuestro Servicio.<\/li>\n<li><b>Otros fines.<\/b>  ATLANTIDE SAUNA HAMMAM utilizar\u00e1 tu informaci\u00f3n para el an\u00e1lisis de datos con el fin de identificar tendencias de uso o determinar la eficacia de nuestras campa\u00f1as de marketing cuando sea razonable. Utilizaremos tu informaci\u00f3n para evaluar y mejorar nuestro Servicio, productos, servicios y esfuerzos de marketing. <\/li>\n<li><b>Recoger testimonios y comentarios de los clientes.<\/b>  Si compartes un testimonio o una rese\u00f1a sobre tu experiencia al utilizar nuestro Servicio, se compartir\u00e1 o se utilizar\u00e1 de otro modo en el Sitio Web.<\/li>\n<li><b>Informaci\u00f3n administrativa.<\/b>  Tus Datos Personales se utilizar\u00e1n para llevar a cabo nuestras pr\u00e1cticas de administraci\u00f3n del sitio web.<\/li>\n<li><b>Iniciativas de marketing y promoci\u00f3n.<\/b>  ATLANTIDE SAUNA HAMMAM utilizar\u00e1 la informaci\u00f3n no espec\u00edfica que recopile de ti para mejorar sus esfuerzos de marketing.<\/li>\n<li><b>Mantenerte informado<\/b> con noticias, informaci\u00f3n general, ofertas especiales, nuevos servicios y eventos.<\/li>\n<\/ul>\n<h4>C\u00f3mo compartimos tu informaci\u00f3n<\/h4>\n<p>ATLANTIDE SAUNA HAMMAM compartir\u00e1 tu informaci\u00f3n, cuando proceda, en las siguientes situaciones:<\/p>\n<ul>\n<li><b>Con tu consentimiento.<\/b>  ATLANTIDE SAUNA HAMMAM compartir\u00e1 tu informaci\u00f3n para cualquier fin con tu consentimiento expl\u00edcito.<\/li>\n<\/ul>\n<h4>Compartir con terceros<\/h4>\n<p>Tu informaci\u00f3n puede ser revelada por otras razones, en particular:<\/p>\n<ul>\n<li>Cumplir las leyes, reglamentos u \u00f3rdenes judiciales aplicables.<\/li>\n<li>Responder a reclamaciones de que tu uso de nuestro Servicio viola los derechos de terceros.<\/li>\n<li>Para garantizar el cumplimiento de los acuerdos que has suscrito con nosotros, incluida esta Pol\u00edtica de Privacidad.<\/li>\n<\/ul>\n<h4>Cookies<\/h4>\n<p>Las cookies son peque\u00f1os archivos de texto que los sitios web que visitas colocan en tu ordenador<br \/>\n. Los sitios web utilizan cookies para ayudar a los usuarios de<x id=\"gid_1\"><\/x>a navegar de forma eficiente y realizar determinadas funciones. Las cookies necesarias para el correcto funcionamiento de<x id=\"gid_2\"><\/x>pueden instalarse sin tu permiso. Todas las dem\u00e1s cookies deben ser aprobadas por<br \/>\nantes de que puedan instalarse en el navegador.   <\/p>\n<ul>\n<li><b>Cookies estrictamente necesarias.<\/b>  Las cookies estrictamente necesarias permiten funciones b\u00e1sicas del sitio web, como el inicio de sesi\u00f3n del usuario y la gesti\u00f3n de la cuenta. El sitio web no puede utilizarse correctamente sin las cookies estrictamente necesarias. <\/li>\n<li><b>Cookies de rendimiento.<\/b>  Las cookies de rendimiento se utilizan para ver c\u00f3mo utilizan el sitio web los visitantes, por ejemplo las cookies de an\u00e1lisis. Estas cookies no pueden utilizarse para identificar directamente a un visitante concreto. <\/li>\n<\/ul>\n<div class=\"cookie-report-container\">\n<p data-cookiereport=\"true\">A continuaci\u00f3n puedes cambiar tu consentimiento para el uso de cookies.<\/p>\n<\/div>\n<h4>Seguridad<\/h4>\n<p>La seguridad de tu informaci\u00f3n es importante para nosotros. https:\/\/atlantide-sauna.com<x id=\"gid_0\"><\/x>utiliza una serie de medidas de seguridad para evitar el uso indebido, la p\u00e9rdida o la alteraci\u00f3n de la informaci\u00f3n<x id=\"gid_1\"><\/x>que nos has proporcionado. Sin embargo, como no podemos garantizar la seguridad de la informaci\u00f3n que nos proporcionas<br \/>\n, accedes a nuestro servicio bajo tu propia responsabilidad.  <\/p>\n<p>ATLANTIDE SAUNA HAMMAM no es responsable del funcionamiento de los sitios Web<br \/>\ngestionados por terceros ni de tus interacciones con ellos. Cuando abandones este sitio Web, te recomendamos que<br \/>\nrevises las pr\u00e1cticas de privacidad de otros sitios Web con los que interact\u00faes y determines<br \/>\nsi dichas pr\u00e1cticas son adecuadas. <\/p>\n<h4>Contacta con nosotros<\/h4>\n<p>Si tienes alguna pregunta, ponte en contacto con nosotros a trav\u00e9s de los siguientes canales:<\/p>\n<p>Nombre: ATLANTIDE SAUNA HAMMAM<br \/>\nDirecci\u00f3n: 13 RUE PARROT 75012 PARIS<br \/>\nCorreo electr\u00f3nico: infos@atlantide-sauna.com<\/p>\n<p>Si tienes alguna pregunta o duda sobre el tratamiento de tus datos, puedes ponerte en contacto con nuestro Responsable de Privacidad en webmaster@atlantide-sauna.com o dpo@atlantide-sauna.com.<\/p>\n<p>\u00daltima actualizaci\u00f3n: 2025-10-12<\/p>\n","protected":false},"excerpt":{"rendered":"<p>Fecha de entrada en vigor: 27 de mayo de 2025 Esta Pol\u00edtica de Privacidad explica las pol\u00edticas de ATLANTIDE SAUNA HAMMAM relativas a la recogida y uso de la informaci\u00f3n que recopilamos cuando accedes a o https:\/\/atlantide-sauna.com (el \u201cServicio\u201d). Esta Pol\u00edtica de Privacidad describe tus derechos de privacidad y c\u00f3mo est\u00e1s protegido por las leyes [&hellip;]<\/p>\n","protected":false},"author":4,"featured_media":0,"parent":0,"menu_order":9,"comment_status":"closed","ping_status":"closed","template":"","meta":{"footnotes":""},"class_list":["post-673","page","type-page","status-publish","hentry"],"yoast_head":"<!-- This site is optimized with the Yoast SEO Premium plugin v27.5 (Yoast SEO v27.5) - https:\/\/yoast.com\/product\/yoast-seo-premium-wordpress\/ -->\n<title>Pol\u00edtica de privacidad - Atlantide Sauna<\/title>\n<meta name=\"robots\" content=\"index, follow, max-snippet:-1, max-image-preview:large, max-video-preview:-1\" \/>\n<link rel=\"canonical\" href=\"https:\/\/atlantide-sauna.com\/es\/politica-de-privacidad\/\" \/>\n<meta property=\"og:locale\" content=\"es_ES\" \/>\n<meta property=\"og:type\" content=\"article\" \/>\n<meta property=\"og:title\" content=\"Pol\u00edtica de privacidad\" \/>\n<meta property=\"og:description\" content=\"Fecha de entrada en vigor: 27 de mayo de 2025 Esta Pol\u00edtica de Privacidad explica las pol\u00edticas de ATLANTIDE SAUNA HAMMAM relativas a la recogida y uso de la informaci\u00f3n que recopilamos cuando accedes a o https:\/\/atlantide-sauna.com (el \u201cServicio\u201d). Esta Pol\u00edtica de Privacidad describe tus derechos de privacidad y c\u00f3mo est\u00e1s protegido por las leyes [&hellip;]\" \/>\n<meta property=\"og:url\" content=\"https:\/\/atlantide-sauna.com\/es\/politica-de-privacidad\/\" \/>\n<meta property=\"og:site_name\" content=\"Atlantide Sauna\" \/>\n<meta property=\"article:publisher\" content=\"https:\/\/www.facebook.com\/profile.php?id=100082829877238\" \/>\n<meta property=\"article:modified_time\" content=\"2025-10-11T12:57:50+00:00\" \/>\n<meta property=\"og:image\" content=\"https:\/\/i0.wp.com\/atlantide-sauna.com\/wp-content\/uploads\/2025\/06\/ASH_IMG2025_000.jpg?fit=1440%2C810&ssl=1\" \/>\n\t<meta property=\"og:image:width\" content=\"1440\" \/>\n\t<meta property=\"og:image:height\" content=\"810\" \/>\n\t<meta property=\"og:image:type\" content=\"image\/jpeg\" \/>\n<meta name=\"twitter:card\" content=\"summary_large_image\" \/>\n<meta name=\"twitter:site\" content=\"@atlantidesauna\" \/>\n<meta name=\"twitter:label1\" content=\"Tiempo de lectura\" \/>\n\t<meta name=\"twitter:data1\" content=\"5 minutos\" \/>\n<script type=\"application\/ld+json\" class=\"yoast-schema-graph\">{\"@context\":\"https:\\\/\\\/schema.org\",\"@graph\":[{\"@type\":\"WebPage\",\"@id\":\"https:\\\/\\\/atlantide-sauna.com\\\/es\\\/politica-de-privacidad\\\/\",\"url\":\"https:\\\/\\\/atlantide-sauna.com\\\/es\\\/politica-de-privacidad\\\/\",\"name\":\"Pol\u00edtica de privacidad - Atlantide Sauna\",\"isPartOf\":{\"@id\":\"https:\\\/\\\/atlantide-sauna.com\\\/es\\\/#website\"},\"datePublished\":\"2018-05-25T14:25:43+00:00\",\"dateModified\":\"2025-10-11T12:57:50+00:00\",\"breadcrumb\":{\"@id\":\"https:\\\/\\\/atlantide-sauna.com\\\/es\\\/politica-de-privacidad\\\/#breadcrumb\"},\"inLanguage\":\"es\",\"potentialAction\":[{\"@type\":\"ReadAction\",\"target\":[\"https:\\\/\\\/atlantide-sauna.com\\\/es\\\/politica-de-privacidad\\\/\"]}]},{\"@type\":\"BreadcrumbList\",\"@id\":\"https:\\\/\\\/atlantide-sauna.com\\\/es\\\/politica-de-privacidad\\\/#breadcrumb\",\"itemListElement\":[{\"@type\":\"ListItem\",\"position\":1,\"name\":\"Accueil\",\"item\":\"https:\\\/\\\/atlantide-sauna.com\\\/es\\\/inicio\\\/\"},{\"@type\":\"ListItem\",\"position\":2,\"name\":\"Pol\u00edtica de privacidad\"}]},{\"@type\":\"WebSite\",\"@id\":\"https:\\\/\\\/atlantide-sauna.com\\\/es\\\/#website\",\"url\":\"https:\\\/\\\/atlantide-sauna.com\\\/es\\\/\",\"name\":\"Atlantide Sauna\",\"description\":\"Sauna Toutes Tendances Gay Bi Tr**\",\"publisher\":{\"@id\":\"https:\\\/\\\/atlantide-sauna.com\\\/es\\\/#organization\"},\"alternateName\":\"Club libertin Atlantide Sauna Paris\",\"potentialAction\":[{\"@type\":\"SearchAction\",\"target\":{\"@type\":\"EntryPoint\",\"urlTemplate\":\"https:\\\/\\\/atlantide-sauna.com\\\/es\\\/?s={search_term_string}\"},\"query-input\":{\"@type\":\"PropertyValueSpecification\",\"valueRequired\":true,\"valueName\":\"search_term_string\"}}],\"inLanguage\":\"es\"},{\"@type\":\"Organization\",\"@id\":\"https:\\\/\\\/atlantide-sauna.com\\\/es\\\/#organization\",\"name\":\"ATLANTIDE SAUNA HAMMAM\",\"alternateName\":\"ATLANTIDE SAUNA HAMMAM\",\"url\":\"https:\\\/\\\/atlantide-sauna.com\\\/es\\\/\",\"logo\":{\"@type\":\"ImageObject\",\"inLanguage\":\"es\",\"@id\":\"https:\\\/\\\/atlantide-sauna.com\\\/es\\\/#\\\/schema\\\/logo\\\/image\\\/\",\"url\":\"https:\\\/\\\/atlantide-sauna.com\\\/wp-content\\\/uploads\\\/2025\\\/05\\\/ash_logo_2025_01.svg\",\"contentUrl\":\"https:\\\/\\\/atlantide-sauna.com\\\/wp-content\\\/uploads\\\/2025\\\/05\\\/ash_logo_2025_01.svg\",\"width\":1,\"height\":1,\"caption\":\"ATLANTIDE SAUNA HAMMAM\"},\"image\":{\"@id\":\"https:\\\/\\\/atlantide-sauna.com\\\/es\\\/#\\\/schema\\\/logo\\\/image\\\/\"},\"sameAs\":[\"https:\\\/\\\/www.facebook.com\\\/profile.php?id=100082829877238\",\"https:\\\/\\\/x.com\\\/atlantidesauna\"],\"description\":\"Sauna hammam toutes tendances. Un espace de libert\u00e9, de mixit\u00e9 et de tol\u00e9rance. Chez Atlantide Sauna vous trouverez les conditions id\u00e9ales pour vos rencontres libertines.\",\"email\":\"infos@atlantide-sauna.com\",\"telephone\":\"0143422243\",\"legalName\":\"ATLANTIDE SAUNA HAMMAM\",\"foundingDate\":\"1999-08-09\",\"vatID\":\"FR39423920370\",\"taxID\":\"42392037000016\",\"numberOfEmployees\":{\"@type\":\"QuantitativeValue\",\"minValue\":\"1\",\"maxValue\":\"10\"}}]}<\/script>\n<!-- \/ Yoast SEO Premium plugin. -->","yoast_head_json":{"title":"Pol\u00edtica de privacidad - Atlantide Sauna","robots":{"index":"index","follow":"follow","max-snippet":"max-snippet:-1","max-image-preview":"max-image-preview:large","max-video-preview":"max-video-preview:-1"},"canonical":"https:\/\/atlantide-sauna.com\/es\/politica-de-privacidad\/","og_locale":"es_ES","og_type":"article","og_title":"Pol\u00edtica de privacidad","og_description":"Fecha de entrada en vigor: 27 de mayo de 2025 Esta Pol\u00edtica de Privacidad explica las pol\u00edticas de ATLANTIDE SAUNA HAMMAM relativas a la recogida y uso de la informaci\u00f3n que recopilamos cuando accedes a o https:\/\/atlantide-sauna.com (el \u201cServicio\u201d). Esta Pol\u00edtica de Privacidad describe tus derechos de privacidad y c\u00f3mo est\u00e1s protegido por las leyes [&hellip;]","og_url":"https:\/\/atlantide-sauna.com\/es\/politica-de-privacidad\/","og_site_name":"Atlantide Sauna","article_publisher":"https:\/\/www.facebook.com\/profile.php?id=100082829877238","article_modified_time":"2025-10-11T12:57:50+00:00","og_image":[{"width":1440,"height":810,"url":"https:\/\/i0.wp.com\/atlantide-sauna.com\/wp-content\/uploads\/2025\/06\/ASH_IMG2025_000.jpg?fit=1440%2C810&ssl=1","type":"image\/jpeg"}],"twitter_card":"summary_large_image","twitter_site":"@atlantidesauna","twitter_misc":{"Tiempo de lectura":"5 minutos"},"schema":{"@context":"https:\/\/schema.org","@graph":[{"@type":"WebPage","@id":"https:\/\/atlantide-sauna.com\/es\/politica-de-privacidad\/","url":"https:\/\/atlantide-sauna.com\/es\/politica-de-privacidad\/","name":"Pol\u00edtica de privacidad - Atlantide Sauna","isPartOf":{"@id":"https:\/\/atlantide-sauna.com\/es\/#website"},"datePublished":"2018-05-25T14:25:43+00:00","dateModified":"2025-10-11T12:57:50+00:00","breadcrumb":{"@id":"https:\/\/atlantide-sauna.com\/es\/politica-de-privacidad\/#breadcrumb"},"inLanguage":"es","potentialAction":[{"@type":"ReadAction","target":["https:\/\/atlantide-sauna.com\/es\/politica-de-privacidad\/"]}]},{"@type":"BreadcrumbList","@id":"https:\/\/atlantide-sauna.com\/es\/politica-de-privacidad\/#breadcrumb","itemListElement":[{"@type":"ListItem","position":1,"name":"Accueil","item":"https:\/\/atlantide-sauna.com\/es\/inicio\/"},{"@type":"ListItem","position":2,"name":"Pol\u00edtica de privacidad"}]},{"@type":"WebSite","@id":"https:\/\/atlantide-sauna.com\/es\/#website","url":"https:\/\/atlantide-sauna.com\/es\/","name":"Atlantide Sauna","description":"Sauna Toutes Tendances Gay Bi Tr**","publisher":{"@id":"https:\/\/atlantide-sauna.com\/es\/#organization"},"alternateName":"Club libertin Atlantide Sauna Paris","potentialAction":[{"@type":"SearchAction","target":{"@type":"EntryPoint","urlTemplate":"https:\/\/atlantide-sauna.com\/es\/?s={search_term_string}"},"query-input":{"@type":"PropertyValueSpecification","valueRequired":true,"valueName":"search_term_string"}}],"inLanguage":"es"},{"@type":"Organization","@id":"https:\/\/atlantide-sauna.com\/es\/#organization","name":"ATLANTIDE SAUNA HAMMAM","alternateName":"ATLANTIDE SAUNA HAMMAM","url":"https:\/\/atlantide-sauna.com\/es\/","logo":{"@type":"ImageObject","inLanguage":"es","@id":"https:\/\/atlantide-sauna.com\/es\/#\/schema\/logo\/image\/","url":"https:\/\/atlantide-sauna.com\/wp-content\/uploads\/2025\/05\/ash_logo_2025_01.svg","contentUrl":"https:\/\/atlantide-sauna.com\/wp-content\/uploads\/2025\/05\/ash_logo_2025_01.svg","width":1,"height":1,"caption":"ATLANTIDE SAUNA HAMMAM"},"image":{"@id":"https:\/\/atlantide-sauna.com\/es\/#\/schema\/logo\/image\/"},"sameAs":["https:\/\/www.facebook.com\/profile.php?id=100082829877238","https:\/\/x.com\/atlantidesauna"],"description":"Sauna hammam toutes tendances. Un espace de libert\u00e9, de mixit\u00e9 et de tol\u00e9rance. Chez Atlantide Sauna vous trouverez les conditions id\u00e9ales pour vos rencontres libertines.","email":"infos@atlantide-sauna.com","telephone":"0143422243","legalName":"ATLANTIDE SAUNA HAMMAM","foundingDate":"1999-08-09","vatID":"FR39423920370","taxID":"42392037000016","numberOfEmployees":{"@type":"QuantitativeValue","minValue":"1","maxValue":"10"}}]}},"jetpack_sharing_enabled":true,"_links":{"self":[{"href":"https:\/\/atlantide-sauna.com\/es\/wp-json\/wp\/v2\/pages\/673","targetHints":{"allow":["GET"]}}],"collection":[{"href":"https:\/\/atlantide-sauna.com\/es\/wp-json\/wp\/v2\/pages"}],"about":[{"href":"https:\/\/atlantide-sauna.com\/es\/wp-json\/wp\/v2\/types\/page"}],"author":[{"embeddable":true,"href":"https:\/\/atlantide-sauna.com\/es\/wp-json\/wp\/v2\/users\/4"}],"replies":[{"embeddable":true,"href":"https:\/\/atlantide-sauna.com\/es\/wp-json\/wp\/v2\/comments?post=673"}],"version-history":[{"count":5,"href":"https:\/\/atlantide-sauna.com\/es\/wp-json\/wp\/v2\/pages\/673\/revisions"}],"predecessor-version":[{"id":5357,"href":"https:\/\/atlantide-sauna.com\/es\/wp-json\/wp\/v2\/pages\/673\/revisions\/5357"}],"wp:attachment":[{"href":"https:\/\/atlantide-sauna.com\/es\/wp-json\/wp\/v2\/media?parent=673"}],"curies":[{"name":"wp","href":"https:\/\/api.w.org\/{rel}","templated":true}]}}