{"id":722,"date":"2025-05-11T15:20:26","date_gmt":"2025-05-11T13:20:26","guid":{"rendered":"https:\/\/dev.atlantide-sauna.com\/inicio\/"},"modified":"2026-01-28T17:28:29","modified_gmt":"2026-01-28T16:28:29","slug":"inicio","status":"publish","type":"page","link":"https:\/\/atlantide-sauna.com\/es\/","title":{"rendered":"Bienvenido"},"content":{"rendered":"<div style=\"text-align: justify;\"><strong>Atlantide Sauna se fund\u00f3 en 1999<\/strong> para crear un espacio de libertad, diversidad y tolerancia. En este <strong>reservado CLUB<\/strong>, todos tus deseos y fantas\u00edas pueden expresarse en un ambiente respetuoso y amistoso. Sean cuales sean tus or\u00edgenes, cultura, edad o deseos, ser\u00e1s recibido por un personal sonriente, atento y cari\u00f1oso. <\/div>\n<div style=\"text-align: justify;\"><\/div>\n<div style=\"text-align: justify;\">Nos aseguramos de que se respetan nuestras normas de salud y seguridad, y de que nos comportamos de forma respetuosa y tolerante, lo cual es esencial para el buen funcionamiento del CLUB.<\/div>\n<p><iframe loading=\"lazy\" title=\"Reproductor de v\u00eddeo de YouTube\" src=\"https:\/\/www.youtube-nocookie.com\/embed\/UtM2Eaf40Zo?si=V1KmeYsQt9r-rs7O&amp;controls=0&amp;start=17\" width=\"370\" height=\"208\" frameborder=\"0\" allowfullscreen=\"allowfullscreen\"><\/iframe><\/p>\n<h6 style=\"text-align: left;\">Sauna parisina para gays, bisexuales, heterosexuales, travestis, trans &#8230;<br \/>\nSauna hammam todas las tendencias &#8230;<br \/>\n\u00a1Bienvenido a Atlantide Sauna!<\/h6>\n<p style=\"text-align: left;\">Tu espacio para la libertad, la diversidad y la tolerancia. Descubre nuestra moderna sauna hammam que satisfar\u00e1 todos tus deseos. <\/p>\n<div>Consulta nuestros <a href=\"https:\/\/atlantide-sauna.com\/es\/tarifas-para-2025\/\" target=\"_blank\" rel=\"noopener\">Precios<\/a> y <a href=\"https:\/\/atlantide-sauna.com\/es\/blog\/\" target=\"_blank\" rel=\"noopener\">Blog<\/a> para obtener informaci\u00f3n sobre la sauna de vapor. La sauna hammam, inspirada en todas las tendencias, es un lugar de encuentro para los miembros de nuestro <a href=\"https:\/\/club.atlantide-sauna.com\/\" target=\"_blank\" rel=\"noopener\">CLUB<\/a>, un lugar donde todas las tendencias ocupan un lugar de honor. <\/div>\n<div class=\"uk-alert\" style=\"text-align: center;\"><strong>ABIERTO todos los d\u00edas<\/strong> de 12h a 22h<\/p>\n<p><strong> ENTRADA DE HOMBRES<\/strong> desde 18 \u20ac<br \/>\n<a class=\"uk-button uk-button-small uk-button-secondary\" href=\"https:\/\/atlantide-sauna.com\/es\/tarifas-para-2025\/\" target=\"_blank\" rel=\"noopener\">M\u00e1s informaci\u00f3n<\/a><\/div>\n<p style=\"text-align: left;\">En Atlantide Sauna encontrar\u00e1s las condiciones ideales para tus encuentros libertinos.<br \/>\nEn el bar, en el hammam o en la sauna, disfruta de la relajaci\u00f3n en un ambiente acogedor.<br \/>\n\u00a1Las zonas de relajaci\u00f3n privadas o colectivas est\u00e1n a tu disposici\u00f3n para que des rienda suelta a tus sentidos!<\/p>\n<div class=\"uk-alert\" style=\"text-align: center;\">\n<div style=\"text-align: center;\"><a href=\"https:\/\/atlantide-sauna.com\/billetterie\/\">Compra tus entradas<\/a> en l\u00ednea.<br \/>\nPromociones, Ofertas Especiales, Eventos&#8230;<\/div>\n<p>&nbsp;<\/p>\n<div style=\"text-align: center;\"><a href=\"https:\/\/atlantide-sauna.com\/billetterie\/\"><img decoding=\"async\" class=\"aligncenter wp-image-5699\" src=\"https:\/\/atlantide-sauna.com\/wp-content\/uploads\/2025\/10\/ASH_TICKET_25-BILLETTERIE.svg\" alt=\"\" width=\"300\"><\/a><\/div>\n<p>&nbsp;<\/p>\n<div style=\"text-align: center;\">Todos los meses se aplican descuentos a nuestras distintas tarifas.<\/div>\n<\/div>\n<p style=\"text-align: left;\">L&#8217;Atlantide Sauna, a tiro de piedra de la <strong>Gare de Lyon<\/strong>, es el primer club privado para encuentros libertinos de todo tipo en Par\u00eds. Seas hombre, mujer, heterosexual, gay, transexual o travesti, vengas solo o en pareja, ser\u00e1s bienvenido a una sauna hammam que apuesta por la convivencia, uni\u00e9ndote en una complicidad especialmente propicia para las pr\u00e1cticas sexuales m\u00e1s desenfrenadas. <\/p>\n<h2 style=\"text-align: left;\"><strong>Atlantide Sauna: Tolerancia y \u00e9tica al servicio del libertinaje.<\/strong><\/h2>\n","protected":false},"excerpt":{"rendered":"<p>Atlantide Sauna se fund\u00f3 en 1999 para crear un espacio de libertad, diversidad y tolerancia. En este reservado CLUB, todos tus deseos y fantas\u00edas pueden expresarse en un ambiente respetuoso y amistoso. Sean cuales sean tus or\u00edgenes, cultura, edad o deseos, ser\u00e1s recibido por un personal sonriente, atento y cari\u00f1oso. Nos aseguramos de que se [&hellip;]<\/p>\n","protected":false},"author":4,"featured_media":4443,"parent":0,"menu_order":0,"comment_status":"closed","ping_status":"closed","template":"","meta":{"footnotes":""},"class_list":["post-722","page","type-page","status-publish","has-post-thumbnail","hentry"],"yoast_head":"<!-- This site is optimized with the Yoast SEO Premium plugin v27.2 (Yoast SEO v27.2) - https:\/\/yoast.com\/product\/yoast-seo-premium-wordpress\/ -->\n<title>Sauna hammam para todos los gustos - Atlantide Sauna<\/title>\n<meta name=\"description\" content=\"Atlantide Sauna Paris: Un lugar de libertad, diversidad y tolerancia. Todos tus deseos y fantas\u00edas en un entorno respetuoso y acogedor.\" \/>\n<meta name=\"robots\" content=\"index, follow, max-snippet:-1, max-image-preview:large, max-video-preview:-1\" \/>\n<link rel=\"canonical\" href=\"https:\/\/atlantide-sauna.com\/es\/\" \/>\n<meta property=\"og:locale\" content=\"es_ES\" \/>\n<meta property=\"og:type\" content=\"article\" \/>\n<meta property=\"og:title\" content=\"Bienvenido\" \/>\n<meta property=\"og:description\" content=\"Atlantide Sauna Paris: Un lugar de libertad, diversidad y tolerancia. Todos tus deseos y fantas\u00edas en un entorno respetuoso y acogedor.\" \/>\n<meta property=\"og:url\" content=\"https:\/\/atlantide-sauna.com\/es\/\" \/>\n<meta property=\"og:site_name\" content=\"Atlantide Sauna\" \/>\n<meta property=\"article:publisher\" content=\"https:\/\/www.facebook.com\/profile.php?id=100082829877238\" \/>\n<meta property=\"article:modified_time\" content=\"2026-01-28T16:28:29+00:00\" \/>\n<meta property=\"og:image\" content=\"https:\/\/i0.wp.com\/atlantide-sauna.com\/wp-content\/uploads\/2025\/06\/ASH_IMG2025_000.jpg?fit=1440%2C810&ssl=1\" \/>\n\t<meta property=\"og:image:width\" content=\"1440\" \/>\n\t<meta property=\"og:image:height\" content=\"810\" \/>\n\t<meta property=\"og:image:type\" content=\"image\/jpeg\" \/>\n<meta name=\"twitter:card\" content=\"summary_large_image\" \/>\n<meta name=\"twitter:site\" content=\"@atlantidesauna\" \/>\n<meta name=\"twitter:label1\" content=\"Tiempo de lectura\" \/>\n\t<meta name=\"twitter:data1\" content=\"2 minutos\" \/>\n<script type=\"application\/ld+json\" class=\"yoast-schema-graph\">{\"@context\":\"https:\/\/schema.org\",\"@graph\":[{\"@type\":\"WebPage\",\"@id\":\"https:\/\/atlantide-sauna.com\/es\/\",\"url\":\"https:\/\/atlantide-sauna.com\/es\/\",\"name\":\"Sauna hammam para todos los gustos - Atlantide Sauna\",\"isPartOf\":{\"@id\":\"https:\/\/atlantide-sauna.com\/es\/#website\"},\"primaryImageOfPage\":{\"@id\":\"https:\/\/atlantide-sauna.com\/es\/#primaryimage\"},\"image\":{\"@id\":\"https:\/\/atlantide-sauna.com\/es\/#primaryimage\"},\"thumbnailUrl\":\"https:\/\/i0.wp.com\/atlantide-sauna.com\/wp-content\/uploads\/2025\/06\/ASH_IMG2025_000.jpg?fit=1440%2C810&ssl=1\",\"datePublished\":\"2025-05-11T13:20:26+00:00\",\"dateModified\":\"2026-01-28T16:28:29+00:00\",\"description\":\"Atlantide Sauna Paris: Un lugar de libertad, diversidad y tolerancia. Todos tus deseos y fantas\u00edas en un entorno respetuoso y acogedor.\",\"breadcrumb\":{\"@id\":\"https:\/\/atlantide-sauna.com\/es\/#breadcrumb\"},\"inLanguage\":\"es\",\"potentialAction\":[{\"@type\":\"ReadAction\",\"target\":[\"https:\/\/atlantide-sauna.com\/es\/\"]}]},{\"@type\":\"ImageObject\",\"inLanguage\":\"es\",\"@id\":\"https:\/\/atlantide-sauna.com\/es\/#primaryimage\",\"url\":\"https:\/\/i0.wp.com\/atlantide-sauna.com\/wp-content\/uploads\/2025\/06\/ASH_IMG2025_000.jpg?fit=1440%2C810&ssl=1\",\"contentUrl\":\"https:\/\/i0.wp.com\/atlantide-sauna.com\/wp-content\/uploads\/2025\/06\/ASH_IMG2025_000.jpg?fit=1440%2C810&ssl=1\",\"width\":1440,\"height\":810,\"caption\":\"Atlantide Sauna Paris - Club libertin toutes tendance - Gare de Lyon\"},{\"@type\":\"BreadcrumbList\",\"@id\":\"https:\/\/atlantide-sauna.com\/es\/#breadcrumb\",\"itemListElement\":[{\"@type\":\"ListItem\",\"position\":1,\"name\":\"Accueil\",\"item\":\"https:\/\/atlantide-sauna.com\/es\/inicio\/\"},{\"@type\":\"ListItem\",\"position\":2,\"name\":\"Bienvenido\"}]},{\"@type\":\"WebSite\",\"@id\":\"https:\/\/atlantide-sauna.com\/es\/#website\",\"url\":\"https:\/\/atlantide-sauna.com\/es\/\",\"name\":\"Atlantide Sauna\",\"description\":\"Sauna Toutes Tendances Gay Bi Tr**\",\"publisher\":{\"@id\":\"https:\/\/atlantide-sauna.com\/es\/#organization\"},\"alternateName\":\"Club libertin Atlantide Sauna Paris\",\"potentialAction\":[{\"@type\":\"SearchAction\",\"target\":{\"@type\":\"EntryPoint\",\"urlTemplate\":\"https:\/\/atlantide-sauna.com\/es\/?s={search_term_string}\"},\"query-input\":{\"@type\":\"PropertyValueSpecification\",\"valueRequired\":true,\"valueName\":\"search_term_string\"}}],\"inLanguage\":\"es\"},{\"@type\":\"Organization\",\"@id\":\"https:\/\/atlantide-sauna.com\/es\/#organization\",\"name\":\"ATLANTIDE SAUNA HAMMAM\",\"alternateName\":\"ATLANTIDE SAUNA HAMMAM\",\"url\":\"https:\/\/atlantide-sauna.com\/es\/\",\"logo\":{\"@type\":\"ImageObject\",\"inLanguage\":\"es\",\"@id\":\"https:\/\/atlantide-sauna.com\/es\/#\/schema\/logo\/image\/\",\"url\":\"https:\/\/atlantide-sauna.com\/wp-content\/uploads\/2025\/05\/ash_logo_2025_01.svg\",\"contentUrl\":\"https:\/\/atlantide-sauna.com\/wp-content\/uploads\/2025\/05\/ash_logo_2025_01.svg\",\"width\":1,\"height\":1,\"caption\":\"ATLANTIDE SAUNA HAMMAM\"},\"image\":{\"@id\":\"https:\/\/atlantide-sauna.com\/es\/#\/schema\/logo\/image\/\"},\"sameAs\":[\"https:\/\/www.facebook.com\/profile.php?id=100082829877238\",\"https:\/\/x.com\/atlantidesauna\"],\"description\":\"Sauna hammam toutes tendances. Un espace de libert\u00e9, de mixit\u00e9 et de tol\u00e9rance. Chez Atlantide Sauna vous trouverez les conditions id\u00e9ales pour vos rencontres libertines.\",\"email\":\"infos@atlantide-sauna.com\",\"telephone\":\"0143422243\",\"legalName\":\"ATLANTIDE SAUNA HAMMAM\",\"foundingDate\":\"1999-08-09\",\"vatID\":\"FR39423920370\",\"taxID\":\"42392037000016\",\"numberOfEmployees\":{\"@type\":\"QuantitativeValue\",\"minValue\":\"1\",\"maxValue\":\"10\"}}]}<\/script>\n<!-- \/ Yoast SEO Premium plugin. -->","yoast_head_json":{"title":"Sauna hammam para todos los gustos - Atlantide Sauna","description":"Atlantide Sauna Paris: Un lugar de libertad, diversidad y tolerancia. Todos tus deseos y fantas\u00edas en un entorno respetuoso y acogedor.","robots":{"index":"index","follow":"follow","max-snippet":"max-snippet:-1","max-image-preview":"max-image-preview:large","max-video-preview":"max-video-preview:-1"},"canonical":"https:\/\/atlantide-sauna.com\/es\/","og_locale":"es_ES","og_type":"article","og_title":"Bienvenido","og_description":"Atlantide Sauna Paris: Un lugar de libertad, diversidad y tolerancia. Todos tus deseos y fantas\u00edas en un entorno respetuoso y acogedor.","og_url":"https:\/\/atlantide-sauna.com\/es\/","og_site_name":"Atlantide Sauna","article_publisher":"https:\/\/www.facebook.com\/profile.php?id=100082829877238","article_modified_time":"2026-01-28T16:28:29+00:00","og_image":[{"width":1440,"height":810,"url":"https:\/\/i0.wp.com\/atlantide-sauna.com\/wp-content\/uploads\/2025\/06\/ASH_IMG2025_000.jpg?fit=1440%2C810&ssl=1","type":"image\/jpeg"}],"twitter_card":"summary_large_image","twitter_site":"@atlantidesauna","twitter_misc":{"Tiempo de lectura":"2 minutos"},"schema":{"@context":"https:\/\/schema.org","@graph":[{"@type":"WebPage","@id":"https:\/\/atlantide-sauna.com\/es\/","url":"https:\/\/atlantide-sauna.com\/es\/","name":"Sauna hammam para todos los gustos - Atlantide Sauna","isPartOf":{"@id":"https:\/\/atlantide-sauna.com\/es\/#website"},"primaryImageOfPage":{"@id":"https:\/\/atlantide-sauna.com\/es\/#primaryimage"},"image":{"@id":"https:\/\/atlantide-sauna.com\/es\/#primaryimage"},"thumbnailUrl":"https:\/\/i0.wp.com\/atlantide-sauna.com\/wp-content\/uploads\/2025\/06\/ASH_IMG2025_000.jpg?fit=1440%2C810&ssl=1","datePublished":"2025-05-11T13:20:26+00:00","dateModified":"2026-01-28T16:28:29+00:00","description":"Atlantide Sauna Paris: Un lugar de libertad, diversidad y tolerancia. Todos tus deseos y fantas\u00edas en un entorno respetuoso y acogedor.","breadcrumb":{"@id":"https:\/\/atlantide-sauna.com\/es\/#breadcrumb"},"inLanguage":"es","potentialAction":[{"@type":"ReadAction","target":["https:\/\/atlantide-sauna.com\/es\/"]}]},{"@type":"ImageObject","inLanguage":"es","@id":"https:\/\/atlantide-sauna.com\/es\/#primaryimage","url":"https:\/\/i0.wp.com\/atlantide-sauna.com\/wp-content\/uploads\/2025\/06\/ASH_IMG2025_000.jpg?fit=1440%2C810&ssl=1","contentUrl":"https:\/\/i0.wp.com\/atlantide-sauna.com\/wp-content\/uploads\/2025\/06\/ASH_IMG2025_000.jpg?fit=1440%2C810&ssl=1","width":1440,"height":810,"caption":"Atlantide Sauna Paris - Club libertin toutes tendance - Gare de Lyon"},{"@type":"BreadcrumbList","@id":"https:\/\/atlantide-sauna.com\/es\/#breadcrumb","itemListElement":[{"@type":"ListItem","position":1,"name":"Accueil","item":"https:\/\/atlantide-sauna.com\/es\/inicio\/"},{"@type":"ListItem","position":2,"name":"Bienvenido"}]},{"@type":"WebSite","@id":"https:\/\/atlantide-sauna.com\/es\/#website","url":"https:\/\/atlantide-sauna.com\/es\/","name":"Atlantide Sauna","description":"Sauna Toutes Tendances Gay Bi Tr**","publisher":{"@id":"https:\/\/atlantide-sauna.com\/es\/#organization"},"alternateName":"Club libertin Atlantide Sauna Paris","potentialAction":[{"@type":"SearchAction","target":{"@type":"EntryPoint","urlTemplate":"https:\/\/atlantide-sauna.com\/es\/?s={search_term_string}"},"query-input":{"@type":"PropertyValueSpecification","valueRequired":true,"valueName":"search_term_string"}}],"inLanguage":"es"},{"@type":"Organization","@id":"https:\/\/atlantide-sauna.com\/es\/#organization","name":"ATLANTIDE SAUNA HAMMAM","alternateName":"ATLANTIDE SAUNA HAMMAM","url":"https:\/\/atlantide-sauna.com\/es\/","logo":{"@type":"ImageObject","inLanguage":"es","@id":"https:\/\/atlantide-sauna.com\/es\/#\/schema\/logo\/image\/","url":"https:\/\/atlantide-sauna.com\/wp-content\/uploads\/2025\/05\/ash_logo_2025_01.svg","contentUrl":"https:\/\/atlantide-sauna.com\/wp-content\/uploads\/2025\/05\/ash_logo_2025_01.svg","width":1,"height":1,"caption":"ATLANTIDE SAUNA HAMMAM"},"image":{"@id":"https:\/\/atlantide-sauna.com\/es\/#\/schema\/logo\/image\/"},"sameAs":["https:\/\/www.facebook.com\/profile.php?id=100082829877238","https:\/\/x.com\/atlantidesauna"],"description":"Sauna hammam toutes tendances. Un espace de libert\u00e9, de mixit\u00e9 et de tol\u00e9rance. Chez Atlantide Sauna vous trouverez les conditions id\u00e9ales pour vos rencontres libertines.","email":"infos@atlantide-sauna.com","telephone":"0143422243","legalName":"ATLANTIDE SAUNA HAMMAM","foundingDate":"1999-08-09","vatID":"FR39423920370","taxID":"42392037000016","numberOfEmployees":{"@type":"QuantitativeValue","minValue":"1","maxValue":"10"}}]}},"jetpack-related-posts":[{"id":1146,"url":"https:\/\/atlantide-sauna.com\/es\/sauna-hammam\/opinion-sauna-atlantide\/","url_meta":{"origin":722,"position":0},"title":"Opini\u00f3n sauna atlantide","author":"Atlantide Sauna","date":"22 de mayo de 2025","format":false,"excerpt":"La Sauna Atlantide combina el placer de tus encuentros traviesos con sus lujosas y relajantes instalaciones, todo ello en un ambiente acogedor. M\u00e1s informaci\u00f3n sobre : Sauna Atlantide L'Atlantide Sauna, a tiro de piedra de la Gare de Lyon, es el primer club privado para encuentros libertinos de todo tipo\u2026","rel":"","context":"En \u00abSauna Hammam\u00bb","block_context":{"text":"Sauna Hammam","link":"https:\/\/atlantide-sauna.com\/es\/category\/sauna-hammam-es\/"},"img":{"alt_text":"","src":"","width":0,"height":0},"classes":[]},{"id":1121,"url":"https:\/\/atlantide-sauna.com\/es\/sauna-hammam\/atlantis\/","url_meta":{"origin":722,"position":1},"title":"Atlantide Sauna Par\u00eds","author":"Atlantide Sauna","date":"25 de noviembre de 2014","format":false,"excerpt":"L'Atlantide Sauna es un hammam y sauna mixto de Par\u00eds, meca del libertinaje, en un esp\u00edritu de tolerancia y respeto a todas las sexualidades. L'Atlantide Sauna ha hecho todo lo posible para satisfacer tus fantas\u00edas sexuales m\u00e1s diversas y favorecer los encuentros entre libertinos, ya sean parejas homosexuales o heterosexuales.\u2026","rel":"","context":"En \u00abSauna Hammam\u00bb","block_context":{"text":"Sauna Hammam","link":"https:\/\/atlantide-sauna.com\/es\/category\/sauna-hammam-es\/"},"img":{"alt_text":"Atlantide Sauna Paris","src":"https:\/\/i0.wp.com\/atlantide-sauna.com\/wp-content\/uploads\/2025\/05\/ASH_IMG2023_03-e1748970792165.jpg?fit=1200%2C675&ssl=1&resize=350%2C200","width":350,"height":200,"srcset":"https:\/\/i0.wp.com\/atlantide-sauna.com\/wp-content\/uploads\/2025\/05\/ASH_IMG2023_03-e1748970792165.jpg?fit=1200%2C675&ssl=1&resize=350%2C200 1x, https:\/\/i0.wp.com\/atlantide-sauna.com\/wp-content\/uploads\/2025\/05\/ASH_IMG2023_03-e1748970792165.jpg?fit=1200%2C675&ssl=1&resize=525%2C300 1.5x, https:\/\/i0.wp.com\/atlantide-sauna.com\/wp-content\/uploads\/2025\/05\/ASH_IMG2023_03-e1748970792165.jpg?fit=1200%2C675&ssl=1&resize=700%2C400 2x, https:\/\/i0.wp.com\/atlantide-sauna.com\/wp-content\/uploads\/2025\/05\/ASH_IMG2023_03-e1748970792165.jpg?fit=1200%2C675&ssl=1&resize=1050%2C600 3x"},"classes":[]},{"id":4794,"url":"https:\/\/atlantide-sauna.com\/es\/sauna-hammam\/tolerancia-y-etica-al-servicio-de-los-libertinos\/","url_meta":{"origin":722,"position":2},"title":"Tolerancia y \u00e9tica al servicio de los libertinos","author":"Atlantide Sauna","date":"22 de mayo de 2025","format":false,"excerpt":"Sauna L'Atlantide: tolerancia y \u00e9tica al servicio de los libertinos En Atlantide Sauna Paris 12, encontrar\u00e1s las condiciones ideales para tus encuentros libertinos. En el bar, el hammam o la sauna, disfruta de la relajaci\u00f3n en un ambiente agradable y pansexual. Disponemos de zonas de relajaci\u00f3n privadas o colectivas para\u2026","rel":"","context":"En \u00abSauna Hammam\u00bb","block_context":{"text":"Sauna Hammam","link":"https:\/\/atlantide-sauna.com\/es\/category\/sauna-hammam-es\/"},"img":{"alt_text":"","src":"https:\/\/i0.wp.com\/atlantide-sauna.com\/wp-content\/uploads\/2021\/11\/ASH_IMG2023_09.jpg?fit=1200%2C675&ssl=1&resize=350%2C200","width":350,"height":200,"srcset":"https:\/\/i0.wp.com\/atlantide-sauna.com\/wp-content\/uploads\/2021\/11\/ASH_IMG2023_09.jpg?fit=1200%2C675&ssl=1&resize=350%2C200 1x, https:\/\/i0.wp.com\/atlantide-sauna.com\/wp-content\/uploads\/2021\/11\/ASH_IMG2023_09.jpg?fit=1200%2C675&ssl=1&resize=525%2C300 1.5x, https:\/\/i0.wp.com\/atlantide-sauna.com\/wp-content\/uploads\/2021\/11\/ASH_IMG2023_09.jpg?fit=1200%2C675&ssl=1&resize=700%2C400 2x, https:\/\/i0.wp.com\/atlantide-sauna.com\/wp-content\/uploads\/2021\/11\/ASH_IMG2023_09.jpg?fit=1200%2C675&ssl=1&resize=1050%2C600 3x"},"classes":[]},{"id":4787,"url":"https:\/\/atlantide-sauna.com\/es\/sauna-hammam\/club-backroom-glory-holes-sling-croix-de-st-andre-paris\/","url_meta":{"origin":722,"position":3},"title":"Club Backroom Glory Holes Sling Croix de st Andr\u00e9 Par\u00eds","author":"Atlantide Sauna","date":"22 de mayo de 2025","format":false,"excerpt":"Club Libertin Trastienda Glory Holes Sling Croix de St Andr\u00e9 en Par\u00eds 12 La tolerancia y la diversidad de orientaciones sexuales son las se\u00f1as de identidad de Atlantide Sauna, donde puedes organizar tus citas sexuales en un ambiente relajado, cerca de la Gare de Lyon, mientras conoces a gente que\u2026","rel":"","context":"En \u00abSauna Hammam\u00bb","block_context":{"text":"Sauna Hammam","link":"https:\/\/atlantide-sauna.com\/es\/category\/sauna-hammam-es\/"},"img":{"alt_text":"Sling Backroom Croix de St  Andr\u00e9","src":"https:\/\/i0.wp.com\/atlantide-sauna.com\/wp-content\/uploads\/2025\/06\/ASH_IMG2025_014-1.jpg?fit=1200%2C675&ssl=1&resize=350%2C200","width":350,"height":200,"srcset":"https:\/\/i0.wp.com\/atlantide-sauna.com\/wp-content\/uploads\/2025\/06\/ASH_IMG2025_014-1.jpg?fit=1200%2C675&ssl=1&resize=350%2C200 1x, https:\/\/i0.wp.com\/atlantide-sauna.com\/wp-content\/uploads\/2025\/06\/ASH_IMG2025_014-1.jpg?fit=1200%2C675&ssl=1&resize=525%2C300 1.5x, https:\/\/i0.wp.com\/atlantide-sauna.com\/wp-content\/uploads\/2025\/06\/ASH_IMG2025_014-1.jpg?fit=1200%2C675&ssl=1&resize=700%2C400 2x, https:\/\/i0.wp.com\/atlantide-sauna.com\/wp-content\/uploads\/2025\/06\/ASH_IMG2025_014-1.jpg?fit=1200%2C675&ssl=1&resize=1050%2C600 3x"},"classes":[]},{"id":4876,"url":"https:\/\/atlantide-sauna.com\/es\/sauna-hammam\/resenas-del-club-libertine\/","url_meta":{"origin":722,"position":4},"title":"Rese\u00f1as del club Libertine","author":"Atlantide Sauna","date":"22 de mayo de 2025","format":false,"excerpt":"En la Sauna Atlantide 13 rue Parrot, cerca de la Gare de Lyon, todo est\u00e1 hecho para favorecer tus encuentros libertinos y tus llamadas al bot\u00edn. Disponemos de zonas de relajaci\u00f3n privadas o para grupos, sin olvidar nuestra sauna de alta gama o la sala de vapor perfumada y alicatada.\u2026","rel":"","context":"En \u00abSauna Hammam\u00bb","block_context":{"text":"Sauna Hammam","link":"https:\/\/atlantide-sauna.com\/es\/category\/sauna-hammam-es\/"},"img":{"alt_text":"","src":"","width":0,"height":0},"classes":[]},{"id":4867,"url":"https:\/\/atlantide-sauna.com\/es\/sauna-hammam\/rencontre-coquines-paris-12\/","url_meta":{"origin":722,"position":5},"title":"Rencontre coquines Par\u00eds 12","author":"Atlantide Sauna","date":"22 de mayo de 2025","format":false,"excerpt":"Rencontre coquines Par\u00eds 12 Si te va el libertinaje pansexual y el candaulismo, ahora tienes un lugar donde reunirte en Par\u00eds, cerca de la Gare de Lyon: Atlantide Sauna. Abierta 7 d\u00edas a la semana, somos una sauna hammam mixta donde la cortes\u00eda y la tolerancia son la norma. En\u2026","rel":"","context":"En \u00abSauna Hammam\u00bb","block_context":{"text":"Sauna Hammam","link":"https:\/\/atlantide-sauna.com\/es\/category\/sauna-hammam-es\/"},"img":{"alt_text":"","src":"","width":0,"height":0},"classes":[]}],"jetpack_sharing_enabled":true,"_links":{"self":[{"href":"https:\/\/atlantide-sauna.com\/es\/wp-json\/wp\/v2\/pages\/722","targetHints":{"allow":["GET"]}}],"collection":[{"href":"https:\/\/atlantide-sauna.com\/es\/wp-json\/wp\/v2\/pages"}],"about":[{"href":"https:\/\/atlantide-sauna.com\/es\/wp-json\/wp\/v2\/types\/page"}],"author":[{"embeddable":true,"href":"https:\/\/atlantide-sauna.com\/es\/wp-json\/wp\/v2\/users\/4"}],"replies":[{"embeddable":true,"href":"https:\/\/atlantide-sauna.com\/es\/wp-json\/wp\/v2\/comments?post=722"}],"version-history":[{"count":5,"href":"https:\/\/atlantide-sauna.com\/es\/wp-json\/wp\/v2\/pages\/722\/revisions"}],"predecessor-version":[{"id":8026,"href":"https:\/\/atlantide-sauna.com\/es\/wp-json\/wp\/v2\/pages\/722\/revisions\/8026"}],"wp:featuredmedia":[{"embeddable":true,"href":"https:\/\/atlantide-sauna.com\/es\/wp-json\/wp\/v2\/media\/4443"}],"wp:attachment":[{"href":"https:\/\/atlantide-sauna.com\/es\/wp-json\/wp\/v2\/media?parent=722"}],"curies":[{"name":"wp","href":"https:\/\/api.w.org\/{rel}","templated":true}]}}