{"id":744,"date":"2022-07-16T17:26:02","date_gmt":"2022-07-16T15:26:02","guid":{"rendered":"https:\/\/dev.atlantide-sauna.com\/tarifas-para-2025\/"},"modified":"2026-01-28T17:27:53","modified_gmt":"2026-01-28T16:27:53","slug":"tarifas-para-2025","status":"publish","type":"page","link":"https:\/\/atlantide-sauna.com\/es\/tarifas-para-2025\/","title":{"rendered":"Tarifas para 2026"},"content":{"rendered":"&#13;\n<h1 id=\"h-homme\" class=\"wp-block-heading\">HOMBRE<\/h1>&#13;\n&#13;\n<figure class=\"wp-block-table uk-table uk-table-striped uk-table-small uk-table-middle\">&#13;\n<table class=\"has-fixed-layout\">&#13;\n<tbody>&#13;\n<tr>&#13;\n<td class=\"has-text-align-center\" data-align=\"center\"><strong>Semana<\/strong><br\/>De lunes a viernes<\/td>&#13;\n<td class=\"has-text-align-right\" data-align=\"right\"><span class=\"uk-h3 uk-text-warning uk-text-right\">35\u20ac<\/span><\/td>&#13;\n<\/tr>&#13;\n<tr>&#13;\n<td class=\"has-text-align-center\" data-align=\"center\"><strong>Fin de semana<\/strong><br\/>De s\u00e1bado a domingo<\/td>&#13;\n<td class=\"has-text-align-right\" data-align=\"right\"><span class=\"uk-h3 uk-text-warning uk-text-right\">45\u20ac<\/span><\/td>&#13;\n<\/tr>&#13;\n<\/tbody>&#13;\n<\/table>&#13;\n<\/figure>&#13;\n&#13;\n<p class=\"has-text-align-center\">Compra tus <strong>entradas en l\u00ednea<\/strong> en nuestra <a class=\"uk-button uk-button-small uk-button-danger\" href=\"https:\/\/atlantide-sauna.com\/billetterie\/\"><strong>TAQUILLA<\/strong><\/a><\/p>&#13;\n\r\n<div class=\"uk-tile uk-tile-secondary uk-h3 uk-padding-small\">TARIFAS REDUCIDAS<br\/><span class=\"uk-h4 uk-text-warning\">SOLO<br\/>De lunes a viernes<\/span><\/div>\r\n&#13;\n<figure class=\"wp-block-table uk-table uk-table-striped uk-table-small uk-table-middle\">&#13;\n<table class=\"has-fixed-layout\">&#13;\n<tbody>&#13;\n<tr>&#13;\n<td><span class=\"uk-h4\">Joven<\/span><\/td>&#13;\n<td>Menores de 22 a\u00f1os<br\/>o Estudiante<\/td>&#13;\n<td class=\"has-text-align-right\" data-align=\"right\"><span class=\"uk-h5 uk-text-warning uk-text-right\">18\u20ac<\/span><\/td>&#13;\n<\/tr>&#13;\n<tr>&#13;\n<td>\u00a0<\/td>&#13;\n<td>Menor de 27 a\u00f1os<br\/>Militar<br\/>Agente de polic\u00eda<\/td>&#13;\n<td class=\"has-text-align-right\" data-align=\"right\"><span class=\"uk-h5 uk-text-warning uk-text-right\">28\u20ac<\/span><\/td>&#13;\n<\/tr>&#13;\n<tr>&#13;\n<td><span class=\"uk-h4\">Senior<\/span><\/td>&#13;\n<td>A partir de los 55 a\u00f1os<\/td>&#13;\n<td class=\"has-text-align-right\" data-align=\"right\"><span class=\"uk-h5 uk-text-warning uk-text-right\">28\u20ac<\/span><\/td>&#13;\n<\/tr>&#13;\n<\/tbody>&#13;\n<\/table>&#13;\n<\/figure>&#13;\n<hr class=\"wp-block-separator has-alpha-channel-opacity\" \/>&#13;\n<figure class=\"wp-block-table uk-table uk-table-striped uk-table-small uk-table-middle\">&#13;\n<table class=\"has-fixed-layout\">&#13;\n<tbody>&#13;\n<tr>&#13;\n<td><span class=\"uk-h4\">Mujer  <\/span><\/td>&#13;\n<td>De lunes a viernes<\/td>&#13;\n<td class=\"has-text-align-right\" data-align=\"right\"><span class=\"uk-h5 uk-text-warning uk-text-right\">15\u20ac<\/span><\/td>&#13;\n<\/tr>&#13;\n<tr>&#13;\n<td><span class=\"uk-h4 uk-text-muted\">Mujer<\/span><\/td>&#13;\n<td>S\u00e1bado y domingo<\/td>&#13;\n<td class=\"has-text-align-right\" data-align=\"right\"><span class=\"uk-h5 uk-text-warning uk-text-right\">GRATIS<\/span><\/td>&#13;\n<\/tr>&#13;\n<\/tbody>&#13;\n<\/table>&#13;\n<\/figure>&#13;\n<hr class=\"wp-block-separator has-alpha-channel-opacity\" \/>&#13;\n<figure class=\"wp-block-table uk-table uk-table-striped uk-table-small uk-table-middle\">&#13;\n<table class=\"has-fixed-layout\">&#13;\n<tbody>&#13;\n<tr>&#13;\n<td><span class=\"uk-h4\">Pareja  <\/span><\/td>&#13;\n<td>Hombre + Mujer<\/td>&#13;\n<td class=\"has-text-align-right\" data-align=\"right\"><span class=\"uk-h4 uk-text-warning uk-text-right\">45\u20ac<\/span><\/td>&#13;\n<\/tr>&#13;\n<\/tbody>&#13;\n<\/table>&#13;\n<\/figure>&#13;\n<hr class=\"wp-block-separator has-alpha-channel-opacity\" \/>&#13;\n<figure class=\"wp-block-table uk-table uk-table-responsive uk-table-small uk-table-middle uk-light uk-background-primary\">&#13;\n<table class=\"has-fixed-layout\">&#13;\n<tbody>&#13;\n<tr>&#13;\n<td><span class=\"uk-h3\">Pase de un d\u00eda  <\/span><\/td>&#13;\n<td><span class=\"uk-h4\">entradas\/salidas ilimitadas<\/span><\/td>&#13;\n<td class=\"has-text-align-right\" data-align=\"right\"><span class=\"uk-h4 uk-text-warning uk-text-right\">5 \u20ac<\/span><\/td>&#13;\n<\/tr>&#13;\n<\/tbody>&#13;\n<\/table>&#13;\n<\/figure>&#13;\n&#13;\n<h2 id=\"h-supplements\" class=\"wp-block-heading\">Suplementos<\/h2>&#13;\n&#13;\n<figure class=\"wp-block-table uk-table uk-table-striped uk-table-hover uk-table-small uk-table-middle uk-table-responsive\">&#13;\n<table class=\"has-fixed-layout\">&#13;\n<tbody>&#13;\n<tr>&#13;\n<td>\n<div class=\"el-title uk-h4\">Refrescos<\/div>\n<\/td>&#13;\n<td>\n<div class=\"el-meta uk-text-lead uk-text-primary\">2\u20ac<\/div>\n<\/td>&#13;\n<\/tr>&#13;\n<tr>&#13;\n<td>\n<div class=\"el-title uk-h4\">Helados<\/div>\n<\/td>&#13;\n<td>\n<div class=\"el-meta uk-text-lead uk-text-primary\">2\u20ac<\/div>\n<\/td>&#13;\n<\/tr>&#13;\n<tr>&#13;\n<td>\n<div class=\"el-title uk-h4\">T\u00e9 &#8211; Caf\u00e9<\/div>\n<\/td>&#13;\n<td>\n<div class=\"el-meta uk-text-lead uk-text-primary\">1\u20ac<\/div>\n<\/td>&#13;\n<\/tr>&#13;\n<tr>&#13;\n<td>\n<div class=\"el-title uk-h4\">Poppers<\/div>\n<\/td>&#13;\n<td>\n<div class=\"el-meta uk-text-lead uk-text-primary\">10\u20ac<\/div>\n<\/td>&#13;\n<\/tr>&#13;\n<tr>&#13;\n<td>\n<div class=\"el-title uk-h4\">Sandalias de alquiler<\/div>\n<\/td>&#13;\n<td>\n<div class=\"el-meta uk-text-lead uk-text-primary\">3\u20ac<\/div>\n<\/td>&#13;\n<\/tr>&#13;\n<tr>&#13;\n<td>\n<div class=\"el-title uk-h4\">Toallas<\/div>\n<\/td>&#13;\n<td>\n<div class=\"el-meta uk-text-lead uk-text-primary\">A tu disposici\u00f3n<\/div>\n<\/td>&#13;\n<\/tr>&#13;\n<tr>&#13;\n<td>\n<div class=\"el-title uk-h4\">Preservativos<\/div>\n<\/td>&#13;\n<td>\n<div class=\"el-meta uk-text-lead uk-text-primary\">Disponible<\/div>\n<\/td>&#13;\n<\/tr>&#13;\n<tr>&#13;\n<td>\n<div class=\"el-title uk-h4\">Gel lubricante<\/div>\n<\/td>&#13;\n<td>\n<div class=\"el-meta uk-text-lead uk-text-primary\">Gratis<\/div>\n<\/td>&#13;\n<\/tr>&#13;\n<\/tbody>&#13;\n<\/table>&#13;\n<\/figure>&#13;\n&#13;\n<p>\u00a0<\/p>&#13;\n","protected":false},"excerpt":{"rendered":"<p>&#13; HOMBRE &#13; &#13; &#13; &#13; &#13; &#13; SemanaDe lunes a viernes &#13; 35\u20ac &#13; &#13; &#13; Fin de semanaDe s\u00e1bado a domingo &#13; 45\u20ac &#13; &#13; &#13; &#13; &#13; &#13; Compra tus entradas en l\u00ednea en nuestra TAQUILLA &#13; TARIFAS REDUCIDASSOLODe lunes a viernes &#13; &#13; &#13; &#13; &#13; Joven &#13; Menores de 22 [&hellip;]<\/p>\n","protected":false},"author":4,"featured_media":0,"parent":0,"menu_order":6,"comment_status":"closed","ping_status":"closed","template":"","meta":{"footnotes":""},"class_list":["post-744","page","type-page","status-publish","hentry"],"yoast_head":"<!-- This site is optimized with the Yoast SEO Premium plugin v27.2 (Yoast SEO v27.2) - https:\/\/yoast.com\/product\/yoast-seo-premium-wordpress\/ -->\n<title>Entradas: Hombres, J\u00f3venes, Mayores y m\u00e1s - Atlantide Sauna<\/title>\n<meta name=\"description\" content=\"Descubre nuestras atractivas tarifas para hombres, mujeres y parejas. Aprovecha los descuentos disponibles durante la semana.\" \/>\n<meta name=\"robots\" content=\"index, follow, max-snippet:-1, max-image-preview:large, max-video-preview:-1\" \/>\n<link rel=\"canonical\" href=\"https:\/\/atlantide-sauna.com\/es\/tarifas-para-2025\/\" \/>\n<meta property=\"og:locale\" content=\"es_ES\" \/>\n<meta property=\"og:type\" content=\"article\" \/>\n<meta property=\"og:title\" content=\"Tarifas para 2026\" \/>\n<meta property=\"og:description\" content=\"Descubre nuestras atractivas tarifas para hombres, mujeres y parejas. Aprovecha los descuentos disponibles durante la semana.\" \/>\n<meta property=\"og:url\" content=\"https:\/\/atlantide-sauna.com\/es\/tarifas-para-2025\/\" \/>\n<meta property=\"og:site_name\" content=\"Atlantide Sauna\" \/>\n<meta property=\"article:publisher\" content=\"https:\/\/www.facebook.com\/profile.php?id=100082829877238\" \/>\n<meta property=\"article:modified_time\" content=\"2026-01-28T16:27:53+00:00\" \/>\n<meta property=\"og:image\" content=\"https:\/\/i0.wp.com\/atlantide-sauna.com\/wp-content\/uploads\/2025\/06\/ASH_IMG2025_000.jpg?fit=1440%2C810&ssl=1\" \/>\n\t<meta property=\"og:image:width\" content=\"1440\" \/>\n\t<meta property=\"og:image:height\" content=\"810\" \/>\n\t<meta property=\"og:image:type\" content=\"image\/jpeg\" \/>\n<meta name=\"twitter:card\" content=\"summary_large_image\" \/>\n<meta name=\"twitter:site\" content=\"@atlantidesauna\" \/>\n<script type=\"application\/ld+json\" class=\"yoast-schema-graph\">{\"@context\":\"https:\/\/schema.org\",\"@graph\":[{\"@type\":\"WebPage\",\"@id\":\"https:\/\/atlantide-sauna.com\/es\/tarifas-para-2025\/\",\"url\":\"https:\/\/atlantide-sauna.com\/es\/tarifas-para-2025\/\",\"name\":\"Entradas: Hombres, J\u00f3venes, Mayores y m\u00e1s - Atlantide Sauna\",\"isPartOf\":{\"@id\":\"https:\/\/atlantide-sauna.com\/es\/#website\"},\"datePublished\":\"2022-07-16T15:26:02+00:00\",\"dateModified\":\"2026-01-28T16:27:53+00:00\",\"description\":\"Descubre nuestras atractivas tarifas para hombres, mujeres y parejas. Aprovecha los descuentos disponibles durante la semana.\",\"breadcrumb\":{\"@id\":\"https:\/\/atlantide-sauna.com\/es\/tarifas-para-2025\/#breadcrumb\"},\"inLanguage\":\"es\",\"potentialAction\":[{\"@type\":\"ReadAction\",\"target\":[\"https:\/\/atlantide-sauna.com\/es\/tarifas-para-2025\/\"]}]},{\"@type\":\"BreadcrumbList\",\"@id\":\"https:\/\/atlantide-sauna.com\/es\/tarifas-para-2025\/#breadcrumb\",\"itemListElement\":[{\"@type\":\"ListItem\",\"position\":1,\"name\":\"Accueil\",\"item\":\"https:\/\/atlantide-sauna.com\/es\/inicio\/\"},{\"@type\":\"ListItem\",\"position\":2,\"name\":\"Tarifas para 2026\"}]},{\"@type\":\"WebSite\",\"@id\":\"https:\/\/atlantide-sauna.com\/es\/#website\",\"url\":\"https:\/\/atlantide-sauna.com\/es\/\",\"name\":\"Atlantide Sauna\",\"description\":\"Sauna Toutes Tendances Gay Bi Tr**\",\"publisher\":{\"@id\":\"https:\/\/atlantide-sauna.com\/es\/#organization\"},\"alternateName\":\"Club libertin Atlantide Sauna Paris\",\"potentialAction\":[{\"@type\":\"SearchAction\",\"target\":{\"@type\":\"EntryPoint\",\"urlTemplate\":\"https:\/\/atlantide-sauna.com\/es\/?s={search_term_string}\"},\"query-input\":{\"@type\":\"PropertyValueSpecification\",\"valueRequired\":true,\"valueName\":\"search_term_string\"}}],\"inLanguage\":\"es\"},{\"@type\":\"Organization\",\"@id\":\"https:\/\/atlantide-sauna.com\/es\/#organization\",\"name\":\"ATLANTIDE SAUNA HAMMAM\",\"alternateName\":\"ATLANTIDE SAUNA HAMMAM\",\"url\":\"https:\/\/atlantide-sauna.com\/es\/\",\"logo\":{\"@type\":\"ImageObject\",\"inLanguage\":\"es\",\"@id\":\"https:\/\/atlantide-sauna.com\/es\/#\/schema\/logo\/image\/\",\"url\":\"https:\/\/atlantide-sauna.com\/wp-content\/uploads\/2025\/05\/ash_logo_2025_01.svg\",\"contentUrl\":\"https:\/\/atlantide-sauna.com\/wp-content\/uploads\/2025\/05\/ash_logo_2025_01.svg\",\"width\":1,\"height\":1,\"caption\":\"ATLANTIDE SAUNA HAMMAM\"},\"image\":{\"@id\":\"https:\/\/atlantide-sauna.com\/es\/#\/schema\/logo\/image\/\"},\"sameAs\":[\"https:\/\/www.facebook.com\/profile.php?id=100082829877238\",\"https:\/\/x.com\/atlantidesauna\"],\"description\":\"Sauna hammam toutes tendances. Un espace de libert\u00e9, de mixit\u00e9 et de tol\u00e9rance. Chez Atlantide Sauna vous trouverez les conditions id\u00e9ales pour vos rencontres libertines.\",\"email\":\"infos@atlantide-sauna.com\",\"telephone\":\"0143422243\",\"legalName\":\"ATLANTIDE SAUNA HAMMAM\",\"foundingDate\":\"1999-08-09\",\"vatID\":\"FR39423920370\",\"taxID\":\"42392037000016\",\"numberOfEmployees\":{\"@type\":\"QuantitativeValue\",\"minValue\":\"1\",\"maxValue\":\"10\"}}]}<\/script>\n<!-- \/ Yoast SEO Premium plugin. -->","yoast_head_json":{"title":"Entradas: Hombres, J\u00f3venes, Mayores y m\u00e1s - Atlantide Sauna","description":"Descubre nuestras atractivas tarifas para hombres, mujeres y parejas. Aprovecha los descuentos disponibles durante la semana.","robots":{"index":"index","follow":"follow","max-snippet":"max-snippet:-1","max-image-preview":"max-image-preview:large","max-video-preview":"max-video-preview:-1"},"canonical":"https:\/\/atlantide-sauna.com\/es\/tarifas-para-2025\/","og_locale":"es_ES","og_type":"article","og_title":"Tarifas para 2026","og_description":"Descubre nuestras atractivas tarifas para hombres, mujeres y parejas. Aprovecha los descuentos disponibles durante la semana.","og_url":"https:\/\/atlantide-sauna.com\/es\/tarifas-para-2025\/","og_site_name":"Atlantide Sauna","article_publisher":"https:\/\/www.facebook.com\/profile.php?id=100082829877238","article_modified_time":"2026-01-28T16:27:53+00:00","og_image":[{"width":1440,"height":810,"url":"https:\/\/i0.wp.com\/atlantide-sauna.com\/wp-content\/uploads\/2025\/06\/ASH_IMG2025_000.jpg?fit=1440%2C810&ssl=1","type":"image\/jpeg"}],"twitter_card":"summary_large_image","twitter_site":"@atlantidesauna","schema":{"@context":"https:\/\/schema.org","@graph":[{"@type":"WebPage","@id":"https:\/\/atlantide-sauna.com\/es\/tarifas-para-2025\/","url":"https:\/\/atlantide-sauna.com\/es\/tarifas-para-2025\/","name":"Entradas: Hombres, J\u00f3venes, Mayores y m\u00e1s - Atlantide Sauna","isPartOf":{"@id":"https:\/\/atlantide-sauna.com\/es\/#website"},"datePublished":"2022-07-16T15:26:02+00:00","dateModified":"2026-01-28T16:27:53+00:00","description":"Descubre nuestras atractivas tarifas para hombres, mujeres y parejas. Aprovecha los descuentos disponibles durante la semana.","breadcrumb":{"@id":"https:\/\/atlantide-sauna.com\/es\/tarifas-para-2025\/#breadcrumb"},"inLanguage":"es","potentialAction":[{"@type":"ReadAction","target":["https:\/\/atlantide-sauna.com\/es\/tarifas-para-2025\/"]}]},{"@type":"BreadcrumbList","@id":"https:\/\/atlantide-sauna.com\/es\/tarifas-para-2025\/#breadcrumb","itemListElement":[{"@type":"ListItem","position":1,"name":"Accueil","item":"https:\/\/atlantide-sauna.com\/es\/inicio\/"},{"@type":"ListItem","position":2,"name":"Tarifas para 2026"}]},{"@type":"WebSite","@id":"https:\/\/atlantide-sauna.com\/es\/#website","url":"https:\/\/atlantide-sauna.com\/es\/","name":"Atlantide Sauna","description":"Sauna Toutes Tendances Gay Bi Tr**","publisher":{"@id":"https:\/\/atlantide-sauna.com\/es\/#organization"},"alternateName":"Club libertin Atlantide Sauna Paris","potentialAction":[{"@type":"SearchAction","target":{"@type":"EntryPoint","urlTemplate":"https:\/\/atlantide-sauna.com\/es\/?s={search_term_string}"},"query-input":{"@type":"PropertyValueSpecification","valueRequired":true,"valueName":"search_term_string"}}],"inLanguage":"es"},{"@type":"Organization","@id":"https:\/\/atlantide-sauna.com\/es\/#organization","name":"ATLANTIDE SAUNA HAMMAM","alternateName":"ATLANTIDE SAUNA HAMMAM","url":"https:\/\/atlantide-sauna.com\/es\/","logo":{"@type":"ImageObject","inLanguage":"es","@id":"https:\/\/atlantide-sauna.com\/es\/#\/schema\/logo\/image\/","url":"https:\/\/atlantide-sauna.com\/wp-content\/uploads\/2025\/05\/ash_logo_2025_01.svg","contentUrl":"https:\/\/atlantide-sauna.com\/wp-content\/uploads\/2025\/05\/ash_logo_2025_01.svg","width":1,"height":1,"caption":"ATLANTIDE SAUNA HAMMAM"},"image":{"@id":"https:\/\/atlantide-sauna.com\/es\/#\/schema\/logo\/image\/"},"sameAs":["https:\/\/www.facebook.com\/profile.php?id=100082829877238","https:\/\/x.com\/atlantidesauna"],"description":"Sauna hammam toutes tendances. Un espace de libert\u00e9, de mixit\u00e9 et de tol\u00e9rance. Chez Atlantide Sauna vous trouverez les conditions id\u00e9ales pour vos rencontres libertines.","email":"infos@atlantide-sauna.com","telephone":"0143422243","legalName":"ATLANTIDE SAUNA HAMMAM","foundingDate":"1999-08-09","vatID":"FR39423920370","taxID":"42392037000016","numberOfEmployees":{"@type":"QuantitativeValue","minValue":"1","maxValue":"10"}}]}},"jetpack-related-posts":[{"id":89,"url":"https:\/\/atlantide-sauna.com\/tarifs\/","url_meta":{"origin":744,"position":0},"title":"Tarifs 2026","author":"Atlantide Sauna","date":"16 de julio de 2022","format":false,"excerpt":"HOMME SemaineLundi au Vendredi 35\u20ac Week-EndSamedi au Dimanche 45\u20ac Achetez vos tickets d'entr\u00e9e en ligne depuis notre BILLETTERIE TARIFS REDUITSUNIQUEMENTdu Lundi au Vendredi Jeune Moins de 22 ansou Etudiant 18\u20ac \u00a0 Moins de 27 ansMilitairePolicier 28\u20ac Senior A partir de 55 ans 28\u20ac Femme du Lundi au Vendredi 15\u20ac Femme\u2026","rel":"","context":"En \u00abAtlantide-Sauna\u00bb","block_context":{"text":"Atlantide-Sauna","link":"https:\/\/atlantide-sauna.com\/category\/atlantide-sauna\/"},"img":{"alt_text":"","src":"","width":0,"height":0},"classes":[]},{"id":7784,"url":"https:\/\/atlantide-sauna.com\/es\/tarifas-para-2026\/","url_meta":{"origin":744,"position":1},"title":"Tarifas para 2026","author":"Atlantide Sauna","date":"1 de enero de 2026","format":false,"excerpt":"Tarifas para 2026","rel":"","context":"Entrada similar","block_context":{"text":"Entrada similar","link":""},"img":{"alt_text":"","src":"","width":0,"height":0},"classes":[]},{"id":722,"url":"https:\/\/atlantide-sauna.com\/es\/","url_meta":{"origin":744,"position":2},"title":"Bienvenido","author":"Atlantide Sauna","date":"11 de mayo de 2025","format":false,"excerpt":"Atlantide Sauna se fund\u00f3 en 1999 para crear un espacio de libertad, diversidad y tolerancia. En este reservado CLUB, todos tus deseos y fantas\u00edas pueden expresarse en un ambiente respetuoso y amistoso. Sean cuales sean tus or\u00edgenes, cultura, edad o deseos, ser\u00e1s recibido por un personal sonriente, atento y cari\u00f1oso.\u2026","rel":"","context":"Entrada similar","block_context":{"text":"Entrada similar","link":""},"img":{"alt_text":"Atlantide Sauna Paris - Club libertin toutes tendance - Gare de Lyon","src":"https:\/\/i0.wp.com\/atlantide-sauna.com\/wp-content\/uploads\/2025\/06\/ASH_IMG2025_000.jpg?fit=1200%2C675&ssl=1&resize=350%2C200","width":350,"height":200,"srcset":"https:\/\/i0.wp.com\/atlantide-sauna.com\/wp-content\/uploads\/2025\/06\/ASH_IMG2025_000.jpg?fit=1200%2C675&ssl=1&resize=350%2C200 1x, https:\/\/i0.wp.com\/atlantide-sauna.com\/wp-content\/uploads\/2025\/06\/ASH_IMG2025_000.jpg?fit=1200%2C675&ssl=1&resize=525%2C300 1.5x, https:\/\/i0.wp.com\/atlantide-sauna.com\/wp-content\/uploads\/2025\/06\/ASH_IMG2025_000.jpg?fit=1200%2C675&ssl=1&resize=700%2C400 2x, https:\/\/i0.wp.com\/atlantide-sauna.com\/wp-content\/uploads\/2025\/06\/ASH_IMG2025_000.jpg?fit=1200%2C675&ssl=1&resize=1050%2C600 3x"},"classes":[]},{"id":508,"url":"https:\/\/atlantide-sauna.com\/es\/faq-informacion-practica\/","url_meta":{"origin":744,"position":3},"title":"Informaci\u00f3n","author":"Atlantide Sauna","date":"16 de julio de 2022","format":false,"excerpt":"\u00bfCU\u00c1L ES EL HORARIO DE APERTURA DE LA SAUNA ATLANTIDE? Todos los d\u00edas de 12.00 a 22.00 h, incluidos domingos y festivos. Podemos ofrecer otros horarios de apertura para eventos especiales. \u00bfCU\u00c1NDO HAY M\u00c1S GENTE EN LA SAUNA ATLANTIDE? \u00a1Una pregunta para Madame Irma y su bola de cristal! Por\u2026","rel":"","context":"En \u00abAtl\u00e1ntida-Sauna\u00bb","block_context":{"text":"Atl\u00e1ntida-Sauna","link":"https:\/\/atlantide-sauna.com\/es\/category\/atlantida-sauna\/"},"img":{"alt_text":"Atlantide Sauna Paris - Informations pratiques","src":"https:\/\/i0.wp.com\/atlantide-sauna.com\/wp-content\/uploads\/2014\/04\/ASH_IMG_0180_675_1200-e1748345108440.jpg?fit=675%2C380&ssl=1&resize=350%2C200","width":350,"height":200,"srcset":"https:\/\/i0.wp.com\/atlantide-sauna.com\/wp-content\/uploads\/2014\/04\/ASH_IMG_0180_675_1200-e1748345108440.jpg?fit=675%2C380&ssl=1&resize=350%2C200 1x, https:\/\/i0.wp.com\/atlantide-sauna.com\/wp-content\/uploads\/2014\/04\/ASH_IMG_0180_675_1200-e1748345108440.jpg?fit=675%2C380&ssl=1&resize=525%2C300 1.5x"},"classes":[]},{"id":747,"url":"https:\/\/atlantide-sauna.com\/de\/preise\/","url_meta":{"origin":744,"position":4},"title":"Tarife 2026","author":"Atlantide Sauna","date":"16 de julio de 2022","format":false,"excerpt":"\r MANN\r \r \r \r \r \r WocheMontag bis Freitag\r 35\u20ac\r \r \r WochenendeSamstag bis Sonntag\r 45\u20ac\r \r \r \r \r \r Kaufen Sie Ihre Eintrittskarten online in unserem TICKETTERIE\r ERM\u00c4SSIGTE PREISENURvon Montag bis Freitag \r \r \r \r \r Junger\r Unter 22 Jahrenoder Student\r 18\u20ac\r \r \r \u00a0\r Unter\u2026","rel":"","context":"En \u00abAtlantide-Sauna\u00bb","block_context":{"text":"Atlantide-Sauna","link":"https:\/\/atlantide-sauna.com\/de\/category\/atlantide-sauna-de\/"},"img":{"alt_text":"","src":"","width":0,"height":0},"classes":[]},{"id":746,"url":"https:\/\/atlantide-sauna.com\/it\/tariffe\/","url_meta":{"origin":744,"position":5},"title":"Tariffe per il 2026","author":"Atlantide Sauna","date":"16 de julio de 2022","format":false,"excerpt":"\r UOMINI\r \r \r \r \r \r SettimanaDa luned\u00ec a venerd\u00ec\r 35\u20ac\r \r \r WeekendDa sabato a domenica\r 45\u20ac\r \r \r \r \r \r Acquista i tuoi biglietti online dal nostro BOX BIGLIETTI\r TARIFFE RIDOTTESOLOdal luned\u00ec al venerd\u00ec \r \r \r \r \r Giovane\r Under 22o studente\r 18\u20ac\r \r \r\u2026","rel":"","context":"En \u00abAtlantide-Sauna\u00bb","block_context":{"text":"Atlantide-Sauna","link":"https:\/\/atlantide-sauna.com\/it\/category\/atlantide-sauna-it\/"},"img":{"alt_text":"","src":"","width":0,"height":0},"classes":[]}],"jetpack_sharing_enabled":true,"_links":{"self":[{"href":"https:\/\/atlantide-sauna.com\/es\/wp-json\/wp\/v2\/pages\/744","targetHints":{"allow":["GET"]}}],"collection":[{"href":"https:\/\/atlantide-sauna.com\/es\/wp-json\/wp\/v2\/pages"}],"about":[{"href":"https:\/\/atlantide-sauna.com\/es\/wp-json\/wp\/v2\/types\/page"}],"author":[{"embeddable":true,"href":"https:\/\/atlantide-sauna.com\/es\/wp-json\/wp\/v2\/users\/4"}],"replies":[{"embeddable":true,"href":"https:\/\/atlantide-sauna.com\/es\/wp-json\/wp\/v2\/comments?post=744"}],"version-history":[{"count":5,"href":"https:\/\/atlantide-sauna.com\/es\/wp-json\/wp\/v2\/pages\/744\/revisions"}],"predecessor-version":[{"id":8011,"href":"https:\/\/atlantide-sauna.com\/es\/wp-json\/wp\/v2\/pages\/744\/revisions\/8011"}],"wp:attachment":[{"href":"https:\/\/atlantide-sauna.com\/es\/wp-json\/wp\/v2\/media?parent=744"}],"curies":[{"name":"wp","href":"https:\/\/api.w.org\/{rel}","templated":true}]}}