{"id":8576,"date":"2026-01-01T23:47:42","date_gmt":"2026-01-01T22:47:42","guid":{"rendered":"https:\/\/atlantide-sauna.com\/billetterie\/hombres-menores-de-22-anos\/"},"modified":"2026-01-01T23:47:42","modified_gmt":"2026-01-01T22:47:42","slug":"hombres-menores-de-22-anos","status":"publish","type":"product","link":"https:\/\/atlantide-sauna.com\/es\/billetterie\/hombres-menores-de-22-anos\/","title":{"rendered":"Hombres menores de 22 a\u00f1os"},"content":{"rendered":"<p>Entrada para un hombre soltero <strong>menor de 22 a\u00f1os, o para un estudiante<\/strong>.<br \/>\nTarifas entre semana de lunes a viernes.<br \/>\n<strong><span style=\"text-decoration: underline;\">Se requiere IDENTIFICACI\u00d3N<\/span> oficial o <span style=\"text-decoration: underline;\">TARJETA de ESTUDIANTE<\/span> para entrar en el centro.<\/strong><br \/>\n<!--more--><br \/>\nVen a disfrutar de la sala de vapor y la sauna, y conoce a gente nueva todos los d\u00edas a partir de mediod\u00eda.<\/p>\n<div class=\"uk-alert uk-alert-success\" style=\"text-align: justify;\">\n<p>Billete de entrada, <span style=\"text-decoration: underline;\"><strong>sin fecha<\/strong><\/span>v\u00e1lido durante la semana y <span style=\"text-decoration: underline;\"><strong>puede utilizarse de LUNES a VIERNES<\/strong>.<\/span><\/p>\n<p>Billete de entrada que debe utilizarse <strong><span style=\"text-decoration: underline;\">dentro de los 3 MESES siguientes a la fecha de compra<\/span><\/strong>.<\/p>\n<\/div>\n<p class=\"whitespace-break-spaces\"><strong>Condiciones de uso :<\/strong><\/p>\n<ul>\n<li>V\u00e1lido para una sola entrada.<\/li>\n<li>No intercambiable, no reembolsable.<\/li>\n<li>Reservado a hombres mayores de edad (18 a\u00f1os y menores de 22).<\/li>\n<li>Debe presentarse a la entrada (versi\u00f3n digital o impresa).<\/li>\n<li>Reservado a hombres mayores de 18 a\u00f1os que sean <strong>estudiantes<\/strong> (carn\u00e9 de estudiante original)<\/li>\n<li><span style=\"color: #ff0000;\"><strong>DEBES tener un <span style=\"text-decoration: underline;\">DNI OFICIAL<\/span> o <span style=\"text-decoration: underline;\">una TARJETA DE ESTUDIANTE<br \/>\n<\/span><\/strong>Es <strong><span style=\"text-decoration: underline;\">obligatorio<\/span> entrar en el establecimiento.<\/strong><\/span><\/li>\n<\/ul>\n<p><strong>\u00bfNecesitas un billete para una pareja?<\/strong> Consulta nuestras otras opciones de precios <a href=\"https:\/\/atlantide-sauna.com\/billetterie\/entree-duo\/\"><strong>Entrada d\u00fao<\/strong><\/a>.<\/p>\n<p>\u00a1Tienes <strong>55 a\u00f1os o m\u00e1s!<\/strong> Aprovecha nuestra oferta <a href=\"https:\/\/atlantide-sauna.com\/billetterie\/entree-senior\/\"><strong>Admisi\u00f3n para mayores<\/strong><\/a>.<\/p>\n<div class=\"uk-alert uk-alert-warning\" style=\"text-align: justify;\"><strong>IMPORTANTE<\/strong><br \/>\nLos tickets de entrada son v\u00e1lidos todos los d\u00edas de apertura del establecimiento <strong>, excepto los d\u00edas de EVENTO <\/strong>o de <strong>NOCHE ESPECIAL.<br \/>\n<\/strong>Pregunta en la recepci\u00f3n del establecimiento o consulta nuestras redes sociales en <a href=\"https:\/\/www.instagram.com\/atlantide.sauna\/\" target=\"_blank\" rel=\"noopener\">Instagram<\/a>, <a href=\"https:\/\/www.facebook.com\/people\/Atlantide-Sauna\/100082829877238\/\" target=\"_blank\" rel=\"noopener\">Facebook<\/a> o <a href=\"https:\/\/t.me\/+Ioz1OGyrdg01ZTlk\" target=\"_blank\" rel=\"noopener\">Telegram<\/a>. Tambi\u00e9n puedes enviarnos un mensaje a trav\u00e9s de nuestra p\u00e1gina de <a href=\"https:\/\/atlantide-sauna.com\/es\/ponte-en-contacto-con\/\" target=\"_blank\" rel=\"noopener\">CONTACTO<\/a>. <\/div>\n<div><\/div>\n<div class=\"uk-alert\">\n<div style=\"text-align: justify;\"><img data-recalc-dims=\"1\" loading=\"lazy\" decoding=\"async\" class=\"alignleft wp-image-6966\" src=\"https:\/\/i0.wp.com\/atlantide-sauna.com\/wp-content\/uploads\/2025\/10\/carte_fidelite.png?resize=145%2C90&#038;ssl=1\" alt=\"Tarjeta de fidelidad - Atlantide Sauna Paris\" width=\"145\" height=\"90\" srcset=\"https:\/\/i0.wp.com\/atlantide-sauna.com\/wp-content\/uploads\/2025\/10\/carte_fidelite.png?resize=300%2C186&amp;ssl=1 300w, https:\/\/i0.wp.com\/atlantide-sauna.com\/wp-content\/uploads\/2025\/10\/carte_fidelite.png?w=420&amp;ssl=1 420w\" sizes=\"(max-width: 145px) 100vw, 145px\" \/>Acumula puntos por cada entrada pagada y \u00a1consigue 1 entrada gratis por cada 900 puntos que acumules! Presenta tu tarjeta de fidelidad en recepci\u00f3n. Son intransferibles y no pueden combinarse con otras ofertas. Nos reservamos el derecho a modificar estas condiciones en cualquier momento.   <\/div>\n<\/div>\n<div>https:\/\/atlantide-sauna.com\/billetterie\/<\/div>\n","protected":false},"excerpt":{"rendered":"<p>Entrada para un hombre soltero mayor de 18 a\u00f1os.<\/p>\n","protected":false},"author":4,"featured_media":7620,"template":"","meta":{"jetpack_publicize_message":"","jetpack_publicize_feature_enabled":true,"jetpack_social_post_already_shared":true,"jetpack_social_options":{"image_generator_settings":{"template":"highway","default_image_id":0,"font":"","enabled":false},"version":2}},"product_brand":[],"product_cat":[310],"product_tag":[336,340],"class_list":{"0":"post-8576","1":"product","2":"type-product","3":"status-publish","4":"has-post-thumbnail","6":"product_cat-billets","7":"product_tag-homme","8":"product_tag-semaine","10":"first","11":"instock","12":"featured","13":"virtual","14":"taxable","15":"purchasable","16":"product-type-simple"},"yoast_head":"<!-- This site is optimized with the Yoast SEO Premium plugin v27.5 (Yoast SEO v27.5) - https:\/\/yoast.com\/product\/yoast-seo-premium-wordpress\/ -->\n<title>Entrada individual masculina: Admisi\u00f3n para mayores de 18 a\u00f1os - Atlantide Sauna<\/title>\n<meta name=\"description\" content=\"Descubre un momento de relajaci\u00f3n con nuestra entrada individual. \u00a1Conc\u00e9ntrate en tu bienestar y conoce gente nueva a partir del mediod\u00eda! \ud83c\udf1f\" \/>\n<meta name=\"robots\" content=\"index, follow, max-snippet:-1, max-image-preview:large, max-video-preview:-1\" \/>\n<link rel=\"canonical\" href=\"https:\/\/atlantide-sauna.com\/es\/billetterie\/hombres-menores-de-22-anos\/\" \/>\n<meta property=\"og:locale\" content=\"es_ES\" \/>\n<meta property=\"og:type\" content=\"article\" \/>\n<meta property=\"og:title\" content=\"Hombres menores de 22 a\u00f1os\" \/>\n<meta property=\"og:description\" content=\"Descubre un momento de relajaci\u00f3n con nuestra entrada individual. \u00a1Conc\u00e9ntrate en tu bienestar y conoce gente nueva a partir del mediod\u00eda! \ud83c\udf1f\" \/>\n<meta property=\"og:url\" content=\"https:\/\/atlantide-sauna.com\/es\/billetterie\/hombres-menores-de-22-anos\/\" \/>\n<meta property=\"og:site_name\" content=\"Atlantide Sauna\" \/>\n<meta property=\"article:publisher\" content=\"https:\/\/www.facebook.com\/profile.php?id=100082829877238\" \/>\n<meta property=\"og:image\" content=\"https:\/\/i0.wp.com\/atlantide-sauna.com\/wp-content\/uploads\/2025\/06\/ASH_IMG2025_000.jpg?fit=1440%2C810&ssl=1\" \/>\n\t<meta property=\"og:image:width\" content=\"1440\" \/>\n\t<meta property=\"og:image:height\" content=\"810\" \/>\n\t<meta property=\"og:image:type\" content=\"image\/jpeg\" \/>\n<meta name=\"twitter:card\" content=\"summary_large_image\" \/>\n<meta name=\"twitter:site\" content=\"@atlantidesauna\" \/>\n<meta name=\"twitter:label1\" content=\"Tiempo de lectura\" \/>\n\t<meta name=\"twitter:data1\" content=\"1 minuto\" \/>\n<script type=\"application\/ld+json\" class=\"yoast-schema-graph\">{\"@context\":\"https:\\\/\\\/schema.org\",\"@graph\":[{\"@type\":\"WebPage\",\"@id\":\"https:\\\/\\\/atlantide-sauna.com\\\/es\\\/billetterie\\\/hombres-menores-de-22-anos\\\/\",\"url\":\"https:\\\/\\\/atlantide-sauna.com\\\/es\\\/billetterie\\\/hombres-menores-de-22-anos\\\/\",\"name\":\"Entrada individual masculina: Admisi\u00f3n para mayores de 18 a\u00f1os - Atlantide Sauna\",\"isPartOf\":{\"@id\":\"https:\\\/\\\/atlantide-sauna.com\\\/es\\\/#website\"},\"primaryImageOfPage\":{\"@id\":\"https:\\\/\\\/atlantide-sauna.com\\\/es\\\/billetterie\\\/hombres-menores-de-22-anos\\\/#primaryimage\"},\"image\":{\"@id\":\"https:\\\/\\\/atlantide-sauna.com\\\/es\\\/billetterie\\\/hombres-menores-de-22-anos\\\/#primaryimage\"},\"thumbnailUrl\":\"https:\\\/\\\/atlantide-sauna.com\\\/wp-content\\\/uploads\\\/2026\\\/01\\\/ASH-TICKETS_2026_M22.svg\",\"datePublished\":\"2026-01-01T22:47:42+00:00\",\"description\":\"Descubre un momento de relajaci\u00f3n con nuestra entrada individual. \u00a1Conc\u00e9ntrate en tu bienestar y conoce gente nueva a partir del mediod\u00eda! \ud83c\udf1f\",\"breadcrumb\":{\"@id\":\"https:\\\/\\\/atlantide-sauna.com\\\/es\\\/billetterie\\\/hombres-menores-de-22-anos\\\/#breadcrumb\"},\"inLanguage\":\"es\",\"potentialAction\":[{\"@type\":\"ReadAction\",\"target\":[\"https:\\\/\\\/atlantide-sauna.com\\\/es\\\/billetterie\\\/hombres-menores-de-22-anos\\\/\"]}]},{\"@type\":\"ImageObject\",\"inLanguage\":\"es\",\"@id\":\"https:\\\/\\\/atlantide-sauna.com\\\/es\\\/billetterie\\\/hombres-menores-de-22-anos\\\/#primaryimage\",\"url\":\"https:\\\/\\\/atlantide-sauna.com\\\/wp-content\\\/uploads\\\/2026\\\/01\\\/ASH-TICKETS_2026_M22.svg\",\"contentUrl\":\"https:\\\/\\\/atlantide-sauna.com\\\/wp-content\\\/uploads\\\/2026\\\/01\\\/ASH-TICKETS_2026_M22.svg\",\"width\":800,\"height\":800,\"caption\":\"Entrada para HOMBRE soltero menor de 22 a\u00f1os - Atlantide Sauna Paris\"},{\"@type\":\"BreadcrumbList\",\"@id\":\"https:\\\/\\\/atlantide-sauna.com\\\/es\\\/billetterie\\\/hombres-menores-de-22-anos\\\/#breadcrumb\",\"itemListElement\":[{\"@type\":\"ListItem\",\"position\":1,\"name\":\"Accueil\",\"item\":\"https:\\\/\\\/atlantide-sauna.com\\\/es\\\/inicio\\\/\"},{\"@type\":\"ListItem\",\"position\":2,\"name\":\"Boutique\",\"item\":\"https:\\\/\\\/atlantide-sauna.com\\\/boutique\\\/\"},{\"@type\":\"ListItem\",\"position\":3,\"name\":\"Hombres menores de 22 a\u00f1os\"}]},{\"@type\":\"WebSite\",\"@id\":\"https:\\\/\\\/atlantide-sauna.com\\\/es\\\/#website\",\"url\":\"https:\\\/\\\/atlantide-sauna.com\\\/es\\\/\",\"name\":\"Atlantide Sauna\",\"description\":\"Sauna Toutes Tendances Gay Bi Tr**\",\"publisher\":{\"@id\":\"https:\\\/\\\/atlantide-sauna.com\\\/es\\\/#organization\"},\"alternateName\":\"Club libertin Atlantide Sauna Paris\",\"potentialAction\":[{\"@type\":\"SearchAction\",\"target\":{\"@type\":\"EntryPoint\",\"urlTemplate\":\"https:\\\/\\\/atlantide-sauna.com\\\/es\\\/?s={search_term_string}\"},\"query-input\":{\"@type\":\"PropertyValueSpecification\",\"valueRequired\":true,\"valueName\":\"search_term_string\"}}],\"inLanguage\":\"es\"},{\"@type\":\"Organization\",\"@id\":\"https:\\\/\\\/atlantide-sauna.com\\\/es\\\/#organization\",\"name\":\"ATLANTIDE SAUNA HAMMAM\",\"alternateName\":\"ATLANTIDE SAUNA HAMMAM\",\"url\":\"https:\\\/\\\/atlantide-sauna.com\\\/es\\\/\",\"logo\":{\"@type\":\"ImageObject\",\"inLanguage\":\"es\",\"@id\":\"https:\\\/\\\/atlantide-sauna.com\\\/es\\\/#\\\/schema\\\/logo\\\/image\\\/\",\"url\":\"https:\\\/\\\/atlantide-sauna.com\\\/wp-content\\\/uploads\\\/2025\\\/05\\\/ash_logo_2025_01.svg\",\"contentUrl\":\"https:\\\/\\\/atlantide-sauna.com\\\/wp-content\\\/uploads\\\/2025\\\/05\\\/ash_logo_2025_01.svg\",\"width\":1,\"height\":1,\"caption\":\"ATLANTIDE SAUNA HAMMAM\"},\"image\":{\"@id\":\"https:\\\/\\\/atlantide-sauna.com\\\/es\\\/#\\\/schema\\\/logo\\\/image\\\/\"},\"sameAs\":[\"https:\\\/\\\/www.facebook.com\\\/profile.php?id=100082829877238\",\"https:\\\/\\\/x.com\\\/atlantidesauna\"],\"description\":\"Sauna hammam toutes tendances. Un espace de libert\u00e9, de mixit\u00e9 et de tol\u00e9rance. Chez Atlantide Sauna vous trouverez les conditions id\u00e9ales pour vos rencontres libertines.\",\"email\":\"infos@atlantide-sauna.com\",\"telephone\":\"0143422243\",\"legalName\":\"ATLANTIDE SAUNA HAMMAM\",\"foundingDate\":\"1999-08-09\",\"vatID\":\"FR39423920370\",\"taxID\":\"42392037000016\",\"numberOfEmployees\":{\"@type\":\"QuantitativeValue\",\"minValue\":\"1\",\"maxValue\":\"10\"}}]}<\/script>\n<!-- \/ Yoast SEO Premium plugin. -->","yoast_head_json":{"title":"Entrada individual masculina: Admisi\u00f3n para mayores de 18 a\u00f1os - Atlantide Sauna","description":"Descubre un momento de relajaci\u00f3n con nuestra entrada individual. \u00a1Conc\u00e9ntrate en tu bienestar y conoce gente nueva a partir del mediod\u00eda! \ud83c\udf1f","robots":{"index":"index","follow":"follow","max-snippet":"max-snippet:-1","max-image-preview":"max-image-preview:large","max-video-preview":"max-video-preview:-1"},"canonical":"https:\/\/atlantide-sauna.com\/es\/billetterie\/hombres-menores-de-22-anos\/","og_locale":"es_ES","og_type":"article","og_title":"Hombres menores de 22 a\u00f1os","og_description":"Descubre un momento de relajaci\u00f3n con nuestra entrada individual. \u00a1Conc\u00e9ntrate en tu bienestar y conoce gente nueva a partir del mediod\u00eda! \ud83c\udf1f","og_url":"https:\/\/atlantide-sauna.com\/es\/billetterie\/hombres-menores-de-22-anos\/","og_site_name":"Atlantide Sauna","article_publisher":"https:\/\/www.facebook.com\/profile.php?id=100082829877238","og_image":[{"width":1440,"height":810,"url":"https:\/\/i0.wp.com\/atlantide-sauna.com\/wp-content\/uploads\/2025\/06\/ASH_IMG2025_000.jpg?fit=1440%2C810&ssl=1","type":"image\/jpeg"}],"twitter_card":"summary_large_image","twitter_site":"@atlantidesauna","twitter_misc":{"Tiempo de lectura":"1 minuto"},"schema":{"@context":"https:\/\/schema.org","@graph":[{"@type":"WebPage","@id":"https:\/\/atlantide-sauna.com\/es\/billetterie\/hombres-menores-de-22-anos\/","url":"https:\/\/atlantide-sauna.com\/es\/billetterie\/hombres-menores-de-22-anos\/","name":"Entrada individual masculina: Admisi\u00f3n para mayores de 18 a\u00f1os - Atlantide Sauna","isPartOf":{"@id":"https:\/\/atlantide-sauna.com\/es\/#website"},"primaryImageOfPage":{"@id":"https:\/\/atlantide-sauna.com\/es\/billetterie\/hombres-menores-de-22-anos\/#primaryimage"},"image":{"@id":"https:\/\/atlantide-sauna.com\/es\/billetterie\/hombres-menores-de-22-anos\/#primaryimage"},"thumbnailUrl":"https:\/\/atlantide-sauna.com\/wp-content\/uploads\/2026\/01\/ASH-TICKETS_2026_M22.svg","datePublished":"2026-01-01T22:47:42+00:00","description":"Descubre un momento de relajaci\u00f3n con nuestra entrada individual. \u00a1Conc\u00e9ntrate en tu bienestar y conoce gente nueva a partir del mediod\u00eda! \ud83c\udf1f","breadcrumb":{"@id":"https:\/\/atlantide-sauna.com\/es\/billetterie\/hombres-menores-de-22-anos\/#breadcrumb"},"inLanguage":"es","potentialAction":[{"@type":"ReadAction","target":["https:\/\/atlantide-sauna.com\/es\/billetterie\/hombres-menores-de-22-anos\/"]}]},{"@type":"ImageObject","inLanguage":"es","@id":"https:\/\/atlantide-sauna.com\/es\/billetterie\/hombres-menores-de-22-anos\/#primaryimage","url":"https:\/\/atlantide-sauna.com\/wp-content\/uploads\/2026\/01\/ASH-TICKETS_2026_M22.svg","contentUrl":"https:\/\/atlantide-sauna.com\/wp-content\/uploads\/2026\/01\/ASH-TICKETS_2026_M22.svg","width":800,"height":800,"caption":"Entrada para HOMBRE soltero menor de 22 a\u00f1os - Atlantide Sauna Paris"},{"@type":"BreadcrumbList","@id":"https:\/\/atlantide-sauna.com\/es\/billetterie\/hombres-menores-de-22-anos\/#breadcrumb","itemListElement":[{"@type":"ListItem","position":1,"name":"Accueil","item":"https:\/\/atlantide-sauna.com\/es\/inicio\/"},{"@type":"ListItem","position":2,"name":"Boutique","item":"https:\/\/atlantide-sauna.com\/boutique\/"},{"@type":"ListItem","position":3,"name":"Hombres menores de 22 a\u00f1os"}]},{"@type":"WebSite","@id":"https:\/\/atlantide-sauna.com\/es\/#website","url":"https:\/\/atlantide-sauna.com\/es\/","name":"Atlantide Sauna","description":"Sauna Toutes Tendances Gay Bi Tr**","publisher":{"@id":"https:\/\/atlantide-sauna.com\/es\/#organization"},"alternateName":"Club libertin Atlantide Sauna Paris","potentialAction":[{"@type":"SearchAction","target":{"@type":"EntryPoint","urlTemplate":"https:\/\/atlantide-sauna.com\/es\/?s={search_term_string}"},"query-input":{"@type":"PropertyValueSpecification","valueRequired":true,"valueName":"search_term_string"}}],"inLanguage":"es"},{"@type":"Organization","@id":"https:\/\/atlantide-sauna.com\/es\/#organization","name":"ATLANTIDE SAUNA HAMMAM","alternateName":"ATLANTIDE SAUNA HAMMAM","url":"https:\/\/atlantide-sauna.com\/es\/","logo":{"@type":"ImageObject","inLanguage":"es","@id":"https:\/\/atlantide-sauna.com\/es\/#\/schema\/logo\/image\/","url":"https:\/\/atlantide-sauna.com\/wp-content\/uploads\/2025\/05\/ash_logo_2025_01.svg","contentUrl":"https:\/\/atlantide-sauna.com\/wp-content\/uploads\/2025\/05\/ash_logo_2025_01.svg","width":1,"height":1,"caption":"ATLANTIDE SAUNA HAMMAM"},"image":{"@id":"https:\/\/atlantide-sauna.com\/es\/#\/schema\/logo\/image\/"},"sameAs":["https:\/\/www.facebook.com\/profile.php?id=100082829877238","https:\/\/x.com\/atlantidesauna"],"description":"Sauna hammam toutes tendances. Un espace de libert\u00e9, de mixit\u00e9 et de tol\u00e9rance. Chez Atlantide Sauna vous trouverez les conditions id\u00e9ales pour vos rencontres libertines.","email":"infos@atlantide-sauna.com","telephone":"0143422243","legalName":"ATLANTIDE SAUNA HAMMAM","foundingDate":"1999-08-09","vatID":"FR39423920370","taxID":"42392037000016","numberOfEmployees":{"@type":"QuantitativeValue","minValue":"1","maxValue":"10"}}]}},"jetpack_publicize_connections":[],"jetpack_sharing_enabled":true,"_links":{"self":[{"href":"https:\/\/atlantide-sauna.com\/es\/wp-json\/wp\/v2\/product\/8576","targetHints":{"allow":["GET"]}}],"collection":[{"href":"https:\/\/atlantide-sauna.com\/es\/wp-json\/wp\/v2\/product"}],"about":[{"href":"https:\/\/atlantide-sauna.com\/es\/wp-json\/wp\/v2\/types\/product"}],"author":[{"embeddable":true,"href":"https:\/\/atlantide-sauna.com\/es\/wp-json\/wp\/v2\/users\/4"}],"wp:featuredmedia":[{"embeddable":true,"href":"https:\/\/atlantide-sauna.com\/es\/wp-json\/wp\/v2\/media\/7620"}],"wp:attachment":[{"href":"https:\/\/atlantide-sauna.com\/es\/wp-json\/wp\/v2\/media?parent=8576"}],"wp:term":[{"taxonomy":"product_brand","embeddable":true,"href":"https:\/\/atlantide-sauna.com\/es\/wp-json\/wp\/v2\/product_brand?post=8576"},{"taxonomy":"product_cat","embeddable":true,"href":"https:\/\/atlantide-sauna.com\/es\/wp-json\/wp\/v2\/product_cat?post=8576"},{"taxonomy":"product_tag","embeddable":true,"href":"https:\/\/atlantide-sauna.com\/es\/wp-json\/wp\/v2\/product_tag?post=8576"}],"curies":[{"name":"wp","href":"https:\/\/api.w.org\/{rel}","templated":true}]}}