{"id":8581,"date":"2025-10-25T16:04:19","date_gmt":"2025-10-25T14:04:19","guid":{"rendered":"https:\/\/atlantide-sauna.com\/billetterie\/duo\/"},"modified":"2025-10-25T16:04:19","modified_gmt":"2025-10-25T14:04:19","slug":"duo","status":"publish","type":"product","link":"https:\/\/atlantide-sauna.com\/es\/billetterie\/duo\/","title":{"rendered":"Duo"},"content":{"rendered":"<p>V\u00e1lido para un hombre y su +1<br \/>\nPrecio todos los d\u00edas de lunes a domingo<\/p>\n<p><!--more--><\/p>\n<p class=\"whitespace-break-spaces\" dir=\"auto\"><strong>Billete Discovery D\u00fao<\/strong> <em>Para un hombre y su +1<\/em><\/p>\n<p class=\"whitespace-break-spaces\" dir=\"auto\">Disfruta de un momento privilegiado para dos en nuestro <span class=\"followup-block followup-block-hidden cursor-pointer outline-none static inline group-hover\/message:[--hover-opacity:1]\" tabindex=\"0\" data-question=\"Quels types d'\u00e9quipements ou d'installations sp\u00e9cifiques sont disponibles dans cet espace libertin pour assurer le confort des clients?\" aria-haspopup=\"dialog\" aria-expanded=\"false\" aria-controls=\"radix-_r_b5_\" data-state=\"closed\">espacio libertino<\/span>, dise\u00f1ado para tu comodidad y placer.<\/p>\n<p class=\"whitespace-break-spaces\" dir=\"auto\"><strong>Incluye:<\/strong> \u2705 Acceso ilimitado a la sauna y al hammam para dos personas \u2705 <span class=\"followup-block followup-block-hidden cursor-pointer outline-none static inline group-hover\/message:[--hover-opacity:1]\" tabindex=\"0\" data-question=\"Quel genre de vid\u00e9os ou d'ambiances sont propos\u00e9es pour cr\u00e9er cette immersion?\" aria-haspopup=\"dialog\" aria-expanded=\"false\" aria-controls=\"radix-_r_b6_\" data-state=\"closed\">Ambiente envolvente con v\u00eddeos<\/span> proyectados en grandes pantallas \u2705 <strong><span class=\"followup-block followup-block-hidden cursor-pointer outline-none static inline group-hover\/message:[--hover-opacity:1]\" tabindex=\"0\" data-question=\"Quels types de boissons chaudes sont inclus dans cette offre?\" aria-haspopup=\"dialog\" aria-expanded=\"false\" aria-controls=\"radix-_r_b7_\" data-state=\"closed\">1 bebida caliente gratuita<\/span><\/strong> por persona en tu primera visita<\/p>\n<p class=\"whitespace-break-spaces\" dir=\"auto\"><strong>Horario:<\/strong> \ud83d\udcc5 <strong>De lunes a domingo\u23f0<\/strong> <strong>De 12.00 a 22.00 horas<\/strong><\/p>\n<p class=\"whitespace-break-spaces\" dir=\"auto\"><strong>Validez:<\/strong> \u23f3 <strong>3 meses<\/strong> a partir de la fecha de compra<\/p>\n<hr>\n<p class=\"whitespace-break-spaces\" dir=\"auto\"><strong>T\u00e9rminos y condiciones:<\/strong><\/p>\n<ul>\n<li>Reservado para un hombre acompa\u00f1ado de una persona de su elecci\u00f3n.<\/li>\n<li>V\u00e1lido todos los d\u00edas (excepto festivos y eventos).<\/li>\n<li>No se permiten alimentos (excepto compras en el bar).<\/li>\n<li><strong><span class=\"followup-block followup-block-hidden cursor-pointer outline-none static inline group-hover\/message:[--hover-opacity:1]\" tabindex=\"0\" data-question=\"Pourquoi cette r\u00e8gle concernant les t\u00e9l\u00e9phones est-elle impos\u00e9e dans l'espace?\" aria-haspopup=\"dialog\" aria-expanded=\"false\" aria-controls=\"radix-_r_b8_\" data-state=\"closed\">Tel\u00e9fono en modo avi\u00f3n<\/span><\/strong> (excepto en el bar para los pagos).<\/li>\n<\/ul>\n<hr>\n<p class=\"whitespace-break-spaces\" dir=\"auto\"><em><span class=\"followup-block followup-block-hidden cursor-pointer outline-none static inline group-hover\/message:[--hover-opacity:1]\" tabindex=\"0\" data-question=\"Quelles activit\u00e9s ou services sont propos\u00e9s pour favoriser cette complicit\u00e9 et d\u00e9tente?\" aria-haspopup=\"dialog\" aria-expanded=\"false\" aria-controls=\"radix-_r_b9_\" data-state=\"closed\">Un espacio donde compartir<\/span> discretamente <span class=\"followup-block followup-block-hidden cursor-pointer outline-none static inline group-hover\/message:[--hover-opacity:1]\" tabindex=\"0\" data-question=\"Quelles activit\u00e9s ou services sont propos\u00e9s pour favoriser cette complicit\u00e9 et d\u00e9tente?\" aria-haspopup=\"dialog\" aria-expanded=\"false\" aria-controls=\"radix-_r_b9_\" data-state=\"closed\">la complicidad y la relajaci\u00f3n<\/span>.<\/em><\/p>\n<p class=\"whitespace-break-spaces\">Este billete <strong>s\u00f3lo<\/strong> da acceso a nuestro recinto <strong>a mayores de 18 a\u00f1os<\/strong>. Es <strong>estrictamente personal y nominativo<\/strong>: en la entrada se solicitar\u00e1 un documento de identidad v\u00e1lido para comprobar tu edad. <\/p>\n<p class=\"whitespace-break-spaces\">Ven a disfrutar de la sala de vapor y la sauna, y conoce a gente nueva todos los d\u00edas a partir de mediod\u00eda.<\/p>\n<p>Billete de entrada, <span style=\"text-decoration: underline;\"><strong>sin fecha<\/strong><\/span>v\u00e1lido y   <span style=\"text-decoration: underline;\"><strong>disponible de LUNES a DOMINGO<\/strong>.<\/span><\/p>\n<p class=\"whitespace-break-spaces\"><strong>Condiciones de uso :<\/strong><\/p>\n<ul>\n<li>V\u00e1lido para una sola entrada con tu +1<\/li>\n<li>No intercambiable, no reembolsable.<\/li>\n<li>Reservado a hombres mayores de edad (18 a\u00f1os o m\u00e1s).<\/li>\n<li>Debe presentarse a la entrada (versi\u00f3n digital o impresa).<\/li>\n<\/ul>\n<p>\u00a1Tienes <strong>55 a\u00f1os o m\u00e1s!<\/strong> Aprovecha nuestra oferta <a href=\"https:\/\/atlantide-sauna.com\/billetterie\/entree-senior\/\"><strong>Admisi\u00f3n para mayores<\/strong><\/a>.<\/p>\n","protected":false},"excerpt":{"rendered":"<p>V\u00e1lido para un hombre y su +1 Precio todos los d\u00edas de lunes a domingo<\/p>\n","protected":false},"author":4,"featured_media":7572,"template":"","meta":{"jetpack_publicize_message":"","jetpack_publicize_feature_enabled":true,"jetpack_social_post_already_shared":true,"jetpack_social_options":{"image_generator_settings":{"template":"highway","default_image_id":0,"font":"","enabled":false},"version":2}},"product_brand":[],"product_cat":[310],"product_tag":[340],"class_list":{"0":"post-8581","1":"product","2":"type-product","3":"status-publish","4":"has-post-thumbnail","6":"product_cat-billets","7":"product_tag-semaine","9":"first","10":"instock","11":"virtual","12":"taxable","13":"purchasable","14":"product-type-simple"},"yoast_head":"<!-- This site is optimized with the Yoast SEO Premium plugin v27.5 (Yoast SEO v27.5) - https:\/\/yoast.com\/product\/yoast-seo-premium-wordpress\/ -->\n<title>Ticket d&#039;entr\u00e9e Duo : Amenez Votre +1 Avec Vous - Atlantide Sauna<\/title>\n<meta name=\"description\" content=\"Vive momentos excepcionales con la Entrada D\u00fao. Para un hombre y su +1, \u00a1esta oportunidad est\u00e1 en juego! \ud83c\udf1f\" \/>\n<meta name=\"robots\" content=\"index, follow, max-snippet:-1, max-image-preview:large, max-video-preview:-1\" \/>\n<link rel=\"canonical\" href=\"https:\/\/atlantide-sauna.com\/es\/billetterie\/duo\/\" \/>\n<meta property=\"og:locale\" content=\"es_ES\" \/>\n<meta property=\"og:type\" content=\"article\" \/>\n<meta property=\"og:title\" content=\"Duo\" \/>\n<meta property=\"og:description\" content=\"Vive momentos excepcionales con la Entrada D\u00fao. Para un hombre y su +1, \u00a1esta oportunidad est\u00e1 en juego! \ud83c\udf1f\" \/>\n<meta property=\"og:url\" content=\"https:\/\/atlantide-sauna.com\/es\/billetterie\/duo\/\" \/>\n<meta property=\"og:site_name\" content=\"Atlantide Sauna\" \/>\n<meta property=\"article:publisher\" content=\"https:\/\/www.facebook.com\/profile.php?id=100082829877238\" \/>\n<meta property=\"og:image\" content=\"https:\/\/i0.wp.com\/atlantide-sauna.com\/wp-content\/uploads\/2025\/06\/ASH_IMG2025_000.jpg?fit=1440%2C810&ssl=1\" \/>\n\t<meta property=\"og:image:width\" content=\"1440\" \/>\n\t<meta property=\"og:image:height\" content=\"810\" \/>\n\t<meta property=\"og:image:type\" content=\"image\/jpeg\" \/>\n<meta name=\"twitter:card\" content=\"summary_large_image\" \/>\n<meta name=\"twitter:site\" content=\"@atlantidesauna\" \/>\n<meta name=\"twitter:label1\" content=\"Tiempo de lectura\" \/>\n\t<meta name=\"twitter:data1\" content=\"1 minuto\" \/>\n<script type=\"application\/ld+json\" class=\"yoast-schema-graph\">{\"@context\":\"https:\\\/\\\/schema.org\",\"@graph\":[{\"@type\":\"WebPage\",\"@id\":\"https:\\\/\\\/atlantide-sauna.com\\\/es\\\/billetterie\\\/duo\\\/\",\"url\":\"https:\\\/\\\/atlantide-sauna.com\\\/es\\\/billetterie\\\/duo\\\/\",\"name\":\"Ticket d'entr\u00e9e Duo : Amenez Votre +1 Avec Vous - Atlantide Sauna\",\"isPartOf\":{\"@id\":\"https:\\\/\\\/atlantide-sauna.com\\\/es\\\/#website\"},\"primaryImageOfPage\":{\"@id\":\"https:\\\/\\\/atlantide-sauna.com\\\/es\\\/billetterie\\\/duo\\\/#primaryimage\"},\"image\":{\"@id\":\"https:\\\/\\\/atlantide-sauna.com\\\/es\\\/billetterie\\\/duo\\\/#primaryimage\"},\"thumbnailUrl\":\"https:\\\/\\\/atlantide-sauna.com\\\/wp-content\\\/uploads\\\/2026\\\/01\\\/ASH-TICKETS_2026_COUPLE_SEMAINE.svg\",\"datePublished\":\"2025-10-25T14:04:19+00:00\",\"description\":\"Vive momentos excepcionales con la Entrada D\u00fao. Para un hombre y su +1, \u00a1esta oportunidad est\u00e1 en juego! \ud83c\udf1f\",\"breadcrumb\":{\"@id\":\"https:\\\/\\\/atlantide-sauna.com\\\/es\\\/billetterie\\\/duo\\\/#breadcrumb\"},\"inLanguage\":\"es\",\"potentialAction\":[{\"@type\":\"ReadAction\",\"target\":[\"https:\\\/\\\/atlantide-sauna.com\\\/es\\\/billetterie\\\/duo\\\/\"]}]},{\"@type\":\"ImageObject\",\"inLanguage\":\"es\",\"@id\":\"https:\\\/\\\/atlantide-sauna.com\\\/es\\\/billetterie\\\/duo\\\/#primaryimage\",\"url\":\"https:\\\/\\\/atlantide-sauna.com\\\/wp-content\\\/uploads\\\/2026\\\/01\\\/ASH-TICKETS_2026_COUPLE_SEMAINE.svg\",\"contentUrl\":\"https:\\\/\\\/atlantide-sauna.com\\\/wp-content\\\/uploads\\\/2026\\\/01\\\/ASH-TICKETS_2026_COUPLE_SEMAINE.svg\",\"width\":800,\"height\":800,\"caption\":\"Entrada DUO - Atlantide Sauna Paris\"},{\"@type\":\"BreadcrumbList\",\"@id\":\"https:\\\/\\\/atlantide-sauna.com\\\/es\\\/billetterie\\\/duo\\\/#breadcrumb\",\"itemListElement\":[{\"@type\":\"ListItem\",\"position\":1,\"name\":\"Accueil\",\"item\":\"https:\\\/\\\/atlantide-sauna.com\\\/es\\\/inicio\\\/\"},{\"@type\":\"ListItem\",\"position\":2,\"name\":\"Boutique\",\"item\":\"https:\\\/\\\/atlantide-sauna.com\\\/boutique\\\/\"},{\"@type\":\"ListItem\",\"position\":3,\"name\":\"Duo\"}]},{\"@type\":\"WebSite\",\"@id\":\"https:\\\/\\\/atlantide-sauna.com\\\/es\\\/#website\",\"url\":\"https:\\\/\\\/atlantide-sauna.com\\\/es\\\/\",\"name\":\"Atlantide Sauna\",\"description\":\"Sauna Toutes Tendances Gay Bi Tr**\",\"publisher\":{\"@id\":\"https:\\\/\\\/atlantide-sauna.com\\\/es\\\/#organization\"},\"alternateName\":\"Club libertin Atlantide Sauna Paris\",\"potentialAction\":[{\"@type\":\"SearchAction\",\"target\":{\"@type\":\"EntryPoint\",\"urlTemplate\":\"https:\\\/\\\/atlantide-sauna.com\\\/es\\\/?s={search_term_string}\"},\"query-input\":{\"@type\":\"PropertyValueSpecification\",\"valueRequired\":true,\"valueName\":\"search_term_string\"}}],\"inLanguage\":\"es\"},{\"@type\":\"Organization\",\"@id\":\"https:\\\/\\\/atlantide-sauna.com\\\/es\\\/#organization\",\"name\":\"ATLANTIDE SAUNA HAMMAM\",\"alternateName\":\"ATLANTIDE SAUNA HAMMAM\",\"url\":\"https:\\\/\\\/atlantide-sauna.com\\\/es\\\/\",\"logo\":{\"@type\":\"ImageObject\",\"inLanguage\":\"es\",\"@id\":\"https:\\\/\\\/atlantide-sauna.com\\\/es\\\/#\\\/schema\\\/logo\\\/image\\\/\",\"url\":\"https:\\\/\\\/atlantide-sauna.com\\\/wp-content\\\/uploads\\\/2025\\\/05\\\/ash_logo_2025_01.svg\",\"contentUrl\":\"https:\\\/\\\/atlantide-sauna.com\\\/wp-content\\\/uploads\\\/2025\\\/05\\\/ash_logo_2025_01.svg\",\"width\":1,\"height\":1,\"caption\":\"ATLANTIDE SAUNA HAMMAM\"},\"image\":{\"@id\":\"https:\\\/\\\/atlantide-sauna.com\\\/es\\\/#\\\/schema\\\/logo\\\/image\\\/\"},\"sameAs\":[\"https:\\\/\\\/www.facebook.com\\\/profile.php?id=100082829877238\",\"https:\\\/\\\/x.com\\\/atlantidesauna\"],\"description\":\"Sauna hammam toutes tendances. Un espace de libert\u00e9, de mixit\u00e9 et de tol\u00e9rance. Chez Atlantide Sauna vous trouverez les conditions id\u00e9ales pour vos rencontres libertines.\",\"email\":\"infos@atlantide-sauna.com\",\"telephone\":\"0143422243\",\"legalName\":\"ATLANTIDE SAUNA HAMMAM\",\"foundingDate\":\"1999-08-09\",\"vatID\":\"FR39423920370\",\"taxID\":\"42392037000016\",\"numberOfEmployees\":{\"@type\":\"QuantitativeValue\",\"minValue\":\"1\",\"maxValue\":\"10\"}}]}<\/script>\n<!-- \/ Yoast SEO Premium plugin. -->","yoast_head_json":{"title":"Ticket d'entr\u00e9e Duo : Amenez Votre +1 Avec Vous - Atlantide Sauna","description":"Vive momentos excepcionales con la Entrada D\u00fao. Para un hombre y su +1, \u00a1esta oportunidad est\u00e1 en juego! \ud83c\udf1f","robots":{"index":"index","follow":"follow","max-snippet":"max-snippet:-1","max-image-preview":"max-image-preview:large","max-video-preview":"max-video-preview:-1"},"canonical":"https:\/\/atlantide-sauna.com\/es\/billetterie\/duo\/","og_locale":"es_ES","og_type":"article","og_title":"Duo","og_description":"Vive momentos excepcionales con la Entrada D\u00fao. Para un hombre y su +1, \u00a1esta oportunidad est\u00e1 en juego! \ud83c\udf1f","og_url":"https:\/\/atlantide-sauna.com\/es\/billetterie\/duo\/","og_site_name":"Atlantide Sauna","article_publisher":"https:\/\/www.facebook.com\/profile.php?id=100082829877238","og_image":[{"width":1440,"height":810,"url":"https:\/\/i0.wp.com\/atlantide-sauna.com\/wp-content\/uploads\/2025\/06\/ASH_IMG2025_000.jpg?fit=1440%2C810&ssl=1","type":"image\/jpeg"}],"twitter_card":"summary_large_image","twitter_site":"@atlantidesauna","twitter_misc":{"Tiempo de lectura":"1 minuto"},"schema":{"@context":"https:\/\/schema.org","@graph":[{"@type":"WebPage","@id":"https:\/\/atlantide-sauna.com\/es\/billetterie\/duo\/","url":"https:\/\/atlantide-sauna.com\/es\/billetterie\/duo\/","name":"Ticket d'entr\u00e9e Duo : Amenez Votre +1 Avec Vous - Atlantide Sauna","isPartOf":{"@id":"https:\/\/atlantide-sauna.com\/es\/#website"},"primaryImageOfPage":{"@id":"https:\/\/atlantide-sauna.com\/es\/billetterie\/duo\/#primaryimage"},"image":{"@id":"https:\/\/atlantide-sauna.com\/es\/billetterie\/duo\/#primaryimage"},"thumbnailUrl":"https:\/\/atlantide-sauna.com\/wp-content\/uploads\/2026\/01\/ASH-TICKETS_2026_COUPLE_SEMAINE.svg","datePublished":"2025-10-25T14:04:19+00:00","description":"Vive momentos excepcionales con la Entrada D\u00fao. Para un hombre y su +1, \u00a1esta oportunidad est\u00e1 en juego! \ud83c\udf1f","breadcrumb":{"@id":"https:\/\/atlantide-sauna.com\/es\/billetterie\/duo\/#breadcrumb"},"inLanguage":"es","potentialAction":[{"@type":"ReadAction","target":["https:\/\/atlantide-sauna.com\/es\/billetterie\/duo\/"]}]},{"@type":"ImageObject","inLanguage":"es","@id":"https:\/\/atlantide-sauna.com\/es\/billetterie\/duo\/#primaryimage","url":"https:\/\/atlantide-sauna.com\/wp-content\/uploads\/2026\/01\/ASH-TICKETS_2026_COUPLE_SEMAINE.svg","contentUrl":"https:\/\/atlantide-sauna.com\/wp-content\/uploads\/2026\/01\/ASH-TICKETS_2026_COUPLE_SEMAINE.svg","width":800,"height":800,"caption":"Entrada DUO - Atlantide Sauna Paris"},{"@type":"BreadcrumbList","@id":"https:\/\/atlantide-sauna.com\/es\/billetterie\/duo\/#breadcrumb","itemListElement":[{"@type":"ListItem","position":1,"name":"Accueil","item":"https:\/\/atlantide-sauna.com\/es\/inicio\/"},{"@type":"ListItem","position":2,"name":"Boutique","item":"https:\/\/atlantide-sauna.com\/boutique\/"},{"@type":"ListItem","position":3,"name":"Duo"}]},{"@type":"WebSite","@id":"https:\/\/atlantide-sauna.com\/es\/#website","url":"https:\/\/atlantide-sauna.com\/es\/","name":"Atlantide Sauna","description":"Sauna Toutes Tendances Gay Bi Tr**","publisher":{"@id":"https:\/\/atlantide-sauna.com\/es\/#organization"},"alternateName":"Club libertin Atlantide Sauna Paris","potentialAction":[{"@type":"SearchAction","target":{"@type":"EntryPoint","urlTemplate":"https:\/\/atlantide-sauna.com\/es\/?s={search_term_string}"},"query-input":{"@type":"PropertyValueSpecification","valueRequired":true,"valueName":"search_term_string"}}],"inLanguage":"es"},{"@type":"Organization","@id":"https:\/\/atlantide-sauna.com\/es\/#organization","name":"ATLANTIDE SAUNA HAMMAM","alternateName":"ATLANTIDE SAUNA HAMMAM","url":"https:\/\/atlantide-sauna.com\/es\/","logo":{"@type":"ImageObject","inLanguage":"es","@id":"https:\/\/atlantide-sauna.com\/es\/#\/schema\/logo\/image\/","url":"https:\/\/atlantide-sauna.com\/wp-content\/uploads\/2025\/05\/ash_logo_2025_01.svg","contentUrl":"https:\/\/atlantide-sauna.com\/wp-content\/uploads\/2025\/05\/ash_logo_2025_01.svg","width":1,"height":1,"caption":"ATLANTIDE SAUNA HAMMAM"},"image":{"@id":"https:\/\/atlantide-sauna.com\/es\/#\/schema\/logo\/image\/"},"sameAs":["https:\/\/www.facebook.com\/profile.php?id=100082829877238","https:\/\/x.com\/atlantidesauna"],"description":"Sauna hammam toutes tendances. Un espace de libert\u00e9, de mixit\u00e9 et de tol\u00e9rance. Chez Atlantide Sauna vous trouverez les conditions id\u00e9ales pour vos rencontres libertines.","email":"infos@atlantide-sauna.com","telephone":"0143422243","legalName":"ATLANTIDE SAUNA HAMMAM","foundingDate":"1999-08-09","vatID":"FR39423920370","taxID":"42392037000016","numberOfEmployees":{"@type":"QuantitativeValue","minValue":"1","maxValue":"10"}}]}},"jetpack_publicize_connections":[],"jetpack_sharing_enabled":true,"_links":{"self":[{"href":"https:\/\/atlantide-sauna.com\/es\/wp-json\/wp\/v2\/product\/8581","targetHints":{"allow":["GET"]}}],"collection":[{"href":"https:\/\/atlantide-sauna.com\/es\/wp-json\/wp\/v2\/product"}],"about":[{"href":"https:\/\/atlantide-sauna.com\/es\/wp-json\/wp\/v2\/types\/product"}],"author":[{"embeddable":true,"href":"https:\/\/atlantide-sauna.com\/es\/wp-json\/wp\/v2\/users\/4"}],"wp:featuredmedia":[{"embeddable":true,"href":"https:\/\/atlantide-sauna.com\/es\/wp-json\/wp\/v2\/media\/7572"}],"wp:attachment":[{"href":"https:\/\/atlantide-sauna.com\/es\/wp-json\/wp\/v2\/media?parent=8581"}],"wp:term":[{"taxonomy":"product_brand","embeddable":true,"href":"https:\/\/atlantide-sauna.com\/es\/wp-json\/wp\/v2\/product_brand?post=8581"},{"taxonomy":"product_cat","embeddable":true,"href":"https:\/\/atlantide-sauna.com\/es\/wp-json\/wp\/v2\/product_cat?post=8581"},{"taxonomy":"product_tag","embeddable":true,"href":"https:\/\/atlantide-sauna.com\/es\/wp-json\/wp\/v2\/product_tag?post=8581"}],"curies":[{"name":"wp","href":"https:\/\/api.w.org\/{rel}","templated":true}]}}