{"id":8587,"date":"2025-10-27T18:15:08","date_gmt":"2025-10-27T17:15:08","guid":{"rendered":"https:\/\/atlantide-sauna.com\/billetterie\/semana-de-la-tercera-edad\/"},"modified":"2025-10-27T18:15:08","modified_gmt":"2025-10-27T17:15:08","slug":"semana-de-la-tercera-edad","status":"publish","type":"product","link":"https:\/\/atlantide-sauna.com\/es\/billetterie\/semana-de-la-tercera-edad\/","title":{"rendered":"Semana de la Tercera Edad"},"content":{"rendered":"<p>Admisi\u00f3n para hombres solteros mayores de 55 a\u00f1os. V\u00e1lido los d\u00edas laborables de lunes a viernes.<br \/>\n<!--more--><br \/>\nVen a disfrutar de la sala de vapor y la sauna, y conoce a gente nueva todos los d\u00edas a partir de mediod\u00eda.<\/p>\n<p>Billete de entrada, <span style=\"text-decoration: underline;\"><strong>sin fecha<\/strong><\/span>v\u00e1lido los d\u00edas laborables <span style=\"text-decoration: underline;\"><strong>de LUNES a VIERNES<\/strong>.<\/span><\/p>\n<p class=\"whitespace-break-spaces\" dir=\"auto\"><strong>Billete Senior Discovery<\/strong> <em>Para hombres a partir de 55 a\u00f1os<\/em><\/p>\n<p class=\"whitespace-break-spaces\" dir=\"auto\">Reg\u00e1late un momento de relajaci\u00f3n y placer en nuestra zona libertina, especialmente dise\u00f1ada para tu comodidad.<\/p>\n<p class=\"whitespace-break-spaces\" dir=\"auto\"><strong>Incluye :<\/strong><\/p>\n<ul>\n<li class=\"whitespace-break-spaces\" dir=\"auto\">\u2705 Acceso ilimitado a la sauna y al ba\u00f1o turco<\/li>\n<li class=\"whitespace-break-spaces\" dir=\"auto\">\u2705 Ambiente envolvente con v\u00eddeos de fondo proyectados en grandes pantallas<\/li>\n<li class=\"whitespace-break-spaces\" dir=\"auto\">\u2705 <strong>1 bebida caliente gratis<\/strong> en tu primera visita<\/li>\n<\/ul>\n<p class=\"whitespace-break-spaces\" dir=\"auto\"><strong>Horario de apertura:<\/strong> \ud83d\udcc5 De <strong>lunes a viernes<\/strong> \u23f0 <strong>De 12.00 a 22.00 horas<\/strong><\/p>\n<p class=\"whitespace-break-spaces\" dir=\"auto\"><strong>Validez:<\/strong> \u23f3 <strong>3 meses<\/strong> a partir de la fecha de compra<\/p>\n<hr>\n<p class=\"whitespace-break-spaces\" dir=\"auto\"><strong>T\u00e9rminos y condiciones:<\/strong><\/p>\n<ul>\n<li>Reservado a hombres a partir de 55 a\u00f1os.<\/li>\n<li>V\u00e1lido s\u00f3lo en d\u00edas laborables (excepto festivos).<\/li>\n<li>No se permiten alimentos (excepto compras en el bar).<\/li>\n<li><strong>Tel\u00e9fono en modo avi\u00f3n<\/strong> para la intimidad de todos (excepto en el bar para los pagos).<\/li>\n<\/ul>\n<p class=\"whitespace-break-spaces\"><strong>Condiciones de uso :<\/strong><\/p>\n<ul>\n<li>V\u00e1lido para una sola entrada.<\/li>\n<li>De <strong>lunes a viernes<\/strong>, si quieres venir el fin de semana a comprar un Weekend Man<\/li>\n<li>No intercambiable, no reembolsable.<\/li>\n<\/ul>\n<p><strong>\u00bfNecesitas un billete para una pareja?<\/strong> Consulta nuestras otras opciones de precios <a href=\"https:\/\/atlantide-sauna.com\/billetterie\/entree-duo\/\"><strong>Entrada d\u00fao<\/strong><\/a>.<\/p>\n<div class=\"uk-alert uk-alert-warning\" style=\"text-align: justify;\"><strong>IMPORTANTE<\/strong><br \/>\nLos tickets de entrada son v\u00e1lidos todos los d\u00edas de apertura del establecimiento <strong>, excepto los d\u00edas de EVENTO <\/strong>o de <strong>NOCHE ESPECIAL.<br \/>\n<\/strong>Pregunta en la recepci\u00f3n del establecimiento o consulta nuestras redes sociales en <a href=\"https:\/\/www.instagram.com\/atlantide.sauna\/\" target=\"_blank\" rel=\"noopener\">Instagram<\/a>, <a href=\"https:\/\/www.facebook.com\/people\/Atlantide-Sauna\/100082829877238\/\" target=\"_blank\" rel=\"noopener\">Facebook<\/a> o <a href=\"https:\/\/t.me\/+Ioz1OGyrdg01ZTlk\" target=\"_blank\" rel=\"noopener\">Telegram<\/a>. Tambi\u00e9n puedes enviarnos un mensaje a trav\u00e9s de nuestra p\u00e1gina de <a href=\"https:\/\/atlantide-sauna.com\/es\/ponte-en-contacto-con\/\" target=\"_blank\" rel=\"noopener\">CONTACTO<\/a>. <\/div>\n<div><\/div>\n<div class=\"uk-alert\">\n<div style=\"text-align: justify;\"><img data-recalc-dims=\"1\" loading=\"lazy\" decoding=\"async\" class=\"alignleft wp-image-6966\" src=\"https:\/\/i0.wp.com\/atlantide-sauna.com\/wp-content\/uploads\/2025\/10\/carte_fidelite.png?resize=145%2C90&#038;ssl=1\" alt=\"Tarjeta de fidelidad - Atlantide Sauna Paris\" width=\"145\" height=\"90\" srcset=\"https:\/\/i0.wp.com\/atlantide-sauna.com\/wp-content\/uploads\/2025\/10\/carte_fidelite.png?resize=300%2C186&amp;ssl=1 300w, https:\/\/i0.wp.com\/atlantide-sauna.com\/wp-content\/uploads\/2025\/10\/carte_fidelite.png?w=420&amp;ssl=1 420w\" sizes=\"(max-width: 145px) 100vw, 145px\" \/>Acumula puntos por cada entrada pagada y \u00a1consigue 1 entrada gratis por cada 900 puntos que acumules! Presenta tu tarjeta de fidelidad en recepci\u00f3n. Son intransferibles y no pueden combinarse con otras ofertas. Nos reservamos el derecho a modificar estas condiciones en cualquier momento.   <\/div>\n<\/div>\n<div>https:\/\/atlantide-sauna.com\/billetterie\/<\/div>\n","protected":false},"excerpt":{"rendered":"<p>Admisi\u00f3n para hombres solteros mayores de 55 a\u00f1os. V\u00e1lido los d\u00edas laborables de lunes a viernes.<\/p>\n","protected":false},"author":4,"featured_media":7644,"template":"","meta":{"jetpack_publicize_message":"","jetpack_publicize_feature_enabled":true,"jetpack_social_post_already_shared":true,"jetpack_social_options":{"image_generator_settings":{"template":"highway","default_image_id":0,"font":"","enabled":false},"version":2}},"product_brand":[],"product_cat":[310],"product_tag":[336,340],"class_list":{"0":"post-8587","1":"product","2":"type-product","3":"status-publish","4":"has-post-thumbnail","6":"product_cat-billets","7":"product_tag-homme","8":"product_tag-semaine","10":"first","11":"instock","12":"featured","13":"virtual","14":"taxable","15":"purchasable","16":"product-type-simple"},"yoast_head":"<!-- This site is optimized with the Yoast SEO Premium plugin v27.5 (Yoast SEO v27.5) - https:\/\/yoast.com\/product\/yoast-seo-premium-wordpress\/ -->\n<title>Billete para mayores: Reserva ya tu experiencia - Atlantide Sauna<\/title>\n<meta name=\"description\" content=\"\u00a1El Ticket d&#039;entr\u00e9e S\u00e9nior te espera para que disfrutes de placeres inolvidables! Aprovecha las ventajas reservadas para ti, \u00a1compra el tuyo!\" \/>\n<meta name=\"robots\" content=\"index, follow, max-snippet:-1, max-image-preview:large, max-video-preview:-1\" \/>\n<link rel=\"canonical\" href=\"https:\/\/atlantide-sauna.com\/es\/billetterie\/semana-de-la-tercera-edad\/\" \/>\n<meta property=\"og:locale\" content=\"es_ES\" \/>\n<meta property=\"og:type\" content=\"article\" \/>\n<meta property=\"og:title\" content=\"Semana de la Tercera Edad\" \/>\n<meta property=\"og:description\" content=\"\u00a1El Ticket d&#039;entr\u00e9e S\u00e9nior te espera para que disfrutes de placeres inolvidables! Aprovecha las ventajas reservadas para ti, \u00a1compra el tuyo!\" \/>\n<meta property=\"og:url\" content=\"https:\/\/atlantide-sauna.com\/es\/billetterie\/semana-de-la-tercera-edad\/\" \/>\n<meta property=\"og:site_name\" content=\"Atlantide Sauna\" \/>\n<meta property=\"article:publisher\" content=\"https:\/\/www.facebook.com\/profile.php?id=100082829877238\" \/>\n<meta property=\"og:image\" content=\"https:\/\/i0.wp.com\/atlantide-sauna.com\/wp-content\/uploads\/2025\/06\/ASH_IMG2025_000.jpg?fit=1440%2C810&ssl=1\" \/>\n\t<meta property=\"og:image:width\" content=\"1440\" \/>\n\t<meta property=\"og:image:height\" content=\"810\" \/>\n\t<meta property=\"og:image:type\" content=\"image\/jpeg\" \/>\n<meta name=\"twitter:card\" content=\"summary_large_image\" \/>\n<meta name=\"twitter:site\" content=\"@atlantidesauna\" \/>\n<meta name=\"twitter:label1\" content=\"Tiempo de lectura\" \/>\n\t<meta name=\"twitter:data1\" content=\"2 minutos\" \/>\n<script type=\"application\/ld+json\" class=\"yoast-schema-graph\">{\"@context\":\"https:\\\/\\\/schema.org\",\"@graph\":[{\"@type\":\"WebPage\",\"@id\":\"https:\\\/\\\/atlantide-sauna.com\\\/es\\\/billetterie\\\/semana-de-la-tercera-edad\\\/\",\"url\":\"https:\\\/\\\/atlantide-sauna.com\\\/es\\\/billetterie\\\/semana-de-la-tercera-edad\\\/\",\"name\":\"Billete para mayores: Reserva ya tu experiencia - Atlantide Sauna\",\"isPartOf\":{\"@id\":\"https:\\\/\\\/atlantide-sauna.com\\\/es\\\/#website\"},\"primaryImageOfPage\":{\"@id\":\"https:\\\/\\\/atlantide-sauna.com\\\/es\\\/billetterie\\\/semana-de-la-tercera-edad\\\/#primaryimage\"},\"image\":{\"@id\":\"https:\\\/\\\/atlantide-sauna.com\\\/es\\\/billetterie\\\/semana-de-la-tercera-edad\\\/#primaryimage\"},\"thumbnailUrl\":\"https:\\\/\\\/atlantide-sauna.com\\\/wp-content\\\/uploads\\\/2026\\\/01\\\/ASH-TICKETS_2026_SENIOR.svg\",\"datePublished\":\"2025-10-27T17:15:08+00:00\",\"description\":\"\u00a1El Ticket d'entr\u00e9e S\u00e9nior te espera para que disfrutes de placeres inolvidables! Aprovecha las ventajas reservadas para ti, \u00a1compra el tuyo!\",\"breadcrumb\":{\"@id\":\"https:\\\/\\\/atlantide-sauna.com\\\/es\\\/billetterie\\\/semana-de-la-tercera-edad\\\/#breadcrumb\"},\"inLanguage\":\"es\",\"potentialAction\":[{\"@type\":\"ReadAction\",\"target\":[\"https:\\\/\\\/atlantide-sauna.com\\\/es\\\/billetterie\\\/semana-de-la-tercera-edad\\\/\"]}]},{\"@type\":\"ImageObject\",\"inLanguage\":\"es\",\"@id\":\"https:\\\/\\\/atlantide-sauna.com\\\/es\\\/billetterie\\\/semana-de-la-tercera-edad\\\/#primaryimage\",\"url\":\"https:\\\/\\\/atlantide-sauna.com\\\/wp-content\\\/uploads\\\/2026\\\/01\\\/ASH-TICKETS_2026_SENIOR.svg\",\"contentUrl\":\"https:\\\/\\\/atlantide-sauna.com\\\/wp-content\\\/uploads\\\/2026\\\/01\\\/ASH-TICKETS_2026_SENIOR.svg\",\"width\":800,\"height\":800,\"caption\":\"Entrada para HOMBRES solteros mayores de 55 a\u00f1os - Seniors - Atlantide Sauna Paris\"},{\"@type\":\"BreadcrumbList\",\"@id\":\"https:\\\/\\\/atlantide-sauna.com\\\/es\\\/billetterie\\\/semana-de-la-tercera-edad\\\/#breadcrumb\",\"itemListElement\":[{\"@type\":\"ListItem\",\"position\":1,\"name\":\"Accueil\",\"item\":\"https:\\\/\\\/atlantide-sauna.com\\\/es\\\/inicio\\\/\"},{\"@type\":\"ListItem\",\"position\":2,\"name\":\"Boutique\",\"item\":\"https:\\\/\\\/atlantide-sauna.com\\\/boutique\\\/\"},{\"@type\":\"ListItem\",\"position\":3,\"name\":\"Semana de la Tercera Edad\"}]},{\"@type\":\"WebSite\",\"@id\":\"https:\\\/\\\/atlantide-sauna.com\\\/es\\\/#website\",\"url\":\"https:\\\/\\\/atlantide-sauna.com\\\/es\\\/\",\"name\":\"Atlantide Sauna\",\"description\":\"Sauna Toutes Tendances Gay Bi Tr**\",\"publisher\":{\"@id\":\"https:\\\/\\\/atlantide-sauna.com\\\/es\\\/#organization\"},\"alternateName\":\"Club libertin Atlantide Sauna Paris\",\"potentialAction\":[{\"@type\":\"SearchAction\",\"target\":{\"@type\":\"EntryPoint\",\"urlTemplate\":\"https:\\\/\\\/atlantide-sauna.com\\\/es\\\/?s={search_term_string}\"},\"query-input\":{\"@type\":\"PropertyValueSpecification\",\"valueRequired\":true,\"valueName\":\"search_term_string\"}}],\"inLanguage\":\"es\"},{\"@type\":\"Organization\",\"@id\":\"https:\\\/\\\/atlantide-sauna.com\\\/es\\\/#organization\",\"name\":\"ATLANTIDE SAUNA HAMMAM\",\"alternateName\":\"ATLANTIDE SAUNA HAMMAM\",\"url\":\"https:\\\/\\\/atlantide-sauna.com\\\/es\\\/\",\"logo\":{\"@type\":\"ImageObject\",\"inLanguage\":\"es\",\"@id\":\"https:\\\/\\\/atlantide-sauna.com\\\/es\\\/#\\\/schema\\\/logo\\\/image\\\/\",\"url\":\"https:\\\/\\\/atlantide-sauna.com\\\/wp-content\\\/uploads\\\/2025\\\/05\\\/ash_logo_2025_01.svg\",\"contentUrl\":\"https:\\\/\\\/atlantide-sauna.com\\\/wp-content\\\/uploads\\\/2025\\\/05\\\/ash_logo_2025_01.svg\",\"width\":1,\"height\":1,\"caption\":\"ATLANTIDE SAUNA HAMMAM\"},\"image\":{\"@id\":\"https:\\\/\\\/atlantide-sauna.com\\\/es\\\/#\\\/schema\\\/logo\\\/image\\\/\"},\"sameAs\":[\"https:\\\/\\\/www.facebook.com\\\/profile.php?id=100082829877238\",\"https:\\\/\\\/x.com\\\/atlantidesauna\"],\"description\":\"Sauna hammam toutes tendances. Un espace de libert\u00e9, de mixit\u00e9 et de tol\u00e9rance. Chez Atlantide Sauna vous trouverez les conditions id\u00e9ales pour vos rencontres libertines.\",\"email\":\"infos@atlantide-sauna.com\",\"telephone\":\"0143422243\",\"legalName\":\"ATLANTIDE SAUNA HAMMAM\",\"foundingDate\":\"1999-08-09\",\"vatID\":\"FR39423920370\",\"taxID\":\"42392037000016\",\"numberOfEmployees\":{\"@type\":\"QuantitativeValue\",\"minValue\":\"1\",\"maxValue\":\"10\"}}]}<\/script>\n<!-- \/ Yoast SEO Premium plugin. -->","yoast_head_json":{"title":"Billete para mayores: Reserva ya tu experiencia - Atlantide Sauna","description":"\u00a1El Ticket d'entr\u00e9e S\u00e9nior te espera para que disfrutes de placeres inolvidables! Aprovecha las ventajas reservadas para ti, \u00a1compra el tuyo!","robots":{"index":"index","follow":"follow","max-snippet":"max-snippet:-1","max-image-preview":"max-image-preview:large","max-video-preview":"max-video-preview:-1"},"canonical":"https:\/\/atlantide-sauna.com\/es\/billetterie\/semana-de-la-tercera-edad\/","og_locale":"es_ES","og_type":"article","og_title":"Semana de la Tercera Edad","og_description":"\u00a1El Ticket d'entr\u00e9e S\u00e9nior te espera para que disfrutes de placeres inolvidables! Aprovecha las ventajas reservadas para ti, \u00a1compra el tuyo!","og_url":"https:\/\/atlantide-sauna.com\/es\/billetterie\/semana-de-la-tercera-edad\/","og_site_name":"Atlantide Sauna","article_publisher":"https:\/\/www.facebook.com\/profile.php?id=100082829877238","og_image":[{"width":1440,"height":810,"url":"https:\/\/i0.wp.com\/atlantide-sauna.com\/wp-content\/uploads\/2025\/06\/ASH_IMG2025_000.jpg?fit=1440%2C810&ssl=1","type":"image\/jpeg"}],"twitter_card":"summary_large_image","twitter_site":"@atlantidesauna","twitter_misc":{"Tiempo de lectura":"2 minutos"},"schema":{"@context":"https:\/\/schema.org","@graph":[{"@type":"WebPage","@id":"https:\/\/atlantide-sauna.com\/es\/billetterie\/semana-de-la-tercera-edad\/","url":"https:\/\/atlantide-sauna.com\/es\/billetterie\/semana-de-la-tercera-edad\/","name":"Billete para mayores: Reserva ya tu experiencia - Atlantide Sauna","isPartOf":{"@id":"https:\/\/atlantide-sauna.com\/es\/#website"},"primaryImageOfPage":{"@id":"https:\/\/atlantide-sauna.com\/es\/billetterie\/semana-de-la-tercera-edad\/#primaryimage"},"image":{"@id":"https:\/\/atlantide-sauna.com\/es\/billetterie\/semana-de-la-tercera-edad\/#primaryimage"},"thumbnailUrl":"https:\/\/atlantide-sauna.com\/wp-content\/uploads\/2026\/01\/ASH-TICKETS_2026_SENIOR.svg","datePublished":"2025-10-27T17:15:08+00:00","description":"\u00a1El Ticket d'entr\u00e9e S\u00e9nior te espera para que disfrutes de placeres inolvidables! Aprovecha las ventajas reservadas para ti, \u00a1compra el tuyo!","breadcrumb":{"@id":"https:\/\/atlantide-sauna.com\/es\/billetterie\/semana-de-la-tercera-edad\/#breadcrumb"},"inLanguage":"es","potentialAction":[{"@type":"ReadAction","target":["https:\/\/atlantide-sauna.com\/es\/billetterie\/semana-de-la-tercera-edad\/"]}]},{"@type":"ImageObject","inLanguage":"es","@id":"https:\/\/atlantide-sauna.com\/es\/billetterie\/semana-de-la-tercera-edad\/#primaryimage","url":"https:\/\/atlantide-sauna.com\/wp-content\/uploads\/2026\/01\/ASH-TICKETS_2026_SENIOR.svg","contentUrl":"https:\/\/atlantide-sauna.com\/wp-content\/uploads\/2026\/01\/ASH-TICKETS_2026_SENIOR.svg","width":800,"height":800,"caption":"Entrada para HOMBRES solteros mayores de 55 a\u00f1os - Seniors - Atlantide Sauna Paris"},{"@type":"BreadcrumbList","@id":"https:\/\/atlantide-sauna.com\/es\/billetterie\/semana-de-la-tercera-edad\/#breadcrumb","itemListElement":[{"@type":"ListItem","position":1,"name":"Accueil","item":"https:\/\/atlantide-sauna.com\/es\/inicio\/"},{"@type":"ListItem","position":2,"name":"Boutique","item":"https:\/\/atlantide-sauna.com\/boutique\/"},{"@type":"ListItem","position":3,"name":"Semana de la Tercera Edad"}]},{"@type":"WebSite","@id":"https:\/\/atlantide-sauna.com\/es\/#website","url":"https:\/\/atlantide-sauna.com\/es\/","name":"Atlantide Sauna","description":"Sauna Toutes Tendances Gay Bi Tr**","publisher":{"@id":"https:\/\/atlantide-sauna.com\/es\/#organization"},"alternateName":"Club libertin Atlantide Sauna Paris","potentialAction":[{"@type":"SearchAction","target":{"@type":"EntryPoint","urlTemplate":"https:\/\/atlantide-sauna.com\/es\/?s={search_term_string}"},"query-input":{"@type":"PropertyValueSpecification","valueRequired":true,"valueName":"search_term_string"}}],"inLanguage":"es"},{"@type":"Organization","@id":"https:\/\/atlantide-sauna.com\/es\/#organization","name":"ATLANTIDE SAUNA HAMMAM","alternateName":"ATLANTIDE SAUNA HAMMAM","url":"https:\/\/atlantide-sauna.com\/es\/","logo":{"@type":"ImageObject","inLanguage":"es","@id":"https:\/\/atlantide-sauna.com\/es\/#\/schema\/logo\/image\/","url":"https:\/\/atlantide-sauna.com\/wp-content\/uploads\/2025\/05\/ash_logo_2025_01.svg","contentUrl":"https:\/\/atlantide-sauna.com\/wp-content\/uploads\/2025\/05\/ash_logo_2025_01.svg","width":1,"height":1,"caption":"ATLANTIDE SAUNA HAMMAM"},"image":{"@id":"https:\/\/atlantide-sauna.com\/es\/#\/schema\/logo\/image\/"},"sameAs":["https:\/\/www.facebook.com\/profile.php?id=100082829877238","https:\/\/x.com\/atlantidesauna"],"description":"Sauna hammam toutes tendances. Un espace de libert\u00e9, de mixit\u00e9 et de tol\u00e9rance. Chez Atlantide Sauna vous trouverez les conditions id\u00e9ales pour vos rencontres libertines.","email":"infos@atlantide-sauna.com","telephone":"0143422243","legalName":"ATLANTIDE SAUNA HAMMAM","foundingDate":"1999-08-09","vatID":"FR39423920370","taxID":"42392037000016","numberOfEmployees":{"@type":"QuantitativeValue","minValue":"1","maxValue":"10"}}]}},"jetpack_publicize_connections":[],"jetpack_sharing_enabled":true,"_links":{"self":[{"href":"https:\/\/atlantide-sauna.com\/es\/wp-json\/wp\/v2\/product\/8587","targetHints":{"allow":["GET"]}}],"collection":[{"href":"https:\/\/atlantide-sauna.com\/es\/wp-json\/wp\/v2\/product"}],"about":[{"href":"https:\/\/atlantide-sauna.com\/es\/wp-json\/wp\/v2\/types\/product"}],"author":[{"embeddable":true,"href":"https:\/\/atlantide-sauna.com\/es\/wp-json\/wp\/v2\/users\/4"}],"wp:featuredmedia":[{"embeddable":true,"href":"https:\/\/atlantide-sauna.com\/es\/wp-json\/wp\/v2\/media\/7644"}],"wp:attachment":[{"href":"https:\/\/atlantide-sauna.com\/es\/wp-json\/wp\/v2\/media?parent=8587"}],"wp:term":[{"taxonomy":"product_brand","embeddable":true,"href":"https:\/\/atlantide-sauna.com\/es\/wp-json\/wp\/v2\/product_brand?post=8587"},{"taxonomy":"product_cat","embeddable":true,"href":"https:\/\/atlantide-sauna.com\/es\/wp-json\/wp\/v2\/product_cat?post=8587"},{"taxonomy":"product_tag","embeddable":true,"href":"https:\/\/atlantide-sauna.com\/es\/wp-json\/wp\/v2\/product_tag?post=8587"}],"curies":[{"name":"wp","href":"https:\/\/api.w.org\/{rel}","templated":true}]}}