{"id":4782,"date":"2025-05-22T19:19:41","date_gmt":"2025-05-22T17:19:41","guid":{"rendered":"https:\/\/atlantide-sauna.com\/sauna-hammam\/club-backroom-glory-holes-sling-croix-de-st-andre-parigi\/"},"modified":"2025-05-22T19:19:41","modified_gmt":"2025-05-22T17:19:41","slug":"club-backroom-glory-holes-sling-croix-de-st-andre-parigi","status":"publish","type":"page","link":"https:\/\/atlantide-sauna.com\/it\/sauna-hammam\/club-backroom-glory-holes-sling-croix-de-st-andre-parigi\/","title":{"rendered":"Club Backroom Glory Holes Sling Croix de st Andr\u00e9 Parigi"},"content":{"rendered":"<h2>Club Libertin Backroom Glory Holes Sling Croix de St Andr\u00e9 a Parigi 12<\/h2>\n<p class=\"chapo\">Tolleranza e diversit\u00e0 di orientamenti sessuali sono le caratteristiche dell&#8217;Atlantide Sauna, dove puoi organizzare le tue trombamicizie in un&#8217;atmosfera rilassata, vicino alla Gare de Lyon, e incontrare persone che ti interessano.<\/p>\n<h3 id=\"cta\">Club backroom glory holes sling croix de st andre paris &#8211; Vieni sul posto<\/h3>\n<p>La sauna L&#8217;Atlantide \u00e8 innanzitutto una sauna pansessuale di tolleranza. Tutte le sensibilit\u00e0 sessuali sono soddisfatte nella calda atmosfera delle nostre aree relax. Siamo una sauna libertina dove regna la mescolanza, il rispetto e la convivialit\u00e0 tra eterosessuali curiosi, bisessuali, gay, shemales, transessuali, trans e travestiti.  <\/p>\n<h3>Sauna L&#8217;Atlantide: una gamma completa di strutture per tutti i tipi di sessualit\u00e0.<\/h3>\n<p>Benvenuto alla Sauna Atlantide, il primo hammam misto di Parigi, situato nel cuore del 12\u00b0 arrondissement, in rue Parrot! Se stai cercando un luogo dove rilassarti e conoscere nuove persone in un&#8217;atmosfera rispettosa, questo \u00e8 il posto che fa per te. <\/p>\n<p>Non appena varcherai le porte de l&#8217;Atlantide, sarai avvolto da un&#8217;atmosfera calda e accogliente. Immagina di goderti una sauna di alta gamma che combina comfort e design contemporaneo. Anche i nostri saloni video collettivi ti offrono uno spazio in cui rilassarti e conoscere altri visitatori in un ambiente conviviale.  <\/p>\n<p>L&#8217;hammam piastrellato e delicatamente profumato \u00e8 senza dubbio uno dei fulcri della nostra struttura. Tra i fumi caldi e i profumi inebrianti, lascia che le tue preoccupazioni si dissolvano e goditi un momento di puro benessere. Che tu sia qui per rilassarti o per socializzare, ogni angolo della nostra sauna \u00e8 stato progettato per soddisfare ogni tua esigenza.  <\/p>\n<p>Tuttavia, vorremmo ricordarti che qui le buone maniere e la cortesia sono di estrema importanza. Abbiamo messo in atto una serie di regole di buona condotta e il nostro team \u00e8 a disposizione per garantire che tutti operino in un ambiente rispettoso e sicuro. L&#8217;atmosfera \u00e8 rilassata, ma \u00e8 essenziale che tutti i visitatori condividano questo impegno per rendere la tua esperienza memorabile.  <\/p>\n<p>Allora, sei pronto a tuffarti nel mondo della Sauna Atlantide? Vieni a scoprire un nuovo modo di rilassarti e di incontrare persone che la pensano come te. Ci vediamo presto nel nostro piccolo angolo di paradiso a Parigi!  <\/p>\n<h3 id=\"nl\">Altre ricerche : <a href=\"https:\/\/atlantide-sauna.com\/it\/sauna-hammam\/rencontre-coquines-paris-12\/\">Rencontre coquines<\/a>, <a href=\"https:\/\/atlantide-sauna.com\/decouvrez-notre-sauna-hammam-a-paris\/rencontre-echangiste-et-candauliste-paris-12\/\">Rencontre echangiste et candauliste Paris 12<\/a>, <a href=\"https:\/\/atlantide-sauna.com\/decouvrez-notre-sauna-hammam-a-paris\/hammam-et-sauna-mixte-paris\/\">Hammam et sauna mixte paris<\/a>.<\/h3>\n","protected":false},"excerpt":{"rendered":"<p>Club Libertin Backroom Glory Holes Sling Croix de St Andr\u00e9 a Parigi 12 Tolleranza e diversit\u00e0 di orientamenti sessuali sono le caratteristiche dell&#8217;Atlantide Sauna, dove puoi organizzare le tue trombamicizie in un&#8217;atmosfera rilassata, vicino alla Gare de Lyon, e incontrare persone che ti interessano. Club backroom glory holes sling croix de st andre paris &#8211; [&hellip;]<\/p>\n","protected":false},"author":4,"featured_media":4360,"parent":1101,"menu_order":6,"comment_status":"closed","ping_status":"closed","template":"","meta":{"footnotes":""},"class_list":["post-4782","page","type-page","status-publish","has-post-thumbnail","hentry"],"yoast_head":"<!-- This site is optimized with the Yoast SEO Premium plugin v27.5 (Yoast SEO v27.5) - https:\/\/yoast.com\/product\/yoast-seo-premium-wordpress\/ -->\n<title>Club Backroom Glory Holes Sling Croix de st Andr\u00e9 Parigi - Atlantide Sauna<\/title>\n<meta name=\"description\" content=\"Tutte le sensibilit\u00e0 sessuali in un&#039;atmosfera calda. Una sauna libertina dove regnano mescolanza, rispetto e convivialit\u00e0.\" \/>\n<meta name=\"robots\" content=\"index, follow, max-snippet:-1, max-image-preview:large, max-video-preview:-1\" \/>\n<link rel=\"canonical\" href=\"https:\/\/atlantide-sauna.com\/it\/sauna-hammam\/club-backroom-glory-holes-sling-croix-de-st-andre-parigi\/\" \/>\n<meta property=\"og:locale\" content=\"it_IT\" \/>\n<meta property=\"og:type\" content=\"article\" \/>\n<meta property=\"og:title\" content=\"Club Backroom Glory Holes Sling Croix de st Andr\u00e9 Parigi\" \/>\n<meta property=\"og:description\" content=\"Tutte le sensibilit\u00e0 sessuali in un&#039;atmosfera calda. Una sauna libertina dove regnano mescolanza, rispetto e convivialit\u00e0.\" \/>\n<meta property=\"og:url\" content=\"https:\/\/atlantide-sauna.com\/it\/sauna-hammam\/club-backroom-glory-holes-sling-croix-de-st-andre-parigi\/\" \/>\n<meta property=\"og:site_name\" content=\"Atlantide Sauna\" \/>\n<meta property=\"article:publisher\" content=\"https:\/\/www.facebook.com\/profile.php?id=100082829877238\" \/>\n<meta property=\"og:image\" content=\"https:\/\/atlantide-sauna.com\/wp-content\/uploads\/2025\/06\/ASH_IMG2025_014-1.jpg\" \/>\n\t<meta property=\"og:image:width\" content=\"1440\" \/>\n\t<meta property=\"og:image:height\" content=\"810\" \/>\n\t<meta property=\"og:image:type\" content=\"image\/jpeg\" \/>\n<meta name=\"twitter:card\" content=\"summary_large_image\" \/>\n<meta name=\"twitter:site\" content=\"@atlantidesauna\" \/>\n<meta name=\"twitter:label1\" content=\"Tempo di lettura stimato\" \/>\n\t<meta name=\"twitter:data1\" content=\"2 minuti\" \/>\n<script type=\"application\/ld+json\" class=\"yoast-schema-graph\">{\"@context\":\"https:\\\/\\\/schema.org\",\"@graph\":[{\"@type\":\"WebPage\",\"@id\":\"https:\\\/\\\/atlantide-sauna.com\\\/it\\\/sauna-hammam\\\/club-backroom-glory-holes-sling-croix-de-st-andre-parigi\\\/\",\"url\":\"https:\\\/\\\/atlantide-sauna.com\\\/it\\\/sauna-hammam\\\/club-backroom-glory-holes-sling-croix-de-st-andre-parigi\\\/\",\"name\":\"Club Backroom Glory Holes Sling Croix de st Andr\u00e9 Parigi - Atlantide Sauna\",\"isPartOf\":{\"@id\":\"https:\\\/\\\/atlantide-sauna.com\\\/it\\\/#website\"},\"primaryImageOfPage\":{\"@id\":\"https:\\\/\\\/atlantide-sauna.com\\\/it\\\/sauna-hammam\\\/club-backroom-glory-holes-sling-croix-de-st-andre-parigi\\\/#primaryimage\"},\"image\":{\"@id\":\"https:\\\/\\\/atlantide-sauna.com\\\/it\\\/sauna-hammam\\\/club-backroom-glory-holes-sling-croix-de-st-andre-parigi\\\/#primaryimage\"},\"thumbnailUrl\":\"https:\\\/\\\/i0.wp.com\\\/atlantide-sauna.com\\\/wp-content\\\/uploads\\\/2025\\\/06\\\/ASH_IMG2025_014-1.jpg?fit=1440%2C810&ssl=1\",\"datePublished\":\"2025-05-22T17:19:41+00:00\",\"description\":\"Tutte le sensibilit\u00e0 sessuali in un'atmosfera calda. Una sauna libertina dove regnano mescolanza, rispetto e convivialit\u00e0.\",\"breadcrumb\":{\"@id\":\"https:\\\/\\\/atlantide-sauna.com\\\/it\\\/sauna-hammam\\\/club-backroom-glory-holes-sling-croix-de-st-andre-parigi\\\/#breadcrumb\"},\"inLanguage\":\"it-IT\",\"potentialAction\":[{\"@type\":\"ReadAction\",\"target\":[\"https:\\\/\\\/atlantide-sauna.com\\\/it\\\/sauna-hammam\\\/club-backroom-glory-holes-sling-croix-de-st-andre-parigi\\\/\"]}]},{\"@type\":\"ImageObject\",\"inLanguage\":\"it-IT\",\"@id\":\"https:\\\/\\\/atlantide-sauna.com\\\/it\\\/sauna-hammam\\\/club-backroom-glory-holes-sling-croix-de-st-andre-parigi\\\/#primaryimage\",\"url\":\"https:\\\/\\\/i0.wp.com\\\/atlantide-sauna.com\\\/wp-content\\\/uploads\\\/2025\\\/06\\\/ASH_IMG2025_014-1.jpg?fit=1440%2C810&ssl=1\",\"contentUrl\":\"https:\\\/\\\/i0.wp.com\\\/atlantide-sauna.com\\\/wp-content\\\/uploads\\\/2025\\\/06\\\/ASH_IMG2025_014-1.jpg?fit=1440%2C810&ssl=1\",\"width\":1440,\"height\":810,\"caption\":\"Sling Backroom Croix de St Andr\u00e9\"},{\"@type\":\"BreadcrumbList\",\"@id\":\"https:\\\/\\\/atlantide-sauna.com\\\/it\\\/sauna-hammam\\\/club-backroom-glory-holes-sling-croix-de-st-andre-parigi\\\/#breadcrumb\",\"itemListElement\":[{\"@type\":\"ListItem\",\"position\":1,\"name\":\"Accueil\",\"item\":\"https:\\\/\\\/atlantide-sauna.com\\\/it\\\/casa\\\/\"},{\"@type\":\"ListItem\",\"position\":2,\"name\":\"Sauna Hammam\",\"item\":\"https:\\\/\\\/atlantide-sauna.com\\\/it\\\/sauna-hammam\\\/\"},{\"@type\":\"ListItem\",\"position\":3,\"name\":\"Club Backroom Glory Holes Sling Croix de st Andr\u00e9 Parigi\"}]},{\"@type\":\"WebSite\",\"@id\":\"https:\\\/\\\/atlantide-sauna.com\\\/it\\\/#website\",\"url\":\"https:\\\/\\\/atlantide-sauna.com\\\/it\\\/\",\"name\":\"Atlantide Sauna\",\"description\":\"Sauna Toutes Tendances Gay Bi Tr**\",\"publisher\":{\"@id\":\"https:\\\/\\\/atlantide-sauna.com\\\/it\\\/#organization\"},\"alternateName\":\"Club libertin Atlantide Sauna Paris\",\"potentialAction\":[{\"@type\":\"SearchAction\",\"target\":{\"@type\":\"EntryPoint\",\"urlTemplate\":\"https:\\\/\\\/atlantide-sauna.com\\\/it\\\/?s={search_term_string}\"},\"query-input\":{\"@type\":\"PropertyValueSpecification\",\"valueRequired\":true,\"valueName\":\"search_term_string\"}}],\"inLanguage\":\"it-IT\"},{\"@type\":\"Organization\",\"@id\":\"https:\\\/\\\/atlantide-sauna.com\\\/it\\\/#organization\",\"name\":\"ATLANTIDE SAUNA HAMMAM\",\"alternateName\":\"ATLANTIDE SAUNA HAMMAM\",\"url\":\"https:\\\/\\\/atlantide-sauna.com\\\/it\\\/\",\"logo\":{\"@type\":\"ImageObject\",\"inLanguage\":\"it-IT\",\"@id\":\"https:\\\/\\\/atlantide-sauna.com\\\/it\\\/#\\\/schema\\\/logo\\\/image\\\/\",\"url\":\"https:\\\/\\\/atlantide-sauna.com\\\/wp-content\\\/uploads\\\/2025\\\/05\\\/ash_logo_2025_01.svg\",\"contentUrl\":\"https:\\\/\\\/atlantide-sauna.com\\\/wp-content\\\/uploads\\\/2025\\\/05\\\/ash_logo_2025_01.svg\",\"width\":1,\"height\":1,\"caption\":\"ATLANTIDE SAUNA HAMMAM\"},\"image\":{\"@id\":\"https:\\\/\\\/atlantide-sauna.com\\\/it\\\/#\\\/schema\\\/logo\\\/image\\\/\"},\"sameAs\":[\"https:\\\/\\\/www.facebook.com\\\/profile.php?id=100082829877238\",\"https:\\\/\\\/x.com\\\/atlantidesauna\"],\"description\":\"Sauna hammam toutes tendances. Un espace de libert\u00e9, de mixit\u00e9 et de tol\u00e9rance. Chez Atlantide Sauna vous trouverez les conditions id\u00e9ales pour vos rencontres libertines.\",\"email\":\"infos@atlantide-sauna.com\",\"telephone\":\"0143422243\",\"legalName\":\"ATLANTIDE SAUNA HAMMAM\",\"foundingDate\":\"1999-08-09\",\"vatID\":\"FR39423920370\",\"taxID\":\"42392037000016\",\"numberOfEmployees\":{\"@type\":\"QuantitativeValue\",\"minValue\":\"1\",\"maxValue\":\"10\"}}]}<\/script>\n<!-- \/ Yoast SEO Premium plugin. -->","yoast_head_json":{"title":"Club Backroom Glory Holes Sling Croix de st Andr\u00e9 Parigi - Atlantide Sauna","description":"Tutte le sensibilit\u00e0 sessuali in un'atmosfera calda. Una sauna libertina dove regnano mescolanza, rispetto e convivialit\u00e0.","robots":{"index":"index","follow":"follow","max-snippet":"max-snippet:-1","max-image-preview":"max-image-preview:large","max-video-preview":"max-video-preview:-1"},"canonical":"https:\/\/atlantide-sauna.com\/it\/sauna-hammam\/club-backroom-glory-holes-sling-croix-de-st-andre-parigi\/","og_locale":"it_IT","og_type":"article","og_title":"Club Backroom Glory Holes Sling Croix de st Andr\u00e9 Parigi","og_description":"Tutte le sensibilit\u00e0 sessuali in un'atmosfera calda. Una sauna libertina dove regnano mescolanza, rispetto e convivialit\u00e0.","og_url":"https:\/\/atlantide-sauna.com\/it\/sauna-hammam\/club-backroom-glory-holes-sling-croix-de-st-andre-parigi\/","og_site_name":"Atlantide Sauna","article_publisher":"https:\/\/www.facebook.com\/profile.php?id=100082829877238","og_image":[{"width":1440,"height":810,"url":"https:\/\/atlantide-sauna.com\/wp-content\/uploads\/2025\/06\/ASH_IMG2025_014-1.jpg","type":"image\/jpeg"}],"twitter_card":"summary_large_image","twitter_site":"@atlantidesauna","twitter_misc":{"Tempo di lettura stimato":"2 minuti"},"schema":{"@context":"https:\/\/schema.org","@graph":[{"@type":"WebPage","@id":"https:\/\/atlantide-sauna.com\/it\/sauna-hammam\/club-backroom-glory-holes-sling-croix-de-st-andre-parigi\/","url":"https:\/\/atlantide-sauna.com\/it\/sauna-hammam\/club-backroom-glory-holes-sling-croix-de-st-andre-parigi\/","name":"Club Backroom Glory Holes Sling Croix de st Andr\u00e9 Parigi - Atlantide Sauna","isPartOf":{"@id":"https:\/\/atlantide-sauna.com\/it\/#website"},"primaryImageOfPage":{"@id":"https:\/\/atlantide-sauna.com\/it\/sauna-hammam\/club-backroom-glory-holes-sling-croix-de-st-andre-parigi\/#primaryimage"},"image":{"@id":"https:\/\/atlantide-sauna.com\/it\/sauna-hammam\/club-backroom-glory-holes-sling-croix-de-st-andre-parigi\/#primaryimage"},"thumbnailUrl":"https:\/\/i0.wp.com\/atlantide-sauna.com\/wp-content\/uploads\/2025\/06\/ASH_IMG2025_014-1.jpg?fit=1440%2C810&ssl=1","datePublished":"2025-05-22T17:19:41+00:00","description":"Tutte le sensibilit\u00e0 sessuali in un'atmosfera calda. Una sauna libertina dove regnano mescolanza, rispetto e convivialit\u00e0.","breadcrumb":{"@id":"https:\/\/atlantide-sauna.com\/it\/sauna-hammam\/club-backroom-glory-holes-sling-croix-de-st-andre-parigi\/#breadcrumb"},"inLanguage":"it-IT","potentialAction":[{"@type":"ReadAction","target":["https:\/\/atlantide-sauna.com\/it\/sauna-hammam\/club-backroom-glory-holes-sling-croix-de-st-andre-parigi\/"]}]},{"@type":"ImageObject","inLanguage":"it-IT","@id":"https:\/\/atlantide-sauna.com\/it\/sauna-hammam\/club-backroom-glory-holes-sling-croix-de-st-andre-parigi\/#primaryimage","url":"https:\/\/i0.wp.com\/atlantide-sauna.com\/wp-content\/uploads\/2025\/06\/ASH_IMG2025_014-1.jpg?fit=1440%2C810&ssl=1","contentUrl":"https:\/\/i0.wp.com\/atlantide-sauna.com\/wp-content\/uploads\/2025\/06\/ASH_IMG2025_014-1.jpg?fit=1440%2C810&ssl=1","width":1440,"height":810,"caption":"Sling Backroom Croix de St Andr\u00e9"},{"@type":"BreadcrumbList","@id":"https:\/\/atlantide-sauna.com\/it\/sauna-hammam\/club-backroom-glory-holes-sling-croix-de-st-andre-parigi\/#breadcrumb","itemListElement":[{"@type":"ListItem","position":1,"name":"Accueil","item":"https:\/\/atlantide-sauna.com\/it\/casa\/"},{"@type":"ListItem","position":2,"name":"Sauna Hammam","item":"https:\/\/atlantide-sauna.com\/it\/sauna-hammam\/"},{"@type":"ListItem","position":3,"name":"Club Backroom Glory Holes Sling Croix de st Andr\u00e9 Parigi"}]},{"@type":"WebSite","@id":"https:\/\/atlantide-sauna.com\/it\/#website","url":"https:\/\/atlantide-sauna.com\/it\/","name":"Atlantide Sauna","description":"Sauna Toutes Tendances Gay Bi Tr**","publisher":{"@id":"https:\/\/atlantide-sauna.com\/it\/#organization"},"alternateName":"Club libertin Atlantide Sauna Paris","potentialAction":[{"@type":"SearchAction","target":{"@type":"EntryPoint","urlTemplate":"https:\/\/atlantide-sauna.com\/it\/?s={search_term_string}"},"query-input":{"@type":"PropertyValueSpecification","valueRequired":true,"valueName":"search_term_string"}}],"inLanguage":"it-IT"},{"@type":"Organization","@id":"https:\/\/atlantide-sauna.com\/it\/#organization","name":"ATLANTIDE SAUNA HAMMAM","alternateName":"ATLANTIDE SAUNA HAMMAM","url":"https:\/\/atlantide-sauna.com\/it\/","logo":{"@type":"ImageObject","inLanguage":"it-IT","@id":"https:\/\/atlantide-sauna.com\/it\/#\/schema\/logo\/image\/","url":"https:\/\/atlantide-sauna.com\/wp-content\/uploads\/2025\/05\/ash_logo_2025_01.svg","contentUrl":"https:\/\/atlantide-sauna.com\/wp-content\/uploads\/2025\/05\/ash_logo_2025_01.svg","width":1,"height":1,"caption":"ATLANTIDE SAUNA HAMMAM"},"image":{"@id":"https:\/\/atlantide-sauna.com\/it\/#\/schema\/logo\/image\/"},"sameAs":["https:\/\/www.facebook.com\/profile.php?id=100082829877238","https:\/\/x.com\/atlantidesauna"],"description":"Sauna hammam toutes tendances. Un espace de libert\u00e9, de mixit\u00e9 et de tol\u00e9rance. Chez Atlantide Sauna vous trouverez les conditions id\u00e9ales pour vos rencontres libertines.","email":"infos@atlantide-sauna.com","telephone":"0143422243","legalName":"ATLANTIDE SAUNA HAMMAM","foundingDate":"1999-08-09","vatID":"FR39423920370","taxID":"42392037000016","numberOfEmployees":{"@type":"QuantitativeValue","minValue":"1","maxValue":"10"}}]}},"jetpack_sharing_enabled":true,"_links":{"self":[{"href":"https:\/\/atlantide-sauna.com\/it\/wp-json\/wp\/v2\/pages\/4782","targetHints":{"allow":["GET"]}}],"collection":[{"href":"https:\/\/atlantide-sauna.com\/it\/wp-json\/wp\/v2\/pages"}],"about":[{"href":"https:\/\/atlantide-sauna.com\/it\/wp-json\/wp\/v2\/types\/page"}],"author":[{"embeddable":true,"href":"https:\/\/atlantide-sauna.com\/it\/wp-json\/wp\/v2\/users\/4"}],"replies":[{"embeddable":true,"href":"https:\/\/atlantide-sauna.com\/it\/wp-json\/wp\/v2\/comments?post=4782"}],"version-history":[{"count":0,"href":"https:\/\/atlantide-sauna.com\/it\/wp-json\/wp\/v2\/pages\/4782\/revisions"}],"up":[{"embeddable":true,"href":"https:\/\/atlantide-sauna.com\/it\/wp-json\/wp\/v2\/pages\/1101"}],"wp:featuredmedia":[{"embeddable":true,"href":"https:\/\/atlantide-sauna.com\/it\/wp-json\/wp\/v2\/media\/4360"}],"wp:attachment":[{"href":"https:\/\/atlantide-sauna.com\/it\/wp-json\/wp\/v2\/media?parent=4782"}],"curies":[{"name":"wp","href":"https:\/\/api.w.org\/{rel}","templated":true}]}}