{"id":4796,"date":"2025-05-22T19:19:38","date_gmt":"2025-05-22T17:19:38","guid":{"rendered":"https:\/\/atlantide-sauna.com\/sauna-hammam\/tolleranza-ed-etica-al-servizio-dei-libertini\/"},"modified":"2025-05-22T19:19:38","modified_gmt":"2025-05-22T17:19:38","slug":"tolleranza-ed-etica-al-servizio-dei-libertini","status":"publish","type":"page","link":"https:\/\/atlantide-sauna.com\/it\/sauna-hammam\/tolleranza-ed-etica-al-servizio-dei-libertini\/","title":{"rendered":"Tolleranza ed etica al servizio dei libertini"},"content":{"rendered":"<h3>Sauna L&#8217;Atlantide: tolleranza ed etica al servizio dei libertini<\/h3>\n<p class=\"chapo\">All&#8217;Atlantide Sauna Paris 12 troverai le condizioni ideali per i tuoi incontri libertini. Nel bar, nell&#8217;hammam o nella sauna, goditi il relax in un&#8217;atmosfera amichevole e pansessuale. Aree relax private o collettive sono a tua disposizione per dare libero sfogo ai tuoi sensi!  <\/p>\n<p>L&#8217;Atlantide Sauna \u00e8 un locale esclusivo di Parigi per uomini e donne, curiosi eterosessuali, bisessuali e omosessuali, per godere di incontri sconci nello spirito e nella tradizione del libertinaggio. Cortesia e tolleranza sono le virt\u00f9 dominanti del nostro club. <\/p>\n<h3>Scopri le nostre cabine relax: dove il piacere incontra l&#8217;audacia!<\/h3>\n<p>Se stai cercando un posto dove allenarti in un&#8217;atmosfera rilassata e stimolante, non cercare oltre! Le nostre cabine relax sono pronte ad accoglierti in un ambiente unico che unisce comfort ed emozioni. Che tu sia un principiante o un esperto, le nostre strutture risveglieranno sicuramente i tuoi sensi.  <\/p>\n<p>Immagina di trovarti in una cabina dotata di specchi unidirezionali. S\u00ec, proprio cos\u00ec! Questi specchi ti permettono di vivere un&#8217;affascinante esperienza esibizionista, in cui puoi assecondare le tue fantasie rimanendo nell&#8217;anonimato. L&#8217;idea \u00e8 quella di rendere pi\u00f9 piccante la tua scappatella rispettando la privacy di tutti. Dopo tutto, a chi non piace un po&#8217; di brivido?    <\/p>\n<p>Per chi cerca sensazioni ancora pi\u00f9 intense, abbiamo attrezzature appositamente studiate per il bondage. Puoi esplorare i piaceri del cuoio con le nostre manette, le croci di Sant&#8217;Andrea e le imbracature in pelle. Tutto \u00e8 stato progettato per stimolare i tuoi desideri e garantire la tua sicurezza. Lasciati alle spalle le inibizioni e lasciati trasportare dall&#8217;eccitazione!   <\/p>\n<p>Naturalmente sappiamo che un&#8217;esperienza del genere deve avvenire nelle migliori condizioni possibili. Ecco perch\u00e9 l&#8217;igiene \u00e8 il nostro principio fondamentale. Ogni cabina viene scrupolosamente pulita e disinfettata dopo ogni utilizzo, in modo che tu possa goderti il tuo momento senza preoccupazioni. Il tuo comfort e la tua sicurezza sono la nostra priorit\u00e0!   <\/p>\n<p>Allora, sei pronto a fare il grande salto? Che tu venga da solo o accompagnato, le nostre cabine relax ti promettono un&#8217;esperienza indimenticabile. Vivi le tue fantasie, esplora nuove possibilit\u00e0 e lasciati trasportare dallo spirito di scoperta. Non vediamo l&#8217;ora di incontrarti!   <\/p>\n<h3 id=\"nl\">Altre ricerche: <a href=\"https:\/\/atlantide-sauna.com\/index.php\/2014\/12\/03\/club-echangiste-gay-a-paris\/\">Club echangiste gay a parigi<\/a>, <a href=\"https:\/\/atlantide-sauna.com\/index.php\/2014\/12\/03\/sauna-bisexuel-paris-12\/\">Sauna bisessuale a parigi<\/a>, <a href=\"https:\/\/atlantide-sauna.com\/index.php\/2014\/12\/03\/plan-q-libertins-a-paris-12\/\">Jacuzzi libertin<\/a>.<\/h3>\n","protected":false},"excerpt":{"rendered":"<p>Sauna L&#8217;Atlantide: tolleranza ed etica al servizio dei libertini All&#8217;Atlantide Sauna Paris 12 troverai le condizioni ideali per i tuoi incontri libertini. Nel bar, nell&#8217;hammam o nella sauna, goditi il relax in un&#8217;atmosfera amichevole e pansessuale. Aree relax private o collettive sono a tua disposizione per dare libero sfogo ai tuoi sensi! L&#8217;Atlantide Sauna \u00e8 [&hellip;]<\/p>\n","protected":false},"author":4,"featured_media":272,"parent":1101,"menu_order":0,"comment_status":"closed","ping_status":"closed","template":"","meta":{"footnotes":""},"class_list":["post-4796","page","type-page","status-publish","has-post-thumbnail","hentry"],"yoast_head":"<!-- This site is optimized with the Yoast SEO Premium plugin v27.5 (Yoast SEO v27.5) - https:\/\/yoast.com\/product\/yoast-seo-premium-wordpress\/ -->\n<title>Tolleranza ed etica al servizio dei libertini - Atlantide Sauna<\/title>\n<meta name=\"description\" content=\"Mettilo in pratica con le nostre cabine relax, dotate di specchi unidirezionali per l&#039;esibizionismo.\" \/>\n<meta name=\"robots\" content=\"index, follow, max-snippet:-1, max-image-preview:large, max-video-preview:-1\" \/>\n<link rel=\"canonical\" href=\"https:\/\/atlantide-sauna.com\/it\/sauna-hammam\/tolleranza-ed-etica-al-servizio-dei-libertini\/\" \/>\n<meta property=\"og:locale\" content=\"it_IT\" \/>\n<meta property=\"og:type\" content=\"article\" \/>\n<meta property=\"og:title\" content=\"Tolleranza ed etica al servizio dei libertini\" \/>\n<meta property=\"og:description\" content=\"Mettilo in pratica con le nostre cabine relax, dotate di specchi unidirezionali per l&#039;esibizionismo.\" \/>\n<meta property=\"og:url\" content=\"https:\/\/atlantide-sauna.com\/it\/sauna-hammam\/tolleranza-ed-etica-al-servizio-dei-libertini\/\" \/>\n<meta property=\"og:site_name\" content=\"Atlantide Sauna\" \/>\n<meta property=\"article:publisher\" content=\"https:\/\/www.facebook.com\/profile.php?id=100082829877238\" \/>\n<meta property=\"og:image\" content=\"https:\/\/atlantide-sauna.com\/wp-content\/uploads\/2021\/11\/ASH_IMG2023_09.jpg\" \/>\n\t<meta property=\"og:image:width\" content=\"1920\" \/>\n\t<meta property=\"og:image:height\" content=\"1080\" \/>\n\t<meta property=\"og:image:type\" content=\"image\/jpeg\" \/>\n<meta name=\"twitter:card\" content=\"summary_large_image\" \/>\n<meta name=\"twitter:site\" content=\"@atlantidesauna\" \/>\n<meta name=\"twitter:label1\" content=\"Tempo di lettura stimato\" \/>\n\t<meta name=\"twitter:data1\" content=\"2 minuti\" \/>\n<script type=\"application\/ld+json\" class=\"yoast-schema-graph\">{\"@context\":\"https:\\\/\\\/schema.org\",\"@graph\":[{\"@type\":\"WebPage\",\"@id\":\"https:\\\/\\\/atlantide-sauna.com\\\/it\\\/sauna-hammam\\\/tolleranza-ed-etica-al-servizio-dei-libertini\\\/\",\"url\":\"https:\\\/\\\/atlantide-sauna.com\\\/it\\\/sauna-hammam\\\/tolleranza-ed-etica-al-servizio-dei-libertini\\\/\",\"name\":\"Tolleranza ed etica al servizio dei libertini - Atlantide Sauna\",\"isPartOf\":{\"@id\":\"https:\\\/\\\/atlantide-sauna.com\\\/it\\\/#website\"},\"primaryImageOfPage\":{\"@id\":\"https:\\\/\\\/atlantide-sauna.com\\\/it\\\/sauna-hammam\\\/tolleranza-ed-etica-al-servizio-dei-libertini\\\/#primaryimage\"},\"image\":{\"@id\":\"https:\\\/\\\/atlantide-sauna.com\\\/it\\\/sauna-hammam\\\/tolleranza-ed-etica-al-servizio-dei-libertini\\\/#primaryimage\"},\"thumbnailUrl\":\"https:\\\/\\\/i0.wp.com\\\/atlantide-sauna.com\\\/wp-content\\\/uploads\\\/2021\\\/11\\\/ASH_IMG2023_09.jpg?fit=1920%2C1080&ssl=1\",\"datePublished\":\"2025-05-22T17:19:38+00:00\",\"description\":\"Mettilo in pratica con le nostre cabine relax, dotate di specchi unidirezionali per l'esibizionismo.\",\"breadcrumb\":{\"@id\":\"https:\\\/\\\/atlantide-sauna.com\\\/it\\\/sauna-hammam\\\/tolleranza-ed-etica-al-servizio-dei-libertini\\\/#breadcrumb\"},\"inLanguage\":\"it-IT\",\"potentialAction\":[{\"@type\":\"ReadAction\",\"target\":[\"https:\\\/\\\/atlantide-sauna.com\\\/it\\\/sauna-hammam\\\/tolleranza-ed-etica-al-servizio-dei-libertini\\\/\"]}]},{\"@type\":\"ImageObject\",\"inLanguage\":\"it-IT\",\"@id\":\"https:\\\/\\\/atlantide-sauna.com\\\/it\\\/sauna-hammam\\\/tolleranza-ed-etica-al-servizio-dei-libertini\\\/#primaryimage\",\"url\":\"https:\\\/\\\/i0.wp.com\\\/atlantide-sauna.com\\\/wp-content\\\/uploads\\\/2021\\\/11\\\/ASH_IMG2023_09.jpg?fit=1920%2C1080&ssl=1\",\"contentUrl\":\"https:\\\/\\\/i0.wp.com\\\/atlantide-sauna.com\\\/wp-content\\\/uploads\\\/2021\\\/11\\\/ASH_IMG2023_09.jpg?fit=1920%2C1080&ssl=1\",\"width\":1920,\"height\":1080},{\"@type\":\"BreadcrumbList\",\"@id\":\"https:\\\/\\\/atlantide-sauna.com\\\/it\\\/sauna-hammam\\\/tolleranza-ed-etica-al-servizio-dei-libertini\\\/#breadcrumb\",\"itemListElement\":[{\"@type\":\"ListItem\",\"position\":1,\"name\":\"Accueil\",\"item\":\"https:\\\/\\\/atlantide-sauna.com\\\/it\\\/casa\\\/\"},{\"@type\":\"ListItem\",\"position\":2,\"name\":\"Sauna Hammam\",\"item\":\"https:\\\/\\\/atlantide-sauna.com\\\/it\\\/sauna-hammam\\\/\"},{\"@type\":\"ListItem\",\"position\":3,\"name\":\"Tolleranza ed etica al servizio dei libertini\"}]},{\"@type\":\"WebSite\",\"@id\":\"https:\\\/\\\/atlantide-sauna.com\\\/it\\\/#website\",\"url\":\"https:\\\/\\\/atlantide-sauna.com\\\/it\\\/\",\"name\":\"Atlantide Sauna\",\"description\":\"Sauna Toutes Tendances Gay Bi Tr**\",\"publisher\":{\"@id\":\"https:\\\/\\\/atlantide-sauna.com\\\/it\\\/#organization\"},\"alternateName\":\"Club libertin Atlantide Sauna Paris\",\"potentialAction\":[{\"@type\":\"SearchAction\",\"target\":{\"@type\":\"EntryPoint\",\"urlTemplate\":\"https:\\\/\\\/atlantide-sauna.com\\\/it\\\/?s={search_term_string}\"},\"query-input\":{\"@type\":\"PropertyValueSpecification\",\"valueRequired\":true,\"valueName\":\"search_term_string\"}}],\"inLanguage\":\"it-IT\"},{\"@type\":\"Organization\",\"@id\":\"https:\\\/\\\/atlantide-sauna.com\\\/it\\\/#organization\",\"name\":\"ATLANTIDE SAUNA HAMMAM\",\"alternateName\":\"ATLANTIDE SAUNA HAMMAM\",\"url\":\"https:\\\/\\\/atlantide-sauna.com\\\/it\\\/\",\"logo\":{\"@type\":\"ImageObject\",\"inLanguage\":\"it-IT\",\"@id\":\"https:\\\/\\\/atlantide-sauna.com\\\/it\\\/#\\\/schema\\\/logo\\\/image\\\/\",\"url\":\"https:\\\/\\\/atlantide-sauna.com\\\/wp-content\\\/uploads\\\/2025\\\/05\\\/ash_logo_2025_01.svg\",\"contentUrl\":\"https:\\\/\\\/atlantide-sauna.com\\\/wp-content\\\/uploads\\\/2025\\\/05\\\/ash_logo_2025_01.svg\",\"width\":1,\"height\":1,\"caption\":\"ATLANTIDE SAUNA HAMMAM\"},\"image\":{\"@id\":\"https:\\\/\\\/atlantide-sauna.com\\\/it\\\/#\\\/schema\\\/logo\\\/image\\\/\"},\"sameAs\":[\"https:\\\/\\\/www.facebook.com\\\/profile.php?id=100082829877238\",\"https:\\\/\\\/x.com\\\/atlantidesauna\"],\"description\":\"Sauna hammam toutes tendances. Un espace de libert\u00e9, de mixit\u00e9 et de tol\u00e9rance. Chez Atlantide Sauna vous trouverez les conditions id\u00e9ales pour vos rencontres libertines.\",\"email\":\"infos@atlantide-sauna.com\",\"telephone\":\"0143422243\",\"legalName\":\"ATLANTIDE SAUNA HAMMAM\",\"foundingDate\":\"1999-08-09\",\"vatID\":\"FR39423920370\",\"taxID\":\"42392037000016\",\"numberOfEmployees\":{\"@type\":\"QuantitativeValue\",\"minValue\":\"1\",\"maxValue\":\"10\"}}]}<\/script>\n<!-- \/ Yoast SEO Premium plugin. -->","yoast_head_json":{"title":"Tolleranza ed etica al servizio dei libertini - Atlantide Sauna","description":"Mettilo in pratica con le nostre cabine relax, dotate di specchi unidirezionali per l'esibizionismo.","robots":{"index":"index","follow":"follow","max-snippet":"max-snippet:-1","max-image-preview":"max-image-preview:large","max-video-preview":"max-video-preview:-1"},"canonical":"https:\/\/atlantide-sauna.com\/it\/sauna-hammam\/tolleranza-ed-etica-al-servizio-dei-libertini\/","og_locale":"it_IT","og_type":"article","og_title":"Tolleranza ed etica al servizio dei libertini","og_description":"Mettilo in pratica con le nostre cabine relax, dotate di specchi unidirezionali per l'esibizionismo.","og_url":"https:\/\/atlantide-sauna.com\/it\/sauna-hammam\/tolleranza-ed-etica-al-servizio-dei-libertini\/","og_site_name":"Atlantide Sauna","article_publisher":"https:\/\/www.facebook.com\/profile.php?id=100082829877238","og_image":[{"width":1920,"height":1080,"url":"https:\/\/atlantide-sauna.com\/wp-content\/uploads\/2021\/11\/ASH_IMG2023_09.jpg","type":"image\/jpeg"}],"twitter_card":"summary_large_image","twitter_site":"@atlantidesauna","twitter_misc":{"Tempo di lettura stimato":"2 minuti"},"schema":{"@context":"https:\/\/schema.org","@graph":[{"@type":"WebPage","@id":"https:\/\/atlantide-sauna.com\/it\/sauna-hammam\/tolleranza-ed-etica-al-servizio-dei-libertini\/","url":"https:\/\/atlantide-sauna.com\/it\/sauna-hammam\/tolleranza-ed-etica-al-servizio-dei-libertini\/","name":"Tolleranza ed etica al servizio dei libertini - Atlantide Sauna","isPartOf":{"@id":"https:\/\/atlantide-sauna.com\/it\/#website"},"primaryImageOfPage":{"@id":"https:\/\/atlantide-sauna.com\/it\/sauna-hammam\/tolleranza-ed-etica-al-servizio-dei-libertini\/#primaryimage"},"image":{"@id":"https:\/\/atlantide-sauna.com\/it\/sauna-hammam\/tolleranza-ed-etica-al-servizio-dei-libertini\/#primaryimage"},"thumbnailUrl":"https:\/\/i0.wp.com\/atlantide-sauna.com\/wp-content\/uploads\/2021\/11\/ASH_IMG2023_09.jpg?fit=1920%2C1080&ssl=1","datePublished":"2025-05-22T17:19:38+00:00","description":"Mettilo in pratica con le nostre cabine relax, dotate di specchi unidirezionali per l'esibizionismo.","breadcrumb":{"@id":"https:\/\/atlantide-sauna.com\/it\/sauna-hammam\/tolleranza-ed-etica-al-servizio-dei-libertini\/#breadcrumb"},"inLanguage":"it-IT","potentialAction":[{"@type":"ReadAction","target":["https:\/\/atlantide-sauna.com\/it\/sauna-hammam\/tolleranza-ed-etica-al-servizio-dei-libertini\/"]}]},{"@type":"ImageObject","inLanguage":"it-IT","@id":"https:\/\/atlantide-sauna.com\/it\/sauna-hammam\/tolleranza-ed-etica-al-servizio-dei-libertini\/#primaryimage","url":"https:\/\/i0.wp.com\/atlantide-sauna.com\/wp-content\/uploads\/2021\/11\/ASH_IMG2023_09.jpg?fit=1920%2C1080&ssl=1","contentUrl":"https:\/\/i0.wp.com\/atlantide-sauna.com\/wp-content\/uploads\/2021\/11\/ASH_IMG2023_09.jpg?fit=1920%2C1080&ssl=1","width":1920,"height":1080},{"@type":"BreadcrumbList","@id":"https:\/\/atlantide-sauna.com\/it\/sauna-hammam\/tolleranza-ed-etica-al-servizio-dei-libertini\/#breadcrumb","itemListElement":[{"@type":"ListItem","position":1,"name":"Accueil","item":"https:\/\/atlantide-sauna.com\/it\/casa\/"},{"@type":"ListItem","position":2,"name":"Sauna Hammam","item":"https:\/\/atlantide-sauna.com\/it\/sauna-hammam\/"},{"@type":"ListItem","position":3,"name":"Tolleranza ed etica al servizio dei libertini"}]},{"@type":"WebSite","@id":"https:\/\/atlantide-sauna.com\/it\/#website","url":"https:\/\/atlantide-sauna.com\/it\/","name":"Atlantide Sauna","description":"Sauna Toutes Tendances Gay Bi Tr**","publisher":{"@id":"https:\/\/atlantide-sauna.com\/it\/#organization"},"alternateName":"Club libertin Atlantide Sauna Paris","potentialAction":[{"@type":"SearchAction","target":{"@type":"EntryPoint","urlTemplate":"https:\/\/atlantide-sauna.com\/it\/?s={search_term_string}"},"query-input":{"@type":"PropertyValueSpecification","valueRequired":true,"valueName":"search_term_string"}}],"inLanguage":"it-IT"},{"@type":"Organization","@id":"https:\/\/atlantide-sauna.com\/it\/#organization","name":"ATLANTIDE SAUNA HAMMAM","alternateName":"ATLANTIDE SAUNA HAMMAM","url":"https:\/\/atlantide-sauna.com\/it\/","logo":{"@type":"ImageObject","inLanguage":"it-IT","@id":"https:\/\/atlantide-sauna.com\/it\/#\/schema\/logo\/image\/","url":"https:\/\/atlantide-sauna.com\/wp-content\/uploads\/2025\/05\/ash_logo_2025_01.svg","contentUrl":"https:\/\/atlantide-sauna.com\/wp-content\/uploads\/2025\/05\/ash_logo_2025_01.svg","width":1,"height":1,"caption":"ATLANTIDE SAUNA HAMMAM"},"image":{"@id":"https:\/\/atlantide-sauna.com\/it\/#\/schema\/logo\/image\/"},"sameAs":["https:\/\/www.facebook.com\/profile.php?id=100082829877238","https:\/\/x.com\/atlantidesauna"],"description":"Sauna hammam toutes tendances. Un espace de libert\u00e9, de mixit\u00e9 et de tol\u00e9rance. Chez Atlantide Sauna vous trouverez les conditions id\u00e9ales pour vos rencontres libertines.","email":"infos@atlantide-sauna.com","telephone":"0143422243","legalName":"ATLANTIDE SAUNA HAMMAM","foundingDate":"1999-08-09","vatID":"FR39423920370","taxID":"42392037000016","numberOfEmployees":{"@type":"QuantitativeValue","minValue":"1","maxValue":"10"}}]}},"jetpack_sharing_enabled":true,"_links":{"self":[{"href":"https:\/\/atlantide-sauna.com\/it\/wp-json\/wp\/v2\/pages\/4796","targetHints":{"allow":["GET"]}}],"collection":[{"href":"https:\/\/atlantide-sauna.com\/it\/wp-json\/wp\/v2\/pages"}],"about":[{"href":"https:\/\/atlantide-sauna.com\/it\/wp-json\/wp\/v2\/types\/page"}],"author":[{"embeddable":true,"href":"https:\/\/atlantide-sauna.com\/it\/wp-json\/wp\/v2\/users\/4"}],"replies":[{"embeddable":true,"href":"https:\/\/atlantide-sauna.com\/it\/wp-json\/wp\/v2\/comments?post=4796"}],"version-history":[{"count":0,"href":"https:\/\/atlantide-sauna.com\/it\/wp-json\/wp\/v2\/pages\/4796\/revisions"}],"up":[{"embeddable":true,"href":"https:\/\/atlantide-sauna.com\/it\/wp-json\/wp\/v2\/pages\/1101"}],"wp:featuredmedia":[{"embeddable":true,"href":"https:\/\/atlantide-sauna.com\/it\/wp-json\/wp\/v2\/media\/272"}],"wp:attachment":[{"href":"https:\/\/atlantide-sauna.com\/it\/wp-json\/wp\/v2\/media?parent=4796"}],"curies":[{"name":"wp","href":"https:\/\/api.w.org\/{rel}","templated":true}]}}