{"id":4852,"date":"2025-05-22T19:19:44","date_gmt":"2025-05-22T17:19:44","guid":{"rendered":"https:\/\/atlantide-sauna.com\/sauna-hammam\/hammam-libertin-parigi-12\/"},"modified":"2025-05-22T19:19:44","modified_gmt":"2025-05-22T17:19:44","slug":"hammam-libertin-parigi-12","status":"publish","type":"page","link":"https:\/\/atlantide-sauna.com\/it\/sauna-hammam\/hammam-libertin-parigi-12\/","title":{"rendered":"Hammam libertin Parigi 12"},"content":{"rendered":"<h1>Hammam libertin Parigi 12<\/h1>\n<p class=\"chapo\">La Sauna Atlantide \u00e8 unica per essere un bagno turco libertino nel cuore di Parigi. La nostra sauna libertina accoglie le coppie e gli amanti degli incontri gay o bi. Offriamo uno staff accogliente e un&#8217;atmosfera intima e rilassante.  <\/p>\n<p id=\"cta\">Scopri di pi\u00f9 su : <a href=\"http:\/\/www.atlantide-sauna.com\/\">Hammam Libertino<\/a><\/p>\n<p>L&#8217;Atlantide Sauna ha pensato a tutta la variet\u00e0 e la ricchezza delle pratiche libertine, sempre alla ricerca di nuove sensazioni giulive per offrirti servizi completi. Hammam, sauna e spa per il relax e la purificazione della pelle e del corpo, croce di Sant&#8217;Andr\u00e9 con manette, fionda in pelle per gli amanti delle sensazioni sado masochiste e cabine relax individuali per l&#8217;intimit\u00e0. <\/p>\n<h2>Sauna L&#8217;Atlantide: un must per i tuoi incontri scambisti.<\/h2>\n<p>La Sauna Atlantide di Parigi \u00e8 la cornice ideale per i tuoi incontri scambisti. Troverai un&#8217;atmosfera calda ed elegante, perfetta per gli scambi intimi. Per i tuoi approcci e i tuoi incontri amorosi, puoi scegliere tra il rilassante hammam, la sauna o le sale video collettive.  <\/p>\n<p id=\"nl\">Altre ricerche: <a href=\"http:\/\/www.atlantide-sauna.com\/sauna-hammam\/hammam-paris\">Hammam paris<\/a>, <a href=\"http:\/\/www.atlantide-sauna.com\/sauna-hammam\/hammam-sauna-mixte-paris\">Hammam sauna mixte paris<\/a>, <a href=\"http:\/\/www.atlantide-sauna.com\/sauna-hammam\/sauna-bisexuel-paris\">Sauna bisessuale paris<\/a>.<\/p>\n","protected":false},"excerpt":{"rendered":"<p>Hammam libertin Parigi 12 La Sauna Atlantide \u00e8 unica per essere un bagno turco libertino nel cuore di Parigi. La nostra sauna libertina accoglie le coppie e gli amanti degli incontri gay o bi. Offriamo uno staff accogliente e un&#8217;atmosfera intima e rilassante. Scopri di pi\u00f9 su : Hammam Libertino L&#8217;Atlantide Sauna ha pensato a [&hellip;]<\/p>\n","protected":false},"author":4,"featured_media":0,"parent":1101,"menu_order":18,"comment_status":"closed","ping_status":"closed","template":"","meta":{"footnotes":""},"class_list":["post-4852","page","type-page","status-publish","hentry"],"yoast_head":"<!-- This site is optimized with the Yoast SEO Premium plugin v27.5 (Yoast SEO v27.5) - https:\/\/yoast.com\/product\/yoast-seo-premium-wordpress\/ -->\n<title>Hammam libertin Parigi 12 - Atlantide Sauna<\/title>\n<meta name=\"robots\" content=\"index, follow, max-snippet:-1, max-image-preview:large, max-video-preview:-1\" \/>\n<link rel=\"canonical\" href=\"https:\/\/atlantide-sauna.com\/it\/sauna-hammam\/hammam-libertin-parigi-12\/\" \/>\n<meta property=\"og:locale\" content=\"it_IT\" \/>\n<meta property=\"og:type\" content=\"article\" \/>\n<meta property=\"og:title\" content=\"Hammam libertin Parigi 12\" \/>\n<meta property=\"og:description\" content=\"Hammam libertin Parigi 12 La Sauna Atlantide \u00e8 unica per essere un bagno turco libertino nel cuore di Parigi. La nostra sauna libertina accoglie le coppie e gli amanti degli incontri gay o bi. Offriamo uno staff accogliente e un&#8217;atmosfera intima e rilassante. Scopri di pi\u00f9 su : Hammam Libertino L&#8217;Atlantide Sauna ha pensato a [&hellip;]\" \/>\n<meta property=\"og:url\" content=\"https:\/\/atlantide-sauna.com\/it\/sauna-hammam\/hammam-libertin-parigi-12\/\" \/>\n<meta property=\"og:site_name\" content=\"Atlantide Sauna\" \/>\n<meta property=\"article:publisher\" content=\"https:\/\/www.facebook.com\/profile.php?id=100082829877238\" \/>\n<meta property=\"og:image\" content=\"https:\/\/i0.wp.com\/atlantide-sauna.com\/wp-content\/uploads\/2025\/06\/ASH_IMG2025_000.jpg?fit=1440%2C810&ssl=1\" \/>\n\t<meta property=\"og:image:width\" content=\"1440\" \/>\n\t<meta property=\"og:image:height\" content=\"810\" \/>\n\t<meta property=\"og:image:type\" content=\"image\/jpeg\" \/>\n<meta name=\"twitter:card\" content=\"summary_large_image\" \/>\n<meta name=\"twitter:site\" content=\"@atlantidesauna\" \/>\n<meta name=\"twitter:label1\" content=\"Tempo di lettura stimato\" \/>\n\t<meta name=\"twitter:data1\" content=\"1 minuto\" \/>\n<script type=\"application\/ld+json\" class=\"yoast-schema-graph\">{\"@context\":\"https:\\\/\\\/schema.org\",\"@graph\":[{\"@type\":\"WebPage\",\"@id\":\"https:\\\/\\\/atlantide-sauna.com\\\/it\\\/sauna-hammam\\\/hammam-libertin-parigi-12\\\/\",\"url\":\"https:\\\/\\\/atlantide-sauna.com\\\/it\\\/sauna-hammam\\\/hammam-libertin-parigi-12\\\/\",\"name\":\"Hammam libertin Parigi 12 - Atlantide Sauna\",\"isPartOf\":{\"@id\":\"https:\\\/\\\/atlantide-sauna.com\\\/it\\\/#website\"},\"datePublished\":\"2025-05-22T17:19:44+00:00\",\"breadcrumb\":{\"@id\":\"https:\\\/\\\/atlantide-sauna.com\\\/it\\\/sauna-hammam\\\/hammam-libertin-parigi-12\\\/#breadcrumb\"},\"inLanguage\":\"it-IT\",\"potentialAction\":[{\"@type\":\"ReadAction\",\"target\":[\"https:\\\/\\\/atlantide-sauna.com\\\/it\\\/sauna-hammam\\\/hammam-libertin-parigi-12\\\/\"]}]},{\"@type\":\"BreadcrumbList\",\"@id\":\"https:\\\/\\\/atlantide-sauna.com\\\/it\\\/sauna-hammam\\\/hammam-libertin-parigi-12\\\/#breadcrumb\",\"itemListElement\":[{\"@type\":\"ListItem\",\"position\":1,\"name\":\"Accueil\",\"item\":\"https:\\\/\\\/atlantide-sauna.com\\\/it\\\/casa\\\/\"},{\"@type\":\"ListItem\",\"position\":2,\"name\":\"Sauna Hammam\",\"item\":\"https:\\\/\\\/atlantide-sauna.com\\\/it\\\/sauna-hammam\\\/\"},{\"@type\":\"ListItem\",\"position\":3,\"name\":\"Hammam libertin Parigi 12\"}]},{\"@type\":\"WebSite\",\"@id\":\"https:\\\/\\\/atlantide-sauna.com\\\/it\\\/#website\",\"url\":\"https:\\\/\\\/atlantide-sauna.com\\\/it\\\/\",\"name\":\"Atlantide Sauna\",\"description\":\"Sauna Toutes Tendances Gay Bi Tr**\",\"publisher\":{\"@id\":\"https:\\\/\\\/atlantide-sauna.com\\\/it\\\/#organization\"},\"alternateName\":\"Club libertin Atlantide Sauna Paris\",\"potentialAction\":[{\"@type\":\"SearchAction\",\"target\":{\"@type\":\"EntryPoint\",\"urlTemplate\":\"https:\\\/\\\/atlantide-sauna.com\\\/it\\\/?s={search_term_string}\"},\"query-input\":{\"@type\":\"PropertyValueSpecification\",\"valueRequired\":true,\"valueName\":\"search_term_string\"}}],\"inLanguage\":\"it-IT\"},{\"@type\":\"Organization\",\"@id\":\"https:\\\/\\\/atlantide-sauna.com\\\/it\\\/#organization\",\"name\":\"ATLANTIDE SAUNA HAMMAM\",\"alternateName\":\"ATLANTIDE SAUNA HAMMAM\",\"url\":\"https:\\\/\\\/atlantide-sauna.com\\\/it\\\/\",\"logo\":{\"@type\":\"ImageObject\",\"inLanguage\":\"it-IT\",\"@id\":\"https:\\\/\\\/atlantide-sauna.com\\\/it\\\/#\\\/schema\\\/logo\\\/image\\\/\",\"url\":\"https:\\\/\\\/atlantide-sauna.com\\\/wp-content\\\/uploads\\\/2025\\\/05\\\/ash_logo_2025_01.svg\",\"contentUrl\":\"https:\\\/\\\/atlantide-sauna.com\\\/wp-content\\\/uploads\\\/2025\\\/05\\\/ash_logo_2025_01.svg\",\"width\":1,\"height\":1,\"caption\":\"ATLANTIDE SAUNA HAMMAM\"},\"image\":{\"@id\":\"https:\\\/\\\/atlantide-sauna.com\\\/it\\\/#\\\/schema\\\/logo\\\/image\\\/\"},\"sameAs\":[\"https:\\\/\\\/www.facebook.com\\\/profile.php?id=100082829877238\",\"https:\\\/\\\/x.com\\\/atlantidesauna\"],\"description\":\"Sauna hammam toutes tendances. Un espace de libert\u00e9, de mixit\u00e9 et de tol\u00e9rance. Chez Atlantide Sauna vous trouverez les conditions id\u00e9ales pour vos rencontres libertines.\",\"email\":\"infos@atlantide-sauna.com\",\"telephone\":\"0143422243\",\"legalName\":\"ATLANTIDE SAUNA HAMMAM\",\"foundingDate\":\"1999-08-09\",\"vatID\":\"FR39423920370\",\"taxID\":\"42392037000016\",\"numberOfEmployees\":{\"@type\":\"QuantitativeValue\",\"minValue\":\"1\",\"maxValue\":\"10\"}}]}<\/script>\n<!-- \/ Yoast SEO Premium plugin. -->","yoast_head_json":{"title":"Hammam libertin Parigi 12 - Atlantide Sauna","robots":{"index":"index","follow":"follow","max-snippet":"max-snippet:-1","max-image-preview":"max-image-preview:large","max-video-preview":"max-video-preview:-1"},"canonical":"https:\/\/atlantide-sauna.com\/it\/sauna-hammam\/hammam-libertin-parigi-12\/","og_locale":"it_IT","og_type":"article","og_title":"Hammam libertin Parigi 12","og_description":"Hammam libertin Parigi 12 La Sauna Atlantide \u00e8 unica per essere un bagno turco libertino nel cuore di Parigi. La nostra sauna libertina accoglie le coppie e gli amanti degli incontri gay o bi. Offriamo uno staff accogliente e un&#8217;atmosfera intima e rilassante. Scopri di pi\u00f9 su : Hammam Libertino L&#8217;Atlantide Sauna ha pensato a [&hellip;]","og_url":"https:\/\/atlantide-sauna.com\/it\/sauna-hammam\/hammam-libertin-parigi-12\/","og_site_name":"Atlantide Sauna","article_publisher":"https:\/\/www.facebook.com\/profile.php?id=100082829877238","og_image":[{"width":1440,"height":810,"url":"https:\/\/i0.wp.com\/atlantide-sauna.com\/wp-content\/uploads\/2025\/06\/ASH_IMG2025_000.jpg?fit=1440%2C810&ssl=1","type":"image\/jpeg"}],"twitter_card":"summary_large_image","twitter_site":"@atlantidesauna","twitter_misc":{"Tempo di lettura stimato":"1 minuto"},"schema":{"@context":"https:\/\/schema.org","@graph":[{"@type":"WebPage","@id":"https:\/\/atlantide-sauna.com\/it\/sauna-hammam\/hammam-libertin-parigi-12\/","url":"https:\/\/atlantide-sauna.com\/it\/sauna-hammam\/hammam-libertin-parigi-12\/","name":"Hammam libertin Parigi 12 - Atlantide Sauna","isPartOf":{"@id":"https:\/\/atlantide-sauna.com\/it\/#website"},"datePublished":"2025-05-22T17:19:44+00:00","breadcrumb":{"@id":"https:\/\/atlantide-sauna.com\/it\/sauna-hammam\/hammam-libertin-parigi-12\/#breadcrumb"},"inLanguage":"it-IT","potentialAction":[{"@type":"ReadAction","target":["https:\/\/atlantide-sauna.com\/it\/sauna-hammam\/hammam-libertin-parigi-12\/"]}]},{"@type":"BreadcrumbList","@id":"https:\/\/atlantide-sauna.com\/it\/sauna-hammam\/hammam-libertin-parigi-12\/#breadcrumb","itemListElement":[{"@type":"ListItem","position":1,"name":"Accueil","item":"https:\/\/atlantide-sauna.com\/it\/casa\/"},{"@type":"ListItem","position":2,"name":"Sauna Hammam","item":"https:\/\/atlantide-sauna.com\/it\/sauna-hammam\/"},{"@type":"ListItem","position":3,"name":"Hammam libertin Parigi 12"}]},{"@type":"WebSite","@id":"https:\/\/atlantide-sauna.com\/it\/#website","url":"https:\/\/atlantide-sauna.com\/it\/","name":"Atlantide Sauna","description":"Sauna Toutes Tendances Gay Bi Tr**","publisher":{"@id":"https:\/\/atlantide-sauna.com\/it\/#organization"},"alternateName":"Club libertin Atlantide Sauna Paris","potentialAction":[{"@type":"SearchAction","target":{"@type":"EntryPoint","urlTemplate":"https:\/\/atlantide-sauna.com\/it\/?s={search_term_string}"},"query-input":{"@type":"PropertyValueSpecification","valueRequired":true,"valueName":"search_term_string"}}],"inLanguage":"it-IT"},{"@type":"Organization","@id":"https:\/\/atlantide-sauna.com\/it\/#organization","name":"ATLANTIDE SAUNA HAMMAM","alternateName":"ATLANTIDE SAUNA HAMMAM","url":"https:\/\/atlantide-sauna.com\/it\/","logo":{"@type":"ImageObject","inLanguage":"it-IT","@id":"https:\/\/atlantide-sauna.com\/it\/#\/schema\/logo\/image\/","url":"https:\/\/atlantide-sauna.com\/wp-content\/uploads\/2025\/05\/ash_logo_2025_01.svg","contentUrl":"https:\/\/atlantide-sauna.com\/wp-content\/uploads\/2025\/05\/ash_logo_2025_01.svg","width":1,"height":1,"caption":"ATLANTIDE SAUNA HAMMAM"},"image":{"@id":"https:\/\/atlantide-sauna.com\/it\/#\/schema\/logo\/image\/"},"sameAs":["https:\/\/www.facebook.com\/profile.php?id=100082829877238","https:\/\/x.com\/atlantidesauna"],"description":"Sauna hammam toutes tendances. Un espace de libert\u00e9, de mixit\u00e9 et de tol\u00e9rance. Chez Atlantide Sauna vous trouverez les conditions id\u00e9ales pour vos rencontres libertines.","email":"infos@atlantide-sauna.com","telephone":"0143422243","legalName":"ATLANTIDE SAUNA HAMMAM","foundingDate":"1999-08-09","vatID":"FR39423920370","taxID":"42392037000016","numberOfEmployees":{"@type":"QuantitativeValue","minValue":"1","maxValue":"10"}}]}},"jetpack_sharing_enabled":true,"_links":{"self":[{"href":"https:\/\/atlantide-sauna.com\/it\/wp-json\/wp\/v2\/pages\/4852","targetHints":{"allow":["GET"]}}],"collection":[{"href":"https:\/\/atlantide-sauna.com\/it\/wp-json\/wp\/v2\/pages"}],"about":[{"href":"https:\/\/atlantide-sauna.com\/it\/wp-json\/wp\/v2\/types\/page"}],"author":[{"embeddable":true,"href":"https:\/\/atlantide-sauna.com\/it\/wp-json\/wp\/v2\/users\/4"}],"replies":[{"embeddable":true,"href":"https:\/\/atlantide-sauna.com\/it\/wp-json\/wp\/v2\/comments?post=4852"}],"version-history":[{"count":0,"href":"https:\/\/atlantide-sauna.com\/it\/wp-json\/wp\/v2\/pages\/4852\/revisions"}],"up":[{"embeddable":true,"href":"https:\/\/atlantide-sauna.com\/it\/wp-json\/wp\/v2\/pages\/1101"}],"wp:attachment":[{"href":"https:\/\/atlantide-sauna.com\/it\/wp-json\/wp\/v2\/media?parent=4852"}],"curies":[{"name":"wp","href":"https:\/\/api.w.org\/{rel}","templated":true}]}}